{"id":144235,"date":"2025-10-06T07:10:07","date_gmt":"2025-10-06T06:10:07","guid":{"rendered":"https:\/\/www.loewen-apotheke24.com\/?post_type=product&#038;p=144235"},"modified":"2026-03-02T07:19:38","modified_gmt":"2026-03-02T06:19:38","slug":"omni-biotic-panda-60x-3g-doppelpack-2","status":"publish","type":"product","link":"https:\/\/www.loewen-apotheke24.com\/de\/shop\/angebot\/omni-biotic-panda-60x-3g-doppelpack-2\/","title":{"rendered":"OMNI-BiOTiC PANDA (60x 3g) (Doppelpack)"},"content":{"rendered":"<h3 style=\"text-align: left;\">OMNI-BiOTiC PANDA<\/h3>\n<p>OMNI-BiOTiC PANDA ist ein Nahrungserg\u00e4nzungsmittel und enth\u00e4lt eine wissenschaftlich gepr\u00fcfte Kombination aus vier nat\u00fcrlich im menschlichen Darm vorkommenden Bakterienst\u00e4mmen, die speziell f\u00fcr Schwangere und Babys ausgew\u00e4hlt wurden. Der Start ins Leben ist f\u00fcr die Entwicklung der kindlichen Darmflora entscheidend: Denn sowohl die Art der Geburt (nat\u00fcrliche Geburt oder Kaiserschnitt) als auch die Nahrungsquelle f\u00fcr das Neugeborene (Stillen oder Fl\u00e4schchen Nahrung) beeinflussen die Zusammensetzung und Artenvielfalt der Besiedelung im kindlichen Darm entscheidend.\u00a0Beim Hersteller INSTITUT ALLERGOSAN Deutschland GmbH finden Sie weitere Informationen zum Produkt: <a href=\"https:\/\/shop.omni-biotic.com\/de-de\/products\/omni-biotic-panda-de-99108?variant=43057676157180\" target=\"_blank\" rel=\"noopener\">OMNI-BiOTiC Panda<\/a>. Ggf. gib es eine alternative Produktbezeichnung: Omnibiotic Panda<\/p>\n<p>Kunden interessierten sich auch f\u00fcr Produkte zum Thema: <a class=\"ProsemirrorEditor-link\" href=\"https:\/\/www.loewen-apotheke24.com\/de\/product_tag\/entzuendung\/\">Entz\u00fcndung<\/a>\u00a0|\u00a0<a class=\"ProsemirrorEditor-link\" href=\"https:\/\/www.loewen-apotheke24.com\/de\/product_tag\/abnehmen\/\">Fitness &amp; Abnehmen<\/a> | M\u00fctter &amp; Kind.<\/p>\n<p>Sie suchen andere Produkte &amp; Packungsgr\u00f6\u00dfen der Marke\u00a0<a href=\"https:\/\/www.loewen-apotheke24.com\/de\/product_cat\/omni-biotic\/\">OMNI-BiOtic<\/a>. Zur\u00a0<a href=\"https:\/\/www.loewen-apotheke24.com\/de\/product_cat\/omni-biotic\/\"><u>Hersteller-\u00dcbersicht<\/u><\/a>.<\/p>\n<p data-pm-slice=\"1 1 []\">Nahrungserg\u00e4nzungsmittel sind kein Ersatz f\u00fcr eine ausgewogene und abwechslungsreiche Ern\u00e4hrung und eine gesunde Lebensweise. Die angegebene empfohlene t\u00e4gliche Verzehrmenge darf nicht \u00fcberschritten werden.\u00a0Die auf dieser Website bereitgestellten Informationen dienen ausschlie\u00dflich der allgemeinen Information. Sie ersetzen nicht die fachliche Beratung, Diagnose oder Behandlung durch einen Arzt.<\/p>\n<p>Zu Risiken und Nebenwirkungen lesen Sie die Packungsbeilage und fragen Sie Ihre \u00c4rztin, Ihren Arzt oder in Ihrer Apotheke.<\/p>\n<h3 class=\"TypographyPresentation TypographyPresentation--medium RichText3-paragraph--withVSpacingNormal RichText3-paragraph HighlightSol HighlightSol--buildingBlock\" style=\"text-align: left;\">Fragen zum Produkt? Wir sind f\u00fcr Sie da!<\/h3>\n<p class=\"TypographyPresentation TypographyPresentation--medium RichText3-paragraph--withVSpacingNormal RichText3-paragraph HighlightSol HighlightSol--buildingBlock\">Unsere verantwortliche Apothekerin\u00a0<strong>Dr. Sandra Hoff<\/strong>\u00a0und ihr Team beraten Sie gerne pers\u00f6nlich \u2013 telefonisch oder per E-Mail. Als\u00a0<strong>echte Apotheke vor Ort<\/strong>\u00a0und\u00a0<strong>zugelassene Versandapotheke<\/strong>\u00a0bieten wir Ihnen kompetente Unterst\u00fctzung, besonders in den Bereichen\u00a0<a href=\"https:\/\/www.loewen-apotheke24.com\/de\/product_tag\/naturheilmittel\/\">Naturheilkunde<\/a>\u00a0und\u00a0<a href=\"https:\/\/www.loewen-apotheke24.com\/de\/product_tag\/vitamine-mineralien-nahrungsergaenzung\/\">Nahrungserg\u00e4nzungsmittel<\/a>. Unsere Erlaubnis finden Sie als\u00a0<a href=\"https:\/\/versandhandel.dimdi.de\/websearch\/servlet\/Gate;jsessionid=0D29D15655BE1174E9178A340E8FE6BC?accessid=dimdi_var&amp;term=3c387956690121ccc8763184f052b93f\" target=\"_blank\" rel=\"noopener\">Eintrag im Versandhandelsregister.<\/a><\/p>\n","protected":false},"excerpt":{"rendered":"<h2>OMNI-BiOTiC Panda (Doppelpack)<\/h2>\n<p>Speziell f\u00fcr Babys entwickelt mit 3 Milliarden Bakterien aus 4 Bakterienst\u00e4mmen pro Portion.<\/p>\n<p><strong>PZN<\/strong>: 09927371 (Pharmazentralnummer)<\/p>\n<p><strong>Darreichungsform<\/strong>: Pulver \/ Beutel<\/p>\n<p><strong>Verordnungsart<\/strong>: Rezeptfrei<\/p>\n<p><strong>Marke<\/strong>: OMNI-BiOTiC<\/p>\n<p><strong>Hersteller<\/strong>: INSTITUT ALLERGOSAN Deutschland (privat) GmbH<\/p>\n","protected":false},"featured_media":144237,"template":"","meta":[],"product_cat":[13,970,413],"product_tag":[402,225,354,139,170,469],"yoast_head":"<!-- This site is optimized with the Yoast SEO Premium plugin v21.0 (Yoast SEO v21.0) - https:\/\/yoast.com\/wordpress\/plugins\/seo\/ -->\n<title>OMNI-BiOTiC Panda - in der Apotheke g\u00fcnstig bestellen<\/title>\n<meta name=\"description\" content=\"Ihr Spezialist f\u00fcr Naturheilkunde. Wir bieten: eine kurze Lieferzeit und gratis ab 30 \u20ac. M\u00fctter &amp; Kind. OMNI-BiOTiC Panda (60x 3g) Doppelpack\" \/>\n<meta name=\"robots\" content=\"index, follow, max-snippet:-1, max-image-preview:large, max-video-preview:-1\" \/>\n<link rel=\"canonical\" href=\"https:\/\/www.loewen-apotheke24.com\/de\/shop\/angebot\/omni-biotic-panda-60x-3g-doppelpack-2\/\" \/>\n<meta property=\"og:locale\" content=\"de_DE\" \/>\n<meta property=\"og:type\" content=\"article\" \/>\n<meta property=\"og:title\" content=\"OMNI-BiOTiC Panda - in der Apotheke g\u00fcnstig bestellen\" \/>\n<meta property=\"og:description\" content=\"Ihr Spezialist f\u00fcr Naturheilkunde. Wir bieten: eine kurze Lieferzeit und gratis ab 30 \u20ac. M\u00fctter &amp; Kind. OMNI-BiOTiC Panda (60x 3g) Doppelpack\" \/>\n<meta property=\"og:url\" content=\"https:\/\/www.loewen-apotheke24.com\/de\/shop\/angebot\/omni-biotic-panda-60x-3g-doppelpack-2\/\" \/>\n<meta property=\"og:site_name\" content=\"L\u00f6wen Apotheke24\" \/>\n<meta property=\"article:modified_time\" content=\"2026-03-02T06:19:38+00:00\" \/>\n<meta property=\"og:image\" content=\"https:\/\/www.loewen-apotheke24.com\/wp-content\/uploads\/2025\/10\/Allergosan-OMNi-BiOTiC-Panda.-PZN-9927371-Doppelpack-Loewen-Apotheke.webp\" \/>\n\t<meta property=\"og:image:width\" content=\"600\" \/>\n\t<meta property=\"og:image:height\" content=\"600\" \/>\n\t<meta property=\"og:image:type\" content=\"image\/webp\" \/>\n<meta name=\"twitter:card\" content=\"summary_large_image\" \/>\n<meta name=\"twitter:label1\" content=\"Gesch\u00e4tzte Lesezeit\" \/>\n\t<meta name=\"twitter:data1\" content=\"2\u00a0Minuten\" \/>\n<script type=\"application\/ld+json\" class=\"yoast-schema-graph\">{\"@context\":\"https:\/\/schema.org\",\"@graph\":[{\"@type\":\"WebPage\",\"@id\":\"https:\/\/www.loewen-apotheke24.com\/de\/shop\/angebot\/omni-biotic-panda-60x-3g-doppelpack-2\/\",\"url\":\"https:\/\/www.loewen-apotheke24.com\/de\/shop\/angebot\/omni-biotic-panda-60x-3g-doppelpack-2\/\",\"name\":\"OMNI-BiOTiC Panda - in der Apotheke g\u00fcnstig bestellen\",\"isPartOf\":{\"@id\":\"https:\/\/www.loewen-apotheke24.com\/de\/#website\"},\"datePublished\":\"2025-10-06T06:10:07+00:00\",\"dateModified\":\"2026-03-02T06:19:38+00:00\",\"description\":\"Ihr Spezialist f\u00fcr Naturheilkunde. Wir bieten: eine kurze Lieferzeit und gratis ab 30 \u20ac. M\u00fctter & Kind. OMNI-BiOTiC Panda (60x 3g) Doppelpack\",\"breadcrumb\":{\"@id\":\"https:\/\/www.loewen-apotheke24.com\/de\/shop\/angebot\/omni-biotic-panda-60x-3g-doppelpack-2\/#breadcrumb\"},\"inLanguage\":\"de\",\"potentialAction\":[{\"@type\":\"ReadAction\",\"target\":[\"https:\/\/www.loewen-apotheke24.com\/de\/shop\/angebot\/omni-biotic-panda-60x-3g-doppelpack-2\/\"]}]},{\"@type\":\"BreadcrumbList\",\"@id\":\"https:\/\/www.loewen-apotheke24.com\/de\/shop\/angebot\/omni-biotic-panda-60x-3g-doppelpack-2\/#breadcrumb\",\"itemListElement\":[{\"@type\":\"ListItem\",\"position\":1,\"name\":\"Shop\",\"item\":\"https:\/\/www.loewen-apotheke24.com\/de\/shop\/\"},{\"@type\":\"ListItem\",\"position\":2,\"name\":\"OMNI-BiOTiC PANDA (60x 3g) (Doppelpack)\"}]},{\"@type\":\"WebSite\",\"@id\":\"https:\/\/www.loewen-apotheke24.com\/de\/#website\",\"url\":\"https:\/\/www.loewen-apotheke24.com\/de\/\",\"name\":\"L\u00f6wen Apotheke24\",\"description\":\"Spezialist f\u00fcr Naturmedizin - Versandapotheke Baden-Baden\",\"publisher\":{\"@id\":\"https:\/\/www.loewen-apotheke24.com\/de\/#organization\"},\"potentialAction\":[{\"@type\":\"SearchAction\",\"target\":{\"@type\":\"EntryPoint\",\"urlTemplate\":\"https:\/\/www.loewen-apotheke24.com\/de\/?s={search_term_string}\"},\"query-input\":\"required name=search_term_string\"}],\"inLanguage\":\"de\"},{\"@type\":\"Organization\",\"@id\":\"https:\/\/www.loewen-apotheke24.com\/de\/#organization\",\"name\":\"L\u00f6wen Apotheke\",\"alternateName\":\"L\u00f6wen Apotheke\",\"url\":\"https:\/\/www.loewen-apotheke24.com\/de\/\",\"logo\":{\"@type\":\"ImageObject\",\"inLanguage\":\"de\",\"@id\":\"https:\/\/www.loewen-apotheke24.com\/de\/#\/schema\/logo\/image\/\",\"url\":\"https:\/\/www.loewen-apotheke24.com\/wp-content\/uploads\/2024\/02\/Logo-Loewen-Apotheke-700x700-1.png\",\"contentUrl\":\"https:\/\/www.loewen-apotheke24.com\/wp-content\/uploads\/2024\/02\/Logo-Loewen-Apotheke-700x700-1.png\",\"width\":700,\"height\":700,\"caption\":\"L\u00f6wen Apotheke\"},\"image\":{\"@id\":\"https:\/\/www.loewen-apotheke24.com\/de\/#\/schema\/logo\/image\/\"}}]}<\/script>\n<!-- \/ Yoast SEO Premium plugin. -->","yoast_head_json":{"title":"OMNI-BiOTiC Panda - in der Apotheke g\u00fcnstig bestellen","description":"Ihr Spezialist f\u00fcr Naturheilkunde. Wir bieten: eine kurze Lieferzeit und gratis ab 30 \u20ac. M\u00fctter & Kind. OMNI-BiOTiC Panda (60x 3g) Doppelpack","robots":{"index":"index","follow":"follow","max-snippet":"max-snippet:-1","max-image-preview":"max-image-preview:large","max-video-preview":"max-video-preview:-1"},"canonical":"https:\/\/www.loewen-apotheke24.com\/de\/shop\/angebot\/omni-biotic-panda-60x-3g-doppelpack-2\/","og_locale":"de_DE","og_type":"article","og_title":"OMNI-BiOTiC Panda - in der Apotheke g\u00fcnstig bestellen","og_description":"Ihr Spezialist f\u00fcr Naturheilkunde. Wir bieten: eine kurze Lieferzeit und gratis ab 30 \u20ac. M\u00fctter & Kind. OMNI-BiOTiC Panda (60x 3g) Doppelpack","og_url":"https:\/\/www.loewen-apotheke24.com\/de\/shop\/angebot\/omni-biotic-panda-60x-3g-doppelpack-2\/","og_site_name":"L\u00f6wen Apotheke24","article_modified_time":"2026-03-02T06:19:38+00:00","og_image":[{"width":600,"height":600,"url":"https:\/\/www.loewen-apotheke24.com\/wp-content\/uploads\/2025\/10\/Allergosan-OMNi-BiOTiC-Panda.-PZN-9927371-Doppelpack-Loewen-Apotheke.webp","type":"image\/webp"}],"twitter_card":"summary_large_image","twitter_misc":{"Gesch\u00e4tzte Lesezeit":"2\u00a0Minuten"},"schema":{"@context":"https:\/\/schema.org","@graph":[{"@type":"WebPage","@id":"https:\/\/www.loewen-apotheke24.com\/de\/shop\/angebot\/omni-biotic-panda-60x-3g-doppelpack-2\/","url":"https:\/\/www.loewen-apotheke24.com\/de\/shop\/angebot\/omni-biotic-panda-60x-3g-doppelpack-2\/","name":"OMNI-BiOTiC Panda - in der Apotheke g\u00fcnstig bestellen","isPartOf":{"@id":"https:\/\/www.loewen-apotheke24.com\/de\/#website"},"datePublished":"2025-10-06T06:10:07+00:00","dateModified":"2026-03-02T06:19:38+00:00","description":"Ihr Spezialist f\u00fcr Naturheilkunde. Wir bieten: eine kurze Lieferzeit und gratis ab 30 \u20ac. M\u00fctter & Kind. OMNI-BiOTiC Panda (60x 3g) Doppelpack","breadcrumb":{"@id":"https:\/\/www.loewen-apotheke24.com\/de\/shop\/angebot\/omni-biotic-panda-60x-3g-doppelpack-2\/#breadcrumb"},"inLanguage":"de","potentialAction":[{"@type":"ReadAction","target":["https:\/\/www.loewen-apotheke24.com\/de\/shop\/angebot\/omni-biotic-panda-60x-3g-doppelpack-2\/"]}]},{"@type":"BreadcrumbList","@id":"https:\/\/www.loewen-apotheke24.com\/de\/shop\/angebot\/omni-biotic-panda-60x-3g-doppelpack-2\/#breadcrumb","itemListElement":[{"@type":"ListItem","position":1,"name":"Shop","item":"https:\/\/www.loewen-apotheke24.com\/de\/shop\/"},{"@type":"ListItem","position":2,"name":"OMNI-BiOTiC PANDA (60x 3g) (Doppelpack)"}]},{"@type":"WebSite","@id":"https:\/\/www.loewen-apotheke24.com\/de\/#website","url":"https:\/\/www.loewen-apotheke24.com\/de\/","name":"L\u00f6wen Apotheke24","description":"Spezialist f\u00fcr Naturmedizin - Versandapotheke Baden-Baden","publisher":{"@id":"https:\/\/www.loewen-apotheke24.com\/de\/#organization"},"potentialAction":[{"@type":"SearchAction","target":{"@type":"EntryPoint","urlTemplate":"https:\/\/www.loewen-apotheke24.com\/de\/?s={search_term_string}"},"query-input":"required name=search_term_string"}],"inLanguage":"de"},{"@type":"Organization","@id":"https:\/\/www.loewen-apotheke24.com\/de\/#organization","name":"L\u00f6wen Apotheke","alternateName":"L\u00f6wen Apotheke","url":"https:\/\/www.loewen-apotheke24.com\/de\/","logo":{"@type":"ImageObject","inLanguage":"de","@id":"https:\/\/www.loewen-apotheke24.com\/de\/#\/schema\/logo\/image\/","url":"https:\/\/www.loewen-apotheke24.com\/wp-content\/uploads\/2024\/02\/Logo-Loewen-Apotheke-700x700-1.png","contentUrl":"https:\/\/www.loewen-apotheke24.com\/wp-content\/uploads\/2024\/02\/Logo-Loewen-Apotheke-700x700-1.png","width":700,"height":700,"caption":"L\u00f6wen Apotheke"},"image":{"@id":"https:\/\/www.loewen-apotheke24.com\/de\/#\/schema\/logo\/image\/"}}]}},"_links":{"self":[{"href":"https:\/\/www.loewen-apotheke24.com\/de\/wp-json\/wp\/v2\/product\/144235"}],"collection":[{"href":"https:\/\/www.loewen-apotheke24.com\/de\/wp-json\/wp\/v2\/product"}],"about":[{"href":"https:\/\/www.loewen-apotheke24.com\/de\/wp-json\/wp\/v2\/types\/product"}],"wp:featuredmedia":[{"embeddable":true,"href":"https:\/\/www.loewen-apotheke24.com\/de\/wp-json\/wp\/v2\/media\/144237"}],"wp:attachment":[{"href":"https:\/\/www.loewen-apotheke24.com\/de\/wp-json\/wp\/v2\/media?parent=144235"}],"wp:term":[{"taxonomy":"product_cat","embeddable":true,"href":"https:\/\/www.loewen-apotheke24.com\/de\/wp-json\/wp\/v2\/product_cat?post=144235"},{"taxonomy":"product_tag","embeddable":true,"href":"https:\/\/www.loewen-apotheke24.com\/de\/wp-json\/wp\/v2\/product_tag?post=144235"}],"curies":[{"name":"wp","href":"https:\/\/api.w.org\/{rel}","templated":true}]}}