{"id":1449,"date":"2017-08-17T12:29:36","date_gmt":"2017-08-17T11:29:36","guid":{"rendered":"https:\/\/www.loewen-apotheke24.com\/?post_type=product&#038;p=1449"},"modified":"2024-12-18T05:43:51","modified_gmt":"2024-12-18T04:43:51","slug":"rosatum-heilsalbe-100g","status":"publish","type":"product","link":"https:\/\/www.loewen-apotheke24.com\/de\/shop\/wala-arzneimittel\/rosatum-heilsalbe-100g\/","title":{"rendered":"Rosatum Heilsalbe 100g"},"content":{"rendered":"<h3 style=\"text-align: left;\">Rosatum Heilsalbe<\/h3>\n<p>Rosatum Heilsalbe 100g sch\u00fctzt entz\u00fcndete, trockene Haut und lindert den Juckreiz.<\/p>\n<p>Anthroposophische Wirksubstanzen aus Heilpflanzen, in allen Lebensphasen und bei zahlreichen Beschwerden.\u00a0Anthroposophische Arzneimittel, die Sie rezeptfrei in der Apotheke erhalten. Die Auswahl eines Arzneimittels sollte sich auf eine medizinisch gesicherte Diagnose st\u00fctzen. Bitte lassen Sie sich von Ihrem Arzt oder Apotheker beraten. \u00dcberdies empfehlen wir Ihnen, \u00e4rztlicherseits verschriebene Arzneimittel nicht ohne R\u00fccksprache mit Ihrem Arzt abzusetzen.<\/p>\n<p><strong>Wirkung:<\/strong><\/p>\n<ul style=\"list-style-type: square;\">\n<li>Unterst\u00fctzt die Heilung trockener, rissiger Haut<\/li>\n<li>F\u00f6rdert das rasche Abheilen von oberfl\u00e4chlichen Wunden<\/li>\n<li>Lindert den Juckreiz<\/li>\n<li>Macht die Haut wieder geschmeidig und weich<\/li>\n<\/ul>\n<p>Rosatum Heilsalbe 100g Wirksubstanzen: Die kolloidale Kiesels\u00e4ure (Silicea colloidalis) als wesentliche Komponente belebt das Hautbindegewebe und f\u00f6rdert ein rascheres Abheilen oberfl\u00e4chlicher Wunden. \u00c4therisches Rosen\u00f6l (Rosae aetheroleum) wirkt entz\u00fcndungshemmend. Zudem durchw\u00e4rmt und pflegt es die Haut. Das \u00e4therische Geranien\u00f6l (Geranii aetheroleum) unterst\u00fctzt die Wundheilung.<\/p>\n<p>Auf\u00a0<a href=\"https:\/\/www.walaarzneimittel.de\/de\/\" target=\"_blank\" rel=\"noopener\">WALA Arzneimittel\u00a0<\/a>\u00a0finden sie weitere Informationen zum Produkt.<\/p>\n<p>Weitere Produkte &amp; Packungsgr\u00f6\u00dfen in unserem Webshop finden sie hier: <a href=\"https:\/\/www.loewen-apotheke24.com\/de\/product_cat\/wala-arzneimittel\/?orderby=popularity\">WALA<\/a><\/p>\n<p>Andere Kunden interessierten sich auch f\u00fcr Produkte zum Thema:\u00a0<a href=\"https:\/\/www.loewen-apotheke24.com\/de\/product_tag\/entzuendung\/\">Entz\u00fcndung\u00a0<\/a>|\u00a0<a href=\"https:\/\/www.loewen-apotheke24.com\/de\/product_tag\/abnehmen\/\">Fitness<\/a>\u00a0|\u00a0<a href=\"https:\/\/www.loewen-apotheke24.com\/de\/product_tag\/reiseapotheke\/\">Reiseapotheke\u00a0<\/a><\/p>\n<p>Informationen auf dieser Website werden ausschlie\u00dflich f\u00fcr informative Zwecke zur Verf\u00fcgung gestellt. Sie ersetzen keinesfalls die Untersuchung und Behandlung durch einen Arzt.<\/p>\n<p>Zu Risiken und Nebenwirkungen lesen Sie die Packungsbeilage und fragen Sie Ihren Arzt oder Apotheker.<\/p>\n","protected":false},"excerpt":{"rendered":"<h2 style=\"text-align: left;\">Rosatum Heilsalbe 100g<\/h2>\n<p>WALA Rosatum Heilsalbe sch\u00fctzt entz\u00fcndete, trockene Haut und lindert den Juckreiz.<\/p>\n<p><strong>PZN<\/strong>: 1448530 (Pharmazentralnummer)<\/p>\n<p><strong>Darreichungsform<\/strong>:\u00a0 Salbe<\/p>\n<p><strong>Verordnungsart<\/strong>: Rezeptfrei<\/p>\n<p><strong>Hersteller<\/strong>:\u00a0<a href=\"https:\/\/www.loewen-apotheke24.com\/de\/product_cat\/wala-arzneimittel\/?orderby=popularity\" target=\"_blank\" rel=\"noopener\">WALA Arzneimittel<\/a><\/p>\n","protected":false},"featured_media":53281,"template":"","meta":[],"product_cat":[245],"product_tag":[252,254,179,66,255],"yoast_head":"<!-- This site is optimized with the Yoast SEO Premium plugin v21.0 (Yoast SEO v21.0) - https:\/\/yoast.com\/wordpress\/plugins\/seo\/ -->\n<title>Rosatum Heilsalbe 100g - hier bestellen<\/title>\n<meta name=\"description\" content=\"L\u00f6wen Apotheke24 aus Baden-Baden, DE. Wir bieten: kurze Lieferzeit, gratis Lieferung ab 30 \u20ac. Hersteller: Wala Arzneimittel - Rosatum Heilsalbe 100g\" \/>\n<meta name=\"robots\" content=\"index, follow, max-snippet:-1, max-image-preview:large, max-video-preview:-1\" \/>\n<link rel=\"canonical\" href=\"https:\/\/www.loewen-apotheke24.com\/de\/shop\/wala-arzneimittel\/rosatum-heilsalbe-100g\/\" \/>\n<meta property=\"og:locale\" content=\"de_DE\" \/>\n<meta property=\"og:type\" content=\"article\" \/>\n<meta property=\"og:title\" content=\"Rosatum Heilsalbe 100g - hier bestellen\" \/>\n<meta property=\"og:description\" content=\"L\u00f6wen Apotheke24 aus Baden-Baden, DE. Wir bieten: kurze Lieferzeit, gratis Lieferung ab 30 \u20ac. Hersteller: Wala Arzneimittel - Rosatum Heilsalbe 100g\" \/>\n<meta property=\"og:url\" content=\"https:\/\/www.loewen-apotheke24.com\/de\/shop\/wala-arzneimittel\/rosatum-heilsalbe-100g\/\" \/>\n<meta property=\"og:site_name\" content=\"L\u00f6wen Apotheke24\" \/>\n<meta property=\"article:modified_time\" content=\"2024-12-18T04:43:51+00:00\" \/>\n<meta property=\"og:image\" content=\"https:\/\/www.loewen-apotheke24.com\/wp-content\/uploads\/2017\/08\/Rosatum-Heilsalbe-100g-Arzneimittel-Wala-Heilmittel-Loewen-Apotheke24-1.jpg\" \/>\n\t<meta property=\"og:image:width\" content=\"600\" \/>\n\t<meta property=\"og:image:height\" content=\"600\" \/>\n\t<meta property=\"og:image:type\" content=\"image\/jpeg\" \/>\n<meta name=\"twitter:card\" content=\"summary_large_image\" \/>\n<meta name=\"twitter:label1\" content=\"Gesch\u00e4tzte Lesezeit\" \/>\n\t<meta name=\"twitter:data1\" content=\"2\u00a0Minuten\" \/>\n<script type=\"application\/ld+json\" class=\"yoast-schema-graph\">{\"@context\":\"https:\/\/schema.org\",\"@graph\":[{\"@type\":\"WebPage\",\"@id\":\"https:\/\/www.loewen-apotheke24.com\/de\/shop\/wala-arzneimittel\/rosatum-heilsalbe-100g\/\",\"url\":\"https:\/\/www.loewen-apotheke24.com\/de\/shop\/wala-arzneimittel\/rosatum-heilsalbe-100g\/\",\"name\":\"Rosatum Heilsalbe 100g - hier bestellen\",\"isPartOf\":{\"@id\":\"https:\/\/www.loewen-apotheke24.com\/de\/#website\"},\"datePublished\":\"2017-08-17T11:29:36+00:00\",\"dateModified\":\"2024-12-18T04:43:51+00:00\",\"description\":\"L\u00f6wen Apotheke24 aus Baden-Baden, DE. Wir bieten: kurze Lieferzeit, gratis Lieferung ab 30 \u20ac. Hersteller: Wala Arzneimittel - Rosatum Heilsalbe 100g\",\"breadcrumb\":{\"@id\":\"https:\/\/www.loewen-apotheke24.com\/de\/shop\/wala-arzneimittel\/rosatum-heilsalbe-100g\/#breadcrumb\"},\"inLanguage\":\"de\",\"potentialAction\":[{\"@type\":\"ReadAction\",\"target\":[\"https:\/\/www.loewen-apotheke24.com\/de\/shop\/wala-arzneimittel\/rosatum-heilsalbe-100g\/\"]}]},{\"@type\":\"BreadcrumbList\",\"@id\":\"https:\/\/www.loewen-apotheke24.com\/de\/shop\/wala-arzneimittel\/rosatum-heilsalbe-100g\/#breadcrumb\",\"itemListElement\":[{\"@type\":\"ListItem\",\"position\":1,\"name\":\"Shop\",\"item\":\"https:\/\/www.loewen-apotheke24.com\/de\/shop\/\"},{\"@type\":\"ListItem\",\"position\":2,\"name\":\"Rosatum Heilsalbe 100g\"}]},{\"@type\":\"WebSite\",\"@id\":\"https:\/\/www.loewen-apotheke24.com\/de\/#website\",\"url\":\"https:\/\/www.loewen-apotheke24.com\/de\/\",\"name\":\"L\u00f6wen Apotheke24\",\"description\":\"Spezialist f\u00fcr Naturmedizin - Versandapotheke Baden-Baden\",\"publisher\":{\"@id\":\"https:\/\/www.loewen-apotheke24.com\/de\/#organization\"},\"potentialAction\":[{\"@type\":\"SearchAction\",\"target\":{\"@type\":\"EntryPoint\",\"urlTemplate\":\"https:\/\/www.loewen-apotheke24.com\/de\/?s={search_term_string}\"},\"query-input\":\"required name=search_term_string\"}],\"inLanguage\":\"de\"},{\"@type\":\"Organization\",\"@id\":\"https:\/\/www.loewen-apotheke24.com\/de\/#organization\",\"name\":\"L\u00f6wen Apotheke\",\"alternateName\":\"L\u00f6wen Apotheke\",\"url\":\"https:\/\/www.loewen-apotheke24.com\/de\/\",\"logo\":{\"@type\":\"ImageObject\",\"inLanguage\":\"de\",\"@id\":\"https:\/\/www.loewen-apotheke24.com\/de\/#\/schema\/logo\/image\/\",\"url\":\"https:\/\/www.loewen-apotheke24.com\/wp-content\/uploads\/2024\/02\/Logo-Loewen-Apotheke-700x700-1.png\",\"contentUrl\":\"https:\/\/www.loewen-apotheke24.com\/wp-content\/uploads\/2024\/02\/Logo-Loewen-Apotheke-700x700-1.png\",\"width\":700,\"height\":700,\"caption\":\"L\u00f6wen Apotheke\"},\"image\":{\"@id\":\"https:\/\/www.loewen-apotheke24.com\/de\/#\/schema\/logo\/image\/\"}}]}<\/script>\n<!-- \/ Yoast SEO Premium plugin. -->","yoast_head_json":{"title":"Rosatum Heilsalbe 100g - hier bestellen","description":"L\u00f6wen Apotheke24 aus Baden-Baden, DE. Wir bieten: kurze Lieferzeit, gratis Lieferung ab 30 \u20ac. Hersteller: Wala Arzneimittel - Rosatum Heilsalbe 100g","robots":{"index":"index","follow":"follow","max-snippet":"max-snippet:-1","max-image-preview":"max-image-preview:large","max-video-preview":"max-video-preview:-1"},"canonical":"https:\/\/www.loewen-apotheke24.com\/de\/shop\/wala-arzneimittel\/rosatum-heilsalbe-100g\/","og_locale":"de_DE","og_type":"article","og_title":"Rosatum Heilsalbe 100g - hier bestellen","og_description":"L\u00f6wen Apotheke24 aus Baden-Baden, DE. Wir bieten: kurze Lieferzeit, gratis Lieferung ab 30 \u20ac. Hersteller: Wala Arzneimittel - Rosatum Heilsalbe 100g","og_url":"https:\/\/www.loewen-apotheke24.com\/de\/shop\/wala-arzneimittel\/rosatum-heilsalbe-100g\/","og_site_name":"L\u00f6wen Apotheke24","article_modified_time":"2024-12-18T04:43:51+00:00","og_image":[{"width":600,"height":600,"url":"https:\/\/www.loewen-apotheke24.com\/wp-content\/uploads\/2017\/08\/Rosatum-Heilsalbe-100g-Arzneimittel-Wala-Heilmittel-Loewen-Apotheke24-1.jpg","type":"image\/jpeg"}],"twitter_card":"summary_large_image","twitter_misc":{"Gesch\u00e4tzte Lesezeit":"2\u00a0Minuten"},"schema":{"@context":"https:\/\/schema.org","@graph":[{"@type":"WebPage","@id":"https:\/\/www.loewen-apotheke24.com\/de\/shop\/wala-arzneimittel\/rosatum-heilsalbe-100g\/","url":"https:\/\/www.loewen-apotheke24.com\/de\/shop\/wala-arzneimittel\/rosatum-heilsalbe-100g\/","name":"Rosatum Heilsalbe 100g - hier bestellen","isPartOf":{"@id":"https:\/\/www.loewen-apotheke24.com\/de\/#website"},"datePublished":"2017-08-17T11:29:36+00:00","dateModified":"2024-12-18T04:43:51+00:00","description":"L\u00f6wen Apotheke24 aus Baden-Baden, DE. Wir bieten: kurze Lieferzeit, gratis Lieferung ab 30 \u20ac. Hersteller: Wala Arzneimittel - Rosatum Heilsalbe 100g","breadcrumb":{"@id":"https:\/\/www.loewen-apotheke24.com\/de\/shop\/wala-arzneimittel\/rosatum-heilsalbe-100g\/#breadcrumb"},"inLanguage":"de","potentialAction":[{"@type":"ReadAction","target":["https:\/\/www.loewen-apotheke24.com\/de\/shop\/wala-arzneimittel\/rosatum-heilsalbe-100g\/"]}]},{"@type":"BreadcrumbList","@id":"https:\/\/www.loewen-apotheke24.com\/de\/shop\/wala-arzneimittel\/rosatum-heilsalbe-100g\/#breadcrumb","itemListElement":[{"@type":"ListItem","position":1,"name":"Shop","item":"https:\/\/www.loewen-apotheke24.com\/de\/shop\/"},{"@type":"ListItem","position":2,"name":"Rosatum Heilsalbe 100g"}]},{"@type":"WebSite","@id":"https:\/\/www.loewen-apotheke24.com\/de\/#website","url":"https:\/\/www.loewen-apotheke24.com\/de\/","name":"L\u00f6wen Apotheke24","description":"Spezialist f\u00fcr Naturmedizin - Versandapotheke Baden-Baden","publisher":{"@id":"https:\/\/www.loewen-apotheke24.com\/de\/#organization"},"potentialAction":[{"@type":"SearchAction","target":{"@type":"EntryPoint","urlTemplate":"https:\/\/www.loewen-apotheke24.com\/de\/?s={search_term_string}"},"query-input":"required name=search_term_string"}],"inLanguage":"de"},{"@type":"Organization","@id":"https:\/\/www.loewen-apotheke24.com\/de\/#organization","name":"L\u00f6wen Apotheke","alternateName":"L\u00f6wen Apotheke","url":"https:\/\/www.loewen-apotheke24.com\/de\/","logo":{"@type":"ImageObject","inLanguage":"de","@id":"https:\/\/www.loewen-apotheke24.com\/de\/#\/schema\/logo\/image\/","url":"https:\/\/www.loewen-apotheke24.com\/wp-content\/uploads\/2024\/02\/Logo-Loewen-Apotheke-700x700-1.png","contentUrl":"https:\/\/www.loewen-apotheke24.com\/wp-content\/uploads\/2024\/02\/Logo-Loewen-Apotheke-700x700-1.png","width":700,"height":700,"caption":"L\u00f6wen Apotheke"},"image":{"@id":"https:\/\/www.loewen-apotheke24.com\/de\/#\/schema\/logo\/image\/"}}]}},"_links":{"self":[{"href":"https:\/\/www.loewen-apotheke24.com\/de\/wp-json\/wp\/v2\/product\/1449"}],"collection":[{"href":"https:\/\/www.loewen-apotheke24.com\/de\/wp-json\/wp\/v2\/product"}],"about":[{"href":"https:\/\/www.loewen-apotheke24.com\/de\/wp-json\/wp\/v2\/types\/product"}],"wp:featuredmedia":[{"embeddable":true,"href":"https:\/\/www.loewen-apotheke24.com\/de\/wp-json\/wp\/v2\/media\/53281"}],"wp:attachment":[{"href":"https:\/\/www.loewen-apotheke24.com\/de\/wp-json\/wp\/v2\/media?parent=1449"}],"wp:term":[{"taxonomy":"product_cat","embeddable":true,"href":"https:\/\/www.loewen-apotheke24.com\/de\/wp-json\/wp\/v2\/product_cat?post=1449"},{"taxonomy":"product_tag","embeddable":true,"href":"https:\/\/www.loewen-apotheke24.com\/de\/wp-json\/wp\/v2\/product_tag?post=1449"}],"curies":[{"name":"wp","href":"https:\/\/api.w.org\/{rel}","templated":true}]}}