{"id":145480,"date":"2025-10-19T18:38:08","date_gmt":"2025-10-19T17:38:08","guid":{"rendered":"https:\/\/www.loewen-apotheke24.com\/?post_type=product&#038;p=145480"},"modified":"2025-11-14T07:02:56","modified_gmt":"2025-11-14T06:02:56","slug":"relax-spray-fuer-katzen-90-ml-18404689","status":"publish","type":"product","link":"https:\/\/www.loewen-apotheke24.com\/de\/shop\/angebot\/relax-spray-fuer-katzen-90-ml-18404689\/","title":{"rendered":"Relax Spray f\u00fcr Katzen (90 ml)"},"content":{"rendered":"<h3 style=\"text-align: left;\">Relax Spray f\u00fcr Katzen &#8211; Doppelherz f\u00fcr Tiere<\/h3>\n<p>Relax Spray f\u00fcr Katzen ist ein modernes, nicht-medikament\u00f6ses Multi-Inhaltsstoff-Pr\u00e4parat. Viele Katzen reagieren sensibel auf unbekannte Situationen oder Ver\u00e4nderungen. \u00c4ngstliche und unsichere Katzen k\u00f6nnen durch verschiedene Ma\u00dfnahmen dabei unterst\u00fctzt werden, sich in ihrer Umgebung wohler zu f\u00fchlen. Dazu geh\u00f6ren zum Beispiel die Bereitstellung von Versteckm\u00f6glichkeiten, Spielzeug und Kratzb\u00e4umen sowie die Schaffung einer ruhigen und sicheren Umgebung ohne pl\u00f6tzliche laute Ger\u00e4usche oder Stressoren.<\/p>\n<p>Auch spezielle und bew\u00e4hrte Inhaltsstoffe, die in die Umgebung abgegeben oder auf problematische Stellen gespr\u00fcht werden, k\u00f6nnen positiven Einfluss auf eine entspannte Stimmung nehmen und dabei helfen, dass sich dein Tier mental wieder wohlf\u00fchlt.<\/p>\n<p>1 &#8211; 2x t\u00e4glich auf Decken oder Kissen, in die Ecken des Zimmers, das Transportbeh\u00e4ltnis oder auf Problemstellen spr\u00fchen und nicht direkt auf die Katze oder das Futter spr\u00fchen!<\/p>\n<p>Doppelherz ist eine der bekanntesten Gesundheitsmarken Deutschlands. Bereits seit \u00fcber 100 Jahren werden Gesundheitsprodukte mit hoher Qualit\u00e4t entwickelt, welche ausschlie\u00dflich gepr\u00fcfte und hochwertige Inhaltsstoffe beinhalten. Doppelherz steht heute f\u00fcr den Erhalt des gesunden Wohlbefindens der ganzen Familie \u2013 und somit nat\u00fcrlich auch von Hund und Katze.<\/p>\n<p><strong>Produkt enth\u00e4lt:<\/strong><\/p>\n<p>Ethanol, Propylenglykol, Fetts\u00e4urenmischung nat\u00fcrlichen Ursprungs (u.a. Palmitins\u00e4ure), Ethylmethylketon, Baldrianextrakt<\/p>\n<p>Angaben vom Hersteller <a href=\"https:\/\/www.doppelherz.de\/tiere\" target=\"_blank\" rel=\"noopener\">Queisser Pharma GmbH &amp; Co. KG zu Doppelherz f\u00fcr Tiere<\/a><br \/>\nAndere Kunden interessierten sich auch f\u00fcr Produkte zum Thema: \u00a0<a href=\"https:\/\/www.loewen-apotheke24.com\/de\/product_tag\/reiseapotheke\/\">Reiseapotheke<\/a> | <a href=\"https:\/\/www.loewen-apotheke24.com\/de\/product_tag\/tiermedizin\/\">Tiermedizin<\/a><\/p>\n<p>Hinweis zur Anwendung und Einnahme: Die auf dieser Website bereitgestellten Informationen dienen ausschlie\u00dflich der allgemeinen Information. Sie ersetzen nicht die fachliche Beratung, Diagnose oder Behandlung durch einen Arzt\/Tierarzt.<\/p>\n<p>Zu Risiken und Nebenwirkungen lesen Sie die Packungsbeilage und fragen Sie Ihre \u00c4rztin\/Tier\u00e4rztin, Ihren Arzt\/Tierarzt oder in Ihrer Apotheke.<\/p>\n<h3 style=\"text-align: left;\">Rezept oder E-Rezept einl\u00f6sen:<\/h3>\n<p>Sie haben ein Rezept oder E-Rezept? Reichen Sie es bequem \u00fcber unsere <a class=\"ProsemirrorEditor-link\" href=\"https:\/\/e-rezept-app.de\/shop-rezept\">E-Rezept<\/a> App ein \u2013 auch Privatrezepte f\u00fcr Selbstzahler sind m\u00f6glich. Schnell, sicher und einfach.<\/p>\n<h3 class=\"TypographyPresentation TypographyPresentation--medium RichText3-paragraph--withVSpacingNormal RichText3-paragraph HighlightSol HighlightSol--buildingBlock\" style=\"text-align: left;\">Fragen zum Produkt? Wir sind f\u00fcr Sie da!<\/h3>\n<p class=\"TypographyPresentation TypographyPresentation--medium RichText3-paragraph--withVSpacingNormal RichText3-paragraph HighlightSol HighlightSol--buildingBlock\">Unsere verantwortliche Apothekerin\u00a0<strong>Dr. Sandra Hoff<\/strong>\u00a0und ihr Team beraten Sie gerne pers\u00f6nlich \u2013 telefonisch oder per E-Mail. Als\u00a0<strong>echte Apotheke vor Ort<\/strong>\u00a0und\u00a0<strong>zugelassene Versandapotheke<\/strong> bieten wir Ihnen kompetente Unterst\u00fctzung, besonders in den Bereichen <a href=\"https:\/\/www.loewen-apotheke24.com\/de\/product_tag\/naturheilmittel\/\">Naturheilkunde<\/a>\u00a0und\u00a0<a href=\"https:\/\/www.loewen-apotheke24.com\/de\/product_tag\/vitamine-mineralien-nahrungsergaenzung\/\">Nahrungserg\u00e4nzungsmittel<\/a>. Unsere Erlaubnis finden Sie als <a href=\"https:\/\/versandhandel.dimdi.de\/websearch\/servlet\/Gate;jsessionid=0D29D15655BE1174E9178A340E8FE6BC?accessid=dimdi_var&amp;term=3c387956690121ccc8763184f052b93f\" target=\"_blank\" rel=\"noopener\">Eintrag im Versandhandelsregister.<\/a><\/p>\n","protected":false},"excerpt":{"rendered":"<h2 style=\"text-align: left;\">Relax Spray f\u00fcr Katzen<\/h2>\n<p>Umgebungsspray f\u00fcr mehr Wohlbefinden mit artspezifischen synthetischen Pheromonen und Baldrian.<\/p>\n<p><strong>PZN<\/strong>: 18404689 (Pharmazentralnummer)<\/p>\n<p><strong>Darreichungsform<\/strong>:\u00a0 Spray<\/p>\n<p><strong>Packungsgr\u00f6\u00dfe<\/strong>: 90 ml<\/p>\n<p><strong>Marke<\/strong>: Doppelherz f\u00fcr Tiere<\/p>\n<p><strong>Hersteller<\/strong>: \u200eQueisser Pharma GmbH &amp; Co. KG, Flensburg, Deutschland<\/p>\n","protected":false},"featured_media":145483,"template":"","meta":[],"product_cat":[13,43],"product_tag":[139,470,194,484,996,469],"yoast_head":"<!-- This site is optimized with the Yoast SEO Premium plugin v21.0 (Yoast SEO v21.0) - https:\/\/yoast.com\/wordpress\/plugins\/seo\/ -->\n<title>Relax Spray f\u00fcr Katzen (90 ml) beim Experten kaufen<\/title>\n<meta name=\"description\" content=\"Top-Service, kurze Lieferzeit &amp; niedrige Preise. Relax Spray f\u00fcr Katzen (90 ml) - Erg\u00e4nzungsfuttermittel Doppelherz f\u00fcr Tiere. Apothekenprodukt\" \/>\n<meta name=\"robots\" content=\"index, follow, max-snippet:-1, max-image-preview:large, max-video-preview:-1\" \/>\n<link rel=\"canonical\" href=\"https:\/\/www.loewen-apotheke24.com\/de\/shop\/angebot\/relax-spray-fuer-katzen-90-ml-18404689\/\" \/>\n<meta property=\"og:locale\" content=\"de_DE\" \/>\n<meta property=\"og:type\" content=\"article\" \/>\n<meta property=\"og:title\" content=\"Relax Spray f\u00fcr Katzen (90 ml) beim Experten kaufen\" \/>\n<meta property=\"og:description\" content=\"Top-Service, kurze Lieferzeit &amp; niedrige Preise. Relax Spray f\u00fcr Katzen (90 ml) - Erg\u00e4nzungsfuttermittel Doppelherz f\u00fcr Tiere. Apothekenprodukt\" \/>\n<meta property=\"og:url\" content=\"https:\/\/www.loewen-apotheke24.com\/de\/shop\/angebot\/relax-spray-fuer-katzen-90-ml-18404689\/\" \/>\n<meta property=\"og:site_name\" content=\"L\u00f6wen Apotheke24\" \/>\n<meta property=\"article:modified_time\" content=\"2025-11-14T06:02:56+00:00\" \/>\n<meta property=\"og:image\" content=\"https:\/\/www.loewen-apotheke24.com\/wp-content\/uploads\/2025\/10\/Relax-spray-fuer-Katzen-Doppelherz-fuer-Tiere-Loewen-Apotheke24-Lions-Pharmacy.webp\" \/>\n\t<meta property=\"og:image:width\" content=\"600\" \/>\n\t<meta property=\"og:image:height\" content=\"600\" \/>\n\t<meta property=\"og:image:type\" content=\"image\/webp\" \/>\n<meta name=\"twitter:card\" content=\"summary_large_image\" \/>\n<meta name=\"twitter:label1\" content=\"Gesch\u00e4tzte Lesezeit\" \/>\n\t<meta name=\"twitter:data1\" content=\"2\u00a0Minuten\" \/>\n<script type=\"application\/ld+json\" class=\"yoast-schema-graph\">{\"@context\":\"https:\/\/schema.org\",\"@graph\":[{\"@type\":\"WebPage\",\"@id\":\"https:\/\/www.loewen-apotheke24.com\/de\/shop\/angebot\/relax-spray-fuer-katzen-90-ml-18404689\/\",\"url\":\"https:\/\/www.loewen-apotheke24.com\/de\/shop\/angebot\/relax-spray-fuer-katzen-90-ml-18404689\/\",\"name\":\"Relax Spray f\u00fcr Katzen (90 ml) beim Experten kaufen\",\"isPartOf\":{\"@id\":\"https:\/\/www.loewen-apotheke24.com\/de\/#website\"},\"datePublished\":\"2025-10-19T17:38:08+00:00\",\"dateModified\":\"2025-11-14T06:02:56+00:00\",\"description\":\"Top-Service, kurze Lieferzeit & niedrige Preise. Relax Spray f\u00fcr Katzen (90 ml) - Erg\u00e4nzungsfuttermittel Doppelherz f\u00fcr Tiere. Apothekenprodukt\",\"breadcrumb\":{\"@id\":\"https:\/\/www.loewen-apotheke24.com\/de\/shop\/angebot\/relax-spray-fuer-katzen-90-ml-18404689\/#breadcrumb\"},\"inLanguage\":\"de\",\"potentialAction\":[{\"@type\":\"ReadAction\",\"target\":[\"https:\/\/www.loewen-apotheke24.com\/de\/shop\/angebot\/relax-spray-fuer-katzen-90-ml-18404689\/\"]}]},{\"@type\":\"BreadcrumbList\",\"@id\":\"https:\/\/www.loewen-apotheke24.com\/de\/shop\/angebot\/relax-spray-fuer-katzen-90-ml-18404689\/#breadcrumb\",\"itemListElement\":[{\"@type\":\"ListItem\",\"position\":1,\"name\":\"Shop\",\"item\":\"https:\/\/www.loewen-apotheke24.com\/de\/shop\/\"},{\"@type\":\"ListItem\",\"position\":2,\"name\":\"Relax Spray f\u00fcr Katzen (90 ml)\"}]},{\"@type\":\"WebSite\",\"@id\":\"https:\/\/www.loewen-apotheke24.com\/de\/#website\",\"url\":\"https:\/\/www.loewen-apotheke24.com\/de\/\",\"name\":\"L\u00f6wen Apotheke24\",\"description\":\"Spezialist f\u00fcr Naturmedizin - Versandapotheke Baden-Baden\",\"publisher\":{\"@id\":\"https:\/\/www.loewen-apotheke24.com\/de\/#organization\"},\"potentialAction\":[{\"@type\":\"SearchAction\",\"target\":{\"@type\":\"EntryPoint\",\"urlTemplate\":\"https:\/\/www.loewen-apotheke24.com\/de\/?s={search_term_string}\"},\"query-input\":\"required name=search_term_string\"}],\"inLanguage\":\"de\"},{\"@type\":\"Organization\",\"@id\":\"https:\/\/www.loewen-apotheke24.com\/de\/#organization\",\"name\":\"L\u00f6wen Apotheke\",\"alternateName\":\"L\u00f6wen Apotheke\",\"url\":\"https:\/\/www.loewen-apotheke24.com\/de\/\",\"logo\":{\"@type\":\"ImageObject\",\"inLanguage\":\"de\",\"@id\":\"https:\/\/www.loewen-apotheke24.com\/de\/#\/schema\/logo\/image\/\",\"url\":\"https:\/\/www.loewen-apotheke24.com\/wp-content\/uploads\/2024\/02\/Logo-Loewen-Apotheke-700x700-1.png\",\"contentUrl\":\"https:\/\/www.loewen-apotheke24.com\/wp-content\/uploads\/2024\/02\/Logo-Loewen-Apotheke-700x700-1.png\",\"width\":700,\"height\":700,\"caption\":\"L\u00f6wen Apotheke\"},\"image\":{\"@id\":\"https:\/\/www.loewen-apotheke24.com\/de\/#\/schema\/logo\/image\/\"}}]}<\/script>\n<!-- \/ Yoast SEO Premium plugin. -->","yoast_head_json":{"title":"Relax Spray f\u00fcr Katzen (90 ml) beim Experten kaufen","description":"Top-Service, kurze Lieferzeit & niedrige Preise. Relax Spray f\u00fcr Katzen (90 ml) - Erg\u00e4nzungsfuttermittel Doppelherz f\u00fcr Tiere. Apothekenprodukt","robots":{"index":"index","follow":"follow","max-snippet":"max-snippet:-1","max-image-preview":"max-image-preview:large","max-video-preview":"max-video-preview:-1"},"canonical":"https:\/\/www.loewen-apotheke24.com\/de\/shop\/angebot\/relax-spray-fuer-katzen-90-ml-18404689\/","og_locale":"de_DE","og_type":"article","og_title":"Relax Spray f\u00fcr Katzen (90 ml) beim Experten kaufen","og_description":"Top-Service, kurze Lieferzeit & niedrige Preise. Relax Spray f\u00fcr Katzen (90 ml) - Erg\u00e4nzungsfuttermittel Doppelherz f\u00fcr Tiere. Apothekenprodukt","og_url":"https:\/\/www.loewen-apotheke24.com\/de\/shop\/angebot\/relax-spray-fuer-katzen-90-ml-18404689\/","og_site_name":"L\u00f6wen Apotheke24","article_modified_time":"2025-11-14T06:02:56+00:00","og_image":[{"width":600,"height":600,"url":"https:\/\/www.loewen-apotheke24.com\/wp-content\/uploads\/2025\/10\/Relax-spray-fuer-Katzen-Doppelherz-fuer-Tiere-Loewen-Apotheke24-Lions-Pharmacy.webp","type":"image\/webp"}],"twitter_card":"summary_large_image","twitter_misc":{"Gesch\u00e4tzte Lesezeit":"2\u00a0Minuten"},"schema":{"@context":"https:\/\/schema.org","@graph":[{"@type":"WebPage","@id":"https:\/\/www.loewen-apotheke24.com\/de\/shop\/angebot\/relax-spray-fuer-katzen-90-ml-18404689\/","url":"https:\/\/www.loewen-apotheke24.com\/de\/shop\/angebot\/relax-spray-fuer-katzen-90-ml-18404689\/","name":"Relax Spray f\u00fcr Katzen (90 ml) beim Experten kaufen","isPartOf":{"@id":"https:\/\/www.loewen-apotheke24.com\/de\/#website"},"datePublished":"2025-10-19T17:38:08+00:00","dateModified":"2025-11-14T06:02:56+00:00","description":"Top-Service, kurze Lieferzeit & niedrige Preise. Relax Spray f\u00fcr Katzen (90 ml) - Erg\u00e4nzungsfuttermittel Doppelherz f\u00fcr Tiere. Apothekenprodukt","breadcrumb":{"@id":"https:\/\/www.loewen-apotheke24.com\/de\/shop\/angebot\/relax-spray-fuer-katzen-90-ml-18404689\/#breadcrumb"},"inLanguage":"de","potentialAction":[{"@type":"ReadAction","target":["https:\/\/www.loewen-apotheke24.com\/de\/shop\/angebot\/relax-spray-fuer-katzen-90-ml-18404689\/"]}]},{"@type":"BreadcrumbList","@id":"https:\/\/www.loewen-apotheke24.com\/de\/shop\/angebot\/relax-spray-fuer-katzen-90-ml-18404689\/#breadcrumb","itemListElement":[{"@type":"ListItem","position":1,"name":"Shop","item":"https:\/\/www.loewen-apotheke24.com\/de\/shop\/"},{"@type":"ListItem","position":2,"name":"Relax Spray f\u00fcr Katzen (90 ml)"}]},{"@type":"WebSite","@id":"https:\/\/www.loewen-apotheke24.com\/de\/#website","url":"https:\/\/www.loewen-apotheke24.com\/de\/","name":"L\u00f6wen Apotheke24","description":"Spezialist f\u00fcr Naturmedizin - Versandapotheke Baden-Baden","publisher":{"@id":"https:\/\/www.loewen-apotheke24.com\/de\/#organization"},"potentialAction":[{"@type":"SearchAction","target":{"@type":"EntryPoint","urlTemplate":"https:\/\/www.loewen-apotheke24.com\/de\/?s={search_term_string}"},"query-input":"required name=search_term_string"}],"inLanguage":"de"},{"@type":"Organization","@id":"https:\/\/www.loewen-apotheke24.com\/de\/#organization","name":"L\u00f6wen Apotheke","alternateName":"L\u00f6wen Apotheke","url":"https:\/\/www.loewen-apotheke24.com\/de\/","logo":{"@type":"ImageObject","inLanguage":"de","@id":"https:\/\/www.loewen-apotheke24.com\/de\/#\/schema\/logo\/image\/","url":"https:\/\/www.loewen-apotheke24.com\/wp-content\/uploads\/2024\/02\/Logo-Loewen-Apotheke-700x700-1.png","contentUrl":"https:\/\/www.loewen-apotheke24.com\/wp-content\/uploads\/2024\/02\/Logo-Loewen-Apotheke-700x700-1.png","width":700,"height":700,"caption":"L\u00f6wen Apotheke"},"image":{"@id":"https:\/\/www.loewen-apotheke24.com\/de\/#\/schema\/logo\/image\/"}}]}},"_links":{"self":[{"href":"https:\/\/www.loewen-apotheke24.com\/de\/wp-json\/wp\/v2\/product\/145480"}],"collection":[{"href":"https:\/\/www.loewen-apotheke24.com\/de\/wp-json\/wp\/v2\/product"}],"about":[{"href":"https:\/\/www.loewen-apotheke24.com\/de\/wp-json\/wp\/v2\/types\/product"}],"wp:featuredmedia":[{"embeddable":true,"href":"https:\/\/www.loewen-apotheke24.com\/de\/wp-json\/wp\/v2\/media\/145483"}],"wp:attachment":[{"href":"https:\/\/www.loewen-apotheke24.com\/de\/wp-json\/wp\/v2\/media?parent=145480"}],"wp:term":[{"taxonomy":"product_cat","embeddable":true,"href":"https:\/\/www.loewen-apotheke24.com\/de\/wp-json\/wp\/v2\/product_cat?post=145480"},{"taxonomy":"product_tag","embeddable":true,"href":"https:\/\/www.loewen-apotheke24.com\/de\/wp-json\/wp\/v2\/product_tag?post=145480"}],"curies":[{"name":"wp","href":"https:\/\/api.w.org\/{rel}","templated":true}]}}