{"id":1461,"date":"2017-08-17T12:29:36","date_gmt":"2017-08-17T11:29:36","guid":{"rendered":"https:\/\/www.loewen-apotheke24.com\/?post_type=product&#038;p=1461"},"modified":"2024-11-12T16:22:51","modified_gmt":"2024-11-12T15:22:51","slug":"hypericum-ex-herba-5-oleum-100ml","status":"publish","type":"product","link":"https:\/\/www.loewen-apotheke24.com\/de\/shop\/wala-arzneimittel\/hypericum-ex-herba-5-oleum-100ml\/","title":{"rendered":"Hypericum Ex. Herba 5% Oleum 100ml"},"content":{"rendered":"<h3 style=\"text-align: left;\">Hypericum Ex. Herba 5% Oleum 100ml<\/h3>\n<p>Hypericum Ex. Herba 5% Oleum. Anthroposophische Wirksubstanzen aus Heilpflanzen, in allen Lebensphasen und bei zahlreichen Beschwerden.<\/p>\n<p>Anthroposophische Arzneimittel, die Sie rezeptfrei in der Apotheke erhalten. Die Auswahl eines Arzneimittels sollte sich auf eine medizinisch gesicherte Diagnose st\u00fctzen. Bitte lassen Sie sich von Ihrem Arzt oder Apotheker beraten. \u00dcberdies empfehlen wir Ihnen, \u00e4rztlicherseits verschriebene Arzneimittel nicht ohne R\u00fccksprache mit Ihrem Arzt abzusetzen.<\/p>\n<p>Auf\u00a0<a href=\"https:\/\/www.walaarzneimittel.de\/de\/\" target=\"_blank\" rel=\"noopener\">WALA Arzneimittel\u00a0<\/a> finden sie weitere Informationen zum Produkt.<\/p>\n<p>Weitere Produkte &amp; Packungsgr\u00f6\u00dfen finden sie hier:\u00a0<a href=\"https:\/\/www.loewen-apotheke24.com\/de\/product_cat\/wala-arzneimittel\/?orderby=popularity\">WALA Arneimittel<\/a><\/p>\n<p>Zu Risiken und Nebenwirkungen lesen Sie die Packungsbeilage und fragen Sie Ihren Arzt oder Apotheker.<\/p>\n","protected":false},"excerpt":{"rendered":"<h2 style=\"text-align: left;\">Hypericum Ex. Herba 5% Oleum 100ml<\/h2>\n<p><strong>PZN<\/strong>: 1753730 (Pharmazentralnummer)<\/p>\n<p><strong>Darreichungsform<\/strong>:\u00a0 Tropfen<\/p>\n<p><strong>Verordnungsart<\/strong>: Rezeptfrei<\/p>\n<p><strong>Hersteller<\/strong>:\u00a0<a href=\"https:\/\/www.loewen-apotheke24.com\/de\/product_cat\/wala-arzneimittel\/?orderby=popularity\" target=\"_blank\" rel=\"noopener\">WALA Arzneimittel<\/a><\/p>\n","protected":false},"featured_media":46796,"template":"","meta":[],"product_cat":[245],"product_tag":[252,179,66,187,251,261],"yoast_head":"<!-- This site is optimized with the Yoast SEO Premium plugin v21.0 (Yoast SEO v21.0) - https:\/\/yoast.com\/wordpress\/plugins\/seo\/ -->\n<title>Hypericum Ex. Herba 5% Oleum 100ml - L\u00f6wen Apotheke24<\/title>\n<meta name=\"description\" content=\"L\u00f6wen Apotheke24 aus Baden-Baden, DE - kurze Lieferzeit - gratis Lieferung ab 30 \u20ac - Spezialist f\u00fcr Naturheilkunde - Hypericum Ex. Herba 5% Oleum 100ml\" \/>\n<meta name=\"robots\" content=\"index, follow, max-snippet:-1, max-image-preview:large, max-video-preview:-1\" \/>\n<link rel=\"canonical\" href=\"https:\/\/www.loewen-apotheke24.com\/de\/shop\/wala-arzneimittel\/hypericum-ex-herba-5-oleum-100ml\/\" \/>\n<meta property=\"og:locale\" content=\"de_DE\" \/>\n<meta property=\"og:type\" content=\"article\" \/>\n<meta property=\"og:title\" content=\"Hypericum Ex. Herba 5% Oleum 100ml - L\u00f6wen Apotheke24\" \/>\n<meta property=\"og:description\" content=\"L\u00f6wen Apotheke24 aus Baden-Baden, DE - kurze Lieferzeit - gratis Lieferung ab 30 \u20ac - Spezialist f\u00fcr Naturheilkunde - Hypericum Ex. Herba 5% Oleum 100ml\" \/>\n<meta property=\"og:url\" content=\"https:\/\/www.loewen-apotheke24.com\/de\/shop\/wala-arzneimittel\/hypericum-ex-herba-5-oleum-100ml\/\" \/>\n<meta property=\"og:site_name\" content=\"L\u00f6wen Apotheke24\" \/>\n<meta property=\"article:modified_time\" content=\"2024-11-12T15:22:51+00:00\" \/>\n<meta property=\"og:image\" content=\"https:\/\/www.loewen-apotheke24.com\/wp-content\/uploads\/2017\/08\/Hypericum-Ex.-Herba-5-Oleum-100ml.jpg\" \/>\n\t<meta property=\"og:image:width\" content=\"600\" \/>\n\t<meta property=\"og:image:height\" content=\"600\" \/>\n\t<meta property=\"og:image:type\" content=\"image\/jpeg\" \/>\n<meta name=\"twitter:card\" content=\"summary_large_image\" \/>\n<meta name=\"twitter:label1\" content=\"Gesch\u00e4tzte Lesezeit\" \/>\n\t<meta name=\"twitter:data1\" content=\"1\u00a0Minute\" \/>\n<script type=\"application\/ld+json\" class=\"yoast-schema-graph\">{\"@context\":\"https:\/\/schema.org\",\"@graph\":[{\"@type\":\"WebPage\",\"@id\":\"https:\/\/www.loewen-apotheke24.com\/de\/shop\/wala-arzneimittel\/hypericum-ex-herba-5-oleum-100ml\/\",\"url\":\"https:\/\/www.loewen-apotheke24.com\/de\/shop\/wala-arzneimittel\/hypericum-ex-herba-5-oleum-100ml\/\",\"name\":\"Hypericum Ex. Herba 5% Oleum 100ml - L\u00f6wen Apotheke24\",\"isPartOf\":{\"@id\":\"https:\/\/www.loewen-apotheke24.com\/de\/#website\"},\"datePublished\":\"2017-08-17T11:29:36+00:00\",\"dateModified\":\"2024-11-12T15:22:51+00:00\",\"description\":\"L\u00f6wen Apotheke24 aus Baden-Baden, DE - kurze Lieferzeit - gratis Lieferung ab 30 \u20ac - Spezialist f\u00fcr Naturheilkunde - Hypericum Ex. Herba 5% Oleum 100ml\",\"breadcrumb\":{\"@id\":\"https:\/\/www.loewen-apotheke24.com\/de\/shop\/wala-arzneimittel\/hypericum-ex-herba-5-oleum-100ml\/#breadcrumb\"},\"inLanguage\":\"de\",\"potentialAction\":[{\"@type\":\"ReadAction\",\"target\":[\"https:\/\/www.loewen-apotheke24.com\/de\/shop\/wala-arzneimittel\/hypericum-ex-herba-5-oleum-100ml\/\"]}]},{\"@type\":\"BreadcrumbList\",\"@id\":\"https:\/\/www.loewen-apotheke24.com\/de\/shop\/wala-arzneimittel\/hypericum-ex-herba-5-oleum-100ml\/#breadcrumb\",\"itemListElement\":[{\"@type\":\"ListItem\",\"position\":1,\"name\":\"Shop\",\"item\":\"https:\/\/www.loewen-apotheke24.com\/de\/shop\/\"},{\"@type\":\"ListItem\",\"position\":2,\"name\":\"Hypericum Ex. Herba 5% Oleum 100ml\"}]},{\"@type\":\"WebSite\",\"@id\":\"https:\/\/www.loewen-apotheke24.com\/de\/#website\",\"url\":\"https:\/\/www.loewen-apotheke24.com\/de\/\",\"name\":\"L\u00f6wen Apotheke24\",\"description\":\"Spezialist f\u00fcr Naturmedizin - Versandapotheke Baden-Baden\",\"publisher\":{\"@id\":\"https:\/\/www.loewen-apotheke24.com\/de\/#organization\"},\"potentialAction\":[{\"@type\":\"SearchAction\",\"target\":{\"@type\":\"EntryPoint\",\"urlTemplate\":\"https:\/\/www.loewen-apotheke24.com\/de\/?s={search_term_string}\"},\"query-input\":\"required name=search_term_string\"}],\"inLanguage\":\"de\"},{\"@type\":\"Organization\",\"@id\":\"https:\/\/www.loewen-apotheke24.com\/de\/#organization\",\"name\":\"L\u00f6wen Apotheke\",\"alternateName\":\"L\u00f6wen Apotheke\",\"url\":\"https:\/\/www.loewen-apotheke24.com\/de\/\",\"logo\":{\"@type\":\"ImageObject\",\"inLanguage\":\"de\",\"@id\":\"https:\/\/www.loewen-apotheke24.com\/de\/#\/schema\/logo\/image\/\",\"url\":\"https:\/\/www.loewen-apotheke24.com\/wp-content\/uploads\/2024\/02\/Logo-Loewen-Apotheke-700x700-1.png\",\"contentUrl\":\"https:\/\/www.loewen-apotheke24.com\/wp-content\/uploads\/2024\/02\/Logo-Loewen-Apotheke-700x700-1.png\",\"width\":700,\"height\":700,\"caption\":\"L\u00f6wen Apotheke\"},\"image\":{\"@id\":\"https:\/\/www.loewen-apotheke24.com\/de\/#\/schema\/logo\/image\/\"}}]}<\/script>\n<!-- \/ Yoast SEO Premium plugin. -->","yoast_head_json":{"title":"Hypericum Ex. Herba 5% Oleum 100ml - L\u00f6wen Apotheke24","description":"L\u00f6wen Apotheke24 aus Baden-Baden, DE - kurze Lieferzeit - gratis Lieferung ab 30 \u20ac - Spezialist f\u00fcr Naturheilkunde - Hypericum Ex. Herba 5% Oleum 100ml","robots":{"index":"index","follow":"follow","max-snippet":"max-snippet:-1","max-image-preview":"max-image-preview:large","max-video-preview":"max-video-preview:-1"},"canonical":"https:\/\/www.loewen-apotheke24.com\/de\/shop\/wala-arzneimittel\/hypericum-ex-herba-5-oleum-100ml\/","og_locale":"de_DE","og_type":"article","og_title":"Hypericum Ex. Herba 5% Oleum 100ml - L\u00f6wen Apotheke24","og_description":"L\u00f6wen Apotheke24 aus Baden-Baden, DE - kurze Lieferzeit - gratis Lieferung ab 30 \u20ac - Spezialist f\u00fcr Naturheilkunde - Hypericum Ex. Herba 5% Oleum 100ml","og_url":"https:\/\/www.loewen-apotheke24.com\/de\/shop\/wala-arzneimittel\/hypericum-ex-herba-5-oleum-100ml\/","og_site_name":"L\u00f6wen Apotheke24","article_modified_time":"2024-11-12T15:22:51+00:00","og_image":[{"width":600,"height":600,"url":"https:\/\/www.loewen-apotheke24.com\/wp-content\/uploads\/2017\/08\/Hypericum-Ex.-Herba-5-Oleum-100ml.jpg","type":"image\/jpeg"}],"twitter_card":"summary_large_image","twitter_misc":{"Gesch\u00e4tzte Lesezeit":"1\u00a0Minute"},"schema":{"@context":"https:\/\/schema.org","@graph":[{"@type":"WebPage","@id":"https:\/\/www.loewen-apotheke24.com\/de\/shop\/wala-arzneimittel\/hypericum-ex-herba-5-oleum-100ml\/","url":"https:\/\/www.loewen-apotheke24.com\/de\/shop\/wala-arzneimittel\/hypericum-ex-herba-5-oleum-100ml\/","name":"Hypericum Ex. Herba 5% Oleum 100ml - L\u00f6wen Apotheke24","isPartOf":{"@id":"https:\/\/www.loewen-apotheke24.com\/de\/#website"},"datePublished":"2017-08-17T11:29:36+00:00","dateModified":"2024-11-12T15:22:51+00:00","description":"L\u00f6wen Apotheke24 aus Baden-Baden, DE - kurze Lieferzeit - gratis Lieferung ab 30 \u20ac - Spezialist f\u00fcr Naturheilkunde - Hypericum Ex. Herba 5% Oleum 100ml","breadcrumb":{"@id":"https:\/\/www.loewen-apotheke24.com\/de\/shop\/wala-arzneimittel\/hypericum-ex-herba-5-oleum-100ml\/#breadcrumb"},"inLanguage":"de","potentialAction":[{"@type":"ReadAction","target":["https:\/\/www.loewen-apotheke24.com\/de\/shop\/wala-arzneimittel\/hypericum-ex-herba-5-oleum-100ml\/"]}]},{"@type":"BreadcrumbList","@id":"https:\/\/www.loewen-apotheke24.com\/de\/shop\/wala-arzneimittel\/hypericum-ex-herba-5-oleum-100ml\/#breadcrumb","itemListElement":[{"@type":"ListItem","position":1,"name":"Shop","item":"https:\/\/www.loewen-apotheke24.com\/de\/shop\/"},{"@type":"ListItem","position":2,"name":"Hypericum Ex. Herba 5% Oleum 100ml"}]},{"@type":"WebSite","@id":"https:\/\/www.loewen-apotheke24.com\/de\/#website","url":"https:\/\/www.loewen-apotheke24.com\/de\/","name":"L\u00f6wen Apotheke24","description":"Spezialist f\u00fcr Naturmedizin - Versandapotheke Baden-Baden","publisher":{"@id":"https:\/\/www.loewen-apotheke24.com\/de\/#organization"},"potentialAction":[{"@type":"SearchAction","target":{"@type":"EntryPoint","urlTemplate":"https:\/\/www.loewen-apotheke24.com\/de\/?s={search_term_string}"},"query-input":"required name=search_term_string"}],"inLanguage":"de"},{"@type":"Organization","@id":"https:\/\/www.loewen-apotheke24.com\/de\/#organization","name":"L\u00f6wen Apotheke","alternateName":"L\u00f6wen Apotheke","url":"https:\/\/www.loewen-apotheke24.com\/de\/","logo":{"@type":"ImageObject","inLanguage":"de","@id":"https:\/\/www.loewen-apotheke24.com\/de\/#\/schema\/logo\/image\/","url":"https:\/\/www.loewen-apotheke24.com\/wp-content\/uploads\/2024\/02\/Logo-Loewen-Apotheke-700x700-1.png","contentUrl":"https:\/\/www.loewen-apotheke24.com\/wp-content\/uploads\/2024\/02\/Logo-Loewen-Apotheke-700x700-1.png","width":700,"height":700,"caption":"L\u00f6wen Apotheke"},"image":{"@id":"https:\/\/www.loewen-apotheke24.com\/de\/#\/schema\/logo\/image\/"}}]}},"_links":{"self":[{"href":"https:\/\/www.loewen-apotheke24.com\/de\/wp-json\/wp\/v2\/product\/1461"}],"collection":[{"href":"https:\/\/www.loewen-apotheke24.com\/de\/wp-json\/wp\/v2\/product"}],"about":[{"href":"https:\/\/www.loewen-apotheke24.com\/de\/wp-json\/wp\/v2\/types\/product"}],"wp:featuredmedia":[{"embeddable":true,"href":"https:\/\/www.loewen-apotheke24.com\/de\/wp-json\/wp\/v2\/media\/46796"}],"wp:attachment":[{"href":"https:\/\/www.loewen-apotheke24.com\/de\/wp-json\/wp\/v2\/media?parent=1461"}],"wp:term":[{"taxonomy":"product_cat","embeddable":true,"href":"https:\/\/www.loewen-apotheke24.com\/de\/wp-json\/wp\/v2\/product_cat?post=1461"},{"taxonomy":"product_tag","embeddable":true,"href":"https:\/\/www.loewen-apotheke24.com\/de\/wp-json\/wp\/v2\/product_tag?post=1461"}],"curies":[{"name":"wp","href":"https:\/\/api.w.org\/{rel}","templated":true}]}}