{"id":147294,"date":"2025-11-08T06:33:29","date_gmt":"2025-11-08T05:33:29","guid":{"rendered":"https:\/\/www.loewen-apotheke24.com\/?post_type=product&#038;p=147294"},"modified":"2025-11-08T06:49:04","modified_gmt":"2025-11-08T05:49:04","slug":"bepanthen-augen-u-nasensalbe","status":"publish","type":"product","link":"https:\/\/www.loewen-apotheke24.com\/de\/shop\/angebot\/bepanthen-augen-u-nasensalbe\/","title":{"rendered":"Bepanthen Augen und Nasensalbe (10g)"},"content":{"rendered":"<h3 style=\"text-align: left;\">Bepanthen Augen und Nasensalbe<\/h3>\n<p>Bepanthen Augen und Nasensalbe -Salbe zur Unterst\u00fctzung der Wundheilung bei oberfl\u00e4chlichen Hautsch\u00e4digungen an Auge und Nase.\u00a0Der Wirkstoff Dexpanthenol unterst\u00fctzt die nat\u00fcrliche Wundheilung unterst\u00fctzt die Bildung von neuem, gesundem Hautgewebe. Bepanthen Salbe f\u00fcr Augen und Nase unterst\u00fctzt sanft den nat\u00fcrlichen Heilungsprozess von Bindehaut, Hornhaut, bzw. Nasenschleimhaut und sorgt f\u00fcr eine nachhaltige Regeneration.<\/p>\n<p>Inhaltsstoffe<br \/>\nWirkstoff: Dexpanthenol (0.05 g) &#8211; Pantolacton &#8211; Paraffin, dickfl\u00fcssig &#8211; Vaselin<\/p>\n<p>Die sonstigen Bestandteile sind: Gebleichtes Wachs, Dickfl\u00fcssiges Paraffin, D\u00fcnnfl\u00fcssiges Paraffin-Wei\u00dfes Vaselin-Ceresin-Glycerolmonooleate (veg.)-Wollwachsalkohole-Gemisch (Protegin X), gereinigtes Wasser, Cetylalkohol (Ph.Eur.), Mandel\u00f6l, Stearylalkohol (Ph.Eur.), Wei\u00dfes Vaselin, Wollwachs.<\/p>\n<p>Weitere Produktdetails beim <a href=\"https:\/\/www.bepanthen.de\/wund-und-heilsalbe\" target=\"_blank\" rel=\"noopener\">Hersteller<\/a>.<\/p>\n<p>Andere Kunden interessierten sich auch f\u00fcr Produkte zum Thema: <a href=\"https:\/\/www.loewen-apotheke24.com\/de\/product_tag\/reiseapotheke\/\">Reiseapotheke\u00a0<\/a><\/p>\n<p>Zu Risiken und Nebenwirkungen lesen Sie die Packungsbeilage und fragen Sie Ihre \u00c4rztin oder Ihren Arzt oder fragen Sie in Ihrer Apotheke.<\/p>\n","protected":false},"excerpt":{"rendered":"<h2>Bepanthen Augen und Nasensalbe<\/h2>\n<p>Bepanthen Wund- und Heilsalbe bei oberfl\u00e4chlichen Hautsch\u00e4digungen an Auge und Nase.<\/p>\n<p><strong>PZN<\/strong>: 01578675 (Pharmazentralnummer)<\/p>\n<p><strong>Darreichungsform<\/strong>: Creme, Salbe<\/p>\n<p><strong>Verordnungsart<\/strong>: Rezeptfrei<\/p>\n<p><strong>Marke<\/strong>: Bepanthen<\/p>\n<p><strong>Hersteller<\/strong>: Bayer Vital GmbH<\/p>\n<p><strong>Packungsgr\u00f6\u00dfe<\/strong>: 10 g<\/p>\n","protected":false},"featured_media":147296,"template":"","meta":[],"product_cat":[13,1015,43],"product_tag":[458,406,470,459],"yoast_head":"<!-- This site is optimized with the Yoast SEO Premium plugin v21.0 (Yoast SEO v21.0) - https:\/\/yoast.com\/wordpress\/plugins\/seo\/ -->\n<title>Bepanthen Augen und Nasensalbe (10g) - L\u00f6wen Apotheke24<\/title>\n<meta name=\"description\" content=\"L\u00f6wen Apotheke24 - Spezialist f\u00fcr Naturheilkunde - kurze Lieferzeit - gratis Lieferung ab 30 \u20ac - Bepanthen Augen und Nasensalbe 10g\" \/>\n<meta name=\"robots\" content=\"index, follow, max-snippet:-1, max-image-preview:large, max-video-preview:-1\" \/>\n<link rel=\"canonical\" href=\"https:\/\/www.loewen-apotheke24.com\/de\/shop\/angebot\/bepanthen-augen-u-nasensalbe\/\" \/>\n<meta property=\"og:locale\" content=\"de_DE\" \/>\n<meta property=\"og:type\" content=\"article\" \/>\n<meta property=\"og:title\" content=\"Bepanthen Augen und Nasensalbe (10g) - L\u00f6wen Apotheke24\" \/>\n<meta property=\"og:description\" content=\"L\u00f6wen Apotheke24 - Spezialist f\u00fcr Naturheilkunde - kurze Lieferzeit - gratis Lieferung ab 30 \u20ac - Bepanthen Augen und Nasensalbe 10g\" \/>\n<meta property=\"og:url\" content=\"https:\/\/www.loewen-apotheke24.com\/de\/shop\/angebot\/bepanthen-augen-u-nasensalbe\/\" \/>\n<meta property=\"og:site_name\" content=\"L\u00f6wen Apotheke24\" \/>\n<meta property=\"article:modified_time\" content=\"2025-11-08T05:49:04+00:00\" \/>\n<meta property=\"og:image\" content=\"https:\/\/www.loewen-apotheke24.com\/wp-content\/uploads\/2025\/11\/Bepanthen-Augen-und-Nasensalbe-von-Bayer-Vital.webp\" \/>\n\t<meta property=\"og:image:width\" content=\"600\" \/>\n\t<meta property=\"og:image:height\" content=\"600\" \/>\n\t<meta property=\"og:image:type\" content=\"image\/webp\" \/>\n<meta name=\"twitter:card\" content=\"summary_large_image\" \/>\n<meta name=\"twitter:label1\" content=\"Gesch\u00e4tzte Lesezeit\" \/>\n\t<meta name=\"twitter:data1\" content=\"1\u00a0Minute\" \/>\n<script type=\"application\/ld+json\" class=\"yoast-schema-graph\">{\"@context\":\"https:\/\/schema.org\",\"@graph\":[{\"@type\":\"WebPage\",\"@id\":\"https:\/\/www.loewen-apotheke24.com\/de\/shop\/angebot\/bepanthen-augen-u-nasensalbe\/\",\"url\":\"https:\/\/www.loewen-apotheke24.com\/de\/shop\/angebot\/bepanthen-augen-u-nasensalbe\/\",\"name\":\"Bepanthen Augen und Nasensalbe (10g) - L\u00f6wen Apotheke24\",\"isPartOf\":{\"@id\":\"https:\/\/www.loewen-apotheke24.com\/de\/#website\"},\"datePublished\":\"2025-11-08T05:33:29+00:00\",\"dateModified\":\"2025-11-08T05:49:04+00:00\",\"description\":\"L\u00f6wen Apotheke24 - Spezialist f\u00fcr Naturheilkunde - kurze Lieferzeit - gratis Lieferung ab 30 \u20ac - Bepanthen Augen und Nasensalbe 10g\",\"breadcrumb\":{\"@id\":\"https:\/\/www.loewen-apotheke24.com\/de\/shop\/angebot\/bepanthen-augen-u-nasensalbe\/#breadcrumb\"},\"inLanguage\":\"de\",\"potentialAction\":[{\"@type\":\"ReadAction\",\"target\":[\"https:\/\/www.loewen-apotheke24.com\/de\/shop\/angebot\/bepanthen-augen-u-nasensalbe\/\"]}]},{\"@type\":\"BreadcrumbList\",\"@id\":\"https:\/\/www.loewen-apotheke24.com\/de\/shop\/angebot\/bepanthen-augen-u-nasensalbe\/#breadcrumb\",\"itemListElement\":[{\"@type\":\"ListItem\",\"position\":1,\"name\":\"Shop\",\"item\":\"https:\/\/www.loewen-apotheke24.com\/de\/shop\/\"},{\"@type\":\"ListItem\",\"position\":2,\"name\":\"Bepanthen Augen und Nasensalbe (10g)\"}]},{\"@type\":\"WebSite\",\"@id\":\"https:\/\/www.loewen-apotheke24.com\/de\/#website\",\"url\":\"https:\/\/www.loewen-apotheke24.com\/de\/\",\"name\":\"L\u00f6wen Apotheke24\",\"description\":\"Spezialist f\u00fcr Naturmedizin - Versandapotheke Baden-Baden\",\"publisher\":{\"@id\":\"https:\/\/www.loewen-apotheke24.com\/de\/#organization\"},\"potentialAction\":[{\"@type\":\"SearchAction\",\"target\":{\"@type\":\"EntryPoint\",\"urlTemplate\":\"https:\/\/www.loewen-apotheke24.com\/de\/?s={search_term_string}\"},\"query-input\":\"required name=search_term_string\"}],\"inLanguage\":\"de\"},{\"@type\":\"Organization\",\"@id\":\"https:\/\/www.loewen-apotheke24.com\/de\/#organization\",\"name\":\"L\u00f6wen Apotheke\",\"alternateName\":\"L\u00f6wen Apotheke\",\"url\":\"https:\/\/www.loewen-apotheke24.com\/de\/\",\"logo\":{\"@type\":\"ImageObject\",\"inLanguage\":\"de\",\"@id\":\"https:\/\/www.loewen-apotheke24.com\/de\/#\/schema\/logo\/image\/\",\"url\":\"https:\/\/www.loewen-apotheke24.com\/wp-content\/uploads\/2024\/02\/Logo-Loewen-Apotheke-700x700-1.png\",\"contentUrl\":\"https:\/\/www.loewen-apotheke24.com\/wp-content\/uploads\/2024\/02\/Logo-Loewen-Apotheke-700x700-1.png\",\"width\":700,\"height\":700,\"caption\":\"L\u00f6wen Apotheke\"},\"image\":{\"@id\":\"https:\/\/www.loewen-apotheke24.com\/de\/#\/schema\/logo\/image\/\"}}]}<\/script>\n<!-- \/ Yoast SEO Premium plugin. -->","yoast_head_json":{"title":"Bepanthen Augen und Nasensalbe (10g) - L\u00f6wen Apotheke24","description":"L\u00f6wen Apotheke24 - Spezialist f\u00fcr Naturheilkunde - kurze Lieferzeit - gratis Lieferung ab 30 \u20ac - Bepanthen Augen und Nasensalbe 10g","robots":{"index":"index","follow":"follow","max-snippet":"max-snippet:-1","max-image-preview":"max-image-preview:large","max-video-preview":"max-video-preview:-1"},"canonical":"https:\/\/www.loewen-apotheke24.com\/de\/shop\/angebot\/bepanthen-augen-u-nasensalbe\/","og_locale":"de_DE","og_type":"article","og_title":"Bepanthen Augen und Nasensalbe (10g) - L\u00f6wen Apotheke24","og_description":"L\u00f6wen Apotheke24 - Spezialist f\u00fcr Naturheilkunde - kurze Lieferzeit - gratis Lieferung ab 30 \u20ac - Bepanthen Augen und Nasensalbe 10g","og_url":"https:\/\/www.loewen-apotheke24.com\/de\/shop\/angebot\/bepanthen-augen-u-nasensalbe\/","og_site_name":"L\u00f6wen Apotheke24","article_modified_time":"2025-11-08T05:49:04+00:00","og_image":[{"width":600,"height":600,"url":"https:\/\/www.loewen-apotheke24.com\/wp-content\/uploads\/2025\/11\/Bepanthen-Augen-und-Nasensalbe-von-Bayer-Vital.webp","type":"image\/webp"}],"twitter_card":"summary_large_image","twitter_misc":{"Gesch\u00e4tzte Lesezeit":"1\u00a0Minute"},"schema":{"@context":"https:\/\/schema.org","@graph":[{"@type":"WebPage","@id":"https:\/\/www.loewen-apotheke24.com\/de\/shop\/angebot\/bepanthen-augen-u-nasensalbe\/","url":"https:\/\/www.loewen-apotheke24.com\/de\/shop\/angebot\/bepanthen-augen-u-nasensalbe\/","name":"Bepanthen Augen und Nasensalbe (10g) - L\u00f6wen Apotheke24","isPartOf":{"@id":"https:\/\/www.loewen-apotheke24.com\/de\/#website"},"datePublished":"2025-11-08T05:33:29+00:00","dateModified":"2025-11-08T05:49:04+00:00","description":"L\u00f6wen Apotheke24 - Spezialist f\u00fcr Naturheilkunde - kurze Lieferzeit - gratis Lieferung ab 30 \u20ac - Bepanthen Augen und Nasensalbe 10g","breadcrumb":{"@id":"https:\/\/www.loewen-apotheke24.com\/de\/shop\/angebot\/bepanthen-augen-u-nasensalbe\/#breadcrumb"},"inLanguage":"de","potentialAction":[{"@type":"ReadAction","target":["https:\/\/www.loewen-apotheke24.com\/de\/shop\/angebot\/bepanthen-augen-u-nasensalbe\/"]}]},{"@type":"BreadcrumbList","@id":"https:\/\/www.loewen-apotheke24.com\/de\/shop\/angebot\/bepanthen-augen-u-nasensalbe\/#breadcrumb","itemListElement":[{"@type":"ListItem","position":1,"name":"Shop","item":"https:\/\/www.loewen-apotheke24.com\/de\/shop\/"},{"@type":"ListItem","position":2,"name":"Bepanthen Augen und Nasensalbe (10g)"}]},{"@type":"WebSite","@id":"https:\/\/www.loewen-apotheke24.com\/de\/#website","url":"https:\/\/www.loewen-apotheke24.com\/de\/","name":"L\u00f6wen Apotheke24","description":"Spezialist f\u00fcr Naturmedizin - Versandapotheke Baden-Baden","publisher":{"@id":"https:\/\/www.loewen-apotheke24.com\/de\/#organization"},"potentialAction":[{"@type":"SearchAction","target":{"@type":"EntryPoint","urlTemplate":"https:\/\/www.loewen-apotheke24.com\/de\/?s={search_term_string}"},"query-input":"required name=search_term_string"}],"inLanguage":"de"},{"@type":"Organization","@id":"https:\/\/www.loewen-apotheke24.com\/de\/#organization","name":"L\u00f6wen Apotheke","alternateName":"L\u00f6wen Apotheke","url":"https:\/\/www.loewen-apotheke24.com\/de\/","logo":{"@type":"ImageObject","inLanguage":"de","@id":"https:\/\/www.loewen-apotheke24.com\/de\/#\/schema\/logo\/image\/","url":"https:\/\/www.loewen-apotheke24.com\/wp-content\/uploads\/2024\/02\/Logo-Loewen-Apotheke-700x700-1.png","contentUrl":"https:\/\/www.loewen-apotheke24.com\/wp-content\/uploads\/2024\/02\/Logo-Loewen-Apotheke-700x700-1.png","width":700,"height":700,"caption":"L\u00f6wen Apotheke"},"image":{"@id":"https:\/\/www.loewen-apotheke24.com\/de\/#\/schema\/logo\/image\/"}}]}},"_links":{"self":[{"href":"https:\/\/www.loewen-apotheke24.com\/de\/wp-json\/wp\/v2\/product\/147294"}],"collection":[{"href":"https:\/\/www.loewen-apotheke24.com\/de\/wp-json\/wp\/v2\/product"}],"about":[{"href":"https:\/\/www.loewen-apotheke24.com\/de\/wp-json\/wp\/v2\/types\/product"}],"wp:featuredmedia":[{"embeddable":true,"href":"https:\/\/www.loewen-apotheke24.com\/de\/wp-json\/wp\/v2\/media\/147296"}],"wp:attachment":[{"href":"https:\/\/www.loewen-apotheke24.com\/de\/wp-json\/wp\/v2\/media?parent=147294"}],"wp:term":[{"taxonomy":"product_cat","embeddable":true,"href":"https:\/\/www.loewen-apotheke24.com\/de\/wp-json\/wp\/v2\/product_cat?post=147294"},{"taxonomy":"product_tag","embeddable":true,"href":"https:\/\/www.loewen-apotheke24.com\/de\/wp-json\/wp\/v2\/product_tag?post=147294"}],"curies":[{"name":"wp","href":"https:\/\/api.w.org\/{rel}","templated":true}]}}