{"id":147304,"date":"2025-11-08T07:09:58","date_gmt":"2025-11-08T06:09:58","guid":{"rendered":"https:\/\/www.loewen-apotheke24.com\/?post_type=product&#038;p=147304"},"modified":"2025-12-11T07:05:28","modified_gmt":"2025-12-11T06:05:28","slug":"nasenspray-ratiopharm-erwachsene-10ml-00999831","status":"publish","type":"product","link":"https:\/\/www.loewen-apotheke24.com\/de\/shop\/angebot\/nasenspray-ratiopharm-erwachsene-10ml-00999831\/","title":{"rendered":"NASENSPRAY-ratiopharm Erwachsene (10 ml)"},"content":{"rendered":"<h3 style=\"text-align: left;\">NASENSPRAY-ratiopharm Erwachsene<\/h3>\n<p>NASENSPRAY-ratiopharm Erwachsene konservierungsmittelfrei bei Schnupfen, Flie\u00dfschnupfen, Allergischer Schnupfen, z.B. Heuschnupfen, Nasennebenh\u00f6hlenentz\u00fcndung (Sinusitis), \u00a0Tubenkatarrh mit Schnupfen.<\/p>\n<p>Abschwellende Nasensprays wie NasenSpray-ratiopharm\u00ae k\u00f6nnen durch die Verbesserung des Sekretabflusses das Auftreten einer Nasennebenh\u00f6hlenentz\u00fcndung reduzieren. Mit einer Anwendung k\u00f6nnen Schnupfensymptome f\u00fcr sechs bis acht Stunden gelindert werden. Alle Schnupfensprays von ratiopharm sind frei von sch\u00e4digenden Konservierungsstoffen. Nach Anbruch ist NasenSpray-ratiopharm\u00ae 6 Monate haltbar.<\/p>\n<p>Weitere Produktdetails finden Sie beim <a href=\"https:\/\/www.ratiopharm.de\/\" target=\"_blank\" rel=\"noopener\">Hersteller:<\/a> ratiopharm.<\/p>\n<p>Andere Kunden interessierten sich auch f\u00fcr Produkte zum Thema: <a href=\"https:\/\/www.loewen-apotheke24.com\/de\/product_tag\/grippe\/\">Grippe &amp; Erk\u00e4ltung<\/a> \u00a0|\u00a0 <a href=\"https:\/\/www.loewen-apotheke24.com\/de\/product_tag\/reiseapotheke\/\">Reiseapotheke<\/a><\/p>\n<p>Informationen auf dieser Website werden ausschlie\u00dflich f\u00fcr informative Zwecke zur Verf\u00fcgung gestellt. Sie ersetzen keinesfalls die Untersuchung und Behandlung durch einen Arzt. Bitte beachten Sie, dass hierdurch weder Diagnosen gestellt noch Therapien eingeleitet werden k\u00f6nnen.<\/p>\n<p>Lesen Sie die <a href=\"https:\/\/www.loewen-apotheke24.com\/wp-content\/uploads\/2024\/09\/00999848.pdf\">Packungsbeilage ratiopharm nasenspray<\/a>.<\/p>\n<p>Zu Risiken und Nebenwirkungen lesen Sie die Packungsbeilage und fragen Sie Ihre \u00c4rztin oder Ihren Arzt oder fragen Sie in Ihrer Apotheke.<\/p>\n<p>&nbsp;<\/p>\n<h3 style=\"text-align: left;\">Rezept | E-Rezept vorhanden?<\/h3>\n<p>Reichen Sie jetzt Ihr E-Rezept ein. Nutzen Sie unsere <a href=\"https:\/\/e-rezept-app.de\/shop-rezept\" target=\"_blank\" rel=\"noopener\">E-Rezept<\/a> App. Und wir schenken Ihnen die Versandkosten in Deutschland!<\/p>\n","protected":false},"excerpt":{"rendered":"<h2>NASENSPRAY-ratiopharm Erwachsene<\/h2>\n<p>Nasenspray f\u00fcr Erwachsene (konservierungsmittelfrei) bei Schnupfen, Flie\u00dfschnupfen, Allergischer Schnupfen, z.B. Heuschnupfen, Nasennebenh\u00f6hlenentz\u00fcndung (Sinusitis), Tubenkatarrh mit Schnupfen.<\/p>\n<p><strong>PZN<\/strong>: 00999831 (Pharmazentralnummer)<\/p>\n<p><strong>Darreichungsform<\/strong>: Spray<\/p>\n<p><strong>Verordnungsart<\/strong>: Rezeptfrei<\/p>\n<p><strong>Hersteller<\/strong>: ratiopharm GmbH<\/p>\n<p><strong>Packungsgr\u00f6\u00dfe<\/strong>: 10 ml<\/p>\n","protected":false},"featured_media":147306,"template":"","meta":[],"product_cat":[13,43,1013],"product_tag":[220,426,457,470,221],"yoast_head":"<!-- This site is optimized with the Yoast SEO Premium plugin v21.0 (Yoast SEO v21.0) - https:\/\/yoast.com\/wordpress\/plugins\/seo\/ -->\n<title>NASENSPRAY-ratiopharm Erwachsene (10 ml) - L\u00f6wen Apotheke24<\/title>\n<meta name=\"description\" content=\"L\u00f6wen Apotheke24 - Spezialist f\u00fcr Naturheilkunde - kurze Lieferzeit - gratis Lieferung ab 30 \u20ac - PZN 00999831 | NASENSPRAY-ratiopharm Erwachsene 10ml\" \/>\n<meta name=\"robots\" content=\"index, follow, max-snippet:-1, max-image-preview:large, max-video-preview:-1\" \/>\n<link rel=\"canonical\" href=\"https:\/\/www.loewen-apotheke24.com\/de\/shop\/angebot\/nasenspray-ratiopharm-erwachsene-10ml-00999831\/\" \/>\n<meta property=\"og:locale\" content=\"de_DE\" \/>\n<meta property=\"og:type\" content=\"article\" \/>\n<meta property=\"og:title\" content=\"NASENSPRAY-ratiopharm Erwachsene (10 ml) - L\u00f6wen Apotheke24\" \/>\n<meta property=\"og:description\" content=\"L\u00f6wen Apotheke24 - Spezialist f\u00fcr Naturheilkunde - kurze Lieferzeit - gratis Lieferung ab 30 \u20ac - PZN 00999831 | NASENSPRAY-ratiopharm Erwachsene 10ml\" \/>\n<meta property=\"og:url\" content=\"https:\/\/www.loewen-apotheke24.com\/de\/shop\/angebot\/nasenspray-ratiopharm-erwachsene-10ml-00999831\/\" \/>\n<meta property=\"og:site_name\" content=\"L\u00f6wen Apotheke24\" \/>\n<meta property=\"article:modified_time\" content=\"2025-12-11T06:05:28+00:00\" \/>\n<meta property=\"og:image\" content=\"https:\/\/www.loewen-apotheke24.com\/wp-content\/uploads\/2025\/11\/NasenSpray-ratiopharm\u00ae-Erwachsene-10ml.webp\" \/>\n\t<meta property=\"og:image:width\" content=\"600\" \/>\n\t<meta property=\"og:image:height\" content=\"600\" \/>\n\t<meta property=\"og:image:type\" content=\"image\/webp\" \/>\n<meta name=\"twitter:card\" content=\"summary_large_image\" \/>\n<meta name=\"twitter:label1\" content=\"Gesch\u00e4tzte Lesezeit\" \/>\n\t<meta name=\"twitter:data1\" content=\"1\u00a0Minute\" \/>\n<script type=\"application\/ld+json\" class=\"yoast-schema-graph\">{\"@context\":\"https:\/\/schema.org\",\"@graph\":[{\"@type\":\"WebPage\",\"@id\":\"https:\/\/www.loewen-apotheke24.com\/de\/shop\/angebot\/nasenspray-ratiopharm-erwachsene-10ml-00999831\/\",\"url\":\"https:\/\/www.loewen-apotheke24.com\/de\/shop\/angebot\/nasenspray-ratiopharm-erwachsene-10ml-00999831\/\",\"name\":\"NASENSPRAY-ratiopharm Erwachsene (10 ml) - L\u00f6wen Apotheke24\",\"isPartOf\":{\"@id\":\"https:\/\/www.loewen-apotheke24.com\/de\/#website\"},\"datePublished\":\"2025-11-08T06:09:58+00:00\",\"dateModified\":\"2025-12-11T06:05:28+00:00\",\"description\":\"L\u00f6wen Apotheke24 - Spezialist f\u00fcr Naturheilkunde - kurze Lieferzeit - gratis Lieferung ab 30 \u20ac - PZN 00999831 | NASENSPRAY-ratiopharm Erwachsene 10ml\",\"breadcrumb\":{\"@id\":\"https:\/\/www.loewen-apotheke24.com\/de\/shop\/angebot\/nasenspray-ratiopharm-erwachsene-10ml-00999831\/#breadcrumb\"},\"inLanguage\":\"de\",\"potentialAction\":[{\"@type\":\"ReadAction\",\"target\":[\"https:\/\/www.loewen-apotheke24.com\/de\/shop\/angebot\/nasenspray-ratiopharm-erwachsene-10ml-00999831\/\"]}]},{\"@type\":\"BreadcrumbList\",\"@id\":\"https:\/\/www.loewen-apotheke24.com\/de\/shop\/angebot\/nasenspray-ratiopharm-erwachsene-10ml-00999831\/#breadcrumb\",\"itemListElement\":[{\"@type\":\"ListItem\",\"position\":1,\"name\":\"Shop\",\"item\":\"https:\/\/www.loewen-apotheke24.com\/de\/shop\/\"},{\"@type\":\"ListItem\",\"position\":2,\"name\":\"NASENSPRAY-ratiopharm Erwachsene (10 ml)\"}]},{\"@type\":\"WebSite\",\"@id\":\"https:\/\/www.loewen-apotheke24.com\/de\/#website\",\"url\":\"https:\/\/www.loewen-apotheke24.com\/de\/\",\"name\":\"L\u00f6wen Apotheke24\",\"description\":\"Spezialist f\u00fcr Naturmedizin - Versandapotheke Baden-Baden\",\"publisher\":{\"@id\":\"https:\/\/www.loewen-apotheke24.com\/de\/#organization\"},\"potentialAction\":[{\"@type\":\"SearchAction\",\"target\":{\"@type\":\"EntryPoint\",\"urlTemplate\":\"https:\/\/www.loewen-apotheke24.com\/de\/?s={search_term_string}\"},\"query-input\":\"required name=search_term_string\"}],\"inLanguage\":\"de\"},{\"@type\":\"Organization\",\"@id\":\"https:\/\/www.loewen-apotheke24.com\/de\/#organization\",\"name\":\"L\u00f6wen Apotheke\",\"alternateName\":\"L\u00f6wen Apotheke\",\"url\":\"https:\/\/www.loewen-apotheke24.com\/de\/\",\"logo\":{\"@type\":\"ImageObject\",\"inLanguage\":\"de\",\"@id\":\"https:\/\/www.loewen-apotheke24.com\/de\/#\/schema\/logo\/image\/\",\"url\":\"https:\/\/www.loewen-apotheke24.com\/wp-content\/uploads\/2024\/02\/Logo-Loewen-Apotheke-700x700-1.png\",\"contentUrl\":\"https:\/\/www.loewen-apotheke24.com\/wp-content\/uploads\/2024\/02\/Logo-Loewen-Apotheke-700x700-1.png\",\"width\":700,\"height\":700,\"caption\":\"L\u00f6wen Apotheke\"},\"image\":{\"@id\":\"https:\/\/www.loewen-apotheke24.com\/de\/#\/schema\/logo\/image\/\"}}]}<\/script>\n<!-- \/ Yoast SEO Premium plugin. -->","yoast_head_json":{"title":"NASENSPRAY-ratiopharm Erwachsene (10 ml) - L\u00f6wen Apotheke24","description":"L\u00f6wen Apotheke24 - Spezialist f\u00fcr Naturheilkunde - kurze Lieferzeit - gratis Lieferung ab 30 \u20ac - PZN 00999831 | NASENSPRAY-ratiopharm Erwachsene 10ml","robots":{"index":"index","follow":"follow","max-snippet":"max-snippet:-1","max-image-preview":"max-image-preview:large","max-video-preview":"max-video-preview:-1"},"canonical":"https:\/\/www.loewen-apotheke24.com\/de\/shop\/angebot\/nasenspray-ratiopharm-erwachsene-10ml-00999831\/","og_locale":"de_DE","og_type":"article","og_title":"NASENSPRAY-ratiopharm Erwachsene (10 ml) - L\u00f6wen Apotheke24","og_description":"L\u00f6wen Apotheke24 - Spezialist f\u00fcr Naturheilkunde - kurze Lieferzeit - gratis Lieferung ab 30 \u20ac - PZN 00999831 | NASENSPRAY-ratiopharm Erwachsene 10ml","og_url":"https:\/\/www.loewen-apotheke24.com\/de\/shop\/angebot\/nasenspray-ratiopharm-erwachsene-10ml-00999831\/","og_site_name":"L\u00f6wen Apotheke24","article_modified_time":"2025-12-11T06:05:28+00:00","og_image":[{"width":600,"height":600,"url":"https:\/\/www.loewen-apotheke24.com\/wp-content\/uploads\/2025\/11\/NasenSpray-ratiopharm\u00ae-Erwachsene-10ml.webp","type":"image\/webp"}],"twitter_card":"summary_large_image","twitter_misc":{"Gesch\u00e4tzte Lesezeit":"1\u00a0Minute"},"schema":{"@context":"https:\/\/schema.org","@graph":[{"@type":"WebPage","@id":"https:\/\/www.loewen-apotheke24.com\/de\/shop\/angebot\/nasenspray-ratiopharm-erwachsene-10ml-00999831\/","url":"https:\/\/www.loewen-apotheke24.com\/de\/shop\/angebot\/nasenspray-ratiopharm-erwachsene-10ml-00999831\/","name":"NASENSPRAY-ratiopharm Erwachsene (10 ml) - L\u00f6wen Apotheke24","isPartOf":{"@id":"https:\/\/www.loewen-apotheke24.com\/de\/#website"},"datePublished":"2025-11-08T06:09:58+00:00","dateModified":"2025-12-11T06:05:28+00:00","description":"L\u00f6wen Apotheke24 - Spezialist f\u00fcr Naturheilkunde - kurze Lieferzeit - gratis Lieferung ab 30 \u20ac - PZN 00999831 | NASENSPRAY-ratiopharm Erwachsene 10ml","breadcrumb":{"@id":"https:\/\/www.loewen-apotheke24.com\/de\/shop\/angebot\/nasenspray-ratiopharm-erwachsene-10ml-00999831\/#breadcrumb"},"inLanguage":"de","potentialAction":[{"@type":"ReadAction","target":["https:\/\/www.loewen-apotheke24.com\/de\/shop\/angebot\/nasenspray-ratiopharm-erwachsene-10ml-00999831\/"]}]},{"@type":"BreadcrumbList","@id":"https:\/\/www.loewen-apotheke24.com\/de\/shop\/angebot\/nasenspray-ratiopharm-erwachsene-10ml-00999831\/#breadcrumb","itemListElement":[{"@type":"ListItem","position":1,"name":"Shop","item":"https:\/\/www.loewen-apotheke24.com\/de\/shop\/"},{"@type":"ListItem","position":2,"name":"NASENSPRAY-ratiopharm Erwachsene (10 ml)"}]},{"@type":"WebSite","@id":"https:\/\/www.loewen-apotheke24.com\/de\/#website","url":"https:\/\/www.loewen-apotheke24.com\/de\/","name":"L\u00f6wen Apotheke24","description":"Spezialist f\u00fcr Naturmedizin - Versandapotheke Baden-Baden","publisher":{"@id":"https:\/\/www.loewen-apotheke24.com\/de\/#organization"},"potentialAction":[{"@type":"SearchAction","target":{"@type":"EntryPoint","urlTemplate":"https:\/\/www.loewen-apotheke24.com\/de\/?s={search_term_string}"},"query-input":"required name=search_term_string"}],"inLanguage":"de"},{"@type":"Organization","@id":"https:\/\/www.loewen-apotheke24.com\/de\/#organization","name":"L\u00f6wen Apotheke","alternateName":"L\u00f6wen Apotheke","url":"https:\/\/www.loewen-apotheke24.com\/de\/","logo":{"@type":"ImageObject","inLanguage":"de","@id":"https:\/\/www.loewen-apotheke24.com\/de\/#\/schema\/logo\/image\/","url":"https:\/\/www.loewen-apotheke24.com\/wp-content\/uploads\/2024\/02\/Logo-Loewen-Apotheke-700x700-1.png","contentUrl":"https:\/\/www.loewen-apotheke24.com\/wp-content\/uploads\/2024\/02\/Logo-Loewen-Apotheke-700x700-1.png","width":700,"height":700,"caption":"L\u00f6wen Apotheke"},"image":{"@id":"https:\/\/www.loewen-apotheke24.com\/de\/#\/schema\/logo\/image\/"}}]}},"_links":{"self":[{"href":"https:\/\/www.loewen-apotheke24.com\/de\/wp-json\/wp\/v2\/product\/147304"}],"collection":[{"href":"https:\/\/www.loewen-apotheke24.com\/de\/wp-json\/wp\/v2\/product"}],"about":[{"href":"https:\/\/www.loewen-apotheke24.com\/de\/wp-json\/wp\/v2\/types\/product"}],"wp:featuredmedia":[{"embeddable":true,"href":"https:\/\/www.loewen-apotheke24.com\/de\/wp-json\/wp\/v2\/media\/147306"}],"wp:attachment":[{"href":"https:\/\/www.loewen-apotheke24.com\/de\/wp-json\/wp\/v2\/media?parent=147304"}],"wp:term":[{"taxonomy":"product_cat","embeddable":true,"href":"https:\/\/www.loewen-apotheke24.com\/de\/wp-json\/wp\/v2\/product_cat?post=147304"},{"taxonomy":"product_tag","embeddable":true,"href":"https:\/\/www.loewen-apotheke24.com\/de\/wp-json\/wp\/v2\/product_tag?post=147304"}],"curies":[{"name":"wp","href":"https:\/\/api.w.org\/{rel}","templated":true}]}}