{"id":147578,"date":"2025-11-11T06:24:11","date_gmt":"2025-11-11T05:24:11","guid":{"rendered":"https:\/\/www.loewen-apotheke24.com\/?post_type=product&#038;p=147578"},"modified":"2025-11-11T06:51:05","modified_gmt":"2025-11-11T05:51:05","slug":"vigantolvit-2000-i-e-vitamin-d3-120-st-12423869","status":"publish","type":"product","link":"https:\/\/www.loewen-apotheke24.com\/de\/shop\/angebot\/vigantolvit-2000-i-e-vitamin-d3-120-st-12423869\/","title":{"rendered":"VIGANTOLVIT 2000 I.E. Vitamin D3 (120 St.)"},"content":{"rendered":"<h3 style=\"text-align: left;\">VIGANTOLVIT 2000 I.E. Vitamin D3<\/h3>\n<p>VIGANTOLVIT mit Vitamin D3 zum Erhalt des normalen Vitamin-D-Haushalts und zur Unterst\u00fctzung der Immunabwehr f\u00fcr eine normale Funktion von Knochen und Muskeln<\/p>\n<p>Inhaltsstoffe: Enth\u00e4lt mittelkettige Triglyceride (aus Kokosnuss- und Palm\u00f6l), Rindergelatine, Festigungsmittel: Glycerin, Antioxidationsmittel: Alpha-Tocopherol, Cholecalciferol (Vitamin D3).<\/p>\n<p>Anwendungsbereich:<\/p>\n<p>Einnahme: 1 x t\u00e4glich eine Kapsel mit ausreichend Fl\u00fcssigkeit zu einer Mahlzeit schlucken.<\/p>\n<p>Packungsbeilage und Lebensmittelinformation (PDF):\u00a0 <a href=\"https:\/\/www.loewen-apotheke24.com\/wp-content\/uploads\/2025\/11\/VIGANTOLVIT-2000-I.E.-Vitamin-D3-PZN-12423869.pdf\">VIGANTOLVIT 2000 I.E. Vitamin D3, PZN 12423869<\/a><\/p>\n<p>Andere Kunden interessierten sich auch f\u00fcr Produkte zum Thema: \u00a0<a href=\"https:\/\/www.loewen-apotheke24.com\/de\/product_tag\/reiseapotheke\/\">Reiseapotheke<\/a> | <a href=\"https:\/\/www.loewen-apotheke24.com\/de\/product_tag\/longevity\/\">longevity<\/a><\/p>\n<p>Hinweis zur Anwendung und Einnahme: Die auf dieser Website bereitgestellten Informationen dienen ausschlie\u00dflich der allgemeinen Information und ersetzen nicht die fachliche Beratung, Diagnose oder Behandlung durch einen Arzt. Nahrungserg\u00e4nzungsmittel sind kein Ersatz f\u00fcr eine ausgewogene, abwechslungsreiche Ern\u00e4hrung und eine gesunde Lebensweise.<\/p>\n<p>Zu Risiken und Nebenwirkungen lesen Sie die Packungsbeilage und fragen Sie Ihre \u00c4rztin, Ihren Arzt oder in Ihrer Apotheke.<\/p>\n<h3 style=\"text-align: left;\">Rezept oder E-Rezept einl\u00f6sen:<\/h3>\n<p>Sie haben ein Rezept oder E-Rezept? Reichen Sie es bequem \u00fcber unsere\u00a0<a class=\"ProsemirrorEditor-link\" href=\"https:\/\/e-rezept-app.de\/shop-rezept\">E-Rezept<\/a>\u00a0App ein \u2013 auch Privatrezepte f\u00fcr Selbstzahler sind m\u00f6glich. Schnell, sicher und einfach.<\/p>\n<h3 class=\"TypographyPresentation TypographyPresentation--medium RichText3-paragraph--withVSpacingNormal RichText3-paragraph HighlightSol HighlightSol--buildingBlock\" style=\"text-align: left;\">Fragen zum Produkt? Wir sind f\u00fcr Sie da!<\/h3>\n<p class=\"TypographyPresentation TypographyPresentation--medium RichText3-paragraph--withVSpacingNormal RichText3-paragraph HighlightSol HighlightSol--buildingBlock\">Unsere verantwortliche Apothekerin\u00a0<strong>Dr. Sandra Hoff<\/strong>\u00a0und ihr Team beraten Sie gerne pers\u00f6nlich \u2013 telefonisch oder per E-Mail. Als\u00a0<strong>echte Apotheke vor Ort<\/strong>\u00a0und\u00a0<strong>zugelassene Versandapotheke<\/strong>\u00a0bieten wir Ihnen kompetente Unterst\u00fctzung, besonders in den Bereichen\u00a0<a href=\"https:\/\/www.loewen-apotheke24.com\/de\/product_tag\/naturheilmittel\/\">Naturheilkunde<\/a>\u00a0und\u00a0<a href=\"https:\/\/www.loewen-apotheke24.com\/de\/product_tag\/vitamine-mineralien-nahrungsergaenzung\/\">Nahrungserg\u00e4nzungsmittel<\/a>. Unsere Erlaubnis finden Sie als\u00a0<a href=\"https:\/\/versandhandel.dimdi.de\/websearch\/servlet\/Gate;jsessionid=0D29D15655BE1174E9178A340E8FE6BC?accessid=dimdi_var&amp;term=3c387956690121ccc8763184f052b93f\" target=\"_blank\" rel=\"noopener\">Eintrag im Versandhandelsregister.<\/a><\/p>\n","protected":false},"excerpt":{"rendered":"<h2 style=\"text-align: left;\">VIGANTOLVIT 2000 I.E. Vitamin D3<\/h2>\n<p>Erhalt des normalen Vitamin-D-Haushalts und zur Unterst\u00fctzung der Immunabwehr f\u00fcr eine normale Funktion von Knochen und Muskeln.<\/p>\n<p><strong>PZN:<\/strong> 12423869 (Pharmazentralnummer)<\/p>\n<p><strong>Darreichungsform<\/strong>: Tabletten<\/p>\n<p><strong>Verordnungsart<\/strong>: Rezeptfrei<\/p>\n<p><strong>Hersteller<\/strong>: WICK Pharma, 65824 Schwalbach am Taunus, Deutschland<\/p>\n<p><strong>Packungsgr\u00f6\u00dfe<\/strong>: 120 St\u00fcck<\/p>\n","protected":false},"featured_media":147582,"template":"","meta":[],"product_cat":[13,43],"product_tag":[1035,139,1033,170,470,469],"yoast_head":"<!-- This site is optimized with the Yoast SEO Premium plugin v21.0 (Yoast SEO v21.0) - https:\/\/yoast.com\/wordpress\/plugins\/seo\/ -->\n<title>VIGANTOLVIT 2000 I.E. Vitamin D3 (120 St.) g\u00fcnstig kaufen<\/title>\n<meta name=\"description\" content=\"Top-Service, kurze Lieferzeit, gratis Lieferung ab 30 \u20ac. VIGANTOLVIT 2000 I.E. Vitamin D3 (120 St.). Nahrungserg\u00e4nzungsmittel bei Herzrhythmusst\u00f6rungen\" \/>\n<meta name=\"robots\" content=\"index, follow, max-snippet:-1, max-image-preview:large, max-video-preview:-1\" \/>\n<link rel=\"canonical\" href=\"https:\/\/www.loewen-apotheke24.com\/de\/shop\/angebot\/vigantolvit-2000-i-e-vitamin-d3-120-st-12423869\/\" \/>\n<meta property=\"og:locale\" content=\"de_DE\" \/>\n<meta property=\"og:type\" content=\"article\" \/>\n<meta property=\"og:title\" content=\"VIGANTOLVIT 2000 I.E. Vitamin D3 (120 St.) g\u00fcnstig kaufen\" \/>\n<meta property=\"og:description\" content=\"Top-Service, kurze Lieferzeit, gratis Lieferung ab 30 \u20ac. VIGANTOLVIT 2000 I.E. Vitamin D3 (120 St.). Nahrungserg\u00e4nzungsmittel bei Herzrhythmusst\u00f6rungen\" \/>\n<meta property=\"og:url\" content=\"https:\/\/www.loewen-apotheke24.com\/de\/shop\/angebot\/vigantolvit-2000-i-e-vitamin-d3-120-st-12423869\/\" \/>\n<meta property=\"og:site_name\" content=\"L\u00f6wen Apotheke24\" \/>\n<meta property=\"article:modified_time\" content=\"2025-11-11T05:51:05+00:00\" \/>\n<meta property=\"og:image\" content=\"https:\/\/www.loewen-apotheke24.com\/wp-content\/uploads\/2025\/11\/VIGANTOLVIT-2000-I.E.-Vitamin-D3-Loewen-Apotheke-Lions-Pharmacy.webp\" \/>\n\t<meta property=\"og:image:width\" content=\"600\" \/>\n\t<meta property=\"og:image:height\" content=\"600\" \/>\n\t<meta property=\"og:image:type\" content=\"image\/webp\" \/>\n<meta name=\"twitter:card\" content=\"summary_large_image\" \/>\n<meta name=\"twitter:label1\" content=\"Gesch\u00e4tzte Lesezeit\" \/>\n\t<meta name=\"twitter:data1\" content=\"2\u00a0Minuten\" \/>\n<script type=\"application\/ld+json\" class=\"yoast-schema-graph\">{\"@context\":\"https:\/\/schema.org\",\"@graph\":[{\"@type\":\"WebPage\",\"@id\":\"https:\/\/www.loewen-apotheke24.com\/de\/shop\/angebot\/vigantolvit-2000-i-e-vitamin-d3-120-st-12423869\/\",\"url\":\"https:\/\/www.loewen-apotheke24.com\/de\/shop\/angebot\/vigantolvit-2000-i-e-vitamin-d3-120-st-12423869\/\",\"name\":\"VIGANTOLVIT 2000 I.E. Vitamin D3 (120 St.) g\u00fcnstig kaufen\",\"isPartOf\":{\"@id\":\"https:\/\/www.loewen-apotheke24.com\/de\/#website\"},\"datePublished\":\"2025-11-11T05:24:11+00:00\",\"dateModified\":\"2025-11-11T05:51:05+00:00\",\"description\":\"Top-Service, kurze Lieferzeit, gratis Lieferung ab 30 \u20ac. VIGANTOLVIT 2000 I.E. Vitamin D3 (120 St.). Nahrungserg\u00e4nzungsmittel bei Herzrhythmusst\u00f6rungen\",\"breadcrumb\":{\"@id\":\"https:\/\/www.loewen-apotheke24.com\/de\/shop\/angebot\/vigantolvit-2000-i-e-vitamin-d3-120-st-12423869\/#breadcrumb\"},\"inLanguage\":\"de\",\"potentialAction\":[{\"@type\":\"ReadAction\",\"target\":[\"https:\/\/www.loewen-apotheke24.com\/de\/shop\/angebot\/vigantolvit-2000-i-e-vitamin-d3-120-st-12423869\/\"]}]},{\"@type\":\"BreadcrumbList\",\"@id\":\"https:\/\/www.loewen-apotheke24.com\/de\/shop\/angebot\/vigantolvit-2000-i-e-vitamin-d3-120-st-12423869\/#breadcrumb\",\"itemListElement\":[{\"@type\":\"ListItem\",\"position\":1,\"name\":\"Shop\",\"item\":\"https:\/\/www.loewen-apotheke24.com\/de\/shop\/\"},{\"@type\":\"ListItem\",\"position\":2,\"name\":\"VIGANTOLVIT 2000 I.E. Vitamin D3 (120 St.)\"}]},{\"@type\":\"WebSite\",\"@id\":\"https:\/\/www.loewen-apotheke24.com\/de\/#website\",\"url\":\"https:\/\/www.loewen-apotheke24.com\/de\/\",\"name\":\"L\u00f6wen Apotheke24\",\"description\":\"Spezialist f\u00fcr Naturmedizin - Versandapotheke Baden-Baden\",\"publisher\":{\"@id\":\"https:\/\/www.loewen-apotheke24.com\/de\/#organization\"},\"potentialAction\":[{\"@type\":\"SearchAction\",\"target\":{\"@type\":\"EntryPoint\",\"urlTemplate\":\"https:\/\/www.loewen-apotheke24.com\/de\/?s={search_term_string}\"},\"query-input\":\"required name=search_term_string\"}],\"inLanguage\":\"de\"},{\"@type\":\"Organization\",\"@id\":\"https:\/\/www.loewen-apotheke24.com\/de\/#organization\",\"name\":\"L\u00f6wen Apotheke\",\"alternateName\":\"L\u00f6wen Apotheke\",\"url\":\"https:\/\/www.loewen-apotheke24.com\/de\/\",\"logo\":{\"@type\":\"ImageObject\",\"inLanguage\":\"de\",\"@id\":\"https:\/\/www.loewen-apotheke24.com\/de\/#\/schema\/logo\/image\/\",\"url\":\"https:\/\/www.loewen-apotheke24.com\/wp-content\/uploads\/2024\/02\/Logo-Loewen-Apotheke-700x700-1.png\",\"contentUrl\":\"https:\/\/www.loewen-apotheke24.com\/wp-content\/uploads\/2024\/02\/Logo-Loewen-Apotheke-700x700-1.png\",\"width\":700,\"height\":700,\"caption\":\"L\u00f6wen Apotheke\"},\"image\":{\"@id\":\"https:\/\/www.loewen-apotheke24.com\/de\/#\/schema\/logo\/image\/\"}}]}<\/script>\n<!-- \/ Yoast SEO Premium plugin. -->","yoast_head_json":{"title":"VIGANTOLVIT 2000 I.E. Vitamin D3 (120 St.) g\u00fcnstig kaufen","description":"Top-Service, kurze Lieferzeit, gratis Lieferung ab 30 \u20ac. VIGANTOLVIT 2000 I.E. Vitamin D3 (120 St.). Nahrungserg\u00e4nzungsmittel bei Herzrhythmusst\u00f6rungen","robots":{"index":"index","follow":"follow","max-snippet":"max-snippet:-1","max-image-preview":"max-image-preview:large","max-video-preview":"max-video-preview:-1"},"canonical":"https:\/\/www.loewen-apotheke24.com\/de\/shop\/angebot\/vigantolvit-2000-i-e-vitamin-d3-120-st-12423869\/","og_locale":"de_DE","og_type":"article","og_title":"VIGANTOLVIT 2000 I.E. Vitamin D3 (120 St.) g\u00fcnstig kaufen","og_description":"Top-Service, kurze Lieferzeit, gratis Lieferung ab 30 \u20ac. VIGANTOLVIT 2000 I.E. Vitamin D3 (120 St.). Nahrungserg\u00e4nzungsmittel bei Herzrhythmusst\u00f6rungen","og_url":"https:\/\/www.loewen-apotheke24.com\/de\/shop\/angebot\/vigantolvit-2000-i-e-vitamin-d3-120-st-12423869\/","og_site_name":"L\u00f6wen Apotheke24","article_modified_time":"2025-11-11T05:51:05+00:00","og_image":[{"width":600,"height":600,"url":"https:\/\/www.loewen-apotheke24.com\/wp-content\/uploads\/2025\/11\/VIGANTOLVIT-2000-I.E.-Vitamin-D3-Loewen-Apotheke-Lions-Pharmacy.webp","type":"image\/webp"}],"twitter_card":"summary_large_image","twitter_misc":{"Gesch\u00e4tzte Lesezeit":"2\u00a0Minuten"},"schema":{"@context":"https:\/\/schema.org","@graph":[{"@type":"WebPage","@id":"https:\/\/www.loewen-apotheke24.com\/de\/shop\/angebot\/vigantolvit-2000-i-e-vitamin-d3-120-st-12423869\/","url":"https:\/\/www.loewen-apotheke24.com\/de\/shop\/angebot\/vigantolvit-2000-i-e-vitamin-d3-120-st-12423869\/","name":"VIGANTOLVIT 2000 I.E. Vitamin D3 (120 St.) g\u00fcnstig kaufen","isPartOf":{"@id":"https:\/\/www.loewen-apotheke24.com\/de\/#website"},"datePublished":"2025-11-11T05:24:11+00:00","dateModified":"2025-11-11T05:51:05+00:00","description":"Top-Service, kurze Lieferzeit, gratis Lieferung ab 30 \u20ac. VIGANTOLVIT 2000 I.E. Vitamin D3 (120 St.). Nahrungserg\u00e4nzungsmittel bei Herzrhythmusst\u00f6rungen","breadcrumb":{"@id":"https:\/\/www.loewen-apotheke24.com\/de\/shop\/angebot\/vigantolvit-2000-i-e-vitamin-d3-120-st-12423869\/#breadcrumb"},"inLanguage":"de","potentialAction":[{"@type":"ReadAction","target":["https:\/\/www.loewen-apotheke24.com\/de\/shop\/angebot\/vigantolvit-2000-i-e-vitamin-d3-120-st-12423869\/"]}]},{"@type":"BreadcrumbList","@id":"https:\/\/www.loewen-apotheke24.com\/de\/shop\/angebot\/vigantolvit-2000-i-e-vitamin-d3-120-st-12423869\/#breadcrumb","itemListElement":[{"@type":"ListItem","position":1,"name":"Shop","item":"https:\/\/www.loewen-apotheke24.com\/de\/shop\/"},{"@type":"ListItem","position":2,"name":"VIGANTOLVIT 2000 I.E. Vitamin D3 (120 St.)"}]},{"@type":"WebSite","@id":"https:\/\/www.loewen-apotheke24.com\/de\/#website","url":"https:\/\/www.loewen-apotheke24.com\/de\/","name":"L\u00f6wen Apotheke24","description":"Spezialist f\u00fcr Naturmedizin - Versandapotheke Baden-Baden","publisher":{"@id":"https:\/\/www.loewen-apotheke24.com\/de\/#organization"},"potentialAction":[{"@type":"SearchAction","target":{"@type":"EntryPoint","urlTemplate":"https:\/\/www.loewen-apotheke24.com\/de\/?s={search_term_string}"},"query-input":"required name=search_term_string"}],"inLanguage":"de"},{"@type":"Organization","@id":"https:\/\/www.loewen-apotheke24.com\/de\/#organization","name":"L\u00f6wen Apotheke","alternateName":"L\u00f6wen Apotheke","url":"https:\/\/www.loewen-apotheke24.com\/de\/","logo":{"@type":"ImageObject","inLanguage":"de","@id":"https:\/\/www.loewen-apotheke24.com\/de\/#\/schema\/logo\/image\/","url":"https:\/\/www.loewen-apotheke24.com\/wp-content\/uploads\/2024\/02\/Logo-Loewen-Apotheke-700x700-1.png","contentUrl":"https:\/\/www.loewen-apotheke24.com\/wp-content\/uploads\/2024\/02\/Logo-Loewen-Apotheke-700x700-1.png","width":700,"height":700,"caption":"L\u00f6wen Apotheke"},"image":{"@id":"https:\/\/www.loewen-apotheke24.com\/de\/#\/schema\/logo\/image\/"}}]}},"_links":{"self":[{"href":"https:\/\/www.loewen-apotheke24.com\/de\/wp-json\/wp\/v2\/product\/147578"}],"collection":[{"href":"https:\/\/www.loewen-apotheke24.com\/de\/wp-json\/wp\/v2\/product"}],"about":[{"href":"https:\/\/www.loewen-apotheke24.com\/de\/wp-json\/wp\/v2\/types\/product"}],"wp:featuredmedia":[{"embeddable":true,"href":"https:\/\/www.loewen-apotheke24.com\/de\/wp-json\/wp\/v2\/media\/147582"}],"wp:attachment":[{"href":"https:\/\/www.loewen-apotheke24.com\/de\/wp-json\/wp\/v2\/media?parent=147578"}],"wp:term":[{"taxonomy":"product_cat","embeddable":true,"href":"https:\/\/www.loewen-apotheke24.com\/de\/wp-json\/wp\/v2\/product_cat?post=147578"},{"taxonomy":"product_tag","embeddable":true,"href":"https:\/\/www.loewen-apotheke24.com\/de\/wp-json\/wp\/v2\/product_tag?post=147578"}],"curies":[{"name":"wp","href":"https:\/\/api.w.org\/{rel}","templated":true}]}}