{"id":149018,"date":"2025-11-26T16:06:13","date_gmt":"2025-11-26T15:06:13","guid":{"rendered":"https:\/\/www.loewen-apotheke24.com\/?post_type=product&#038;p=149018"},"modified":"2026-04-18T06:13:45","modified_gmt":"2026-04-18T05:13:45","slug":"zinzino-balanceoil-premium-300-ml","status":"publish","type":"product","link":"https:\/\/www.loewen-apotheke24.com\/de\/shop\/angebot\/zinzino-balanceoil-premium-300-ml\/","title":{"rendered":"ZINZINO BalanceOil+ Premium (300 ml)"},"content":{"rendered":"<h3 style=\"text-align: left;\">ZINZINO BalanceOil+ Premium<\/h3>\n<p>ZINZINO BalanceOil+ Premium (300 ml) ist eine nat\u00fcrliche Mischung aus reinem Fisch\u00f6l, das reich an den Omega-3-Fetts\u00e4uren EPA und DHA ist. Diese Kombination unterst\u00fctzt die Aufnahme von Omega-3-Fetts\u00e4uren und tr\u00e4gt zum Schutz der Fetts\u00e4uren im K\u00f6rper bei.<\/p>\n<p>Inhaltsstoffe\/N\u00e4hrwert pro 12 ml:\u00a0Fisch\u00f6l: 6627 mg, Omega-3-Fetts\u00e4uren: 2478 mg, davon C20:5 (EPA): 1283 mg, davon C22:6 (DHA): 683 mg, Oliven\u00f6l: 4092 mg, davon Fetts\u00e4ure (Omega-9): 3069 mg, davon Polyphenole: 12,8 mg,<br \/>\nVitamin D3 (400 % des RW*): 20 \u00b5g<\/p>\n<p>Anwenungsbereich:\u00a0Augen, Herz- &amp; Kreislauffunktion, Immunsystem, Konzentrationsschw\u00e4che, Vitalit\u00e4t<\/p>\n<p>Einnahme:\u00a00,15 ml pro Kilo K\u00f6rpergewicht. Passen Sie die Dosis je nach K\u00f6rpergewicht an als Beispiel Erwachsene mit K\u00f6rpergewicht 50 kg: 7,5 ml t\u00e4glich und\u00a0 Erwachsene mit K\u00f6rpergewicht 80 kg: 12 ml t\u00e4glich.\u00a0Die empfohlene Tagesdosis darf nicht \u00fcberschritten werden. Nahrungserg\u00e4nzungsmittel sind kein Ersatz f\u00fcr eine ausgewogene und abwechslungsreiche Ern\u00e4hrung.<\/p>\n<p><a href=\"https:\/\/www.zinzino.com\/shop\/2020670485\/DE\/de-DE\/products\/shop\" target=\"_blank\" rel=\"noopener\">Mehr Informationen, Packungsbeilage und Lebensmittelinformation (Link zu Zinzino).<\/a><\/p>\n<p>Andere Kunden interessierten sich auch f\u00fcr Produkte zum Thema: \u00a0<a href=\"https:\/\/www.loewen-apotheke24.com\/de\/product_tag\/reiseapotheke\/\">Reiseapotheke<\/a> | <a href=\"https:\/\/www.loewen-apotheke24.com\/de\/product_tag\/longevity\/\">longevity<\/a><\/p>\n<p>Hinweis zur Anwendung und Einnahme: Die auf dieser Website bereitgestellten Informationen dienen ausschlie\u00dflich der allgemeinen Information und ersetzen nicht die fachliche Beratung, Diagnose oder Behandlung durch einen Arzt. Nahrungserg\u00e4nzungsmittel sind kein Ersatz f\u00fcr eine ausgewogene, abwechslungsreiche Ern\u00e4hrung und eine gesunde Lebensweise.<\/p>\n<p>Zu Risiken und Nebenwirkungen lesen Sie die Packungsbeilage und fragen Sie Ihre \u00c4rztin, Ihren Arzt oder in Ihrer Apotheke.<\/p>\n<h3 style=\"text-align: left;\">Rezept oder E-Rezept einl\u00f6sen:<\/h3>\n<p>Sie haben ein Rezept oder E-Rezept? Reichen Sie es bequem \u00fcber unsere\u00a0<a class=\"ProsemirrorEditor-link\" href=\"https:\/\/e-rezept-app.de\/shop-rezept\">E-Rezept<\/a>\u00a0App ein \u2013 auch Privatrezepte f\u00fcr Selbstzahler sind m\u00f6glich. Schnell, sicher und einfach.<\/p>\n<h3 class=\"TypographyPresentation TypographyPresentation--medium RichText3-paragraph--withVSpacingNormal RichText3-paragraph HighlightSol HighlightSol--buildingBlock\" style=\"text-align: left;\">Fragen zum Produkt? Wir sind f\u00fcr Sie da!<\/h3>\n<p class=\"TypographyPresentation TypographyPresentation--medium RichText3-paragraph--withVSpacingNormal RichText3-paragraph HighlightSol HighlightSol--buildingBlock\">Unsere verantwortliche Apothekerin\u00a0<strong>Dr. Sandra Hoff<\/strong>\u00a0und ihr Team beraten Sie gerne pers\u00f6nlich \u2013 telefonisch oder per E-Mail. Als\u00a0<strong>echte Apotheke vor Ort<\/strong>\u00a0und\u00a0<strong>zugelassene Versandapotheke<\/strong>\u00a0bieten wir Ihnen kompetente Unterst\u00fctzung, besonders in den Bereichen\u00a0<a href=\"https:\/\/www.loewen-apotheke24.com\/de\/product_tag\/naturheilmittel\/\">Naturheilkunde<\/a>\u00a0und\u00a0<a href=\"https:\/\/www.loewen-apotheke24.com\/de\/product_tag\/vitamine-mineralien-nahrungsergaenzung\/\">Nahrungserg\u00e4nzungsmittel<\/a>. Unsere Erlaubnis finden Sie als\u00a0<a href=\"https:\/\/versandhandel.dimdi.de\/websearch\/servlet\/Gate;jsessionid=0D29D15655BE1174E9178A340E8FE6BC?accessid=dimdi_var&amp;term=3c387956690121ccc8763184f052b93f\" target=\"_blank\" rel=\"noopener\">Eintrag im Versandhandelsregister.<\/a><\/p>\n","protected":false},"excerpt":{"rendered":"<h2 style=\"text-align: left;\">ZINZINO BalanceOil+ Premium (300 ml)<\/h2>\n<p>Nat\u00fcrliches Omega-3 aus wildem Fisch in Triglyceridform, gesch\u00fctzt durch natives Oliven\u00f6l extra \u2013 mit erfrischendem Orange-, Lemon- und Minz-Geschmack.<\/p>\n<p><strong>PZN:<\/strong> &#8211; (Pharmazentralnummer)<\/p>\n<p><strong>Darreichungsform<\/strong>: Liquid<\/p>\n<p><strong>Verordnungsart<\/strong>: Rezeptfrei<\/p>\n<p><strong>Hersteller<\/strong>: Zinzino AB, G\u00f6teborg, Schweden.<\/p>\n<p><strong>Packungsgr\u00f6\u00dfe<\/strong>: 300 ml<\/p>\n<p><em>Kein Abo. Einfach kaufen und ausprobieren.\u00a0<\/em><\/p>\n","protected":false},"featured_media":158557,"template":"","meta":[],"product_cat":[13,43,1037],"product_tag":[402,267,263,265,469],"yoast_head":"<!-- This site is optimized with the Yoast SEO Premium plugin v21.0 (Yoast SEO v21.0) - https:\/\/yoast.com\/wordpress\/plugins\/seo\/ -->\n<title>ZINZINO BalanceOil+ Premium (300 ml) g\u00fcnstig nachkaufen<\/title>\n<meta name=\"description\" content=\"Top-Service, kurze Lieferzeit, gratis Lieferung ab 30 \u20ac. ZINZINO BalanceOil+ Premium (300 ml) 100ml. Nahrungserg\u00e4nzungsmittel mit Omega-3.\" \/>\n<meta name=\"robots\" content=\"index, follow, max-snippet:-1, max-image-preview:large, max-video-preview:-1\" \/>\n<link rel=\"canonical\" href=\"https:\/\/www.loewen-apotheke24.com\/de\/shop\/angebot\/zinzino-balanceoil-premium-300-ml\/\" \/>\n<meta property=\"og:locale\" content=\"de_DE\" \/>\n<meta property=\"og:type\" content=\"article\" \/>\n<meta property=\"og:title\" content=\"ZINZINO BalanceOil+ Premium (300 ml) g\u00fcnstig nachkaufen\" \/>\n<meta property=\"og:description\" content=\"Top-Service, kurze Lieferzeit, gratis Lieferung ab 30 \u20ac. ZINZINO BalanceOil+ Premium (300 ml) 100ml. Nahrungserg\u00e4nzungsmittel mit Omega-3.\" \/>\n<meta property=\"og:url\" content=\"https:\/\/www.loewen-apotheke24.com\/de\/shop\/angebot\/zinzino-balanceoil-premium-300-ml\/\" \/>\n<meta property=\"og:site_name\" content=\"L\u00f6wen Apotheke24\" \/>\n<meta property=\"article:modified_time\" content=\"2026-04-18T05:13:45+00:00\" \/>\n<meta property=\"og:image\" content=\"https:\/\/www.loewen-apotheke24.com\/wp-content\/uploads\/2025\/11\/Zinzino-balance-oil-premium-mit-omerga-3-1.webp\" \/>\n\t<meta property=\"og:image:width\" content=\"600\" \/>\n\t<meta property=\"og:image:height\" content=\"600\" \/>\n\t<meta property=\"og:image:type\" content=\"image\/webp\" \/>\n<meta name=\"twitter:card\" content=\"summary_large_image\" \/>\n<meta name=\"twitter:label1\" content=\"Gesch\u00e4tzte Lesezeit\" \/>\n\t<meta name=\"twitter:data1\" content=\"2\u00a0Minuten\" \/>\n<script type=\"application\/ld+json\" class=\"yoast-schema-graph\">{\"@context\":\"https:\/\/schema.org\",\"@graph\":[{\"@type\":\"WebPage\",\"@id\":\"https:\/\/www.loewen-apotheke24.com\/de\/shop\/angebot\/zinzino-balanceoil-premium-300-ml\/\",\"url\":\"https:\/\/www.loewen-apotheke24.com\/de\/shop\/angebot\/zinzino-balanceoil-premium-300-ml\/\",\"name\":\"ZINZINO BalanceOil+ Premium (300 ml) g\u00fcnstig nachkaufen\",\"isPartOf\":{\"@id\":\"https:\/\/www.loewen-apotheke24.com\/de\/#website\"},\"datePublished\":\"2025-11-26T15:06:13+00:00\",\"dateModified\":\"2026-04-18T05:13:45+00:00\",\"description\":\"Top-Service, kurze Lieferzeit, gratis Lieferung ab 30 \u20ac. ZINZINO BalanceOil+ Premium (300 ml) 100ml. Nahrungserg\u00e4nzungsmittel mit Omega-3.\",\"breadcrumb\":{\"@id\":\"https:\/\/www.loewen-apotheke24.com\/de\/shop\/angebot\/zinzino-balanceoil-premium-300-ml\/#breadcrumb\"},\"inLanguage\":\"de\",\"potentialAction\":[{\"@type\":\"ReadAction\",\"target\":[\"https:\/\/www.loewen-apotheke24.com\/de\/shop\/angebot\/zinzino-balanceoil-premium-300-ml\/\"]}]},{\"@type\":\"BreadcrumbList\",\"@id\":\"https:\/\/www.loewen-apotheke24.com\/de\/shop\/angebot\/zinzino-balanceoil-premium-300-ml\/#breadcrumb\",\"itemListElement\":[{\"@type\":\"ListItem\",\"position\":1,\"name\":\"Shop\",\"item\":\"https:\/\/www.loewen-apotheke24.com\/de\/shop\/\"},{\"@type\":\"ListItem\",\"position\":2,\"name\":\"ZINZINO BalanceOil+ Premium (300 ml)\"}]},{\"@type\":\"WebSite\",\"@id\":\"https:\/\/www.loewen-apotheke24.com\/de\/#website\",\"url\":\"https:\/\/www.loewen-apotheke24.com\/de\/\",\"name\":\"L\u00f6wen Apotheke24\",\"description\":\"Spezialist f\u00fcr Naturmedizin - Versandapotheke Baden-Baden\",\"publisher\":{\"@id\":\"https:\/\/www.loewen-apotheke24.com\/de\/#organization\"},\"potentialAction\":[{\"@type\":\"SearchAction\",\"target\":{\"@type\":\"EntryPoint\",\"urlTemplate\":\"https:\/\/www.loewen-apotheke24.com\/de\/?s={search_term_string}\"},\"query-input\":\"required name=search_term_string\"}],\"inLanguage\":\"de\"},{\"@type\":\"Organization\",\"@id\":\"https:\/\/www.loewen-apotheke24.com\/de\/#organization\",\"name\":\"L\u00f6wen Apotheke\",\"alternateName\":\"L\u00f6wen Apotheke\",\"url\":\"https:\/\/www.loewen-apotheke24.com\/de\/\",\"logo\":{\"@type\":\"ImageObject\",\"inLanguage\":\"de\",\"@id\":\"https:\/\/www.loewen-apotheke24.com\/de\/#\/schema\/logo\/image\/\",\"url\":\"https:\/\/www.loewen-apotheke24.com\/wp-content\/uploads\/2024\/02\/Logo-Loewen-Apotheke-700x700-1.png\",\"contentUrl\":\"https:\/\/www.loewen-apotheke24.com\/wp-content\/uploads\/2024\/02\/Logo-Loewen-Apotheke-700x700-1.png\",\"width\":700,\"height\":700,\"caption\":\"L\u00f6wen Apotheke\"},\"image\":{\"@id\":\"https:\/\/www.loewen-apotheke24.com\/de\/#\/schema\/logo\/image\/\"}}]}<\/script>\n<!-- \/ Yoast SEO Premium plugin. -->","yoast_head_json":{"title":"ZINZINO BalanceOil+ Premium (300 ml) g\u00fcnstig nachkaufen","description":"Top-Service, kurze Lieferzeit, gratis Lieferung ab 30 \u20ac. ZINZINO BalanceOil+ Premium (300 ml) 100ml. Nahrungserg\u00e4nzungsmittel mit Omega-3.","robots":{"index":"index","follow":"follow","max-snippet":"max-snippet:-1","max-image-preview":"max-image-preview:large","max-video-preview":"max-video-preview:-1"},"canonical":"https:\/\/www.loewen-apotheke24.com\/de\/shop\/angebot\/zinzino-balanceoil-premium-300-ml\/","og_locale":"de_DE","og_type":"article","og_title":"ZINZINO BalanceOil+ Premium (300 ml) g\u00fcnstig nachkaufen","og_description":"Top-Service, kurze Lieferzeit, gratis Lieferung ab 30 \u20ac. ZINZINO BalanceOil+ Premium (300 ml) 100ml. Nahrungserg\u00e4nzungsmittel mit Omega-3.","og_url":"https:\/\/www.loewen-apotheke24.com\/de\/shop\/angebot\/zinzino-balanceoil-premium-300-ml\/","og_site_name":"L\u00f6wen Apotheke24","article_modified_time":"2026-04-18T05:13:45+00:00","og_image":[{"width":600,"height":600,"url":"https:\/\/www.loewen-apotheke24.com\/wp-content\/uploads\/2025\/11\/Zinzino-balance-oil-premium-mit-omerga-3-1.webp","type":"image\/webp"}],"twitter_card":"summary_large_image","twitter_misc":{"Gesch\u00e4tzte Lesezeit":"2\u00a0Minuten"},"schema":{"@context":"https:\/\/schema.org","@graph":[{"@type":"WebPage","@id":"https:\/\/www.loewen-apotheke24.com\/de\/shop\/angebot\/zinzino-balanceoil-premium-300-ml\/","url":"https:\/\/www.loewen-apotheke24.com\/de\/shop\/angebot\/zinzino-balanceoil-premium-300-ml\/","name":"ZINZINO BalanceOil+ Premium (300 ml) g\u00fcnstig nachkaufen","isPartOf":{"@id":"https:\/\/www.loewen-apotheke24.com\/de\/#website"},"datePublished":"2025-11-26T15:06:13+00:00","dateModified":"2026-04-18T05:13:45+00:00","description":"Top-Service, kurze Lieferzeit, gratis Lieferung ab 30 \u20ac. ZINZINO BalanceOil+ Premium (300 ml) 100ml. Nahrungserg\u00e4nzungsmittel mit Omega-3.","breadcrumb":{"@id":"https:\/\/www.loewen-apotheke24.com\/de\/shop\/angebot\/zinzino-balanceoil-premium-300-ml\/#breadcrumb"},"inLanguage":"de","potentialAction":[{"@type":"ReadAction","target":["https:\/\/www.loewen-apotheke24.com\/de\/shop\/angebot\/zinzino-balanceoil-premium-300-ml\/"]}]},{"@type":"BreadcrumbList","@id":"https:\/\/www.loewen-apotheke24.com\/de\/shop\/angebot\/zinzino-balanceoil-premium-300-ml\/#breadcrumb","itemListElement":[{"@type":"ListItem","position":1,"name":"Shop","item":"https:\/\/www.loewen-apotheke24.com\/de\/shop\/"},{"@type":"ListItem","position":2,"name":"ZINZINO BalanceOil+ Premium (300 ml)"}]},{"@type":"WebSite","@id":"https:\/\/www.loewen-apotheke24.com\/de\/#website","url":"https:\/\/www.loewen-apotheke24.com\/de\/","name":"L\u00f6wen Apotheke24","description":"Spezialist f\u00fcr Naturmedizin - Versandapotheke Baden-Baden","publisher":{"@id":"https:\/\/www.loewen-apotheke24.com\/de\/#organization"},"potentialAction":[{"@type":"SearchAction","target":{"@type":"EntryPoint","urlTemplate":"https:\/\/www.loewen-apotheke24.com\/de\/?s={search_term_string}"},"query-input":"required name=search_term_string"}],"inLanguage":"de"},{"@type":"Organization","@id":"https:\/\/www.loewen-apotheke24.com\/de\/#organization","name":"L\u00f6wen Apotheke","alternateName":"L\u00f6wen Apotheke","url":"https:\/\/www.loewen-apotheke24.com\/de\/","logo":{"@type":"ImageObject","inLanguage":"de","@id":"https:\/\/www.loewen-apotheke24.com\/de\/#\/schema\/logo\/image\/","url":"https:\/\/www.loewen-apotheke24.com\/wp-content\/uploads\/2024\/02\/Logo-Loewen-Apotheke-700x700-1.png","contentUrl":"https:\/\/www.loewen-apotheke24.com\/wp-content\/uploads\/2024\/02\/Logo-Loewen-Apotheke-700x700-1.png","width":700,"height":700,"caption":"L\u00f6wen Apotheke"},"image":{"@id":"https:\/\/www.loewen-apotheke24.com\/de\/#\/schema\/logo\/image\/"}}]}},"_links":{"self":[{"href":"https:\/\/www.loewen-apotheke24.com\/de\/wp-json\/wp\/v2\/product\/149018"}],"collection":[{"href":"https:\/\/www.loewen-apotheke24.com\/de\/wp-json\/wp\/v2\/product"}],"about":[{"href":"https:\/\/www.loewen-apotheke24.com\/de\/wp-json\/wp\/v2\/types\/product"}],"wp:featuredmedia":[{"embeddable":true,"href":"https:\/\/www.loewen-apotheke24.com\/de\/wp-json\/wp\/v2\/media\/158557"}],"wp:attachment":[{"href":"https:\/\/www.loewen-apotheke24.com\/de\/wp-json\/wp\/v2\/media?parent=149018"}],"wp:term":[{"taxonomy":"product_cat","embeddable":true,"href":"https:\/\/www.loewen-apotheke24.com\/de\/wp-json\/wp\/v2\/product_cat?post=149018"},{"taxonomy":"product_tag","embeddable":true,"href":"https:\/\/www.loewen-apotheke24.com\/de\/wp-json\/wp\/v2\/product_tag?post=149018"}],"curies":[{"name":"wp","href":"https:\/\/api.w.org\/{rel}","templated":true}]}}