{"id":150138,"date":"2025-12-06T16:07:37","date_gmt":"2025-12-06T15:07:37","guid":{"rendered":"https:\/\/www.loewen-apotheke24.com\/?post_type=product&#038;p=150138"},"modified":"2026-03-19T22:25:57","modified_gmt":"2026-03-19T21:25:57","slug":"zinzino-collagen-boozt","status":"publish","type":"product","link":"https:\/\/www.loewen-apotheke24.com\/de\/shop\/angebot\/zinzino-collagen-boozt\/","title":{"rendered":"ZINZINO Collagen Boozt"},"content":{"rendered":"<h3 style=\"text-align: left;\">ZINZINO Collagen Boozt<\/h3>\n<p>ZINZINO Collagen Boozt ist eine fl\u00fcssige Formulierung mit Kirschgeschmack und einem hohen Gehalt an zwei wichtigen Inhaltsstoffen: Meereskollagen und Hyalurons\u00e4ure. Aus Fisch gewonnen ist Meereskollagen bekannt f\u00fcr seine gro\u00dfe Bioverf\u00fcgbarkeit und sein Potenzial zur Verbesserung der Hautstruktur und -elastizit\u00e4t, w\u00e4hrend Hyalurons\u00e4ure f\u00fcr ihre feuchtigkeitsspeichernde Eigenschaften in der Haut gesch\u00e4tzt wird.<\/p>\n<p>Zinzino Collagen Boozt ist ein Nahrungserg\u00e4nzungsmittel, das speziell entwickelt wurde, um die Gesundheit von Haut, Haaren, N\u00e4geln, Gelenken und die allgemeine Vitalit\u00e4t durch seinen Hauptbestandteil, Kollagen, zu unterst\u00fctzen. Um die Funktion und den Nutzen dieses Produkts im Detail zu verstehen, ist ein genauerer Blick auf die Rolle von Kollagen im K\u00f6rper, die spezifische Formulierung und die Vorteile von Zinzino\u2019s Collagen Boozt sowie auf die Frage erforderlich, wie es in einen ganzheitlichen Ansatz f\u00fcr Gesundheit und Wohlbefinden passt.<\/p>\n<p>Collagen Boozt ist als 10-t\u00e4gige Anwendung konzipiert, die sorgf\u00e4ltig formuliert wurde, um Ihren Kollagenbedarf zu unterst\u00fctzen.<\/p>\n<p>Inhaltsstoffe: Meereskollagen-Pulver (Kabeljau, Schellfisch, Seelachs) (Fisch), Zichorienwurzelfaser, S\u00e4ureregulator (Glucono-delta-Lacton, Citronens\u00e4ure), L-Arginin, Glycin, Magnesiumcitrat, Aroma, Heidelbeerextrakt, Hyalurons\u00e4ure, Konzentrat aus schwarzer Karotte, Lactobacillus casei subsp. casei 327, Vitamin C (Natriumascorbat), Extrakt aus Acerola-Kirsche, Konservierungsstoff (Kaliumsorbat), Ceramide aus Reiskleie, S\u00fc\u00dfungsmittel (Steviolglycoside aus Stevia), Zinksulfat, Kupfercitrat, Vitamin B7 (Biotin).<\/p>\n<p>Einnahme: 1 Trinkfl\u00e4schchen (46 ml) pro Tag. Die empfohlene Tagesdosis darf nicht \u00fcberschritten werden.<\/p>\n<p>Andere Kunden interessierten sich auch f\u00fcr Produkte zum Thema:\u00a0 Beauty| <a href=\"https:\/\/www.loewen-apotheke24.com\/de\/product_tag\/longevity\/\">longevity<\/a><\/p>\n<p>Hinweis zur Anwendung und Einnahme: Die auf dieser Website bereitgestellten Informationen dienen ausschlie\u00dflich der allgemeinen Information und ersetzen nicht die fachliche Beratung, Diagnose oder Behandlung durch einen Arzt. Nahrungserg\u00e4nzungsmittel sind kein Ersatz f\u00fcr eine ausgewogene, abwechslungsreiche Ern\u00e4hrung und eine gesunde Lebensweise.<\/p>\n<p>Nahrungserg\u00e4nzungsmittel stellen keinen Ersatz f\u00fcr abwechslungsreiche Ern\u00e4hrung dar. Eine ausgewogene Ern\u00e4hrung und gesunde Lebensweise sind wichtig. Die empfohlene t\u00e4gliche Verzehrmenge nicht \u00fcberschreiten. Au\u00dferhalb der Reichweite von kleinen Kindern aufbewahren. K\u00fchl und trocken lagern.<\/p>\n<p>Zu Risiken und Nebenwirkungen lesen Sie die Packungsbeilage und fragen Sie Ihre \u00c4rztin, Ihren Arzt oder in Ihrer Apotheke.<\/p>\n<h3 style=\"text-align: left;\">Rezept oder E-Rezept einl\u00f6sen:<\/h3>\n<p>Sie haben ein Rezept oder E-Rezept? Reichen Sie es bequem \u00fcber unsere\u00a0<a class=\"ProsemirrorEditor-link\" href=\"https:\/\/e-rezept-app.de\/shop-rezept\">E-Rezept<\/a>\u00a0App ein \u2013 auch Privatrezepte f\u00fcr Selbstzahler sind m\u00f6glich. Schnell, sicher und einfach.<\/p>\n<h3 class=\"TypographyPresentation TypographyPresentation--medium RichText3-paragraph--withVSpacingNormal RichText3-paragraph HighlightSol HighlightSol--buildingBlock\" style=\"text-align: left;\">Fragen zum Produkt? Wir sind f\u00fcr Sie da!<\/h3>\n<p class=\"TypographyPresentation TypographyPresentation--medium RichText3-paragraph--withVSpacingNormal RichText3-paragraph HighlightSol HighlightSol--buildingBlock\">Unsere verantwortliche Apothekerin\u00a0<strong>Dr. Sandra Hoff<\/strong>\u00a0und ihr Team beraten Sie gerne pers\u00f6nlich \u2013 telefonisch oder per E-Mail. Als\u00a0<strong>echte Apotheke vor Ort<\/strong>\u00a0und\u00a0<strong>zugelassene Versandapotheke<\/strong>\u00a0bieten wir Ihnen kompetente Unterst\u00fctzung, besonders in den Bereichen\u00a0<a href=\"https:\/\/www.loewen-apotheke24.com\/de\/product_tag\/naturheilmittel\/\">Naturheilkunde<\/a>\u00a0und\u00a0<a href=\"https:\/\/www.loewen-apotheke24.com\/de\/product_tag\/vitamine-mineralien-nahrungsergaenzung\/\">Nahrungserg\u00e4nzungsmittel<\/a>. Unsere Erlaubnis finden Sie als\u00a0<a href=\"https:\/\/versandhandel.dimdi.de\/websearch\/servlet\/Gate;jsessionid=0D29D15655BE1174E9178A340E8FE6BC?accessid=dimdi_var&amp;term=3c387956690121ccc8763184f052b93f\" target=\"_blank\" rel=\"noopener\">Eintrag im Versandhandelsregister.<\/a><\/p>\n","protected":false},"excerpt":{"rendered":"<h2 style=\"text-align: left;\">ZINZINO Collagen Boozt<\/h2>\n<p>speziell entwickeltes Liquid,\u00a0 um die Gesundheit von Haut, Haaren, N\u00e4geln, Gelenken und die allgemeine Vitalit\u00e4t durch seinen Hauptbestandteil, Kollagen, zu unterst\u00fctzen<\/p>\n<p><strong>PZN:<\/strong> &#8211; (Pharmazentralnummer)<\/p>\n<p><strong>Darreichungsform<\/strong>: Liquid<\/p>\n<p><strong>Verordnungsart<\/strong>: Rezeptfrei<\/p>\n<p><strong>Hersteller<\/strong>: Zinzino AB, G\u00f6teborg, Schweden.<\/p>\n<p><strong>Packungsgr\u00f6\u00dfe<\/strong>: 10 Portionen \u00e0 46 ml<\/p>\n","protected":false},"featured_media":158575,"template":"","meta":[],"product_cat":[13,43,1037],"product_tag":[402,267,263,1035,265,469],"yoast_head":"<!-- This site is optimized with the Yoast SEO Premium plugin v21.0 (Yoast SEO v21.0) - https:\/\/yoast.com\/wordpress\/plugins\/seo\/ -->\n<title>ZINZINO Collagen Boozt in der Apotheke g\u00fcnstig kaufen<\/title>\n<meta name=\"description\" content=\"Top-Service, kurze Lieferzeit, gratis Lieferung ab 30 \u20ac. ZINZINO Collagen Boozt. Nahrungserg\u00e4nzungsmittel Mischung enth\u00e4lt 8 nat\u00fcrliche Ballaststoffe.\" \/>\n<meta name=\"robots\" content=\"index, follow, max-snippet:-1, max-image-preview:large, max-video-preview:-1\" \/>\n<link rel=\"canonical\" href=\"https:\/\/www.loewen-apotheke24.com\/de\/shop\/angebot\/zinzino-collagen-boozt\/\" \/>\n<meta property=\"og:locale\" content=\"de_DE\" \/>\n<meta property=\"og:type\" content=\"article\" \/>\n<meta property=\"og:title\" content=\"ZINZINO Collagen Boozt in der Apotheke g\u00fcnstig kaufen\" \/>\n<meta property=\"og:description\" content=\"Top-Service, kurze Lieferzeit, gratis Lieferung ab 30 \u20ac. ZINZINO Collagen Boozt. Nahrungserg\u00e4nzungsmittel Mischung enth\u00e4lt 8 nat\u00fcrliche Ballaststoffe.\" \/>\n<meta property=\"og:url\" content=\"https:\/\/www.loewen-apotheke24.com\/de\/shop\/angebot\/zinzino-collagen-boozt\/\" \/>\n<meta property=\"og:site_name\" content=\"L\u00f6wen Apotheke24\" \/>\n<meta property=\"article:modified_time\" content=\"2026-03-19T21:25:57+00:00\" \/>\n<meta property=\"og:image\" content=\"https:\/\/www.loewen-apotheke24.com\/wp-content\/uploads\/2025\/12\/Zinzino-Collagen-Boozt-Lowen-Apotheke24.webp\" \/>\n\t<meta property=\"og:image:width\" content=\"600\" \/>\n\t<meta property=\"og:image:height\" content=\"600\" \/>\n\t<meta property=\"og:image:type\" content=\"image\/webp\" \/>\n<meta name=\"twitter:card\" content=\"summary_large_image\" \/>\n<meta name=\"twitter:label1\" content=\"Gesch\u00e4tzte Lesezeit\" \/>\n\t<meta name=\"twitter:data1\" content=\"3\u00a0Minuten\" \/>\n<script type=\"application\/ld+json\" class=\"yoast-schema-graph\">{\"@context\":\"https:\/\/schema.org\",\"@graph\":[{\"@type\":\"WebPage\",\"@id\":\"https:\/\/www.loewen-apotheke24.com\/de\/shop\/angebot\/zinzino-collagen-boozt\/\",\"url\":\"https:\/\/www.loewen-apotheke24.com\/de\/shop\/angebot\/zinzino-collagen-boozt\/\",\"name\":\"ZINZINO Collagen Boozt in der Apotheke g\u00fcnstig kaufen\",\"isPartOf\":{\"@id\":\"https:\/\/www.loewen-apotheke24.com\/de\/#website\"},\"datePublished\":\"2025-12-06T15:07:37+00:00\",\"dateModified\":\"2026-03-19T21:25:57+00:00\",\"description\":\"Top-Service, kurze Lieferzeit, gratis Lieferung ab 30 \u20ac. ZINZINO Collagen Boozt. Nahrungserg\u00e4nzungsmittel Mischung enth\u00e4lt 8 nat\u00fcrliche Ballaststoffe.\",\"breadcrumb\":{\"@id\":\"https:\/\/www.loewen-apotheke24.com\/de\/shop\/angebot\/zinzino-collagen-boozt\/#breadcrumb\"},\"inLanguage\":\"de\",\"potentialAction\":[{\"@type\":\"ReadAction\",\"target\":[\"https:\/\/www.loewen-apotheke24.com\/de\/shop\/angebot\/zinzino-collagen-boozt\/\"]}]},{\"@type\":\"BreadcrumbList\",\"@id\":\"https:\/\/www.loewen-apotheke24.com\/de\/shop\/angebot\/zinzino-collagen-boozt\/#breadcrumb\",\"itemListElement\":[{\"@type\":\"ListItem\",\"position\":1,\"name\":\"Shop\",\"item\":\"https:\/\/www.loewen-apotheke24.com\/de\/shop\/\"},{\"@type\":\"ListItem\",\"position\":2,\"name\":\"ZINZINO Collagen Boozt\"}]},{\"@type\":\"WebSite\",\"@id\":\"https:\/\/www.loewen-apotheke24.com\/de\/#website\",\"url\":\"https:\/\/www.loewen-apotheke24.com\/de\/\",\"name\":\"L\u00f6wen Apotheke24\",\"description\":\"Spezialist f\u00fcr Naturmedizin - Versandapotheke Baden-Baden\",\"publisher\":{\"@id\":\"https:\/\/www.loewen-apotheke24.com\/de\/#organization\"},\"potentialAction\":[{\"@type\":\"SearchAction\",\"target\":{\"@type\":\"EntryPoint\",\"urlTemplate\":\"https:\/\/www.loewen-apotheke24.com\/de\/?s={search_term_string}\"},\"query-input\":\"required name=search_term_string\"}],\"inLanguage\":\"de\"},{\"@type\":\"Organization\",\"@id\":\"https:\/\/www.loewen-apotheke24.com\/de\/#organization\",\"name\":\"L\u00f6wen Apotheke\",\"alternateName\":\"L\u00f6wen Apotheke\",\"url\":\"https:\/\/www.loewen-apotheke24.com\/de\/\",\"logo\":{\"@type\":\"ImageObject\",\"inLanguage\":\"de\",\"@id\":\"https:\/\/www.loewen-apotheke24.com\/de\/#\/schema\/logo\/image\/\",\"url\":\"https:\/\/www.loewen-apotheke24.com\/wp-content\/uploads\/2024\/02\/Logo-Loewen-Apotheke-700x700-1.png\",\"contentUrl\":\"https:\/\/www.loewen-apotheke24.com\/wp-content\/uploads\/2024\/02\/Logo-Loewen-Apotheke-700x700-1.png\",\"width\":700,\"height\":700,\"caption\":\"L\u00f6wen Apotheke\"},\"image\":{\"@id\":\"https:\/\/www.loewen-apotheke24.com\/de\/#\/schema\/logo\/image\/\"}}]}<\/script>\n<!-- \/ Yoast SEO Premium plugin. -->","yoast_head_json":{"title":"ZINZINO Collagen Boozt in der Apotheke g\u00fcnstig kaufen","description":"Top-Service, kurze Lieferzeit, gratis Lieferung ab 30 \u20ac. ZINZINO Collagen Boozt. Nahrungserg\u00e4nzungsmittel Mischung enth\u00e4lt 8 nat\u00fcrliche Ballaststoffe.","robots":{"index":"index","follow":"follow","max-snippet":"max-snippet:-1","max-image-preview":"max-image-preview:large","max-video-preview":"max-video-preview:-1"},"canonical":"https:\/\/www.loewen-apotheke24.com\/de\/shop\/angebot\/zinzino-collagen-boozt\/","og_locale":"de_DE","og_type":"article","og_title":"ZINZINO Collagen Boozt in der Apotheke g\u00fcnstig kaufen","og_description":"Top-Service, kurze Lieferzeit, gratis Lieferung ab 30 \u20ac. ZINZINO Collagen Boozt. Nahrungserg\u00e4nzungsmittel Mischung enth\u00e4lt 8 nat\u00fcrliche Ballaststoffe.","og_url":"https:\/\/www.loewen-apotheke24.com\/de\/shop\/angebot\/zinzino-collagen-boozt\/","og_site_name":"L\u00f6wen Apotheke24","article_modified_time":"2026-03-19T21:25:57+00:00","og_image":[{"width":600,"height":600,"url":"https:\/\/www.loewen-apotheke24.com\/wp-content\/uploads\/2025\/12\/Zinzino-Collagen-Boozt-Lowen-Apotheke24.webp","type":"image\/webp"}],"twitter_card":"summary_large_image","twitter_misc":{"Gesch\u00e4tzte Lesezeit":"3\u00a0Minuten"},"schema":{"@context":"https:\/\/schema.org","@graph":[{"@type":"WebPage","@id":"https:\/\/www.loewen-apotheke24.com\/de\/shop\/angebot\/zinzino-collagen-boozt\/","url":"https:\/\/www.loewen-apotheke24.com\/de\/shop\/angebot\/zinzino-collagen-boozt\/","name":"ZINZINO Collagen Boozt in der Apotheke g\u00fcnstig kaufen","isPartOf":{"@id":"https:\/\/www.loewen-apotheke24.com\/de\/#website"},"datePublished":"2025-12-06T15:07:37+00:00","dateModified":"2026-03-19T21:25:57+00:00","description":"Top-Service, kurze Lieferzeit, gratis Lieferung ab 30 \u20ac. ZINZINO Collagen Boozt. Nahrungserg\u00e4nzungsmittel Mischung enth\u00e4lt 8 nat\u00fcrliche Ballaststoffe.","breadcrumb":{"@id":"https:\/\/www.loewen-apotheke24.com\/de\/shop\/angebot\/zinzino-collagen-boozt\/#breadcrumb"},"inLanguage":"de","potentialAction":[{"@type":"ReadAction","target":["https:\/\/www.loewen-apotheke24.com\/de\/shop\/angebot\/zinzino-collagen-boozt\/"]}]},{"@type":"BreadcrumbList","@id":"https:\/\/www.loewen-apotheke24.com\/de\/shop\/angebot\/zinzino-collagen-boozt\/#breadcrumb","itemListElement":[{"@type":"ListItem","position":1,"name":"Shop","item":"https:\/\/www.loewen-apotheke24.com\/de\/shop\/"},{"@type":"ListItem","position":2,"name":"ZINZINO Collagen Boozt"}]},{"@type":"WebSite","@id":"https:\/\/www.loewen-apotheke24.com\/de\/#website","url":"https:\/\/www.loewen-apotheke24.com\/de\/","name":"L\u00f6wen Apotheke24","description":"Spezialist f\u00fcr Naturmedizin - Versandapotheke Baden-Baden","publisher":{"@id":"https:\/\/www.loewen-apotheke24.com\/de\/#organization"},"potentialAction":[{"@type":"SearchAction","target":{"@type":"EntryPoint","urlTemplate":"https:\/\/www.loewen-apotheke24.com\/de\/?s={search_term_string}"},"query-input":"required name=search_term_string"}],"inLanguage":"de"},{"@type":"Organization","@id":"https:\/\/www.loewen-apotheke24.com\/de\/#organization","name":"L\u00f6wen Apotheke","alternateName":"L\u00f6wen Apotheke","url":"https:\/\/www.loewen-apotheke24.com\/de\/","logo":{"@type":"ImageObject","inLanguage":"de","@id":"https:\/\/www.loewen-apotheke24.com\/de\/#\/schema\/logo\/image\/","url":"https:\/\/www.loewen-apotheke24.com\/wp-content\/uploads\/2024\/02\/Logo-Loewen-Apotheke-700x700-1.png","contentUrl":"https:\/\/www.loewen-apotheke24.com\/wp-content\/uploads\/2024\/02\/Logo-Loewen-Apotheke-700x700-1.png","width":700,"height":700,"caption":"L\u00f6wen Apotheke"},"image":{"@id":"https:\/\/www.loewen-apotheke24.com\/de\/#\/schema\/logo\/image\/"}}]}},"_links":{"self":[{"href":"https:\/\/www.loewen-apotheke24.com\/de\/wp-json\/wp\/v2\/product\/150138"}],"collection":[{"href":"https:\/\/www.loewen-apotheke24.com\/de\/wp-json\/wp\/v2\/product"}],"about":[{"href":"https:\/\/www.loewen-apotheke24.com\/de\/wp-json\/wp\/v2\/types\/product"}],"wp:featuredmedia":[{"embeddable":true,"href":"https:\/\/www.loewen-apotheke24.com\/de\/wp-json\/wp\/v2\/media\/158575"}],"wp:attachment":[{"href":"https:\/\/www.loewen-apotheke24.com\/de\/wp-json\/wp\/v2\/media?parent=150138"}],"wp:term":[{"taxonomy":"product_cat","embeddable":true,"href":"https:\/\/www.loewen-apotheke24.com\/de\/wp-json\/wp\/v2\/product_cat?post=150138"},{"taxonomy":"product_tag","embeddable":true,"href":"https:\/\/www.loewen-apotheke24.com\/de\/wp-json\/wp\/v2\/product_tag?post=150138"}],"curies":[{"name":"wp","href":"https:\/\/api.w.org\/{rel}","templated":true}]}}