{"id":150293,"date":"2025-12-08T14:47:02","date_gmt":"2025-12-08T13:47:02","guid":{"rendered":"https:\/\/www.loewen-apotheke24.com\/?post_type=product&#038;p=150293"},"modified":"2025-12-08T15:19:52","modified_gmt":"2025-12-08T14:19:52","slug":"neradin-2x-40-st-doppelpack","status":"publish","type":"product","link":"https:\/\/www.loewen-apotheke24.com\/de\/shop\/angebot\/neradin-2x-40-st-doppelpack\/","title":{"rendered":"Neradin 2x 40 St. (Doppelpack)"},"content":{"rendered":"<h3 style=\"text-align: left;\">Neradin<\/h3>\n<p>Neradin ist ein hom\u00f6opatisches Arzneimittel bei sexueller Schw\u00e4che. Speziell f\u00fcr die Behandlung von sexueller Schw\u00e4che, wie zum Beispiel Erektionsst\u00f6rungen, zugelassen. Der in Neradin\u00ae enthaltene Wirkstoff Turnera diffusa (Trit. D4) entstammt einer speziellen Arzneipflanze namens Damiana.<\/p>\n<p><a href=\"https:\/\/www.loewen-apotheke24.com\/wp-content\/uploads\/2025\/12\/D11024357-bp.pdf\">Packungsbeilage<\/a>\u00a0und weitere Informationen.<\/p>\n<p>Wirkstoffe: Der in Neradin enthaltene Wirkstoff Turnera diffusa (Trit. D4) entstammt einer speziellen Arzneipflanze namens Damiana. Damiana war als Aphrodisiakum bereits eine der wertvollsten Arzneipflanzen der Maya. Zur Zeit der spanischen Eroberer wurde Damiana sogar als eine der wichtigsten Heilpflanzen im n\u00f6rdlichen Mittelamerika angesehen und als Tonikum und Aphrodisiakum verwendet. Laut Arzneimittelbild setzt Damiana im Urogenitalsystem an \u2013 also dort, wo das Problem entsteht \u2013 und wird speziell bei sexueller Schw\u00e4che, wie z. B. Erektionsst\u00f6rungen, erfolgreich angewendet.<\/p>\n<p>Zum Hersteller von Neradin: <a href=\"https:\/\/pharmasgp.com\/\" target=\"_blank\" rel=\"noopener\">PharmaSGP<\/a><\/p>\n<p>Zu Risiken und Nebenwirkungen lesen Sie die Packungsbeilage und fragen Sie Ihren Arzt oder Apotheker.<\/p>\n<p data-pm-slice=\"1 1 []\"><strong>Fragen zum Produkt? Wir sind f\u00fcr Sie da!<\/strong><\/p>\n<p>Unsere verantwortliche Apothekerin\u00a0Dr. Sandra Hoff\u00a0und ihr Team beraten Sie gerne pers\u00f6nlich \u2013 telefonisch oder per E-Mail. Als\u00a0echte Apotheke vor Ort\u00a0und\u00a0zugelassene Versandapotheke\u00a0bieten wir Ihnen kompetente Unterst\u00fctzung, besonders in den Bereichen\u00a0<a class=\"ProsemirrorEditor-link\" href=\"https:\/\/www.loewen-apotheke24.com\/de\/product_tag\/naturheilmittel\/\">Naturheilkunde<\/a>\u00a0und\u00a0<a class=\"ProsemirrorEditor-link\" href=\"https:\/\/www.loewen-apotheke24.com\/de\/product_tag\/vitamine-mineralien-nahrungsergaenzung\/\">Nahrungserg\u00e4nzungsmittel<\/a>. Unsere Erlaubnis finden Sie als\u00a0<a class=\"ProsemirrorEditor-link\" href=\"https:\/\/versandhandel.dimdi.de\/websearch\/servlet\/Gate;jsessionid=0D29D15655BE1174E9178A340E8FE6BC?accessid=dimdi_var&amp;term=3c387956690121ccc8763184f052b93f\">Eintrag im Versandhandelsregister.<\/a><\/p>\n","protected":false},"excerpt":{"rendered":"<h2 style=\"text-align: left;\">Neradin Tabletten<\/h2>\n<p><strong>PZN:<\/strong> 11024357 (Pharmazentralnummer)<\/p>\n<p><strong>Darreichungsform<\/strong>: Tabletten<\/p>\n<p><strong>Verordnungsart<\/strong>: Rezeptfrei<\/p>\n<p><strong>Hersteller<\/strong>: PharmaSGP GmbH, Deutschland<\/p>\n<p><strong>Packungsgr\u00f6\u00dfe<\/strong>: 2x 40 St.<\/p>\n","protected":false},"featured_media":150297,"template":"","meta":[],"product_cat":[13,43],"product_tag":[267,265,188],"yoast_head":"<!-- This site is optimized with the Yoast SEO Premium plugin v21.0 (Yoast SEO v21.0) - https:\/\/yoast.com\/wordpress\/plugins\/seo\/ -->\n<title>Neradin 2x 40 St. (Doppelpack) - diskret und g\u00fcnstig kaufen<\/title>\n<meta name=\"description\" content=\"Spezialist f\u00fcr Naturheilkunde. Wir bieten: Top-Service, kurze Lieferzeit. Zur Behandlung von sexueller Schw\u00e4che. Neradin 2x 40 St. (Doppelpack)\" \/>\n<meta name=\"robots\" content=\"index, follow, max-snippet:-1, max-image-preview:large, max-video-preview:-1\" \/>\n<link rel=\"canonical\" href=\"https:\/\/www.loewen-apotheke24.com\/de\/shop\/angebot\/neradin-2x-40-st-doppelpack\/\" \/>\n<meta property=\"og:locale\" content=\"de_DE\" \/>\n<meta property=\"og:type\" content=\"article\" \/>\n<meta property=\"og:title\" content=\"Neradin 2x 40 St. (Doppelpack) - diskret und g\u00fcnstig kaufen\" \/>\n<meta property=\"og:description\" content=\"Spezialist f\u00fcr Naturheilkunde. Wir bieten: Top-Service, kurze Lieferzeit. Zur Behandlung von sexueller Schw\u00e4che. Neradin 2x 40 St. (Doppelpack)\" \/>\n<meta property=\"og:url\" content=\"https:\/\/www.loewen-apotheke24.com\/de\/shop\/angebot\/neradin-2x-40-st-doppelpack\/\" \/>\n<meta property=\"og:site_name\" content=\"L\u00f6wen Apotheke24\" \/>\n<meta property=\"article:modified_time\" content=\"2025-12-08T14:19:52+00:00\" \/>\n<meta property=\"og:image\" content=\"https:\/\/www.loewen-apotheke24.com\/wp-content\/uploads\/2025\/12\/Neradin-2x-40-Stk-als-Doppelpack-auf-Loewen-Apotheke24.webp\" \/>\n\t<meta property=\"og:image:width\" content=\"600\" \/>\n\t<meta property=\"og:image:height\" content=\"600\" \/>\n\t<meta property=\"og:image:type\" content=\"image\/webp\" \/>\n<meta name=\"twitter:card\" content=\"summary_large_image\" \/>\n<meta name=\"twitter:label1\" content=\"Gesch\u00e4tzte Lesezeit\" \/>\n\t<meta name=\"twitter:data1\" content=\"2\u00a0Minuten\" \/>\n<script type=\"application\/ld+json\" class=\"yoast-schema-graph\">{\"@context\":\"https:\/\/schema.org\",\"@graph\":[{\"@type\":\"WebPage\",\"@id\":\"https:\/\/www.loewen-apotheke24.com\/de\/shop\/angebot\/neradin-2x-40-st-doppelpack\/\",\"url\":\"https:\/\/www.loewen-apotheke24.com\/de\/shop\/angebot\/neradin-2x-40-st-doppelpack\/\",\"name\":\"Neradin 2x 40 St. (Doppelpack) - diskret und g\u00fcnstig kaufen\",\"isPartOf\":{\"@id\":\"https:\/\/www.loewen-apotheke24.com\/de\/#website\"},\"datePublished\":\"2025-12-08T13:47:02+00:00\",\"dateModified\":\"2025-12-08T14:19:52+00:00\",\"description\":\"Spezialist f\u00fcr Naturheilkunde. Wir bieten: Top-Service, kurze Lieferzeit. Zur Behandlung von sexueller Schw\u00e4che. Neradin 2x 40 St. (Doppelpack)\",\"breadcrumb\":{\"@id\":\"https:\/\/www.loewen-apotheke24.com\/de\/shop\/angebot\/neradin-2x-40-st-doppelpack\/#breadcrumb\"},\"inLanguage\":\"de\",\"potentialAction\":[{\"@type\":\"ReadAction\",\"target\":[\"https:\/\/www.loewen-apotheke24.com\/de\/shop\/angebot\/neradin-2x-40-st-doppelpack\/\"]}]},{\"@type\":\"BreadcrumbList\",\"@id\":\"https:\/\/www.loewen-apotheke24.com\/de\/shop\/angebot\/neradin-2x-40-st-doppelpack\/#breadcrumb\",\"itemListElement\":[{\"@type\":\"ListItem\",\"position\":1,\"name\":\"Shop\",\"item\":\"https:\/\/www.loewen-apotheke24.com\/de\/shop\/\"},{\"@type\":\"ListItem\",\"position\":2,\"name\":\"Neradin 2x 40 St. (Doppelpack)\"}]},{\"@type\":\"WebSite\",\"@id\":\"https:\/\/www.loewen-apotheke24.com\/de\/#website\",\"url\":\"https:\/\/www.loewen-apotheke24.com\/de\/\",\"name\":\"L\u00f6wen Apotheke24\",\"description\":\"Spezialist f\u00fcr Naturmedizin - Versandapotheke Baden-Baden\",\"publisher\":{\"@id\":\"https:\/\/www.loewen-apotheke24.com\/de\/#organization\"},\"potentialAction\":[{\"@type\":\"SearchAction\",\"target\":{\"@type\":\"EntryPoint\",\"urlTemplate\":\"https:\/\/www.loewen-apotheke24.com\/de\/?s={search_term_string}\"},\"query-input\":\"required name=search_term_string\"}],\"inLanguage\":\"de\"},{\"@type\":\"Organization\",\"@id\":\"https:\/\/www.loewen-apotheke24.com\/de\/#organization\",\"name\":\"L\u00f6wen Apotheke\",\"alternateName\":\"L\u00f6wen Apotheke\",\"url\":\"https:\/\/www.loewen-apotheke24.com\/de\/\",\"logo\":{\"@type\":\"ImageObject\",\"inLanguage\":\"de\",\"@id\":\"https:\/\/www.loewen-apotheke24.com\/de\/#\/schema\/logo\/image\/\",\"url\":\"https:\/\/www.loewen-apotheke24.com\/wp-content\/uploads\/2024\/02\/Logo-Loewen-Apotheke-700x700-1.png\",\"contentUrl\":\"https:\/\/www.loewen-apotheke24.com\/wp-content\/uploads\/2024\/02\/Logo-Loewen-Apotheke-700x700-1.png\",\"width\":700,\"height\":700,\"caption\":\"L\u00f6wen Apotheke\"},\"image\":{\"@id\":\"https:\/\/www.loewen-apotheke24.com\/de\/#\/schema\/logo\/image\/\"}}]}<\/script>\n<!-- \/ Yoast SEO Premium plugin. -->","yoast_head_json":{"title":"Neradin 2x 40 St. (Doppelpack) - diskret und g\u00fcnstig kaufen","description":"Spezialist f\u00fcr Naturheilkunde. Wir bieten: Top-Service, kurze Lieferzeit. Zur Behandlung von sexueller Schw\u00e4che. Neradin 2x 40 St. (Doppelpack)","robots":{"index":"index","follow":"follow","max-snippet":"max-snippet:-1","max-image-preview":"max-image-preview:large","max-video-preview":"max-video-preview:-1"},"canonical":"https:\/\/www.loewen-apotheke24.com\/de\/shop\/angebot\/neradin-2x-40-st-doppelpack\/","og_locale":"de_DE","og_type":"article","og_title":"Neradin 2x 40 St. (Doppelpack) - diskret und g\u00fcnstig kaufen","og_description":"Spezialist f\u00fcr Naturheilkunde. Wir bieten: Top-Service, kurze Lieferzeit. Zur Behandlung von sexueller Schw\u00e4che. Neradin 2x 40 St. (Doppelpack)","og_url":"https:\/\/www.loewen-apotheke24.com\/de\/shop\/angebot\/neradin-2x-40-st-doppelpack\/","og_site_name":"L\u00f6wen Apotheke24","article_modified_time":"2025-12-08T14:19:52+00:00","og_image":[{"width":600,"height":600,"url":"https:\/\/www.loewen-apotheke24.com\/wp-content\/uploads\/2025\/12\/Neradin-2x-40-Stk-als-Doppelpack-auf-Loewen-Apotheke24.webp","type":"image\/webp"}],"twitter_card":"summary_large_image","twitter_misc":{"Gesch\u00e4tzte Lesezeit":"2\u00a0Minuten"},"schema":{"@context":"https:\/\/schema.org","@graph":[{"@type":"WebPage","@id":"https:\/\/www.loewen-apotheke24.com\/de\/shop\/angebot\/neradin-2x-40-st-doppelpack\/","url":"https:\/\/www.loewen-apotheke24.com\/de\/shop\/angebot\/neradin-2x-40-st-doppelpack\/","name":"Neradin 2x 40 St. (Doppelpack) - diskret und g\u00fcnstig kaufen","isPartOf":{"@id":"https:\/\/www.loewen-apotheke24.com\/de\/#website"},"datePublished":"2025-12-08T13:47:02+00:00","dateModified":"2025-12-08T14:19:52+00:00","description":"Spezialist f\u00fcr Naturheilkunde. Wir bieten: Top-Service, kurze Lieferzeit. Zur Behandlung von sexueller Schw\u00e4che. Neradin 2x 40 St. (Doppelpack)","breadcrumb":{"@id":"https:\/\/www.loewen-apotheke24.com\/de\/shop\/angebot\/neradin-2x-40-st-doppelpack\/#breadcrumb"},"inLanguage":"de","potentialAction":[{"@type":"ReadAction","target":["https:\/\/www.loewen-apotheke24.com\/de\/shop\/angebot\/neradin-2x-40-st-doppelpack\/"]}]},{"@type":"BreadcrumbList","@id":"https:\/\/www.loewen-apotheke24.com\/de\/shop\/angebot\/neradin-2x-40-st-doppelpack\/#breadcrumb","itemListElement":[{"@type":"ListItem","position":1,"name":"Shop","item":"https:\/\/www.loewen-apotheke24.com\/de\/shop\/"},{"@type":"ListItem","position":2,"name":"Neradin 2x 40 St. (Doppelpack)"}]},{"@type":"WebSite","@id":"https:\/\/www.loewen-apotheke24.com\/de\/#website","url":"https:\/\/www.loewen-apotheke24.com\/de\/","name":"L\u00f6wen Apotheke24","description":"Spezialist f\u00fcr Naturmedizin - Versandapotheke Baden-Baden","publisher":{"@id":"https:\/\/www.loewen-apotheke24.com\/de\/#organization"},"potentialAction":[{"@type":"SearchAction","target":{"@type":"EntryPoint","urlTemplate":"https:\/\/www.loewen-apotheke24.com\/de\/?s={search_term_string}"},"query-input":"required name=search_term_string"}],"inLanguage":"de"},{"@type":"Organization","@id":"https:\/\/www.loewen-apotheke24.com\/de\/#organization","name":"L\u00f6wen Apotheke","alternateName":"L\u00f6wen Apotheke","url":"https:\/\/www.loewen-apotheke24.com\/de\/","logo":{"@type":"ImageObject","inLanguage":"de","@id":"https:\/\/www.loewen-apotheke24.com\/de\/#\/schema\/logo\/image\/","url":"https:\/\/www.loewen-apotheke24.com\/wp-content\/uploads\/2024\/02\/Logo-Loewen-Apotheke-700x700-1.png","contentUrl":"https:\/\/www.loewen-apotheke24.com\/wp-content\/uploads\/2024\/02\/Logo-Loewen-Apotheke-700x700-1.png","width":700,"height":700,"caption":"L\u00f6wen Apotheke"},"image":{"@id":"https:\/\/www.loewen-apotheke24.com\/de\/#\/schema\/logo\/image\/"}}]}},"_links":{"self":[{"href":"https:\/\/www.loewen-apotheke24.com\/de\/wp-json\/wp\/v2\/product\/150293"}],"collection":[{"href":"https:\/\/www.loewen-apotheke24.com\/de\/wp-json\/wp\/v2\/product"}],"about":[{"href":"https:\/\/www.loewen-apotheke24.com\/de\/wp-json\/wp\/v2\/types\/product"}],"wp:featuredmedia":[{"embeddable":true,"href":"https:\/\/www.loewen-apotheke24.com\/de\/wp-json\/wp\/v2\/media\/150297"}],"wp:attachment":[{"href":"https:\/\/www.loewen-apotheke24.com\/de\/wp-json\/wp\/v2\/media?parent=150293"}],"wp:term":[{"taxonomy":"product_cat","embeddable":true,"href":"https:\/\/www.loewen-apotheke24.com\/de\/wp-json\/wp\/v2\/product_cat?post=150293"},{"taxonomy":"product_tag","embeddable":true,"href":"https:\/\/www.loewen-apotheke24.com\/de\/wp-json\/wp\/v2\/product_tag?post=150293"}],"curies":[{"name":"wp","href":"https:\/\/api.w.org\/{rel}","templated":true}]}}