{"id":150721,"date":"2025-12-12T10:43:08","date_gmt":"2025-12-12T09:43:08","guid":{"rendered":"https:\/\/www.loewen-apotheke24.com\/?post_type=product&#038;p=150721"},"modified":"2025-12-12T11:22:23","modified_gmt":"2025-12-12T10:22:23","slug":"freiumschlag-fuer-rezepte-10-st","status":"publish","type":"product","link":"https:\/\/www.loewen-apotheke24.com\/de\/shop\/loewen-apotheke\/freiumschlag-fuer-rezepte-10-st\/","title":{"rendered":"Freiumschlag f\u00fcr Rezepte (10 St.)"},"content":{"rendered":"<h3 style=\"text-align: left;\">Freiumschlag f\u00fcr Rezepte<\/h3>\n<p>Bestellen Sie hier Ihre Freiumschl\u00e4ge f\u00fcr den portofreien Versand Ihrer Rezepte durch die L\u00f6wen Apotheke aus Baden-Baden. Sie erhalten eine Packung von 10 Freiumschl\u00e4gen zu Ihrer aktuellen Bestellung. Damit k\u00f6nnen Sie Rezepte portofrei an uns senden. Gibt es den Freiumschlag auch f\u00fcr Privatversicherte? Also Selbstzahler? Ja.<\/p>\n<p>Rezepte schnell und kostenlos einsenden.<\/p>\n<p><strong>So geht&#8217;s:\u00a0<\/strong><\/p>\n<ol>\n<li>Bestellen Sie die Freiumschl\u00e4ge einfach gleich mit<\/li>\n<li>Legen Sie Ihr Originalrezept und Ihre Bestellung in den Freiumschlags.<\/li>\n<li>Sobald Ihr Rezept bei uns eingegangen ist, bearbeiten wir Ihre Bestellung schnellstm\u00f6glich.<\/li>\n<\/ol>\n<p>Dies dauert es in der Regel etwa 2-3 Werktage, bis Ihre Medikamente bei Ihnen eintreffen. Bitte geben Sie bei der Rezeptzusendung Ihre Adressdaten, Telefonnummer, Bestell- und\/ oder Kundennummer an. Wir k\u00f6nnen Ihre Rezepte so schneller zuordnen und bearbeiten. Vielen Dank!<\/p>\n<h3 style=\"text-align: left;\">Rezept oder E-Rezept einl\u00f6sen:<\/h3>\n<p>Sie haben ein Rezept oder E-Rezept? Reichen Sie es bequem \u00fcber unsere\u00a0<a class=\"ProsemirrorEditor-link\" href=\"https:\/\/e-rezept-app.de\/shop-rezept\">E-Rezept<\/a>\u00a0App ein \u2013 auch Privatrezepte f\u00fcr Selbstzahler sind m\u00f6glich. Schnell, sicher und einfach.<\/p>\n<h3 class=\"TypographyPresentation TypographyPresentation--medium RichText3-paragraph--withVSpacingNormal RichText3-paragraph HighlightSol HighlightSol--buildingBlock\" style=\"text-align: left;\">Fragen zum Produkt? Wir sind f\u00fcr Sie da!<\/h3>\n<p class=\"TypographyPresentation TypographyPresentation--medium RichText3-paragraph--withVSpacingNormal RichText3-paragraph HighlightSol HighlightSol--buildingBlock\">Unsere verantwortliche Apothekerin\u00a0<strong>Dr. Sandra Hoff<\/strong>\u00a0und ihr Team beraten Sie gerne pers\u00f6nlich \u2013 telefonisch oder per E-Mail. Als\u00a0<strong>echte Apotheke vor Ort<\/strong>\u00a0und\u00a0<strong>zugelassene Versandapotheke<\/strong>\u00a0bieten wir Ihnen kompetente Unterst\u00fctzung, besonders in den Bereichen\u00a0<a href=\"https:\/\/www.loewen-apotheke24.com\/de\/product_tag\/naturheilmittel\/\">Naturheilkunde<\/a>\u00a0und\u00a0<a href=\"https:\/\/www.loewen-apotheke24.com\/de\/product_tag\/vitamine-mineralien-nahrungsergaenzung\/\">Nahrungserg\u00e4nzungsmittel<\/a>. Unsere Erlaubnis finden Sie als\u00a0<a href=\"https:\/\/versandhandel.dimdi.de\/websearch\/servlet\/Gate;jsessionid=0D29D15655BE1174E9178A340E8FE6BC?accessid=dimdi_var&amp;term=3c387956690121ccc8763184f052b93f\" target=\"_blank\" rel=\"noopener\">Eintrag im Versandhandelsregister.<\/a><\/p>\n","protected":false},"excerpt":{"rendered":"<h2 style=\"text-align: left;\">Freiumschlag f\u00fcr Rezepte<\/h2>\n<p>Rezepte schnell und kostenlos einsenden.<\/p>\n<p><strong>PZN:<\/strong> &#8211; (Pharmazentralnummer)<\/p>\n<p><strong>Darreichungsform<\/strong>: &#8211;<\/p>\n<p><strong>Hersteller<\/strong>: L\u00f6wen Apotheke, Baden-Baden, Deutschland<\/p>\n<p><strong>Packungsgr\u00f6\u00dfe<\/strong>: 10 St.<\/p>\n","protected":false},"featured_media":150723,"template":"","meta":[],"product_cat":[89,413],"product_tag":[267,69],"yoast_head":"<!-- This site is optimized with the Yoast SEO Premium plugin v21.0 (Yoast SEO v21.0) - https:\/\/yoast.com\/wordpress\/plugins\/seo\/ -->\n<title>Freiumschlag f\u00fcr Rezepte (10 St.) - einl\u00f6sen in der L\u00f6wen Apotheke<\/title>\n<meta name=\"description\" content=\"Top-Service, kurze Lieferzeit, gratis Lieferung. Sie m\u00f6chten ein rezeptpflichtiges Medikament bestellen und ben\u00f6tigen hierf\u00fcr einen Freiumschlag?\" \/>\n<meta name=\"robots\" content=\"index, follow, max-snippet:-1, max-image-preview:large, max-video-preview:-1\" \/>\n<link rel=\"canonical\" href=\"https:\/\/www.loewen-apotheke24.com\/de\/shop\/loewen-apotheke\/freiumschlag-fuer-rezepte-10-st\/\" \/>\n<meta property=\"og:locale\" content=\"de_DE\" \/>\n<meta property=\"og:type\" content=\"article\" \/>\n<meta property=\"og:title\" content=\"Freiumschlag f\u00fcr Rezepte (10 St.) - einl\u00f6sen in der L\u00f6wen Apotheke\" \/>\n<meta property=\"og:description\" content=\"Top-Service, kurze Lieferzeit, gratis Lieferung. Sie m\u00f6chten ein rezeptpflichtiges Medikament bestellen und ben\u00f6tigen hierf\u00fcr einen Freiumschlag?\" \/>\n<meta property=\"og:url\" content=\"https:\/\/www.loewen-apotheke24.com\/de\/shop\/loewen-apotheke\/freiumschlag-fuer-rezepte-10-st\/\" \/>\n<meta property=\"og:site_name\" content=\"L\u00f6wen Apotheke24\" \/>\n<meta property=\"article:modified_time\" content=\"2025-12-12T10:22:23+00:00\" \/>\n<meta property=\"og:image\" content=\"https:\/\/www.loewen-apotheke24.com\/wp-content\/uploads\/2025\/12\/Rezept-Freiumschlag-Loewen-Apotheke24.-Loewen-Apotheke-aus-Baden-Baden.webp\" \/>\n\t<meta property=\"og:image:width\" content=\"600\" \/>\n\t<meta property=\"og:image:height\" content=\"600\" \/>\n\t<meta property=\"og:image:type\" content=\"image\/webp\" \/>\n<meta name=\"twitter:card\" content=\"summary_large_image\" \/>\n<meta name=\"twitter:label1\" content=\"Gesch\u00e4tzte Lesezeit\" \/>\n\t<meta name=\"twitter:data1\" content=\"2\u00a0Minuten\" \/>\n<script type=\"application\/ld+json\" class=\"yoast-schema-graph\">{\"@context\":\"https:\/\/schema.org\",\"@graph\":[{\"@type\":\"WebPage\",\"@id\":\"https:\/\/www.loewen-apotheke24.com\/de\/shop\/loewen-apotheke\/freiumschlag-fuer-rezepte-10-st\/\",\"url\":\"https:\/\/www.loewen-apotheke24.com\/de\/shop\/loewen-apotheke\/freiumschlag-fuer-rezepte-10-st\/\",\"name\":\"Freiumschlag f\u00fcr Rezepte (10 St.) - einl\u00f6sen in der L\u00f6wen Apotheke\",\"isPartOf\":{\"@id\":\"https:\/\/www.loewen-apotheke24.com\/de\/#website\"},\"datePublished\":\"2025-12-12T09:43:08+00:00\",\"dateModified\":\"2025-12-12T10:22:23+00:00\",\"description\":\"Top-Service, kurze Lieferzeit, gratis Lieferung. Sie m\u00f6chten ein rezeptpflichtiges Medikament bestellen und ben\u00f6tigen hierf\u00fcr einen Freiumschlag?\",\"breadcrumb\":{\"@id\":\"https:\/\/www.loewen-apotheke24.com\/de\/shop\/loewen-apotheke\/freiumschlag-fuer-rezepte-10-st\/#breadcrumb\"},\"inLanguage\":\"de\",\"potentialAction\":[{\"@type\":\"ReadAction\",\"target\":[\"https:\/\/www.loewen-apotheke24.com\/de\/shop\/loewen-apotheke\/freiumschlag-fuer-rezepte-10-st\/\"]}]},{\"@type\":\"BreadcrumbList\",\"@id\":\"https:\/\/www.loewen-apotheke24.com\/de\/shop\/loewen-apotheke\/freiumschlag-fuer-rezepte-10-st\/#breadcrumb\",\"itemListElement\":[{\"@type\":\"ListItem\",\"position\":1,\"name\":\"Shop\",\"item\":\"https:\/\/www.loewen-apotheke24.com\/de\/shop\/\"},{\"@type\":\"ListItem\",\"position\":2,\"name\":\"Freiumschlag f\u00fcr Rezepte (10 St.)\"}]},{\"@type\":\"WebSite\",\"@id\":\"https:\/\/www.loewen-apotheke24.com\/de\/#website\",\"url\":\"https:\/\/www.loewen-apotheke24.com\/de\/\",\"name\":\"L\u00f6wen Apotheke24\",\"description\":\"Spezialist f\u00fcr Naturmedizin - Versandapotheke Baden-Baden\",\"publisher\":{\"@id\":\"https:\/\/www.loewen-apotheke24.com\/de\/#organization\"},\"potentialAction\":[{\"@type\":\"SearchAction\",\"target\":{\"@type\":\"EntryPoint\",\"urlTemplate\":\"https:\/\/www.loewen-apotheke24.com\/de\/?s={search_term_string}\"},\"query-input\":\"required name=search_term_string\"}],\"inLanguage\":\"de\"},{\"@type\":\"Organization\",\"@id\":\"https:\/\/www.loewen-apotheke24.com\/de\/#organization\",\"name\":\"L\u00f6wen Apotheke\",\"alternateName\":\"L\u00f6wen Apotheke\",\"url\":\"https:\/\/www.loewen-apotheke24.com\/de\/\",\"logo\":{\"@type\":\"ImageObject\",\"inLanguage\":\"de\",\"@id\":\"https:\/\/www.loewen-apotheke24.com\/de\/#\/schema\/logo\/image\/\",\"url\":\"https:\/\/www.loewen-apotheke24.com\/wp-content\/uploads\/2024\/02\/Logo-Loewen-Apotheke-700x700-1.png\",\"contentUrl\":\"https:\/\/www.loewen-apotheke24.com\/wp-content\/uploads\/2024\/02\/Logo-Loewen-Apotheke-700x700-1.png\",\"width\":700,\"height\":700,\"caption\":\"L\u00f6wen Apotheke\"},\"image\":{\"@id\":\"https:\/\/www.loewen-apotheke24.com\/de\/#\/schema\/logo\/image\/\"}}]}<\/script>\n<!-- \/ Yoast SEO Premium plugin. -->","yoast_head_json":{"title":"Freiumschlag f\u00fcr Rezepte (10 St.) - einl\u00f6sen in der L\u00f6wen Apotheke","description":"Top-Service, kurze Lieferzeit, gratis Lieferung. Sie m\u00f6chten ein rezeptpflichtiges Medikament bestellen und ben\u00f6tigen hierf\u00fcr einen Freiumschlag?","robots":{"index":"index","follow":"follow","max-snippet":"max-snippet:-1","max-image-preview":"max-image-preview:large","max-video-preview":"max-video-preview:-1"},"canonical":"https:\/\/www.loewen-apotheke24.com\/de\/shop\/loewen-apotheke\/freiumschlag-fuer-rezepte-10-st\/","og_locale":"de_DE","og_type":"article","og_title":"Freiumschlag f\u00fcr Rezepte (10 St.) - einl\u00f6sen in der L\u00f6wen Apotheke","og_description":"Top-Service, kurze Lieferzeit, gratis Lieferung. Sie m\u00f6chten ein rezeptpflichtiges Medikament bestellen und ben\u00f6tigen hierf\u00fcr einen Freiumschlag?","og_url":"https:\/\/www.loewen-apotheke24.com\/de\/shop\/loewen-apotheke\/freiumschlag-fuer-rezepte-10-st\/","og_site_name":"L\u00f6wen Apotheke24","article_modified_time":"2025-12-12T10:22:23+00:00","og_image":[{"width":600,"height":600,"url":"https:\/\/www.loewen-apotheke24.com\/wp-content\/uploads\/2025\/12\/Rezept-Freiumschlag-Loewen-Apotheke24.-Loewen-Apotheke-aus-Baden-Baden.webp","type":"image\/webp"}],"twitter_card":"summary_large_image","twitter_misc":{"Gesch\u00e4tzte Lesezeit":"2\u00a0Minuten"},"schema":{"@context":"https:\/\/schema.org","@graph":[{"@type":"WebPage","@id":"https:\/\/www.loewen-apotheke24.com\/de\/shop\/loewen-apotheke\/freiumschlag-fuer-rezepte-10-st\/","url":"https:\/\/www.loewen-apotheke24.com\/de\/shop\/loewen-apotheke\/freiumschlag-fuer-rezepte-10-st\/","name":"Freiumschlag f\u00fcr Rezepte (10 St.) - einl\u00f6sen in der L\u00f6wen Apotheke","isPartOf":{"@id":"https:\/\/www.loewen-apotheke24.com\/de\/#website"},"datePublished":"2025-12-12T09:43:08+00:00","dateModified":"2025-12-12T10:22:23+00:00","description":"Top-Service, kurze Lieferzeit, gratis Lieferung. Sie m\u00f6chten ein rezeptpflichtiges Medikament bestellen und ben\u00f6tigen hierf\u00fcr einen Freiumschlag?","breadcrumb":{"@id":"https:\/\/www.loewen-apotheke24.com\/de\/shop\/loewen-apotheke\/freiumschlag-fuer-rezepte-10-st\/#breadcrumb"},"inLanguage":"de","potentialAction":[{"@type":"ReadAction","target":["https:\/\/www.loewen-apotheke24.com\/de\/shop\/loewen-apotheke\/freiumschlag-fuer-rezepte-10-st\/"]}]},{"@type":"BreadcrumbList","@id":"https:\/\/www.loewen-apotheke24.com\/de\/shop\/loewen-apotheke\/freiumschlag-fuer-rezepte-10-st\/#breadcrumb","itemListElement":[{"@type":"ListItem","position":1,"name":"Shop","item":"https:\/\/www.loewen-apotheke24.com\/de\/shop\/"},{"@type":"ListItem","position":2,"name":"Freiumschlag f\u00fcr Rezepte (10 St.)"}]},{"@type":"WebSite","@id":"https:\/\/www.loewen-apotheke24.com\/de\/#website","url":"https:\/\/www.loewen-apotheke24.com\/de\/","name":"L\u00f6wen Apotheke24","description":"Spezialist f\u00fcr Naturmedizin - Versandapotheke Baden-Baden","publisher":{"@id":"https:\/\/www.loewen-apotheke24.com\/de\/#organization"},"potentialAction":[{"@type":"SearchAction","target":{"@type":"EntryPoint","urlTemplate":"https:\/\/www.loewen-apotheke24.com\/de\/?s={search_term_string}"},"query-input":"required name=search_term_string"}],"inLanguage":"de"},{"@type":"Organization","@id":"https:\/\/www.loewen-apotheke24.com\/de\/#organization","name":"L\u00f6wen Apotheke","alternateName":"L\u00f6wen Apotheke","url":"https:\/\/www.loewen-apotheke24.com\/de\/","logo":{"@type":"ImageObject","inLanguage":"de","@id":"https:\/\/www.loewen-apotheke24.com\/de\/#\/schema\/logo\/image\/","url":"https:\/\/www.loewen-apotheke24.com\/wp-content\/uploads\/2024\/02\/Logo-Loewen-Apotheke-700x700-1.png","contentUrl":"https:\/\/www.loewen-apotheke24.com\/wp-content\/uploads\/2024\/02\/Logo-Loewen-Apotheke-700x700-1.png","width":700,"height":700,"caption":"L\u00f6wen Apotheke"},"image":{"@id":"https:\/\/www.loewen-apotheke24.com\/de\/#\/schema\/logo\/image\/"}}]}},"_links":{"self":[{"href":"https:\/\/www.loewen-apotheke24.com\/de\/wp-json\/wp\/v2\/product\/150721"}],"collection":[{"href":"https:\/\/www.loewen-apotheke24.com\/de\/wp-json\/wp\/v2\/product"}],"about":[{"href":"https:\/\/www.loewen-apotheke24.com\/de\/wp-json\/wp\/v2\/types\/product"}],"wp:featuredmedia":[{"embeddable":true,"href":"https:\/\/www.loewen-apotheke24.com\/de\/wp-json\/wp\/v2\/media\/150723"}],"wp:attachment":[{"href":"https:\/\/www.loewen-apotheke24.com\/de\/wp-json\/wp\/v2\/media?parent=150721"}],"wp:term":[{"taxonomy":"product_cat","embeddable":true,"href":"https:\/\/www.loewen-apotheke24.com\/de\/wp-json\/wp\/v2\/product_cat?post=150721"},{"taxonomy":"product_tag","embeddable":true,"href":"https:\/\/www.loewen-apotheke24.com\/de\/wp-json\/wp\/v2\/product_tag?post=150721"}],"curies":[{"name":"wp","href":"https:\/\/api.w.org\/{rel}","templated":true}]}}