{"id":150787,"date":"2025-12-13T06:42:14","date_gmt":"2025-12-13T05:42:14","guid":{"rendered":"https:\/\/www.loewen-apotheke24.com\/?post_type=product&#038;p=150787"},"modified":"2026-03-19T22:25:20","modified_gmt":"2026-03-19T21:25:20","slug":"zinzino-balanceoil-orange-2x300-ml-doppelpack","status":"publish","type":"product","link":"https:\/\/www.loewen-apotheke24.com\/de\/shop\/angebot\/zinzino-balanceoil-orange-2x300-ml-doppelpack\/","title":{"rendered":"ZINZINO BalanceOil+ Orange (2x 300 ml) Doppelpack"},"content":{"rendered":"<h3 style=\"text-align: left;\">ZINZINO BalanceOil+<\/h3>\n<p>ZINZINO BalanceOil+ enth\u00e4lt einen hoher Anteil an Omega-3 (EPA + DHA), Oliven-Polyphenolen und Vitamin D3. Reguliert und bewahrt die Omega-6:3 Balance in Ihrem K\u00f6rper auf sichere Weise. ZINZINO BalanceOil+ ist ein Nahrungserg\u00e4nzungsmittel.<\/p>\n<p>Inhaltsstoffe\/N\u00e4hrwert und Inhalt von: 12 ml, Fisch\u00f6l 6627 mg, Omega-3-Fetts\u00e4uren 2478 mg, davon C20:5 EPA 1283 mg, davon C22:6 DHA 683 mg, Oliven\u00f6l 4092 mg, davon Fetts\u00e4ure (Omega-9) 3069 mg, davon Polyphenole 3,5 mg, Vitamin D3 (400 % des RW*) 20 ug<\/p>\n<p>Anwenungsbereich:\u00a0Augen, Herz- &amp; Kreislauffunktion, Immunsystem, Konzentrationsschw\u00e4che, Vitalit\u00e4t<\/p>\n<p>Einnahme: Passen Sie die Portionsgr\u00f6\u00dfe je nach K\u00f6rpergewicht an. Erwachsene mit K\u00f6rpergewicht 50 kg: 7,5 ml t\u00e4glich und Erwachsene mit K\u00f6rpergewicht 80 kg: 12 ml t\u00e4glich. Die empfohlene Tagesdosis darf nicht \u00fcberschritten werden. Ein Nahrungserg\u00e4nzungsmittel darf eine abwechslungsreiche und ausgewogene Ern\u00e4hrung sowie einen gesunden Lebensstil nicht ersetzen.\u00a0Warnhinweis: Wenn Sie blutverd\u00fcnnende Medikamente einnehmen, wenden Sie sich bitte an Ihren Arzt, bevor Sie BalanceOil+ verwenden.<\/p>\n<p><a href=\"https:\/\/www.zinzino.com\/shop\/2020670485\/DE\/de-DE\/products\/shop\" target=\"_blank\" rel=\"noopener\">Mehr Informationen, Packungsbeilage und Lebensmittelinformation (Link zu Zinzino).<\/a><\/p>\n<p>Andere Kunden interessierten sich auch f\u00fcr Produkte zum Thema: \u00a0<a href=\"https:\/\/www.loewen-apotheke24.com\/de\/product_tag\/reiseapotheke\/\">Reiseapotheke<\/a> | <a href=\"https:\/\/www.loewen-apotheke24.com\/de\/product_tag\/longevity\/\">longevity<\/a><\/p>\n<p>Hinweis zur Anwendung und Einnahme: Die auf dieser Website bereitgestellten Informationen dienen ausschlie\u00dflich der allgemeinen Information und ersetzen nicht die fachliche Beratung, Diagnose oder Behandlung durch einen Arzt. Nahrungserg\u00e4nzungsmittel sind kein Ersatz f\u00fcr eine ausgewogene, abwechslungsreiche Ern\u00e4hrung und eine gesunde Lebensweise.<\/p>\n<p>Nahrungserg\u00e4nzungsmittel stellen keinen Ersatz f\u00fcr abwechslungsreiche Ern\u00e4hrung dar. Eine ausgewogene Ern\u00e4hrung und gesunde Lebensweise sind wichtig. Die empfohlene t\u00e4gliche Verzehrmenge nicht \u00fcberschreiten. Au\u00dferhalb der Reichweite von kleinen Kindern aufbewahren. K\u00fchl und trocken lagern.<\/p>\n<p>Zu Risiken und Nebenwirkungen lesen Sie die Packungsbeilage und fragen Sie Ihre \u00c4rztin, Ihren Arzt oder in Ihrer Apotheke.<\/p>\n<h3 style=\"text-align: left;\">Rezept oder E-Rezept einl\u00f6sen:<\/h3>\n<p>Sie haben ein Rezept oder E-Rezept? Reichen Sie es bequem \u00fcber unsere\u00a0<a class=\"ProsemirrorEditor-link\" href=\"https:\/\/e-rezept-app.de\/shop-rezept\">E-Rezept<\/a>\u00a0App ein \u2013 auch Privatrezepte f\u00fcr Selbstzahler sind m\u00f6glich. Schnell, sicher und einfach.<\/p>\n<h3 class=\"TypographyPresentation TypographyPresentation--medium RichText3-paragraph--withVSpacingNormal RichText3-paragraph HighlightSol HighlightSol--buildingBlock\" style=\"text-align: left;\">Fragen zum Produkt? Wir sind f\u00fcr Sie da!<\/h3>\n<p class=\"TypographyPresentation TypographyPresentation--medium RichText3-paragraph--withVSpacingNormal RichText3-paragraph HighlightSol HighlightSol--buildingBlock\">Unsere verantwortliche Apothekerin\u00a0<strong>Dr. Sandra Hoff<\/strong>\u00a0und ihr Team beraten Sie gerne pers\u00f6nlich \u2013 telefonisch oder per E-Mail. Als\u00a0<strong>echte Apotheke vor Ort<\/strong>\u00a0und\u00a0<strong>zugelassene Versandapotheke<\/strong>\u00a0bieten wir Ihnen kompetente Unterst\u00fctzung, besonders in den Bereichen\u00a0<a href=\"https:\/\/www.loewen-apotheke24.com\/de\/product_tag\/naturheilmittel\/\">Naturheilkunde<\/a>\u00a0und\u00a0<a href=\"https:\/\/www.loewen-apotheke24.com\/de\/product_tag\/vitamine-mineralien-nahrungsergaenzung\/\">Nahrungserg\u00e4nzungsmittel<\/a>. Unsere Erlaubnis finden Sie als\u00a0<a href=\"https:\/\/versandhandel.dimdi.de\/websearch\/servlet\/Gate;jsessionid=0D29D15655BE1174E9178A340E8FE6BC?accessid=dimdi_var&amp;term=3c387956690121ccc8763184f052b93f\" target=\"_blank\" rel=\"noopener\">Eintrag im Versandhandelsregister.<\/a><\/p>\n<h3 style=\"text-align: left;\">Gut zu wissen:<\/h3>\n<article class=\"text-token-text-primary w-full focus:outline-none [--shadow-height:45px] has-data-writing-block:pointer-events-none has-data-writing-block:-mt-(--shadow-height) has-data-writing-block:pt-(--shadow-height) [&amp;:has([data-writing-block])&gt;*]:pointer-events-auto scroll-mt-[calc(var(--header-height)+min(200px,max(70px,20svh)))]\" dir=\"auto\" tabindex=\"-1\" data-turn-id=\"request-WEB:829049c8-7d94-45ec-b35c-c58241efd51b-2\" data-testid=\"conversation-turn-6\" data-scroll-anchor=\"true\" data-turn=\"assistant\">\n<div class=\"text-base my-auto mx-auto pb-10 [--thread-content-margin:--spacing(4)] thread-sm:[--thread-content-margin:--spacing(6)] thread-lg:[--thread-content-margin:--spacing(16)] px-(--thread-content-margin)\">\n<div class=\"[--thread-content-max-width:40rem] thread-lg:[--thread-content-max-width:48rem] mx-auto max-w-(--thread-content-max-width) flex-1 group\/turn-messages focus-visible:outline-hidden relative flex w-full min-w-0 flex-col agent-turn\" tabindex=\"-1\">\n<div class=\"flex max-w-full flex-col grow\">\n<div class=\"min-h-8 text-message relative flex w-full flex-col items-end gap-2 text-start break-words whitespace-normal [.text-message+&amp;]:mt-1\" dir=\"auto\" data-message-author-role=\"assistant\" data-message-id=\"04741e34-7a37-4095-8362-36e5aa7f0e1e\" data-message-model-slug=\"gpt-5-1-thinking\">\n<div class=\"flex w-full flex-col gap-1 empty:hidden first:pt-[1px]\">\n<div class=\"markdown prose dark:prose-invert w-full break-words light markdown-new-styling\">\n<p data-start=\"0\" data-end=\"275\" data-is-last-node=\"\" data-is-only-node=\"\"><a href=\"https:\/\/www.loewen-apotheke24.com\/de\/product_cat\/zinzino\/\">Zinzino-Produkte<\/a> k\u00f6nnen Sie auch direkt im verg\u00fcnstigten Abo <a href=\"https:\/\/www.zinzino.com\/shop\/2020670485\/DE\/de-DE\/products\/shop\">beim Hersteller direkt bestellen<\/a> \u2013 bequem, planbar und g\u00fcnstiger als im Einzelkauf. Idealerweise starten Sie mit dem <a href=\"https:\/\/www.loewen-apotheke24.com\/de\/shop\/angebot\/zinzino-balancetest\/\">BalanceTest<\/a>: Er ermittelt Ihren individuellen Bedarf und unterst\u00fctzt die Auswahl der passenden Produkte.<\/p>\n<\/div>\n<\/div>\n<\/div>\n<\/div>\n<\/div>\n<\/div>\n<\/article>\n","protected":false},"excerpt":{"rendered":"<h2 style=\"text-align: left;\">ZINZINO BalanceOil+\u00a0 Orange-, Lemon- und Minze<\/h2>\n<p>Nat\u00fcrliches Omega-3 aus wildem Fisch in Triglyceridform, gesch\u00fctzt durch natives Oliven\u00f6l extra \u2013 mit erfrischendem Orange-, Lemon- und Minz-Geschmack.<\/p>\n<p><strong>PZN:<\/strong> &#8211; (Pharmazentralnummer)<\/p>\n<p><strong>Darreichungsform<\/strong>: Liquid<\/p>\n<p><strong>Verordnungsart<\/strong>: Rezeptfrei<\/p>\n<p><strong>Hersteller<\/strong>: Zinzino AB, G\u00f6teborg, Schweden.<\/p>\n<p><strong>Packungsgr\u00f6\u00dfe<\/strong>: 2x 300 ml<\/p>\n<p><em>Kein Abo. Einfach kaufen und ausprobieren.\u00a0<\/em><\/p>\n","protected":false},"featured_media":158584,"template":"","meta":[],"product_cat":[13,43,413,1037],"product_tag":[402,267,263,1035,265,469],"yoast_head":"<!-- This site is optimized with the Yoast SEO Premium plugin v21.0 (Yoast SEO v21.0) - https:\/\/yoast.com\/wordpress\/plugins\/seo\/ -->\n<title>ZINZINO BalanceOil+ Orange (2x 300 ml) Doppelpack &gt; kein Abo<\/title>\n<meta name=\"description\" content=\"Top-Service, kurze Lieferzeit, gratis Lieferung ab 30 \u20ac. ZINZINO BalanceOil+ Orange (2x 300 ml) Doppelpack. Nahrungserg\u00e4nzungsmittel mit Omega-3. Kein Abo.\" \/>\n<meta name=\"robots\" content=\"index, follow, max-snippet:-1, max-image-preview:large, max-video-preview:-1\" \/>\n<link rel=\"canonical\" href=\"https:\/\/www.loewen-apotheke24.com\/de\/shop\/angebot\/zinzino-balanceoil-orange-2x300-ml-doppelpack\/\" \/>\n<meta property=\"og:locale\" content=\"de_DE\" \/>\n<meta property=\"og:type\" content=\"article\" \/>\n<meta property=\"og:title\" content=\"ZINZINO BalanceOil+ Orange (2x 300 ml) Doppelpack &gt; kein Abo\" \/>\n<meta property=\"og:description\" content=\"Top-Service, kurze Lieferzeit, gratis Lieferung ab 30 \u20ac. ZINZINO BalanceOil+ Orange (2x 300 ml) Doppelpack. Nahrungserg\u00e4nzungsmittel mit Omega-3. Kein Abo.\" \/>\n<meta property=\"og:url\" content=\"https:\/\/www.loewen-apotheke24.com\/de\/shop\/angebot\/zinzino-balanceoil-orange-2x300-ml-doppelpack\/\" \/>\n<meta property=\"og:site_name\" content=\"L\u00f6wen Apotheke24\" \/>\n<meta property=\"article:modified_time\" content=\"2026-03-19T21:25:20+00:00\" \/>\n<meta property=\"og:image\" content=\"https:\/\/www.loewen-apotheke24.com\/wp-content\/uploads\/2025\/12\/Zinzino-balance-oil-doppelpack-mit-omega-3.webp\" \/>\n\t<meta property=\"og:image:width\" content=\"600\" \/>\n\t<meta property=\"og:image:height\" content=\"600\" \/>\n\t<meta property=\"og:image:type\" content=\"image\/webp\" \/>\n<meta name=\"twitter:card\" content=\"summary_large_image\" \/>\n<meta name=\"twitter:label1\" content=\"Gesch\u00e4tzte Lesezeit\" \/>\n\t<meta name=\"twitter:data1\" content=\"3\u00a0Minuten\" \/>\n<script type=\"application\/ld+json\" class=\"yoast-schema-graph\">{\"@context\":\"https:\/\/schema.org\",\"@graph\":[{\"@type\":\"WebPage\",\"@id\":\"https:\/\/www.loewen-apotheke24.com\/de\/shop\/angebot\/zinzino-balanceoil-orange-2x300-ml-doppelpack\/\",\"url\":\"https:\/\/www.loewen-apotheke24.com\/de\/shop\/angebot\/zinzino-balanceoil-orange-2x300-ml-doppelpack\/\",\"name\":\"ZINZINO BalanceOil+ Orange (2x 300 ml) Doppelpack > kein Abo\",\"isPartOf\":{\"@id\":\"https:\/\/www.loewen-apotheke24.com\/de\/#website\"},\"datePublished\":\"2025-12-13T05:42:14+00:00\",\"dateModified\":\"2026-03-19T21:25:20+00:00\",\"description\":\"Top-Service, kurze Lieferzeit, gratis Lieferung ab 30 \u20ac. ZINZINO BalanceOil+ Orange (2x 300 ml) Doppelpack. Nahrungserg\u00e4nzungsmittel mit Omega-3. Kein Abo.\",\"breadcrumb\":{\"@id\":\"https:\/\/www.loewen-apotheke24.com\/de\/shop\/angebot\/zinzino-balanceoil-orange-2x300-ml-doppelpack\/#breadcrumb\"},\"inLanguage\":\"de\",\"potentialAction\":[{\"@type\":\"ReadAction\",\"target\":[\"https:\/\/www.loewen-apotheke24.com\/de\/shop\/angebot\/zinzino-balanceoil-orange-2x300-ml-doppelpack\/\"]}]},{\"@type\":\"BreadcrumbList\",\"@id\":\"https:\/\/www.loewen-apotheke24.com\/de\/shop\/angebot\/zinzino-balanceoil-orange-2x300-ml-doppelpack\/#breadcrumb\",\"itemListElement\":[{\"@type\":\"ListItem\",\"position\":1,\"name\":\"Shop\",\"item\":\"https:\/\/www.loewen-apotheke24.com\/de\/shop\/\"},{\"@type\":\"ListItem\",\"position\":2,\"name\":\"ZINZINO BalanceOil+ Orange (2x 300 ml) Doppelpack\"}]},{\"@type\":\"WebSite\",\"@id\":\"https:\/\/www.loewen-apotheke24.com\/de\/#website\",\"url\":\"https:\/\/www.loewen-apotheke24.com\/de\/\",\"name\":\"L\u00f6wen Apotheke24\",\"description\":\"Spezialist f\u00fcr Naturmedizin - Versandapotheke Baden-Baden\",\"publisher\":{\"@id\":\"https:\/\/www.loewen-apotheke24.com\/de\/#organization\"},\"potentialAction\":[{\"@type\":\"SearchAction\",\"target\":{\"@type\":\"EntryPoint\",\"urlTemplate\":\"https:\/\/www.loewen-apotheke24.com\/de\/?s={search_term_string}\"},\"query-input\":\"required name=search_term_string\"}],\"inLanguage\":\"de\"},{\"@type\":\"Organization\",\"@id\":\"https:\/\/www.loewen-apotheke24.com\/de\/#organization\",\"name\":\"L\u00f6wen Apotheke\",\"alternateName\":\"L\u00f6wen Apotheke\",\"url\":\"https:\/\/www.loewen-apotheke24.com\/de\/\",\"logo\":{\"@type\":\"ImageObject\",\"inLanguage\":\"de\",\"@id\":\"https:\/\/www.loewen-apotheke24.com\/de\/#\/schema\/logo\/image\/\",\"url\":\"https:\/\/www.loewen-apotheke24.com\/wp-content\/uploads\/2024\/02\/Logo-Loewen-Apotheke-700x700-1.png\",\"contentUrl\":\"https:\/\/www.loewen-apotheke24.com\/wp-content\/uploads\/2024\/02\/Logo-Loewen-Apotheke-700x700-1.png\",\"width\":700,\"height\":700,\"caption\":\"L\u00f6wen Apotheke\"},\"image\":{\"@id\":\"https:\/\/www.loewen-apotheke24.com\/de\/#\/schema\/logo\/image\/\"}}]}<\/script>\n<!-- \/ Yoast SEO Premium plugin. -->","yoast_head_json":{"title":"ZINZINO BalanceOil+ Orange (2x 300 ml) Doppelpack > kein Abo","description":"Top-Service, kurze Lieferzeit, gratis Lieferung ab 30 \u20ac. ZINZINO BalanceOil+ Orange (2x 300 ml) Doppelpack. Nahrungserg\u00e4nzungsmittel mit Omega-3. Kein Abo.","robots":{"index":"index","follow":"follow","max-snippet":"max-snippet:-1","max-image-preview":"max-image-preview:large","max-video-preview":"max-video-preview:-1"},"canonical":"https:\/\/www.loewen-apotheke24.com\/de\/shop\/angebot\/zinzino-balanceoil-orange-2x300-ml-doppelpack\/","og_locale":"de_DE","og_type":"article","og_title":"ZINZINO BalanceOil+ Orange (2x 300 ml) Doppelpack > kein Abo","og_description":"Top-Service, kurze Lieferzeit, gratis Lieferung ab 30 \u20ac. ZINZINO BalanceOil+ Orange (2x 300 ml) Doppelpack. Nahrungserg\u00e4nzungsmittel mit Omega-3. Kein Abo.","og_url":"https:\/\/www.loewen-apotheke24.com\/de\/shop\/angebot\/zinzino-balanceoil-orange-2x300-ml-doppelpack\/","og_site_name":"L\u00f6wen Apotheke24","article_modified_time":"2026-03-19T21:25:20+00:00","og_image":[{"width":600,"height":600,"url":"https:\/\/www.loewen-apotheke24.com\/wp-content\/uploads\/2025\/12\/Zinzino-balance-oil-doppelpack-mit-omega-3.webp","type":"image\/webp"}],"twitter_card":"summary_large_image","twitter_misc":{"Gesch\u00e4tzte Lesezeit":"3\u00a0Minuten"},"schema":{"@context":"https:\/\/schema.org","@graph":[{"@type":"WebPage","@id":"https:\/\/www.loewen-apotheke24.com\/de\/shop\/angebot\/zinzino-balanceoil-orange-2x300-ml-doppelpack\/","url":"https:\/\/www.loewen-apotheke24.com\/de\/shop\/angebot\/zinzino-balanceoil-orange-2x300-ml-doppelpack\/","name":"ZINZINO BalanceOil+ Orange (2x 300 ml) Doppelpack > kein Abo","isPartOf":{"@id":"https:\/\/www.loewen-apotheke24.com\/de\/#website"},"datePublished":"2025-12-13T05:42:14+00:00","dateModified":"2026-03-19T21:25:20+00:00","description":"Top-Service, kurze Lieferzeit, gratis Lieferung ab 30 \u20ac. ZINZINO BalanceOil+ Orange (2x 300 ml) Doppelpack. Nahrungserg\u00e4nzungsmittel mit Omega-3. Kein Abo.","breadcrumb":{"@id":"https:\/\/www.loewen-apotheke24.com\/de\/shop\/angebot\/zinzino-balanceoil-orange-2x300-ml-doppelpack\/#breadcrumb"},"inLanguage":"de","potentialAction":[{"@type":"ReadAction","target":["https:\/\/www.loewen-apotheke24.com\/de\/shop\/angebot\/zinzino-balanceoil-orange-2x300-ml-doppelpack\/"]}]},{"@type":"BreadcrumbList","@id":"https:\/\/www.loewen-apotheke24.com\/de\/shop\/angebot\/zinzino-balanceoil-orange-2x300-ml-doppelpack\/#breadcrumb","itemListElement":[{"@type":"ListItem","position":1,"name":"Shop","item":"https:\/\/www.loewen-apotheke24.com\/de\/shop\/"},{"@type":"ListItem","position":2,"name":"ZINZINO BalanceOil+ Orange (2x 300 ml) Doppelpack"}]},{"@type":"WebSite","@id":"https:\/\/www.loewen-apotheke24.com\/de\/#website","url":"https:\/\/www.loewen-apotheke24.com\/de\/","name":"L\u00f6wen Apotheke24","description":"Spezialist f\u00fcr Naturmedizin - Versandapotheke Baden-Baden","publisher":{"@id":"https:\/\/www.loewen-apotheke24.com\/de\/#organization"},"potentialAction":[{"@type":"SearchAction","target":{"@type":"EntryPoint","urlTemplate":"https:\/\/www.loewen-apotheke24.com\/de\/?s={search_term_string}"},"query-input":"required name=search_term_string"}],"inLanguage":"de"},{"@type":"Organization","@id":"https:\/\/www.loewen-apotheke24.com\/de\/#organization","name":"L\u00f6wen Apotheke","alternateName":"L\u00f6wen Apotheke","url":"https:\/\/www.loewen-apotheke24.com\/de\/","logo":{"@type":"ImageObject","inLanguage":"de","@id":"https:\/\/www.loewen-apotheke24.com\/de\/#\/schema\/logo\/image\/","url":"https:\/\/www.loewen-apotheke24.com\/wp-content\/uploads\/2024\/02\/Logo-Loewen-Apotheke-700x700-1.png","contentUrl":"https:\/\/www.loewen-apotheke24.com\/wp-content\/uploads\/2024\/02\/Logo-Loewen-Apotheke-700x700-1.png","width":700,"height":700,"caption":"L\u00f6wen Apotheke"},"image":{"@id":"https:\/\/www.loewen-apotheke24.com\/de\/#\/schema\/logo\/image\/"}}]}},"_links":{"self":[{"href":"https:\/\/www.loewen-apotheke24.com\/de\/wp-json\/wp\/v2\/product\/150787"}],"collection":[{"href":"https:\/\/www.loewen-apotheke24.com\/de\/wp-json\/wp\/v2\/product"}],"about":[{"href":"https:\/\/www.loewen-apotheke24.com\/de\/wp-json\/wp\/v2\/types\/product"}],"wp:featuredmedia":[{"embeddable":true,"href":"https:\/\/www.loewen-apotheke24.com\/de\/wp-json\/wp\/v2\/media\/158584"}],"wp:attachment":[{"href":"https:\/\/www.loewen-apotheke24.com\/de\/wp-json\/wp\/v2\/media?parent=150787"}],"wp:term":[{"taxonomy":"product_cat","embeddable":true,"href":"https:\/\/www.loewen-apotheke24.com\/de\/wp-json\/wp\/v2\/product_cat?post=150787"},{"taxonomy":"product_tag","embeddable":true,"href":"https:\/\/www.loewen-apotheke24.com\/de\/wp-json\/wp\/v2\/product_tag?post=150787"}],"curies":[{"name":"wp","href":"https:\/\/api.w.org\/{rel}","templated":true}]}}