{"id":150797,"date":"2025-12-13T08:10:44","date_gmt":"2025-12-13T07:10:44","guid":{"rendered":"https:\/\/www.loewen-apotheke24.com\/?post_type=product&#038;p=150797"},"modified":"2026-03-11T10:24:29","modified_gmt":"2026-03-11T09:24:29","slug":"zinzino-balancetest-starterset","status":"publish","type":"product","link":"https:\/\/www.loewen-apotheke24.com\/de\/shop\/vorteilsangebote\/zinzino-balancetest-starterset\/","title":{"rendered":"ZINZINO BalanceTest (Starterset)"},"content":{"rendered":"<h3 style=\"text-align: left;\">ZINZINO BalanceTest<\/h3>\n<p>Der ZINZINO BalanceTest Starterset ist ein Paket aus: 1 St. Balance Test + 1 Zinzino Balance+ 100ml Orange + Telefonische Testanalyseberatung ca. 10 Min.<\/p>\n<p>Der BalanceTest ist ein einfacher Selbsttest zur Analyse der Fetts\u00e4uren im Kapillarblut, welches mithilfe des Trockenblut-Verfahrens (Dried Blood Spot, DBS) aus einer Fingerspitze entnommen wird. Es ist wissenschaftlich bewiesen, dass ein DBS-Test f\u00fcr die Analyse von Fetts\u00e4uren genauso exakt wie eine ven\u00f6se Blutprobe ist. Alles, was hierzu erforderlich ist sind ein paar Tropfen Blut Ihrer Fingerspitze auf einem Whatman\u00ae-Filterpapier \u2013 ein Vorgang, der weniger als eine Minute dauert.<\/p>\n<p>Benutzerfreundlicher Trockenblut-Selbsttest:<\/p>\n<ul>\n<li>Misst 11 Fetts\u00e4uren in Ihrem Blut<\/li>\n<li>Gibt Auskunft \u00fcber Ihre Omega-6:3-Balance<\/li>\n<\/ul>\n<p>Der Test misst 11 Fetts\u00e4uren, einschlie\u00dflich ges\u00e4ttigter, einfach unges\u00e4ttigter (Omega-9) und mehrfach unges\u00e4ttigter (Omega-6 und Omega-3) Fetts\u00e4uren. Die einzelnen Fetts\u00e4urewerte werden in der Tabelle dargestellt und als Prozentanteil der gemessenen Gesamtfetts\u00e4uren ausgedr\u00fcckt. F\u00fcr den Vergleich in der Tabelle wird der durchschnittliche Bereich f\u00fcr jede Fetts\u00e4ure (basierend auf den aus einer Gro\u00dfgruppe von ausgewogenen Personen gewonnenen Daten) als Zielwert dargestellt. Die folgenden Fetts\u00e4uren werden gemessen:<\/p>\n<p>Palmitins\u00e4ure, C16:0, ges\u00e4ttigte Fetts\u00e4ure<br \/>\nStearins\u00e4ure, C18:0, ges\u00e4ttigte Fetts\u00e4ure<br \/>\n\u00d6ls\u00e4ure, C18:1, Omega-9<br \/>\nLinolens\u00e4ure, C18:2, Omega-6<br \/>\nAlpha-Linolens\u00e4ure, C18:3, Omega-3<br \/>\nGamma-Linolens\u00e4ure, C18:3, Omega-6<br \/>\nDihomogamma-Linolens\u00e4ure, C20:3, Omega-6<br \/>\nArachidons\u00e4ure (AA), C20:4, Omega-6<br \/>\nEicosapentaens\u00e4ure (EPA), C20:5, Omega-3<br \/>\nDocosapentaens\u00e4ure (DPA), C22:5, Omega-3<br \/>\nDocosahexens\u00e4ure (DHA), C22:6, Omega-3<\/p>\n<p>Hinweise und Informationen zur Anwendung finden Sie beim <a href=\"https:\/\/www.zinzino.com\/shop\/2020602041\/AT\/de-DE\/products\/shop\/home-health-tests\/309000\/\">Hersteller Zinzino<\/a>. Unsere verantwortliche Apothekerin Dr. Sandra Hoff und ihr Team beraten Sie gerne pers\u00f6nlich zu Zinzino und dem Selbsttest Ergebnisse.<\/p>\n<p>Andere Kunden interessierten sich auch f\u00fcr Produkte zum Thema: \u00a0<a href=\"https:\/\/www.loewen-apotheke24.com\/de\/product_tag\/reiseapotheke\/\">Reiseapotheke<\/a> | <a href=\"https:\/\/www.loewen-apotheke24.com\/de\/product_tag\/longevity\/\">longevity<\/a><\/p>\n<p>Hinweis zur Anwendung und Einnahme: Die auf dieser Website bereitgestellten Informationen dienen ausschlie\u00dflich der allgemeinen Information und ersetzen nicht die fachliche Beratung, Diagnose oder Behandlung durch einen Arzt. Nahrungserg\u00e4nzungsmittel sind kein Ersatz f\u00fcr eine ausgewogene, abwechslungsreiche Ern\u00e4hrung und eine gesunde Lebensweise.<\/p>\n<p>Zu Risiken und Nebenwirkungen lesen Sie die Packungsbeilage und fragen Sie Ihre \u00c4rztin, Ihren Arzt oder in Ihrer Apotheke.<\/p>\n<h3 style=\"text-align: left;\">Rezept oder E-Rezept einl\u00f6sen:<\/h3>\n<p>Sie haben ein Rezept oder E-Rezept? Reichen Sie es bequem \u00fcber unsere\u00a0<a class=\"ProsemirrorEditor-link\" href=\"https:\/\/e-rezept-app.de\/shop-rezept\">E-Rezept<\/a>\u00a0App ein \u2013 auch Privatrezepte f\u00fcr Selbstzahler sind m\u00f6glich. Schnell, sicher und einfach.<\/p>\n<h3 class=\"TypographyPresentation TypographyPresentation--medium RichText3-paragraph--withVSpacingNormal RichText3-paragraph HighlightSol HighlightSol--buildingBlock\" style=\"text-align: left;\">Fragen zum Produkt? Wir sind f\u00fcr Sie da!<\/h3>\n<p class=\"TypographyPresentation TypographyPresentation--medium RichText3-paragraph--withVSpacingNormal RichText3-paragraph HighlightSol HighlightSol--buildingBlock\">Unsere verantwortliche Apothekerin\u00a0<strong>Dr. Sandra Hoff<\/strong>\u00a0und ihr Team beraten Sie gerne pers\u00f6nlich \u2013 telefonisch oder per E-Mail. Als\u00a0<strong>echte Apotheke vor Ort<\/strong>\u00a0und\u00a0<strong>zugelassene Versandapotheke<\/strong>\u00a0bieten wir Ihnen kompetente Unterst\u00fctzung, besonders in den Bereichen\u00a0<a href=\"https:\/\/www.loewen-apotheke24.com\/de\/product_tag\/naturheilmittel\/\">Naturheilkunde<\/a>\u00a0und\u00a0<a href=\"https:\/\/www.loewen-apotheke24.com\/de\/product_tag\/vitamine-mineralien-nahrungsergaenzung\/\">Nahrungserg\u00e4nzungsmittel<\/a>. Unsere Erlaubnis finden Sie als\u00a0<a href=\"https:\/\/versandhandel.dimdi.de\/websearch\/servlet\/Gate;jsessionid=0D29D15655BE1174E9178A340E8FE6BC?accessid=dimdi_var&amp;term=3c387956690121ccc8763184f052b93f\" target=\"_blank\" rel=\"noopener\">Eintrag im Versandhandelsregister.<\/a><\/p>\n","protected":false},"excerpt":{"rendered":"<h2 style=\"text-align: left;\">ZINZINO BalanceTest (Starterset aus Test + Balance\u00d6l + Analyseberatung)<\/h2>\n<p>Trockenblut-Selbsttest gibt Auskunft \u00fcber Ihre Omega-6:3-Balance<\/p>\n<p><strong>PZN:<\/strong> &#8211; (Pharmazentralnummer)<\/p>\n<p><strong>Darreichungsform<\/strong>: &#8211;<\/p>\n<p><strong>Verordnungsart<\/strong>: Rezeptfrei<\/p>\n<p><strong>Hersteller<\/strong>: Zinzino AB, G\u00f6teborg, Schweden.<\/p>\n<p><strong>Packungsgr\u00f6\u00dfe<\/strong>: 1 St. Balance Test + 1 Zinzino Balance+ 100ml + Telefonische Testanalyseberatung. 10 Min.<\/p>\n","protected":false},"featured_media":158577,"template":"","meta":[],"product_cat":[413,1037],"product_tag":[402,267,263,1035,265,422,469],"yoast_head":"<!-- This site is optimized with the Yoast SEO Premium plugin v21.0 (Yoast SEO v21.0) - https:\/\/yoast.com\/wordpress\/plugins\/seo\/ -->\n<title>ZINZINO BalanceTest (Starterset) g\u00fcnstig nachkaufen<\/title>\n<meta name=\"description\" content=\"Top-Service, gratis Lieferung ab 30 \u20ac. ZINZINO BalanceTest (Starterset) . Selbsttest zur Bestimmung u.a. der Omega-6:3-Balance. Balancetest mit \u00d6l 100ml\" \/>\n<meta name=\"robots\" content=\"index, follow, max-snippet:-1, max-image-preview:large, max-video-preview:-1\" \/>\n<link rel=\"canonical\" href=\"https:\/\/www.loewen-apotheke24.com\/de\/shop\/vorteilsangebote\/zinzino-balancetest-starterset\/\" \/>\n<meta property=\"og:locale\" content=\"de_DE\" \/>\n<meta property=\"og:type\" content=\"article\" \/>\n<meta property=\"og:title\" content=\"ZINZINO BalanceTest (Starterset) g\u00fcnstig nachkaufen\" \/>\n<meta property=\"og:description\" content=\"Top-Service, gratis Lieferung ab 30 \u20ac. ZINZINO BalanceTest (Starterset) . Selbsttest zur Bestimmung u.a. der Omega-6:3-Balance. Balancetest mit \u00d6l 100ml\" \/>\n<meta property=\"og:url\" content=\"https:\/\/www.loewen-apotheke24.com\/de\/shop\/vorteilsangebote\/zinzino-balancetest-starterset\/\" \/>\n<meta property=\"og:site_name\" content=\"L\u00f6wen Apotheke24\" \/>\n<meta property=\"article:modified_time\" content=\"2026-03-11T09:24:29+00:00\" \/>\n<meta property=\"og:image\" content=\"https:\/\/www.loewen-apotheke24.com\/wp-content\/uploads\/2025\/12\/Zinzino-Balancetest-und-Balanceoil-100-ml-als-Starterset-Loewen-Apotheke24.webp\" \/>\n\t<meta property=\"og:image:width\" content=\"600\" \/>\n\t<meta property=\"og:image:height\" content=\"600\" \/>\n\t<meta property=\"og:image:type\" content=\"image\/webp\" \/>\n<meta name=\"twitter:card\" content=\"summary_large_image\" \/>\n<meta name=\"twitter:label1\" content=\"Gesch\u00e4tzte Lesezeit\" \/>\n\t<meta name=\"twitter:data1\" content=\"3\u00a0Minuten\" \/>\n<script type=\"application\/ld+json\" class=\"yoast-schema-graph\">{\"@context\":\"https:\/\/schema.org\",\"@graph\":[{\"@type\":\"WebPage\",\"@id\":\"https:\/\/www.loewen-apotheke24.com\/de\/shop\/vorteilsangebote\/zinzino-balancetest-starterset\/\",\"url\":\"https:\/\/www.loewen-apotheke24.com\/de\/shop\/vorteilsangebote\/zinzino-balancetest-starterset\/\",\"name\":\"ZINZINO BalanceTest (Starterset) g\u00fcnstig nachkaufen\",\"isPartOf\":{\"@id\":\"https:\/\/www.loewen-apotheke24.com\/de\/#website\"},\"datePublished\":\"2025-12-13T07:10:44+00:00\",\"dateModified\":\"2026-03-11T09:24:29+00:00\",\"description\":\"Top-Service, gratis Lieferung ab 30 \u20ac. ZINZINO BalanceTest (Starterset) . Selbsttest zur Bestimmung u.a. der Omega-6:3-Balance. Balancetest mit \u00d6l 100ml\",\"breadcrumb\":{\"@id\":\"https:\/\/www.loewen-apotheke24.com\/de\/shop\/vorteilsangebote\/zinzino-balancetest-starterset\/#breadcrumb\"},\"inLanguage\":\"de\",\"potentialAction\":[{\"@type\":\"ReadAction\",\"target\":[\"https:\/\/www.loewen-apotheke24.com\/de\/shop\/vorteilsangebote\/zinzino-balancetest-starterset\/\"]}]},{\"@type\":\"BreadcrumbList\",\"@id\":\"https:\/\/www.loewen-apotheke24.com\/de\/shop\/vorteilsangebote\/zinzino-balancetest-starterset\/#breadcrumb\",\"itemListElement\":[{\"@type\":\"ListItem\",\"position\":1,\"name\":\"Shop\",\"item\":\"https:\/\/www.loewen-apotheke24.com\/de\/shop\/\"},{\"@type\":\"ListItem\",\"position\":2,\"name\":\"ZINZINO BalanceTest (Starterset)\"}]},{\"@type\":\"WebSite\",\"@id\":\"https:\/\/www.loewen-apotheke24.com\/de\/#website\",\"url\":\"https:\/\/www.loewen-apotheke24.com\/de\/\",\"name\":\"L\u00f6wen Apotheke24\",\"description\":\"Spezialist f\u00fcr Naturmedizin - Versandapotheke Baden-Baden\",\"publisher\":{\"@id\":\"https:\/\/www.loewen-apotheke24.com\/de\/#organization\"},\"potentialAction\":[{\"@type\":\"SearchAction\",\"target\":{\"@type\":\"EntryPoint\",\"urlTemplate\":\"https:\/\/www.loewen-apotheke24.com\/de\/?s={search_term_string}\"},\"query-input\":\"required name=search_term_string\"}],\"inLanguage\":\"de\"},{\"@type\":\"Organization\",\"@id\":\"https:\/\/www.loewen-apotheke24.com\/de\/#organization\",\"name\":\"L\u00f6wen Apotheke\",\"alternateName\":\"L\u00f6wen Apotheke\",\"url\":\"https:\/\/www.loewen-apotheke24.com\/de\/\",\"logo\":{\"@type\":\"ImageObject\",\"inLanguage\":\"de\",\"@id\":\"https:\/\/www.loewen-apotheke24.com\/de\/#\/schema\/logo\/image\/\",\"url\":\"https:\/\/www.loewen-apotheke24.com\/wp-content\/uploads\/2024\/02\/Logo-Loewen-Apotheke-700x700-1.png\",\"contentUrl\":\"https:\/\/www.loewen-apotheke24.com\/wp-content\/uploads\/2024\/02\/Logo-Loewen-Apotheke-700x700-1.png\",\"width\":700,\"height\":700,\"caption\":\"L\u00f6wen Apotheke\"},\"image\":{\"@id\":\"https:\/\/www.loewen-apotheke24.com\/de\/#\/schema\/logo\/image\/\"}}]}<\/script>\n<!-- \/ Yoast SEO Premium plugin. -->","yoast_head_json":{"title":"ZINZINO BalanceTest (Starterset) g\u00fcnstig nachkaufen","description":"Top-Service, gratis Lieferung ab 30 \u20ac. ZINZINO BalanceTest (Starterset) . Selbsttest zur Bestimmung u.a. der Omega-6:3-Balance. Balancetest mit \u00d6l 100ml","robots":{"index":"index","follow":"follow","max-snippet":"max-snippet:-1","max-image-preview":"max-image-preview:large","max-video-preview":"max-video-preview:-1"},"canonical":"https:\/\/www.loewen-apotheke24.com\/de\/shop\/vorteilsangebote\/zinzino-balancetest-starterset\/","og_locale":"de_DE","og_type":"article","og_title":"ZINZINO BalanceTest (Starterset) g\u00fcnstig nachkaufen","og_description":"Top-Service, gratis Lieferung ab 30 \u20ac. ZINZINO BalanceTest (Starterset) . Selbsttest zur Bestimmung u.a. der Omega-6:3-Balance. Balancetest mit \u00d6l 100ml","og_url":"https:\/\/www.loewen-apotheke24.com\/de\/shop\/vorteilsangebote\/zinzino-balancetest-starterset\/","og_site_name":"L\u00f6wen Apotheke24","article_modified_time":"2026-03-11T09:24:29+00:00","og_image":[{"width":600,"height":600,"url":"https:\/\/www.loewen-apotheke24.com\/wp-content\/uploads\/2025\/12\/Zinzino-Balancetest-und-Balanceoil-100-ml-als-Starterset-Loewen-Apotheke24.webp","type":"image\/webp"}],"twitter_card":"summary_large_image","twitter_misc":{"Gesch\u00e4tzte Lesezeit":"3\u00a0Minuten"},"schema":{"@context":"https:\/\/schema.org","@graph":[{"@type":"WebPage","@id":"https:\/\/www.loewen-apotheke24.com\/de\/shop\/vorteilsangebote\/zinzino-balancetest-starterset\/","url":"https:\/\/www.loewen-apotheke24.com\/de\/shop\/vorteilsangebote\/zinzino-balancetest-starterset\/","name":"ZINZINO BalanceTest (Starterset) g\u00fcnstig nachkaufen","isPartOf":{"@id":"https:\/\/www.loewen-apotheke24.com\/de\/#website"},"datePublished":"2025-12-13T07:10:44+00:00","dateModified":"2026-03-11T09:24:29+00:00","description":"Top-Service, gratis Lieferung ab 30 \u20ac. ZINZINO BalanceTest (Starterset) . Selbsttest zur Bestimmung u.a. der Omega-6:3-Balance. Balancetest mit \u00d6l 100ml","breadcrumb":{"@id":"https:\/\/www.loewen-apotheke24.com\/de\/shop\/vorteilsangebote\/zinzino-balancetest-starterset\/#breadcrumb"},"inLanguage":"de","potentialAction":[{"@type":"ReadAction","target":["https:\/\/www.loewen-apotheke24.com\/de\/shop\/vorteilsangebote\/zinzino-balancetest-starterset\/"]}]},{"@type":"BreadcrumbList","@id":"https:\/\/www.loewen-apotheke24.com\/de\/shop\/vorteilsangebote\/zinzino-balancetest-starterset\/#breadcrumb","itemListElement":[{"@type":"ListItem","position":1,"name":"Shop","item":"https:\/\/www.loewen-apotheke24.com\/de\/shop\/"},{"@type":"ListItem","position":2,"name":"ZINZINO BalanceTest (Starterset)"}]},{"@type":"WebSite","@id":"https:\/\/www.loewen-apotheke24.com\/de\/#website","url":"https:\/\/www.loewen-apotheke24.com\/de\/","name":"L\u00f6wen Apotheke24","description":"Spezialist f\u00fcr Naturmedizin - Versandapotheke Baden-Baden","publisher":{"@id":"https:\/\/www.loewen-apotheke24.com\/de\/#organization"},"potentialAction":[{"@type":"SearchAction","target":{"@type":"EntryPoint","urlTemplate":"https:\/\/www.loewen-apotheke24.com\/de\/?s={search_term_string}"},"query-input":"required name=search_term_string"}],"inLanguage":"de"},{"@type":"Organization","@id":"https:\/\/www.loewen-apotheke24.com\/de\/#organization","name":"L\u00f6wen Apotheke","alternateName":"L\u00f6wen Apotheke","url":"https:\/\/www.loewen-apotheke24.com\/de\/","logo":{"@type":"ImageObject","inLanguage":"de","@id":"https:\/\/www.loewen-apotheke24.com\/de\/#\/schema\/logo\/image\/","url":"https:\/\/www.loewen-apotheke24.com\/wp-content\/uploads\/2024\/02\/Logo-Loewen-Apotheke-700x700-1.png","contentUrl":"https:\/\/www.loewen-apotheke24.com\/wp-content\/uploads\/2024\/02\/Logo-Loewen-Apotheke-700x700-1.png","width":700,"height":700,"caption":"L\u00f6wen Apotheke"},"image":{"@id":"https:\/\/www.loewen-apotheke24.com\/de\/#\/schema\/logo\/image\/"}}]}},"_links":{"self":[{"href":"https:\/\/www.loewen-apotheke24.com\/de\/wp-json\/wp\/v2\/product\/150797"}],"collection":[{"href":"https:\/\/www.loewen-apotheke24.com\/de\/wp-json\/wp\/v2\/product"}],"about":[{"href":"https:\/\/www.loewen-apotheke24.com\/de\/wp-json\/wp\/v2\/types\/product"}],"wp:featuredmedia":[{"embeddable":true,"href":"https:\/\/www.loewen-apotheke24.com\/de\/wp-json\/wp\/v2\/media\/158577"}],"wp:attachment":[{"href":"https:\/\/www.loewen-apotheke24.com\/de\/wp-json\/wp\/v2\/media?parent=150797"}],"wp:term":[{"taxonomy":"product_cat","embeddable":true,"href":"https:\/\/www.loewen-apotheke24.com\/de\/wp-json\/wp\/v2\/product_cat?post=150797"},{"taxonomy":"product_tag","embeddable":true,"href":"https:\/\/www.loewen-apotheke24.com\/de\/wp-json\/wp\/v2\/product_tag?post=150797"}],"curies":[{"name":"wp","href":"https:\/\/api.w.org\/{rel}","templated":true}]}}