{"id":1510,"date":"2017-08-18T07:17:32","date_gmt":"2017-08-18T06:17:32","guid":{"rendered":"https:\/\/www.loewen-apotheke24.com\/?post_type=product&#038;p=1510"},"modified":"2024-01-20T07:33:06","modified_gmt":"2024-01-20T06:33:06","slug":"euphorbium-compositum-sn-ampullen-50-st","status":"publish","type":"product","link":"https:\/\/www.loewen-apotheke24.com\/de\/shop\/heel\/euphorbium-compositum-sn-ampullen-50-st\/","title":{"rendered":"Euphorbium compositum SN Ampullen 50 St."},"content":{"rendered":"<h3 style=\"text-align: left;\">Euphorbium compositum SN Ampullen<\/h3>\n<p>Euphorbium compositum SN Ampullen:\u00a0Als Teil unseres patientenzentrierten therapeutischen Ansatzes stellen Heel Arzneimittel die F\u00e4higkeit des K\u00f6rpers zur Selbstregulierung in den Mittelpunkt. Sie unterst\u00fctzen die Aktivierung k\u00f6rpereigener Mechanismen, um die Gesundung zu f\u00f6rdern, anstatt nur die Symptome der Krankheit zu unterdr\u00fccken. Heel Medikamente auf der Basis nat\u00fcrlicher Wirkstoffe stimulieren und st\u00e4rken diesen Prozess, und Patienten profitieren vom sicheren und nachhaltigen Therapieansatz.<\/p>\n<p>Zum Hersteller:\u00a0<a href=\"https:\/\/www.heel.de\/de\/engystol.html\">Heel<\/a><\/p>\n<p>Weitere Produkte &amp; Packungsgr\u00f6\u00dfen:\u00a0<a href=\"https:\/\/www.loewen-apotheke24.com\/de\/product_cat\/heel\/\">Heel<\/a><\/p>\n<p>Registriertes hom\u00f6opathisches Arzneimittel, daher ohne Angabe einer therapeutischen Indikation. Bei w\u00e4hrend der Anwendung fortdauernden Krankheitssymptomen ist medizinischer Rat einzuholen. Zu Risiken und Nebenwirkungen lesen Sie die Packungsbeilage und fragen Sie Ihren Arzt oder Apotheker.<\/p>\n","protected":false},"excerpt":{"rendered":"<h2 style=\"text-align: left;\">Euphorbium compositum SN Ampullen 50 St.<\/h2>\n<p><strong>PZN:<\/strong> 1230363 (Pharmazentralnummer)<\/p>\n<p><strong>Darreichungsform<\/strong>: Ampullen<\/p>\n<p><strong>Verordnungsart<\/strong>: Rezeptfrei<\/p>\n<p><strong>Hersteller<\/strong>: \u00a0<a href=\"https:\/\/www.loewen-apotheke24.com\/de\/product_cat\/heel\/\">Biologische Heilmittel Heel GmbH<\/a><\/p>\n","protected":false},"featured_media":53236,"template":"","meta":[],"product_cat":[85],"product_tag":[264,267,266,263,262,265],"yoast_head":"<!-- This site is optimized with the Yoast SEO Premium plugin v21.0 (Yoast SEO v21.0) - https:\/\/yoast.com\/wordpress\/plugins\/seo\/ -->\n<title>Euphorbium compositum SN Ampullen 50 St. - L\u00f6wen Apotheke24<\/title>\n<meta name=\"description\" content=\"L\u00f6wen Apotheke24 aus Baden-Baden, DE - kurze Lieferzeit - Spezialist f\u00fcr Naturheilkunde - Euphorbium compositum SN Ampullen 50 St.\" \/>\n<meta name=\"robots\" content=\"index, follow, max-snippet:-1, max-image-preview:large, max-video-preview:-1\" \/>\n<link rel=\"canonical\" href=\"https:\/\/www.loewen-apotheke24.com\/de\/shop\/heel\/euphorbium-compositum-sn-ampullen-50-st\/\" \/>\n<meta property=\"og:locale\" content=\"de_DE\" \/>\n<meta property=\"og:type\" content=\"article\" \/>\n<meta property=\"og:title\" content=\"Euphorbium compositum SN Ampullen 50 St. - L\u00f6wen Apotheke24\" \/>\n<meta property=\"og:description\" content=\"L\u00f6wen Apotheke24 aus Baden-Baden, DE - kurze Lieferzeit - Spezialist f\u00fcr Naturheilkunde - Euphorbium compositum SN Ampullen 50 St.\" \/>\n<meta property=\"og:url\" content=\"https:\/\/www.loewen-apotheke24.com\/de\/shop\/heel\/euphorbium-compositum-sn-ampullen-50-st\/\" \/>\n<meta property=\"og:site_name\" content=\"L\u00f6wen Apotheke24\" \/>\n<meta property=\"article:modified_time\" content=\"2024-01-20T06:33:06+00:00\" \/>\n<meta property=\"og:image\" content=\"https:\/\/www.loewen-apotheke24.com\/wp-content\/uploads\/2017\/08\/Euphorbium-compositum-SN-Ampullen-50-St-Heel-Arzneimittel-Loewen-Apotheke24.jpg\" \/>\n\t<meta property=\"og:image:width\" content=\"600\" \/>\n\t<meta property=\"og:image:height\" content=\"600\" \/>\n\t<meta property=\"og:image:type\" content=\"image\/jpeg\" \/>\n<meta name=\"twitter:card\" content=\"summary_large_image\" \/>\n<meta name=\"twitter:label1\" content=\"Gesch\u00e4tzte Lesezeit\" \/>\n\t<meta name=\"twitter:data1\" content=\"1\u00a0Minute\" \/>\n<script type=\"application\/ld+json\" class=\"yoast-schema-graph\">{\"@context\":\"https:\/\/schema.org\",\"@graph\":[{\"@type\":\"WebPage\",\"@id\":\"https:\/\/www.loewen-apotheke24.com\/de\/shop\/heel\/euphorbium-compositum-sn-ampullen-50-st\/\",\"url\":\"https:\/\/www.loewen-apotheke24.com\/de\/shop\/heel\/euphorbium-compositum-sn-ampullen-50-st\/\",\"name\":\"Euphorbium compositum SN Ampullen 50 St. - L\u00f6wen Apotheke24\",\"isPartOf\":{\"@id\":\"https:\/\/www.loewen-apotheke24.com\/de\/#website\"},\"datePublished\":\"2017-08-18T06:17:32+00:00\",\"dateModified\":\"2024-01-20T06:33:06+00:00\",\"description\":\"L\u00f6wen Apotheke24 aus Baden-Baden, DE - kurze Lieferzeit - Spezialist f\u00fcr Naturheilkunde - Euphorbium compositum SN Ampullen 50 St.\",\"breadcrumb\":{\"@id\":\"https:\/\/www.loewen-apotheke24.com\/de\/shop\/heel\/euphorbium-compositum-sn-ampullen-50-st\/#breadcrumb\"},\"inLanguage\":\"de\",\"potentialAction\":[{\"@type\":\"ReadAction\",\"target\":[\"https:\/\/www.loewen-apotheke24.com\/de\/shop\/heel\/euphorbium-compositum-sn-ampullen-50-st\/\"]}]},{\"@type\":\"BreadcrumbList\",\"@id\":\"https:\/\/www.loewen-apotheke24.com\/de\/shop\/heel\/euphorbium-compositum-sn-ampullen-50-st\/#breadcrumb\",\"itemListElement\":[{\"@type\":\"ListItem\",\"position\":1,\"name\":\"Shop\",\"item\":\"https:\/\/www.loewen-apotheke24.com\/de\/shop\/\"},{\"@type\":\"ListItem\",\"position\":2,\"name\":\"Euphorbium compositum SN Ampullen 50 St.\"}]},{\"@type\":\"WebSite\",\"@id\":\"https:\/\/www.loewen-apotheke24.com\/de\/#website\",\"url\":\"https:\/\/www.loewen-apotheke24.com\/de\/\",\"name\":\"L\u00f6wen Apotheke24\",\"description\":\"Spezialist f\u00fcr Naturmedizin - Versandapotheke Baden-Baden\",\"publisher\":{\"@id\":\"https:\/\/www.loewen-apotheke24.com\/de\/#organization\"},\"potentialAction\":[{\"@type\":\"SearchAction\",\"target\":{\"@type\":\"EntryPoint\",\"urlTemplate\":\"https:\/\/www.loewen-apotheke24.com\/de\/?s={search_term_string}\"},\"query-input\":\"required name=search_term_string\"}],\"inLanguage\":\"de\"},{\"@type\":\"Organization\",\"@id\":\"https:\/\/www.loewen-apotheke24.com\/de\/#organization\",\"name\":\"L\u00f6wen Apotheke\",\"alternateName\":\"L\u00f6wen Apotheke\",\"url\":\"https:\/\/www.loewen-apotheke24.com\/de\/\",\"logo\":{\"@type\":\"ImageObject\",\"inLanguage\":\"de\",\"@id\":\"https:\/\/www.loewen-apotheke24.com\/de\/#\/schema\/logo\/image\/\",\"url\":\"https:\/\/www.loewen-apotheke24.com\/wp-content\/uploads\/2024\/02\/Logo-Loewen-Apotheke-700x700-1.png\",\"contentUrl\":\"https:\/\/www.loewen-apotheke24.com\/wp-content\/uploads\/2024\/02\/Logo-Loewen-Apotheke-700x700-1.png\",\"width\":700,\"height\":700,\"caption\":\"L\u00f6wen Apotheke\"},\"image\":{\"@id\":\"https:\/\/www.loewen-apotheke24.com\/de\/#\/schema\/logo\/image\/\"}}]}<\/script>\n<!-- \/ Yoast SEO Premium plugin. -->","yoast_head_json":{"title":"Euphorbium compositum SN Ampullen 50 St. - L\u00f6wen Apotheke24","description":"L\u00f6wen Apotheke24 aus Baden-Baden, DE - kurze Lieferzeit - Spezialist f\u00fcr Naturheilkunde - Euphorbium compositum SN Ampullen 50 St.","robots":{"index":"index","follow":"follow","max-snippet":"max-snippet:-1","max-image-preview":"max-image-preview:large","max-video-preview":"max-video-preview:-1"},"canonical":"https:\/\/www.loewen-apotheke24.com\/de\/shop\/heel\/euphorbium-compositum-sn-ampullen-50-st\/","og_locale":"de_DE","og_type":"article","og_title":"Euphorbium compositum SN Ampullen 50 St. - L\u00f6wen Apotheke24","og_description":"L\u00f6wen Apotheke24 aus Baden-Baden, DE - kurze Lieferzeit - Spezialist f\u00fcr Naturheilkunde - Euphorbium compositum SN Ampullen 50 St.","og_url":"https:\/\/www.loewen-apotheke24.com\/de\/shop\/heel\/euphorbium-compositum-sn-ampullen-50-st\/","og_site_name":"L\u00f6wen Apotheke24","article_modified_time":"2024-01-20T06:33:06+00:00","og_image":[{"width":600,"height":600,"url":"https:\/\/www.loewen-apotheke24.com\/wp-content\/uploads\/2017\/08\/Euphorbium-compositum-SN-Ampullen-50-St-Heel-Arzneimittel-Loewen-Apotheke24.jpg","type":"image\/jpeg"}],"twitter_card":"summary_large_image","twitter_misc":{"Gesch\u00e4tzte Lesezeit":"1\u00a0Minute"},"schema":{"@context":"https:\/\/schema.org","@graph":[{"@type":"WebPage","@id":"https:\/\/www.loewen-apotheke24.com\/de\/shop\/heel\/euphorbium-compositum-sn-ampullen-50-st\/","url":"https:\/\/www.loewen-apotheke24.com\/de\/shop\/heel\/euphorbium-compositum-sn-ampullen-50-st\/","name":"Euphorbium compositum SN Ampullen 50 St. - L\u00f6wen Apotheke24","isPartOf":{"@id":"https:\/\/www.loewen-apotheke24.com\/de\/#website"},"datePublished":"2017-08-18T06:17:32+00:00","dateModified":"2024-01-20T06:33:06+00:00","description":"L\u00f6wen Apotheke24 aus Baden-Baden, DE - kurze Lieferzeit - Spezialist f\u00fcr Naturheilkunde - Euphorbium compositum SN Ampullen 50 St.","breadcrumb":{"@id":"https:\/\/www.loewen-apotheke24.com\/de\/shop\/heel\/euphorbium-compositum-sn-ampullen-50-st\/#breadcrumb"},"inLanguage":"de","potentialAction":[{"@type":"ReadAction","target":["https:\/\/www.loewen-apotheke24.com\/de\/shop\/heel\/euphorbium-compositum-sn-ampullen-50-st\/"]}]},{"@type":"BreadcrumbList","@id":"https:\/\/www.loewen-apotheke24.com\/de\/shop\/heel\/euphorbium-compositum-sn-ampullen-50-st\/#breadcrumb","itemListElement":[{"@type":"ListItem","position":1,"name":"Shop","item":"https:\/\/www.loewen-apotheke24.com\/de\/shop\/"},{"@type":"ListItem","position":2,"name":"Euphorbium compositum SN Ampullen 50 St."}]},{"@type":"WebSite","@id":"https:\/\/www.loewen-apotheke24.com\/de\/#website","url":"https:\/\/www.loewen-apotheke24.com\/de\/","name":"L\u00f6wen Apotheke24","description":"Spezialist f\u00fcr Naturmedizin - Versandapotheke Baden-Baden","publisher":{"@id":"https:\/\/www.loewen-apotheke24.com\/de\/#organization"},"potentialAction":[{"@type":"SearchAction","target":{"@type":"EntryPoint","urlTemplate":"https:\/\/www.loewen-apotheke24.com\/de\/?s={search_term_string}"},"query-input":"required name=search_term_string"}],"inLanguage":"de"},{"@type":"Organization","@id":"https:\/\/www.loewen-apotheke24.com\/de\/#organization","name":"L\u00f6wen Apotheke","alternateName":"L\u00f6wen Apotheke","url":"https:\/\/www.loewen-apotheke24.com\/de\/","logo":{"@type":"ImageObject","inLanguage":"de","@id":"https:\/\/www.loewen-apotheke24.com\/de\/#\/schema\/logo\/image\/","url":"https:\/\/www.loewen-apotheke24.com\/wp-content\/uploads\/2024\/02\/Logo-Loewen-Apotheke-700x700-1.png","contentUrl":"https:\/\/www.loewen-apotheke24.com\/wp-content\/uploads\/2024\/02\/Logo-Loewen-Apotheke-700x700-1.png","width":700,"height":700,"caption":"L\u00f6wen Apotheke"},"image":{"@id":"https:\/\/www.loewen-apotheke24.com\/de\/#\/schema\/logo\/image\/"}}]}},"_links":{"self":[{"href":"https:\/\/www.loewen-apotheke24.com\/de\/wp-json\/wp\/v2\/product\/1510"}],"collection":[{"href":"https:\/\/www.loewen-apotheke24.com\/de\/wp-json\/wp\/v2\/product"}],"about":[{"href":"https:\/\/www.loewen-apotheke24.com\/de\/wp-json\/wp\/v2\/types\/product"}],"wp:featuredmedia":[{"embeddable":true,"href":"https:\/\/www.loewen-apotheke24.com\/de\/wp-json\/wp\/v2\/media\/53236"}],"wp:attachment":[{"href":"https:\/\/www.loewen-apotheke24.com\/de\/wp-json\/wp\/v2\/media?parent=1510"}],"wp:term":[{"taxonomy":"product_cat","embeddable":true,"href":"https:\/\/www.loewen-apotheke24.com\/de\/wp-json\/wp\/v2\/product_cat?post=1510"},{"taxonomy":"product_tag","embeddable":true,"href":"https:\/\/www.loewen-apotheke24.com\/de\/wp-json\/wp\/v2\/product_tag?post=1510"}],"curies":[{"name":"wp","href":"https:\/\/api.w.org\/{rel}","templated":true}]}}