{"id":151470,"date":"2025-12-19T14:48:43","date_gmt":"2025-12-19T13:48:43","guid":{"rendered":"https:\/\/www.loewen-apotheke24.com\/?post_type=product&#038;p=151470"},"modified":"2026-03-29T07:35:15","modified_gmt":"2026-03-29T06:35:15","slug":"zinzino-zinoshine-vitamin-d-tabletten","status":"publish","type":"product","link":"https:\/\/www.loewen-apotheke24.com\/de\/shop\/zinzino\/zinzino-zinoshine-vitamin-d-tabletten\/","title":{"rendered":"ZINZINO ZinoShine+ Vitamin D Tabletten"},"content":{"rendered":"<h3 style=\"text-align: left;\">ZINZINO ZinoShine+ Vitamin D Tabletten<\/h3>\n<p>ZinoShine+ ist ein einzigartig formuliertes Nahrungserg\u00e4nzungsmittel mit Vitamin D3 und Magnesium im breiten Spektrum.<\/p>\n<p>Die firmeneigene Mischung wurde entwickelt, um Ihr Immunsystem1 zu unterst\u00fctzen, M\u00fcdigkeit und Ersch\u00f6pfung2 zu verringern und Ihre Muskeln3,4, Knochen5,6 und Z\u00e4hne7,8 zu unterst\u00fctzen. Ihr Vitamin-D-Bedarf ist sehr individuell und h\u00e4ngt von Ihrem Alter, Ihrem Lebensstil, Ihrer geografischen Lage und der Sonneneinstrahlung ab. Unsere Tabletten wurden entwickelt, um Ihnen zu helfen, Ihre Einnahme auf Ihre individuellen Bed\u00fcrfnisse w\u00e4hrend des ganzen Jahres und Ihres gesamten Lebens abzustimmen.<\/p>\n<p>Inhaltsstoffe: Mischung aus Magnesium (Magnesiumhydroxid aus Meerwasser, Magnesiumzitrat, Magnesiummalat, Magnesiumbisglycinat), F\u00fcllstoff (Beta-Cyclodextrin aus Cassava), Trennmittel (MCT-\u00d6l aus Kokosnuss, Stearins\u00e4ure), veganes Vitamin D3(Cholecalciferol).<\/p>\n<p>N\u00e4hrwert pro: 1 Tablette | 4 Tabletten<br \/>\nVitamin D3 12.5 \u03bcg (250%*) | 50 \u03bcg (1000%*)<br \/>\nMagnesium 87.5 mg (23%*) | 350 mg (93%*)<br \/>\n*DRV (Referenzwert f\u00fcr die N\u00e4hrstoffzufuhr)<\/p>\n<p>Hinweise und Informationen zur Anwendung finden Sie beim <a href=\"https:\/\/www.zinzino.com\/shop\/2020602041\/AT\/de-DE\/products\/shop\/home-health-tests\/309000\/\">Hersteller Zinzino<\/a>. Unsere verantwortliche Apothekerin Dr. Sandra Hoff und ihr Team beraten Sie gerne pers\u00f6nlich zu Zinzino und dem Selbsttest Ergebnisse.<\/p>\n<p>Andere Kunden interessierten sich auch f\u00fcr Produkte zum Thema: \u00a0<a href=\"https:\/\/www.loewen-apotheke24.com\/de\/product_tag\/reiseapotheke\/\">Reiseapotheke<\/a> | <a href=\"https:\/\/www.loewen-apotheke24.com\/de\/product_tag\/longevity\/\">longevity<\/a><\/p>\n<p>Hinweis zur Anwendung und Einnahme: Die auf dieser Website bereitgestellten Informationen dienen ausschlie\u00dflich der allgemeinen Information und ersetzen nicht die fachliche Beratung, Diagnose oder Behandlung durch einen Arzt. Nahrungserg\u00e4nzungsmittel sind kein Ersatz f\u00fcr eine ausgewogene, abwechslungsreiche Ern\u00e4hrung und eine gesunde Lebensweise.<\/p>\n<p>Zu Risiken und Nebenwirkungen lesen Sie die Packungsbeilage und fragen Sie Ihre \u00c4rztin, Ihren Arzt oder in Ihrer Apotheke.<\/p>\n<h3 style=\"text-align: left;\">Rezept oder E-Rezept einl\u00f6sen:<\/h3>\n<p>Sie haben ein Rezept oder E-Rezept? Reichen Sie es bequem \u00fcber unsere\u00a0<a class=\"ProsemirrorEditor-link\" href=\"https:\/\/e-rezept-app.de\/shop-rezept\">E-Rezept<\/a>\u00a0App ein \u2013 auch Privatrezepte f\u00fcr Selbstzahler sind m\u00f6glich. Schnell, sicher und einfach.<\/p>\n<h3 class=\"TypographyPresentation TypographyPresentation--medium RichText3-paragraph--withVSpacingNormal RichText3-paragraph HighlightSol HighlightSol--buildingBlock\" style=\"text-align: left;\">Fragen zum Produkt? Wir sind f\u00fcr Sie da!<\/h3>\n<p class=\"TypographyPresentation TypographyPresentation--medium RichText3-paragraph--withVSpacingNormal RichText3-paragraph HighlightSol HighlightSol--buildingBlock\">Unsere verantwortliche Apothekerin\u00a0<strong>Dr. Sandra Hoff<\/strong>\u00a0und ihr Team beraten Sie gerne pers\u00f6nlich \u2013 telefonisch oder per E-Mail. Als\u00a0<strong>echte Apotheke vor Ort<\/strong>\u00a0und\u00a0<strong>zugelassene Versandapotheke<\/strong>\u00a0bieten wir Ihnen kompetente Unterst\u00fctzung, besonders in den Bereichen\u00a0<a href=\"https:\/\/www.loewen-apotheke24.com\/de\/product_tag\/naturheilmittel\/\">Naturheilkunde<\/a>\u00a0und\u00a0<a href=\"https:\/\/www.loewen-apotheke24.com\/de\/product_tag\/vitamine-mineralien-nahrungsergaenzung\/\">Nahrungserg\u00e4nzungsmittel<\/a>. Unsere Erlaubnis finden Sie als\u00a0<a href=\"https:\/\/versandhandel.dimdi.de\/websearch\/servlet\/Gate;jsessionid=0D29D15655BE1174E9178A340E8FE6BC?accessid=dimdi_var&amp;term=3c387956690121ccc8763184f052b93f\" target=\"_blank\" rel=\"noopener\">Eintrag im Versandhandelsregister.<\/a><\/p>\n","protected":false},"excerpt":{"rendered":"<h2 style=\"text-align: left;\">ZINZINO ZinoShine+ Vitamin D Tabletten<\/h2>\n<p>ZinoShine+ ist ein einzigartig formuliertes Nahrungserg\u00e4nzungsmittel mit Vitamin D3 und Magnesium im breiten Spektrum.<\/p>\n<p><strong>PZN:<\/strong> &#8211; (Pharmazentralnummer)<\/p>\n<p><strong>Darreichungsform<\/strong>: Tabletten<\/p>\n<p><strong>Verordnungsart<\/strong>: Rezeptfrei<\/p>\n<p><strong>Hersteller<\/strong>: Zinzino AB, G\u00f6teborg, Schweden.<\/p>\n<p><strong>Packungsgr\u00f6\u00dfe<\/strong>: 60 St.<\/p>\n","protected":false},"featured_media":158581,"template":"","meta":[],"product_cat":[1037],"product_tag":[402,267,263,1035,265,422,469,990],"yoast_head":"<!-- This site is optimized with the Yoast SEO Premium plugin v21.0 (Yoast SEO v21.0) - https:\/\/yoast.com\/wordpress\/plugins\/seo\/ -->\n<title>ZINZINO ZinoShine+ Vitamin D Tabletten - in der Apotheke bestellen<\/title>\n<meta name=\"description\" content=\"Top-Service, kurze Lieferzeit, gratis Lieferung ab 30 \u20ac. ZINZINO ZinoShine+ Vitamin D Tabletten . Nahrungserg\u00e4nzungsmittel mit Vitamin D3.\" \/>\n<meta name=\"robots\" content=\"index, follow, max-snippet:-1, max-image-preview:large, max-video-preview:-1\" \/>\n<link rel=\"canonical\" href=\"https:\/\/www.loewen-apotheke24.com\/de\/shop\/zinzino\/zinzino-zinoshine-vitamin-d-tabletten\/\" \/>\n<meta property=\"og:locale\" content=\"de_DE\" \/>\n<meta property=\"og:type\" content=\"article\" \/>\n<meta property=\"og:title\" content=\"ZINZINO ZinoShine+ Vitamin D Tabletten - in der Apotheke bestellen\" \/>\n<meta property=\"og:description\" content=\"Top-Service, kurze Lieferzeit, gratis Lieferung ab 30 \u20ac. ZINZINO ZinoShine+ Vitamin D Tabletten . Nahrungserg\u00e4nzungsmittel mit Vitamin D3.\" \/>\n<meta property=\"og:url\" content=\"https:\/\/www.loewen-apotheke24.com\/de\/shop\/zinzino\/zinzino-zinoshine-vitamin-d-tabletten\/\" \/>\n<meta property=\"og:site_name\" content=\"L\u00f6wen Apotheke24\" \/>\n<meta property=\"article:modified_time\" content=\"2026-03-29T06:35:15+00:00\" \/>\n<meta property=\"og:image\" content=\"https:\/\/www.loewen-apotheke24.com\/wp-content\/uploads\/2025\/12\/ZINZINO-ZinoShine-Vitamin-D-Tabletten.webp\" \/>\n\t<meta property=\"og:image:width\" content=\"600\" \/>\n\t<meta property=\"og:image:height\" content=\"600\" \/>\n\t<meta property=\"og:image:type\" content=\"image\/webp\" \/>\n<meta name=\"twitter:card\" content=\"summary_large_image\" \/>\n<meta name=\"twitter:label1\" content=\"Gesch\u00e4tzte Lesezeit\" \/>\n\t<meta name=\"twitter:data1\" content=\"2\u00a0Minuten\" \/>\n<script type=\"application\/ld+json\" class=\"yoast-schema-graph\">{\"@context\":\"https:\/\/schema.org\",\"@graph\":[{\"@type\":\"WebPage\",\"@id\":\"https:\/\/www.loewen-apotheke24.com\/de\/shop\/zinzino\/zinzino-zinoshine-vitamin-d-tabletten\/\",\"url\":\"https:\/\/www.loewen-apotheke24.com\/de\/shop\/zinzino\/zinzino-zinoshine-vitamin-d-tabletten\/\",\"name\":\"ZINZINO ZinoShine+ Vitamin D Tabletten - in der Apotheke bestellen\",\"isPartOf\":{\"@id\":\"https:\/\/www.loewen-apotheke24.com\/de\/#website\"},\"datePublished\":\"2025-12-19T13:48:43+00:00\",\"dateModified\":\"2026-03-29T06:35:15+00:00\",\"description\":\"Top-Service, kurze Lieferzeit, gratis Lieferung ab 30 \u20ac. ZINZINO ZinoShine+ Vitamin D Tabletten . Nahrungserg\u00e4nzungsmittel mit Vitamin D3.\",\"breadcrumb\":{\"@id\":\"https:\/\/www.loewen-apotheke24.com\/de\/shop\/zinzino\/zinzino-zinoshine-vitamin-d-tabletten\/#breadcrumb\"},\"inLanguage\":\"de\",\"potentialAction\":[{\"@type\":\"ReadAction\",\"target\":[\"https:\/\/www.loewen-apotheke24.com\/de\/shop\/zinzino\/zinzino-zinoshine-vitamin-d-tabletten\/\"]}]},{\"@type\":\"BreadcrumbList\",\"@id\":\"https:\/\/www.loewen-apotheke24.com\/de\/shop\/zinzino\/zinzino-zinoshine-vitamin-d-tabletten\/#breadcrumb\",\"itemListElement\":[{\"@type\":\"ListItem\",\"position\":1,\"name\":\"Shop\",\"item\":\"https:\/\/www.loewen-apotheke24.com\/de\/shop\/\"},{\"@type\":\"ListItem\",\"position\":2,\"name\":\"ZINZINO ZinoShine+ Vitamin D Tabletten\"}]},{\"@type\":\"WebSite\",\"@id\":\"https:\/\/www.loewen-apotheke24.com\/de\/#website\",\"url\":\"https:\/\/www.loewen-apotheke24.com\/de\/\",\"name\":\"L\u00f6wen Apotheke24\",\"description\":\"Spezialist f\u00fcr Naturmedizin - Versandapotheke Baden-Baden\",\"publisher\":{\"@id\":\"https:\/\/www.loewen-apotheke24.com\/de\/#organization\"},\"potentialAction\":[{\"@type\":\"SearchAction\",\"target\":{\"@type\":\"EntryPoint\",\"urlTemplate\":\"https:\/\/www.loewen-apotheke24.com\/de\/?s={search_term_string}\"},\"query-input\":\"required name=search_term_string\"}],\"inLanguage\":\"de\"},{\"@type\":\"Organization\",\"@id\":\"https:\/\/www.loewen-apotheke24.com\/de\/#organization\",\"name\":\"L\u00f6wen Apotheke\",\"alternateName\":\"L\u00f6wen Apotheke\",\"url\":\"https:\/\/www.loewen-apotheke24.com\/de\/\",\"logo\":{\"@type\":\"ImageObject\",\"inLanguage\":\"de\",\"@id\":\"https:\/\/www.loewen-apotheke24.com\/de\/#\/schema\/logo\/image\/\",\"url\":\"https:\/\/www.loewen-apotheke24.com\/wp-content\/uploads\/2024\/02\/Logo-Loewen-Apotheke-700x700-1.png\",\"contentUrl\":\"https:\/\/www.loewen-apotheke24.com\/wp-content\/uploads\/2024\/02\/Logo-Loewen-Apotheke-700x700-1.png\",\"width\":700,\"height\":700,\"caption\":\"L\u00f6wen Apotheke\"},\"image\":{\"@id\":\"https:\/\/www.loewen-apotheke24.com\/de\/#\/schema\/logo\/image\/\"}}]}<\/script>\n<!-- \/ Yoast SEO Premium plugin. -->","yoast_head_json":{"title":"ZINZINO ZinoShine+ Vitamin D Tabletten - in der Apotheke bestellen","description":"Top-Service, kurze Lieferzeit, gratis Lieferung ab 30 \u20ac. ZINZINO ZinoShine+ Vitamin D Tabletten . Nahrungserg\u00e4nzungsmittel mit Vitamin D3.","robots":{"index":"index","follow":"follow","max-snippet":"max-snippet:-1","max-image-preview":"max-image-preview:large","max-video-preview":"max-video-preview:-1"},"canonical":"https:\/\/www.loewen-apotheke24.com\/de\/shop\/zinzino\/zinzino-zinoshine-vitamin-d-tabletten\/","og_locale":"de_DE","og_type":"article","og_title":"ZINZINO ZinoShine+ Vitamin D Tabletten - in der Apotheke bestellen","og_description":"Top-Service, kurze Lieferzeit, gratis Lieferung ab 30 \u20ac. ZINZINO ZinoShine+ Vitamin D Tabletten . Nahrungserg\u00e4nzungsmittel mit Vitamin D3.","og_url":"https:\/\/www.loewen-apotheke24.com\/de\/shop\/zinzino\/zinzino-zinoshine-vitamin-d-tabletten\/","og_site_name":"L\u00f6wen Apotheke24","article_modified_time":"2026-03-29T06:35:15+00:00","og_image":[{"width":600,"height":600,"url":"https:\/\/www.loewen-apotheke24.com\/wp-content\/uploads\/2025\/12\/ZINZINO-ZinoShine-Vitamin-D-Tabletten.webp","type":"image\/webp"}],"twitter_card":"summary_large_image","twitter_misc":{"Gesch\u00e4tzte Lesezeit":"2\u00a0Minuten"},"schema":{"@context":"https:\/\/schema.org","@graph":[{"@type":"WebPage","@id":"https:\/\/www.loewen-apotheke24.com\/de\/shop\/zinzino\/zinzino-zinoshine-vitamin-d-tabletten\/","url":"https:\/\/www.loewen-apotheke24.com\/de\/shop\/zinzino\/zinzino-zinoshine-vitamin-d-tabletten\/","name":"ZINZINO ZinoShine+ Vitamin D Tabletten - in der Apotheke bestellen","isPartOf":{"@id":"https:\/\/www.loewen-apotheke24.com\/de\/#website"},"datePublished":"2025-12-19T13:48:43+00:00","dateModified":"2026-03-29T06:35:15+00:00","description":"Top-Service, kurze Lieferzeit, gratis Lieferung ab 30 \u20ac. ZINZINO ZinoShine+ Vitamin D Tabletten . Nahrungserg\u00e4nzungsmittel mit Vitamin D3.","breadcrumb":{"@id":"https:\/\/www.loewen-apotheke24.com\/de\/shop\/zinzino\/zinzino-zinoshine-vitamin-d-tabletten\/#breadcrumb"},"inLanguage":"de","potentialAction":[{"@type":"ReadAction","target":["https:\/\/www.loewen-apotheke24.com\/de\/shop\/zinzino\/zinzino-zinoshine-vitamin-d-tabletten\/"]}]},{"@type":"BreadcrumbList","@id":"https:\/\/www.loewen-apotheke24.com\/de\/shop\/zinzino\/zinzino-zinoshine-vitamin-d-tabletten\/#breadcrumb","itemListElement":[{"@type":"ListItem","position":1,"name":"Shop","item":"https:\/\/www.loewen-apotheke24.com\/de\/shop\/"},{"@type":"ListItem","position":2,"name":"ZINZINO ZinoShine+ Vitamin D Tabletten"}]},{"@type":"WebSite","@id":"https:\/\/www.loewen-apotheke24.com\/de\/#website","url":"https:\/\/www.loewen-apotheke24.com\/de\/","name":"L\u00f6wen Apotheke24","description":"Spezialist f\u00fcr Naturmedizin - Versandapotheke Baden-Baden","publisher":{"@id":"https:\/\/www.loewen-apotheke24.com\/de\/#organization"},"potentialAction":[{"@type":"SearchAction","target":{"@type":"EntryPoint","urlTemplate":"https:\/\/www.loewen-apotheke24.com\/de\/?s={search_term_string}"},"query-input":"required name=search_term_string"}],"inLanguage":"de"},{"@type":"Organization","@id":"https:\/\/www.loewen-apotheke24.com\/de\/#organization","name":"L\u00f6wen Apotheke","alternateName":"L\u00f6wen Apotheke","url":"https:\/\/www.loewen-apotheke24.com\/de\/","logo":{"@type":"ImageObject","inLanguage":"de","@id":"https:\/\/www.loewen-apotheke24.com\/de\/#\/schema\/logo\/image\/","url":"https:\/\/www.loewen-apotheke24.com\/wp-content\/uploads\/2024\/02\/Logo-Loewen-Apotheke-700x700-1.png","contentUrl":"https:\/\/www.loewen-apotheke24.com\/wp-content\/uploads\/2024\/02\/Logo-Loewen-Apotheke-700x700-1.png","width":700,"height":700,"caption":"L\u00f6wen Apotheke"},"image":{"@id":"https:\/\/www.loewen-apotheke24.com\/de\/#\/schema\/logo\/image\/"}}]}},"_links":{"self":[{"href":"https:\/\/www.loewen-apotheke24.com\/de\/wp-json\/wp\/v2\/product\/151470"}],"collection":[{"href":"https:\/\/www.loewen-apotheke24.com\/de\/wp-json\/wp\/v2\/product"}],"about":[{"href":"https:\/\/www.loewen-apotheke24.com\/de\/wp-json\/wp\/v2\/types\/product"}],"wp:featuredmedia":[{"embeddable":true,"href":"https:\/\/www.loewen-apotheke24.com\/de\/wp-json\/wp\/v2\/media\/158581"}],"wp:attachment":[{"href":"https:\/\/www.loewen-apotheke24.com\/de\/wp-json\/wp\/v2\/media?parent=151470"}],"wp:term":[{"taxonomy":"product_cat","embeddable":true,"href":"https:\/\/www.loewen-apotheke24.com\/de\/wp-json\/wp\/v2\/product_cat?post=151470"},{"taxonomy":"product_tag","embeddable":true,"href":"https:\/\/www.loewen-apotheke24.com\/de\/wp-json\/wp\/v2\/product_tag?post=151470"}],"curies":[{"name":"wp","href":"https:\/\/api.w.org\/{rel}","templated":true}]}}