{"id":1525,"date":"2017-08-18T07:17:32","date_gmt":"2017-08-18T06:17:32","guid":{"rendered":"https:\/\/www.loewen-apotheke24.com\/?post_type=product&#038;p=1525"},"modified":"2025-08-01T06:45:17","modified_gmt":"2025-08-01T05:45:17","slug":"engystol-ampullen-100","status":"publish","type":"product","link":"https:\/\/www.loewen-apotheke24.com\/de\/shop\/heel\/engystol-ampullen-100\/","title":{"rendered":"Engystol Ampullen 100 St. &#8211; Heel"},"content":{"rendered":"<h3 style=\"text-align: left;\">Engystol Ampullen 100 St.<\/h3>\n<p>Engystol Ampullen 100 Stk f\u00fcr das Immunsystem zur Abwendung einer beginnenden Erk\u00e4ltung. Die Arznei unterst\u00fctzt Ihren K\u00f6rper und das Immunsystem dabei Erreger zu bek\u00e4mpfen und einen Ausbruch der Krankheit gleich zu Beginn zu verhindern.<\/p>\n<p>Zusammensetzung: 1 Ampulle zu 1,1 ml (= 1,1 g) enth\u00e4lt: Wirkstoffe: Vincetoxicum hirundinaria Dil. D6 6,6 mg, Vincetoxicum hirundinaria Dil. D10 6,6 mg, Vincetoxicum hirundinaria Dil. D30 6,6 mg, Sulfur Dil. D10 3,3 mg, Sulfur Dil. D4 3,3 mg. Die Bestandteile 1 bis 4 werden \u00fcber die letzten 2 Stufen gemeinsam potenziert. Sonstige Bestandteile: Wasser f\u00fcr Injektionszwecke, Natriumchlorid.Indikationsgruppe:<\/p>\n<p>Registriertes hom\u00f6opathisches Arzneimittel, daher ohne Angabe einer therapeutischen Indikation. Hom\u00f6opathisches Arzneimittel zur Anwendung bei Erk\u00e4ltungskrankheiten und als Teil unseres patientenzentrierten therapeutischen Ansatzes stellen Heel Arzneimittel die F\u00e4higkeit des K\u00f6rpers zur Selbstregulierung in den Mittelpunkt. Sie unterst\u00fctzen die Aktivierung k\u00f6rpereigener Mechanismen, um die Gesundung zu f\u00f6rdern, anstatt nur die Symptome der Krankheit zu unterdr\u00fccken. Heel Medikamente auf der Basis nat\u00fcrlicher Wirkstoffe stimulieren und st\u00e4rken diesen Prozess, und Patienten profitieren vom sicheren und nachhaltigen Therapieansatz. Bei w\u00e4hrend der Anwendung fortdauernden Krankheitssymptomen ist medizinischer Rat einzuholen.<\/p>\n<p>Zum Hersteller: <a href=\"https:\/\/www.heel.de\/\">Heel<\/a> &#8211; Biologische Heilmittel Heel GmbH<br \/>\nWeitere Produkte &amp; Packungsgr\u00f6\u00dfen: <a href=\"https:\/\/www.loewen-apotheke24.com\/de\/product_cat\/heel\/?orderby=popularity\">Heel<\/a><\/p>\n<p>Informationen auf dieser Website werden ausschlie\u00dflich f\u00fcr informative Zwecke zur Verf\u00fcgung gestellt und ersetzen keinesfalls die Untersuchung und Behandlung durch einen Arzt. Bitte beachten Sie, dass hierdurch weder Diagnosen gestellt noch Therapien eingeleitet werden k\u00f6nnen.<\/p>\n<p>Zu Risiken und Nebenwirkungen lesen Sie die Packungsbeilage und fragen Sie Ihre \u00c4rztin, Ihren Arzt oder in Ihrer Apotheke.<\/p>\n<h3 class=\"TypographyPresentation TypographyPresentation--medium RichText3-paragraph--withVSpacingNormal RichText3-paragraph HighlightSol HighlightSol--buildingBlock\">Fragen zum Produkt? Wir sind f\u00fcr Sie da!<\/h3>\n<p class=\"TypographyPresentation TypographyPresentation--medium RichText3-paragraph--withVSpacingNormal RichText3-paragraph HighlightSol HighlightSol--buildingBlock\">Unsere verantwortliche Apothekerin\u00a0<strong>Dr. Sandra Hoff<\/strong>\u00a0und ihr Team beraten Sie gerne pers\u00f6nlich \u2013 telefonisch oder per E-Mail. Als\u00a0<strong>echte Apotheke vor Ort<\/strong>\u00a0und\u00a0<strong>zugelassene Versandapotheke<\/strong>\u00a0bieten wir Ihnen kompetente Unterst\u00fctzung, besonders in den Bereichen\u00a0<a href=\"https:\/\/www.loewen-apotheke24.com\/de\/product_tag\/naturheilmittel\/\">Naturheilkunde<\/a>\u00a0und\u00a0<a href=\"https:\/\/www.loewen-apotheke24.com\/de\/product_tag\/vitamine-mineralien-nahrungsergaenzung\/\">Nahrungserg\u00e4nzungsmittel<\/a>. Unsere Erlaubnis finden Sie als\u00a0<a href=\"https:\/\/versandhandel.dimdi.de\/websearch\/servlet\/Gate;jsessionid=0D29D15655BE1174E9178A340E8FE6BC?accessid=dimdi_var&amp;term=3c387956690121ccc8763184f052b93f\" target=\"_blank\" rel=\"noopener\">Eintrag im Versandhandelsregister.<\/a><\/p>\n","protected":false},"excerpt":{"rendered":"<h2 style=\"text-align: left;\">Engystol Ampullen 100 St.<\/h2>\n<p>Anwendungsgebiet &#8211; Erk\u00e4ltungsbeschwerden (grippeartig; Hom\u00f6opathie)<\/p>\n<p><strong>PZN:<\/strong> 02036545 (Pharmazentralnummer)<\/p>\n<p><strong>Darreichungsform<\/strong>: Ampullen<\/p>\n<p><strong>Verordnungsart<\/strong>: Rezeptfrei<\/p>\n<p><strong>Hersteller<\/strong>: \u00a0<a href=\"https:\/\/www.heel.de\/de\/engystol.html\">Heel<\/a> &#8211; Biologische Heilmittel Heel GmbH<\/p>\n","protected":false},"featured_media":108746,"template":"","meta":[],"product_cat":[85],"product_tag":[264,267,266,347,263,262,265],"yoast_head":"<!-- This site is optimized with the Yoast SEO Premium plugin v21.0 (Yoast SEO v21.0) - https:\/\/yoast.com\/wordpress\/plugins\/seo\/ -->\n<title>Engystol Ampullen 100 St. - Heel. Hier g\u00fcnstig kaufen<\/title>\n<meta name=\"description\" content=\"Ihr Spezialist f\u00fcr Naturheilkunde. Wir bieten: Top-Service, kurze Lieferzeit, gratis Lieferung ab 30 \u20ac. Hersteller: Heel - Engystol Ampullen 100 St. - Heel\" \/>\n<meta name=\"robots\" content=\"index, follow, max-snippet:-1, max-image-preview:large, max-video-preview:-1\" \/>\n<link rel=\"canonical\" href=\"https:\/\/www.loewen-apotheke24.com\/de\/shop\/heel\/engystol-ampullen-100\/\" \/>\n<meta property=\"og:locale\" content=\"de_DE\" \/>\n<meta property=\"og:type\" content=\"article\" \/>\n<meta property=\"og:title\" content=\"Engystol Ampullen 100 St. - Heel. Hier g\u00fcnstig kaufen\" \/>\n<meta property=\"og:description\" content=\"Ihr Spezialist f\u00fcr Naturheilkunde. Wir bieten: Top-Service, kurze Lieferzeit, gratis Lieferung ab 30 \u20ac. Hersteller: Heel - Engystol Ampullen 100 St. - Heel\" \/>\n<meta property=\"og:url\" content=\"https:\/\/www.loewen-apotheke24.com\/de\/shop\/heel\/engystol-ampullen-100\/\" \/>\n<meta property=\"og:site_name\" content=\"L\u00f6wen Apotheke24\" \/>\n<meta property=\"article:modified_time\" content=\"2025-08-01T05:45:17+00:00\" \/>\n<meta property=\"og:image\" content=\"https:\/\/www.loewen-apotheke24.com\/wp-content\/uploads\/2017\/08\/engystol-ampullen-Heel-Heilmittel-Loewen-Apotheke24.webp\" \/>\n\t<meta property=\"og:image:width\" content=\"600\" \/>\n\t<meta property=\"og:image:height\" content=\"600\" \/>\n\t<meta property=\"og:image:type\" content=\"image\/webp\" \/>\n<meta name=\"twitter:card\" content=\"summary_large_image\" \/>\n<meta name=\"twitter:label1\" content=\"Gesch\u00e4tzte Lesezeit\" \/>\n\t<meta name=\"twitter:data1\" content=\"2\u00a0Minuten\" \/>\n<script type=\"application\/ld+json\" class=\"yoast-schema-graph\">{\"@context\":\"https:\/\/schema.org\",\"@graph\":[{\"@type\":\"WebPage\",\"@id\":\"https:\/\/www.loewen-apotheke24.com\/de\/shop\/heel\/engystol-ampullen-100\/\",\"url\":\"https:\/\/www.loewen-apotheke24.com\/de\/shop\/heel\/engystol-ampullen-100\/\",\"name\":\"Engystol Ampullen 100 St. - Heel. Hier g\u00fcnstig kaufen\",\"isPartOf\":{\"@id\":\"https:\/\/www.loewen-apotheke24.com\/de\/#website\"},\"datePublished\":\"2017-08-18T06:17:32+00:00\",\"dateModified\":\"2025-08-01T05:45:17+00:00\",\"description\":\"Ihr Spezialist f\u00fcr Naturheilkunde. Wir bieten: Top-Service, kurze Lieferzeit, gratis Lieferung ab 30 \u20ac. Hersteller: Heel - Engystol Ampullen 100 St. - Heel\",\"breadcrumb\":{\"@id\":\"https:\/\/www.loewen-apotheke24.com\/de\/shop\/heel\/engystol-ampullen-100\/#breadcrumb\"},\"inLanguage\":\"de\",\"potentialAction\":[{\"@type\":\"ReadAction\",\"target\":[\"https:\/\/www.loewen-apotheke24.com\/de\/shop\/heel\/engystol-ampullen-100\/\"]}]},{\"@type\":\"BreadcrumbList\",\"@id\":\"https:\/\/www.loewen-apotheke24.com\/de\/shop\/heel\/engystol-ampullen-100\/#breadcrumb\",\"itemListElement\":[{\"@type\":\"ListItem\",\"position\":1,\"name\":\"Shop\",\"item\":\"https:\/\/www.loewen-apotheke24.com\/de\/shop\/\"},{\"@type\":\"ListItem\",\"position\":2,\"name\":\"Engystol Ampullen 100 St. &#8211; Heel\"}]},{\"@type\":\"WebSite\",\"@id\":\"https:\/\/www.loewen-apotheke24.com\/de\/#website\",\"url\":\"https:\/\/www.loewen-apotheke24.com\/de\/\",\"name\":\"L\u00f6wen Apotheke24\",\"description\":\"Spezialist f\u00fcr Naturmedizin - Versandapotheke Baden-Baden\",\"publisher\":{\"@id\":\"https:\/\/www.loewen-apotheke24.com\/de\/#organization\"},\"potentialAction\":[{\"@type\":\"SearchAction\",\"target\":{\"@type\":\"EntryPoint\",\"urlTemplate\":\"https:\/\/www.loewen-apotheke24.com\/de\/?s={search_term_string}\"},\"query-input\":\"required name=search_term_string\"}],\"inLanguage\":\"de\"},{\"@type\":\"Organization\",\"@id\":\"https:\/\/www.loewen-apotheke24.com\/de\/#organization\",\"name\":\"L\u00f6wen Apotheke\",\"alternateName\":\"L\u00f6wen Apotheke\",\"url\":\"https:\/\/www.loewen-apotheke24.com\/de\/\",\"logo\":{\"@type\":\"ImageObject\",\"inLanguage\":\"de\",\"@id\":\"https:\/\/www.loewen-apotheke24.com\/de\/#\/schema\/logo\/image\/\",\"url\":\"https:\/\/www.loewen-apotheke24.com\/wp-content\/uploads\/2024\/02\/Logo-Loewen-Apotheke-700x700-1.png\",\"contentUrl\":\"https:\/\/www.loewen-apotheke24.com\/wp-content\/uploads\/2024\/02\/Logo-Loewen-Apotheke-700x700-1.png\",\"width\":700,\"height\":700,\"caption\":\"L\u00f6wen Apotheke\"},\"image\":{\"@id\":\"https:\/\/www.loewen-apotheke24.com\/de\/#\/schema\/logo\/image\/\"}}]}<\/script>\n<!-- \/ Yoast SEO Premium plugin. -->","yoast_head_json":{"title":"Engystol Ampullen 100 St. - Heel. Hier g\u00fcnstig kaufen","description":"Ihr Spezialist f\u00fcr Naturheilkunde. Wir bieten: Top-Service, kurze Lieferzeit, gratis Lieferung ab 30 \u20ac. Hersteller: Heel - Engystol Ampullen 100 St. - Heel","robots":{"index":"index","follow":"follow","max-snippet":"max-snippet:-1","max-image-preview":"max-image-preview:large","max-video-preview":"max-video-preview:-1"},"canonical":"https:\/\/www.loewen-apotheke24.com\/de\/shop\/heel\/engystol-ampullen-100\/","og_locale":"de_DE","og_type":"article","og_title":"Engystol Ampullen 100 St. - Heel. Hier g\u00fcnstig kaufen","og_description":"Ihr Spezialist f\u00fcr Naturheilkunde. Wir bieten: Top-Service, kurze Lieferzeit, gratis Lieferung ab 30 \u20ac. Hersteller: Heel - Engystol Ampullen 100 St. - Heel","og_url":"https:\/\/www.loewen-apotheke24.com\/de\/shop\/heel\/engystol-ampullen-100\/","og_site_name":"L\u00f6wen Apotheke24","article_modified_time":"2025-08-01T05:45:17+00:00","og_image":[{"width":600,"height":600,"url":"https:\/\/www.loewen-apotheke24.com\/wp-content\/uploads\/2017\/08\/engystol-ampullen-Heel-Heilmittel-Loewen-Apotheke24.webp","type":"image\/webp"}],"twitter_card":"summary_large_image","twitter_misc":{"Gesch\u00e4tzte Lesezeit":"2\u00a0Minuten"},"schema":{"@context":"https:\/\/schema.org","@graph":[{"@type":"WebPage","@id":"https:\/\/www.loewen-apotheke24.com\/de\/shop\/heel\/engystol-ampullen-100\/","url":"https:\/\/www.loewen-apotheke24.com\/de\/shop\/heel\/engystol-ampullen-100\/","name":"Engystol Ampullen 100 St. - Heel. Hier g\u00fcnstig kaufen","isPartOf":{"@id":"https:\/\/www.loewen-apotheke24.com\/de\/#website"},"datePublished":"2017-08-18T06:17:32+00:00","dateModified":"2025-08-01T05:45:17+00:00","description":"Ihr Spezialist f\u00fcr Naturheilkunde. Wir bieten: Top-Service, kurze Lieferzeit, gratis Lieferung ab 30 \u20ac. Hersteller: Heel - Engystol Ampullen 100 St. - Heel","breadcrumb":{"@id":"https:\/\/www.loewen-apotheke24.com\/de\/shop\/heel\/engystol-ampullen-100\/#breadcrumb"},"inLanguage":"de","potentialAction":[{"@type":"ReadAction","target":["https:\/\/www.loewen-apotheke24.com\/de\/shop\/heel\/engystol-ampullen-100\/"]}]},{"@type":"BreadcrumbList","@id":"https:\/\/www.loewen-apotheke24.com\/de\/shop\/heel\/engystol-ampullen-100\/#breadcrumb","itemListElement":[{"@type":"ListItem","position":1,"name":"Shop","item":"https:\/\/www.loewen-apotheke24.com\/de\/shop\/"},{"@type":"ListItem","position":2,"name":"Engystol Ampullen 100 St. &#8211; Heel"}]},{"@type":"WebSite","@id":"https:\/\/www.loewen-apotheke24.com\/de\/#website","url":"https:\/\/www.loewen-apotheke24.com\/de\/","name":"L\u00f6wen Apotheke24","description":"Spezialist f\u00fcr Naturmedizin - Versandapotheke Baden-Baden","publisher":{"@id":"https:\/\/www.loewen-apotheke24.com\/de\/#organization"},"potentialAction":[{"@type":"SearchAction","target":{"@type":"EntryPoint","urlTemplate":"https:\/\/www.loewen-apotheke24.com\/de\/?s={search_term_string}"},"query-input":"required name=search_term_string"}],"inLanguage":"de"},{"@type":"Organization","@id":"https:\/\/www.loewen-apotheke24.com\/de\/#organization","name":"L\u00f6wen Apotheke","alternateName":"L\u00f6wen Apotheke","url":"https:\/\/www.loewen-apotheke24.com\/de\/","logo":{"@type":"ImageObject","inLanguage":"de","@id":"https:\/\/www.loewen-apotheke24.com\/de\/#\/schema\/logo\/image\/","url":"https:\/\/www.loewen-apotheke24.com\/wp-content\/uploads\/2024\/02\/Logo-Loewen-Apotheke-700x700-1.png","contentUrl":"https:\/\/www.loewen-apotheke24.com\/wp-content\/uploads\/2024\/02\/Logo-Loewen-Apotheke-700x700-1.png","width":700,"height":700,"caption":"L\u00f6wen Apotheke"},"image":{"@id":"https:\/\/www.loewen-apotheke24.com\/de\/#\/schema\/logo\/image\/"}}]}},"_links":{"self":[{"href":"https:\/\/www.loewen-apotheke24.com\/de\/wp-json\/wp\/v2\/product\/1525"}],"collection":[{"href":"https:\/\/www.loewen-apotheke24.com\/de\/wp-json\/wp\/v2\/product"}],"about":[{"href":"https:\/\/www.loewen-apotheke24.com\/de\/wp-json\/wp\/v2\/types\/product"}],"wp:featuredmedia":[{"embeddable":true,"href":"https:\/\/www.loewen-apotheke24.com\/de\/wp-json\/wp\/v2\/media\/108746"}],"wp:attachment":[{"href":"https:\/\/www.loewen-apotheke24.com\/de\/wp-json\/wp\/v2\/media?parent=1525"}],"wp:term":[{"taxonomy":"product_cat","embeddable":true,"href":"https:\/\/www.loewen-apotheke24.com\/de\/wp-json\/wp\/v2\/product_cat?post=1525"},{"taxonomy":"product_tag","embeddable":true,"href":"https:\/\/www.loewen-apotheke24.com\/de\/wp-json\/wp\/v2\/product_tag?post=1525"}],"curies":[{"name":"wp","href":"https:\/\/api.w.org\/{rel}","templated":true}]}}