{"id":153524,"date":"2026-01-17T07:03:50","date_gmt":"2026-01-17T06:03:50","guid":{"rendered":"https:\/\/www.loewen-apotheke24.com\/?post_type=product&#038;p=153524"},"modified":"2026-01-17T07:28:26","modified_gmt":"2026-01-17T06:28:26","slug":"kytta-schmerzsalbe-150g","status":"publish","type":"product","link":"https:\/\/www.loewen-apotheke24.com\/de\/shop\/angebot\/kytta-schmerzsalbe-150g\/","title":{"rendered":"Kytta Schmerzsalbe (150g)"},"content":{"rendered":"<h3 style=\"text-align: left;\">Kytta Schmerzsalbe<\/h3>\n<p>Kytta Schmerzsalbe &#8211; die Kraft der Natur gegen Schmerzen: Kytta wirkt schnell schmerzlindernd, entz\u00fcndungshemmend, abschwellend und beschleunigt den Heilungsprozess.<\/p>\n<p>Die Kytta Schmerzsalbe ist eine topische Salbe mit Wirkstoff pflanzlichen Ursprungs zur starken und schnellen Schmerzlinderung. Der einzigartige Beinwellwurzel-Extrakt von Kytta bietet Linderung bei Muskel-, Kniegelenk und R\u00fcckenschmerzen. Wissenschaftliche Studien best\u00e4tigen die starke und schnelle Wirkung von Beinwellwurzel-Extrakt.<\/p>\n<p>Inhaltsstoffe und Wirkstoffe: 350 mg Beinwellwurzel-Fluidextrakt (1:2); Auszugsmittel: Ethanol 60% (V\/V)<\/p>\n<p>Anwendungsbereich: Muskel-, Kniegelenk- und R\u00fcckenschmerzen<\/p>\n<p>Packungsbeilage und Lebensmittelinformation (PDF): Kytta Schmerzsalbe<\/p>\n<p>Andere Kunden interessierten sich auch f\u00fcr Produkte zum Thema: \u00a0<a href=\"https:\/\/www.loewen-apotheke24.com\/de\/product_tag\/reiseapotheke\/\">Reiseapotheke<\/a> | <a href=\"https:\/\/www.loewen-apotheke24.com\/de\/product_tag\/knochen-gelenke\/\" rel=\"tag\">Knochen &amp; Gelenke<\/a>,\u00a0<a href=\"https:\/\/www.loewen-apotheke24.com\/de\/product_tag\/muskel\/\" rel=\"tag\">Muskel<\/a><\/p>\n<p>Hinweis zur Anwendung und Einnahme: Die auf dieser Website bereitgestellten Informationen dienen ausschlie\u00dflich der allgemeinen Information und ersetzen nicht die fachliche Beratung, Diagnose oder Behandlung durch einen Arzt. Nahrungserg\u00e4nzungsmittel sind kein Ersatz f\u00fcr eine ausgewogene, abwechslungsreiche Ern\u00e4hrung und eine gesunde Lebensweise.<\/p>\n<p>Zu Risiken und Nebenwirkungen lesen Sie die Packungsbeilage und fragen Sie Ihre \u00c4rztin, Ihren Arzt oder in Ihrer Apotheke.<\/p>\n<h3 style=\"text-align: left;\">Rezept oder E-Rezept einl\u00f6sen:<\/h3>\n<p>Sie haben ein Rezept oder E-Rezept? Reichen Sie es bequem \u00fcber unsere\u00a0<a class=\"ProsemirrorEditor-link\" href=\"https:\/\/e-rezept-app.de\/shop-rezept\">E-Rezept<\/a>\u00a0App ein \u2013 auch Privatrezepte f\u00fcr Selbstzahler sind m\u00f6glich. Schnell, sicher und einfach.<\/p>\n<h3 class=\"TypographyPresentation TypographyPresentation--medium RichText3-paragraph--withVSpacingNormal RichText3-paragraph HighlightSol HighlightSol--buildingBlock\" style=\"text-align: left;\">Fragen zum Produkt? Wir sind f\u00fcr Sie da!<\/h3>\n<p class=\"TypographyPresentation TypographyPresentation--medium RichText3-paragraph--withVSpacingNormal RichText3-paragraph HighlightSol HighlightSol--buildingBlock\">Unsere verantwortliche Apothekerin\u00a0<strong>Dr. Sandra Hoff<\/strong>\u00a0und ihr Team beraten Sie gerne pers\u00f6nlich \u2013 telefonisch oder per E-Mail. Als\u00a0<strong>echte Apotheke vor Ort<\/strong>\u00a0und\u00a0<strong>zugelassene Versandapotheke<\/strong>\u00a0bieten wir Ihnen kompetente Unterst\u00fctzung, besonders in den Bereichen\u00a0<a href=\"https:\/\/www.loewen-apotheke24.com\/de\/product_tag\/naturheilmittel\/\">Naturheilkunde<\/a>\u00a0und\u00a0<a href=\"https:\/\/www.loewen-apotheke24.com\/de\/product_tag\/vitamine-mineralien-nahrungsergaenzung\/\">Nahrungserg\u00e4nzungsmittel<\/a>. Unsere Erlaubnis finden Sie als\u00a0<a href=\"https:\/\/versandhandel.dimdi.de\/websearch\/servlet\/Gate;jsessionid=0D29D15655BE1174E9178A340E8FE6BC?accessid=dimdi_var&amp;term=3c387956690121ccc8763184f052b93f\" target=\"_blank\" rel=\"noopener\">Eintrag im Versandhandelsregister.<\/a><\/p>\n","protected":false},"excerpt":{"rendered":"<h2 style=\"text-align: left;\">Kytta Schmerzsalbe<\/h2>\n<p>gegen Muskel-, Kniegelenk- und R\u00fcckenschmerzen.<\/p>\n<p><strong>PZN:<\/strong> 10832865 (Pharmazentralnummer)<\/p>\n<p><strong>Darreichungsform<\/strong>: Salbe<\/p>\n<p><strong>Verordnungsart<\/strong>: Rezeptfrei<\/p>\n<p><strong>Hersteller<\/strong>: WICK Pharma, 65824 Schwalbach am Taunus, Deutschland<\/p>\n<p><strong>Packungsgr\u00f6\u00dfe<\/strong>: 150g<\/p>\n","protected":false},"featured_media":153526,"template":"","meta":[],"product_cat":[13,43],"product_tag":[473,984,214,1033,170,470,469],"yoast_head":"<!-- This site is optimized with the Yoast SEO Premium plugin v21.0 (Yoast SEO v21.0) - https:\/\/yoast.com\/wordpress\/plugins\/seo\/ -->\n<title>Kytta Schmerzsalbe (150g) g\u00fcnstig kaufen<\/title>\n<meta name=\"description\" content=\"Wie bieten: Top-Service, kurze Lieferzeit., versandkostenfrei ab 30 \u20ac. Kytta Schmerzsalbe (150g) gegen Muskel-, Kniegelenk- und R\u00fcckenschmerzen.\" \/>\n<meta name=\"robots\" content=\"index, follow, max-snippet:-1, max-image-preview:large, max-video-preview:-1\" \/>\n<link rel=\"canonical\" href=\"https:\/\/www.loewen-apotheke24.com\/de\/shop\/angebot\/kytta-schmerzsalbe-150g\/\" \/>\n<meta property=\"og:locale\" content=\"de_DE\" \/>\n<meta property=\"og:type\" content=\"article\" \/>\n<meta property=\"og:title\" content=\"Kytta Schmerzsalbe (150g) g\u00fcnstig kaufen\" \/>\n<meta property=\"og:description\" content=\"Wie bieten: Top-Service, kurze Lieferzeit., versandkostenfrei ab 30 \u20ac. Kytta Schmerzsalbe (150g) gegen Muskel-, Kniegelenk- und R\u00fcckenschmerzen.\" \/>\n<meta property=\"og:url\" content=\"https:\/\/www.loewen-apotheke24.com\/de\/shop\/angebot\/kytta-schmerzsalbe-150g\/\" \/>\n<meta property=\"og:site_name\" content=\"L\u00f6wen Apotheke24\" \/>\n<meta property=\"article:modified_time\" content=\"2026-01-17T06:28:26+00:00\" \/>\n<meta property=\"og:image\" content=\"https:\/\/www.loewen-apotheke24.com\/wp-content\/uploads\/2026\/01\/Kytta-Schmerzsalbe-gegen-Muskel-Kniegelenk-und-Rueckenschmerzen-PZN-10832865.webp\" \/>\n\t<meta property=\"og:image:width\" content=\"600\" \/>\n\t<meta property=\"og:image:height\" content=\"600\" \/>\n\t<meta property=\"og:image:type\" content=\"image\/webp\" \/>\n<meta name=\"twitter:card\" content=\"summary_large_image\" \/>\n<meta name=\"twitter:label1\" content=\"Gesch\u00e4tzte Lesezeit\" \/>\n\t<meta name=\"twitter:data1\" content=\"2\u00a0Minuten\" \/>\n<script type=\"application\/ld+json\" class=\"yoast-schema-graph\">{\"@context\":\"https:\/\/schema.org\",\"@graph\":[{\"@type\":\"WebPage\",\"@id\":\"https:\/\/www.loewen-apotheke24.com\/de\/shop\/angebot\/kytta-schmerzsalbe-150g\/\",\"url\":\"https:\/\/www.loewen-apotheke24.com\/de\/shop\/angebot\/kytta-schmerzsalbe-150g\/\",\"name\":\"Kytta Schmerzsalbe (150g) g\u00fcnstig kaufen\",\"isPartOf\":{\"@id\":\"https:\/\/www.loewen-apotheke24.com\/de\/#website\"},\"datePublished\":\"2026-01-17T06:03:50+00:00\",\"dateModified\":\"2026-01-17T06:28:26+00:00\",\"description\":\"Wie bieten: Top-Service, kurze Lieferzeit., versandkostenfrei ab 30 \u20ac. Kytta Schmerzsalbe (150g) gegen Muskel-, Kniegelenk- und R\u00fcckenschmerzen.\",\"breadcrumb\":{\"@id\":\"https:\/\/www.loewen-apotheke24.com\/de\/shop\/angebot\/kytta-schmerzsalbe-150g\/#breadcrumb\"},\"inLanguage\":\"de\",\"potentialAction\":[{\"@type\":\"ReadAction\",\"target\":[\"https:\/\/www.loewen-apotheke24.com\/de\/shop\/angebot\/kytta-schmerzsalbe-150g\/\"]}]},{\"@type\":\"BreadcrumbList\",\"@id\":\"https:\/\/www.loewen-apotheke24.com\/de\/shop\/angebot\/kytta-schmerzsalbe-150g\/#breadcrumb\",\"itemListElement\":[{\"@type\":\"ListItem\",\"position\":1,\"name\":\"Shop\",\"item\":\"https:\/\/www.loewen-apotheke24.com\/de\/shop\/\"},{\"@type\":\"ListItem\",\"position\":2,\"name\":\"Kytta Schmerzsalbe (150g)\"}]},{\"@type\":\"WebSite\",\"@id\":\"https:\/\/www.loewen-apotheke24.com\/de\/#website\",\"url\":\"https:\/\/www.loewen-apotheke24.com\/de\/\",\"name\":\"L\u00f6wen Apotheke24\",\"description\":\"Spezialist f\u00fcr Naturmedizin - Versandapotheke Baden-Baden\",\"publisher\":{\"@id\":\"https:\/\/www.loewen-apotheke24.com\/de\/#organization\"},\"potentialAction\":[{\"@type\":\"SearchAction\",\"target\":{\"@type\":\"EntryPoint\",\"urlTemplate\":\"https:\/\/www.loewen-apotheke24.com\/de\/?s={search_term_string}\"},\"query-input\":\"required name=search_term_string\"}],\"inLanguage\":\"de\"},{\"@type\":\"Organization\",\"@id\":\"https:\/\/www.loewen-apotheke24.com\/de\/#organization\",\"name\":\"L\u00f6wen Apotheke\",\"alternateName\":\"L\u00f6wen Apotheke\",\"url\":\"https:\/\/www.loewen-apotheke24.com\/de\/\",\"logo\":{\"@type\":\"ImageObject\",\"inLanguage\":\"de\",\"@id\":\"https:\/\/www.loewen-apotheke24.com\/de\/#\/schema\/logo\/image\/\",\"url\":\"https:\/\/www.loewen-apotheke24.com\/wp-content\/uploads\/2024\/02\/Logo-Loewen-Apotheke-700x700-1.png\",\"contentUrl\":\"https:\/\/www.loewen-apotheke24.com\/wp-content\/uploads\/2024\/02\/Logo-Loewen-Apotheke-700x700-1.png\",\"width\":700,\"height\":700,\"caption\":\"L\u00f6wen Apotheke\"},\"image\":{\"@id\":\"https:\/\/www.loewen-apotheke24.com\/de\/#\/schema\/logo\/image\/\"}}]}<\/script>\n<!-- \/ Yoast SEO Premium plugin. -->","yoast_head_json":{"title":"Kytta Schmerzsalbe (150g) g\u00fcnstig kaufen","description":"Wie bieten: Top-Service, kurze Lieferzeit., versandkostenfrei ab 30 \u20ac. Kytta Schmerzsalbe (150g) gegen Muskel-, Kniegelenk- und R\u00fcckenschmerzen.","robots":{"index":"index","follow":"follow","max-snippet":"max-snippet:-1","max-image-preview":"max-image-preview:large","max-video-preview":"max-video-preview:-1"},"canonical":"https:\/\/www.loewen-apotheke24.com\/de\/shop\/angebot\/kytta-schmerzsalbe-150g\/","og_locale":"de_DE","og_type":"article","og_title":"Kytta Schmerzsalbe (150g) g\u00fcnstig kaufen","og_description":"Wie bieten: Top-Service, kurze Lieferzeit., versandkostenfrei ab 30 \u20ac. Kytta Schmerzsalbe (150g) gegen Muskel-, Kniegelenk- und R\u00fcckenschmerzen.","og_url":"https:\/\/www.loewen-apotheke24.com\/de\/shop\/angebot\/kytta-schmerzsalbe-150g\/","og_site_name":"L\u00f6wen Apotheke24","article_modified_time":"2026-01-17T06:28:26+00:00","og_image":[{"width":600,"height":600,"url":"https:\/\/www.loewen-apotheke24.com\/wp-content\/uploads\/2026\/01\/Kytta-Schmerzsalbe-gegen-Muskel-Kniegelenk-und-Rueckenschmerzen-PZN-10832865.webp","type":"image\/webp"}],"twitter_card":"summary_large_image","twitter_misc":{"Gesch\u00e4tzte Lesezeit":"2\u00a0Minuten"},"schema":{"@context":"https:\/\/schema.org","@graph":[{"@type":"WebPage","@id":"https:\/\/www.loewen-apotheke24.com\/de\/shop\/angebot\/kytta-schmerzsalbe-150g\/","url":"https:\/\/www.loewen-apotheke24.com\/de\/shop\/angebot\/kytta-schmerzsalbe-150g\/","name":"Kytta Schmerzsalbe (150g) g\u00fcnstig kaufen","isPartOf":{"@id":"https:\/\/www.loewen-apotheke24.com\/de\/#website"},"datePublished":"2026-01-17T06:03:50+00:00","dateModified":"2026-01-17T06:28:26+00:00","description":"Wie bieten: Top-Service, kurze Lieferzeit., versandkostenfrei ab 30 \u20ac. Kytta Schmerzsalbe (150g) gegen Muskel-, Kniegelenk- und R\u00fcckenschmerzen.","breadcrumb":{"@id":"https:\/\/www.loewen-apotheke24.com\/de\/shop\/angebot\/kytta-schmerzsalbe-150g\/#breadcrumb"},"inLanguage":"de","potentialAction":[{"@type":"ReadAction","target":["https:\/\/www.loewen-apotheke24.com\/de\/shop\/angebot\/kytta-schmerzsalbe-150g\/"]}]},{"@type":"BreadcrumbList","@id":"https:\/\/www.loewen-apotheke24.com\/de\/shop\/angebot\/kytta-schmerzsalbe-150g\/#breadcrumb","itemListElement":[{"@type":"ListItem","position":1,"name":"Shop","item":"https:\/\/www.loewen-apotheke24.com\/de\/shop\/"},{"@type":"ListItem","position":2,"name":"Kytta Schmerzsalbe (150g)"}]},{"@type":"WebSite","@id":"https:\/\/www.loewen-apotheke24.com\/de\/#website","url":"https:\/\/www.loewen-apotheke24.com\/de\/","name":"L\u00f6wen Apotheke24","description":"Spezialist f\u00fcr Naturmedizin - Versandapotheke Baden-Baden","publisher":{"@id":"https:\/\/www.loewen-apotheke24.com\/de\/#organization"},"potentialAction":[{"@type":"SearchAction","target":{"@type":"EntryPoint","urlTemplate":"https:\/\/www.loewen-apotheke24.com\/de\/?s={search_term_string}"},"query-input":"required name=search_term_string"}],"inLanguage":"de"},{"@type":"Organization","@id":"https:\/\/www.loewen-apotheke24.com\/de\/#organization","name":"L\u00f6wen Apotheke","alternateName":"L\u00f6wen Apotheke","url":"https:\/\/www.loewen-apotheke24.com\/de\/","logo":{"@type":"ImageObject","inLanguage":"de","@id":"https:\/\/www.loewen-apotheke24.com\/de\/#\/schema\/logo\/image\/","url":"https:\/\/www.loewen-apotheke24.com\/wp-content\/uploads\/2024\/02\/Logo-Loewen-Apotheke-700x700-1.png","contentUrl":"https:\/\/www.loewen-apotheke24.com\/wp-content\/uploads\/2024\/02\/Logo-Loewen-Apotheke-700x700-1.png","width":700,"height":700,"caption":"L\u00f6wen Apotheke"},"image":{"@id":"https:\/\/www.loewen-apotheke24.com\/de\/#\/schema\/logo\/image\/"}}]}},"_links":{"self":[{"href":"https:\/\/www.loewen-apotheke24.com\/de\/wp-json\/wp\/v2\/product\/153524"}],"collection":[{"href":"https:\/\/www.loewen-apotheke24.com\/de\/wp-json\/wp\/v2\/product"}],"about":[{"href":"https:\/\/www.loewen-apotheke24.com\/de\/wp-json\/wp\/v2\/types\/product"}],"wp:featuredmedia":[{"embeddable":true,"href":"https:\/\/www.loewen-apotheke24.com\/de\/wp-json\/wp\/v2\/media\/153526"}],"wp:attachment":[{"href":"https:\/\/www.loewen-apotheke24.com\/de\/wp-json\/wp\/v2\/media?parent=153524"}],"wp:term":[{"taxonomy":"product_cat","embeddable":true,"href":"https:\/\/www.loewen-apotheke24.com\/de\/wp-json\/wp\/v2\/product_cat?post=153524"},{"taxonomy":"product_tag","embeddable":true,"href":"https:\/\/www.loewen-apotheke24.com\/de\/wp-json\/wp\/v2\/product_tag?post=153524"}],"curies":[{"name":"wp","href":"https:\/\/api.w.org\/{rel}","templated":true}]}}