{"id":153792,"date":"2026-01-20T06:46:05","date_gmt":"2026-01-20T05:46:05","guid":{"rendered":"https:\/\/www.loewen-apotheke24.com\/?post_type=product&#038;p=153792"},"modified":"2026-03-23T14:55:02","modified_gmt":"2026-03-23T13:55:02","slug":"coenzyme-compositum-ad-us-vet-10-st","status":"publish","type":"product","link":"https:\/\/www.loewen-apotheke24.com\/de\/shop\/angebot\/coenzyme-compositum-ad-us-vet-10-st\/","title":{"rendered":"Coenzyme compositum ad us. vet. (10 St.)"},"content":{"rendered":"<h3 style=\"text-align: left;\">Coenzyme compositum ad us. vet.<\/h3>\n<p style=\"text-align: left;\">Coenzyme compositum ad us. vet. &#8211; Tierarzneimittel f\u00fcr Katzen, Hunde, Kleinnager und Zierv\u00f6gel zur Unterst\u00fctzung k\u00f6rpereigener Heilungsprozesse.<\/p>\n<p style=\"text-align: left;\">Registriertes hom\u00f6opathisches Arzneimittel, daher ohne Angabe einer therapeutischen Indikation. Bei w\u00e4hrend der Anwendung fortdauernden Krankheitssymptomen ist medizinischer Rat einzuholen.<\/p>\n<p style=\"text-align: left;\">Als Teil unseres patientenzentrierten therapeutischen Ansatzes stellen Heel Arzneimittel die F\u00e4higkeit des K\u00f6rpers zur Selbstregulierung in den Mittelpunkt. Sie unterst\u00fctzen die Aktivierung k\u00f6rpereigener Mechanismen, um die Gesundung zu f\u00f6rdern, anstatt nur die Symptome der Krankheit zu unterdr\u00fccken. Heel Medikamente auf der Basis nat\u00fcrlicher Wirkstoffe stimulieren und st\u00e4rken diesen Prozess, und Patienten profitieren vom sicheren und nachhaltigen Therapieansatz.<\/p>\n<p style=\"text-align: left;\">Zum Hersteller: <a href=\"https:\/\/www.heel.de\/de\/engystol.html\">Heel<\/a><\/p>\n<p style=\"text-align: left;\">Weitere Produkte &amp; Packungsgr\u00f6\u00dfen: <a href=\"https:\/\/www.loewen-apotheke24.com\/de\/product_cat\/heel\/?orderby=popularity\">Heel<\/a><\/p>\n<p>Andere Kunden interessierten sich auch f\u00fcr Produkte zum Thema:\u00a0<a href=\"https:\/\/www.loewen-apotheke24.com\/de\/product_tag\/homoeopathie\/\">Hom\u00f6opathie<\/a> | <a href=\"https:\/\/www.loewen-apotheke24.com\/de\/product_tag\/tiermedizin\/\" rel=\"tag\">Tiermedizin<\/a> | <a href=\"https:\/\/www.loewen-apotheke24.com\/de\/product_tag\/veterinaer\/\" rel=\"tag\">Veterin\u00e4r<\/a><\/p>\n<p style=\"text-align: left;\">Zu Risiken und Nebenwirkungen lesen Sie die Packungsbeilage und fragen Sie Ihren Arzt oder Apotheker bzw. fragen Sie Ihren Tierarzt.<\/p>\n","protected":false},"excerpt":{"rendered":"<h2 style=\"text-align: left;\">Coenzyme compositum ad us. vet.<\/h2>\n<p><strong>PZN:<\/strong> 15300400 (Pharmazentralnummer)<\/p>\n<p><strong>Darreichungsform<\/strong>: Ampullen<\/p>\n<p><strong>Verordnungsart<\/strong>: Rezeptfrei<\/p>\n<p><strong>Marke:<\/strong> &#8211;<\/p>\n<p><strong>Hersteller<\/strong>: Biologische Heilmittel Heel GmbH, Baden-Baden, Germany<\/p>\n","protected":false},"featured_media":153794,"template":"","meta":[],"product_cat":[13,85],"product_tag":[264,267,266,263,262,265,484,996],"yoast_head":"<!-- This site is optimized with the Yoast SEO Premium plugin v21.0 (Yoast SEO v21.0) - https:\/\/yoast.com\/wordpress\/plugins\/seo\/ -->\n<title>Coenzyme compositum ad us. vet. (10 St.) - hier g\u00fcnstig kaufen<\/title>\n<meta name=\"description\" content=\"Ihr Spezialist f\u00fcr Naturheilkunde. Wir bieten: Top-Service, kurze Lieferzeit. Hersteller: Heel - Coenzyme compositum ad us. vet. (10 St.)\" \/>\n<meta name=\"robots\" content=\"index, follow, max-snippet:-1, max-image-preview:large, max-video-preview:-1\" \/>\n<link rel=\"canonical\" href=\"https:\/\/www.loewen-apotheke24.com\/de\/shop\/angebot\/coenzyme-compositum-ad-us-vet-10-st\/\" \/>\n<meta property=\"og:locale\" content=\"de_DE\" \/>\n<meta property=\"og:type\" content=\"article\" \/>\n<meta property=\"og:title\" content=\"Coenzyme compositum ad us. vet. (10 St.) - hier g\u00fcnstig kaufen\" \/>\n<meta property=\"og:description\" content=\"Ihr Spezialist f\u00fcr Naturheilkunde. Wir bieten: Top-Service, kurze Lieferzeit. Hersteller: Heel - Coenzyme compositum ad us. vet. (10 St.)\" \/>\n<meta property=\"og:url\" content=\"https:\/\/www.loewen-apotheke24.com\/de\/shop\/angebot\/coenzyme-compositum-ad-us-vet-10-st\/\" \/>\n<meta property=\"og:site_name\" content=\"L\u00f6wen Apotheke24\" \/>\n<meta property=\"article:modified_time\" content=\"2026-03-23T13:55:02+00:00\" \/>\n<meta property=\"og:image\" content=\"https:\/\/www.loewen-apotheke24.com\/wp-content\/uploads\/2026\/01\/Coenzyme-Compositum-ad-us-vet-Ampullen-10-St-Biologische-Heel.webp\" \/>\n\t<meta property=\"og:image:width\" content=\"600\" \/>\n\t<meta property=\"og:image:height\" content=\"600\" \/>\n\t<meta property=\"og:image:type\" content=\"image\/webp\" \/>\n<meta name=\"twitter:card\" content=\"summary_large_image\" \/>\n<meta name=\"twitter:label1\" content=\"Gesch\u00e4tzte Lesezeit\" \/>\n\t<meta name=\"twitter:data1\" content=\"1\u00a0Minute\" \/>\n<script type=\"application\/ld+json\" class=\"yoast-schema-graph\">{\"@context\":\"https:\/\/schema.org\",\"@graph\":[{\"@type\":\"WebPage\",\"@id\":\"https:\/\/www.loewen-apotheke24.com\/de\/shop\/angebot\/coenzyme-compositum-ad-us-vet-10-st\/\",\"url\":\"https:\/\/www.loewen-apotheke24.com\/de\/shop\/angebot\/coenzyme-compositum-ad-us-vet-10-st\/\",\"name\":\"Coenzyme compositum ad us. vet. (10 St.) - hier g\u00fcnstig kaufen\",\"isPartOf\":{\"@id\":\"https:\/\/www.loewen-apotheke24.com\/de\/#website\"},\"datePublished\":\"2026-01-20T05:46:05+00:00\",\"dateModified\":\"2026-03-23T13:55:02+00:00\",\"description\":\"Ihr Spezialist f\u00fcr Naturheilkunde. Wir bieten: Top-Service, kurze Lieferzeit. Hersteller: Heel - Coenzyme compositum ad us. vet. (10 St.)\",\"breadcrumb\":{\"@id\":\"https:\/\/www.loewen-apotheke24.com\/de\/shop\/angebot\/coenzyme-compositum-ad-us-vet-10-st\/#breadcrumb\"},\"inLanguage\":\"de\",\"potentialAction\":[{\"@type\":\"ReadAction\",\"target\":[\"https:\/\/www.loewen-apotheke24.com\/de\/shop\/angebot\/coenzyme-compositum-ad-us-vet-10-st\/\"]}]},{\"@type\":\"BreadcrumbList\",\"@id\":\"https:\/\/www.loewen-apotheke24.com\/de\/shop\/angebot\/coenzyme-compositum-ad-us-vet-10-st\/#breadcrumb\",\"itemListElement\":[{\"@type\":\"ListItem\",\"position\":1,\"name\":\"Shop\",\"item\":\"https:\/\/www.loewen-apotheke24.com\/de\/shop\/\"},{\"@type\":\"ListItem\",\"position\":2,\"name\":\"Coenzyme compositum ad us. vet. (10 St.)\"}]},{\"@type\":\"WebSite\",\"@id\":\"https:\/\/www.loewen-apotheke24.com\/de\/#website\",\"url\":\"https:\/\/www.loewen-apotheke24.com\/de\/\",\"name\":\"L\u00f6wen Apotheke24\",\"description\":\"Spezialist f\u00fcr Naturmedizin - Versandapotheke Baden-Baden\",\"publisher\":{\"@id\":\"https:\/\/www.loewen-apotheke24.com\/de\/#organization\"},\"potentialAction\":[{\"@type\":\"SearchAction\",\"target\":{\"@type\":\"EntryPoint\",\"urlTemplate\":\"https:\/\/www.loewen-apotheke24.com\/de\/?s={search_term_string}\"},\"query-input\":\"required name=search_term_string\"}],\"inLanguage\":\"de\"},{\"@type\":\"Organization\",\"@id\":\"https:\/\/www.loewen-apotheke24.com\/de\/#organization\",\"name\":\"L\u00f6wen Apotheke\",\"alternateName\":\"L\u00f6wen Apotheke\",\"url\":\"https:\/\/www.loewen-apotheke24.com\/de\/\",\"logo\":{\"@type\":\"ImageObject\",\"inLanguage\":\"de\",\"@id\":\"https:\/\/www.loewen-apotheke24.com\/de\/#\/schema\/logo\/image\/\",\"url\":\"https:\/\/www.loewen-apotheke24.com\/wp-content\/uploads\/2024\/02\/Logo-Loewen-Apotheke-700x700-1.png\",\"contentUrl\":\"https:\/\/www.loewen-apotheke24.com\/wp-content\/uploads\/2024\/02\/Logo-Loewen-Apotheke-700x700-1.png\",\"width\":700,\"height\":700,\"caption\":\"L\u00f6wen Apotheke\"},\"image\":{\"@id\":\"https:\/\/www.loewen-apotheke24.com\/de\/#\/schema\/logo\/image\/\"}}]}<\/script>\n<!-- \/ Yoast SEO Premium plugin. -->","yoast_head_json":{"title":"Coenzyme compositum ad us. vet. (10 St.) - hier g\u00fcnstig kaufen","description":"Ihr Spezialist f\u00fcr Naturheilkunde. Wir bieten: Top-Service, kurze Lieferzeit. Hersteller: Heel - Coenzyme compositum ad us. vet. (10 St.)","robots":{"index":"index","follow":"follow","max-snippet":"max-snippet:-1","max-image-preview":"max-image-preview:large","max-video-preview":"max-video-preview:-1"},"canonical":"https:\/\/www.loewen-apotheke24.com\/de\/shop\/angebot\/coenzyme-compositum-ad-us-vet-10-st\/","og_locale":"de_DE","og_type":"article","og_title":"Coenzyme compositum ad us. vet. (10 St.) - hier g\u00fcnstig kaufen","og_description":"Ihr Spezialist f\u00fcr Naturheilkunde. Wir bieten: Top-Service, kurze Lieferzeit. Hersteller: Heel - Coenzyme compositum ad us. vet. (10 St.)","og_url":"https:\/\/www.loewen-apotheke24.com\/de\/shop\/angebot\/coenzyme-compositum-ad-us-vet-10-st\/","og_site_name":"L\u00f6wen Apotheke24","article_modified_time":"2026-03-23T13:55:02+00:00","og_image":[{"width":600,"height":600,"url":"https:\/\/www.loewen-apotheke24.com\/wp-content\/uploads\/2026\/01\/Coenzyme-Compositum-ad-us-vet-Ampullen-10-St-Biologische-Heel.webp","type":"image\/webp"}],"twitter_card":"summary_large_image","twitter_misc":{"Gesch\u00e4tzte Lesezeit":"1\u00a0Minute"},"schema":{"@context":"https:\/\/schema.org","@graph":[{"@type":"WebPage","@id":"https:\/\/www.loewen-apotheke24.com\/de\/shop\/angebot\/coenzyme-compositum-ad-us-vet-10-st\/","url":"https:\/\/www.loewen-apotheke24.com\/de\/shop\/angebot\/coenzyme-compositum-ad-us-vet-10-st\/","name":"Coenzyme compositum ad us. vet. (10 St.) - hier g\u00fcnstig kaufen","isPartOf":{"@id":"https:\/\/www.loewen-apotheke24.com\/de\/#website"},"datePublished":"2026-01-20T05:46:05+00:00","dateModified":"2026-03-23T13:55:02+00:00","description":"Ihr Spezialist f\u00fcr Naturheilkunde. Wir bieten: Top-Service, kurze Lieferzeit. Hersteller: Heel - Coenzyme compositum ad us. vet. (10 St.)","breadcrumb":{"@id":"https:\/\/www.loewen-apotheke24.com\/de\/shop\/angebot\/coenzyme-compositum-ad-us-vet-10-st\/#breadcrumb"},"inLanguage":"de","potentialAction":[{"@type":"ReadAction","target":["https:\/\/www.loewen-apotheke24.com\/de\/shop\/angebot\/coenzyme-compositum-ad-us-vet-10-st\/"]}]},{"@type":"BreadcrumbList","@id":"https:\/\/www.loewen-apotheke24.com\/de\/shop\/angebot\/coenzyme-compositum-ad-us-vet-10-st\/#breadcrumb","itemListElement":[{"@type":"ListItem","position":1,"name":"Shop","item":"https:\/\/www.loewen-apotheke24.com\/de\/shop\/"},{"@type":"ListItem","position":2,"name":"Coenzyme compositum ad us. vet. (10 St.)"}]},{"@type":"WebSite","@id":"https:\/\/www.loewen-apotheke24.com\/de\/#website","url":"https:\/\/www.loewen-apotheke24.com\/de\/","name":"L\u00f6wen Apotheke24","description":"Spezialist f\u00fcr Naturmedizin - Versandapotheke Baden-Baden","publisher":{"@id":"https:\/\/www.loewen-apotheke24.com\/de\/#organization"},"potentialAction":[{"@type":"SearchAction","target":{"@type":"EntryPoint","urlTemplate":"https:\/\/www.loewen-apotheke24.com\/de\/?s={search_term_string}"},"query-input":"required name=search_term_string"}],"inLanguage":"de"},{"@type":"Organization","@id":"https:\/\/www.loewen-apotheke24.com\/de\/#organization","name":"L\u00f6wen Apotheke","alternateName":"L\u00f6wen Apotheke","url":"https:\/\/www.loewen-apotheke24.com\/de\/","logo":{"@type":"ImageObject","inLanguage":"de","@id":"https:\/\/www.loewen-apotheke24.com\/de\/#\/schema\/logo\/image\/","url":"https:\/\/www.loewen-apotheke24.com\/wp-content\/uploads\/2024\/02\/Logo-Loewen-Apotheke-700x700-1.png","contentUrl":"https:\/\/www.loewen-apotheke24.com\/wp-content\/uploads\/2024\/02\/Logo-Loewen-Apotheke-700x700-1.png","width":700,"height":700,"caption":"L\u00f6wen Apotheke"},"image":{"@id":"https:\/\/www.loewen-apotheke24.com\/de\/#\/schema\/logo\/image\/"}}]}},"_links":{"self":[{"href":"https:\/\/www.loewen-apotheke24.com\/de\/wp-json\/wp\/v2\/product\/153792"}],"collection":[{"href":"https:\/\/www.loewen-apotheke24.com\/de\/wp-json\/wp\/v2\/product"}],"about":[{"href":"https:\/\/www.loewen-apotheke24.com\/de\/wp-json\/wp\/v2\/types\/product"}],"wp:featuredmedia":[{"embeddable":true,"href":"https:\/\/www.loewen-apotheke24.com\/de\/wp-json\/wp\/v2\/media\/153794"}],"wp:attachment":[{"href":"https:\/\/www.loewen-apotheke24.com\/de\/wp-json\/wp\/v2\/media?parent=153792"}],"wp:term":[{"taxonomy":"product_cat","embeddable":true,"href":"https:\/\/www.loewen-apotheke24.com\/de\/wp-json\/wp\/v2\/product_cat?post=153792"},{"taxonomy":"product_tag","embeddable":true,"href":"https:\/\/www.loewen-apotheke24.com\/de\/wp-json\/wp\/v2\/product_tag?post=153792"}],"curies":[{"name":"wp","href":"https:\/\/api.w.org\/{rel}","templated":true}]}}