{"id":154664,"date":"2026-01-29T18:25:34","date_gmt":"2026-01-29T17:25:34","guid":{"rendered":"https:\/\/www.loewen-apotheke24.com\/?post_type=product&#038;p=154664"},"modified":"2026-03-13T06:20:12","modified_gmt":"2026-03-13T05:20:12","slug":"vitapas-c-liposomal-1000-17514045","status":"publish","type":"product","link":"https:\/\/www.loewen-apotheke24.com\/de\/shop\/angebot\/vitapas-c-liposomal-1000-17514045\/","title":{"rendered":"Vitapas C liposomal 1.000 (90 St.)"},"content":{"rendered":"<h3 style=\"text-align: left;\">Vitapas C liposomal 1.000<\/h3>\n<p>Vitapas C liposomal 1.000 ist ein Nahrungserg\u00e4nzungsmittel mit 1.000 mg Vitamin C. Vitamin C tr\u00e4gt zu einer normalen Funktion des Immunsystems bei, sowie kann die Zellen vor oxidativem Stress zu sch\u00fctzen. Dabei kommt eine besondere liposomale Technik zum Einsatz, die Pascoe gemeinsam mit Wissenschaftlern der Universit\u00e4t Marburg entwickelt hat: Liposomen k\u00f6nnen sich auf diese Weise bilden, wenn sie mit Fl\u00fcssigkeiten in Ber\u00fchrung kommen.<\/p>\n<p>Die Tagesverzehrsempfehlung 1.000 mg Vitamin C liegt bei 3 Kapseln am Tag. Vitapas C liposomal idealerweise \u00fcber den Tag verteilt, mit ausreichend Fl\u00fcssigkeit schlucken. Die angegebene, empfohlene t\u00e4gliche Verzehrsmenge nicht \u00fcberschreiten.<\/p>\n<p>Made in Germany: hergestellt in Deutschland, mit Vitamin C aus Europa. F\u00fcr Vitapas C liposomal 1.000 werden Liposome aus Lecithin und die biologisch aktive L-Ascorbins\u00e4ure (Vitamin C) eingesetzt.<\/p>\n<p>Weitere Produktinformationen zu Vitapas C liposomal finden Sie beim Hersteller: <a href=\"https:\/\/www.pascoe.de\/produkte\/\" target=\"_blank\" rel=\"noopener\">Pascoe pharmazeutische Pr\u00e4parate GmbH<\/a><\/p>\n<p>Andere Kunden interessierten sich auch f\u00fcr Produkte zum Thema:\u00a0<a href=\"https:\/\/www.loewen-apotheke24.com\/de\/product_tag\/entzuendung\/\">Entz\u00fcndung<\/a> |\u00a0<a href=\"https:\/\/www.loewen-apotheke24.com\/de\/product_tag\/das-immunsystem\/\" rel=\"tag\">Immunsystem<\/a>\u00a0|\u00a0<a href=\"https:\/\/www.loewen-apotheke24.com\/de\/product_tag\/vitamine-mineralien-nahrungsergaenzung\/\" rel=\"tag\">Vitamine &amp; Mineralien<\/a><\/p>\n<p>Informationen auf dieser Website werden ausschlie\u00dflich f\u00fcr informative Zwecke zur Verf\u00fcgung gestellt. Sie ersetzen keinesfalls die Untersuchung und Behandlung durch einen Arzt. Bitte beachten Sie, dass hierdurch weder Diagnosen gestellt noch Therapien eingeleitet werden k\u00f6nnen und f\u00fchren Sie mit Injektionen keine Selbstbehandlung durch.<\/p>\n<p>Nahrungserg\u00e4nzungsmittel sind kein Ersatz f\u00fcr eine ausgewogene und abwechslungsreiche Ern\u00e4hrung und eine gesunde Lebensweise.<\/p>\n<p>Zu Risiken und Nebenwirkungen lesen Sie die Packungsbeilage und fragen Sie Ihren Arzt oder Apotheker.<\/p>\n<h3 style=\"text-align: left;\">Rezept oder E-Rezept einl\u00f6sen:<\/h3>\n<p>Sie haben ein Rezept oder E-Rezept? Reichen Sie es bequem \u00fcber unsere\u00a0<a class=\"ProsemirrorEditor-link\" href=\"https:\/\/e-rezept-app.de\/shop-rezept\">E-Rezept<\/a>\u00a0App ein \u2013 auch Privatrezepte f\u00fcr Selbstzahler sind m\u00f6glich. Schnell, sicher und einfach.<\/p>\n<p class=\"TypographyPresentation TypographyPresentation--medium RichText3-paragraph--withVSpacingNormal RichText3-paragraph HighlightSol HighlightSol--buildingBlock\" style=\"text-align: left;\"><strong>Fragen zu Vitapas C liposomal? Wir sind f\u00fcr Sie da!<\/strong><\/p>\n<p class=\"TypographyPresentation TypographyPresentation--medium RichText3-paragraph--withVSpacingNormal RichText3-paragraph HighlightSol HighlightSol--buildingBlock\">Unsere verantwortliche Apothekerin\u00a0<strong>Dr. Sandra Hoff<\/strong>\u00a0und ihr Team beraten Sie gerne pers\u00f6nlich \u2013 telefonisch oder per E-Mail. Als\u00a0<strong>echte Apotheke vor Ort<\/strong>\u00a0und\u00a0<strong>zugelassene Versandapotheke<\/strong> bieten wir Ihnen kompetente Unterst\u00fctzung, besonders in den Bereichen <a href=\"https:\/\/www.loewen-apotheke24.com\/de\/product_tag\/naturheilmittel\/\"><strong>Naturheilkunde<\/strong><\/a> und <a href=\"https:\/\/www.loewen-apotheke24.com\/de\/product_tag\/vitamine-mineralien-nahrungsergaenzung\/\"><strong>Nahrungserg\u00e4nzungsmittel<\/strong><\/a>, hier Produkte von Pascoe pharmazeutische Pr\u00e4parate GmbH, <a href=\"https:\/\/www.loewen-apotheke24.com\/de\/product_cat\/vitorgan\/\">vitOrgan Arzneimittel<\/a>\u00a0und\u00a0<a href=\"https:\/\/www.loewen-apotheke24.com\/de\/product_cat\/labo-life\/\">Labo Life<\/a>. <a href=\"https:\/\/versandhandel.dimdi.de\/websearch\/servlet\/Gate;jsessionid=0D29D15655BE1174E9178A340E8FE6BC?accessid=dimdi_var&amp;term=3c387956690121ccc8763184f052b93f\" target=\"_blank\" rel=\"noopener\">Zum Eintrag im Versandhandelsregister.<\/a><\/p>\n","protected":false},"excerpt":{"rendered":"<h2>Vitapas C liposomal 1.000<\/h2>\n<p>Nahrungserg\u00e4nzungsmittel mit 1.000 mg Vitamin C<\/p>\n<p><strong>PZN<\/strong>: 17514045 (Pharmazentralnummer)<\/p>\n<p><strong>Darreichung:<\/strong> Kapseln<\/p>\n<p><strong>Marke<\/strong>: &#8211;<\/p>\n<p><strong>Hersteller<\/strong>: Pascoe pharmazeutische Pr\u00e4parate GmbH, Gie\u00dfen, Deutschland<\/p>\n<p><strong>Packungsgr\u00f6\u00dfe<\/strong>: 90 Stk.<\/p>\n","protected":false},"featured_media":154667,"template":"","meta":[],"product_cat":[13,965],"product_tag":[170,448,469],"yoast_head":"<!-- This site is optimized with the Yoast SEO Premium plugin v21.0 (Yoast SEO v21.0) - https:\/\/yoast.com\/wordpress\/plugins\/seo\/ -->\n<title>Vitapas C liposomal 1.000 (90 St.) - g\u00fcnstig kaufen<\/title>\n<meta name=\"description\" content=\"Spezialist f\u00fcr Naturheilkunde. Kurze Lieferzeit &amp; Top Service. Vitapas C liposomal 1.000 (90 St.). Vitamin C Kapseln Nahrungserg\u00e4nzungsmittel\" \/>\n<meta name=\"robots\" content=\"index, follow, max-snippet:-1, max-image-preview:large, max-video-preview:-1\" \/>\n<link rel=\"canonical\" href=\"https:\/\/www.loewen-apotheke24.com\/de\/shop\/angebot\/vitapas-c-liposomal-1000-17514045\/\" \/>\n<meta property=\"og:locale\" content=\"de_DE\" \/>\n<meta property=\"og:type\" content=\"article\" \/>\n<meta property=\"og:title\" content=\"Vitapas C liposomal 1.000 (90 St.) - g\u00fcnstig kaufen\" \/>\n<meta property=\"og:description\" content=\"Spezialist f\u00fcr Naturheilkunde. Kurze Lieferzeit &amp; Top Service. Vitapas C liposomal 1.000 (90 St.). Vitamin C Kapseln Nahrungserg\u00e4nzungsmittel\" \/>\n<meta property=\"og:url\" content=\"https:\/\/www.loewen-apotheke24.com\/de\/shop\/angebot\/vitapas-c-liposomal-1000-17514045\/\" \/>\n<meta property=\"og:site_name\" content=\"L\u00f6wen Apotheke24\" \/>\n<meta property=\"article:modified_time\" content=\"2026-03-13T05:20:12+00:00\" \/>\n<meta property=\"og:image\" content=\"https:\/\/www.loewen-apotheke24.com\/wp-content\/uploads\/2026\/01\/Vitapas-liposomal-1000-vitamin-c-kapseln-von-Pascoe-PZN-03898042-Loewen-Apotheke24.webp\" \/>\n\t<meta property=\"og:image:width\" content=\"600\" \/>\n\t<meta property=\"og:image:height\" content=\"600\" \/>\n\t<meta property=\"og:image:type\" content=\"image\/webp\" \/>\n<meta name=\"twitter:card\" content=\"summary_large_image\" \/>\n<meta name=\"twitter:label1\" content=\"Gesch\u00e4tzte Lesezeit\" \/>\n\t<meta name=\"twitter:data1\" content=\"2\u00a0Minuten\" \/>\n<script type=\"application\/ld+json\" class=\"yoast-schema-graph\">{\"@context\":\"https:\/\/schema.org\",\"@graph\":[{\"@type\":\"WebPage\",\"@id\":\"https:\/\/www.loewen-apotheke24.com\/de\/shop\/angebot\/vitapas-c-liposomal-1000-17514045\/\",\"url\":\"https:\/\/www.loewen-apotheke24.com\/de\/shop\/angebot\/vitapas-c-liposomal-1000-17514045\/\",\"name\":\"Vitapas C liposomal 1.000 (90 St.) - g\u00fcnstig kaufen\",\"isPartOf\":{\"@id\":\"https:\/\/www.loewen-apotheke24.com\/de\/#website\"},\"datePublished\":\"2026-01-29T17:25:34+00:00\",\"dateModified\":\"2026-03-13T05:20:12+00:00\",\"description\":\"Spezialist f\u00fcr Naturheilkunde. Kurze Lieferzeit & Top Service. Vitapas C liposomal 1.000 (90 St.). Vitamin C Kapseln Nahrungserg\u00e4nzungsmittel\",\"breadcrumb\":{\"@id\":\"https:\/\/www.loewen-apotheke24.com\/de\/shop\/angebot\/vitapas-c-liposomal-1000-17514045\/#breadcrumb\"},\"inLanguage\":\"de\",\"potentialAction\":[{\"@type\":\"ReadAction\",\"target\":[\"https:\/\/www.loewen-apotheke24.com\/de\/shop\/angebot\/vitapas-c-liposomal-1000-17514045\/\"]}]},{\"@type\":\"BreadcrumbList\",\"@id\":\"https:\/\/www.loewen-apotheke24.com\/de\/shop\/angebot\/vitapas-c-liposomal-1000-17514045\/#breadcrumb\",\"itemListElement\":[{\"@type\":\"ListItem\",\"position\":1,\"name\":\"Shop\",\"item\":\"https:\/\/www.loewen-apotheke24.com\/de\/shop\/\"},{\"@type\":\"ListItem\",\"position\":2,\"name\":\"Vitapas C liposomal 1.000 (90 St.)\"}]},{\"@type\":\"WebSite\",\"@id\":\"https:\/\/www.loewen-apotheke24.com\/de\/#website\",\"url\":\"https:\/\/www.loewen-apotheke24.com\/de\/\",\"name\":\"L\u00f6wen Apotheke24\",\"description\":\"Spezialist f\u00fcr Naturmedizin - Versandapotheke Baden-Baden\",\"publisher\":{\"@id\":\"https:\/\/www.loewen-apotheke24.com\/de\/#organization\"},\"potentialAction\":[{\"@type\":\"SearchAction\",\"target\":{\"@type\":\"EntryPoint\",\"urlTemplate\":\"https:\/\/www.loewen-apotheke24.com\/de\/?s={search_term_string}\"},\"query-input\":\"required name=search_term_string\"}],\"inLanguage\":\"de\"},{\"@type\":\"Organization\",\"@id\":\"https:\/\/www.loewen-apotheke24.com\/de\/#organization\",\"name\":\"L\u00f6wen Apotheke\",\"alternateName\":\"L\u00f6wen Apotheke\",\"url\":\"https:\/\/www.loewen-apotheke24.com\/de\/\",\"logo\":{\"@type\":\"ImageObject\",\"inLanguage\":\"de\",\"@id\":\"https:\/\/www.loewen-apotheke24.com\/de\/#\/schema\/logo\/image\/\",\"url\":\"https:\/\/www.loewen-apotheke24.com\/wp-content\/uploads\/2024\/02\/Logo-Loewen-Apotheke-700x700-1.png\",\"contentUrl\":\"https:\/\/www.loewen-apotheke24.com\/wp-content\/uploads\/2024\/02\/Logo-Loewen-Apotheke-700x700-1.png\",\"width\":700,\"height\":700,\"caption\":\"L\u00f6wen Apotheke\"},\"image\":{\"@id\":\"https:\/\/www.loewen-apotheke24.com\/de\/#\/schema\/logo\/image\/\"}}]}<\/script>\n<!-- \/ Yoast SEO Premium plugin. -->","yoast_head_json":{"title":"Vitapas C liposomal 1.000 (90 St.) - g\u00fcnstig kaufen","description":"Spezialist f\u00fcr Naturheilkunde. Kurze Lieferzeit & Top Service. Vitapas C liposomal 1.000 (90 St.). Vitamin C Kapseln Nahrungserg\u00e4nzungsmittel","robots":{"index":"index","follow":"follow","max-snippet":"max-snippet:-1","max-image-preview":"max-image-preview:large","max-video-preview":"max-video-preview:-1"},"canonical":"https:\/\/www.loewen-apotheke24.com\/de\/shop\/angebot\/vitapas-c-liposomal-1000-17514045\/","og_locale":"de_DE","og_type":"article","og_title":"Vitapas C liposomal 1.000 (90 St.) - g\u00fcnstig kaufen","og_description":"Spezialist f\u00fcr Naturheilkunde. Kurze Lieferzeit & Top Service. Vitapas C liposomal 1.000 (90 St.). Vitamin C Kapseln Nahrungserg\u00e4nzungsmittel","og_url":"https:\/\/www.loewen-apotheke24.com\/de\/shop\/angebot\/vitapas-c-liposomal-1000-17514045\/","og_site_name":"L\u00f6wen Apotheke24","article_modified_time":"2026-03-13T05:20:12+00:00","og_image":[{"width":600,"height":600,"url":"https:\/\/www.loewen-apotheke24.com\/wp-content\/uploads\/2026\/01\/Vitapas-liposomal-1000-vitamin-c-kapseln-von-Pascoe-PZN-03898042-Loewen-Apotheke24.webp","type":"image\/webp"}],"twitter_card":"summary_large_image","twitter_misc":{"Gesch\u00e4tzte Lesezeit":"2\u00a0Minuten"},"schema":{"@context":"https:\/\/schema.org","@graph":[{"@type":"WebPage","@id":"https:\/\/www.loewen-apotheke24.com\/de\/shop\/angebot\/vitapas-c-liposomal-1000-17514045\/","url":"https:\/\/www.loewen-apotheke24.com\/de\/shop\/angebot\/vitapas-c-liposomal-1000-17514045\/","name":"Vitapas C liposomal 1.000 (90 St.) - g\u00fcnstig kaufen","isPartOf":{"@id":"https:\/\/www.loewen-apotheke24.com\/de\/#website"},"datePublished":"2026-01-29T17:25:34+00:00","dateModified":"2026-03-13T05:20:12+00:00","description":"Spezialist f\u00fcr Naturheilkunde. Kurze Lieferzeit & Top Service. Vitapas C liposomal 1.000 (90 St.). Vitamin C Kapseln Nahrungserg\u00e4nzungsmittel","breadcrumb":{"@id":"https:\/\/www.loewen-apotheke24.com\/de\/shop\/angebot\/vitapas-c-liposomal-1000-17514045\/#breadcrumb"},"inLanguage":"de","potentialAction":[{"@type":"ReadAction","target":["https:\/\/www.loewen-apotheke24.com\/de\/shop\/angebot\/vitapas-c-liposomal-1000-17514045\/"]}]},{"@type":"BreadcrumbList","@id":"https:\/\/www.loewen-apotheke24.com\/de\/shop\/angebot\/vitapas-c-liposomal-1000-17514045\/#breadcrumb","itemListElement":[{"@type":"ListItem","position":1,"name":"Shop","item":"https:\/\/www.loewen-apotheke24.com\/de\/shop\/"},{"@type":"ListItem","position":2,"name":"Vitapas C liposomal 1.000 (90 St.)"}]},{"@type":"WebSite","@id":"https:\/\/www.loewen-apotheke24.com\/de\/#website","url":"https:\/\/www.loewen-apotheke24.com\/de\/","name":"L\u00f6wen Apotheke24","description":"Spezialist f\u00fcr Naturmedizin - Versandapotheke Baden-Baden","publisher":{"@id":"https:\/\/www.loewen-apotheke24.com\/de\/#organization"},"potentialAction":[{"@type":"SearchAction","target":{"@type":"EntryPoint","urlTemplate":"https:\/\/www.loewen-apotheke24.com\/de\/?s={search_term_string}"},"query-input":"required name=search_term_string"}],"inLanguage":"de"},{"@type":"Organization","@id":"https:\/\/www.loewen-apotheke24.com\/de\/#organization","name":"L\u00f6wen Apotheke","alternateName":"L\u00f6wen Apotheke","url":"https:\/\/www.loewen-apotheke24.com\/de\/","logo":{"@type":"ImageObject","inLanguage":"de","@id":"https:\/\/www.loewen-apotheke24.com\/de\/#\/schema\/logo\/image\/","url":"https:\/\/www.loewen-apotheke24.com\/wp-content\/uploads\/2024\/02\/Logo-Loewen-Apotheke-700x700-1.png","contentUrl":"https:\/\/www.loewen-apotheke24.com\/wp-content\/uploads\/2024\/02\/Logo-Loewen-Apotheke-700x700-1.png","width":700,"height":700,"caption":"L\u00f6wen Apotheke"},"image":{"@id":"https:\/\/www.loewen-apotheke24.com\/de\/#\/schema\/logo\/image\/"}}]}},"_links":{"self":[{"href":"https:\/\/www.loewen-apotheke24.com\/de\/wp-json\/wp\/v2\/product\/154664"}],"collection":[{"href":"https:\/\/www.loewen-apotheke24.com\/de\/wp-json\/wp\/v2\/product"}],"about":[{"href":"https:\/\/www.loewen-apotheke24.com\/de\/wp-json\/wp\/v2\/types\/product"}],"wp:featuredmedia":[{"embeddable":true,"href":"https:\/\/www.loewen-apotheke24.com\/de\/wp-json\/wp\/v2\/media\/154667"}],"wp:attachment":[{"href":"https:\/\/www.loewen-apotheke24.com\/de\/wp-json\/wp\/v2\/media?parent=154664"}],"wp:term":[{"taxonomy":"product_cat","embeddable":true,"href":"https:\/\/www.loewen-apotheke24.com\/de\/wp-json\/wp\/v2\/product_cat?post=154664"},{"taxonomy":"product_tag","embeddable":true,"href":"https:\/\/www.loewen-apotheke24.com\/de\/wp-json\/wp\/v2\/product_tag?post=154664"}],"curies":[{"name":"wp","href":"https:\/\/api.w.org\/{rel}","templated":true}]}}