{"id":154683,"date":"2026-01-29T20:25:19","date_gmt":"2026-01-29T19:25:19","guid":{"rendered":"https:\/\/www.loewen-apotheke24.com\/?post_type=product&#038;p=154683"},"modified":"2026-01-29T20:41:05","modified_gmt":"2026-01-29T19:41:05","slug":"pascallerg-tabletten-100-st-07703644","status":"publish","type":"product","link":"https:\/\/www.loewen-apotheke24.com\/de\/shop\/angebot\/pascallerg-tabletten-100-st-07703644\/","title":{"rendered":"Pascallerg Tabletten (100 St.)"},"content":{"rendered":"<h3 style=\"text-align: left;\">Pascallerg Tabletten<\/h3>\n<p>Pascallerg Tabletten\u00a0 sind ein hom\u00f6opathisches Arzneimittel bei Erkrankungen der Atemwege. Das Pr\u00e4parat wird zur Behandlung von Heuschnupfen eingesetzt. Bei Symptomen wie Juckreiz in Nase und Augen sowie Flie\u00dfschnupfen als nat\u00fcrliches Arzneimittel mit 3 hom\u00f6opathischen Wirkstoffen<\/p>\n<p>Durch die drei hom\u00f6opathischen Wirkstoffe Ameisens\u00e4ure, Gelsemium und Alumen chromicum unterst\u00fctzt Pascallerg sowohl langfristig im Sinne einer Umstimmung als auch bei akuten Beschwerden.<\/p>\n<p>F\u00fcr die langfristige Umstimmungstherapie sollten Allergiker das Arzneimittel \u00fcber einen l\u00e4ngeren Zeitraum regelm\u00e4\u00dfig einnehmen. Am besten sollten sie schon im Winter bzw. einige Wochen vor der eigentlichen Heuschnupfenzeit mit der Einnahme beginnen.<\/p>\n<p>Weitere Produktinformationen zu Pascallerg finden Sie beim Hersteller: <a href=\"https:\/\/www.pascoe.de\/produkte\/\" target=\"_blank\" rel=\"noopener\">Pascoe pharmazeutische Pr\u00e4parate GmbH<\/a><\/p>\n<p>Andere Kunden interessierten sich auch f\u00fcr Produkte zum Thema: <a href=\"https:\/\/www.loewen-apotheke24.com\/de\/product_tag\/das-immunsystem\/\" rel=\"tag\">Immunsystem<\/a>\u00a0|\u00a0<a href=\"https:\/\/www.loewen-apotheke24.com\/de\/product_tag\/vitamine-mineralien-nahrungsergaenzung\/\" rel=\"tag\">Vitamine &amp; Mineralien<\/a><\/p>\n<p>Informationen auf dieser Website werden ausschlie\u00dflich f\u00fcr informative Zwecke zur Verf\u00fcgung gestellt. Sie ersetzen keinesfalls die Untersuchung und Behandlung durch einen Arzt. Bitte beachten Sie, dass hierdurch weder Diagnosen gestellt noch Therapien eingeleitet werden k\u00f6nnen und f\u00fchren Sie mit Injektionen keine Selbstbehandlung durch.<\/p>\n<p>Nahrungserg\u00e4nzungsmittel sind kein Ersatz f\u00fcr eine ausgewogene und abwechslungsreiche Ern\u00e4hrung und eine gesunde Lebensweise.<\/p>\n<p>Zu Risiken und Nebenwirkungen lesen Sie die Packungsbeilage und fragen Sie Ihren Arzt oder Apotheker.<\/p>\n<p class=\"TypographyPresentation TypographyPresentation--medium RichText3-paragraph--withVSpacingNormal RichText3-paragraph HighlightSol HighlightSol--buildingBlock\" style=\"text-align: left;\"><strong>Fragen? Wir sind f\u00fcr Sie da!<\/strong><\/p>\n<p class=\"TypographyPresentation TypographyPresentation--medium RichText3-paragraph--withVSpacingNormal RichText3-paragraph HighlightSol HighlightSol--buildingBlock\">Unsere verantwortliche Apothekerin\u00a0<strong>Dr. Sandra Hoff<\/strong>\u00a0und ihr Team beraten Sie gerne pers\u00f6nlich \u2013 telefonisch oder per E-Mail. Als\u00a0<strong>echte Apotheke vor Ort<\/strong>\u00a0und\u00a0<strong>zugelassene Versandapotheke<\/strong> bieten wir Ihnen kompetente Unterst\u00fctzung, besonders in den Bereichen <a href=\"https:\/\/www.loewen-apotheke24.com\/de\/product_tag\/naturheilmittel\/\"><strong>Naturheilkunde<\/strong><\/a> und <a href=\"https:\/\/www.loewen-apotheke24.com\/de\/product_tag\/vitamine-mineralien-nahrungsergaenzung\/\"><strong>Nahrungserg\u00e4nzungsmittel<\/strong><\/a>, hier Produkte von Pascoe pharmazeutische Pr\u00e4parate GmbH, <a href=\"https:\/\/www.loewen-apotheke24.com\/de\/product_cat\/vitorgan\/\">vitOrgan Arzneimittel<\/a>\u00a0und\u00a0<a href=\"https:\/\/www.loewen-apotheke24.com\/de\/product_cat\/labo-life\/\">Labo Life<\/a>. <a href=\"https:\/\/versandhandel.dimdi.de\/websearch\/servlet\/Gate;jsessionid=0D29D15655BE1174E9178A340E8FE6BC?accessid=dimdi_var&amp;term=3c387956690121ccc8763184f052b93f\" target=\"_blank\" rel=\"noopener\">Zum Eintrag im Versandhandelsregister.<\/a><\/p>\n","protected":false},"excerpt":{"rendered":"<h2>Pascallerg Tabletten<\/h2>\n<p>Hom\u00f6opathisches Arzneimittel bei Erkrankungen der Atemwege<\/p>\n<p><strong>PZN<\/strong>: 07703644 (Pharmazentralnummer)<\/p>\n<p><strong>Darreichung:<\/strong> Tabletten<\/p>\n<p><strong>Marke<\/strong>: &#8211;<\/p>\n<p><strong>Hersteller<\/strong>: Pascoe pharmazeutische Pr\u00e4parate GmbH, Gie\u00dfen, Deutschland<\/p>\n<p><strong>Packungsgr\u00f6\u00dfe<\/strong>: 100 Stk.<\/p>\n","protected":false},"featured_media":154685,"template":"","meta":[],"product_cat":[13,965],"product_tag":[170,448,469],"yoast_head":"<!-- This site is optimized with the Yoast SEO Premium plugin v21.0 (Yoast SEO v21.0) - https:\/\/yoast.com\/wordpress\/plugins\/seo\/ -->\n<title>Pascallerg Tabletten (100 St.) - g\u00fcnstig kaufen<\/title>\n<meta name=\"description\" content=\"Spezialist f\u00fcr Naturheilkunde: Kurze Lieferzeit &amp; Top Service. Pascallerg Tabletten (100 St.). Hom\u00f6opathisches Arzneimittel bei Erkrankungen der Atemwege.\" \/>\n<meta name=\"robots\" content=\"index, follow, max-snippet:-1, max-image-preview:large, max-video-preview:-1\" \/>\n<link rel=\"canonical\" href=\"https:\/\/www.loewen-apotheke24.com\/de\/shop\/angebot\/pascallerg-tabletten-100-st-07703644\/\" \/>\n<meta property=\"og:locale\" content=\"de_DE\" \/>\n<meta property=\"og:type\" content=\"article\" \/>\n<meta property=\"og:title\" content=\"Pascallerg Tabletten (100 St.) - g\u00fcnstig kaufen\" \/>\n<meta property=\"og:description\" content=\"Spezialist f\u00fcr Naturheilkunde: Kurze Lieferzeit &amp; Top Service. Pascallerg Tabletten (100 St.). Hom\u00f6opathisches Arzneimittel bei Erkrankungen der Atemwege.\" \/>\n<meta property=\"og:url\" content=\"https:\/\/www.loewen-apotheke24.com\/de\/shop\/angebot\/pascallerg-tabletten-100-st-07703644\/\" \/>\n<meta property=\"og:site_name\" content=\"L\u00f6wen Apotheke24\" \/>\n<meta property=\"article:modified_time\" content=\"2026-01-29T19:41:05+00:00\" \/>\n<meta property=\"og:image\" content=\"https:\/\/www.loewen-apotheke24.com\/wp-content\/uploads\/2026\/01\/Pascallerg-Tabletten-von-Pascoe-PZN-07703644-Loewen-Apotheke24.webp\" \/>\n\t<meta property=\"og:image:width\" content=\"600\" \/>\n\t<meta property=\"og:image:height\" content=\"600\" \/>\n\t<meta property=\"og:image:type\" content=\"image\/webp\" \/>\n<meta name=\"twitter:card\" content=\"summary_large_image\" \/>\n<meta name=\"twitter:label1\" content=\"Gesch\u00e4tzte Lesezeit\" \/>\n\t<meta name=\"twitter:data1\" content=\"2\u00a0Minuten\" \/>\n<script type=\"application\/ld+json\" class=\"yoast-schema-graph\">{\"@context\":\"https:\/\/schema.org\",\"@graph\":[{\"@type\":\"WebPage\",\"@id\":\"https:\/\/www.loewen-apotheke24.com\/de\/shop\/angebot\/pascallerg-tabletten-100-st-07703644\/\",\"url\":\"https:\/\/www.loewen-apotheke24.com\/de\/shop\/angebot\/pascallerg-tabletten-100-st-07703644\/\",\"name\":\"Pascallerg Tabletten (100 St.) - g\u00fcnstig kaufen\",\"isPartOf\":{\"@id\":\"https:\/\/www.loewen-apotheke24.com\/de\/#website\"},\"datePublished\":\"2026-01-29T19:25:19+00:00\",\"dateModified\":\"2026-01-29T19:41:05+00:00\",\"description\":\"Spezialist f\u00fcr Naturheilkunde: Kurze Lieferzeit & Top Service. Pascallerg Tabletten (100 St.). Hom\u00f6opathisches Arzneimittel bei Erkrankungen der Atemwege.\",\"breadcrumb\":{\"@id\":\"https:\/\/www.loewen-apotheke24.com\/de\/shop\/angebot\/pascallerg-tabletten-100-st-07703644\/#breadcrumb\"},\"inLanguage\":\"de\",\"potentialAction\":[{\"@type\":\"ReadAction\",\"target\":[\"https:\/\/www.loewen-apotheke24.com\/de\/shop\/angebot\/pascallerg-tabletten-100-st-07703644\/\"]}]},{\"@type\":\"BreadcrumbList\",\"@id\":\"https:\/\/www.loewen-apotheke24.com\/de\/shop\/angebot\/pascallerg-tabletten-100-st-07703644\/#breadcrumb\",\"itemListElement\":[{\"@type\":\"ListItem\",\"position\":1,\"name\":\"Shop\",\"item\":\"https:\/\/www.loewen-apotheke24.com\/de\/shop\/\"},{\"@type\":\"ListItem\",\"position\":2,\"name\":\"Pascallerg Tabletten (100 St.)\"}]},{\"@type\":\"WebSite\",\"@id\":\"https:\/\/www.loewen-apotheke24.com\/de\/#website\",\"url\":\"https:\/\/www.loewen-apotheke24.com\/de\/\",\"name\":\"L\u00f6wen Apotheke24\",\"description\":\"Spezialist f\u00fcr Naturmedizin - Versandapotheke Baden-Baden\",\"publisher\":{\"@id\":\"https:\/\/www.loewen-apotheke24.com\/de\/#organization\"},\"potentialAction\":[{\"@type\":\"SearchAction\",\"target\":{\"@type\":\"EntryPoint\",\"urlTemplate\":\"https:\/\/www.loewen-apotheke24.com\/de\/?s={search_term_string}\"},\"query-input\":\"required name=search_term_string\"}],\"inLanguage\":\"de\"},{\"@type\":\"Organization\",\"@id\":\"https:\/\/www.loewen-apotheke24.com\/de\/#organization\",\"name\":\"L\u00f6wen Apotheke\",\"alternateName\":\"L\u00f6wen Apotheke\",\"url\":\"https:\/\/www.loewen-apotheke24.com\/de\/\",\"logo\":{\"@type\":\"ImageObject\",\"inLanguage\":\"de\",\"@id\":\"https:\/\/www.loewen-apotheke24.com\/de\/#\/schema\/logo\/image\/\",\"url\":\"https:\/\/www.loewen-apotheke24.com\/wp-content\/uploads\/2024\/02\/Logo-Loewen-Apotheke-700x700-1.png\",\"contentUrl\":\"https:\/\/www.loewen-apotheke24.com\/wp-content\/uploads\/2024\/02\/Logo-Loewen-Apotheke-700x700-1.png\",\"width\":700,\"height\":700,\"caption\":\"L\u00f6wen Apotheke\"},\"image\":{\"@id\":\"https:\/\/www.loewen-apotheke24.com\/de\/#\/schema\/logo\/image\/\"}}]}<\/script>\n<!-- \/ Yoast SEO Premium plugin. -->","yoast_head_json":{"title":"Pascallerg Tabletten (100 St.) - g\u00fcnstig kaufen","description":"Spezialist f\u00fcr Naturheilkunde: Kurze Lieferzeit & Top Service. Pascallerg Tabletten (100 St.). Hom\u00f6opathisches Arzneimittel bei Erkrankungen der Atemwege.","robots":{"index":"index","follow":"follow","max-snippet":"max-snippet:-1","max-image-preview":"max-image-preview:large","max-video-preview":"max-video-preview:-1"},"canonical":"https:\/\/www.loewen-apotheke24.com\/de\/shop\/angebot\/pascallerg-tabletten-100-st-07703644\/","og_locale":"de_DE","og_type":"article","og_title":"Pascallerg Tabletten (100 St.) - g\u00fcnstig kaufen","og_description":"Spezialist f\u00fcr Naturheilkunde: Kurze Lieferzeit & Top Service. Pascallerg Tabletten (100 St.). Hom\u00f6opathisches Arzneimittel bei Erkrankungen der Atemwege.","og_url":"https:\/\/www.loewen-apotheke24.com\/de\/shop\/angebot\/pascallerg-tabletten-100-st-07703644\/","og_site_name":"L\u00f6wen Apotheke24","article_modified_time":"2026-01-29T19:41:05+00:00","og_image":[{"width":600,"height":600,"url":"https:\/\/www.loewen-apotheke24.com\/wp-content\/uploads\/2026\/01\/Pascallerg-Tabletten-von-Pascoe-PZN-07703644-Loewen-Apotheke24.webp","type":"image\/webp"}],"twitter_card":"summary_large_image","twitter_misc":{"Gesch\u00e4tzte Lesezeit":"2\u00a0Minuten"},"schema":{"@context":"https:\/\/schema.org","@graph":[{"@type":"WebPage","@id":"https:\/\/www.loewen-apotheke24.com\/de\/shop\/angebot\/pascallerg-tabletten-100-st-07703644\/","url":"https:\/\/www.loewen-apotheke24.com\/de\/shop\/angebot\/pascallerg-tabletten-100-st-07703644\/","name":"Pascallerg Tabletten (100 St.) - g\u00fcnstig kaufen","isPartOf":{"@id":"https:\/\/www.loewen-apotheke24.com\/de\/#website"},"datePublished":"2026-01-29T19:25:19+00:00","dateModified":"2026-01-29T19:41:05+00:00","description":"Spezialist f\u00fcr Naturheilkunde: Kurze Lieferzeit & Top Service. Pascallerg Tabletten (100 St.). Hom\u00f6opathisches Arzneimittel bei Erkrankungen der Atemwege.","breadcrumb":{"@id":"https:\/\/www.loewen-apotheke24.com\/de\/shop\/angebot\/pascallerg-tabletten-100-st-07703644\/#breadcrumb"},"inLanguage":"de","potentialAction":[{"@type":"ReadAction","target":["https:\/\/www.loewen-apotheke24.com\/de\/shop\/angebot\/pascallerg-tabletten-100-st-07703644\/"]}]},{"@type":"BreadcrumbList","@id":"https:\/\/www.loewen-apotheke24.com\/de\/shop\/angebot\/pascallerg-tabletten-100-st-07703644\/#breadcrumb","itemListElement":[{"@type":"ListItem","position":1,"name":"Shop","item":"https:\/\/www.loewen-apotheke24.com\/de\/shop\/"},{"@type":"ListItem","position":2,"name":"Pascallerg Tabletten (100 St.)"}]},{"@type":"WebSite","@id":"https:\/\/www.loewen-apotheke24.com\/de\/#website","url":"https:\/\/www.loewen-apotheke24.com\/de\/","name":"L\u00f6wen Apotheke24","description":"Spezialist f\u00fcr Naturmedizin - Versandapotheke Baden-Baden","publisher":{"@id":"https:\/\/www.loewen-apotheke24.com\/de\/#organization"},"potentialAction":[{"@type":"SearchAction","target":{"@type":"EntryPoint","urlTemplate":"https:\/\/www.loewen-apotheke24.com\/de\/?s={search_term_string}"},"query-input":"required name=search_term_string"}],"inLanguage":"de"},{"@type":"Organization","@id":"https:\/\/www.loewen-apotheke24.com\/de\/#organization","name":"L\u00f6wen Apotheke","alternateName":"L\u00f6wen Apotheke","url":"https:\/\/www.loewen-apotheke24.com\/de\/","logo":{"@type":"ImageObject","inLanguage":"de","@id":"https:\/\/www.loewen-apotheke24.com\/de\/#\/schema\/logo\/image\/","url":"https:\/\/www.loewen-apotheke24.com\/wp-content\/uploads\/2024\/02\/Logo-Loewen-Apotheke-700x700-1.png","contentUrl":"https:\/\/www.loewen-apotheke24.com\/wp-content\/uploads\/2024\/02\/Logo-Loewen-Apotheke-700x700-1.png","width":700,"height":700,"caption":"L\u00f6wen Apotheke"},"image":{"@id":"https:\/\/www.loewen-apotheke24.com\/de\/#\/schema\/logo\/image\/"}}]}},"_links":{"self":[{"href":"https:\/\/www.loewen-apotheke24.com\/de\/wp-json\/wp\/v2\/product\/154683"}],"collection":[{"href":"https:\/\/www.loewen-apotheke24.com\/de\/wp-json\/wp\/v2\/product"}],"about":[{"href":"https:\/\/www.loewen-apotheke24.com\/de\/wp-json\/wp\/v2\/types\/product"}],"wp:featuredmedia":[{"embeddable":true,"href":"https:\/\/www.loewen-apotheke24.com\/de\/wp-json\/wp\/v2\/media\/154685"}],"wp:attachment":[{"href":"https:\/\/www.loewen-apotheke24.com\/de\/wp-json\/wp\/v2\/media?parent=154683"}],"wp:term":[{"taxonomy":"product_cat","embeddable":true,"href":"https:\/\/www.loewen-apotheke24.com\/de\/wp-json\/wp\/v2\/product_cat?post=154683"},{"taxonomy":"product_tag","embeddable":true,"href":"https:\/\/www.loewen-apotheke24.com\/de\/wp-json\/wp\/v2\/product_tag?post=154683"}],"curies":[{"name":"wp","href":"https:\/\/api.w.org\/{rel}","templated":true}]}}