{"id":155549,"date":"2026-02-08T08:15:50","date_gmt":"2026-02-08T07:15:50","guid":{"rendered":"https:\/\/www.loewen-apotheke24.com\/?post_type=product&#038;p=155549"},"modified":"2026-03-02T07:00:27","modified_gmt":"2026-03-02T06:00:27","slug":"lymphdiaral-injektopas-l-10x-2ml-00788407","status":"publish","type":"product","link":"https:\/\/www.loewen-apotheke24.com\/de\/shop\/angebot\/lymphdiaral-injektopas-l-10x-2ml-00788407\/","title":{"rendered":"Lymphdiaral Injektopas L (10x 2ml)"},"content":{"rendered":"<h3 style=\"text-align: left;\">Lymphdiaral Injektopas L<\/h3>\n<p>Lymphdiaral Injektopas L ist ein registriertes hom\u00f6opathisches Arzneimittel, daher ohne Angabe einer therapeutischen Indikation hom\u00f6opathisches Komplexmittel mit 5 pflanzlichen Wirkstoffen (Conium, Hydrastis, Phytolacca, Viscum album, Scilla).<\/p>\n<p>Das Pascoe-Portfolio umfasst rund 200 Produkte. Dazu geh\u00f6ren pflanzliche Arzneimittel, hochdosierte Vitaminpr\u00e4parate, hom\u00f6opathische Komplexmittel und Nahrungserg\u00e4nzungsmittel. Die Vielfalt der Arzneimittel ber\u00fccksichtigt die komplexen Anforderungen an Gesundheitsprodukte. Der Erfolg gibt uns auch international Recht: Unsere Produkte werden in mehr als 30 L\u00e4nder der Welt exportiert, Tendenz steigend.<\/p>\n<p>Packungsbeilage und Lebensmittelinformation (PDF):\u00a0 &#8211;<\/p>\n<p>Andere Kunden interessierten sich auch f\u00fcr Produkte zum Thema: <a href=\"https:\/\/www.loewen-apotheke24.com\/de\/product_tag\/naturheilmittel\/\" rel=\"tag\">Naturheilmittel<\/a> | <a href=\"https:\/\/www.loewen-apotheke24.com\/de\/product_tag\/vitamine-mineralien\/\" rel=\"tag\">Vitamine &amp; Mineralien<\/a>\u00a0| <a href=\"https:\/\/www.loewen-apotheke24.com\/de\/product_tag\/knochen-gelenke\/\" rel=\"tag\">Knochen &amp; Gelenke<\/a>,\u00a0<a href=\"https:\/\/www.loewen-apotheke24.com\/de\/product_tag\/muskel\/\" rel=\"tag\">Muskel<\/a><\/p>\n<p>Hinweis zur Anwendung und Einnahme: Die auf dieser Website bereitgestellten Informationen dienen ausschlie\u00dflich der allgemeinen Information und ersetzen nicht die fachliche Beratung, Diagnose oder Behandlung durch einen Arzt. Nahrungserg\u00e4nzungsmittel sind kein Ersatz f\u00fcr eine ausgewogene, abwechslungsreiche Ern\u00e4hrung und eine gesunde Lebensweise.<\/p>\n<p>Zu Risiken und Nebenwirkungen lesen Sie die Packungsbeilage und fragen Sie Ihre \u00c4rztin, Ihren Arzt oder in Ihrer Apotheke.<\/p>\n<h3 style=\"text-align: left;\">Rezept oder E-Rezept einl\u00f6sen:<\/h3>\n<p>Sie haben ein Rezept oder E-Rezept? Reichen Sie es bequem \u00fcber unsere\u00a0<a class=\"ProsemirrorEditor-link\" href=\"https:\/\/e-rezept-app.de\/shop-rezept\">E-Rezept<\/a>\u00a0App ein \u2013 auch Privatrezepte f\u00fcr Selbstzahler sind m\u00f6glich. Schnell, sicher und einfach.<\/p>\n<h3 class=\"TypographyPresentation TypographyPresentation--medium RichText3-paragraph--withVSpacingNormal RichText3-paragraph HighlightSol HighlightSol--buildingBlock\" style=\"text-align: left;\">Fragen zum Produkt? Wir sind f\u00fcr Sie da!<\/h3>\n<p class=\"TypographyPresentation TypographyPresentation--medium RichText3-paragraph--withVSpacingNormal RichText3-paragraph HighlightSol HighlightSol--buildingBlock\">Unsere verantwortliche Apothekerin\u00a0<strong>Dr. Sandra Hoff<\/strong>\u00a0und ihr Team beraten Sie gerne pers\u00f6nlich \u2013 telefonisch oder per E-Mail. Als\u00a0<strong>echte Apotheke vor Ort<\/strong>\u00a0und\u00a0<strong>zugelassene Versandapotheke<\/strong>\u00a0bieten wir Ihnen kompetente Unterst\u00fctzung, besonders in den Bereichen\u00a0<a href=\"https:\/\/www.loewen-apotheke24.com\/de\/product_tag\/naturheilmittel\/\">Naturheilkunde<\/a>\u00a0und\u00a0<a href=\"https:\/\/www.loewen-apotheke24.com\/de\/product_tag\/vitamine-mineralien-nahrungsergaenzung\/\">Nahrungserg\u00e4nzungsmittel<\/a>. Unsere Erlaubnis finden Sie als\u00a0<a href=\"https:\/\/versandhandel.dimdi.de\/websearch\/servlet\/Gate;jsessionid=0D29D15655BE1174E9178A340E8FE6BC?accessid=dimdi_var&amp;term=3c387956690121ccc8763184f052b93f\" target=\"_blank\" rel=\"noopener\">Eintrag im Versandhandelsregister.<\/a><\/p>\n","protected":false},"excerpt":{"rendered":"<h2 style=\"text-align: left;\">Lymphdiaral Injektopas L<\/h2>\n<p>om\u00f6opathisches Komplexmittel mit 5 pflanzlichen Wirkstoffen (Conium, Hydrastis, Phytolacca, Viscum album, Scilla).<\/p>\n<p><strong>PZN:<\/strong> 00788407 (Pharmazentralnummer)<\/p>\n<p><strong>Darreichungsform<\/strong>: Ampullen<\/p>\n<p><strong>Verordnungsart<\/strong>: Rezeptfrei<\/p>\n<p><strong>Hersteller<\/strong>: Pascoe pharmazeutische Pr\u00e4parate GmbH, Giessen, Deutschland<\/p>\n<p><strong>Packungsgr\u00f6\u00dfe<\/strong>: 10x 2 ml<\/p>\n","protected":false},"featured_media":155547,"template":"","meta":[],"product_cat":[13,965],"product_tag":[170,469],"yoast_head":"<!-- This site is optimized with the Yoast SEO Premium plugin v21.0 (Yoast SEO v21.0) - https:\/\/yoast.com\/wordpress\/plugins\/seo\/ -->\n<title>Lymphdiaral Injektopas L (10x 2ml) bestellen - schnelle Lieferung<\/title>\n<meta name=\"description\" content=\"Wie bieten: Top-Service, kurze Lieferzeit, versandkostenfrei ab 30 \u20ac. Lymphdiaral Injektopas L (10x 2ml) Injektionsl\u00f6sung von Pascoe. Vitamin B6 Ampullen.\" \/>\n<meta name=\"robots\" content=\"index, follow, max-snippet:-1, max-image-preview:large, max-video-preview:-1\" \/>\n<link rel=\"canonical\" href=\"https:\/\/www.loewen-apotheke24.com\/de\/shop\/angebot\/lymphdiaral-injektopas-l-10x-2ml-00788407\/\" \/>\n<meta property=\"og:locale\" content=\"de_DE\" \/>\n<meta property=\"og:type\" content=\"article\" \/>\n<meta property=\"og:title\" content=\"Lymphdiaral Injektopas L (10x 2ml) bestellen - schnelle Lieferung\" \/>\n<meta property=\"og:description\" content=\"Wie bieten: Top-Service, kurze Lieferzeit, versandkostenfrei ab 30 \u20ac. Lymphdiaral Injektopas L (10x 2ml) Injektionsl\u00f6sung von Pascoe. Vitamin B6 Ampullen.\" \/>\n<meta property=\"og:url\" content=\"https:\/\/www.loewen-apotheke24.com\/de\/shop\/angebot\/lymphdiaral-injektopas-l-10x-2ml-00788407\/\" \/>\n<meta property=\"og:site_name\" content=\"L\u00f6wen Apotheke24\" \/>\n<meta property=\"article:modified_time\" content=\"2026-03-02T06:00:27+00:00\" \/>\n<meta property=\"og:image\" content=\"https:\/\/www.loewen-apotheke24.com\/wp-content\/uploads\/2026\/02\/Lymphdiaral-Injektopas-L-Packshot-00788407.webp\" \/>\n\t<meta property=\"og:image:width\" content=\"600\" \/>\n\t<meta property=\"og:image:height\" content=\"600\" \/>\n\t<meta property=\"og:image:type\" content=\"image\/webp\" \/>\n<meta name=\"twitter:card\" content=\"summary_large_image\" \/>\n<meta name=\"twitter:label1\" content=\"Gesch\u00e4tzte Lesezeit\" \/>\n\t<meta name=\"twitter:data1\" content=\"2\u00a0Minuten\" \/>\n<script type=\"application\/ld+json\" class=\"yoast-schema-graph\">{\"@context\":\"https:\/\/schema.org\",\"@graph\":[{\"@type\":\"WebPage\",\"@id\":\"https:\/\/www.loewen-apotheke24.com\/de\/shop\/angebot\/lymphdiaral-injektopas-l-10x-2ml-00788407\/\",\"url\":\"https:\/\/www.loewen-apotheke24.com\/de\/shop\/angebot\/lymphdiaral-injektopas-l-10x-2ml-00788407\/\",\"name\":\"Lymphdiaral Injektopas L (10x 2ml) bestellen - schnelle Lieferung\",\"isPartOf\":{\"@id\":\"https:\/\/www.loewen-apotheke24.com\/de\/#website\"},\"datePublished\":\"2026-02-08T07:15:50+00:00\",\"dateModified\":\"2026-03-02T06:00:27+00:00\",\"description\":\"Wie bieten: Top-Service, kurze Lieferzeit, versandkostenfrei ab 30 \u20ac. Lymphdiaral Injektopas L (10x 2ml) Injektionsl\u00f6sung von Pascoe. Vitamin B6 Ampullen.\",\"breadcrumb\":{\"@id\":\"https:\/\/www.loewen-apotheke24.com\/de\/shop\/angebot\/lymphdiaral-injektopas-l-10x-2ml-00788407\/#breadcrumb\"},\"inLanguage\":\"de\",\"potentialAction\":[{\"@type\":\"ReadAction\",\"target\":[\"https:\/\/www.loewen-apotheke24.com\/de\/shop\/angebot\/lymphdiaral-injektopas-l-10x-2ml-00788407\/\"]}]},{\"@type\":\"BreadcrumbList\",\"@id\":\"https:\/\/www.loewen-apotheke24.com\/de\/shop\/angebot\/lymphdiaral-injektopas-l-10x-2ml-00788407\/#breadcrumb\",\"itemListElement\":[{\"@type\":\"ListItem\",\"position\":1,\"name\":\"Shop\",\"item\":\"https:\/\/www.loewen-apotheke24.com\/de\/shop\/\"},{\"@type\":\"ListItem\",\"position\":2,\"name\":\"Lymphdiaral Injektopas L (10x 2ml)\"}]},{\"@type\":\"WebSite\",\"@id\":\"https:\/\/www.loewen-apotheke24.com\/de\/#website\",\"url\":\"https:\/\/www.loewen-apotheke24.com\/de\/\",\"name\":\"L\u00f6wen Apotheke24\",\"description\":\"Spezialist f\u00fcr Naturmedizin - Versandapotheke Baden-Baden\",\"publisher\":{\"@id\":\"https:\/\/www.loewen-apotheke24.com\/de\/#organization\"},\"potentialAction\":[{\"@type\":\"SearchAction\",\"target\":{\"@type\":\"EntryPoint\",\"urlTemplate\":\"https:\/\/www.loewen-apotheke24.com\/de\/?s={search_term_string}\"},\"query-input\":\"required name=search_term_string\"}],\"inLanguage\":\"de\"},{\"@type\":\"Organization\",\"@id\":\"https:\/\/www.loewen-apotheke24.com\/de\/#organization\",\"name\":\"L\u00f6wen Apotheke\",\"alternateName\":\"L\u00f6wen Apotheke\",\"url\":\"https:\/\/www.loewen-apotheke24.com\/de\/\",\"logo\":{\"@type\":\"ImageObject\",\"inLanguage\":\"de\",\"@id\":\"https:\/\/www.loewen-apotheke24.com\/de\/#\/schema\/logo\/image\/\",\"url\":\"https:\/\/www.loewen-apotheke24.com\/wp-content\/uploads\/2024\/02\/Logo-Loewen-Apotheke-700x700-1.png\",\"contentUrl\":\"https:\/\/www.loewen-apotheke24.com\/wp-content\/uploads\/2024\/02\/Logo-Loewen-Apotheke-700x700-1.png\",\"width\":700,\"height\":700,\"caption\":\"L\u00f6wen Apotheke\"},\"image\":{\"@id\":\"https:\/\/www.loewen-apotheke24.com\/de\/#\/schema\/logo\/image\/\"}}]}<\/script>\n<!-- \/ Yoast SEO Premium plugin. -->","yoast_head_json":{"title":"Lymphdiaral Injektopas L (10x 2ml) bestellen - schnelle Lieferung","description":"Wie bieten: Top-Service, kurze Lieferzeit, versandkostenfrei ab 30 \u20ac. Lymphdiaral Injektopas L (10x 2ml) Injektionsl\u00f6sung von Pascoe. Vitamin B6 Ampullen.","robots":{"index":"index","follow":"follow","max-snippet":"max-snippet:-1","max-image-preview":"max-image-preview:large","max-video-preview":"max-video-preview:-1"},"canonical":"https:\/\/www.loewen-apotheke24.com\/de\/shop\/angebot\/lymphdiaral-injektopas-l-10x-2ml-00788407\/","og_locale":"de_DE","og_type":"article","og_title":"Lymphdiaral Injektopas L (10x 2ml) bestellen - schnelle Lieferung","og_description":"Wie bieten: Top-Service, kurze Lieferzeit, versandkostenfrei ab 30 \u20ac. Lymphdiaral Injektopas L (10x 2ml) Injektionsl\u00f6sung von Pascoe. Vitamin B6 Ampullen.","og_url":"https:\/\/www.loewen-apotheke24.com\/de\/shop\/angebot\/lymphdiaral-injektopas-l-10x-2ml-00788407\/","og_site_name":"L\u00f6wen Apotheke24","article_modified_time":"2026-03-02T06:00:27+00:00","og_image":[{"width":600,"height":600,"url":"https:\/\/www.loewen-apotheke24.com\/wp-content\/uploads\/2026\/02\/Lymphdiaral-Injektopas-L-Packshot-00788407.webp","type":"image\/webp"}],"twitter_card":"summary_large_image","twitter_misc":{"Gesch\u00e4tzte Lesezeit":"2\u00a0Minuten"},"schema":{"@context":"https:\/\/schema.org","@graph":[{"@type":"WebPage","@id":"https:\/\/www.loewen-apotheke24.com\/de\/shop\/angebot\/lymphdiaral-injektopas-l-10x-2ml-00788407\/","url":"https:\/\/www.loewen-apotheke24.com\/de\/shop\/angebot\/lymphdiaral-injektopas-l-10x-2ml-00788407\/","name":"Lymphdiaral Injektopas L (10x 2ml) bestellen - schnelle Lieferung","isPartOf":{"@id":"https:\/\/www.loewen-apotheke24.com\/de\/#website"},"datePublished":"2026-02-08T07:15:50+00:00","dateModified":"2026-03-02T06:00:27+00:00","description":"Wie bieten: Top-Service, kurze Lieferzeit, versandkostenfrei ab 30 \u20ac. Lymphdiaral Injektopas L (10x 2ml) Injektionsl\u00f6sung von Pascoe. Vitamin B6 Ampullen.","breadcrumb":{"@id":"https:\/\/www.loewen-apotheke24.com\/de\/shop\/angebot\/lymphdiaral-injektopas-l-10x-2ml-00788407\/#breadcrumb"},"inLanguage":"de","potentialAction":[{"@type":"ReadAction","target":["https:\/\/www.loewen-apotheke24.com\/de\/shop\/angebot\/lymphdiaral-injektopas-l-10x-2ml-00788407\/"]}]},{"@type":"BreadcrumbList","@id":"https:\/\/www.loewen-apotheke24.com\/de\/shop\/angebot\/lymphdiaral-injektopas-l-10x-2ml-00788407\/#breadcrumb","itemListElement":[{"@type":"ListItem","position":1,"name":"Shop","item":"https:\/\/www.loewen-apotheke24.com\/de\/shop\/"},{"@type":"ListItem","position":2,"name":"Lymphdiaral Injektopas L (10x 2ml)"}]},{"@type":"WebSite","@id":"https:\/\/www.loewen-apotheke24.com\/de\/#website","url":"https:\/\/www.loewen-apotheke24.com\/de\/","name":"L\u00f6wen Apotheke24","description":"Spezialist f\u00fcr Naturmedizin - Versandapotheke Baden-Baden","publisher":{"@id":"https:\/\/www.loewen-apotheke24.com\/de\/#organization"},"potentialAction":[{"@type":"SearchAction","target":{"@type":"EntryPoint","urlTemplate":"https:\/\/www.loewen-apotheke24.com\/de\/?s={search_term_string}"},"query-input":"required name=search_term_string"}],"inLanguage":"de"},{"@type":"Organization","@id":"https:\/\/www.loewen-apotheke24.com\/de\/#organization","name":"L\u00f6wen Apotheke","alternateName":"L\u00f6wen Apotheke","url":"https:\/\/www.loewen-apotheke24.com\/de\/","logo":{"@type":"ImageObject","inLanguage":"de","@id":"https:\/\/www.loewen-apotheke24.com\/de\/#\/schema\/logo\/image\/","url":"https:\/\/www.loewen-apotheke24.com\/wp-content\/uploads\/2024\/02\/Logo-Loewen-Apotheke-700x700-1.png","contentUrl":"https:\/\/www.loewen-apotheke24.com\/wp-content\/uploads\/2024\/02\/Logo-Loewen-Apotheke-700x700-1.png","width":700,"height":700,"caption":"L\u00f6wen Apotheke"},"image":{"@id":"https:\/\/www.loewen-apotheke24.com\/de\/#\/schema\/logo\/image\/"}}]}},"_links":{"self":[{"href":"https:\/\/www.loewen-apotheke24.com\/de\/wp-json\/wp\/v2\/product\/155549"}],"collection":[{"href":"https:\/\/www.loewen-apotheke24.com\/de\/wp-json\/wp\/v2\/product"}],"about":[{"href":"https:\/\/www.loewen-apotheke24.com\/de\/wp-json\/wp\/v2\/types\/product"}],"wp:featuredmedia":[{"embeddable":true,"href":"https:\/\/www.loewen-apotheke24.com\/de\/wp-json\/wp\/v2\/media\/155547"}],"wp:attachment":[{"href":"https:\/\/www.loewen-apotheke24.com\/de\/wp-json\/wp\/v2\/media?parent=155549"}],"wp:term":[{"taxonomy":"product_cat","embeddable":true,"href":"https:\/\/www.loewen-apotheke24.com\/de\/wp-json\/wp\/v2\/product_cat?post=155549"},{"taxonomy":"product_tag","embeddable":true,"href":"https:\/\/www.loewen-apotheke24.com\/de\/wp-json\/wp\/v2\/product_tag?post=155549"}],"curies":[{"name":"wp","href":"https:\/\/api.w.org\/{rel}","templated":true}]}}