{"id":157127,"date":"2026-02-24T19:52:41","date_gmt":"2026-02-24T18:52:41","guid":{"rendered":"https:\/\/www.loewen-apotheke24.com\/?post_type=product&#038;p=157127"},"modified":"2026-03-16T06:24:37","modified_gmt":"2026-03-16T05:24:37","slug":"crataegutt-450-mg-herz-kreislauf-tabletten-100-14064535","status":"publish","type":"product","link":"https:\/\/www.loewen-apotheke24.com\/de\/shop\/angebot\/crataegutt-450-mg-herz-kreislauf-tabletten-100-14064535\/","title":{"rendered":"Crataegutt 450 mg Herz-Kreislauf Tabletten (100 St.)"},"content":{"rendered":"<h2 style=\"text-align: left;\">Crataegutt 450 mg Herz-Kreislauf Tabletten<\/h2>\n<p>Crataegutt 450 mg Herz-Kreislauf-Tabletten sind gut vertr\u00e4gliche pflanzliche Arzneimittel zur Unterst\u00fctzung der Herz-Kreislauf-Funktion. Sie enthalten den Wei\u00dfdorn-Spezialextrakt WS\u00ae 1442 aus Wei\u00dfdornbl\u00e4ttern und -bl\u00fcten. Dieser unterst\u00fctzt Ihr Herz-Kreislauf-System, indem er die Pumpkraft des Herzens st\u00e4rkt und die Gef\u00e4\u00dfe elastisch h\u00e4lt. So kann das Blut leichter durch den K\u00f6rper flie\u00dfen und den Organismus mit Sauerstoff versorgen.<\/p>\n<p><span class=\"brand-color-cke\"><strong>Pflanzliche Unterst\u00fctzung f\u00fcr Herz und Kreislauf.<\/strong><\/span><\/p>\n<ul class=\"check\">\n<li>St\u00e4rkt die Pumpkraft des Herzens<\/li>\n<li>H\u00e4lt die Gef\u00e4\u00dfe elastisch<\/li>\n<li>F\u00fcr mehr Leistung<\/li>\n<li>Pflanzlich und gut vertr\u00e4glich<\/li>\n<\/ul>\n<p>Die Dr. Willmar Schwabe GmbH &amp; Co. KG ist das Mutterunternehmen der Schwabe-Gruppe und wird auch als Unternehmensgruppe Schwabe oder Schwabe-Konzern bezeichnet. Das Pharmaunternehmen wurde 1865 in Leipzig gegr\u00fcndet. Der Hauptsitz wurde 1946 nach Karlsruhe verlegt. Schwerpunkt des Konzerns ist die Gesundheits- und die pharmazeutische Industrie mit einer Spezialisierung auf Heilpflanzenkunde und Hom\u00f6opathie beruhende Fertigarzneimittel, den Phytopharmaka bzw. Hom\u00f6opathika, Nahrungserg\u00e4nzungsmittel heilpflanzlichen Ursprungs sowie Zusatzleistungen f\u00fcr eine ganzheitliche Gesundheitsvorsorge und Selbsthilfe, wie z. B. Trainingsprogramme f\u00fcr mentale und k\u00f6rperliche Fitness. Dazu geh\u00f6ren u.a. die Marken Tebonin, Umckaloabo.<\/p>\n<p>Andere Produkte von\u00a0<a href=\"https:\/\/www.loewen-apotheke24.com\/de\/product_cat\/schwabe\/\">Dr. Schwabe bei uns im Sortiment<\/a><br \/>\nWeitere Produktdetails zu Crataegutt 450 mg finden Sie beim Hersteller: <a href=\"https:\/\/www.crataegutt.de\/produkte\/crataegutt-tabletten\" target=\"_blank\" rel=\"noopener\">Informationen zum Produkt und\u00a0Hersteller Dr. Schwabe<\/a><br \/>\nAndere Kunden interessierten sich auch f\u00fcr Produkte zum Thema:\u00a0 <a href=\"https:\/\/www.loewen-apotheke24.com\/de\/product_tag\/vital\/\">Vitalit\u00e4t, Leistungseinbu\u00dfen &amp; Vergesslichkeit<\/a> | <a href=\"https:\/\/www.loewen-apotheke24.com\/de\/product_tag\/herz\/\">Herz- Kreislauf<\/a><\/p>\n<p>Informationen auf dieser Website werden ausschlie\u00dflich f\u00fcr informative Zwecke zur Verf\u00fcgung gestellt. Sie ersetzen keinesfalls die Untersuchung und Behandlung durch einen Arzt. Bitte beachten Sie, dass hierdurch weder Diagnosen gestellt noch Therapien eingeleitet werden k\u00f6nnen.<\/p>\n<p>Zu Risiken und Nebenwirkungen lesen Sie die Packungsbeilage und fragen Sie Ihren Arzt oder Apotheker.<\/p>\n","protected":false},"excerpt":{"rendered":"<div class=\"rating__wrap\">\n<h2 style=\"text-align: left;\">Crataegutt 450 mg Herz-Kreislauf Tabletten<\/h2>\n<p>Crataegutt 450 mg Herz-Kreislauf Tabletten &#8211; pflanzliche Arzneimittel zur Unterst\u00fctzung der Herz-Kreislauf-Funktion.<\/p>\n<p><strong>PZN<\/strong>: 14064535 (Pharmazentralnummer)<\/p>\n<p><strong>Darreichungsform<\/strong>: Filmtabletten &#8211; 100 St\u00fcck<\/p>\n<p><strong>Verordnungsart<\/strong>: Rezeptfrei<\/p>\n<p><strong>Marke<\/strong>: Crataegutt\u00ae<\/p>\n<p><strong>Hersteller<\/strong>: Dr.Willmar Schwabe GmbH &amp; Co.KG, Karlsruhe, Deutschland<\/p>\n<\/div>\n","protected":false},"featured_media":157129,"template":"","meta":[],"product_cat":[13,358],"product_tag":[266,359,200,964,170,360,362],"yoast_head":"<!-- This site is optimized with the Yoast SEO Premium plugin v21.0 (Yoast SEO v21.0) - https:\/\/yoast.com\/wordpress\/plugins\/seo\/ -->\n<title>CRATAEGUTT 450 mg Herz-Kreislauf-Tabletten - 200 St.<\/title>\n<meta name=\"description\" content=\"L\u00f6wen Apotheke24 - Spezialist f\u00fcr Naturheilkunde - kurze Lieferzeit - gratis Lieferung ab 30 \u20ac - Dr.W. Schwabe - Crataegutt 450 mg Herz-Kreislauf-Tabletten\" \/>\n<meta name=\"robots\" content=\"index, follow, max-snippet:-1, max-image-preview:large, max-video-preview:-1\" \/>\n<link rel=\"canonical\" href=\"https:\/\/www.loewen-apotheke24.com\/de\/shop\/angebot\/crataegutt-450-mg-herz-kreislauf-tabletten-100-14064535\/\" \/>\n<meta property=\"og:locale\" content=\"de_DE\" \/>\n<meta property=\"og:type\" content=\"article\" \/>\n<meta property=\"og:title\" content=\"CRATAEGUTT 450 mg Herz-Kreislauf-Tabletten - 200 St.\" \/>\n<meta property=\"og:description\" content=\"L\u00f6wen Apotheke24 - Spezialist f\u00fcr Naturheilkunde - kurze Lieferzeit - gratis Lieferung ab 30 \u20ac - Dr.W. Schwabe - Crataegutt 450 mg Herz-Kreislauf-Tabletten\" \/>\n<meta property=\"og:url\" content=\"https:\/\/www.loewen-apotheke24.com\/de\/shop\/angebot\/crataegutt-450-mg-herz-kreislauf-tabletten-100-14064535\/\" \/>\n<meta property=\"og:site_name\" content=\"L\u00f6wen Apotheke24\" \/>\n<meta property=\"article:modified_time\" content=\"2026-03-16T05:24:37+00:00\" \/>\n<meta property=\"og:image\" content=\"https:\/\/www.loewen-apotheke24.com\/wp-content\/uploads\/2026\/02\/Crataegutt-450-mg-Herz-Kreislauf-Tabletten.webp\" \/>\n\t<meta property=\"og:image:width\" content=\"600\" \/>\n\t<meta property=\"og:image:height\" content=\"600\" \/>\n\t<meta property=\"og:image:type\" content=\"image\/webp\" \/>\n<meta name=\"twitter:card\" content=\"summary_large_image\" \/>\n<meta name=\"twitter:label1\" content=\"Gesch\u00e4tzte Lesezeit\" \/>\n\t<meta name=\"twitter:data1\" content=\"2\u00a0Minuten\" \/>\n<script type=\"application\/ld+json\" class=\"yoast-schema-graph\">{\"@context\":\"https:\/\/schema.org\",\"@graph\":[{\"@type\":\"WebPage\",\"@id\":\"https:\/\/www.loewen-apotheke24.com\/de\/shop\/angebot\/crataegutt-450-mg-herz-kreislauf-tabletten-100-14064535\/\",\"url\":\"https:\/\/www.loewen-apotheke24.com\/de\/shop\/angebot\/crataegutt-450-mg-herz-kreislauf-tabletten-100-14064535\/\",\"name\":\"CRATAEGUTT 450 mg Herz-Kreislauf-Tabletten - 200 St.\",\"isPartOf\":{\"@id\":\"https:\/\/www.loewen-apotheke24.com\/de\/#website\"},\"datePublished\":\"2026-02-24T18:52:41+00:00\",\"dateModified\":\"2026-03-16T05:24:37+00:00\",\"description\":\"L\u00f6wen Apotheke24 - Spezialist f\u00fcr Naturheilkunde - kurze Lieferzeit - gratis Lieferung ab 30 \u20ac - Dr.W. Schwabe - Crataegutt 450 mg Herz-Kreislauf-Tabletten\",\"breadcrumb\":{\"@id\":\"https:\/\/www.loewen-apotheke24.com\/de\/shop\/angebot\/crataegutt-450-mg-herz-kreislauf-tabletten-100-14064535\/#breadcrumb\"},\"inLanguage\":\"de\",\"potentialAction\":[{\"@type\":\"ReadAction\",\"target\":[\"https:\/\/www.loewen-apotheke24.com\/de\/shop\/angebot\/crataegutt-450-mg-herz-kreislauf-tabletten-100-14064535\/\"]}]},{\"@type\":\"BreadcrumbList\",\"@id\":\"https:\/\/www.loewen-apotheke24.com\/de\/shop\/angebot\/crataegutt-450-mg-herz-kreislauf-tabletten-100-14064535\/#breadcrumb\",\"itemListElement\":[{\"@type\":\"ListItem\",\"position\":1,\"name\":\"Shop\",\"item\":\"https:\/\/www.loewen-apotheke24.com\/de\/shop\/\"},{\"@type\":\"ListItem\",\"position\":2,\"name\":\"Crataegutt 450 mg Herz-Kreislauf Tabletten (100 St.)\"}]},{\"@type\":\"WebSite\",\"@id\":\"https:\/\/www.loewen-apotheke24.com\/de\/#website\",\"url\":\"https:\/\/www.loewen-apotheke24.com\/de\/\",\"name\":\"L\u00f6wen Apotheke24\",\"description\":\"Spezialist f\u00fcr Naturmedizin - Versandapotheke Baden-Baden\",\"publisher\":{\"@id\":\"https:\/\/www.loewen-apotheke24.com\/de\/#organization\"},\"potentialAction\":[{\"@type\":\"SearchAction\",\"target\":{\"@type\":\"EntryPoint\",\"urlTemplate\":\"https:\/\/www.loewen-apotheke24.com\/de\/?s={search_term_string}\"},\"query-input\":\"required name=search_term_string\"}],\"inLanguage\":\"de\"},{\"@type\":\"Organization\",\"@id\":\"https:\/\/www.loewen-apotheke24.com\/de\/#organization\",\"name\":\"L\u00f6wen Apotheke\",\"alternateName\":\"L\u00f6wen Apotheke\",\"url\":\"https:\/\/www.loewen-apotheke24.com\/de\/\",\"logo\":{\"@type\":\"ImageObject\",\"inLanguage\":\"de\",\"@id\":\"https:\/\/www.loewen-apotheke24.com\/de\/#\/schema\/logo\/image\/\",\"url\":\"https:\/\/www.loewen-apotheke24.com\/wp-content\/uploads\/2024\/02\/Logo-Loewen-Apotheke-700x700-1.png\",\"contentUrl\":\"https:\/\/www.loewen-apotheke24.com\/wp-content\/uploads\/2024\/02\/Logo-Loewen-Apotheke-700x700-1.png\",\"width\":700,\"height\":700,\"caption\":\"L\u00f6wen Apotheke\"},\"image\":{\"@id\":\"https:\/\/www.loewen-apotheke24.com\/de\/#\/schema\/logo\/image\/\"}}]}<\/script>\n<!-- \/ Yoast SEO Premium plugin. -->","yoast_head_json":{"title":"CRATAEGUTT 450 mg Herz-Kreislauf-Tabletten - 200 St.","description":"L\u00f6wen Apotheke24 - Spezialist f\u00fcr Naturheilkunde - kurze Lieferzeit - gratis Lieferung ab 30 \u20ac - Dr.W. Schwabe - Crataegutt 450 mg Herz-Kreislauf-Tabletten","robots":{"index":"index","follow":"follow","max-snippet":"max-snippet:-1","max-image-preview":"max-image-preview:large","max-video-preview":"max-video-preview:-1"},"canonical":"https:\/\/www.loewen-apotheke24.com\/de\/shop\/angebot\/crataegutt-450-mg-herz-kreislauf-tabletten-100-14064535\/","og_locale":"de_DE","og_type":"article","og_title":"CRATAEGUTT 450 mg Herz-Kreislauf-Tabletten - 200 St.","og_description":"L\u00f6wen Apotheke24 - Spezialist f\u00fcr Naturheilkunde - kurze Lieferzeit - gratis Lieferung ab 30 \u20ac - Dr.W. Schwabe - Crataegutt 450 mg Herz-Kreislauf-Tabletten","og_url":"https:\/\/www.loewen-apotheke24.com\/de\/shop\/angebot\/crataegutt-450-mg-herz-kreislauf-tabletten-100-14064535\/","og_site_name":"L\u00f6wen Apotheke24","article_modified_time":"2026-03-16T05:24:37+00:00","og_image":[{"width":600,"height":600,"url":"https:\/\/www.loewen-apotheke24.com\/wp-content\/uploads\/2026\/02\/Crataegutt-450-mg-Herz-Kreislauf-Tabletten.webp","type":"image\/webp"}],"twitter_card":"summary_large_image","twitter_misc":{"Gesch\u00e4tzte Lesezeit":"2\u00a0Minuten"},"schema":{"@context":"https:\/\/schema.org","@graph":[{"@type":"WebPage","@id":"https:\/\/www.loewen-apotheke24.com\/de\/shop\/angebot\/crataegutt-450-mg-herz-kreislauf-tabletten-100-14064535\/","url":"https:\/\/www.loewen-apotheke24.com\/de\/shop\/angebot\/crataegutt-450-mg-herz-kreislauf-tabletten-100-14064535\/","name":"CRATAEGUTT 450 mg Herz-Kreislauf-Tabletten - 200 St.","isPartOf":{"@id":"https:\/\/www.loewen-apotheke24.com\/de\/#website"},"datePublished":"2026-02-24T18:52:41+00:00","dateModified":"2026-03-16T05:24:37+00:00","description":"L\u00f6wen Apotheke24 - Spezialist f\u00fcr Naturheilkunde - kurze Lieferzeit - gratis Lieferung ab 30 \u20ac - Dr.W. Schwabe - Crataegutt 450 mg Herz-Kreislauf-Tabletten","breadcrumb":{"@id":"https:\/\/www.loewen-apotheke24.com\/de\/shop\/angebot\/crataegutt-450-mg-herz-kreislauf-tabletten-100-14064535\/#breadcrumb"},"inLanguage":"de","potentialAction":[{"@type":"ReadAction","target":["https:\/\/www.loewen-apotheke24.com\/de\/shop\/angebot\/crataegutt-450-mg-herz-kreislauf-tabletten-100-14064535\/"]}]},{"@type":"BreadcrumbList","@id":"https:\/\/www.loewen-apotheke24.com\/de\/shop\/angebot\/crataegutt-450-mg-herz-kreislauf-tabletten-100-14064535\/#breadcrumb","itemListElement":[{"@type":"ListItem","position":1,"name":"Shop","item":"https:\/\/www.loewen-apotheke24.com\/de\/shop\/"},{"@type":"ListItem","position":2,"name":"Crataegutt 450 mg Herz-Kreislauf Tabletten (100 St.)"}]},{"@type":"WebSite","@id":"https:\/\/www.loewen-apotheke24.com\/de\/#website","url":"https:\/\/www.loewen-apotheke24.com\/de\/","name":"L\u00f6wen Apotheke24","description":"Spezialist f\u00fcr Naturmedizin - Versandapotheke Baden-Baden","publisher":{"@id":"https:\/\/www.loewen-apotheke24.com\/de\/#organization"},"potentialAction":[{"@type":"SearchAction","target":{"@type":"EntryPoint","urlTemplate":"https:\/\/www.loewen-apotheke24.com\/de\/?s={search_term_string}"},"query-input":"required name=search_term_string"}],"inLanguage":"de"},{"@type":"Organization","@id":"https:\/\/www.loewen-apotheke24.com\/de\/#organization","name":"L\u00f6wen Apotheke","alternateName":"L\u00f6wen Apotheke","url":"https:\/\/www.loewen-apotheke24.com\/de\/","logo":{"@type":"ImageObject","inLanguage":"de","@id":"https:\/\/www.loewen-apotheke24.com\/de\/#\/schema\/logo\/image\/","url":"https:\/\/www.loewen-apotheke24.com\/wp-content\/uploads\/2024\/02\/Logo-Loewen-Apotheke-700x700-1.png","contentUrl":"https:\/\/www.loewen-apotheke24.com\/wp-content\/uploads\/2024\/02\/Logo-Loewen-Apotheke-700x700-1.png","width":700,"height":700,"caption":"L\u00f6wen Apotheke"},"image":{"@id":"https:\/\/www.loewen-apotheke24.com\/de\/#\/schema\/logo\/image\/"}}]}},"_links":{"self":[{"href":"https:\/\/www.loewen-apotheke24.com\/de\/wp-json\/wp\/v2\/product\/157127"}],"collection":[{"href":"https:\/\/www.loewen-apotheke24.com\/de\/wp-json\/wp\/v2\/product"}],"about":[{"href":"https:\/\/www.loewen-apotheke24.com\/de\/wp-json\/wp\/v2\/types\/product"}],"wp:featuredmedia":[{"embeddable":true,"href":"https:\/\/www.loewen-apotheke24.com\/de\/wp-json\/wp\/v2\/media\/157129"}],"wp:attachment":[{"href":"https:\/\/www.loewen-apotheke24.com\/de\/wp-json\/wp\/v2\/media?parent=157127"}],"wp:term":[{"taxonomy":"product_cat","embeddable":true,"href":"https:\/\/www.loewen-apotheke24.com\/de\/wp-json\/wp\/v2\/product_cat?post=157127"},{"taxonomy":"product_tag","embeddable":true,"href":"https:\/\/www.loewen-apotheke24.com\/de\/wp-json\/wp\/v2\/product_tag?post=157127"}],"curies":[{"name":"wp","href":"https:\/\/api.w.org\/{rel}","templated":true}]}}