{"id":157322,"date":"2026-02-26T11:58:50","date_gmt":"2026-02-26T10:58:50","guid":{"rendered":"https:\/\/www.loewen-apotheke24.com\/?post_type=product&#038;p=157322"},"modified":"2026-04-15T19:10:13","modified_gmt":"2026-04-15T18:10:13","slug":"wobenzym-tabletten-2x-200-st-doppelpack","status":"publish","type":"product","link":"https:\/\/www.loewen-apotheke24.com\/de\/shop\/angebot\/wobenzym-tabletten-2x-200-st-doppelpack\/","title":{"rendered":"WOBENZYM Tabletten 2x 200 St. (Doppelpack)"},"content":{"rendered":"<h3 style=\"text-align: left;\">WOBENZYM Tabletten &#8211; magensaftresistente Tabletten<\/h3>\n<p>Wobenzym Tabletten bei Gelenk- und Muskelbeschwerden durch Verletzungen oder Arthrose. Die spezielle Enzymkombination in Wobenzym bei Beschwerden, deren Ursache auf einen entz\u00fcndlichen Prozess zur\u00fcckzuf\u00fchren ist. Im Gegensatz zu herk\u00f6mmlichen antirheumatischen und entz\u00fcndungshemmenden Mitteln beschleunigt Wobenzym den Selbstheilungsprozess des K\u00f6rpers, statt die Entz\u00fcndung einfach nur zu unterdr\u00fccken.<\/p>\n<p>Wobenzym hilft so gegen Schmerzen, Schwellungen und Entz\u00fcndungen.\u00a0Die enthaltenen Enzyme sind nat\u00fcrlichen Ursprungs und aktivieren die k\u00f6rpereigenen Heilungsprozesse.<\/p>\n<p>Zur <a href=\"https:\/\/www.loewen-apotheke24.com\/de\/wobenzym-bei-entzuendungen-zur-aktiven-unterstuetzung\/\">aktiven Unterst\u00fctzung des Immunsystems<\/a>.<\/p>\n<p>Wie funktioniert die Enzymtherapie von Wobenzym?<\/p>\n<p>Damit der \u00dcberschuss an Entz\u00fcndungsbotenstoffen im K\u00f6rper abgefangen werden kann, m\u00fcssen die Enzyme in den K\u00f6rper aufgenommen werden. Das geschieht \u00fcber die Darmschleimhaut. Nach der Resorption (Aufnahme) binden die Enzyme an das im Blut vorkommende alpha-2-Makroglobulin. Das ist ein Protein, das von speziellen Immunzellen, den sogenannten Makrophagen, im Zuge einer Immunantwort gebildet wird.<\/p>\n<p>Durch die Bindung der Enzyme an das alpha-2-Makroglobulin ver\u00e4ndert sich dessen r\u00e4umliche Struktur und geht in seine aktive Form \u00fcber. Dadurch ist das aktivierte Molek\u00fcl in der Lage \u00fcbersch\u00fcssige Zytokine zu binden und abzutransportieren. Die systematische Enzymtherapie von Wobenzym nutzt diesen Mechanismus, um das Gleichgewicht zwischen den Zytokinen (entz\u00fcndungsf\u00f6rdernd und entz\u00fcndungshemmend) wieder herzustellen und so den Heilungsprozess zu beschleunigen.<\/p>\n<p>Enzyme, die bei Entz\u00fcndungen eingesetzt werden, unterdr\u00fccken also nicht die Entz\u00fcndungsreaktion, sondern unterst\u00fctzen und beschleunigen den nat\u00fcrlichen Vorgang und Ablauf der Immun- und Entz\u00fcndungsreaktion. Die Selbstheilungskr\u00e4fte werden angeregt und die Schmerzursache direkt bek\u00e4mpft. Siehe auch &#8222;<a href=\"https:\/\/www.loewen-apotheke24.com\/de\/wobenzym\/\">So wirkt Wobenzym<\/a>&#8220; und auch &#8222;<a href=\"https:\/\/www.loewen-apotheke24.com\/de\/woran-erkenne-ich-qualitaet-bei-pflanzlichen-arzneimitteln\/\">Woran erkenne ich die Qualit\u00e4t bei pflanzlichen Arzneimitteln<\/a>&#8222;.<\/p>\n<p>Die besondere Enzymkraft des Arzneimittels geht an die Entz\u00fcndung als Ursache der Schmerzen und f\u00f6rdert die Heilung auf nat\u00fcrliche Weise. Es hilft Ihnen, das Leben auf nat\u00fcrliche Weise aktiv zu gestalten und zu genie\u00dfen. Nahrungserg\u00e4nzungsmittel sind kein Ersatz f\u00fcr eine abwechslungsreiche und ausgewogene Ern\u00e4hrung oder eine gesunde Lebensweise. \u00dcberschreiten Sie nicht die empfohlene Tagesdosis.<\/p>\n<p>Weitere Produktdetails beim <a href=\"https:\/\/www.wobenzym.de\/\" target=\"_blank\" rel=\"noopener\">Hersteller<\/a>.<\/p>\n<p>Andere Kunden interessierten sich auch f\u00fcr Produkte zum Thema: \u00a0<a href=\"https:\/\/www.loewen-apotheke24.com\/de\/product_tag\/entzuendung\/\" rel=\"tag\">Entz\u00fcndung<\/a>,\u00a0<a href=\"https:\/\/www.loewen-apotheke24.com\/de\/product_tag\/enzyme\/\" rel=\"tag\">Enzyme<\/a> | <a href=\"https:\/\/www.loewen-apotheke24.com\/de\/product_tag\/vitamine-mineralien\/\" rel=\"tag\">Vitamine &amp; Mineralien<\/a> | <a href=\"https:\/\/www.loewen-apotheke24.com\/de\/product_tag\/muskeln\/\" rel=\"tag\">Muskeln, Knochen &amp; Gelenke<\/a><\/p>\n<p>Informationen auf dieser Website werden ausschlie\u00dflich f\u00fcr informative Zwecke zur Verf\u00fcgung gestellt. Sie ersetzen keinesfalls die Untersuchung und Behandlung durch einen Arzt. Bitte beachten Sie, dass hierdurch weder Diagnosen gestellt noch Therapien eingeleitet werden k\u00f6nnen.<\/p>\n<p>Zu Risiken und Nebenwirkungen lesen Sie die Packungsbeilage und fragen Sie Ihren Arzt oder Apotheker.<\/p>\n<p class=\"TypographyPresentation TypographyPresentation--medium RichText3-paragraph--withVSpacingNormal RichText3-paragraph HighlightSol HighlightSol--buildingBlock\"><strong>Fragen zum Produkt? Wir sind f\u00fcr Sie da!<\/strong><\/p>\n<p class=\"TypographyPresentation TypographyPresentation--medium RichText3-paragraph--withVSpacingNormal RichText3-paragraph HighlightSol HighlightSol--buildingBlock\">Unsere verantwortliche Apothekerin\u00a0<strong>Dr. Sandra Hoff<\/strong>\u00a0und ihr Team beraten Sie gerne pers\u00f6nlich \u2013 telefonisch oder per E-Mail. Als\u00a0<strong>echte Apotheke vor Ort<\/strong>\u00a0und\u00a0<strong>zugelassene Versandapotheke<\/strong>\u00a0bieten wir Ihnen kompetente Unterst\u00fctzung, besonders in den Bereichen\u00a0<a href=\"https:\/\/www.loewen-apotheke24.com\/de\/product_tag\/naturheilmittel\/\"><strong>Naturheilkunde<\/strong><\/a>\u00a0und\u00a0<a href=\"https:\/\/www.loewen-apotheke24.com\/de\/product_tag\/vitamine-mineralien-nahrungsergaenzung\/\"><strong>Nahrungserg\u00e4nzungsmittel<\/strong><\/a>.<br \/>\n<a href=\"https:\/\/versandhandel.dimdi.de\/websearch\/servlet\/Gate;jsessionid=0D29D15655BE1174E9178A340E8FE6BC?accessid=dimdi_var&amp;term=3c387956690121ccc8763184f052b93f\" target=\"_blank\" rel=\"noopener\">Zum Eintrag im Versandhandelsregister<\/a><\/p>\n","protected":false},"excerpt":{"rendered":"<h2>WOBENZYM magensaftresistente Tabletten<\/h2>\n<p>WOBENZYM magensaftresistente Tabletten zur unterst\u00fctzenden Behandlung von Erwachsenen bei Schwellungen, Entz\u00fcndungen oder Schmerzen. Zur Unterst\u00fctzung des Immunsystems.<\/p>\n<p><strong>PZN<\/strong>: 13751848 (Pharmazentralnummer)<\/p>\n<p><strong>Darreichungsform<\/strong>: Tabletten<\/p>\n<p><strong>Verordnungsart<\/strong>: Rezeptfrei<\/p>\n<p><strong>Marke<\/strong>: WOBENZYM<\/p>\n<p><strong>Hersteller<\/strong>:\u00a0 MUCOS Pharma GmbH &amp; Co. KG<\/p>\n<p><strong>Packungsgr\u00f6\u00dfe<\/strong>: 2x 200 St\u00fcck<\/p>\n","protected":false},"featured_media":157338,"template":"","meta":[],"product_cat":[13,43,1011,413],"product_tag":[254,988,215,473,214,469],"yoast_head":"<!-- This site is optimized with the Yoast SEO Premium plugin v21.0 (Yoast SEO v21.0) - https:\/\/yoast.com\/wordpress\/plugins\/seo\/ -->\n<title>WOBENZYM Tabletten 2x 200 St. (Doppelpack) - g\u00fcnstig kaufen<\/title>\n<meta name=\"description\" content=\"Wobenzym Tabletten bei Entz\u00fcndungen, Verletzungen &amp; Muskelbeschwerden. Wir bieten: Top-Service &amp; kurze Lieferzeit - Im Doppelpack Top-Preis sichern!\" \/>\n<meta name=\"robots\" content=\"index, follow, max-snippet:-1, max-image-preview:large, max-video-preview:-1\" \/>\n<link rel=\"canonical\" href=\"https:\/\/www.loewen-apotheke24.com\/de\/shop\/angebot\/wobenzym-tabletten-2x-200-st-doppelpack\/\" \/>\n<meta property=\"og:locale\" content=\"de_DE\" \/>\n<meta property=\"og:type\" content=\"article\" \/>\n<meta property=\"og:title\" content=\"WOBENZYM Tabletten 2x 200 St. (Doppelpack) - g\u00fcnstig kaufen\" \/>\n<meta property=\"og:description\" content=\"Wobenzym Tabletten bei Entz\u00fcndungen, Verletzungen &amp; Muskelbeschwerden. Wir bieten: Top-Service &amp; kurze Lieferzeit - Im Doppelpack Top-Preis sichern!\" \/>\n<meta property=\"og:url\" content=\"https:\/\/www.loewen-apotheke24.com\/de\/shop\/angebot\/wobenzym-tabletten-2x-200-st-doppelpack\/\" \/>\n<meta property=\"og:site_name\" content=\"L\u00f6wen Apotheke24\" \/>\n<meta property=\"article:modified_time\" content=\"2026-04-15T18:10:13+00:00\" \/>\n<meta property=\"og:image\" content=\"https:\/\/www.loewen-apotheke24.com\/wp-content\/uploads\/2026\/02\/Wobenzym-Tabletten-200-St.-PZN-13751848-doppelpack.webp\" \/>\n\t<meta property=\"og:image:width\" content=\"600\" \/>\n\t<meta property=\"og:image:height\" content=\"600\" \/>\n\t<meta property=\"og:image:type\" content=\"image\/webp\" \/>\n<meta name=\"twitter:card\" content=\"summary_large_image\" \/>\n<meta name=\"twitter:label1\" content=\"Gesch\u00e4tzte Lesezeit\" \/>\n\t<meta name=\"twitter:data1\" content=\"3\u00a0Minuten\" \/>\n<script type=\"application\/ld+json\" class=\"yoast-schema-graph\">{\"@context\":\"https:\/\/schema.org\",\"@graph\":[{\"@type\":\"WebPage\",\"@id\":\"https:\/\/www.loewen-apotheke24.com\/de\/shop\/angebot\/wobenzym-tabletten-2x-200-st-doppelpack\/\",\"url\":\"https:\/\/www.loewen-apotheke24.com\/de\/shop\/angebot\/wobenzym-tabletten-2x-200-st-doppelpack\/\",\"name\":\"WOBENZYM Tabletten 2x 200 St. (Doppelpack) - g\u00fcnstig kaufen\",\"isPartOf\":{\"@id\":\"https:\/\/www.loewen-apotheke24.com\/de\/#website\"},\"datePublished\":\"2026-02-26T10:58:50+00:00\",\"dateModified\":\"2026-04-15T18:10:13+00:00\",\"description\":\"Wobenzym Tabletten bei Entz\u00fcndungen, Verletzungen & Muskelbeschwerden. Wir bieten: Top-Service & kurze Lieferzeit - Im Doppelpack Top-Preis sichern!\",\"breadcrumb\":{\"@id\":\"https:\/\/www.loewen-apotheke24.com\/de\/shop\/angebot\/wobenzym-tabletten-2x-200-st-doppelpack\/#breadcrumb\"},\"inLanguage\":\"de\",\"potentialAction\":[{\"@type\":\"ReadAction\",\"target\":[\"https:\/\/www.loewen-apotheke24.com\/de\/shop\/angebot\/wobenzym-tabletten-2x-200-st-doppelpack\/\"]}]},{\"@type\":\"BreadcrumbList\",\"@id\":\"https:\/\/www.loewen-apotheke24.com\/de\/shop\/angebot\/wobenzym-tabletten-2x-200-st-doppelpack\/#breadcrumb\",\"itemListElement\":[{\"@type\":\"ListItem\",\"position\":1,\"name\":\"Shop\",\"item\":\"https:\/\/www.loewen-apotheke24.com\/de\/shop\/\"},{\"@type\":\"ListItem\",\"position\":2,\"name\":\"WOBENZYM Tabletten 2x 200 St. (Doppelpack)\"}]},{\"@type\":\"WebSite\",\"@id\":\"https:\/\/www.loewen-apotheke24.com\/de\/#website\",\"url\":\"https:\/\/www.loewen-apotheke24.com\/de\/\",\"name\":\"L\u00f6wen Apotheke24\",\"description\":\"Spezialist f\u00fcr Naturmedizin - Versandapotheke Baden-Baden\",\"publisher\":{\"@id\":\"https:\/\/www.loewen-apotheke24.com\/de\/#organization\"},\"potentialAction\":[{\"@type\":\"SearchAction\",\"target\":{\"@type\":\"EntryPoint\",\"urlTemplate\":\"https:\/\/www.loewen-apotheke24.com\/de\/?s={search_term_string}\"},\"query-input\":\"required name=search_term_string\"}],\"inLanguage\":\"de\"},{\"@type\":\"Organization\",\"@id\":\"https:\/\/www.loewen-apotheke24.com\/de\/#organization\",\"name\":\"L\u00f6wen Apotheke\",\"alternateName\":\"L\u00f6wen Apotheke\",\"url\":\"https:\/\/www.loewen-apotheke24.com\/de\/\",\"logo\":{\"@type\":\"ImageObject\",\"inLanguage\":\"de\",\"@id\":\"https:\/\/www.loewen-apotheke24.com\/de\/#\/schema\/logo\/image\/\",\"url\":\"https:\/\/www.loewen-apotheke24.com\/wp-content\/uploads\/2024\/02\/Logo-Loewen-Apotheke-700x700-1.png\",\"contentUrl\":\"https:\/\/www.loewen-apotheke24.com\/wp-content\/uploads\/2024\/02\/Logo-Loewen-Apotheke-700x700-1.png\",\"width\":700,\"height\":700,\"caption\":\"L\u00f6wen Apotheke\"},\"image\":{\"@id\":\"https:\/\/www.loewen-apotheke24.com\/de\/#\/schema\/logo\/image\/\"}}]}<\/script>\n<!-- \/ Yoast SEO Premium plugin. -->","yoast_head_json":{"title":"WOBENZYM Tabletten 2x 200 St. (Doppelpack) - g\u00fcnstig kaufen","description":"Wobenzym Tabletten bei Entz\u00fcndungen, Verletzungen & Muskelbeschwerden. Wir bieten: Top-Service & kurze Lieferzeit - Im Doppelpack Top-Preis sichern!","robots":{"index":"index","follow":"follow","max-snippet":"max-snippet:-1","max-image-preview":"max-image-preview:large","max-video-preview":"max-video-preview:-1"},"canonical":"https:\/\/www.loewen-apotheke24.com\/de\/shop\/angebot\/wobenzym-tabletten-2x-200-st-doppelpack\/","og_locale":"de_DE","og_type":"article","og_title":"WOBENZYM Tabletten 2x 200 St. (Doppelpack) - g\u00fcnstig kaufen","og_description":"Wobenzym Tabletten bei Entz\u00fcndungen, Verletzungen & Muskelbeschwerden. Wir bieten: Top-Service & kurze Lieferzeit - Im Doppelpack Top-Preis sichern!","og_url":"https:\/\/www.loewen-apotheke24.com\/de\/shop\/angebot\/wobenzym-tabletten-2x-200-st-doppelpack\/","og_site_name":"L\u00f6wen Apotheke24","article_modified_time":"2026-04-15T18:10:13+00:00","og_image":[{"width":600,"height":600,"url":"https:\/\/www.loewen-apotheke24.com\/wp-content\/uploads\/2026\/02\/Wobenzym-Tabletten-200-St.-PZN-13751848-doppelpack.webp","type":"image\/webp"}],"twitter_card":"summary_large_image","twitter_misc":{"Gesch\u00e4tzte Lesezeit":"3\u00a0Minuten"},"schema":{"@context":"https:\/\/schema.org","@graph":[{"@type":"WebPage","@id":"https:\/\/www.loewen-apotheke24.com\/de\/shop\/angebot\/wobenzym-tabletten-2x-200-st-doppelpack\/","url":"https:\/\/www.loewen-apotheke24.com\/de\/shop\/angebot\/wobenzym-tabletten-2x-200-st-doppelpack\/","name":"WOBENZYM Tabletten 2x 200 St. (Doppelpack) - g\u00fcnstig kaufen","isPartOf":{"@id":"https:\/\/www.loewen-apotheke24.com\/de\/#website"},"datePublished":"2026-02-26T10:58:50+00:00","dateModified":"2026-04-15T18:10:13+00:00","description":"Wobenzym Tabletten bei Entz\u00fcndungen, Verletzungen & Muskelbeschwerden. Wir bieten: Top-Service & kurze Lieferzeit - Im Doppelpack Top-Preis sichern!","breadcrumb":{"@id":"https:\/\/www.loewen-apotheke24.com\/de\/shop\/angebot\/wobenzym-tabletten-2x-200-st-doppelpack\/#breadcrumb"},"inLanguage":"de","potentialAction":[{"@type":"ReadAction","target":["https:\/\/www.loewen-apotheke24.com\/de\/shop\/angebot\/wobenzym-tabletten-2x-200-st-doppelpack\/"]}]},{"@type":"BreadcrumbList","@id":"https:\/\/www.loewen-apotheke24.com\/de\/shop\/angebot\/wobenzym-tabletten-2x-200-st-doppelpack\/#breadcrumb","itemListElement":[{"@type":"ListItem","position":1,"name":"Shop","item":"https:\/\/www.loewen-apotheke24.com\/de\/shop\/"},{"@type":"ListItem","position":2,"name":"WOBENZYM Tabletten 2x 200 St. (Doppelpack)"}]},{"@type":"WebSite","@id":"https:\/\/www.loewen-apotheke24.com\/de\/#website","url":"https:\/\/www.loewen-apotheke24.com\/de\/","name":"L\u00f6wen Apotheke24","description":"Spezialist f\u00fcr Naturmedizin - Versandapotheke Baden-Baden","publisher":{"@id":"https:\/\/www.loewen-apotheke24.com\/de\/#organization"},"potentialAction":[{"@type":"SearchAction","target":{"@type":"EntryPoint","urlTemplate":"https:\/\/www.loewen-apotheke24.com\/de\/?s={search_term_string}"},"query-input":"required name=search_term_string"}],"inLanguage":"de"},{"@type":"Organization","@id":"https:\/\/www.loewen-apotheke24.com\/de\/#organization","name":"L\u00f6wen Apotheke","alternateName":"L\u00f6wen Apotheke","url":"https:\/\/www.loewen-apotheke24.com\/de\/","logo":{"@type":"ImageObject","inLanguage":"de","@id":"https:\/\/www.loewen-apotheke24.com\/de\/#\/schema\/logo\/image\/","url":"https:\/\/www.loewen-apotheke24.com\/wp-content\/uploads\/2024\/02\/Logo-Loewen-Apotheke-700x700-1.png","contentUrl":"https:\/\/www.loewen-apotheke24.com\/wp-content\/uploads\/2024\/02\/Logo-Loewen-Apotheke-700x700-1.png","width":700,"height":700,"caption":"L\u00f6wen Apotheke"},"image":{"@id":"https:\/\/www.loewen-apotheke24.com\/de\/#\/schema\/logo\/image\/"}}]}},"_links":{"self":[{"href":"https:\/\/www.loewen-apotheke24.com\/de\/wp-json\/wp\/v2\/product\/157322"}],"collection":[{"href":"https:\/\/www.loewen-apotheke24.com\/de\/wp-json\/wp\/v2\/product"}],"about":[{"href":"https:\/\/www.loewen-apotheke24.com\/de\/wp-json\/wp\/v2\/types\/product"}],"wp:featuredmedia":[{"embeddable":true,"href":"https:\/\/www.loewen-apotheke24.com\/de\/wp-json\/wp\/v2\/media\/157338"}],"wp:attachment":[{"href":"https:\/\/www.loewen-apotheke24.com\/de\/wp-json\/wp\/v2\/media?parent=157322"}],"wp:term":[{"taxonomy":"product_cat","embeddable":true,"href":"https:\/\/www.loewen-apotheke24.com\/de\/wp-json\/wp\/v2\/product_cat?post=157322"},{"taxonomy":"product_tag","embeddable":true,"href":"https:\/\/www.loewen-apotheke24.com\/de\/wp-json\/wp\/v2\/product_tag?post=157322"}],"curies":[{"name":"wp","href":"https:\/\/api.w.org\/{rel}","templated":true}]}}