{"id":160315,"date":"2026-03-29T07:20:37","date_gmt":"2026-03-29T06:20:37","guid":{"rendered":"https:\/\/www.loewen-apotheke24.com\/?post_type=product&#038;p=160315"},"modified":"2026-04-15T04:35:26","modified_gmt":"2026-04-15T03:35:26","slug":"zinzino-essent-premium","status":"publish","type":"product","link":"https:\/\/www.loewen-apotheke24.com\/de\/shop\/zinzino\/zinzino-essent-premium\/","title":{"rendered":"ZINZINO Essent+ Premium"},"content":{"rendered":"<h3 style=\"text-align: left;\">ZINZINO Essent+ Premium Softgel Kapseln<\/h3>\n<p>ZinoShine+ ist ein einzigartig formuliertes Nahrungserg\u00e4nzungsmittel. Dieses ultrareine, molekular getestete Polyphenol Omega Balance Nahrungserg\u00e4nzungsmittel reguliert und bewahrt auf sichere Weise die Omega-6:3-Balance in Ihr<\/p>\n<p>Leicht zu schluckende Softgels mit 4 Mal mehr bioaktiven Antioxidantien. Eine au\u00dfergew\u00f6hnliche, ganz nat\u00fcrliche Mischung aus reinem Fisch\u00f6l, das reich an den Omega-3-Fetts\u00e4uren EPA + DHA ist, und unserem exklusiven, extrem wirksamen nativen Oliven\u00f6l extra (R.E.V.O.O) erm\u00f6glicht eine unvergleichliche Omega-3-Absorption und einen Fetts\u00e4uren-Schutz.<\/p>\n<p>Inhaltsstoffe: Fisch\u00f6le*, Kapselh\u00fclle (Fischgelatine, Glyzerin, Farbe (Kupferkomplexe der Chlorophylline)), kalt gepresstes extra-natives Oliven\u00f6l, Verdickungsmittel (Bienenwachs), Kakaopulver, Emulgator (Raps-Lecithin), Olivenextrakt (Olea europaea), Vitamin D3 (Cholecalciferol). *Ursprung: Nicht-EU<\/p>\n<p>N\u00e4hrwert pro: 2 Softgelkapseln| 3 Softgelkapseln<br \/>\nFisch\u00f6l 1600 mg 2400 mg<br \/>\nOmega-3-Fetts\u00e4uren 1120 mg 1680 mg<br \/>\ndavon EPA 720 mg 1080 mg<br \/>\ndavon DHA 400 mg 600 mg<br \/>\nOliven\u00f6l 340 mg 510 mg<br \/>\nOleins\u00e4ure (Omega-9) 255 mg 383 mg<br \/>\nPolyphenole 18.3 mg 27.4 mg<br \/>\ndavon Hydroxytyrosol 5.8 mg 8.7 mg<br \/>\nSqualen 1.3 mg 1.9 mg<br \/>\nVitamin D3\u00a0(250%*, 400%** of RV*)<br \/>\n13.4 ug* 20.1 ug**<\/p>\n<p>Verzehrempfehlung: 1 Softgelkapsel pro ca. 30 kg K\u00f6rpergewicht. Passen Sie die Dosis je nach K\u00f6rpergewicht an. Erwachsene mit K\u00f6rpergewicht 50\u201360 kg: 2 Softgelkapseln t\u00e4glich.<\/p>\n<p>Hinweise und Informationen zur Anwendung finden Sie beim <a href=\"https:\/\/www.zinzino.com\/shop\/2020602041\/AT\/de-DE\/products\/shop\/home-health-tests\/309000\/\">Hersteller Zinzino<\/a>. Unsere verantwortliche Apothekerin Dr. Sandra Hoff und ihr Team beraten Sie gerne pers\u00f6nlich zu Zinzino und dem Selbsttest Ergebnisse.<\/p>\n<p>Andere Kunden interessierten sich auch f\u00fcr Produkte zum Thema: \u00a0<a href=\"https:\/\/www.loewen-apotheke24.com\/de\/product_tag\/reiseapotheke\/\">Reiseapotheke<\/a> | <a href=\"https:\/\/www.loewen-apotheke24.com\/de\/product_tag\/longevity\/\">longevity<\/a><\/p>\n<p>Hinweis zur Anwendung und Einnahme: Die auf dieser Website bereitgestellten Informationen dienen ausschlie\u00dflich der allgemeinen Information und ersetzen nicht die fachliche Beratung, Diagnose oder Behandlung durch einen Arzt. Nahrungserg\u00e4nzungsmittel sind kein Ersatz f\u00fcr eine ausgewogene, abwechslungsreiche Ern\u00e4hrung und eine gesunde Lebensweise.<\/p>\n<p>Zu Risiken und Nebenwirkungen lesen Sie die Packungsbeilage und fragen Sie Ihre \u00c4rztin, Ihren Arzt oder in Ihrer Apotheke.<\/p>\n<h3 style=\"text-align: left;\">Rezept oder E-Rezept einl\u00f6sen:<\/h3>\n<p>Sie haben ein Rezept oder E-Rezept? Reichen Sie es bequem \u00fcber unsere\u00a0<a class=\"ProsemirrorEditor-link\" href=\"https:\/\/e-rezept-app.de\/shop-rezept\">E-Rezept<\/a>\u00a0App ein \u2013 auch Privatrezepte f\u00fcr Selbstzahler sind m\u00f6glich. Schnell, sicher und einfach.<\/p>\n<h3 class=\"TypographyPresentation TypographyPresentation--medium RichText3-paragraph--withVSpacingNormal RichText3-paragraph HighlightSol HighlightSol--buildingBlock\" style=\"text-align: left;\">Fragen zum Produkt? Wir sind f\u00fcr Sie da!<\/h3>\n<p class=\"TypographyPresentation TypographyPresentation--medium RichText3-paragraph--withVSpacingNormal RichText3-paragraph HighlightSol HighlightSol--buildingBlock\">Unsere verantwortliche Apothekerin\u00a0<strong>Dr. Sandra Hoff<\/strong>\u00a0und ihr Team beraten Sie gerne pers\u00f6nlich \u2013 telefonisch oder per E-Mail. Als\u00a0<strong>echte Apotheke vor Ort<\/strong>\u00a0und\u00a0<strong>zugelassene Versandapotheke<\/strong>\u00a0bieten wir Ihnen kompetente Unterst\u00fctzung, besonders in den Bereichen\u00a0<a href=\"https:\/\/www.loewen-apotheke24.com\/de\/product_tag\/naturheilmittel\/\">Naturheilkunde<\/a>\u00a0und\u00a0<a href=\"https:\/\/www.loewen-apotheke24.com\/de\/product_tag\/vitamine-mineralien-nahrungsergaenzung\/\">Nahrungserg\u00e4nzungsmittel<\/a>. Unsere Erlaubnis finden Sie als\u00a0<a href=\"https:\/\/versandhandel.dimdi.de\/websearch\/servlet\/Gate;jsessionid=0D29D15655BE1174E9178A340E8FE6BC?accessid=dimdi_var&amp;term=3c387956690121ccc8763184f052b93f\" target=\"_blank\" rel=\"noopener\">Eintrag im Versandhandelsregister.<\/a><\/p>\n","protected":false},"excerpt":{"rendered":"<h2 style=\"text-align: left;\">ZINZINO Essent+ Premium<\/h2>\n<p>Leicht zu schluckende Softgels mit 4 Mal mehr bioaktiven Antioxidantien &#8211; reich an den Omega-3-Fetts\u00e4uren EPA + DHA<\/p>\n<p><strong>PZN:<\/strong> &#8211; (Pharmazentralnummer)<\/p>\n<p><strong>Darreichungsform<\/strong>: Tabletten<\/p>\n<p><strong>Verordnungsart<\/strong>: Rezeptfrei<\/p>\n<p><strong>Hersteller<\/strong>: Zinzino AB, G\u00f6teborg, Schweden.<\/p>\n<p><strong>Packungsgr\u00f6\u00dfe<\/strong>: 60 St.<\/p>\n","protected":false},"featured_media":160317,"template":"","meta":[],"product_cat":[1037],"product_tag":[402,267,1035,265,422,469,990],"yoast_head":"<!-- This site is optimized with the Yoast SEO Premium plugin v21.0 (Yoast SEO v21.0) - https:\/\/yoast.com\/wordpress\/plugins\/seo\/ -->\n<title>ZINZINO Essent+ Premium - in der Apotheke bestellen<\/title>\n<meta name=\"description\" content=\"Top-Service, kurze Lieferzeit, gratis Lieferung ab 30 \u20ac. ZINZINO Essent+ Premium . Nahrungserg\u00e4nzungsmittel mit Omega-3 als Softgel Kapseln\" \/>\n<meta name=\"robots\" content=\"index, follow, max-snippet:-1, max-image-preview:large, max-video-preview:-1\" \/>\n<link rel=\"canonical\" href=\"https:\/\/www.loewen-apotheke24.com\/de\/shop\/zinzino\/zinzino-essent-premium\/\" \/>\n<meta property=\"og:locale\" content=\"de_DE\" \/>\n<meta property=\"og:type\" content=\"article\" \/>\n<meta property=\"og:title\" content=\"ZINZINO Essent+ Premium - in der Apotheke bestellen\" \/>\n<meta property=\"og:description\" content=\"Top-Service, kurze Lieferzeit, gratis Lieferung ab 30 \u20ac. ZINZINO Essent+ Premium . Nahrungserg\u00e4nzungsmittel mit Omega-3 als Softgel Kapseln\" \/>\n<meta property=\"og:url\" content=\"https:\/\/www.loewen-apotheke24.com\/de\/shop\/zinzino\/zinzino-essent-premium\/\" \/>\n<meta property=\"og:site_name\" content=\"L\u00f6wen Apotheke24\" \/>\n<meta property=\"article:modified_time\" content=\"2026-04-15T03:35:26+00:00\" \/>\n<meta property=\"og:image\" content=\"https:\/\/www.loewen-apotheke24.com\/wp-content\/uploads\/2026\/03\/Zinzino-Essent-Premium-Apotheke-Omega-3-Loewen-Apotheke24.webp\" \/>\n\t<meta property=\"og:image:width\" content=\"600\" \/>\n\t<meta property=\"og:image:height\" content=\"600\" \/>\n\t<meta property=\"og:image:type\" content=\"image\/webp\" \/>\n<meta name=\"twitter:card\" content=\"summary_large_image\" \/>\n<meta name=\"twitter:label1\" content=\"Gesch\u00e4tzte Lesezeit\" \/>\n\t<meta name=\"twitter:data1\" content=\"3\u00a0Minuten\" \/>\n<script type=\"application\/ld+json\" class=\"yoast-schema-graph\">{\"@context\":\"https:\/\/schema.org\",\"@graph\":[{\"@type\":\"WebPage\",\"@id\":\"https:\/\/www.loewen-apotheke24.com\/de\/shop\/zinzino\/zinzino-essent-premium\/\",\"url\":\"https:\/\/www.loewen-apotheke24.com\/de\/shop\/zinzino\/zinzino-essent-premium\/\",\"name\":\"ZINZINO Essent+ Premium - in der Apotheke bestellen\",\"isPartOf\":{\"@id\":\"https:\/\/www.loewen-apotheke24.com\/de\/#website\"},\"datePublished\":\"2026-03-29T06:20:37+00:00\",\"dateModified\":\"2026-04-15T03:35:26+00:00\",\"description\":\"Top-Service, kurze Lieferzeit, gratis Lieferung ab 30 \u20ac. ZINZINO Essent+ Premium . Nahrungserg\u00e4nzungsmittel mit Omega-3 als Softgel Kapseln\",\"breadcrumb\":{\"@id\":\"https:\/\/www.loewen-apotheke24.com\/de\/shop\/zinzino\/zinzino-essent-premium\/#breadcrumb\"},\"inLanguage\":\"de\",\"potentialAction\":[{\"@type\":\"ReadAction\",\"target\":[\"https:\/\/www.loewen-apotheke24.com\/de\/shop\/zinzino\/zinzino-essent-premium\/\"]}]},{\"@type\":\"BreadcrumbList\",\"@id\":\"https:\/\/www.loewen-apotheke24.com\/de\/shop\/zinzino\/zinzino-essent-premium\/#breadcrumb\",\"itemListElement\":[{\"@type\":\"ListItem\",\"position\":1,\"name\":\"Shop\",\"item\":\"https:\/\/www.loewen-apotheke24.com\/de\/shop\/\"},{\"@type\":\"ListItem\",\"position\":2,\"name\":\"ZINZINO Essent+ Premium\"}]},{\"@type\":\"WebSite\",\"@id\":\"https:\/\/www.loewen-apotheke24.com\/de\/#website\",\"url\":\"https:\/\/www.loewen-apotheke24.com\/de\/\",\"name\":\"L\u00f6wen Apotheke24\",\"description\":\"Spezialist f\u00fcr Naturmedizin - Versandapotheke Baden-Baden\",\"publisher\":{\"@id\":\"https:\/\/www.loewen-apotheke24.com\/de\/#organization\"},\"potentialAction\":[{\"@type\":\"SearchAction\",\"target\":{\"@type\":\"EntryPoint\",\"urlTemplate\":\"https:\/\/www.loewen-apotheke24.com\/de\/?s={search_term_string}\"},\"query-input\":\"required name=search_term_string\"}],\"inLanguage\":\"de\"},{\"@type\":\"Organization\",\"@id\":\"https:\/\/www.loewen-apotheke24.com\/de\/#organization\",\"name\":\"L\u00f6wen Apotheke\",\"alternateName\":\"L\u00f6wen Apotheke\",\"url\":\"https:\/\/www.loewen-apotheke24.com\/de\/\",\"logo\":{\"@type\":\"ImageObject\",\"inLanguage\":\"de\",\"@id\":\"https:\/\/www.loewen-apotheke24.com\/de\/#\/schema\/logo\/image\/\",\"url\":\"https:\/\/www.loewen-apotheke24.com\/wp-content\/uploads\/2024\/02\/Logo-Loewen-Apotheke-700x700-1.png\",\"contentUrl\":\"https:\/\/www.loewen-apotheke24.com\/wp-content\/uploads\/2024\/02\/Logo-Loewen-Apotheke-700x700-1.png\",\"width\":700,\"height\":700,\"caption\":\"L\u00f6wen Apotheke\"},\"image\":{\"@id\":\"https:\/\/www.loewen-apotheke24.com\/de\/#\/schema\/logo\/image\/\"}}]}<\/script>\n<!-- \/ Yoast SEO Premium plugin. -->","yoast_head_json":{"title":"ZINZINO Essent+ Premium - in der Apotheke bestellen","description":"Top-Service, kurze Lieferzeit, gratis Lieferung ab 30 \u20ac. ZINZINO Essent+ Premium . Nahrungserg\u00e4nzungsmittel mit Omega-3 als Softgel Kapseln","robots":{"index":"index","follow":"follow","max-snippet":"max-snippet:-1","max-image-preview":"max-image-preview:large","max-video-preview":"max-video-preview:-1"},"canonical":"https:\/\/www.loewen-apotheke24.com\/de\/shop\/zinzino\/zinzino-essent-premium\/","og_locale":"de_DE","og_type":"article","og_title":"ZINZINO Essent+ Premium - in der Apotheke bestellen","og_description":"Top-Service, kurze Lieferzeit, gratis Lieferung ab 30 \u20ac. ZINZINO Essent+ Premium . Nahrungserg\u00e4nzungsmittel mit Omega-3 als Softgel Kapseln","og_url":"https:\/\/www.loewen-apotheke24.com\/de\/shop\/zinzino\/zinzino-essent-premium\/","og_site_name":"L\u00f6wen Apotheke24","article_modified_time":"2026-04-15T03:35:26+00:00","og_image":[{"width":600,"height":600,"url":"https:\/\/www.loewen-apotheke24.com\/wp-content\/uploads\/2026\/03\/Zinzino-Essent-Premium-Apotheke-Omega-3-Loewen-Apotheke24.webp","type":"image\/webp"}],"twitter_card":"summary_large_image","twitter_misc":{"Gesch\u00e4tzte Lesezeit":"3\u00a0Minuten"},"schema":{"@context":"https:\/\/schema.org","@graph":[{"@type":"WebPage","@id":"https:\/\/www.loewen-apotheke24.com\/de\/shop\/zinzino\/zinzino-essent-premium\/","url":"https:\/\/www.loewen-apotheke24.com\/de\/shop\/zinzino\/zinzino-essent-premium\/","name":"ZINZINO Essent+ Premium - in der Apotheke bestellen","isPartOf":{"@id":"https:\/\/www.loewen-apotheke24.com\/de\/#website"},"datePublished":"2026-03-29T06:20:37+00:00","dateModified":"2026-04-15T03:35:26+00:00","description":"Top-Service, kurze Lieferzeit, gratis Lieferung ab 30 \u20ac. ZINZINO Essent+ Premium . Nahrungserg\u00e4nzungsmittel mit Omega-3 als Softgel Kapseln","breadcrumb":{"@id":"https:\/\/www.loewen-apotheke24.com\/de\/shop\/zinzino\/zinzino-essent-premium\/#breadcrumb"},"inLanguage":"de","potentialAction":[{"@type":"ReadAction","target":["https:\/\/www.loewen-apotheke24.com\/de\/shop\/zinzino\/zinzino-essent-premium\/"]}]},{"@type":"BreadcrumbList","@id":"https:\/\/www.loewen-apotheke24.com\/de\/shop\/zinzino\/zinzino-essent-premium\/#breadcrumb","itemListElement":[{"@type":"ListItem","position":1,"name":"Shop","item":"https:\/\/www.loewen-apotheke24.com\/de\/shop\/"},{"@type":"ListItem","position":2,"name":"ZINZINO Essent+ Premium"}]},{"@type":"WebSite","@id":"https:\/\/www.loewen-apotheke24.com\/de\/#website","url":"https:\/\/www.loewen-apotheke24.com\/de\/","name":"L\u00f6wen Apotheke24","description":"Spezialist f\u00fcr Naturmedizin - Versandapotheke Baden-Baden","publisher":{"@id":"https:\/\/www.loewen-apotheke24.com\/de\/#organization"},"potentialAction":[{"@type":"SearchAction","target":{"@type":"EntryPoint","urlTemplate":"https:\/\/www.loewen-apotheke24.com\/de\/?s={search_term_string}"},"query-input":"required name=search_term_string"}],"inLanguage":"de"},{"@type":"Organization","@id":"https:\/\/www.loewen-apotheke24.com\/de\/#organization","name":"L\u00f6wen Apotheke","alternateName":"L\u00f6wen Apotheke","url":"https:\/\/www.loewen-apotheke24.com\/de\/","logo":{"@type":"ImageObject","inLanguage":"de","@id":"https:\/\/www.loewen-apotheke24.com\/de\/#\/schema\/logo\/image\/","url":"https:\/\/www.loewen-apotheke24.com\/wp-content\/uploads\/2024\/02\/Logo-Loewen-Apotheke-700x700-1.png","contentUrl":"https:\/\/www.loewen-apotheke24.com\/wp-content\/uploads\/2024\/02\/Logo-Loewen-Apotheke-700x700-1.png","width":700,"height":700,"caption":"L\u00f6wen Apotheke"},"image":{"@id":"https:\/\/www.loewen-apotheke24.com\/de\/#\/schema\/logo\/image\/"}}]}},"_links":{"self":[{"href":"https:\/\/www.loewen-apotheke24.com\/de\/wp-json\/wp\/v2\/product\/160315"}],"collection":[{"href":"https:\/\/www.loewen-apotheke24.com\/de\/wp-json\/wp\/v2\/product"}],"about":[{"href":"https:\/\/www.loewen-apotheke24.com\/de\/wp-json\/wp\/v2\/types\/product"}],"wp:featuredmedia":[{"embeddable":true,"href":"https:\/\/www.loewen-apotheke24.com\/de\/wp-json\/wp\/v2\/media\/160317"}],"wp:attachment":[{"href":"https:\/\/www.loewen-apotheke24.com\/de\/wp-json\/wp\/v2\/media?parent=160315"}],"wp:term":[{"taxonomy":"product_cat","embeddable":true,"href":"https:\/\/www.loewen-apotheke24.com\/de\/wp-json\/wp\/v2\/product_cat?post=160315"},{"taxonomy":"product_tag","embeddable":true,"href":"https:\/\/www.loewen-apotheke24.com\/de\/wp-json\/wp\/v2\/product_tag?post=160315"}],"curies":[{"name":"wp","href":"https:\/\/api.w.org\/{rel}","templated":true}]}}