{"id":1610,"date":"2017-08-18T07:17:32","date_gmt":"2017-08-18T06:17:32","guid":{"rendered":"https:\/\/www.loewen-apotheke24.com\/?post_type=product&#038;p=1610"},"modified":"2026-02-24T21:06:24","modified_gmt":"2026-02-24T20:06:24","slug":"traumeel-s-creme-50g-01288865-en","status":"publish","type":"product","link":"https:\/\/www.loewen-apotheke24.com\/de\/shop\/heel\/traumeel-s-creme-50g-01288865-en\/","title":{"rendered":"Traumeel S Creme 50g"},"content":{"rendered":"<h3 style=\"text-align: left;\">Traumeel S Creme 50 g<\/h3>\n<p>Traumeel S Creme 50 g: Registriertes hom\u00f6opathisches Arzneimittel, daher ohne Angabe einer therapeutischen Indikation. Bei w\u00e4hrend der Anwendung fortdauernden Krankheitssymptomen ist medizinischer Rat einzuholen.<\/p>\n<p>Als Teil unseres patientenzentrierten therapeutischen Ansatzes stellen Heel Arzneimittel die F\u00e4higkeit des K\u00f6rpers zur Selbstregulierung in den Mittelpunkt. Sie unterst\u00fctzen die Aktivierung k\u00f6rpereigener Mechanismen, um die Gesundung zu f\u00f6rdern, anstatt nur die Symptome der Krankheit zu unterdr\u00fccken. Heel Medikamente auf der Basis nat\u00fcrlicher Wirkstoffe stimulieren und st\u00e4rken diesen Prozess, und Patienten profitieren vom sicheren und nachhaltigen Therapieansatz.<\/p>\n<p>Zum Hersteller: <a href=\"https:\/\/www.heel.de\/produkte\" target=\"_blank\" rel=\"noopener\">Heel<\/a><\/p>\n<p>Weitere Produkte &amp; Packungsgr\u00f6\u00dfen: <a href=\"https:\/\/www.loewen-apotheke24.com\/de\/product_cat\/heel\/?orderby=popularity\">Heel<\/a><\/p>\n<p>Zu Risiken und Nebenwirkungen lesen Sie die Packungsbeilage und fragen Sie Ihren Arzt oder Apotheker.<\/p>\n","protected":false},"excerpt":{"rendered":"<h2 style=\"text-align: left;\">Traumeel S Creme 50g<\/h2>\n<p><strong>PZN:<\/strong> 01288865 (Pharmazentralnummer)<\/p>\n<p><strong>Darreichungsform<\/strong>: Creme<\/p>\n<p><strong>Verordnungsart<\/strong>: Rezeptfrei<\/p>\n<p><strong>Marke:<\/strong> Traumeel<\/p>\n<p><strong>Hersteller<\/strong>: \u00a0Heel<\/p>\n<p><strong>Packungsgr\u00f6\u00dfe<\/strong>: 50g<\/p>\n","protected":false},"featured_media":73721,"template":"","meta":[],"product_cat":[85],"product_tag":[402,267,266,190,263,262,265],"yoast_head":"<!-- This site is optimized with the Yoast SEO Premium plugin v21.0 (Yoast SEO v21.0) - https:\/\/yoast.com\/wordpress\/plugins\/seo\/ -->\n<title>Traumeel S Creme 50 g von Heel | hier g\u00fcnstig kaufen<\/title>\n<meta name=\"description\" content=\"Ihr Spezialist f\u00fcr Naturheilkunde. Wir bieten: Top-Service, kurze Lieferzeit, gratis Lieferung ab 30 \u20ac. Hersteller: Heel - Traumeel S Creme 50 g\" \/>\n<meta name=\"robots\" content=\"index, follow, max-snippet:-1, max-image-preview:large, max-video-preview:-1\" \/>\n<link rel=\"canonical\" href=\"https:\/\/www.loewen-apotheke24.com\/de\/shop\/heel\/traumeel-s-creme-50g-01288865-en\/\" \/>\n<meta property=\"og:locale\" content=\"de_DE\" \/>\n<meta property=\"og:type\" content=\"article\" \/>\n<meta property=\"og:title\" content=\"Traumeel S Creme 50 g von Heel | hier g\u00fcnstig kaufen\" \/>\n<meta property=\"og:description\" content=\"Ihr Spezialist f\u00fcr Naturheilkunde. Wir bieten: Top-Service, kurze Lieferzeit, gratis Lieferung ab 30 \u20ac. Hersteller: Heel - Traumeel S Creme 50 g\" \/>\n<meta property=\"og:url\" content=\"https:\/\/www.loewen-apotheke24.com\/de\/shop\/heel\/traumeel-s-creme-50g-01288865-en\/\" \/>\n<meta property=\"og:site_name\" content=\"L\u00f6wen Apotheke24\" \/>\n<meta property=\"article:modified_time\" content=\"2026-02-24T20:06:24+00:00\" \/>\n<meta property=\"og:image\" content=\"https:\/\/www.loewen-apotheke24.com\/wp-content\/uploads\/2017\/08\/Traumeel-S-Creme-Heel-Loewen-Apotheke.webp\" \/>\n\t<meta property=\"og:image:width\" content=\"600\" \/>\n\t<meta property=\"og:image:height\" content=\"600\" \/>\n\t<meta property=\"og:image:type\" content=\"image\/webp\" \/>\n<meta name=\"twitter:card\" content=\"summary_large_image\" \/>\n<meta name=\"twitter:label1\" content=\"Gesch\u00e4tzte Lesezeit\" \/>\n\t<meta name=\"twitter:data1\" content=\"1\u00a0Minute\" \/>\n<script type=\"application\/ld+json\" class=\"yoast-schema-graph\">{\"@context\":\"https:\/\/schema.org\",\"@graph\":[{\"@type\":\"WebPage\",\"@id\":\"https:\/\/www.loewen-apotheke24.com\/de\/shop\/heel\/traumeel-s-creme-50g-01288865-en\/\",\"url\":\"https:\/\/www.loewen-apotheke24.com\/de\/shop\/heel\/traumeel-s-creme-50g-01288865-en\/\",\"name\":\"Traumeel S Creme 50 g von Heel | hier g\u00fcnstig kaufen\",\"isPartOf\":{\"@id\":\"https:\/\/www.loewen-apotheke24.com\/de\/#website\"},\"datePublished\":\"2017-08-18T06:17:32+00:00\",\"dateModified\":\"2026-02-24T20:06:24+00:00\",\"description\":\"Ihr Spezialist f\u00fcr Naturheilkunde. Wir bieten: Top-Service, kurze Lieferzeit, gratis Lieferung ab 30 \u20ac. Hersteller: Heel - Traumeel S Creme 50 g\",\"breadcrumb\":{\"@id\":\"https:\/\/www.loewen-apotheke24.com\/de\/shop\/heel\/traumeel-s-creme-50g-01288865-en\/#breadcrumb\"},\"inLanguage\":\"de\",\"potentialAction\":[{\"@type\":\"ReadAction\",\"target\":[\"https:\/\/www.loewen-apotheke24.com\/de\/shop\/heel\/traumeel-s-creme-50g-01288865-en\/\"]}]},{\"@type\":\"BreadcrumbList\",\"@id\":\"https:\/\/www.loewen-apotheke24.com\/de\/shop\/heel\/traumeel-s-creme-50g-01288865-en\/#breadcrumb\",\"itemListElement\":[{\"@type\":\"ListItem\",\"position\":1,\"name\":\"Shop\",\"item\":\"https:\/\/www.loewen-apotheke24.com\/de\/shop\/\"},{\"@type\":\"ListItem\",\"position\":2,\"name\":\"Traumeel S Creme 50g\"}]},{\"@type\":\"WebSite\",\"@id\":\"https:\/\/www.loewen-apotheke24.com\/de\/#website\",\"url\":\"https:\/\/www.loewen-apotheke24.com\/de\/\",\"name\":\"L\u00f6wen Apotheke24\",\"description\":\"Spezialist f\u00fcr Naturmedizin - Versandapotheke Baden-Baden\",\"publisher\":{\"@id\":\"https:\/\/www.loewen-apotheke24.com\/de\/#organization\"},\"potentialAction\":[{\"@type\":\"SearchAction\",\"target\":{\"@type\":\"EntryPoint\",\"urlTemplate\":\"https:\/\/www.loewen-apotheke24.com\/de\/?s={search_term_string}\"},\"query-input\":\"required name=search_term_string\"}],\"inLanguage\":\"de\"},{\"@type\":\"Organization\",\"@id\":\"https:\/\/www.loewen-apotheke24.com\/de\/#organization\",\"name\":\"L\u00f6wen Apotheke\",\"alternateName\":\"L\u00f6wen Apotheke\",\"url\":\"https:\/\/www.loewen-apotheke24.com\/de\/\",\"logo\":{\"@type\":\"ImageObject\",\"inLanguage\":\"de\",\"@id\":\"https:\/\/www.loewen-apotheke24.com\/de\/#\/schema\/logo\/image\/\",\"url\":\"https:\/\/www.loewen-apotheke24.com\/wp-content\/uploads\/2024\/02\/Logo-Loewen-Apotheke-700x700-1.png\",\"contentUrl\":\"https:\/\/www.loewen-apotheke24.com\/wp-content\/uploads\/2024\/02\/Logo-Loewen-Apotheke-700x700-1.png\",\"width\":700,\"height\":700,\"caption\":\"L\u00f6wen Apotheke\"},\"image\":{\"@id\":\"https:\/\/www.loewen-apotheke24.com\/de\/#\/schema\/logo\/image\/\"}}]}<\/script>\n<!-- \/ Yoast SEO Premium plugin. -->","yoast_head_json":{"title":"Traumeel S Creme 50 g von Heel | hier g\u00fcnstig kaufen","description":"Ihr Spezialist f\u00fcr Naturheilkunde. Wir bieten: Top-Service, kurze Lieferzeit, gratis Lieferung ab 30 \u20ac. Hersteller: Heel - Traumeel S Creme 50 g","robots":{"index":"index","follow":"follow","max-snippet":"max-snippet:-1","max-image-preview":"max-image-preview:large","max-video-preview":"max-video-preview:-1"},"canonical":"https:\/\/www.loewen-apotheke24.com\/de\/shop\/heel\/traumeel-s-creme-50g-01288865-en\/","og_locale":"de_DE","og_type":"article","og_title":"Traumeel S Creme 50 g von Heel | hier g\u00fcnstig kaufen","og_description":"Ihr Spezialist f\u00fcr Naturheilkunde. Wir bieten: Top-Service, kurze Lieferzeit, gratis Lieferung ab 30 \u20ac. Hersteller: Heel - Traumeel S Creme 50 g","og_url":"https:\/\/www.loewen-apotheke24.com\/de\/shop\/heel\/traumeel-s-creme-50g-01288865-en\/","og_site_name":"L\u00f6wen Apotheke24","article_modified_time":"2026-02-24T20:06:24+00:00","og_image":[{"width":600,"height":600,"url":"https:\/\/www.loewen-apotheke24.com\/wp-content\/uploads\/2017\/08\/Traumeel-S-Creme-Heel-Loewen-Apotheke.webp","type":"image\/webp"}],"twitter_card":"summary_large_image","twitter_misc":{"Gesch\u00e4tzte Lesezeit":"1\u00a0Minute"},"schema":{"@context":"https:\/\/schema.org","@graph":[{"@type":"WebPage","@id":"https:\/\/www.loewen-apotheke24.com\/de\/shop\/heel\/traumeel-s-creme-50g-01288865-en\/","url":"https:\/\/www.loewen-apotheke24.com\/de\/shop\/heel\/traumeel-s-creme-50g-01288865-en\/","name":"Traumeel S Creme 50 g von Heel | hier g\u00fcnstig kaufen","isPartOf":{"@id":"https:\/\/www.loewen-apotheke24.com\/de\/#website"},"datePublished":"2017-08-18T06:17:32+00:00","dateModified":"2026-02-24T20:06:24+00:00","description":"Ihr Spezialist f\u00fcr Naturheilkunde. Wir bieten: Top-Service, kurze Lieferzeit, gratis Lieferung ab 30 \u20ac. Hersteller: Heel - Traumeel S Creme 50 g","breadcrumb":{"@id":"https:\/\/www.loewen-apotheke24.com\/de\/shop\/heel\/traumeel-s-creme-50g-01288865-en\/#breadcrumb"},"inLanguage":"de","potentialAction":[{"@type":"ReadAction","target":["https:\/\/www.loewen-apotheke24.com\/de\/shop\/heel\/traumeel-s-creme-50g-01288865-en\/"]}]},{"@type":"BreadcrumbList","@id":"https:\/\/www.loewen-apotheke24.com\/de\/shop\/heel\/traumeel-s-creme-50g-01288865-en\/#breadcrumb","itemListElement":[{"@type":"ListItem","position":1,"name":"Shop","item":"https:\/\/www.loewen-apotheke24.com\/de\/shop\/"},{"@type":"ListItem","position":2,"name":"Traumeel S Creme 50g"}]},{"@type":"WebSite","@id":"https:\/\/www.loewen-apotheke24.com\/de\/#website","url":"https:\/\/www.loewen-apotheke24.com\/de\/","name":"L\u00f6wen Apotheke24","description":"Spezialist f\u00fcr Naturmedizin - Versandapotheke Baden-Baden","publisher":{"@id":"https:\/\/www.loewen-apotheke24.com\/de\/#organization"},"potentialAction":[{"@type":"SearchAction","target":{"@type":"EntryPoint","urlTemplate":"https:\/\/www.loewen-apotheke24.com\/de\/?s={search_term_string}"},"query-input":"required name=search_term_string"}],"inLanguage":"de"},{"@type":"Organization","@id":"https:\/\/www.loewen-apotheke24.com\/de\/#organization","name":"L\u00f6wen Apotheke","alternateName":"L\u00f6wen Apotheke","url":"https:\/\/www.loewen-apotheke24.com\/de\/","logo":{"@type":"ImageObject","inLanguage":"de","@id":"https:\/\/www.loewen-apotheke24.com\/de\/#\/schema\/logo\/image\/","url":"https:\/\/www.loewen-apotheke24.com\/wp-content\/uploads\/2024\/02\/Logo-Loewen-Apotheke-700x700-1.png","contentUrl":"https:\/\/www.loewen-apotheke24.com\/wp-content\/uploads\/2024\/02\/Logo-Loewen-Apotheke-700x700-1.png","width":700,"height":700,"caption":"L\u00f6wen Apotheke"},"image":{"@id":"https:\/\/www.loewen-apotheke24.com\/de\/#\/schema\/logo\/image\/"}}]}},"_links":{"self":[{"href":"https:\/\/www.loewen-apotheke24.com\/de\/wp-json\/wp\/v2\/product\/1610"}],"collection":[{"href":"https:\/\/www.loewen-apotheke24.com\/de\/wp-json\/wp\/v2\/product"}],"about":[{"href":"https:\/\/www.loewen-apotheke24.com\/de\/wp-json\/wp\/v2\/types\/product"}],"wp:featuredmedia":[{"embeddable":true,"href":"https:\/\/www.loewen-apotheke24.com\/de\/wp-json\/wp\/v2\/media\/73721"}],"wp:attachment":[{"href":"https:\/\/www.loewen-apotheke24.com\/de\/wp-json\/wp\/v2\/media?parent=1610"}],"wp:term":[{"taxonomy":"product_cat","embeddable":true,"href":"https:\/\/www.loewen-apotheke24.com\/de\/wp-json\/wp\/v2\/product_cat?post=1610"},{"taxonomy":"product_tag","embeddable":true,"href":"https:\/\/www.loewen-apotheke24.com\/de\/wp-json\/wp\/v2\/product_tag?post=1610"}],"curies":[{"name":"wp","href":"https:\/\/api.w.org\/{rel}","templated":true}]}}