{"id":163916,"date":"2026-05-08T05:27:52","date_gmt":"2026-05-08T04:27:52","guid":{"rendered":"https:\/\/www.loewen-apotheke24.com\/?post_type=product&#038;p=163916"},"modified":"2026-05-08T05:49:31","modified_gmt":"2026-05-08T04:49:31","slug":"prointens-endo-norm-7-60-st-19694583","status":"publish","type":"product","link":"https:\/\/www.loewen-apotheke24.com\/de\/shop\/marke\/prointens-endo-norm-7-60-st-19694583\/","title":{"rendered":"ProIntens Endo Norm 7 (60 St\u00fcck)"},"content":{"rendered":"<h3 style=\"text-align: left;\">ProIntens Endo Norm 7<\/h3>\n<p>ProIntens Endo Norm 7 ist ein Nahrungserg\u00e4nzungsmittel mit Biotin und der System Balance Formel.<\/p>\n<p>System Balance Formula mit Biotin: Basierend auf einer Kombination von 7 Mikroorganismen. Dazu geh\u00f6ren sowohl sporenbildende Mikroorganismen als auch hitzebehandelte, inaktivierte Milchs\u00e4urebakterien. Sporenbildende Mikroorganismen besitzen die F\u00e4higkeit, eine nat\u00fcrliche Schutzh\u00fclle zu bilden, die sie widerstandsf\u00e4hig gegen \u00e4u\u00dfere Einfl\u00fcsse wie Hitze, Feuchtigkeit und Magens\u00e4ure macht. Biotin kann zur Erhaltung normaler Schleimh\u00e4ute beitragen.<br \/>\nUm eine ausgewogene Ern\u00e4hrung und ein vielf\u00e4ltiges Spektrum an Darmbakterien zu gew\u00e4hrleisten, nahmen unsere Vorfahren nat\u00fcrliche Mikroorganismen zu sich \u2013 einschlie\u00dflich Bodenbakterien wie Sporenbildner, die in der Erde vorkommen \u2013 sowie Milchs\u00e4urebakterien, Pflanzen und nat\u00fcrliche Lebensmittel. Die System Balance Formula mit Biotin ist diesem Ansatz nachempfunden.<\/p>\n<p>Packungsbeilage\/Gebrauchsanweisung\/Artikeldatenblatt: ProIntens Endo Norm (PDF-Reader)<\/p>\n<p>Andere Kunden interessierten sich auch f\u00fcr Produkte zum Thema: \u00a0<a href=\"https:\/\/www.loewen-apotheke24.com\/de\/product_tag\/reiseapotheke\/\">Reiseapotheke<\/a> | <a href=\"https:\/\/www.loewen-apotheke24.com\/de\/product_tag\/longevity\/\">longevity<\/a><\/p>\n<p>Hinweis zur Anwendung und Einnahme: Die auf dieser Website bereitgestellten Informationen dienen ausschlie\u00dflich der allgemeinen Information und ersetzen nicht die fachliche Beratung, Diagnose oder Behandlung durch einen Arzt. Nahrungserg\u00e4nzungsmittel sind kein Ersatz f\u00fcr eine ausgewogene, abwechslungsreiche Ern\u00e4hrung und eine gesunde Lebensweise.<\/p>\n<p>Zu Risiken und Nebenwirkungen lesen Sie die Packungsbeilage und fragen Sie Ihre \u00c4rztin, Ihren Arzt oder in Ihrer Apotheke.<\/p>\n<h3 style=\"text-align: left;\">Rezept oder E-Rezept einl\u00f6sen:<\/h3>\n<p>Sie haben ein Rezept oder E-Rezept? Reichen Sie es bequem \u00fcber unsere\u00a0<a class=\"ProsemirrorEditor-link\" href=\"https:\/\/e-rezept-app.de\/shop-rezept\">E-Rezept<\/a>\u00a0App ein \u2013 auch Privatrezepte f\u00fcr Selbstzahler sind m\u00f6glich. Schnell, sicher und einfach.<\/p>\n<h3 class=\"TypographyPresentation TypographyPresentation--medium RichText3-paragraph--withVSpacingNormal RichText3-paragraph HighlightSol HighlightSol--buildingBlock\" style=\"text-align: left;\">Fragen zum Produkt? Wir sind f\u00fcr Sie da!<\/h3>\n<p class=\"TypographyPresentation TypographyPresentation--medium RichText3-paragraph--withVSpacingNormal RichText3-paragraph HighlightSol HighlightSol--buildingBlock\">Unsere verantwortliche Apothekerin\u00a0<strong>Dr. Sandra Hoff<\/strong>\u00a0und ihr Team beraten Sie gerne pers\u00f6nlich \u2013 telefonisch oder per E-Mail. Als\u00a0<strong>echte Apotheke vor Ort<\/strong>\u00a0und\u00a0<strong>zugelassene Versandapotheke<\/strong>\u00a0bieten wir Ihnen kompetente Unterst\u00fctzung, besonders in den Bereichen\u00a0<a href=\"https:\/\/www.loewen-apotheke24.com\/de\/product_tag\/naturheilmittel\/\">Naturheilkunde<\/a>\u00a0und\u00a0<a href=\"https:\/\/www.loewen-apotheke24.com\/de\/product_tag\/vitamine-mineralien-nahrungsergaenzung\/\">Nahrungserg\u00e4nzungsmittel<\/a>. Unsere Erlaubnis finden Sie als\u00a0<a href=\"https:\/\/versandhandel.dimdi.de\/websearch\/servlet\/Gate;jsessionid=0D29D15655BE1174E9178A340E8FE6BC?accessid=dimdi_var&amp;term=3c387956690121ccc8763184f052b93f\" target=\"_blank\" rel=\"noopener\">Eintrag im Versandhandelsregister.<\/a><\/p>\n","protected":false},"excerpt":{"rendered":"<h2 style=\"text-align: left;\">ProIntens Endo Norm 7<\/h2>\n<p>ProIntens Endo Norm 7 ist ein Nahrungserg\u00e4nzungsmittel mit Biotin und der System Balance Formel.<\/p>\n<p><strong>PZN:<\/strong> 19694583\u00a0 (Pharmazentralnummer)<\/p>\n<p><strong>Darreichungsform<\/strong>: Kapseln<\/p>\n<p><strong>Verordnungsart<\/strong>: Rezeptfrei<\/p>\n<p><strong>Hersteller<\/strong>: Dr. Gehrke Pharma GmbH, Mauerbergstr. 187, 76534 Baden-Baden<\/p>\n<p><strong>Packungsgr\u00f6\u00dfe<\/strong>: 60 St.<\/p>\n","protected":false},"featured_media":163919,"template":"","meta":[],"product_cat":[43],"product_tag":[402,267,1035,265,469,990],"yoast_head":"<!-- This site is optimized with the Yoast SEO Premium plugin v21.0 (Yoast SEO v21.0) - https:\/\/yoast.com\/wordpress\/plugins\/seo\/ -->\n<title>ProIntens Endo Norm 7 (60 St\u00fcck) - in der Apotheke bestellen<\/title>\n<meta name=\"description\" content=\"Top-Service, kurze Lieferzeit, gratis Lieferung ab 30 \u20ac. ProIntens Endo Norm 7 (60 St\u00fcck). Nahrungserg\u00e4nzungsmittel mit der System Balance Formel\" \/>\n<meta name=\"robots\" content=\"index, follow, max-snippet:-1, max-image-preview:large, max-video-preview:-1\" \/>\n<link rel=\"canonical\" href=\"https:\/\/www.loewen-apotheke24.com\/de\/shop\/marke\/prointens-endo-norm-7-60-st-19694583\/\" \/>\n<meta property=\"og:locale\" content=\"de_DE\" \/>\n<meta property=\"og:type\" content=\"article\" \/>\n<meta property=\"og:title\" content=\"ProIntens Endo Norm 7 (60 St\u00fcck) - in der Apotheke bestellen\" \/>\n<meta property=\"og:description\" content=\"Top-Service, kurze Lieferzeit, gratis Lieferung ab 30 \u20ac. ProIntens Endo Norm 7 (60 St\u00fcck). Nahrungserg\u00e4nzungsmittel mit der System Balance Formel\" \/>\n<meta property=\"og:url\" content=\"https:\/\/www.loewen-apotheke24.com\/de\/shop\/marke\/prointens-endo-norm-7-60-st-19694583\/\" \/>\n<meta property=\"og:site_name\" content=\"L\u00f6wen Apotheke24\" \/>\n<meta property=\"article:modified_time\" content=\"2026-05-08T04:49:31+00:00\" \/>\n<meta property=\"og:image\" content=\"https:\/\/www.loewen-apotheke24.com\/wp-content\/uploads\/2026\/05\/ProIntens-Endo-Norm-7-PZN-19694583-Dr.-Gehrke-Pharma-Baden-Baden.webp\" \/>\n\t<meta property=\"og:image:width\" content=\"600\" \/>\n\t<meta property=\"og:image:height\" content=\"600\" \/>\n\t<meta property=\"og:image:type\" content=\"image\/webp\" \/>\n<meta name=\"twitter:card\" content=\"summary_large_image\" \/>\n<meta name=\"twitter:label1\" content=\"Gesch\u00e4tzte Lesezeit\" \/>\n\t<meta name=\"twitter:data1\" content=\"2\u00a0Minuten\" \/>\n<script type=\"application\/ld+json\" class=\"yoast-schema-graph\">{\"@context\":\"https:\/\/schema.org\",\"@graph\":[{\"@type\":\"WebPage\",\"@id\":\"https:\/\/www.loewen-apotheke24.com\/de\/shop\/marke\/prointens-endo-norm-7-60-st-19694583\/\",\"url\":\"https:\/\/www.loewen-apotheke24.com\/de\/shop\/marke\/prointens-endo-norm-7-60-st-19694583\/\",\"name\":\"ProIntens Endo Norm 7 (60 St\u00fcck) - in der Apotheke bestellen\",\"isPartOf\":{\"@id\":\"https:\/\/www.loewen-apotheke24.com\/de\/#website\"},\"datePublished\":\"2026-05-08T04:27:52+00:00\",\"dateModified\":\"2026-05-08T04:49:31+00:00\",\"description\":\"Top-Service, kurze Lieferzeit, gratis Lieferung ab 30 \u20ac. ProIntens Endo Norm 7 (60 St\u00fcck). Nahrungserg\u00e4nzungsmittel mit der System Balance Formel\",\"breadcrumb\":{\"@id\":\"https:\/\/www.loewen-apotheke24.com\/de\/shop\/marke\/prointens-endo-norm-7-60-st-19694583\/#breadcrumb\"},\"inLanguage\":\"de\",\"potentialAction\":[{\"@type\":\"ReadAction\",\"target\":[\"https:\/\/www.loewen-apotheke24.com\/de\/shop\/marke\/prointens-endo-norm-7-60-st-19694583\/\"]}]},{\"@type\":\"BreadcrumbList\",\"@id\":\"https:\/\/www.loewen-apotheke24.com\/de\/shop\/marke\/prointens-endo-norm-7-60-st-19694583\/#breadcrumb\",\"itemListElement\":[{\"@type\":\"ListItem\",\"position\":1,\"name\":\"Shop\",\"item\":\"https:\/\/www.loewen-apotheke24.com\/de\/shop\/\"},{\"@type\":\"ListItem\",\"position\":2,\"name\":\"ProIntens Endo Norm 7 (60 St\u00fcck)\"}]},{\"@type\":\"WebSite\",\"@id\":\"https:\/\/www.loewen-apotheke24.com\/de\/#website\",\"url\":\"https:\/\/www.loewen-apotheke24.com\/de\/\",\"name\":\"L\u00f6wen Apotheke24\",\"description\":\"Spezialist f\u00fcr Naturmedizin - Versandapotheke Baden-Baden\",\"publisher\":{\"@id\":\"https:\/\/www.loewen-apotheke24.com\/de\/#organization\"},\"potentialAction\":[{\"@type\":\"SearchAction\",\"target\":{\"@type\":\"EntryPoint\",\"urlTemplate\":\"https:\/\/www.loewen-apotheke24.com\/de\/?s={search_term_string}\"},\"query-input\":\"required name=search_term_string\"}],\"inLanguage\":\"de\"},{\"@type\":\"Organization\",\"@id\":\"https:\/\/www.loewen-apotheke24.com\/de\/#organization\",\"name\":\"L\u00f6wen Apotheke\",\"alternateName\":\"L\u00f6wen Apotheke\",\"url\":\"https:\/\/www.loewen-apotheke24.com\/de\/\",\"logo\":{\"@type\":\"ImageObject\",\"inLanguage\":\"de\",\"@id\":\"https:\/\/www.loewen-apotheke24.com\/de\/#\/schema\/logo\/image\/\",\"url\":\"https:\/\/www.loewen-apotheke24.com\/wp-content\/uploads\/2024\/02\/Logo-Loewen-Apotheke-700x700-1.png\",\"contentUrl\":\"https:\/\/www.loewen-apotheke24.com\/wp-content\/uploads\/2024\/02\/Logo-Loewen-Apotheke-700x700-1.png\",\"width\":700,\"height\":700,\"caption\":\"L\u00f6wen Apotheke\"},\"image\":{\"@id\":\"https:\/\/www.loewen-apotheke24.com\/de\/#\/schema\/logo\/image\/\"}}]}<\/script>\n<!-- \/ Yoast SEO Premium plugin. -->","yoast_head_json":{"title":"ProIntens Endo Norm 7 (60 St\u00fcck) - in der Apotheke bestellen","description":"Top-Service, kurze Lieferzeit, gratis Lieferung ab 30 \u20ac. ProIntens Endo Norm 7 (60 St\u00fcck). Nahrungserg\u00e4nzungsmittel mit der System Balance Formel","robots":{"index":"index","follow":"follow","max-snippet":"max-snippet:-1","max-image-preview":"max-image-preview:large","max-video-preview":"max-video-preview:-1"},"canonical":"https:\/\/www.loewen-apotheke24.com\/de\/shop\/marke\/prointens-endo-norm-7-60-st-19694583\/","og_locale":"de_DE","og_type":"article","og_title":"ProIntens Endo Norm 7 (60 St\u00fcck) - in der Apotheke bestellen","og_description":"Top-Service, kurze Lieferzeit, gratis Lieferung ab 30 \u20ac. ProIntens Endo Norm 7 (60 St\u00fcck). Nahrungserg\u00e4nzungsmittel mit der System Balance Formel","og_url":"https:\/\/www.loewen-apotheke24.com\/de\/shop\/marke\/prointens-endo-norm-7-60-st-19694583\/","og_site_name":"L\u00f6wen Apotheke24","article_modified_time":"2026-05-08T04:49:31+00:00","og_image":[{"width":600,"height":600,"url":"https:\/\/www.loewen-apotheke24.com\/wp-content\/uploads\/2026\/05\/ProIntens-Endo-Norm-7-PZN-19694583-Dr.-Gehrke-Pharma-Baden-Baden.webp","type":"image\/webp"}],"twitter_card":"summary_large_image","twitter_misc":{"Gesch\u00e4tzte Lesezeit":"2\u00a0Minuten"},"schema":{"@context":"https:\/\/schema.org","@graph":[{"@type":"WebPage","@id":"https:\/\/www.loewen-apotheke24.com\/de\/shop\/marke\/prointens-endo-norm-7-60-st-19694583\/","url":"https:\/\/www.loewen-apotheke24.com\/de\/shop\/marke\/prointens-endo-norm-7-60-st-19694583\/","name":"ProIntens Endo Norm 7 (60 St\u00fcck) - in der Apotheke bestellen","isPartOf":{"@id":"https:\/\/www.loewen-apotheke24.com\/de\/#website"},"datePublished":"2026-05-08T04:27:52+00:00","dateModified":"2026-05-08T04:49:31+00:00","description":"Top-Service, kurze Lieferzeit, gratis Lieferung ab 30 \u20ac. ProIntens Endo Norm 7 (60 St\u00fcck). Nahrungserg\u00e4nzungsmittel mit der System Balance Formel","breadcrumb":{"@id":"https:\/\/www.loewen-apotheke24.com\/de\/shop\/marke\/prointens-endo-norm-7-60-st-19694583\/#breadcrumb"},"inLanguage":"de","potentialAction":[{"@type":"ReadAction","target":["https:\/\/www.loewen-apotheke24.com\/de\/shop\/marke\/prointens-endo-norm-7-60-st-19694583\/"]}]},{"@type":"BreadcrumbList","@id":"https:\/\/www.loewen-apotheke24.com\/de\/shop\/marke\/prointens-endo-norm-7-60-st-19694583\/#breadcrumb","itemListElement":[{"@type":"ListItem","position":1,"name":"Shop","item":"https:\/\/www.loewen-apotheke24.com\/de\/shop\/"},{"@type":"ListItem","position":2,"name":"ProIntens Endo Norm 7 (60 St\u00fcck)"}]},{"@type":"WebSite","@id":"https:\/\/www.loewen-apotheke24.com\/de\/#website","url":"https:\/\/www.loewen-apotheke24.com\/de\/","name":"L\u00f6wen Apotheke24","description":"Spezialist f\u00fcr Naturmedizin - Versandapotheke Baden-Baden","publisher":{"@id":"https:\/\/www.loewen-apotheke24.com\/de\/#organization"},"potentialAction":[{"@type":"SearchAction","target":{"@type":"EntryPoint","urlTemplate":"https:\/\/www.loewen-apotheke24.com\/de\/?s={search_term_string}"},"query-input":"required name=search_term_string"}],"inLanguage":"de"},{"@type":"Organization","@id":"https:\/\/www.loewen-apotheke24.com\/de\/#organization","name":"L\u00f6wen Apotheke","alternateName":"L\u00f6wen Apotheke","url":"https:\/\/www.loewen-apotheke24.com\/de\/","logo":{"@type":"ImageObject","inLanguage":"de","@id":"https:\/\/www.loewen-apotheke24.com\/de\/#\/schema\/logo\/image\/","url":"https:\/\/www.loewen-apotheke24.com\/wp-content\/uploads\/2024\/02\/Logo-Loewen-Apotheke-700x700-1.png","contentUrl":"https:\/\/www.loewen-apotheke24.com\/wp-content\/uploads\/2024\/02\/Logo-Loewen-Apotheke-700x700-1.png","width":700,"height":700,"caption":"L\u00f6wen Apotheke"},"image":{"@id":"https:\/\/www.loewen-apotheke24.com\/de\/#\/schema\/logo\/image\/"}}]}},"_links":{"self":[{"href":"https:\/\/www.loewen-apotheke24.com\/de\/wp-json\/wp\/v2\/product\/163916"}],"collection":[{"href":"https:\/\/www.loewen-apotheke24.com\/de\/wp-json\/wp\/v2\/product"}],"about":[{"href":"https:\/\/www.loewen-apotheke24.com\/de\/wp-json\/wp\/v2\/types\/product"}],"wp:featuredmedia":[{"embeddable":true,"href":"https:\/\/www.loewen-apotheke24.com\/de\/wp-json\/wp\/v2\/media\/163919"}],"wp:attachment":[{"href":"https:\/\/www.loewen-apotheke24.com\/de\/wp-json\/wp\/v2\/media?parent=163916"}],"wp:term":[{"taxonomy":"product_cat","embeddable":true,"href":"https:\/\/www.loewen-apotheke24.com\/de\/wp-json\/wp\/v2\/product_cat?post=163916"},{"taxonomy":"product_tag","embeddable":true,"href":"https:\/\/www.loewen-apotheke24.com\/de\/wp-json\/wp\/v2\/product_tag?post=163916"}],"curies":[{"name":"wp","href":"https:\/\/api.w.org\/{rel}","templated":true}]}}