{"id":1761,"date":"2017-08-16T13:34:42","date_gmt":"2017-08-16T12:34:42","guid":{"rendered":"https:\/\/www.loewen-apotheke24.com\/?post_type=product&#038;p=1761"},"modified":"2025-03-13T19:47:10","modified_gmt":"2025-03-13T18:47:10","slug":"biochemie-dhu-24-arsenum-jodatum-d12-tabletten-420-st","status":"publish","type":"product","link":"https:\/\/www.loewen-apotheke24.com\/de\/shop\/dhu\/biochemie-dhu-24-arsenum-jodatum-d12-tabletten-420-st\/","title":{"rendered":"Biochemie DHU 24 Arsenum jodatum D12 Tabletten 420 St."},"content":{"rendered":"<h3>Biochemie DHU 24 Arsenum jodatum D12 Tabletten<\/h3>\n<p class=\"subtitle\">Das Salz der Atemwege und der Haut &#8211; DHU 24 Arsenum jodatum.<\/p>\n<p>Die Hom\u00f6opathie ist als eine effiziente, nebenwirkungsarme Alternative zur Schulmedizin bekannt oder kann diese sinnvoll begleiten und unterst\u00fctzen. W\u00e4hrend in der Allopathie, wie die\u2008Schulmedizin auch genannt wird, der\u2008Fokus auf der Symptombehandlung liegt, versteht die Hom\u00f6opathie Krankheitssymptome als Reaktionen auf St\u00f6rursachen, die darauf hinweisen, dass der K\u00f6rper versucht, wieder selbstt\u00e4tig in sein Gleichgewicht zu gelangen. Hom\u00f6opathiebegr\u00fcnder Samuel Hahnemann nannte dieses Gleichgewicht die \u201cLebenskraft\u201d. Hom\u00f6opathische Mittel setzen in diesem Prozess einen kraftvollen Heilimpuls, der vom Organismus als Ganzes aufgenommen und regulativ beantwortet wird.<\/p>\n<p>Je nach Bedarf bieten sich unterschiedliche Sch\u00fc\u00dfler-Salze zur Anwendung an. Dabei k\u00f6nnen auch verschiedene Mittel miteinander kombiniert werden.<\/p>\n<p><a href=\"https:\/\/www.pflueger.de\/\">Hier<\/a> finden sie weitere Informationen zum Produkt.<\/p>\n<p>Andere Produkte &amp; Packungsgr\u00f6\u00dfen vom Hersteller finden sie hier: <a href=\"https:\/\/www.loewen-apotheke24.com\/de\/product_cat\/pflueger\/?orderby=popularity\">Pfl\u00fcger<\/a><\/p>\n<p>Zu Risiken und Nebenwirkungen lesen Sie die Packungsbeilage und fragen Sie Ihren Arzt oder Apotheker.<\/p>\n<p>&nbsp;<\/p>\n","protected":false},"excerpt":{"rendered":"<h2>Biochemie DHU 24 Arsenum jodatum D12 Tabletten 420 St.<\/h2>\n<p>Das Salz der Atemwege und der Haut &#8211; DHU 24 Arsenum jodatum.<\/p>\n<p><strong>PZN<\/strong>: 06584580 (Pharmazentralnummer)<\/p>\n<p><strong>Darreichungsform<\/strong>:\u00a0 Tabletten<\/p>\n<p><strong>Marke<\/strong>:\u00a0<a href=\"https:\/\/www.loewen-apotheke24.com\/de\/product_cat\/pflueger\/?orderby=popularity\">Pfl\u00fcger<\/a><\/p>\n<p><strong>Hersteller<\/strong>:\u00a0<a href=\"https:\/\/www.loewen-apotheke24.com\/de\/product_cat\/pflueger\/?orderby=popularity\">Pfl\u00fcger<\/a><\/p>\n","protected":false},"featured_media":103878,"template":"","meta":[],"product_cat":[47],"product_tag":[176,177,169,178,134],"yoast_head":"<!-- This site is optimized with the Yoast SEO Premium plugin v21.0 (Yoast SEO v21.0) - https:\/\/yoast.com\/wordpress\/plugins\/seo\/ -->\n<title>Biochemie DHU 24 Arsenum jodatum D12 Tabletten 420 St.<\/title>\n<meta name=\"description\" content=\"L\u00f6wen Apotheke24 aus Baden-Baden, DE - kurze Lieferzeit - Spezialist f\u00fcr Naturheilkunde - Biochemie DHU 24 Arsenum jodatum D12 Tabletten 420 St.\" \/>\n<meta name=\"robots\" content=\"index, follow, max-snippet:-1, max-image-preview:large, max-video-preview:-1\" \/>\n<link rel=\"canonical\" href=\"https:\/\/www.loewen-apotheke24.com\/de\/shop\/dhu\/biochemie-dhu-24-arsenum-jodatum-d12-tabletten-420-st\/\" \/>\n<meta property=\"og:locale\" content=\"de_DE\" \/>\n<meta property=\"og:type\" content=\"article\" \/>\n<meta property=\"og:title\" content=\"Biochemie DHU 24 Arsenum jodatum D12 Tabletten 420 St.\" \/>\n<meta property=\"og:description\" content=\"L\u00f6wen Apotheke24 aus Baden-Baden, DE - kurze Lieferzeit - Spezialist f\u00fcr Naturheilkunde - Biochemie DHU 24 Arsenum jodatum D12 Tabletten 420 St.\" \/>\n<meta property=\"og:url\" content=\"https:\/\/www.loewen-apotheke24.com\/de\/shop\/dhu\/biochemie-dhu-24-arsenum-jodatum-d12-tabletten-420-st\/\" \/>\n<meta property=\"og:site_name\" content=\"L\u00f6wen Apotheke24\" \/>\n<meta property=\"article:modified_time\" content=\"2025-03-13T18:47:10+00:00\" \/>\n<meta property=\"og:image\" content=\"https:\/\/www.loewen-apotheke24.com\/wp-content\/uploads\/2017\/08\/biochemie-dhu-generik-loewen-apotheke24.webp\" \/>\n\t<meta property=\"og:image:width\" content=\"600\" \/>\n\t<meta property=\"og:image:height\" content=\"600\" \/>\n\t<meta property=\"og:image:type\" content=\"image\/webp\" \/>\n<meta name=\"twitter:card\" content=\"summary_large_image\" \/>\n<meta name=\"twitter:label1\" content=\"Gesch\u00e4tzte Lesezeit\" \/>\n\t<meta name=\"twitter:data1\" content=\"1\u00a0Minute\" \/>\n<script type=\"application\/ld+json\" class=\"yoast-schema-graph\">{\"@context\":\"https:\/\/schema.org\",\"@graph\":[{\"@type\":\"WebPage\",\"@id\":\"https:\/\/www.loewen-apotheke24.com\/de\/shop\/dhu\/biochemie-dhu-24-arsenum-jodatum-d12-tabletten-420-st\/\",\"url\":\"https:\/\/www.loewen-apotheke24.com\/de\/shop\/dhu\/biochemie-dhu-24-arsenum-jodatum-d12-tabletten-420-st\/\",\"name\":\"Biochemie DHU 24 Arsenum jodatum D12 Tabletten 420 St.\",\"isPartOf\":{\"@id\":\"https:\/\/www.loewen-apotheke24.com\/de\/#website\"},\"datePublished\":\"2017-08-16T12:34:42+00:00\",\"dateModified\":\"2025-03-13T18:47:10+00:00\",\"description\":\"L\u00f6wen Apotheke24 aus Baden-Baden, DE - kurze Lieferzeit - Spezialist f\u00fcr Naturheilkunde - Biochemie DHU 24 Arsenum jodatum D12 Tabletten 420 St.\",\"breadcrumb\":{\"@id\":\"https:\/\/www.loewen-apotheke24.com\/de\/shop\/dhu\/biochemie-dhu-24-arsenum-jodatum-d12-tabletten-420-st\/#breadcrumb\"},\"inLanguage\":\"de\",\"potentialAction\":[{\"@type\":\"ReadAction\",\"target\":[\"https:\/\/www.loewen-apotheke24.com\/de\/shop\/dhu\/biochemie-dhu-24-arsenum-jodatum-d12-tabletten-420-st\/\"]}]},{\"@type\":\"BreadcrumbList\",\"@id\":\"https:\/\/www.loewen-apotheke24.com\/de\/shop\/dhu\/biochemie-dhu-24-arsenum-jodatum-d12-tabletten-420-st\/#breadcrumb\",\"itemListElement\":[{\"@type\":\"ListItem\",\"position\":1,\"name\":\"Shop\",\"item\":\"https:\/\/www.loewen-apotheke24.com\/de\/shop\/\"},{\"@type\":\"ListItem\",\"position\":2,\"name\":\"Biochemie DHU 24 Arsenum jodatum D12 Tabletten 420 St.\"}]},{\"@type\":\"WebSite\",\"@id\":\"https:\/\/www.loewen-apotheke24.com\/de\/#website\",\"url\":\"https:\/\/www.loewen-apotheke24.com\/de\/\",\"name\":\"L\u00f6wen Apotheke24\",\"description\":\"Spezialist f\u00fcr Naturmedizin - Versandapotheke Baden-Baden\",\"publisher\":{\"@id\":\"https:\/\/www.loewen-apotheke24.com\/de\/#organization\"},\"potentialAction\":[{\"@type\":\"SearchAction\",\"target\":{\"@type\":\"EntryPoint\",\"urlTemplate\":\"https:\/\/www.loewen-apotheke24.com\/de\/?s={search_term_string}\"},\"query-input\":\"required name=search_term_string\"}],\"inLanguage\":\"de\"},{\"@type\":\"Organization\",\"@id\":\"https:\/\/www.loewen-apotheke24.com\/de\/#organization\",\"name\":\"L\u00f6wen Apotheke\",\"alternateName\":\"L\u00f6wen Apotheke\",\"url\":\"https:\/\/www.loewen-apotheke24.com\/de\/\",\"logo\":{\"@type\":\"ImageObject\",\"inLanguage\":\"de\",\"@id\":\"https:\/\/www.loewen-apotheke24.com\/de\/#\/schema\/logo\/image\/\",\"url\":\"https:\/\/www.loewen-apotheke24.com\/wp-content\/uploads\/2024\/02\/Logo-Loewen-Apotheke-700x700-1.png\",\"contentUrl\":\"https:\/\/www.loewen-apotheke24.com\/wp-content\/uploads\/2024\/02\/Logo-Loewen-Apotheke-700x700-1.png\",\"width\":700,\"height\":700,\"caption\":\"L\u00f6wen Apotheke\"},\"image\":{\"@id\":\"https:\/\/www.loewen-apotheke24.com\/de\/#\/schema\/logo\/image\/\"}}]}<\/script>\n<!-- \/ Yoast SEO Premium plugin. -->","yoast_head_json":{"title":"Biochemie DHU 24 Arsenum jodatum D12 Tabletten 420 St.","description":"L\u00f6wen Apotheke24 aus Baden-Baden, DE - kurze Lieferzeit - Spezialist f\u00fcr Naturheilkunde - Biochemie DHU 24 Arsenum jodatum D12 Tabletten 420 St.","robots":{"index":"index","follow":"follow","max-snippet":"max-snippet:-1","max-image-preview":"max-image-preview:large","max-video-preview":"max-video-preview:-1"},"canonical":"https:\/\/www.loewen-apotheke24.com\/de\/shop\/dhu\/biochemie-dhu-24-arsenum-jodatum-d12-tabletten-420-st\/","og_locale":"de_DE","og_type":"article","og_title":"Biochemie DHU 24 Arsenum jodatum D12 Tabletten 420 St.","og_description":"L\u00f6wen Apotheke24 aus Baden-Baden, DE - kurze Lieferzeit - Spezialist f\u00fcr Naturheilkunde - Biochemie DHU 24 Arsenum jodatum D12 Tabletten 420 St.","og_url":"https:\/\/www.loewen-apotheke24.com\/de\/shop\/dhu\/biochemie-dhu-24-arsenum-jodatum-d12-tabletten-420-st\/","og_site_name":"L\u00f6wen Apotheke24","article_modified_time":"2025-03-13T18:47:10+00:00","og_image":[{"width":600,"height":600,"url":"https:\/\/www.loewen-apotheke24.com\/wp-content\/uploads\/2017\/08\/biochemie-dhu-generik-loewen-apotheke24.webp","type":"image\/webp"}],"twitter_card":"summary_large_image","twitter_misc":{"Gesch\u00e4tzte Lesezeit":"1\u00a0Minute"},"schema":{"@context":"https:\/\/schema.org","@graph":[{"@type":"WebPage","@id":"https:\/\/www.loewen-apotheke24.com\/de\/shop\/dhu\/biochemie-dhu-24-arsenum-jodatum-d12-tabletten-420-st\/","url":"https:\/\/www.loewen-apotheke24.com\/de\/shop\/dhu\/biochemie-dhu-24-arsenum-jodatum-d12-tabletten-420-st\/","name":"Biochemie DHU 24 Arsenum jodatum D12 Tabletten 420 St.","isPartOf":{"@id":"https:\/\/www.loewen-apotheke24.com\/de\/#website"},"datePublished":"2017-08-16T12:34:42+00:00","dateModified":"2025-03-13T18:47:10+00:00","description":"L\u00f6wen Apotheke24 aus Baden-Baden, DE - kurze Lieferzeit - Spezialist f\u00fcr Naturheilkunde - Biochemie DHU 24 Arsenum jodatum D12 Tabletten 420 St.","breadcrumb":{"@id":"https:\/\/www.loewen-apotheke24.com\/de\/shop\/dhu\/biochemie-dhu-24-arsenum-jodatum-d12-tabletten-420-st\/#breadcrumb"},"inLanguage":"de","potentialAction":[{"@type":"ReadAction","target":["https:\/\/www.loewen-apotheke24.com\/de\/shop\/dhu\/biochemie-dhu-24-arsenum-jodatum-d12-tabletten-420-st\/"]}]},{"@type":"BreadcrumbList","@id":"https:\/\/www.loewen-apotheke24.com\/de\/shop\/dhu\/biochemie-dhu-24-arsenum-jodatum-d12-tabletten-420-st\/#breadcrumb","itemListElement":[{"@type":"ListItem","position":1,"name":"Shop","item":"https:\/\/www.loewen-apotheke24.com\/de\/shop\/"},{"@type":"ListItem","position":2,"name":"Biochemie DHU 24 Arsenum jodatum D12 Tabletten 420 St."}]},{"@type":"WebSite","@id":"https:\/\/www.loewen-apotheke24.com\/de\/#website","url":"https:\/\/www.loewen-apotheke24.com\/de\/","name":"L\u00f6wen Apotheke24","description":"Spezialist f\u00fcr Naturmedizin - Versandapotheke Baden-Baden","publisher":{"@id":"https:\/\/www.loewen-apotheke24.com\/de\/#organization"},"potentialAction":[{"@type":"SearchAction","target":{"@type":"EntryPoint","urlTemplate":"https:\/\/www.loewen-apotheke24.com\/de\/?s={search_term_string}"},"query-input":"required name=search_term_string"}],"inLanguage":"de"},{"@type":"Organization","@id":"https:\/\/www.loewen-apotheke24.com\/de\/#organization","name":"L\u00f6wen Apotheke","alternateName":"L\u00f6wen Apotheke","url":"https:\/\/www.loewen-apotheke24.com\/de\/","logo":{"@type":"ImageObject","inLanguage":"de","@id":"https:\/\/www.loewen-apotheke24.com\/de\/#\/schema\/logo\/image\/","url":"https:\/\/www.loewen-apotheke24.com\/wp-content\/uploads\/2024\/02\/Logo-Loewen-Apotheke-700x700-1.png","contentUrl":"https:\/\/www.loewen-apotheke24.com\/wp-content\/uploads\/2024\/02\/Logo-Loewen-Apotheke-700x700-1.png","width":700,"height":700,"caption":"L\u00f6wen Apotheke"},"image":{"@id":"https:\/\/www.loewen-apotheke24.com\/de\/#\/schema\/logo\/image\/"}}]}},"_links":{"self":[{"href":"https:\/\/www.loewen-apotheke24.com\/de\/wp-json\/wp\/v2\/product\/1761"}],"collection":[{"href":"https:\/\/www.loewen-apotheke24.com\/de\/wp-json\/wp\/v2\/product"}],"about":[{"href":"https:\/\/www.loewen-apotheke24.com\/de\/wp-json\/wp\/v2\/types\/product"}],"wp:featuredmedia":[{"embeddable":true,"href":"https:\/\/www.loewen-apotheke24.com\/de\/wp-json\/wp\/v2\/media\/103878"}],"wp:attachment":[{"href":"https:\/\/www.loewen-apotheke24.com\/de\/wp-json\/wp\/v2\/media?parent=1761"}],"wp:term":[{"taxonomy":"product_cat","embeddable":true,"href":"https:\/\/www.loewen-apotheke24.com\/de\/wp-json\/wp\/v2\/product_cat?post=1761"},{"taxonomy":"product_tag","embeddable":true,"href":"https:\/\/www.loewen-apotheke24.com\/de\/wp-json\/wp\/v2\/product_tag?post=1761"}],"curies":[{"name":"wp","href":"https:\/\/api.w.org\/{rel}","templated":true}]}}