{"id":1982,"date":"2017-11-14T13:37:52","date_gmt":"2017-11-14T12:37:52","guid":{"rendered":"https:\/\/www.loewen-apotheke24.com\/?post_type=product&#038;p=1982"},"modified":"2026-03-12T08:17:23","modified_gmt":"2026-03-12T07:17:23","slug":"neyvit-nr-66-zellkraft-tabletten-60st-en","status":"publish","type":"product","link":"https:\/\/www.loewen-apotheke24.com\/de\/shop\/vitorgan\/neyvit-nr-66-zellkraft-tabletten-60st-en\/","title":{"rendered":"NeyVit Nr.66 Zellkraft Tabletten 60St."},"content":{"rendered":"<h3 style=\"text-align: left;\">NeyVit Nr.66 Zellkraft Tabletten 60St.<\/h3>\n<p style=\"text-align: left;\">Magensaftresistente Tabletten mit Organextrakt und Vitamin D. NeyVit Nr.66 Zellkraft Tabletten.<\/p>\n<p>NeyVit Zellkraft enth\u00e4lt neben dem Organextrakt aus Thymus zus\u00e4tzlich Extrakte aus Milz, Leber und Lunge sowie das essentielle Spurenelement Zink und Vitamin D3. Zink sowie Vitamin D3 sind f\u00fcr ein optimal funktionierendes Immunsystem und eine ordnungsgem\u00e4\u00dfe Zellteilung wichtig. Zink sch\u00fctzt die Zellen vor Sch\u00e4digung durch aggressive Sauerstoffradikale und Peroxide (oxidativer Stress).<\/p>\n<p style=\"text-align: left;\">Die Biomolekulare vitOrgan-Therapie ist eine Erfolgstherapie. Sie schl\u00e4gt die Br\u00fccke zwischen der so genannten Schulmedizin und den Naturheilverfahren. Dabei nutzt sie nutzt die nat\u00fcrlichen regulatorisch und metabolisch wirkenden Substanzen, die bei Mensch und Tier gleicherma\u00dfen vorhanden sind, um bei einer Krankheit aus dem Gleichgewicht geratene Prozesse physiologisch wieder zu normalisieren \u2013 und damit den Patienten nicht nur symptomatisch, sondern kausal zu behandeln. Nicht blockieren, sondern regulieren. Das ist das zentrale Prinzip der vitOrgan-Therapie, die durch ihre vernetzte und ganzheitliche Denkweise den Menschen in seiner Ganzheit behandelt.<\/p>\n<h3 style=\"text-align: left;\">Beipackzettel \/ Flyer:<\/h3>\n<p><a href=\"https:\/\/www.loewen-apotheke24.com\/wp-content\/uploads\/2017\/11\/Flyer_NeyVit_Nr.66.pdf\">Flyer NeyVit Nr.66<\/a><\/p>\n<h3 style=\"text-align: left;\">Hinweise:<\/h3>\n<p>Angaben vom Hersteller vitOrgan zu NeyVit Nr.66 &#8211; <a href=\"https:\/\/vitorgan.de\/produkte-human\/neyvit\/\" target=\"_blank\" rel=\"noopener noreferrer\">zur Webseite<\/a><br \/>\nAndere Produkte von <a href=\"https:\/\/www.loewen-apotheke24.com\/de\/product_cat\/vitorgan\/\">vitOrgan<\/a><\/p>\n<p>Zu Risiken und Nebenwirkungen lesen Sie die Packungsbeilage und fragen Sie Ihren Arzt oder Apotheker.<\/p>\n","protected":false},"excerpt":{"rendered":"<h2 style=\"text-align: left;\">NeyVit Nr.66 Zellkraft Tabletten 60 St.<\/h2>\n<p>Magensaftresistente Tabletten mit Organextrakt und Vitamin D<\/p>\n<p><strong>PZN<\/strong>: 13421223 (Pharmazentralnummer)<\/p>\n<p><strong>Darreichungsform<\/strong>:\u00a0 Tabletten<\/p>\n<p><strong>Packungsgr\u00f6\u00dfe<\/strong>:\u00a0 60 St.<\/p>\n<p><strong>Marke<\/strong>: <a href=\"https:\/\/www.loewen-apotheke24.com\/de\/product_tag\/vitorgan\/\">vitorgan<\/a><\/p>\n<p><strong>Hersteller<\/strong>: vitOrgan GmbH &amp; Co.KG<\/p>\n","protected":false},"featured_media":108513,"template":"","meta":[],"product_cat":[12],"product_tag":[97,302],"yoast_head":"<!-- This site is optimized with the Yoast SEO Premium plugin v21.0 (Yoast SEO v21.0) - https:\/\/yoast.com\/wordpress\/plugins\/seo\/ -->\n<title>NeyVit Nr.66 Zellkraft Tabletten 60St. - L\u00f6wen Apotheke24 - g\u00fcnstig kaufen<\/title>\n<meta name=\"description\" content=\"Online-Apotheke - Spezialist f\u00fcr Naturheilkunde. Schnelle Lieferung, versandkostenfrei ab 30\u20ac. vitOrgan - NeyVit Nr.66 Zellkraft Tabletten 60St.. Auf Lager\" \/>\n<meta name=\"robots\" content=\"index, follow, max-snippet:-1, max-image-preview:large, max-video-preview:-1\" \/>\n<link rel=\"canonical\" href=\"https:\/\/www.loewen-apotheke24.com\/de\/shop\/vitorgan\/neyvit-nr-66-zellkraft-tabletten-60st-en\/\" \/>\n<meta property=\"og:locale\" content=\"de_DE\" \/>\n<meta property=\"og:type\" content=\"article\" \/>\n<meta property=\"og:title\" content=\"NeyVit Nr.66 Zellkraft Tabletten 60St. - L\u00f6wen Apotheke24 - g\u00fcnstig kaufen\" \/>\n<meta property=\"og:description\" content=\"Online-Apotheke - Spezialist f\u00fcr Naturheilkunde. Schnelle Lieferung, versandkostenfrei ab 30\u20ac. vitOrgan - NeyVit Nr.66 Zellkraft Tabletten 60St.. Auf Lager\" \/>\n<meta property=\"og:url\" content=\"https:\/\/www.loewen-apotheke24.com\/de\/shop\/vitorgan\/neyvit-nr-66-zellkraft-tabletten-60st-en\/\" \/>\n<meta property=\"og:site_name\" content=\"L\u00f6wen Apotheke24\" \/>\n<meta property=\"article:modified_time\" content=\"2026-03-12T07:17:23+00:00\" \/>\n<meta property=\"og:image\" content=\"https:\/\/www.loewen-apotheke24.com\/wp-content\/uploads\/2017\/11\/NeyVit-Nr.-66-Zellkraft-vitOrgan-13421223-Loewen-Apotheke24-1.webp\" \/>\n\t<meta property=\"og:image:width\" content=\"600\" \/>\n\t<meta property=\"og:image:height\" content=\"600\" \/>\n\t<meta property=\"og:image:type\" content=\"image\/webp\" \/>\n<meta name=\"twitter:card\" content=\"summary_large_image\" \/>\n<meta name=\"twitter:label1\" content=\"Gesch\u00e4tzte Lesezeit\" \/>\n\t<meta name=\"twitter:data1\" content=\"2\u00a0Minuten\" \/>\n<script type=\"application\/ld+json\" class=\"yoast-schema-graph\">{\"@context\":\"https:\/\/schema.org\",\"@graph\":[{\"@type\":\"WebPage\",\"@id\":\"https:\/\/www.loewen-apotheke24.com\/de\/shop\/vitorgan\/neyvit-nr-66-zellkraft-tabletten-60st-en\/\",\"url\":\"https:\/\/www.loewen-apotheke24.com\/de\/shop\/vitorgan\/neyvit-nr-66-zellkraft-tabletten-60st-en\/\",\"name\":\"NeyVit Nr.66 Zellkraft Tabletten 60St. - L\u00f6wen Apotheke24 - g\u00fcnstig kaufen\",\"isPartOf\":{\"@id\":\"https:\/\/www.loewen-apotheke24.com\/de\/#website\"},\"datePublished\":\"2017-11-14T12:37:52+00:00\",\"dateModified\":\"2026-03-12T07:17:23+00:00\",\"description\":\"Online-Apotheke - Spezialist f\u00fcr Naturheilkunde. Schnelle Lieferung, versandkostenfrei ab 30\u20ac. vitOrgan - NeyVit Nr.66 Zellkraft Tabletten 60St.. Auf Lager\",\"breadcrumb\":{\"@id\":\"https:\/\/www.loewen-apotheke24.com\/de\/shop\/vitorgan\/neyvit-nr-66-zellkraft-tabletten-60st-en\/#breadcrumb\"},\"inLanguage\":\"de\",\"potentialAction\":[{\"@type\":\"ReadAction\",\"target\":[\"https:\/\/www.loewen-apotheke24.com\/de\/shop\/vitorgan\/neyvit-nr-66-zellkraft-tabletten-60st-en\/\"]}]},{\"@type\":\"BreadcrumbList\",\"@id\":\"https:\/\/www.loewen-apotheke24.com\/de\/shop\/vitorgan\/neyvit-nr-66-zellkraft-tabletten-60st-en\/#breadcrumb\",\"itemListElement\":[{\"@type\":\"ListItem\",\"position\":1,\"name\":\"Shop\",\"item\":\"https:\/\/www.loewen-apotheke24.com\/de\/shop\/\"},{\"@type\":\"ListItem\",\"position\":2,\"name\":\"NeyVit Nr.66 Zellkraft Tabletten 60St.\"}]},{\"@type\":\"WebSite\",\"@id\":\"https:\/\/www.loewen-apotheke24.com\/de\/#website\",\"url\":\"https:\/\/www.loewen-apotheke24.com\/de\/\",\"name\":\"L\u00f6wen Apotheke24\",\"description\":\"Spezialist f\u00fcr Naturmedizin - Versandapotheke Baden-Baden\",\"publisher\":{\"@id\":\"https:\/\/www.loewen-apotheke24.com\/de\/#organization\"},\"potentialAction\":[{\"@type\":\"SearchAction\",\"target\":{\"@type\":\"EntryPoint\",\"urlTemplate\":\"https:\/\/www.loewen-apotheke24.com\/de\/?s={search_term_string}\"},\"query-input\":\"required name=search_term_string\"}],\"inLanguage\":\"de\"},{\"@type\":\"Organization\",\"@id\":\"https:\/\/www.loewen-apotheke24.com\/de\/#organization\",\"name\":\"L\u00f6wen Apotheke\",\"alternateName\":\"L\u00f6wen Apotheke\",\"url\":\"https:\/\/www.loewen-apotheke24.com\/de\/\",\"logo\":{\"@type\":\"ImageObject\",\"inLanguage\":\"de\",\"@id\":\"https:\/\/www.loewen-apotheke24.com\/de\/#\/schema\/logo\/image\/\",\"url\":\"https:\/\/www.loewen-apotheke24.com\/wp-content\/uploads\/2024\/02\/Logo-Loewen-Apotheke-700x700-1.png\",\"contentUrl\":\"https:\/\/www.loewen-apotheke24.com\/wp-content\/uploads\/2024\/02\/Logo-Loewen-Apotheke-700x700-1.png\",\"width\":700,\"height\":700,\"caption\":\"L\u00f6wen Apotheke\"},\"image\":{\"@id\":\"https:\/\/www.loewen-apotheke24.com\/de\/#\/schema\/logo\/image\/\"}}]}<\/script>\n<!-- \/ Yoast SEO Premium plugin. -->","yoast_head_json":{"title":"NeyVit Nr.66 Zellkraft Tabletten 60St. - L\u00f6wen Apotheke24 - g\u00fcnstig kaufen","description":"Online-Apotheke - Spezialist f\u00fcr Naturheilkunde. Schnelle Lieferung, versandkostenfrei ab 30\u20ac. vitOrgan - NeyVit Nr.66 Zellkraft Tabletten 60St.. Auf Lager","robots":{"index":"index","follow":"follow","max-snippet":"max-snippet:-1","max-image-preview":"max-image-preview:large","max-video-preview":"max-video-preview:-1"},"canonical":"https:\/\/www.loewen-apotheke24.com\/de\/shop\/vitorgan\/neyvit-nr-66-zellkraft-tabletten-60st-en\/","og_locale":"de_DE","og_type":"article","og_title":"NeyVit Nr.66 Zellkraft Tabletten 60St. - L\u00f6wen Apotheke24 - g\u00fcnstig kaufen","og_description":"Online-Apotheke - Spezialist f\u00fcr Naturheilkunde. Schnelle Lieferung, versandkostenfrei ab 30\u20ac. vitOrgan - NeyVit Nr.66 Zellkraft Tabletten 60St.. Auf Lager","og_url":"https:\/\/www.loewen-apotheke24.com\/de\/shop\/vitorgan\/neyvit-nr-66-zellkraft-tabletten-60st-en\/","og_site_name":"L\u00f6wen Apotheke24","article_modified_time":"2026-03-12T07:17:23+00:00","og_image":[{"width":600,"height":600,"url":"https:\/\/www.loewen-apotheke24.com\/wp-content\/uploads\/2017\/11\/NeyVit-Nr.-66-Zellkraft-vitOrgan-13421223-Loewen-Apotheke24-1.webp","type":"image\/webp"}],"twitter_card":"summary_large_image","twitter_misc":{"Gesch\u00e4tzte Lesezeit":"2\u00a0Minuten"},"schema":{"@context":"https:\/\/schema.org","@graph":[{"@type":"WebPage","@id":"https:\/\/www.loewen-apotheke24.com\/de\/shop\/vitorgan\/neyvit-nr-66-zellkraft-tabletten-60st-en\/","url":"https:\/\/www.loewen-apotheke24.com\/de\/shop\/vitorgan\/neyvit-nr-66-zellkraft-tabletten-60st-en\/","name":"NeyVit Nr.66 Zellkraft Tabletten 60St. - L\u00f6wen Apotheke24 - g\u00fcnstig kaufen","isPartOf":{"@id":"https:\/\/www.loewen-apotheke24.com\/de\/#website"},"datePublished":"2017-11-14T12:37:52+00:00","dateModified":"2026-03-12T07:17:23+00:00","description":"Online-Apotheke - Spezialist f\u00fcr Naturheilkunde. Schnelle Lieferung, versandkostenfrei ab 30\u20ac. vitOrgan - NeyVit Nr.66 Zellkraft Tabletten 60St.. Auf Lager","breadcrumb":{"@id":"https:\/\/www.loewen-apotheke24.com\/de\/shop\/vitorgan\/neyvit-nr-66-zellkraft-tabletten-60st-en\/#breadcrumb"},"inLanguage":"de","potentialAction":[{"@type":"ReadAction","target":["https:\/\/www.loewen-apotheke24.com\/de\/shop\/vitorgan\/neyvit-nr-66-zellkraft-tabletten-60st-en\/"]}]},{"@type":"BreadcrumbList","@id":"https:\/\/www.loewen-apotheke24.com\/de\/shop\/vitorgan\/neyvit-nr-66-zellkraft-tabletten-60st-en\/#breadcrumb","itemListElement":[{"@type":"ListItem","position":1,"name":"Shop","item":"https:\/\/www.loewen-apotheke24.com\/de\/shop\/"},{"@type":"ListItem","position":2,"name":"NeyVit Nr.66 Zellkraft Tabletten 60St."}]},{"@type":"WebSite","@id":"https:\/\/www.loewen-apotheke24.com\/de\/#website","url":"https:\/\/www.loewen-apotheke24.com\/de\/","name":"L\u00f6wen Apotheke24","description":"Spezialist f\u00fcr Naturmedizin - Versandapotheke Baden-Baden","publisher":{"@id":"https:\/\/www.loewen-apotheke24.com\/de\/#organization"},"potentialAction":[{"@type":"SearchAction","target":{"@type":"EntryPoint","urlTemplate":"https:\/\/www.loewen-apotheke24.com\/de\/?s={search_term_string}"},"query-input":"required name=search_term_string"}],"inLanguage":"de"},{"@type":"Organization","@id":"https:\/\/www.loewen-apotheke24.com\/de\/#organization","name":"L\u00f6wen Apotheke","alternateName":"L\u00f6wen Apotheke","url":"https:\/\/www.loewen-apotheke24.com\/de\/","logo":{"@type":"ImageObject","inLanguage":"de","@id":"https:\/\/www.loewen-apotheke24.com\/de\/#\/schema\/logo\/image\/","url":"https:\/\/www.loewen-apotheke24.com\/wp-content\/uploads\/2024\/02\/Logo-Loewen-Apotheke-700x700-1.png","contentUrl":"https:\/\/www.loewen-apotheke24.com\/wp-content\/uploads\/2024\/02\/Logo-Loewen-Apotheke-700x700-1.png","width":700,"height":700,"caption":"L\u00f6wen Apotheke"},"image":{"@id":"https:\/\/www.loewen-apotheke24.com\/de\/#\/schema\/logo\/image\/"}}]}},"_links":{"self":[{"href":"https:\/\/www.loewen-apotheke24.com\/de\/wp-json\/wp\/v2\/product\/1982"}],"collection":[{"href":"https:\/\/www.loewen-apotheke24.com\/de\/wp-json\/wp\/v2\/product"}],"about":[{"href":"https:\/\/www.loewen-apotheke24.com\/de\/wp-json\/wp\/v2\/types\/product"}],"wp:featuredmedia":[{"embeddable":true,"href":"https:\/\/www.loewen-apotheke24.com\/de\/wp-json\/wp\/v2\/media\/108513"}],"wp:attachment":[{"href":"https:\/\/www.loewen-apotheke24.com\/de\/wp-json\/wp\/v2\/media?parent=1982"}],"wp:term":[{"taxonomy":"product_cat","embeddable":true,"href":"https:\/\/www.loewen-apotheke24.com\/de\/wp-json\/wp\/v2\/product_cat?post=1982"},{"taxonomy":"product_tag","embeddable":true,"href":"https:\/\/www.loewen-apotheke24.com\/de\/wp-json\/wp\/v2\/product_tag?post=1982"}],"curies":[{"name":"wp","href":"https:\/\/api.w.org\/{rel}","templated":true}]}}