{"id":22835,"date":"2020-10-28T15:39:19","date_gmt":"2020-10-28T14:39:19","guid":{"rendered":"https:\/\/www.loewen-apotheke24.com\/?post_type=product&#038;p=22835"},"modified":"2025-02-18T08:09:37","modified_gmt":"2025-02-18T07:09:37","slug":"vitasprint-b-12-trinkflaeschchen-10-st","status":"publish","type":"product","link":"https:\/\/www.loewen-apotheke24.com\/de\/shop\/marke\/vitasprint-b-12-trinkflaeschchen-10-st\/","title":{"rendered":"Vitasprint B 12 Trinkfl\u00e4schchen 10 St."},"content":{"rendered":"<h3>Vitasprint B 12 Trinkfl\u00e4schchen 10 St.<\/h3>\n<p>Vitasprint B 12 Trinkfl\u00e4schchen 10 St.. Um wieder leistungsf\u00e4hig zu sein und K\u00f6rper und Geist fit zu halten, hilft die t\u00e4gliche Dosis Energie. Die bew\u00e4hrte Formel mit hochdosiertem Vitamin B12 kann Ihnen bei Symptomen wie Abgespanntheit oder Konzentrationsschw\u00e4che helfen. Als Arzneimittel unterst\u00fctzt Vitasprint B12 Sie dabei, Ihre geistige und k\u00f6rperliche Energie zur\u00fcckzuerlangen und sich wieder in Form f\u00fchlen. Entdecken Sie die Wirkweise von Vitasprint B12, dem Energietonikum Nummer 1<sup>*<\/sup> in Deutschland.<\/p>\n<div class=\"box component section col-xs-12 odd p-d-y-2 p-m-x-2 p-m-y-2\">\n<div id=\"1142600254\" class=\"component-content\" data-rendition-type=\"box\" data-path=\"\/content\/cf-consumer-healthcare\/bp-vitasprint\/de_DE\/home\/produkte\/vitasprint-b12\/jcr:content\/content\/box_copy\">\n<div class=\"content paragraphSystem\">\n<div class=\"box component section col-xs-12 first odd last max-content-width s-m-1\">\n<div id=\"0763098640\" class=\"component-content\" data-rendition-type=\"box\" data-path=\"\/content\/cf-consumer-healthcare\/bp-vitasprint\/de_DE\/home\/produkte\/vitasprint-b12\/jcr:content\/content\/box_copy\/content\/box_copy\">\n<div class=\"content paragraphSystem\">\n<div class=\"title component section col-xs-12 first odd title-color-4 title-d-center title-m-center\">\n<div class=\"component-content\">\n<h2 class=\"title-heading\"><span style=\"font-size: 12pt;\">Vitasprint B12 als Aufbaukur anwenden<\/span><\/h2>\n<\/div>\n<\/div>\n<div class=\"richText component section col-xs-12 even last text-left-m text-center-d\">\n<div class=\"component-content\">\n<div class=\"richText-content\">\n<p>Vitasprint B12 ist im Trinkfl\u00e4schchen, aber auch in Kapselform erh\u00e4ltlich. In beiden F\u00e4llen eignet sich Vitasprint B12 als Aufbaukur mit einer langfristigen Einnahme von z.B. 30 Tagen, f\u00fcr mehr geistige und k\u00f6rperliche Energie. Auf diese Weise k\u00f6nnen die k\u00f6rpereigenen Vitamin-B12-Depots nachhaltig aufgef\u00fcllt werden.<\/p>\n<\/div>\n<\/div>\n<\/div>\n<\/div>\n<\/div>\n<\/div>\n<\/div>\n<\/div>\n<\/div>\n<div class=\"box component section col-xs-12 even p-d-y-2 p-m-x-2 p-m-y-2 background-gradient-2\">\n<div id=\"1796169179\" class=\"component-content\" data-rendition-type=\"box\" data-path=\"\/content\/cf-consumer-healthcare\/bp-vitasprint\/de_DE\/home\/produkte\/vitasprint-b12\/jcr:content\/content\/box_703870504_copy\">\n<div class=\"content paragraphSystem\">\n<div class=\"box component section col-xs-12 first odd last max-content-width\">\n<div id=\"1113388289\" class=\"component-content\" data-rendition-type=\"box\" data-path=\"\/content\/cf-consumer-healthcare\/bp-vitasprint\/de_DE\/home\/produkte\/vitasprint-b12\/jcr:content\/content\/box_703870504_copy\/content\/box\">\n<div class=\"content paragraphSystem\">\n<div class=\"title component section col-xs-12 first odd title-color-4 title-d-center title-m-center\">\n<div class=\"component-content\">\n<h2 class=\"title-heading\"><span style=\"font-size: 12pt;\">Gute Gr\u00fcnde f\u00fcr Vitasprint B12<\/span><\/h2>\n<\/div>\n<\/div>\n<div class=\"richText component section col-xs-12 even last m-d-t-1 m-m-t-1 list-align-d-center list-w-d-80\">\n<div class=\"component-content\">\n<div class=\"richText-content\">\n<ul>\n<li>Hochdosiertes Arzneimittel f\u00fcr den t\u00e4glichen Vitamin-B12-Bedarf<\/li>\n<li>Sehr gut vertr\u00e4glich, daher als langfristige Aufbaukur geeignet<\/li>\n<li>Deutschlands Nr. 1[*] Energietonikum bei herabgesetzter Leistungsf\u00e4higkeit<\/li>\n<\/ul>\n<\/div>\n<\/div>\n<\/div>\n<\/div>\n<\/div>\n<\/div>\n<\/div>\n<\/div>\n<\/div>\n<p>Andere Kunden interessierten sich auch f\u00fcr Produkte zum Thema:\u00a0<a href=\"https:\/\/www.loewen-apotheke24.com\/de\/product_tag\/entzuendung\/\">Entz\u00fcndung<\/a> |\u00a0<a href=\"https:\/\/www.loewen-apotheke24.com\/de\/product_tag\/das-immunsystem\/\" rel=\"tag\">Immunsystem<\/a>\u00a0|\u00a0<a href=\"https:\/\/www.loewen-apotheke24.com\/de\/product_tag\/vitamine-mineralien-nahrungsergaenzung\/\" rel=\"tag\">Vitamine &amp; Mineralien; Nahrungserg\u00e4nzung<\/a><\/p>\n<p>Bei Risiken und Nebenwirkungen, fragen Sie Ihren Arzt oder Apotheker!<\/p>\n<h3 style=\"text-align: left;\">Rezept | E-Rezept vorhanden?<\/h3>\n<p>Reichen Sie jetzt Ihr E-Rezept ein. Nutzen Sie unsere <a href=\"https:\/\/e-rezept-app.de\/shop-rezept\" target=\"_blank\" rel=\"noopener\">E-Rezept<\/a> App. Und wir schenken Ihnen die Versandkosten!<\/p>\n","protected":false},"excerpt":{"rendered":"<h2>Vitasprint B 12 Trinkfl\u00e4schchen 10 St.<\/h2>\n<p>Vitasprint B12 ist im Trinkfl\u00e4schchen, aber auch in Kapselform erh\u00e4ltlich.<\/p>\n<p><strong>PZN<\/strong>: 01843551<\/p>\n<p><strong>Darreichungsform<\/strong>: Trinkampullen<\/p>\n<p><strong>Verordnungsart<\/strong>: Rezeptfrei<\/p>\n<p><strong>Marke<\/strong>: Vitasprint<\/p>\n<p><strong>Hersteller<\/strong>: GlaxoSmithKline Consumer Healthcare<\/p>\n","protected":false},"featured_media":22836,"template":"","meta":[],"product_cat":[1014,43],"product_tag":[402,433,409,169,354,170,233,469,355],"yoast_head":"<!-- This site is optimized with the Yoast SEO Premium plugin v21.0 (Yoast SEO v21.0) - https:\/\/yoast.com\/wordpress\/plugins\/seo\/ -->\n<title>Vitasprint B 12 Trinkfl\u00e4schchen 10 St. &gt;hier kaufen<\/title>\n<meta name=\"description\" content=\"Ihr Spezialist f\u00fcr Naturheilkunde - kurze Lieferzeit - gratis Lieferung m\u00f6glich. Nahrungserg\u00e4nzungsmittel, Energetikum. Vitasprint B 12 10 St.\" \/>\n<meta name=\"robots\" content=\"index, follow, max-snippet:-1, max-image-preview:large, max-video-preview:-1\" \/>\n<link rel=\"canonical\" href=\"https:\/\/www.loewen-apotheke24.com\/de\/shop\/marke\/vitasprint-b-12-trinkflaeschchen-10-st\/\" \/>\n<meta property=\"og:locale\" content=\"de_DE\" \/>\n<meta property=\"og:type\" content=\"article\" \/>\n<meta property=\"og:title\" content=\"Vitasprint B 12 Trinkfl\u00e4schchen 10 St. &gt;hier kaufen\" \/>\n<meta property=\"og:description\" content=\"Ihr Spezialist f\u00fcr Naturheilkunde - kurze Lieferzeit - gratis Lieferung m\u00f6glich. Nahrungserg\u00e4nzungsmittel, Energetikum. Vitasprint B 12 10 St.\" \/>\n<meta property=\"og:url\" content=\"https:\/\/www.loewen-apotheke24.com\/de\/shop\/marke\/vitasprint-b-12-trinkflaeschchen-10-st\/\" \/>\n<meta property=\"og:site_name\" content=\"L\u00f6wen Apotheke24\" \/>\n<meta property=\"article:modified_time\" content=\"2025-02-18T07:09:37+00:00\" \/>\n<meta property=\"og:image\" content=\"https:\/\/www.loewen-apotheke24.com\/wp-content\/uploads\/2020\/10\/Vitasprint-10er.jpg\" \/>\n\t<meta property=\"og:image:width\" content=\"600\" \/>\n\t<meta property=\"og:image:height\" content=\"600\" \/>\n\t<meta property=\"og:image:type\" content=\"image\/jpeg\" \/>\n<meta name=\"twitter:card\" content=\"summary_large_image\" \/>\n<meta name=\"twitter:label1\" content=\"Gesch\u00e4tzte Lesezeit\" \/>\n\t<meta name=\"twitter:data1\" content=\"2\u00a0Minuten\" \/>\n<script type=\"application\/ld+json\" class=\"yoast-schema-graph\">{\"@context\":\"https:\/\/schema.org\",\"@graph\":[{\"@type\":\"WebPage\",\"@id\":\"https:\/\/www.loewen-apotheke24.com\/de\/shop\/marke\/vitasprint-b-12-trinkflaeschchen-10-st\/\",\"url\":\"https:\/\/www.loewen-apotheke24.com\/de\/shop\/marke\/vitasprint-b-12-trinkflaeschchen-10-st\/\",\"name\":\"Vitasprint B 12 Trinkfl\u00e4schchen 10 St. >hier kaufen\",\"isPartOf\":{\"@id\":\"https:\/\/www.loewen-apotheke24.com\/de\/#website\"},\"datePublished\":\"2020-10-28T14:39:19+00:00\",\"dateModified\":\"2025-02-18T07:09:37+00:00\",\"description\":\"Ihr Spezialist f\u00fcr Naturheilkunde - kurze Lieferzeit - gratis Lieferung m\u00f6glich. Nahrungserg\u00e4nzungsmittel, Energetikum. Vitasprint B 12 10 St.\",\"breadcrumb\":{\"@id\":\"https:\/\/www.loewen-apotheke24.com\/de\/shop\/marke\/vitasprint-b-12-trinkflaeschchen-10-st\/#breadcrumb\"},\"inLanguage\":\"de\",\"potentialAction\":[{\"@type\":\"ReadAction\",\"target\":[\"https:\/\/www.loewen-apotheke24.com\/de\/shop\/marke\/vitasprint-b-12-trinkflaeschchen-10-st\/\"]}]},{\"@type\":\"BreadcrumbList\",\"@id\":\"https:\/\/www.loewen-apotheke24.com\/de\/shop\/marke\/vitasprint-b-12-trinkflaeschchen-10-st\/#breadcrumb\",\"itemListElement\":[{\"@type\":\"ListItem\",\"position\":1,\"name\":\"Shop\",\"item\":\"https:\/\/www.loewen-apotheke24.com\/de\/shop\/\"},{\"@type\":\"ListItem\",\"position\":2,\"name\":\"Vitasprint B 12 Trinkfl\u00e4schchen 10 St.\"}]},{\"@type\":\"WebSite\",\"@id\":\"https:\/\/www.loewen-apotheke24.com\/de\/#website\",\"url\":\"https:\/\/www.loewen-apotheke24.com\/de\/\",\"name\":\"L\u00f6wen Apotheke24\",\"description\":\"Spezialist f\u00fcr Naturmedizin - Versandapotheke Baden-Baden\",\"publisher\":{\"@id\":\"https:\/\/www.loewen-apotheke24.com\/de\/#organization\"},\"potentialAction\":[{\"@type\":\"SearchAction\",\"target\":{\"@type\":\"EntryPoint\",\"urlTemplate\":\"https:\/\/www.loewen-apotheke24.com\/de\/?s={search_term_string}\"},\"query-input\":\"required name=search_term_string\"}],\"inLanguage\":\"de\"},{\"@type\":\"Organization\",\"@id\":\"https:\/\/www.loewen-apotheke24.com\/de\/#organization\",\"name\":\"L\u00f6wen Apotheke\",\"alternateName\":\"L\u00f6wen Apotheke\",\"url\":\"https:\/\/www.loewen-apotheke24.com\/de\/\",\"logo\":{\"@type\":\"ImageObject\",\"inLanguage\":\"de\",\"@id\":\"https:\/\/www.loewen-apotheke24.com\/de\/#\/schema\/logo\/image\/\",\"url\":\"https:\/\/www.loewen-apotheke24.com\/wp-content\/uploads\/2024\/02\/Logo-Loewen-Apotheke-700x700-1.png\",\"contentUrl\":\"https:\/\/www.loewen-apotheke24.com\/wp-content\/uploads\/2024\/02\/Logo-Loewen-Apotheke-700x700-1.png\",\"width\":700,\"height\":700,\"caption\":\"L\u00f6wen Apotheke\"},\"image\":{\"@id\":\"https:\/\/www.loewen-apotheke24.com\/de\/#\/schema\/logo\/image\/\"}}]}<\/script>\n<!-- \/ Yoast SEO Premium plugin. -->","yoast_head_json":{"title":"Vitasprint B 12 Trinkfl\u00e4schchen 10 St. >hier kaufen","description":"Ihr Spezialist f\u00fcr Naturheilkunde - kurze Lieferzeit - gratis Lieferung m\u00f6glich. Nahrungserg\u00e4nzungsmittel, Energetikum. Vitasprint B 12 10 St.","robots":{"index":"index","follow":"follow","max-snippet":"max-snippet:-1","max-image-preview":"max-image-preview:large","max-video-preview":"max-video-preview:-1"},"canonical":"https:\/\/www.loewen-apotheke24.com\/de\/shop\/marke\/vitasprint-b-12-trinkflaeschchen-10-st\/","og_locale":"de_DE","og_type":"article","og_title":"Vitasprint B 12 Trinkfl\u00e4schchen 10 St. >hier kaufen","og_description":"Ihr Spezialist f\u00fcr Naturheilkunde - kurze Lieferzeit - gratis Lieferung m\u00f6glich. Nahrungserg\u00e4nzungsmittel, Energetikum. Vitasprint B 12 10 St.","og_url":"https:\/\/www.loewen-apotheke24.com\/de\/shop\/marke\/vitasprint-b-12-trinkflaeschchen-10-st\/","og_site_name":"L\u00f6wen Apotheke24","article_modified_time":"2025-02-18T07:09:37+00:00","og_image":[{"width":600,"height":600,"url":"https:\/\/www.loewen-apotheke24.com\/wp-content\/uploads\/2020\/10\/Vitasprint-10er.jpg","type":"image\/jpeg"}],"twitter_card":"summary_large_image","twitter_misc":{"Gesch\u00e4tzte Lesezeit":"2\u00a0Minuten"},"schema":{"@context":"https:\/\/schema.org","@graph":[{"@type":"WebPage","@id":"https:\/\/www.loewen-apotheke24.com\/de\/shop\/marke\/vitasprint-b-12-trinkflaeschchen-10-st\/","url":"https:\/\/www.loewen-apotheke24.com\/de\/shop\/marke\/vitasprint-b-12-trinkflaeschchen-10-st\/","name":"Vitasprint B 12 Trinkfl\u00e4schchen 10 St. >hier kaufen","isPartOf":{"@id":"https:\/\/www.loewen-apotheke24.com\/de\/#website"},"datePublished":"2020-10-28T14:39:19+00:00","dateModified":"2025-02-18T07:09:37+00:00","description":"Ihr Spezialist f\u00fcr Naturheilkunde - kurze Lieferzeit - gratis Lieferung m\u00f6glich. Nahrungserg\u00e4nzungsmittel, Energetikum. Vitasprint B 12 10 St.","breadcrumb":{"@id":"https:\/\/www.loewen-apotheke24.com\/de\/shop\/marke\/vitasprint-b-12-trinkflaeschchen-10-st\/#breadcrumb"},"inLanguage":"de","potentialAction":[{"@type":"ReadAction","target":["https:\/\/www.loewen-apotheke24.com\/de\/shop\/marke\/vitasprint-b-12-trinkflaeschchen-10-st\/"]}]},{"@type":"BreadcrumbList","@id":"https:\/\/www.loewen-apotheke24.com\/de\/shop\/marke\/vitasprint-b-12-trinkflaeschchen-10-st\/#breadcrumb","itemListElement":[{"@type":"ListItem","position":1,"name":"Shop","item":"https:\/\/www.loewen-apotheke24.com\/de\/shop\/"},{"@type":"ListItem","position":2,"name":"Vitasprint B 12 Trinkfl\u00e4schchen 10 St."}]},{"@type":"WebSite","@id":"https:\/\/www.loewen-apotheke24.com\/de\/#website","url":"https:\/\/www.loewen-apotheke24.com\/de\/","name":"L\u00f6wen Apotheke24","description":"Spezialist f\u00fcr Naturmedizin - Versandapotheke Baden-Baden","publisher":{"@id":"https:\/\/www.loewen-apotheke24.com\/de\/#organization"},"potentialAction":[{"@type":"SearchAction","target":{"@type":"EntryPoint","urlTemplate":"https:\/\/www.loewen-apotheke24.com\/de\/?s={search_term_string}"},"query-input":"required name=search_term_string"}],"inLanguage":"de"},{"@type":"Organization","@id":"https:\/\/www.loewen-apotheke24.com\/de\/#organization","name":"L\u00f6wen Apotheke","alternateName":"L\u00f6wen Apotheke","url":"https:\/\/www.loewen-apotheke24.com\/de\/","logo":{"@type":"ImageObject","inLanguage":"de","@id":"https:\/\/www.loewen-apotheke24.com\/de\/#\/schema\/logo\/image\/","url":"https:\/\/www.loewen-apotheke24.com\/wp-content\/uploads\/2024\/02\/Logo-Loewen-Apotheke-700x700-1.png","contentUrl":"https:\/\/www.loewen-apotheke24.com\/wp-content\/uploads\/2024\/02\/Logo-Loewen-Apotheke-700x700-1.png","width":700,"height":700,"caption":"L\u00f6wen Apotheke"},"image":{"@id":"https:\/\/www.loewen-apotheke24.com\/de\/#\/schema\/logo\/image\/"}}]}},"_links":{"self":[{"href":"https:\/\/www.loewen-apotheke24.com\/de\/wp-json\/wp\/v2\/product\/22835"}],"collection":[{"href":"https:\/\/www.loewen-apotheke24.com\/de\/wp-json\/wp\/v2\/product"}],"about":[{"href":"https:\/\/www.loewen-apotheke24.com\/de\/wp-json\/wp\/v2\/types\/product"}],"wp:featuredmedia":[{"embeddable":true,"href":"https:\/\/www.loewen-apotheke24.com\/de\/wp-json\/wp\/v2\/media\/22836"}],"wp:attachment":[{"href":"https:\/\/www.loewen-apotheke24.com\/de\/wp-json\/wp\/v2\/media?parent=22835"}],"wp:term":[{"taxonomy":"product_cat","embeddable":true,"href":"https:\/\/www.loewen-apotheke24.com\/de\/wp-json\/wp\/v2\/product_cat?post=22835"},{"taxonomy":"product_tag","embeddable":true,"href":"https:\/\/www.loewen-apotheke24.com\/de\/wp-json\/wp\/v2\/product_tag?post=22835"}],"curies":[{"name":"wp","href":"https:\/\/api.w.org\/{rel}","templated":true}]}}