{"id":22838,"date":"2020-10-28T15:40:32","date_gmt":"2020-10-28T14:40:32","guid":{"rendered":"https:\/\/www.loewen-apotheke24.com\/?post_type=product&#038;p=22838"},"modified":"2025-05-07T05:39:20","modified_gmt":"2025-05-07T04:39:20","slug":"vitasprint-b12-trinkflaeschchen-30-st","status":"publish","type":"product","link":"https:\/\/www.loewen-apotheke24.com\/de\/shop\/marke\/vitasprint-b12-trinkflaeschchen-30-st\/","title":{"rendered":"Vitasprint B12 Trinkfl\u00e4schchen 30 St."},"content":{"rendered":"<h3 style=\"text-align: left;\">Vitasprint B12 Trinkfl\u00e4schchen 30 St.<\/h3>\n<p>Vitasprint B12 Trinkfl\u00e4schchen um wieder leistungsf\u00e4hig zu sein und K\u00f6rper und Geist fit zu halten, hilft die t\u00e4gliche Dosis Energie. Die bew\u00e4hrte Formel mit hochdosiertem Vitamin B12 kann Ihnen bei Symptomen wie Abgespanntheit oder Konzentrationsschw\u00e4che helfen. Als Arzneimittel unterst\u00fctzt Vitasprint Sie dabei, Ihre geistige und k\u00f6rperliche Energie zur\u00fcckzuerlangen und sich wieder in Form f\u00fchlen. Entdecken Sie die Wirkweise von Vitasprint.<\/p>\n<h3>Gute Gr\u00fcnde:<\/h3>\n<p>&#8211; Hochdosiertes Arzneimittel f\u00fcr den t\u00e4glichen Vitamin-B12-Bedarf<\/p>\n<p>&#8211; Sehr gut vertr\u00e4glich, daher als langfristige Aufbaukur geeignet<\/p>\n<p><a href=\"https:\/\/www.vitasprint.de\/produkte\/vitasprint-b12\/\" target=\"_blank\" rel=\"noopener noreferrer\">Bei vitasprint.de<\/a> finden Sie weitere Informationen zum Produkt Vitasprint B12 Trinkfl\u00e4schchen.<\/p>\n<p>Andere Kunden interessierten sich auch f\u00fcr Produkte zum Thema:\u00a0<a href=\"https:\/\/www.loewen-apotheke24.com\/de\/product_tag\/entzuendung\/\">Entz\u00fcndung<\/a> |\u00a0<a href=\"https:\/\/www.loewen-apotheke24.com\/de\/product_tag\/das-immunsystem\/\" rel=\"tag\">Immunsystem<\/a>\u00a0|\u00a0<a href=\"https:\/\/www.loewen-apotheke24.com\/de\/product_tag\/vitamine-mineralien-nahrungsergaenzung\/\" rel=\"tag\">Vitamine &amp; Mineralien; Nahrungserg\u00e4nzung<\/a><\/p>\n<p>Informationen auf dieser Website werden ausschlie\u00dflich f\u00fcr informative Zwecke zur Verf\u00fcgung gestellt. Sie ersetzen keinesfalls die Untersuchung und Behandlung durch einen Arzt. Bitte beachten Sie, dass hierdurch weder Diagnosen gestellt noch Therapien eingeleitet werden k\u00f6nnen.<\/p>\n<p>Bei Risiken und Nebenwirkungen, fragen Sie Ihren Arzt oder Apotheker!<\/p>\n<h3 style=\"text-align: left;\">Rezept | E-Rezept vorhanden?<\/h3>\n<p>Reichen Sie jetzt Ihr E-Rezept ein. Nutzen Sie unsere\u00a0<a href=\"https:\/\/e-rezept-app.de\/shop-rezept\" target=\"_blank\" rel=\"noopener\">E-Rezept<\/a>\u00a0App. Und wir schenken Ihnen die Versandkosten!<\/p>\n","protected":false},"excerpt":{"rendered":"<h2 style=\"text-align: left;\">Vitasprint B12 Trinkfl\u00e4schchen<\/h2>\n<p>Aufbaukur, f\u00fcr mehr geistige und k\u00f6rperliche Energie. Auf diese Weise k\u00f6nnen die k\u00f6rpereigenen Vitamin-B12-Depots nachhaltig aufgef\u00fcllt werden.<\/p>\n<p><strong>PZN<\/strong>: \u00a001853561<\/p>\n<p><strong>Darreichungsform<\/strong>: Trinkampullen<\/p>\n<p><strong>Verordnungsart<\/strong>: Rezeptfrei<\/p>\n<p><strong>Marke<\/strong>: Vitasprint<\/p>\n<p><strong>Hersteller<\/strong>: Haleon Germany GmbH<\/p>\n","protected":false},"featured_media":25215,"template":"","meta":[],"product_cat":[1014,43],"product_tag":[402,433,409,355],"yoast_head":"<!-- This site is optimized with the Yoast SEO Premium plugin v21.0 (Yoast SEO v21.0) - https:\/\/yoast.com\/wordpress\/plugins\/seo\/ -->\n<title>Vitasprint B12 Trinkfl\u00e4schchen 30 St. &gt; hier g\u00fcnstig kaufen<\/title>\n<meta name=\"description\" content=\"Ihr Spezialist f\u00fcr Naturheilkunde - Weltweiter Versand - kurze Lieferzeit - gratis Lieferung m\u00f6glich. Energetikum - Vitasprint B12 Trinkfl\u00e4schchen\" \/>\n<meta name=\"robots\" content=\"index, follow, max-snippet:-1, max-image-preview:large, max-video-preview:-1\" \/>\n<link rel=\"canonical\" href=\"https:\/\/www.loewen-apotheke24.com\/de\/shop\/marke\/vitasprint-b12-trinkflaeschchen-30-st\/\" \/>\n<meta property=\"og:locale\" content=\"de_DE\" \/>\n<meta property=\"og:type\" content=\"article\" \/>\n<meta property=\"og:title\" content=\"Vitasprint B12 Trinkfl\u00e4schchen 30 St. &gt; hier g\u00fcnstig kaufen\" \/>\n<meta property=\"og:description\" content=\"Ihr Spezialist f\u00fcr Naturheilkunde - Weltweiter Versand - kurze Lieferzeit - gratis Lieferung m\u00f6glich. Energetikum - Vitasprint B12 Trinkfl\u00e4schchen\" \/>\n<meta property=\"og:url\" content=\"https:\/\/www.loewen-apotheke24.com\/de\/shop\/marke\/vitasprint-b12-trinkflaeschchen-30-st\/\" \/>\n<meta property=\"og:site_name\" content=\"L\u00f6wen Apotheke24\" \/>\n<meta property=\"article:modified_time\" content=\"2025-05-07T04:39:20+00:00\" \/>\n<meta property=\"og:image\" content=\"https:\/\/www.loewen-apotheke24.com\/wp-content\/uploads\/2020\/10\/vitasprint-b12.jpg\" \/>\n\t<meta property=\"og:image:width\" content=\"600\" \/>\n\t<meta property=\"og:image:height\" content=\"600\" \/>\n\t<meta property=\"og:image:type\" content=\"image\/jpeg\" \/>\n<meta name=\"twitter:card\" content=\"summary_large_image\" \/>\n<meta name=\"twitter:label1\" content=\"Gesch\u00e4tzte Lesezeit\" \/>\n\t<meta name=\"twitter:data1\" content=\"1\u00a0Minute\" \/>\n<script type=\"application\/ld+json\" class=\"yoast-schema-graph\">{\"@context\":\"https:\/\/schema.org\",\"@graph\":[{\"@type\":\"WebPage\",\"@id\":\"https:\/\/www.loewen-apotheke24.com\/de\/shop\/marke\/vitasprint-b12-trinkflaeschchen-30-st\/\",\"url\":\"https:\/\/www.loewen-apotheke24.com\/de\/shop\/marke\/vitasprint-b12-trinkflaeschchen-30-st\/\",\"name\":\"Vitasprint B12 Trinkfl\u00e4schchen 30 St. > hier g\u00fcnstig kaufen\",\"isPartOf\":{\"@id\":\"https:\/\/www.loewen-apotheke24.com\/de\/#website\"},\"datePublished\":\"2020-10-28T14:40:32+00:00\",\"dateModified\":\"2025-05-07T04:39:20+00:00\",\"description\":\"Ihr Spezialist f\u00fcr Naturheilkunde - Weltweiter Versand - kurze Lieferzeit - gratis Lieferung m\u00f6glich. Energetikum - Vitasprint B12 Trinkfl\u00e4schchen\",\"breadcrumb\":{\"@id\":\"https:\/\/www.loewen-apotheke24.com\/de\/shop\/marke\/vitasprint-b12-trinkflaeschchen-30-st\/#breadcrumb\"},\"inLanguage\":\"de\",\"potentialAction\":[{\"@type\":\"ReadAction\",\"target\":[\"https:\/\/www.loewen-apotheke24.com\/de\/shop\/marke\/vitasprint-b12-trinkflaeschchen-30-st\/\"]}]},{\"@type\":\"BreadcrumbList\",\"@id\":\"https:\/\/www.loewen-apotheke24.com\/de\/shop\/marke\/vitasprint-b12-trinkflaeschchen-30-st\/#breadcrumb\",\"itemListElement\":[{\"@type\":\"ListItem\",\"position\":1,\"name\":\"Shop\",\"item\":\"https:\/\/www.loewen-apotheke24.com\/de\/shop\/\"},{\"@type\":\"ListItem\",\"position\":2,\"name\":\"Vitasprint B12 Trinkfl\u00e4schchen 30 St.\"}]},{\"@type\":\"WebSite\",\"@id\":\"https:\/\/www.loewen-apotheke24.com\/de\/#website\",\"url\":\"https:\/\/www.loewen-apotheke24.com\/de\/\",\"name\":\"L\u00f6wen Apotheke24\",\"description\":\"Spezialist f\u00fcr Naturmedizin - Versandapotheke Baden-Baden\",\"publisher\":{\"@id\":\"https:\/\/www.loewen-apotheke24.com\/de\/#organization\"},\"potentialAction\":[{\"@type\":\"SearchAction\",\"target\":{\"@type\":\"EntryPoint\",\"urlTemplate\":\"https:\/\/www.loewen-apotheke24.com\/de\/?s={search_term_string}\"},\"query-input\":\"required name=search_term_string\"}],\"inLanguage\":\"de\"},{\"@type\":\"Organization\",\"@id\":\"https:\/\/www.loewen-apotheke24.com\/de\/#organization\",\"name\":\"L\u00f6wen Apotheke\",\"alternateName\":\"L\u00f6wen Apotheke\",\"url\":\"https:\/\/www.loewen-apotheke24.com\/de\/\",\"logo\":{\"@type\":\"ImageObject\",\"inLanguage\":\"de\",\"@id\":\"https:\/\/www.loewen-apotheke24.com\/de\/#\/schema\/logo\/image\/\",\"url\":\"https:\/\/www.loewen-apotheke24.com\/wp-content\/uploads\/2024\/02\/Logo-Loewen-Apotheke-700x700-1.png\",\"contentUrl\":\"https:\/\/www.loewen-apotheke24.com\/wp-content\/uploads\/2024\/02\/Logo-Loewen-Apotheke-700x700-1.png\",\"width\":700,\"height\":700,\"caption\":\"L\u00f6wen Apotheke\"},\"image\":{\"@id\":\"https:\/\/www.loewen-apotheke24.com\/de\/#\/schema\/logo\/image\/\"}}]}<\/script>\n<!-- \/ Yoast SEO Premium plugin. -->","yoast_head_json":{"title":"Vitasprint B12 Trinkfl\u00e4schchen 30 St. > hier g\u00fcnstig kaufen","description":"Ihr Spezialist f\u00fcr Naturheilkunde - Weltweiter Versand - kurze Lieferzeit - gratis Lieferung m\u00f6glich. Energetikum - Vitasprint B12 Trinkfl\u00e4schchen","robots":{"index":"index","follow":"follow","max-snippet":"max-snippet:-1","max-image-preview":"max-image-preview:large","max-video-preview":"max-video-preview:-1"},"canonical":"https:\/\/www.loewen-apotheke24.com\/de\/shop\/marke\/vitasprint-b12-trinkflaeschchen-30-st\/","og_locale":"de_DE","og_type":"article","og_title":"Vitasprint B12 Trinkfl\u00e4schchen 30 St. > hier g\u00fcnstig kaufen","og_description":"Ihr Spezialist f\u00fcr Naturheilkunde - Weltweiter Versand - kurze Lieferzeit - gratis Lieferung m\u00f6glich. Energetikum - Vitasprint B12 Trinkfl\u00e4schchen","og_url":"https:\/\/www.loewen-apotheke24.com\/de\/shop\/marke\/vitasprint-b12-trinkflaeschchen-30-st\/","og_site_name":"L\u00f6wen Apotheke24","article_modified_time":"2025-05-07T04:39:20+00:00","og_image":[{"width":600,"height":600,"url":"https:\/\/www.loewen-apotheke24.com\/wp-content\/uploads\/2020\/10\/vitasprint-b12.jpg","type":"image\/jpeg"}],"twitter_card":"summary_large_image","twitter_misc":{"Gesch\u00e4tzte Lesezeit":"1\u00a0Minute"},"schema":{"@context":"https:\/\/schema.org","@graph":[{"@type":"WebPage","@id":"https:\/\/www.loewen-apotheke24.com\/de\/shop\/marke\/vitasprint-b12-trinkflaeschchen-30-st\/","url":"https:\/\/www.loewen-apotheke24.com\/de\/shop\/marke\/vitasprint-b12-trinkflaeschchen-30-st\/","name":"Vitasprint B12 Trinkfl\u00e4schchen 30 St. > hier g\u00fcnstig kaufen","isPartOf":{"@id":"https:\/\/www.loewen-apotheke24.com\/de\/#website"},"datePublished":"2020-10-28T14:40:32+00:00","dateModified":"2025-05-07T04:39:20+00:00","description":"Ihr Spezialist f\u00fcr Naturheilkunde - Weltweiter Versand - kurze Lieferzeit - gratis Lieferung m\u00f6glich. Energetikum - Vitasprint B12 Trinkfl\u00e4schchen","breadcrumb":{"@id":"https:\/\/www.loewen-apotheke24.com\/de\/shop\/marke\/vitasprint-b12-trinkflaeschchen-30-st\/#breadcrumb"},"inLanguage":"de","potentialAction":[{"@type":"ReadAction","target":["https:\/\/www.loewen-apotheke24.com\/de\/shop\/marke\/vitasprint-b12-trinkflaeschchen-30-st\/"]}]},{"@type":"BreadcrumbList","@id":"https:\/\/www.loewen-apotheke24.com\/de\/shop\/marke\/vitasprint-b12-trinkflaeschchen-30-st\/#breadcrumb","itemListElement":[{"@type":"ListItem","position":1,"name":"Shop","item":"https:\/\/www.loewen-apotheke24.com\/de\/shop\/"},{"@type":"ListItem","position":2,"name":"Vitasprint B12 Trinkfl\u00e4schchen 30 St."}]},{"@type":"WebSite","@id":"https:\/\/www.loewen-apotheke24.com\/de\/#website","url":"https:\/\/www.loewen-apotheke24.com\/de\/","name":"L\u00f6wen Apotheke24","description":"Spezialist f\u00fcr Naturmedizin - Versandapotheke Baden-Baden","publisher":{"@id":"https:\/\/www.loewen-apotheke24.com\/de\/#organization"},"potentialAction":[{"@type":"SearchAction","target":{"@type":"EntryPoint","urlTemplate":"https:\/\/www.loewen-apotheke24.com\/de\/?s={search_term_string}"},"query-input":"required name=search_term_string"}],"inLanguage":"de"},{"@type":"Organization","@id":"https:\/\/www.loewen-apotheke24.com\/de\/#organization","name":"L\u00f6wen Apotheke","alternateName":"L\u00f6wen Apotheke","url":"https:\/\/www.loewen-apotheke24.com\/de\/","logo":{"@type":"ImageObject","inLanguage":"de","@id":"https:\/\/www.loewen-apotheke24.com\/de\/#\/schema\/logo\/image\/","url":"https:\/\/www.loewen-apotheke24.com\/wp-content\/uploads\/2024\/02\/Logo-Loewen-Apotheke-700x700-1.png","contentUrl":"https:\/\/www.loewen-apotheke24.com\/wp-content\/uploads\/2024\/02\/Logo-Loewen-Apotheke-700x700-1.png","width":700,"height":700,"caption":"L\u00f6wen Apotheke"},"image":{"@id":"https:\/\/www.loewen-apotheke24.com\/de\/#\/schema\/logo\/image\/"}}]}},"_links":{"self":[{"href":"https:\/\/www.loewen-apotheke24.com\/de\/wp-json\/wp\/v2\/product\/22838"}],"collection":[{"href":"https:\/\/www.loewen-apotheke24.com\/de\/wp-json\/wp\/v2\/product"}],"about":[{"href":"https:\/\/www.loewen-apotheke24.com\/de\/wp-json\/wp\/v2\/types\/product"}],"wp:featuredmedia":[{"embeddable":true,"href":"https:\/\/www.loewen-apotheke24.com\/de\/wp-json\/wp\/v2\/media\/25215"}],"wp:attachment":[{"href":"https:\/\/www.loewen-apotheke24.com\/de\/wp-json\/wp\/v2\/media?parent=22838"}],"wp:term":[{"taxonomy":"product_cat","embeddable":true,"href":"https:\/\/www.loewen-apotheke24.com\/de\/wp-json\/wp\/v2\/product_cat?post=22838"},{"taxonomy":"product_tag","embeddable":true,"href":"https:\/\/www.loewen-apotheke24.com\/de\/wp-json\/wp\/v2\/product_tag?post=22838"}],"curies":[{"name":"wp","href":"https:\/\/api.w.org\/{rel}","templated":true}]}}