{"id":23239,"date":"2020-11-11T15:47:57","date_gmt":"2020-11-11T14:47:57","guid":{"rendered":"https:\/\/www.loewen-apotheke24.com\/?post_type=product&#038;p=23239"},"modified":"2025-03-06T06:52:29","modified_gmt":"2025-03-06T05:52:29","slug":"orthomol-vital-f-granulat-kapsel-30-st","status":"publish","type":"product","link":"https:\/\/www.loewen-apotheke24.com\/de\/shop\/marke\/orthomol-vital-f-granulat-kapsel-30-st\/","title":{"rendered":"Orthomol Vital F Granulat\/Kapsel 30 St."},"content":{"rendered":"<h3 style=\"text-align: left;\">Orthomol Vital F Granulat\/Kapseln 30 St.<\/h3>\n<p>Orthomol Vital F Granulat\/Kapsel 30 St. Ern\u00e4hrungswissenschaftliche Unterst\u00fctzung des Immunsystems. Im Laufe eines Jahres werden viele Anforderungen an die menschliche Abwehrkraft gestellt: Stress, k\u00f6rperliche Belastungen und eventuelle Infekte m\u00fcssen bew\u00e4ltigt werden. Zahlreiche Vitamine, Spurenelemente und sekund\u00e4re Pflanzenstoffe sind f\u00fcr eine reibungslose Funktion des Immunsystems von Bedeutung.<\/p>\n<p>Nahrungserg\u00e4nzungsmittel sind kein Ersatz f\u00fcr eine ausgewogene und abwechslungsreiche Ern\u00e4hrung und eine gesunde Lebensweise.<\/p>\n<p><strong>Produktvorteile:<\/strong><\/p>\n<p>&#8211; Eine Tagesportion besteht aus dem Inhalt eines Beutels und einer DR-Kapsel.-<\/p>\n<p>&#8211; Eine zeitliche getrennte Einnahme von Mikron\u00e4hrstoffen\/Inulin und ausgew\u00e4hlten Mikroorganismen ist nicht notwendig.<\/p>\n<p><a href=\"https:\/\/www.loewen-apotheke24.com\/de\/product_cat\/orthomol\/\">orthomol<\/a> Vital f ist ein Nahrungserg\u00e4nzungsmittel<\/p>\n<p>Es enth\u00e4lt wichtige Mikron\u00e4hrstoffe f\u00fcr Nervensystem und Energiestoffwechsel. Mit Magnesium und B-Vitaminen zur Verringerung von M\u00fcdigkeit und Ersch\u00f6pfung. Mit Omega-3-Fetts\u00e4uren und Calcium.<\/p>\n<p>Weitere Produkte des Herstellers <a href=\"https:\/\/www.loewen-apotheke24.com\/de\/product_cat\/orthomol\/\">Orthomol<\/a><\/p>\n<p>Zum <a href=\"https:\/\/www.orthomol.com\/de-de\/produkte\/immunsystem\/orthomol-immun\" target=\"_blank\" rel=\"noopener noreferrer\">Hersteller<\/a> orthomol<\/p>\n<p>Zu Risiken und Nebenwirkungen lesen Sie die Packungsbeilage und fragen Sie Ihren Arzt oder Apotheker.<\/p>\n","protected":false},"excerpt":{"rendered":"<div class=\"rating__wrap\">\n<h3 class=\"rating__stars rating__stars--regular rating__url\" style=\"text-align: left;\" data-rating-value=\"4.75\">orthomol Vital F Granulat\/Kapsel 30 St.<\/h3>\n<\/div>\n<p>Orthomol Vital F Granulat\/Kapsel 30 St.. Enth\u00e4lt wichtige Mikron\u00e4hrstoffe f\u00fcr das Immunsystem. Zusammensetzung aus Tabletten und Kapseln als praktische Tagesportionen.<\/p>\n<p><strong>PZN<\/strong>: 01319643 (Pharmazentralnummer)<\/p>\n<p><strong>Darreichungsform<\/strong>: Granulat &amp; Kapseln<\/p>\n<p><strong>Verordnungsart<\/strong>: Rezeptfrei<\/p>\n<p><strong>Marke<\/strong>: Orthomol Vital F<\/p>\n<p><strong>Hersteller<\/strong>:\u00a0 <a href=\"https:\/\/www.loewen-apotheke24.com\/de\/product_cat\/orthomol\/\">orthomol<\/a><\/p>\n<p><strong>Packungsgr\u00f6\u00dfe<\/strong>: 30 St.<\/p>\n","protected":false},"featured_media":23574,"template":"","meta":[],"product_cat":[43,351],"product_tag":[354,365],"yoast_head":"<!-- This site is optimized with the Yoast SEO Premium plugin v21.0 (Yoast SEO v21.0) - https:\/\/yoast.com\/wordpress\/plugins\/seo\/ -->\n<title>Orthomol Vital F Granulat\/Kapsel 30 St.<\/title>\n<meta name=\"description\" content=\"L\u00f6wen Apotheke24 - Spezialist f\u00fcr Naturheilkunde - Weltweiter Versand - kurze Lieferzeit - gratis Lieferung ab 30 \u20ac - Orthomol Vital F Granulat\/Kapsel\" \/>\n<meta name=\"robots\" content=\"index, follow, max-snippet:-1, max-image-preview:large, max-video-preview:-1\" \/>\n<link rel=\"canonical\" href=\"https:\/\/www.loewen-apotheke24.com\/de\/shop\/marke\/orthomol-vital-f-granulat-kapsel-30-st\/\" \/>\n<meta property=\"og:locale\" content=\"de_DE\" \/>\n<meta property=\"og:type\" content=\"article\" \/>\n<meta property=\"og:title\" content=\"Orthomol Vital F Granulat\/Kapsel 30 St.\" \/>\n<meta property=\"og:description\" content=\"L\u00f6wen Apotheke24 - Spezialist f\u00fcr Naturheilkunde - Weltweiter Versand - kurze Lieferzeit - gratis Lieferung ab 30 \u20ac - Orthomol Vital F Granulat\/Kapsel\" \/>\n<meta property=\"og:url\" content=\"https:\/\/www.loewen-apotheke24.com\/de\/shop\/marke\/orthomol-vital-f-granulat-kapsel-30-st\/\" \/>\n<meta property=\"og:site_name\" content=\"L\u00f6wen Apotheke24\" \/>\n<meta property=\"article:modified_time\" content=\"2025-03-06T05:52:29+00:00\" \/>\n<meta property=\"og:image\" content=\"https:\/\/www.loewen-apotheke24.com\/wp-content\/uploads\/2020\/11\/Vital-F-Granulat-1.jpg\" \/>\n\t<meta property=\"og:image:width\" content=\"600\" \/>\n\t<meta property=\"og:image:height\" content=\"600\" \/>\n\t<meta property=\"og:image:type\" content=\"image\/jpeg\" \/>\n<meta name=\"twitter:card\" content=\"summary_large_image\" \/>\n<meta name=\"twitter:label1\" content=\"Gesch\u00e4tzte Lesezeit\" \/>\n\t<meta name=\"twitter:data1\" content=\"1\u00a0Minute\" \/>\n<script type=\"application\/ld+json\" class=\"yoast-schema-graph\">{\"@context\":\"https:\/\/schema.org\",\"@graph\":[{\"@type\":\"WebPage\",\"@id\":\"https:\/\/www.loewen-apotheke24.com\/de\/shop\/marke\/orthomol-vital-f-granulat-kapsel-30-st\/\",\"url\":\"https:\/\/www.loewen-apotheke24.com\/de\/shop\/marke\/orthomol-vital-f-granulat-kapsel-30-st\/\",\"name\":\"Orthomol Vital F Granulat\/Kapsel 30 St.\",\"isPartOf\":{\"@id\":\"https:\/\/www.loewen-apotheke24.com\/de\/#website\"},\"datePublished\":\"2020-11-11T14:47:57+00:00\",\"dateModified\":\"2025-03-06T05:52:29+00:00\",\"description\":\"L\u00f6wen Apotheke24 - Spezialist f\u00fcr Naturheilkunde - Weltweiter Versand - kurze Lieferzeit - gratis Lieferung ab 30 \u20ac - Orthomol Vital F Granulat\/Kapsel\",\"breadcrumb\":{\"@id\":\"https:\/\/www.loewen-apotheke24.com\/de\/shop\/marke\/orthomol-vital-f-granulat-kapsel-30-st\/#breadcrumb\"},\"inLanguage\":\"de\",\"potentialAction\":[{\"@type\":\"ReadAction\",\"target\":[\"https:\/\/www.loewen-apotheke24.com\/de\/shop\/marke\/orthomol-vital-f-granulat-kapsel-30-st\/\"]}]},{\"@type\":\"BreadcrumbList\",\"@id\":\"https:\/\/www.loewen-apotheke24.com\/de\/shop\/marke\/orthomol-vital-f-granulat-kapsel-30-st\/#breadcrumb\",\"itemListElement\":[{\"@type\":\"ListItem\",\"position\":1,\"name\":\"Shop\",\"item\":\"https:\/\/www.loewen-apotheke24.com\/de\/shop\/\"},{\"@type\":\"ListItem\",\"position\":2,\"name\":\"Orthomol Vital F Granulat\/Kapsel 30 St.\"}]},{\"@type\":\"WebSite\",\"@id\":\"https:\/\/www.loewen-apotheke24.com\/de\/#website\",\"url\":\"https:\/\/www.loewen-apotheke24.com\/de\/\",\"name\":\"L\u00f6wen Apotheke24\",\"description\":\"Spezialist f\u00fcr Naturmedizin - Versandapotheke Baden-Baden\",\"publisher\":{\"@id\":\"https:\/\/www.loewen-apotheke24.com\/de\/#organization\"},\"potentialAction\":[{\"@type\":\"SearchAction\",\"target\":{\"@type\":\"EntryPoint\",\"urlTemplate\":\"https:\/\/www.loewen-apotheke24.com\/de\/?s={search_term_string}\"},\"query-input\":\"required name=search_term_string\"}],\"inLanguage\":\"de\"},{\"@type\":\"Organization\",\"@id\":\"https:\/\/www.loewen-apotheke24.com\/de\/#organization\",\"name\":\"L\u00f6wen Apotheke\",\"alternateName\":\"L\u00f6wen Apotheke\",\"url\":\"https:\/\/www.loewen-apotheke24.com\/de\/\",\"logo\":{\"@type\":\"ImageObject\",\"inLanguage\":\"de\",\"@id\":\"https:\/\/www.loewen-apotheke24.com\/de\/#\/schema\/logo\/image\/\",\"url\":\"https:\/\/www.loewen-apotheke24.com\/wp-content\/uploads\/2024\/02\/Logo-Loewen-Apotheke-700x700-1.png\",\"contentUrl\":\"https:\/\/www.loewen-apotheke24.com\/wp-content\/uploads\/2024\/02\/Logo-Loewen-Apotheke-700x700-1.png\",\"width\":700,\"height\":700,\"caption\":\"L\u00f6wen Apotheke\"},\"image\":{\"@id\":\"https:\/\/www.loewen-apotheke24.com\/de\/#\/schema\/logo\/image\/\"}}]}<\/script>\n<!-- \/ Yoast SEO Premium plugin. -->","yoast_head_json":{"title":"Orthomol Vital F Granulat\/Kapsel 30 St.","description":"L\u00f6wen Apotheke24 - Spezialist f\u00fcr Naturheilkunde - Weltweiter Versand - kurze Lieferzeit - gratis Lieferung ab 30 \u20ac - Orthomol Vital F Granulat\/Kapsel","robots":{"index":"index","follow":"follow","max-snippet":"max-snippet:-1","max-image-preview":"max-image-preview:large","max-video-preview":"max-video-preview:-1"},"canonical":"https:\/\/www.loewen-apotheke24.com\/de\/shop\/marke\/orthomol-vital-f-granulat-kapsel-30-st\/","og_locale":"de_DE","og_type":"article","og_title":"Orthomol Vital F Granulat\/Kapsel 30 St.","og_description":"L\u00f6wen Apotheke24 - Spezialist f\u00fcr Naturheilkunde - Weltweiter Versand - kurze Lieferzeit - gratis Lieferung ab 30 \u20ac - Orthomol Vital F Granulat\/Kapsel","og_url":"https:\/\/www.loewen-apotheke24.com\/de\/shop\/marke\/orthomol-vital-f-granulat-kapsel-30-st\/","og_site_name":"L\u00f6wen Apotheke24","article_modified_time":"2025-03-06T05:52:29+00:00","og_image":[{"width":600,"height":600,"url":"https:\/\/www.loewen-apotheke24.com\/wp-content\/uploads\/2020\/11\/Vital-F-Granulat-1.jpg","type":"image\/jpeg"}],"twitter_card":"summary_large_image","twitter_misc":{"Gesch\u00e4tzte Lesezeit":"1\u00a0Minute"},"schema":{"@context":"https:\/\/schema.org","@graph":[{"@type":"WebPage","@id":"https:\/\/www.loewen-apotheke24.com\/de\/shop\/marke\/orthomol-vital-f-granulat-kapsel-30-st\/","url":"https:\/\/www.loewen-apotheke24.com\/de\/shop\/marke\/orthomol-vital-f-granulat-kapsel-30-st\/","name":"Orthomol Vital F Granulat\/Kapsel 30 St.","isPartOf":{"@id":"https:\/\/www.loewen-apotheke24.com\/de\/#website"},"datePublished":"2020-11-11T14:47:57+00:00","dateModified":"2025-03-06T05:52:29+00:00","description":"L\u00f6wen Apotheke24 - Spezialist f\u00fcr Naturheilkunde - Weltweiter Versand - kurze Lieferzeit - gratis Lieferung ab 30 \u20ac - Orthomol Vital F Granulat\/Kapsel","breadcrumb":{"@id":"https:\/\/www.loewen-apotheke24.com\/de\/shop\/marke\/orthomol-vital-f-granulat-kapsel-30-st\/#breadcrumb"},"inLanguage":"de","potentialAction":[{"@type":"ReadAction","target":["https:\/\/www.loewen-apotheke24.com\/de\/shop\/marke\/orthomol-vital-f-granulat-kapsel-30-st\/"]}]},{"@type":"BreadcrumbList","@id":"https:\/\/www.loewen-apotheke24.com\/de\/shop\/marke\/orthomol-vital-f-granulat-kapsel-30-st\/#breadcrumb","itemListElement":[{"@type":"ListItem","position":1,"name":"Shop","item":"https:\/\/www.loewen-apotheke24.com\/de\/shop\/"},{"@type":"ListItem","position":2,"name":"Orthomol Vital F Granulat\/Kapsel 30 St."}]},{"@type":"WebSite","@id":"https:\/\/www.loewen-apotheke24.com\/de\/#website","url":"https:\/\/www.loewen-apotheke24.com\/de\/","name":"L\u00f6wen Apotheke24","description":"Spezialist f\u00fcr Naturmedizin - Versandapotheke Baden-Baden","publisher":{"@id":"https:\/\/www.loewen-apotheke24.com\/de\/#organization"},"potentialAction":[{"@type":"SearchAction","target":{"@type":"EntryPoint","urlTemplate":"https:\/\/www.loewen-apotheke24.com\/de\/?s={search_term_string}"},"query-input":"required name=search_term_string"}],"inLanguage":"de"},{"@type":"Organization","@id":"https:\/\/www.loewen-apotheke24.com\/de\/#organization","name":"L\u00f6wen Apotheke","alternateName":"L\u00f6wen Apotheke","url":"https:\/\/www.loewen-apotheke24.com\/de\/","logo":{"@type":"ImageObject","inLanguage":"de","@id":"https:\/\/www.loewen-apotheke24.com\/de\/#\/schema\/logo\/image\/","url":"https:\/\/www.loewen-apotheke24.com\/wp-content\/uploads\/2024\/02\/Logo-Loewen-Apotheke-700x700-1.png","contentUrl":"https:\/\/www.loewen-apotheke24.com\/wp-content\/uploads\/2024\/02\/Logo-Loewen-Apotheke-700x700-1.png","width":700,"height":700,"caption":"L\u00f6wen Apotheke"},"image":{"@id":"https:\/\/www.loewen-apotheke24.com\/de\/#\/schema\/logo\/image\/"}}]}},"_links":{"self":[{"href":"https:\/\/www.loewen-apotheke24.com\/de\/wp-json\/wp\/v2\/product\/23239"}],"collection":[{"href":"https:\/\/www.loewen-apotheke24.com\/de\/wp-json\/wp\/v2\/product"}],"about":[{"href":"https:\/\/www.loewen-apotheke24.com\/de\/wp-json\/wp\/v2\/types\/product"}],"wp:featuredmedia":[{"embeddable":true,"href":"https:\/\/www.loewen-apotheke24.com\/de\/wp-json\/wp\/v2\/media\/23574"}],"wp:attachment":[{"href":"https:\/\/www.loewen-apotheke24.com\/de\/wp-json\/wp\/v2\/media?parent=23239"}],"wp:term":[{"taxonomy":"product_cat","embeddable":true,"href":"https:\/\/www.loewen-apotheke24.com\/de\/wp-json\/wp\/v2\/product_cat?post=23239"},{"taxonomy":"product_tag","embeddable":true,"href":"https:\/\/www.loewen-apotheke24.com\/de\/wp-json\/wp\/v2\/product_tag?post=23239"}],"curies":[{"name":"wp","href":"https:\/\/api.w.org\/{rel}","templated":true}]}}