{"id":23252,"date":"2020-11-11T16:08:06","date_gmt":"2020-11-11T15:08:06","guid":{"rendered":"https:\/\/www.loewen-apotheke24.com\/?post_type=product&#038;p=23252"},"modified":"2025-09-15T12:45:35","modified_gmt":"2025-09-15T11:45:35","slug":"orthomol-vital-m-trinkflaschen-tabletten-30-st","status":"publish","type":"product","link":"https:\/\/www.loewen-apotheke24.com\/de\/shop\/angebot\/orthomol-vital-m-trinkflaschen-tabletten-30-st\/","title":{"rendered":"Orthomol Vital M Trinkflaschen \/ Tabletten 30 St."},"content":{"rendered":"<h3 style=\"text-align: left;\">Orthomol Vital M Trinkflaschen 30 St.<\/h3>\n<p>Orthomol Vital M Trinkflaschen 30 St.<\/p>\n<p>Ern\u00e4hrungswissenschaftliche Unterst\u00fctzung des Immunsystems. Im Laufe eines Jahres werden viele Anforderungen an die menschliche Abwehrkraft gestellt: Stress, k\u00f6rperliche Belastungen und eventuelle Infekte m\u00fcssen bew\u00e4ltigt werden. Zahlreiche Vitamine, Spurenelemente und sekund\u00e4re Pflanzenstoffe sind f\u00fcr eine reibungslose Funktion des Immunsystems von Bedeutung.<\/p>\n<p>Nahrungserg\u00e4nzungsmittel sind kein Ersatz f\u00fcr eine ausgewogene und abwechslungsreiche Ern\u00e4hrung und eine gesunde Lebensweise.<\/p>\n<p><a href=\"https:\/\/www.loewen-apotheke24.com\/de\/product_cat\/orthomol\/\">Orthomol<\/a> Vital M ist ein Nahrungserg\u00e4nzungsmittel. Es enth\u00e4lt wichtige Mikron\u00e4hrstoffe f\u00fcr Nervensystem und Energiestoffwechsel. Mit Magnesium und B-Vitaminen zur Verringerung von M\u00fcdigkeit und Ersch\u00f6pfung. Mit Omega-3-Fetts\u00e4uren und Calcium.<\/p>\n<p><strong>Produktvorteile:<\/strong><\/p>\n<p>&#8211; Eine Tagesportion besteht aus dem Inhalt eines Beutels und einer DR-Kapsel.<\/p>\n<p>&#8211; Eine zeitliche getrennte Einnahme von Mikron\u00e4hrstoffen\/Inulin und ausgew\u00e4hlten Mikroorganismen ist nicht notwendig.<\/p>\n<p>Weitere Produkte des Herstellers <a href=\"https:\/\/www.loewen-apotheke24.com\/de\/product_cat\/orthomol\/\">Orthomol.<\/a><\/p>\n<p>Zum Hersteller: <a href=\"https:\/\/www.orthomol.com\/de-de\/produkte\/gehirn-nerven-energiestoffwechsel\/orthomol-vital-m?gclid=Cj0KCQiAlZH_BRCgARIsAAZHSBn3kVGJPufEpW3ZtfB7UoQSZBQJ8yo0khLeBocRo0izNyS_xLcWjNYaAsFEEALw_wcB\" target=\"_blank\" rel=\"noopener noreferrer\">orthomol<\/a><\/p>\n<p>Informationen auf dieser Website werden ausschlie\u00dflich f\u00fcr informative Zwecke zur Verf\u00fcgung gestellt. Sie ersetzen keinesfalls die Untersuchung und Behandlung durch einen Arzt. Bitte beachten Sie, dass hierdurch weder Diagnosen gestellt noch Therapien eingeleitet werden k\u00f6nnen.<\/p>\n<p>Zu Risiken und Nebenwirkungen lesen Sie die Packungsbeilage und fragen Sie Ihre \u00c4rztin, Ihren Arzt oder in Ihrer Apotheke.<\/p>\n<p><strong>Rezept | E-Rezept vorhanden?<\/strong><\/p>\n<p>Reichen Sie jetzt Ihr E-Rezept bei uns ein. Nutzen Sie dazu unsere\u00a0<a class=\"ProsemirrorEditor-link\" href=\"https:\/\/e-rezept-app.de\/shop-rezept\">E-Rezept<\/a>\u00a0App. Und wir schenken Ihnen die Versandkosten innerhalb Deutschlands!<\/p>\n<p class=\"TypographyPresentation TypographyPresentation--medium RichText3-paragraph--withVSpacingNormal RichText3-paragraph HighlightSol HighlightSol--buildingBlock\"><strong>Fragen zum Produkt? Wir sind f\u00fcr Sie da!<\/strong><\/p>\n<p class=\"TypographyPresentation TypographyPresentation--medium RichText3-paragraph--withVSpacingNormal RichText3-paragraph HighlightSol HighlightSol--buildingBlock\">Unsere verantwortliche Apothekerin\u00a0<strong>Dr. Sandra Hoff<\/strong>\u00a0und ihr Team beraten Sie gerne pers\u00f6nlich \u2013 telefonisch oder per E-Mail. Als\u00a0<strong>echte Apotheke vor Ort<\/strong>\u00a0und\u00a0<strong>zugelassene Versandapotheke<\/strong>\u00a0bieten wir Ihnen kompetente Unterst\u00fctzung, besonders in den Bereichen\u00a0<a href=\"https:\/\/www.loewen-apotheke24.com\/de\/product_tag\/naturheilmittel\/\"><strong>Naturheilkunde<\/strong><\/a>\u00a0und\u00a0<a href=\"https:\/\/www.loewen-apotheke24.com\/de\/product_tag\/vitamine-mineralien-nahrungsergaenzung\/\"><strong>Nahrungserg\u00e4nzungsmittel<\/strong><\/a>, hier Produkte von <a href=\"https:\/\/www.loewen-apotheke24.com\/de\/product_cat\/vitorgan\/\">vitOrgan Arzneimittel<\/a> und <a href=\"https:\/\/www.loewen-apotheke24.com\/de\/product_cat\/labo-life\/\">Labo Life<\/a>.<br \/>\n<a href=\"https:\/\/versandhandel.dimdi.de\/websearch\/servlet\/Gate;jsessionid=0D29D15655BE1174E9178A340E8FE6BC?accessid=dimdi_var&amp;term=3c387956690121ccc8763184f052b93f\" target=\"_blank\" rel=\"noopener\">Eintrag im Versandhandelsregister<\/a><\/p>\n","protected":false},"excerpt":{"rendered":"<h2>Orthomol Vital M Trinkflaschen\/Kapseln 30 St.<\/h2>\n<p>Orthomol Vital M Trinkflaschen\/Kapseln 30 enth\u00e4lt wichtige Mikron\u00e4hrstoffe f\u00fcr das Immunsystem. Zusammensetzung aus Tabletten und Kapseln als praktische Tagesportionen.<\/p>\n<p><strong>PZN<\/strong>: 01319850 (Pharmazentralnummer)<\/p>\n<p><strong>Darreichungsform<\/strong>:\u00a0 Trinkfl\u00e4schchen\/Kapseln<\/p>\n<p><strong>Verordnungsart<\/strong>: Rezeptfrei<\/p>\n<p><strong>Marke<\/strong>: orthomol vital m<\/p>\n<p><strong>Hersteller<\/strong>:\u00a0 <a href=\"https:\/\/www.loewen-apotheke24.com\/de\/product_cat\/orthomol\/\">orthomol<\/a><\/p>\n<p><strong>Packungsgr\u00f6\u00dfe<\/strong>: 30 St.<\/p>\n","protected":false},"featured_media":24689,"template":"","meta":[],"product_cat":[13,351],"product_tag":[354,473,214,139,393,365],"yoast_head":"<!-- This site is optimized with the Yoast SEO Premium plugin v21.0 (Yoast SEO v21.0) - https:\/\/yoast.com\/wordpress\/plugins\/seo\/ -->\n<title>Orthomol Vital M Trinkflaschen\/Tabletten - hier informieren<\/title>\n<meta name=\"description\" content=\"L\u00f6wen Apotheke24 - Versandapotheke - kurze Lieferzeit - Orthomol Vital M Trinkflaschen. Mikron\u00e4hrstoff-Kombinationen auf Basis der orthomolekularen Medizin.\" \/>\n<meta name=\"robots\" content=\"index, follow, max-snippet:-1, max-image-preview:large, max-video-preview:-1\" \/>\n<link rel=\"canonical\" href=\"https:\/\/www.loewen-apotheke24.com\/de\/shop\/angebot\/orthomol-vital-m-trinkflaschen-tabletten-30-st\/\" \/>\n<meta property=\"og:locale\" content=\"de_DE\" \/>\n<meta property=\"og:type\" content=\"article\" \/>\n<meta property=\"og:title\" content=\"Orthomol Vital M Trinkflaschen\/Tabletten - hier informieren\" \/>\n<meta property=\"og:description\" content=\"L\u00f6wen Apotheke24 - Versandapotheke - kurze Lieferzeit - Orthomol Vital M Trinkflaschen. Mikron\u00e4hrstoff-Kombinationen auf Basis der orthomolekularen Medizin.\" \/>\n<meta property=\"og:url\" content=\"https:\/\/www.loewen-apotheke24.com\/de\/shop\/angebot\/orthomol-vital-m-trinkflaschen-tabletten-30-st\/\" \/>\n<meta property=\"og:site_name\" content=\"L\u00f6wen Apotheke24\" \/>\n<meta property=\"article:modified_time\" content=\"2025-09-15T11:45:35+00:00\" \/>\n<meta property=\"og:image\" content=\"https:\/\/www.loewen-apotheke24.com\/wp-content\/uploads\/2020\/11\/Orthomol-Vital-M-Trinkflaschen-Tabletten-30-St..jpg\" \/>\n\t<meta property=\"og:image:width\" content=\"600\" \/>\n\t<meta property=\"og:image:height\" content=\"600\" \/>\n\t<meta property=\"og:image:type\" content=\"image\/jpeg\" \/>\n<meta name=\"twitter:card\" content=\"summary_large_image\" \/>\n<meta name=\"twitter:label1\" content=\"Gesch\u00e4tzte Lesezeit\" \/>\n\t<meta name=\"twitter:data1\" content=\"2\u00a0Minuten\" \/>\n<script type=\"application\/ld+json\" class=\"yoast-schema-graph\">{\"@context\":\"https:\/\/schema.org\",\"@graph\":[{\"@type\":\"WebPage\",\"@id\":\"https:\/\/www.loewen-apotheke24.com\/de\/shop\/angebot\/orthomol-vital-m-trinkflaschen-tabletten-30-st\/\",\"url\":\"https:\/\/www.loewen-apotheke24.com\/de\/shop\/angebot\/orthomol-vital-m-trinkflaschen-tabletten-30-st\/\",\"name\":\"Orthomol Vital M Trinkflaschen\/Tabletten - hier informieren\",\"isPartOf\":{\"@id\":\"https:\/\/www.loewen-apotheke24.com\/de\/#website\"},\"datePublished\":\"2020-11-11T15:08:06+00:00\",\"dateModified\":\"2025-09-15T11:45:35+00:00\",\"description\":\"L\u00f6wen Apotheke24 - Versandapotheke - kurze Lieferzeit - Orthomol Vital M Trinkflaschen. Mikron\u00e4hrstoff-Kombinationen auf Basis der orthomolekularen Medizin.\",\"breadcrumb\":{\"@id\":\"https:\/\/www.loewen-apotheke24.com\/de\/shop\/angebot\/orthomol-vital-m-trinkflaschen-tabletten-30-st\/#breadcrumb\"},\"inLanguage\":\"de\",\"potentialAction\":[{\"@type\":\"ReadAction\",\"target\":[\"https:\/\/www.loewen-apotheke24.com\/de\/shop\/angebot\/orthomol-vital-m-trinkflaschen-tabletten-30-st\/\"]}]},{\"@type\":\"BreadcrumbList\",\"@id\":\"https:\/\/www.loewen-apotheke24.com\/de\/shop\/angebot\/orthomol-vital-m-trinkflaschen-tabletten-30-st\/#breadcrumb\",\"itemListElement\":[{\"@type\":\"ListItem\",\"position\":1,\"name\":\"Shop\",\"item\":\"https:\/\/www.loewen-apotheke24.com\/de\/shop\/\"},{\"@type\":\"ListItem\",\"position\":2,\"name\":\"Orthomol Vital M Trinkflaschen \/ Tabletten 30 St.\"}]},{\"@type\":\"WebSite\",\"@id\":\"https:\/\/www.loewen-apotheke24.com\/de\/#website\",\"url\":\"https:\/\/www.loewen-apotheke24.com\/de\/\",\"name\":\"L\u00f6wen Apotheke24\",\"description\":\"Spezialist f\u00fcr Naturmedizin - Versandapotheke Baden-Baden\",\"publisher\":{\"@id\":\"https:\/\/www.loewen-apotheke24.com\/de\/#organization\"},\"potentialAction\":[{\"@type\":\"SearchAction\",\"target\":{\"@type\":\"EntryPoint\",\"urlTemplate\":\"https:\/\/www.loewen-apotheke24.com\/de\/?s={search_term_string}\"},\"query-input\":\"required name=search_term_string\"}],\"inLanguage\":\"de\"},{\"@type\":\"Organization\",\"@id\":\"https:\/\/www.loewen-apotheke24.com\/de\/#organization\",\"name\":\"L\u00f6wen Apotheke\",\"alternateName\":\"L\u00f6wen Apotheke\",\"url\":\"https:\/\/www.loewen-apotheke24.com\/de\/\",\"logo\":{\"@type\":\"ImageObject\",\"inLanguage\":\"de\",\"@id\":\"https:\/\/www.loewen-apotheke24.com\/de\/#\/schema\/logo\/image\/\",\"url\":\"https:\/\/www.loewen-apotheke24.com\/wp-content\/uploads\/2024\/02\/Logo-Loewen-Apotheke-700x700-1.png\",\"contentUrl\":\"https:\/\/www.loewen-apotheke24.com\/wp-content\/uploads\/2024\/02\/Logo-Loewen-Apotheke-700x700-1.png\",\"width\":700,\"height\":700,\"caption\":\"L\u00f6wen Apotheke\"},\"image\":{\"@id\":\"https:\/\/www.loewen-apotheke24.com\/de\/#\/schema\/logo\/image\/\"}}]}<\/script>\n<!-- \/ Yoast SEO Premium plugin. -->","yoast_head_json":{"title":"Orthomol Vital M Trinkflaschen\/Tabletten - hier informieren","description":"L\u00f6wen Apotheke24 - Versandapotheke - kurze Lieferzeit - Orthomol Vital M Trinkflaschen. Mikron\u00e4hrstoff-Kombinationen auf Basis der orthomolekularen Medizin.","robots":{"index":"index","follow":"follow","max-snippet":"max-snippet:-1","max-image-preview":"max-image-preview:large","max-video-preview":"max-video-preview:-1"},"canonical":"https:\/\/www.loewen-apotheke24.com\/de\/shop\/angebot\/orthomol-vital-m-trinkflaschen-tabletten-30-st\/","og_locale":"de_DE","og_type":"article","og_title":"Orthomol Vital M Trinkflaschen\/Tabletten - hier informieren","og_description":"L\u00f6wen Apotheke24 - Versandapotheke - kurze Lieferzeit - Orthomol Vital M Trinkflaschen. Mikron\u00e4hrstoff-Kombinationen auf Basis der orthomolekularen Medizin.","og_url":"https:\/\/www.loewen-apotheke24.com\/de\/shop\/angebot\/orthomol-vital-m-trinkflaschen-tabletten-30-st\/","og_site_name":"L\u00f6wen Apotheke24","article_modified_time":"2025-09-15T11:45:35+00:00","og_image":[{"width":600,"height":600,"url":"https:\/\/www.loewen-apotheke24.com\/wp-content\/uploads\/2020\/11\/Orthomol-Vital-M-Trinkflaschen-Tabletten-30-St..jpg","type":"image\/jpeg"}],"twitter_card":"summary_large_image","twitter_misc":{"Gesch\u00e4tzte Lesezeit":"2\u00a0Minuten"},"schema":{"@context":"https:\/\/schema.org","@graph":[{"@type":"WebPage","@id":"https:\/\/www.loewen-apotheke24.com\/de\/shop\/angebot\/orthomol-vital-m-trinkflaschen-tabletten-30-st\/","url":"https:\/\/www.loewen-apotheke24.com\/de\/shop\/angebot\/orthomol-vital-m-trinkflaschen-tabletten-30-st\/","name":"Orthomol Vital M Trinkflaschen\/Tabletten - hier informieren","isPartOf":{"@id":"https:\/\/www.loewen-apotheke24.com\/de\/#website"},"datePublished":"2020-11-11T15:08:06+00:00","dateModified":"2025-09-15T11:45:35+00:00","description":"L\u00f6wen Apotheke24 - Versandapotheke - kurze Lieferzeit - Orthomol Vital M Trinkflaschen. Mikron\u00e4hrstoff-Kombinationen auf Basis der orthomolekularen Medizin.","breadcrumb":{"@id":"https:\/\/www.loewen-apotheke24.com\/de\/shop\/angebot\/orthomol-vital-m-trinkflaschen-tabletten-30-st\/#breadcrumb"},"inLanguage":"de","potentialAction":[{"@type":"ReadAction","target":["https:\/\/www.loewen-apotheke24.com\/de\/shop\/angebot\/orthomol-vital-m-trinkflaschen-tabletten-30-st\/"]}]},{"@type":"BreadcrumbList","@id":"https:\/\/www.loewen-apotheke24.com\/de\/shop\/angebot\/orthomol-vital-m-trinkflaschen-tabletten-30-st\/#breadcrumb","itemListElement":[{"@type":"ListItem","position":1,"name":"Shop","item":"https:\/\/www.loewen-apotheke24.com\/de\/shop\/"},{"@type":"ListItem","position":2,"name":"Orthomol Vital M Trinkflaschen \/ Tabletten 30 St."}]},{"@type":"WebSite","@id":"https:\/\/www.loewen-apotheke24.com\/de\/#website","url":"https:\/\/www.loewen-apotheke24.com\/de\/","name":"L\u00f6wen Apotheke24","description":"Spezialist f\u00fcr Naturmedizin - Versandapotheke Baden-Baden","publisher":{"@id":"https:\/\/www.loewen-apotheke24.com\/de\/#organization"},"potentialAction":[{"@type":"SearchAction","target":{"@type":"EntryPoint","urlTemplate":"https:\/\/www.loewen-apotheke24.com\/de\/?s={search_term_string}"},"query-input":"required name=search_term_string"}],"inLanguage":"de"},{"@type":"Organization","@id":"https:\/\/www.loewen-apotheke24.com\/de\/#organization","name":"L\u00f6wen Apotheke","alternateName":"L\u00f6wen Apotheke","url":"https:\/\/www.loewen-apotheke24.com\/de\/","logo":{"@type":"ImageObject","inLanguage":"de","@id":"https:\/\/www.loewen-apotheke24.com\/de\/#\/schema\/logo\/image\/","url":"https:\/\/www.loewen-apotheke24.com\/wp-content\/uploads\/2024\/02\/Logo-Loewen-Apotheke-700x700-1.png","contentUrl":"https:\/\/www.loewen-apotheke24.com\/wp-content\/uploads\/2024\/02\/Logo-Loewen-Apotheke-700x700-1.png","width":700,"height":700,"caption":"L\u00f6wen Apotheke"},"image":{"@id":"https:\/\/www.loewen-apotheke24.com\/de\/#\/schema\/logo\/image\/"}}]}},"_links":{"self":[{"href":"https:\/\/www.loewen-apotheke24.com\/de\/wp-json\/wp\/v2\/product\/23252"}],"collection":[{"href":"https:\/\/www.loewen-apotheke24.com\/de\/wp-json\/wp\/v2\/product"}],"about":[{"href":"https:\/\/www.loewen-apotheke24.com\/de\/wp-json\/wp\/v2\/types\/product"}],"wp:featuredmedia":[{"embeddable":true,"href":"https:\/\/www.loewen-apotheke24.com\/de\/wp-json\/wp\/v2\/media\/24689"}],"wp:attachment":[{"href":"https:\/\/www.loewen-apotheke24.com\/de\/wp-json\/wp\/v2\/media?parent=23252"}],"wp:term":[{"taxonomy":"product_cat","embeddable":true,"href":"https:\/\/www.loewen-apotheke24.com\/de\/wp-json\/wp\/v2\/product_cat?post=23252"},{"taxonomy":"product_tag","embeddable":true,"href":"https:\/\/www.loewen-apotheke24.com\/de\/wp-json\/wp\/v2\/product_tag?post=23252"}],"curies":[{"name":"wp","href":"https:\/\/api.w.org\/{rel}","templated":true}]}}