{"id":23262,"date":"2020-11-11T16:47:04","date_gmt":"2020-11-11T15:47:04","guid":{"rendered":"https:\/\/www.loewen-apotheke24.com\/?post_type=product&#038;p=23262"},"modified":"2025-09-15T12:55:14","modified_gmt":"2025-09-15T11:55:14","slug":"nurofen-junior-fieber-schmerzsaft-orange-4-100ml","status":"publish","type":"product","link":"https:\/\/www.loewen-apotheke24.com\/de\/shop\/marke\/nurofen-junior-fieber-schmerzsaft-orange-4-100ml\/","title":{"rendered":"Nurofen Junior Fieber- &#038; Schmerzsaft Orange 4% 100ml"},"content":{"rendered":"<h2><span style=\"font-size: 14pt;\"><strong>Nurofen Junior Fieber- &amp; Schmerzsaft Orange 4% 100ml <\/strong><\/span><\/h2>\n<p>Nurofen Junior Fieber- &amp; Schmerzsaft.<\/p>\n<p>Ob ein Kind Fieber hat macht sich meist schnell an \u00e4u\u00dferlichen Merkmalen bemerkbar: Das Gesicht wird hei\u00df die Haut ist blass die Augen wirken m\u00fcde der kleine Patient ist abgeschlagen und hat keinen Appetit mehr. Typische Ursachen sind Erk\u00e4ltungen die Kindergrippe Mittelohrentz\u00fcndungen und Magen-Darm-Erkrankungen aber auch das Zahnen des Babys. In dieser Phase nimmt das Kleine alles in den Mund um darauf zu bei\u00dfen und Krankheitserreger haben ein leichtes Spiel. Auf den Angriff der Viren und Bakterien reagiert der K\u00f6rper mit Fieber da eine erh\u00f6hte K\u00f6rpertemperatur die Vermehrung der Erreger verlangsamt.<\/p>\n<p>Bei Kleinkindern spricht man von Fieber wenn das Thermometer mehr als 38 5 Grad Celsius anzeigt. Am genauesten ist die Messung im Po und mittels eines Infrarotthermometers.<\/p>\n<h3>Die kindgerechte L\u00f6sung bei Fieber und Schmerzen<\/h3>\n<p>Fiebersenkende und schmerzstillende S\u00e4fte sind auch aus dem Grund empfehlenswert weil sie individueller dosiert werden k\u00f6nnen als viele vergleichbare Schmerztabletten oder Fieberz\u00e4pfchen.<\/p>\n<p>Die Anwendung von NUROFEN\u00ae Junior Fieber- und Schmerzsaft 40 mg ist einfach und komfortabel: Mit der beiliegenden Applikationsspritze wird der Saft aufgenommen \u2013 exakt angepasst an das Alter und Gewicht des Kindes. Auf Wunsch kann der Fieber- und Schmerzsaft mit leckerem Erdbeergeschmack dem kleinen Patienten auch im Liegen direkt aus der Spritze verabreicht werden. Manchen schmeckt er pur am besten andere m\u00f6chten ihn lieber verd\u00fcnnt mit Wasser oder Tee ebenso kann er mit Saft vermischt werden.<\/p>\n<p><a href=\"https:\/\/www.nurofen.de\/produkte\/kinder\/nurofenreg-junior-fieber-und-schmerzsaft-40-mg-ml-suspension-zum-einnehmen-100-ml-orange\/\" target=\"_blank\" rel=\"noopener noreferrer\">Hier<\/a> finden Sie weitere Informationen zum Produkt<\/p>\n<p>Zu Risiken und Nebenwirkungen lesen Sie die Packungsbeilage und fragen Sie Ihren Arzt oder Apotheker.<\/p>\n","protected":false},"excerpt":{"rendered":"<h2>Nurofen Junior Fieber- &amp; Schmerzsaft Orange 4% 100ml<\/h2>\n<div class=\"rating__wrap\">\n<p>Nurofen Junior Fieber- &amp; Schmerzsaft Orange 4% 100ml. Bei Fieber und leichten Schmerzen.<\/p>\n<p><strong>PZN<\/strong>: 07776465 (Pharmazentralnummer)<\/p>\n<p><strong>Darreichungsform<\/strong>: Saft<\/p>\n<p><strong>Verordnungsart<\/strong>: Rezeptfrei<\/p>\n<p><strong>Marke:\u00a0<\/strong>Nurofen Junior Fieber- &amp; Schmerzsaft Orange 4% 100ml<\/p>\n<p><strong>Hersteller<\/strong>:\u00a0Reckitt Benckiser Deutschland GmbH<\/p>\n<\/div>\n","protected":false},"featured_media":61575,"template":"","meta":[],"product_cat":[43],"product_tag":[266,270,426,371],"yoast_head":"<!-- This site is optimized with the Yoast SEO Premium plugin v21.0 (Yoast SEO v21.0) - https:\/\/yoast.com\/wordpress\/plugins\/seo\/ -->\n<title>Nurofen Junior Fieber- &amp; Schmerzsaft Orange 4% 100ml<\/title>\n<meta name=\"description\" content=\"L\u00f6wen Apotheke24 - Spezialist f\u00fcr Naturheilkunde - kurze Lieferzeit - gratis Lieferung ab 30 \u20ac - Nurofen Junior Fieber- &amp; Schmerzsaft 4% 100ml\" \/>\n<meta name=\"robots\" content=\"index, follow, max-snippet:-1, max-image-preview:large, max-video-preview:-1\" \/>\n<link rel=\"canonical\" href=\"https:\/\/www.loewen-apotheke24.com\/de\/shop\/marke\/nurofen-junior-fieber-schmerzsaft-orange-4-100ml\/\" \/>\n<meta property=\"og:locale\" content=\"de_DE\" \/>\n<meta property=\"og:type\" content=\"article\" \/>\n<meta property=\"og:title\" content=\"Nurofen Junior Fieber- &amp; Schmerzsaft Orange 4% 100ml\" \/>\n<meta property=\"og:description\" content=\"L\u00f6wen Apotheke24 - Spezialist f\u00fcr Naturheilkunde - kurze Lieferzeit - gratis Lieferung ab 30 \u20ac - Nurofen Junior Fieber- &amp; Schmerzsaft 4% 100ml\" \/>\n<meta property=\"og:url\" content=\"https:\/\/www.loewen-apotheke24.com\/de\/shop\/marke\/nurofen-junior-fieber-schmerzsaft-orange-4-100ml\/\" \/>\n<meta property=\"og:site_name\" content=\"L\u00f6wen Apotheke24\" \/>\n<meta property=\"article:modified_time\" content=\"2025-09-15T11:55:14+00:00\" \/>\n<meta property=\"og:image\" content=\"https:\/\/www.loewen-apotheke24.com\/wp-content\/uploads\/2020\/11\/nurofen-junior-Fieber-Schmerzsaft-Orange-4-100ml-07776465.jpg\" \/>\n\t<meta property=\"og:image:width\" content=\"600\" \/>\n\t<meta property=\"og:image:height\" content=\"600\" \/>\n\t<meta property=\"og:image:type\" content=\"image\/jpeg\" \/>\n<meta name=\"twitter:card\" content=\"summary_large_image\" \/>\n<meta name=\"twitter:label1\" content=\"Gesch\u00e4tzte Lesezeit\" \/>\n\t<meta name=\"twitter:data1\" content=\"2\u00a0Minuten\" \/>\n<script type=\"application\/ld+json\" class=\"yoast-schema-graph\">{\"@context\":\"https:\/\/schema.org\",\"@graph\":[{\"@type\":\"WebPage\",\"@id\":\"https:\/\/www.loewen-apotheke24.com\/de\/shop\/marke\/nurofen-junior-fieber-schmerzsaft-orange-4-100ml\/\",\"url\":\"https:\/\/www.loewen-apotheke24.com\/de\/shop\/marke\/nurofen-junior-fieber-schmerzsaft-orange-4-100ml\/\",\"name\":\"Nurofen Junior Fieber- & Schmerzsaft Orange 4% 100ml\",\"isPartOf\":{\"@id\":\"https:\/\/www.loewen-apotheke24.com\/de\/#website\"},\"datePublished\":\"2020-11-11T15:47:04+00:00\",\"dateModified\":\"2025-09-15T11:55:14+00:00\",\"description\":\"L\u00f6wen Apotheke24 - Spezialist f\u00fcr Naturheilkunde - kurze Lieferzeit - gratis Lieferung ab 30 \u20ac - Nurofen Junior Fieber- & Schmerzsaft 4% 100ml\",\"breadcrumb\":{\"@id\":\"https:\/\/www.loewen-apotheke24.com\/de\/shop\/marke\/nurofen-junior-fieber-schmerzsaft-orange-4-100ml\/#breadcrumb\"},\"inLanguage\":\"de\",\"potentialAction\":[{\"@type\":\"ReadAction\",\"target\":[\"https:\/\/www.loewen-apotheke24.com\/de\/shop\/marke\/nurofen-junior-fieber-schmerzsaft-orange-4-100ml\/\"]}]},{\"@type\":\"BreadcrumbList\",\"@id\":\"https:\/\/www.loewen-apotheke24.com\/de\/shop\/marke\/nurofen-junior-fieber-schmerzsaft-orange-4-100ml\/#breadcrumb\",\"itemListElement\":[{\"@type\":\"ListItem\",\"position\":1,\"name\":\"Shop\",\"item\":\"https:\/\/www.loewen-apotheke24.com\/de\/shop\/\"},{\"@type\":\"ListItem\",\"position\":2,\"name\":\"Nurofen Junior Fieber- &#038; Schmerzsaft Orange 4% 100ml\"}]},{\"@type\":\"WebSite\",\"@id\":\"https:\/\/www.loewen-apotheke24.com\/de\/#website\",\"url\":\"https:\/\/www.loewen-apotheke24.com\/de\/\",\"name\":\"L\u00f6wen Apotheke24\",\"description\":\"Spezialist f\u00fcr Naturmedizin - Versandapotheke Baden-Baden\",\"publisher\":{\"@id\":\"https:\/\/www.loewen-apotheke24.com\/de\/#organization\"},\"potentialAction\":[{\"@type\":\"SearchAction\",\"target\":{\"@type\":\"EntryPoint\",\"urlTemplate\":\"https:\/\/www.loewen-apotheke24.com\/de\/?s={search_term_string}\"},\"query-input\":\"required name=search_term_string\"}],\"inLanguage\":\"de\"},{\"@type\":\"Organization\",\"@id\":\"https:\/\/www.loewen-apotheke24.com\/de\/#organization\",\"name\":\"L\u00f6wen Apotheke\",\"alternateName\":\"L\u00f6wen Apotheke\",\"url\":\"https:\/\/www.loewen-apotheke24.com\/de\/\",\"logo\":{\"@type\":\"ImageObject\",\"inLanguage\":\"de\",\"@id\":\"https:\/\/www.loewen-apotheke24.com\/de\/#\/schema\/logo\/image\/\",\"url\":\"https:\/\/www.loewen-apotheke24.com\/wp-content\/uploads\/2024\/02\/Logo-Loewen-Apotheke-700x700-1.png\",\"contentUrl\":\"https:\/\/www.loewen-apotheke24.com\/wp-content\/uploads\/2024\/02\/Logo-Loewen-Apotheke-700x700-1.png\",\"width\":700,\"height\":700,\"caption\":\"L\u00f6wen Apotheke\"},\"image\":{\"@id\":\"https:\/\/www.loewen-apotheke24.com\/de\/#\/schema\/logo\/image\/\"}}]}<\/script>\n<!-- \/ Yoast SEO Premium plugin. -->","yoast_head_json":{"title":"Nurofen Junior Fieber- & Schmerzsaft Orange 4% 100ml","description":"L\u00f6wen Apotheke24 - Spezialist f\u00fcr Naturheilkunde - kurze Lieferzeit - gratis Lieferung ab 30 \u20ac - Nurofen Junior Fieber- & Schmerzsaft 4% 100ml","robots":{"index":"index","follow":"follow","max-snippet":"max-snippet:-1","max-image-preview":"max-image-preview:large","max-video-preview":"max-video-preview:-1"},"canonical":"https:\/\/www.loewen-apotheke24.com\/de\/shop\/marke\/nurofen-junior-fieber-schmerzsaft-orange-4-100ml\/","og_locale":"de_DE","og_type":"article","og_title":"Nurofen Junior Fieber- & Schmerzsaft Orange 4% 100ml","og_description":"L\u00f6wen Apotheke24 - Spezialist f\u00fcr Naturheilkunde - kurze Lieferzeit - gratis Lieferung ab 30 \u20ac - Nurofen Junior Fieber- & Schmerzsaft 4% 100ml","og_url":"https:\/\/www.loewen-apotheke24.com\/de\/shop\/marke\/nurofen-junior-fieber-schmerzsaft-orange-4-100ml\/","og_site_name":"L\u00f6wen Apotheke24","article_modified_time":"2025-09-15T11:55:14+00:00","og_image":[{"width":600,"height":600,"url":"https:\/\/www.loewen-apotheke24.com\/wp-content\/uploads\/2020\/11\/nurofen-junior-Fieber-Schmerzsaft-Orange-4-100ml-07776465.jpg","type":"image\/jpeg"}],"twitter_card":"summary_large_image","twitter_misc":{"Gesch\u00e4tzte Lesezeit":"2\u00a0Minuten"},"schema":{"@context":"https:\/\/schema.org","@graph":[{"@type":"WebPage","@id":"https:\/\/www.loewen-apotheke24.com\/de\/shop\/marke\/nurofen-junior-fieber-schmerzsaft-orange-4-100ml\/","url":"https:\/\/www.loewen-apotheke24.com\/de\/shop\/marke\/nurofen-junior-fieber-schmerzsaft-orange-4-100ml\/","name":"Nurofen Junior Fieber- & Schmerzsaft Orange 4% 100ml","isPartOf":{"@id":"https:\/\/www.loewen-apotheke24.com\/de\/#website"},"datePublished":"2020-11-11T15:47:04+00:00","dateModified":"2025-09-15T11:55:14+00:00","description":"L\u00f6wen Apotheke24 - Spezialist f\u00fcr Naturheilkunde - kurze Lieferzeit - gratis Lieferung ab 30 \u20ac - Nurofen Junior Fieber- & Schmerzsaft 4% 100ml","breadcrumb":{"@id":"https:\/\/www.loewen-apotheke24.com\/de\/shop\/marke\/nurofen-junior-fieber-schmerzsaft-orange-4-100ml\/#breadcrumb"},"inLanguage":"de","potentialAction":[{"@type":"ReadAction","target":["https:\/\/www.loewen-apotheke24.com\/de\/shop\/marke\/nurofen-junior-fieber-schmerzsaft-orange-4-100ml\/"]}]},{"@type":"BreadcrumbList","@id":"https:\/\/www.loewen-apotheke24.com\/de\/shop\/marke\/nurofen-junior-fieber-schmerzsaft-orange-4-100ml\/#breadcrumb","itemListElement":[{"@type":"ListItem","position":1,"name":"Shop","item":"https:\/\/www.loewen-apotheke24.com\/de\/shop\/"},{"@type":"ListItem","position":2,"name":"Nurofen Junior Fieber- &#038; Schmerzsaft Orange 4% 100ml"}]},{"@type":"WebSite","@id":"https:\/\/www.loewen-apotheke24.com\/de\/#website","url":"https:\/\/www.loewen-apotheke24.com\/de\/","name":"L\u00f6wen Apotheke24","description":"Spezialist f\u00fcr Naturmedizin - Versandapotheke Baden-Baden","publisher":{"@id":"https:\/\/www.loewen-apotheke24.com\/de\/#organization"},"potentialAction":[{"@type":"SearchAction","target":{"@type":"EntryPoint","urlTemplate":"https:\/\/www.loewen-apotheke24.com\/de\/?s={search_term_string}"},"query-input":"required name=search_term_string"}],"inLanguage":"de"},{"@type":"Organization","@id":"https:\/\/www.loewen-apotheke24.com\/de\/#organization","name":"L\u00f6wen Apotheke","alternateName":"L\u00f6wen Apotheke","url":"https:\/\/www.loewen-apotheke24.com\/de\/","logo":{"@type":"ImageObject","inLanguage":"de","@id":"https:\/\/www.loewen-apotheke24.com\/de\/#\/schema\/logo\/image\/","url":"https:\/\/www.loewen-apotheke24.com\/wp-content\/uploads\/2024\/02\/Logo-Loewen-Apotheke-700x700-1.png","contentUrl":"https:\/\/www.loewen-apotheke24.com\/wp-content\/uploads\/2024\/02\/Logo-Loewen-Apotheke-700x700-1.png","width":700,"height":700,"caption":"L\u00f6wen Apotheke"},"image":{"@id":"https:\/\/www.loewen-apotheke24.com\/de\/#\/schema\/logo\/image\/"}}]}},"_links":{"self":[{"href":"https:\/\/www.loewen-apotheke24.com\/de\/wp-json\/wp\/v2\/product\/23262"}],"collection":[{"href":"https:\/\/www.loewen-apotheke24.com\/de\/wp-json\/wp\/v2\/product"}],"about":[{"href":"https:\/\/www.loewen-apotheke24.com\/de\/wp-json\/wp\/v2\/types\/product"}],"wp:featuredmedia":[{"embeddable":true,"href":"https:\/\/www.loewen-apotheke24.com\/de\/wp-json\/wp\/v2\/media\/61575"}],"wp:attachment":[{"href":"https:\/\/www.loewen-apotheke24.com\/de\/wp-json\/wp\/v2\/media?parent=23262"}],"wp:term":[{"taxonomy":"product_cat","embeddable":true,"href":"https:\/\/www.loewen-apotheke24.com\/de\/wp-json\/wp\/v2\/product_cat?post=23262"},{"taxonomy":"product_tag","embeddable":true,"href":"https:\/\/www.loewen-apotheke24.com\/de\/wp-json\/wp\/v2\/product_tag?post=23262"}],"curies":[{"name":"wp","href":"https:\/\/api.w.org\/{rel}","templated":true}]}}