{"id":23263,"date":"2020-11-11T16:50:09","date_gmt":"2020-11-11T15:50:09","guid":{"rendered":"https:\/\/www.loewen-apotheke24.com\/?post_type=product&#038;p=23263"},"modified":"2025-02-10T20:47:12","modified_gmt":"2025-02-10T19:47:12","slug":"voltaren-schmerzgel-150g","status":"publish","type":"product","link":"https:\/\/www.loewen-apotheke24.com\/de\/shop\/angebot\/voltaren-schmerzgel-150g\/","title":{"rendered":"Voltaren Schmerzgel 120g"},"content":{"rendered":"<h3 style=\"text-align: left;\">Voltaren Schmerzgel 120g<\/h3>\n<div class=\"content content--productDescription\">\n<p>Das Original Voltaren Schmerzgel mit Diclofenac wirkt 3-fach: Es stoppt den Schmerz, bek\u00e4mpft die Entz\u00fcndung und beschleunigt die Heilung.\u00a0Es vereint die Eigenschaften eines Gels und einer Creme \u2013 zieht schnell ein, k\u00fchlt und pflegt zugleich.<\/p>\n<p>Beim Auftragen dringt der Wirkstoff Diclofenac tief in die Haut ein und konzentriert sich gezielt an der entz\u00fcndeten Stelle. Hier entfaltet das Schmerzgel seine bew\u00e4hrte 3-fach-Wirkung.<\/p>\n<p>Das Voltaren Schmerzgel wird zur Schmerzlinderung und Entz\u00fcndungshemmung in den folgenden F\u00e4llen empfohlen:<\/p>\n<ul>\n<li>Bei akuten Muskelschmerzen (z.B. im R\u00fcckenbereich)<\/li>\n<li>Bei akuten Zerrungen, Verstauchungen oder Prellungen infolge stumpfer Traumen, z.B. Sport- und Unfallverletzungen<\/li>\n<li>Bei Schmerzen der gelenknahen Weichteile (z. B. Schleimbeutel, Sehnen, B\u00e4nder) bei Arthrose der Knie- und Fingergelenke<\/li>\n<li>Bei Entz\u00fcndung der Sehnenans\u00e4tze im Bereich des Ellenbogens, auch Tennisellenbogen bzw. Golferellenbogen genannt<\/li>\n<\/ul>\n<h3 style=\"text-align: left;\">Anwendung:<\/h3>\n<p>Tragen Sie das Voltaren Schmerzgel in Abh\u00e4ngigkeit von der Schmerzintensit\u00e4t drei- bis viermal t\u00e4glich auf. Je nach Gr\u00f6\u00dfe der zu behandelnden schmerzhaften Stelle ist eine kirsch- bis walnussgro\u00dfe Menge erforderlich. Waschen Sie sich anschlie\u00dfend die H\u00e4nde.<\/p>\n<p><a href=\"https:\/\/www.voltaren.de\/voltaren-produkte\/voltaren-schmerzgel-forte\/\" target=\"_blank\" rel=\"noopener noreferrer\">Hier<\/a> finden Sie weitere Informationen zum Produkt sowie Alternativen in unserer Produktkategorie: <a href=\"https:\/\/www.loewen-apotheke24.com\/de\/product_tag\/gelenke\/\">Glieder- &amp; R\u00fcckenschmerzen<\/a><\/p>\n<\/div>\n<p>Zu Risiken und Nebenwirkungen lesen Sie die Packungsbeilage und fragen Sie Ihren Arzt oder Apotheker.<\/p>\n","protected":false},"excerpt":{"rendered":"<div class=\"rating__wrap\">\n<h2 style=\"text-align: left;\">Voltaren Schmerzgel 120g<\/h2>\n<p>Voltaren Schmerzgel 120g. Das Original Voltaren Schmerzgel mit Diclofenac wirkt 3-fach: Es stoppt den Schmerz, bek\u00e4mpft die Entz\u00fcndung und beschleunigt die Heilung.\u00a0Es vereint die Eigenschaften eines Gels und einer Creme \u2013 zieht schnell ein, k\u00fchlt und pflegt zugleich.<\/p>\n<p><strong>PZN<\/strong>: 00458532 (Pharmazentralnummer)<\/p>\n<p><strong>Darreichungsform<\/strong>: Salbe &#8211; Gel<\/p>\n<p><strong>Verordnungsart<\/strong>: Rezeptfrei<\/p>\n<p><strong>Marke<\/strong>: Voltaren<\/p>\n<p><strong>Hersteller<\/strong>: Haleon Germany GmbH<\/p>\n<\/div>\n","protected":false},"featured_media":25212,"template":"","meta":[],"product_cat":[13,1014],"product_tag":[402,266,374,409,473,214,170,360,371,375],"yoast_head":"<!-- This site is optimized with the Yoast SEO Premium plugin v21.0 (Yoast SEO v21.0) - https:\/\/yoast.com\/wordpress\/plugins\/seo\/ -->\n<title>Voltaren Schmerzgel 120g - L\u00f6wen Apotheke24<\/title>\n<meta name=\"description\" content=\"L\u00f6wen Apotheke24 - Spezialist f\u00fcr Naturheilkunde - Weltweiter Versand - kurze Lieferzeit - gratis Lieferung ab 30 \u20ac - Voltaren Schmerzgel 120g\" \/>\n<meta name=\"robots\" content=\"index, follow, max-snippet:-1, max-image-preview:large, max-video-preview:-1\" \/>\n<link rel=\"canonical\" href=\"https:\/\/www.loewen-apotheke24.com\/de\/shop\/angebot\/voltaren-schmerzgel-150g\/\" \/>\n<meta property=\"og:locale\" content=\"de_DE\" \/>\n<meta property=\"og:type\" content=\"article\" \/>\n<meta property=\"og:title\" content=\"Voltaren Schmerzgel 120g - L\u00f6wen Apotheke24\" \/>\n<meta property=\"og:description\" content=\"L\u00f6wen Apotheke24 - Spezialist f\u00fcr Naturheilkunde - Weltweiter Versand - kurze Lieferzeit - gratis Lieferung ab 30 \u20ac - Voltaren Schmerzgel 120g\" \/>\n<meta property=\"og:url\" content=\"https:\/\/www.loewen-apotheke24.com\/de\/shop\/angebot\/voltaren-schmerzgel-150g\/\" \/>\n<meta property=\"og:site_name\" content=\"L\u00f6wen Apotheke24\" \/>\n<meta property=\"article:modified_time\" content=\"2025-02-10T19:47:12+00:00\" \/>\n<meta property=\"og:image\" content=\"https:\/\/www.loewen-apotheke24.com\/wp-content\/uploads\/2020\/11\/voltaren-schmergel.jpg\" \/>\n\t<meta property=\"og:image:width\" content=\"600\" \/>\n\t<meta property=\"og:image:height\" content=\"600\" \/>\n\t<meta property=\"og:image:type\" content=\"image\/jpeg\" \/>\n<meta name=\"twitter:card\" content=\"summary_large_image\" \/>\n<meta name=\"twitter:label1\" content=\"Gesch\u00e4tzte Lesezeit\" \/>\n\t<meta name=\"twitter:data1\" content=\"2\u00a0Minuten\" \/>\n<script type=\"application\/ld+json\" class=\"yoast-schema-graph\">{\"@context\":\"https:\/\/schema.org\",\"@graph\":[{\"@type\":\"WebPage\",\"@id\":\"https:\/\/www.loewen-apotheke24.com\/de\/shop\/angebot\/voltaren-schmerzgel-150g\/\",\"url\":\"https:\/\/www.loewen-apotheke24.com\/de\/shop\/angebot\/voltaren-schmerzgel-150g\/\",\"name\":\"Voltaren Schmerzgel 120g - L\u00f6wen Apotheke24\",\"isPartOf\":{\"@id\":\"https:\/\/www.loewen-apotheke24.com\/de\/#website\"},\"datePublished\":\"2020-11-11T15:50:09+00:00\",\"dateModified\":\"2025-02-10T19:47:12+00:00\",\"description\":\"L\u00f6wen Apotheke24 - Spezialist f\u00fcr Naturheilkunde - Weltweiter Versand - kurze Lieferzeit - gratis Lieferung ab 30 \u20ac - Voltaren Schmerzgel 120g\",\"breadcrumb\":{\"@id\":\"https:\/\/www.loewen-apotheke24.com\/de\/shop\/angebot\/voltaren-schmerzgel-150g\/#breadcrumb\"},\"inLanguage\":\"de\",\"potentialAction\":[{\"@type\":\"ReadAction\",\"target\":[\"https:\/\/www.loewen-apotheke24.com\/de\/shop\/angebot\/voltaren-schmerzgel-150g\/\"]}]},{\"@type\":\"BreadcrumbList\",\"@id\":\"https:\/\/www.loewen-apotheke24.com\/de\/shop\/angebot\/voltaren-schmerzgel-150g\/#breadcrumb\",\"itemListElement\":[{\"@type\":\"ListItem\",\"position\":1,\"name\":\"Shop\",\"item\":\"https:\/\/www.loewen-apotheke24.com\/de\/shop\/\"},{\"@type\":\"ListItem\",\"position\":2,\"name\":\"Voltaren Schmerzgel 120g\"}]},{\"@type\":\"WebSite\",\"@id\":\"https:\/\/www.loewen-apotheke24.com\/de\/#website\",\"url\":\"https:\/\/www.loewen-apotheke24.com\/de\/\",\"name\":\"L\u00f6wen Apotheke24\",\"description\":\"Spezialist f\u00fcr Naturmedizin - Versandapotheke Baden-Baden\",\"publisher\":{\"@id\":\"https:\/\/www.loewen-apotheke24.com\/de\/#organization\"},\"potentialAction\":[{\"@type\":\"SearchAction\",\"target\":{\"@type\":\"EntryPoint\",\"urlTemplate\":\"https:\/\/www.loewen-apotheke24.com\/de\/?s={search_term_string}\"},\"query-input\":\"required name=search_term_string\"}],\"inLanguage\":\"de\"},{\"@type\":\"Organization\",\"@id\":\"https:\/\/www.loewen-apotheke24.com\/de\/#organization\",\"name\":\"L\u00f6wen Apotheke\",\"alternateName\":\"L\u00f6wen Apotheke\",\"url\":\"https:\/\/www.loewen-apotheke24.com\/de\/\",\"logo\":{\"@type\":\"ImageObject\",\"inLanguage\":\"de\",\"@id\":\"https:\/\/www.loewen-apotheke24.com\/de\/#\/schema\/logo\/image\/\",\"url\":\"https:\/\/www.loewen-apotheke24.com\/wp-content\/uploads\/2024\/02\/Logo-Loewen-Apotheke-700x700-1.png\",\"contentUrl\":\"https:\/\/www.loewen-apotheke24.com\/wp-content\/uploads\/2024\/02\/Logo-Loewen-Apotheke-700x700-1.png\",\"width\":700,\"height\":700,\"caption\":\"L\u00f6wen Apotheke\"},\"image\":{\"@id\":\"https:\/\/www.loewen-apotheke24.com\/de\/#\/schema\/logo\/image\/\"}}]}<\/script>\n<!-- \/ Yoast SEO Premium plugin. -->","yoast_head_json":{"title":"Voltaren Schmerzgel 120g - L\u00f6wen Apotheke24","description":"L\u00f6wen Apotheke24 - Spezialist f\u00fcr Naturheilkunde - Weltweiter Versand - kurze Lieferzeit - gratis Lieferung ab 30 \u20ac - Voltaren Schmerzgel 120g","robots":{"index":"index","follow":"follow","max-snippet":"max-snippet:-1","max-image-preview":"max-image-preview:large","max-video-preview":"max-video-preview:-1"},"canonical":"https:\/\/www.loewen-apotheke24.com\/de\/shop\/angebot\/voltaren-schmerzgel-150g\/","og_locale":"de_DE","og_type":"article","og_title":"Voltaren Schmerzgel 120g - L\u00f6wen Apotheke24","og_description":"L\u00f6wen Apotheke24 - Spezialist f\u00fcr Naturheilkunde - Weltweiter Versand - kurze Lieferzeit - gratis Lieferung ab 30 \u20ac - Voltaren Schmerzgel 120g","og_url":"https:\/\/www.loewen-apotheke24.com\/de\/shop\/angebot\/voltaren-schmerzgel-150g\/","og_site_name":"L\u00f6wen Apotheke24","article_modified_time":"2025-02-10T19:47:12+00:00","og_image":[{"width":600,"height":600,"url":"https:\/\/www.loewen-apotheke24.com\/wp-content\/uploads\/2020\/11\/voltaren-schmergel.jpg","type":"image\/jpeg"}],"twitter_card":"summary_large_image","twitter_misc":{"Gesch\u00e4tzte Lesezeit":"2\u00a0Minuten"},"schema":{"@context":"https:\/\/schema.org","@graph":[{"@type":"WebPage","@id":"https:\/\/www.loewen-apotheke24.com\/de\/shop\/angebot\/voltaren-schmerzgel-150g\/","url":"https:\/\/www.loewen-apotheke24.com\/de\/shop\/angebot\/voltaren-schmerzgel-150g\/","name":"Voltaren Schmerzgel 120g - L\u00f6wen Apotheke24","isPartOf":{"@id":"https:\/\/www.loewen-apotheke24.com\/de\/#website"},"datePublished":"2020-11-11T15:50:09+00:00","dateModified":"2025-02-10T19:47:12+00:00","description":"L\u00f6wen Apotheke24 - Spezialist f\u00fcr Naturheilkunde - Weltweiter Versand - kurze Lieferzeit - gratis Lieferung ab 30 \u20ac - Voltaren Schmerzgel 120g","breadcrumb":{"@id":"https:\/\/www.loewen-apotheke24.com\/de\/shop\/angebot\/voltaren-schmerzgel-150g\/#breadcrumb"},"inLanguage":"de","potentialAction":[{"@type":"ReadAction","target":["https:\/\/www.loewen-apotheke24.com\/de\/shop\/angebot\/voltaren-schmerzgel-150g\/"]}]},{"@type":"BreadcrumbList","@id":"https:\/\/www.loewen-apotheke24.com\/de\/shop\/angebot\/voltaren-schmerzgel-150g\/#breadcrumb","itemListElement":[{"@type":"ListItem","position":1,"name":"Shop","item":"https:\/\/www.loewen-apotheke24.com\/de\/shop\/"},{"@type":"ListItem","position":2,"name":"Voltaren Schmerzgel 120g"}]},{"@type":"WebSite","@id":"https:\/\/www.loewen-apotheke24.com\/de\/#website","url":"https:\/\/www.loewen-apotheke24.com\/de\/","name":"L\u00f6wen Apotheke24","description":"Spezialist f\u00fcr Naturmedizin - Versandapotheke Baden-Baden","publisher":{"@id":"https:\/\/www.loewen-apotheke24.com\/de\/#organization"},"potentialAction":[{"@type":"SearchAction","target":{"@type":"EntryPoint","urlTemplate":"https:\/\/www.loewen-apotheke24.com\/de\/?s={search_term_string}"},"query-input":"required name=search_term_string"}],"inLanguage":"de"},{"@type":"Organization","@id":"https:\/\/www.loewen-apotheke24.com\/de\/#organization","name":"L\u00f6wen Apotheke","alternateName":"L\u00f6wen Apotheke","url":"https:\/\/www.loewen-apotheke24.com\/de\/","logo":{"@type":"ImageObject","inLanguage":"de","@id":"https:\/\/www.loewen-apotheke24.com\/de\/#\/schema\/logo\/image\/","url":"https:\/\/www.loewen-apotheke24.com\/wp-content\/uploads\/2024\/02\/Logo-Loewen-Apotheke-700x700-1.png","contentUrl":"https:\/\/www.loewen-apotheke24.com\/wp-content\/uploads\/2024\/02\/Logo-Loewen-Apotheke-700x700-1.png","width":700,"height":700,"caption":"L\u00f6wen Apotheke"},"image":{"@id":"https:\/\/www.loewen-apotheke24.com\/de\/#\/schema\/logo\/image\/"}}]}},"_links":{"self":[{"href":"https:\/\/www.loewen-apotheke24.com\/de\/wp-json\/wp\/v2\/product\/23263"}],"collection":[{"href":"https:\/\/www.loewen-apotheke24.com\/de\/wp-json\/wp\/v2\/product"}],"about":[{"href":"https:\/\/www.loewen-apotheke24.com\/de\/wp-json\/wp\/v2\/types\/product"}],"wp:featuredmedia":[{"embeddable":true,"href":"https:\/\/www.loewen-apotheke24.com\/de\/wp-json\/wp\/v2\/media\/25212"}],"wp:attachment":[{"href":"https:\/\/www.loewen-apotheke24.com\/de\/wp-json\/wp\/v2\/media?parent=23263"}],"wp:term":[{"taxonomy":"product_cat","embeddable":true,"href":"https:\/\/www.loewen-apotheke24.com\/de\/wp-json\/wp\/v2\/product_cat?post=23263"},{"taxonomy":"product_tag","embeddable":true,"href":"https:\/\/www.loewen-apotheke24.com\/de\/wp-json\/wp\/v2\/product_tag?post=23263"}],"curies":[{"name":"wp","href":"https:\/\/api.w.org\/{rel}","templated":true}]}}