{"id":23266,"date":"2020-11-11T17:05:39","date_gmt":"2020-11-11T16:05:39","guid":{"rendered":"https:\/\/www.loewen-apotheke24.com\/?post_type=product&#038;p=23266"},"modified":"2025-02-10T20:47:08","modified_gmt":"2025-02-10T19:47:08","slug":"voltaren-dolo-25mg-tabletten-20-st","status":"publish","type":"product","link":"https:\/\/www.loewen-apotheke24.com\/de\/shop\/angebot\/voltaren-dolo-25mg-tabletten-20-st\/","title":{"rendered":"Voltaren Dolo 25mg Tabletten 20 St."},"content":{"rendered":"<h3 style=\"text-align: left;\">Voltaren Dolo 25mg Tabletten 20 St.<\/h3>\n<div class=\"content content--productDescription\">\n<div class=\"content content--productDescription\">\n<p>Voltaren Dolo 25mg ist f\u00fcr alle, die viel unterwegs sind und die im Alltag jede Menge Stress und Hektik haben, gibt es eine geeignete Alternative zur \u00e4u\u00dferlichen Anwendung eines Schmerzgels: die Einnahme von Voltaren Dolo, \u00fcberzogene Tabletten.<\/p>\n<p>Bei leichten bis m\u00e4\u00dfig starken Schmerzen wie z. B. akuten Bewegungsschmerzen in R\u00fccken, Nacken oder Kreuz wirkt die Tablette mit Diclofenac schmerzstillend und entz\u00fcndungshemmend zugleich.<\/p>\n<p>&#8211; Wirkt 2-fach: Stoppt den Schmerz und bek\u00e4mpft die Entz\u00fcndung<\/p>\n<p>&#8211; Linderung von R\u00fcckenschmerzen<\/p>\n<p>&#8211; Ideal im hektischen Alltag oder unterwegs<\/p>\n<p>&#8211; Die kleine Tablette ist klein und leicht zu schlucken<\/p>\n<h3 style=\"text-align: left;\">Anwendung:<\/h3>\n<p>Tablette 1-2 Stunden vor dem Essen unzerkaut mit ausreichend Fl\u00fcssigkeit einnehmen.<\/p>\n<p>&nbsp;<\/p>\n<p>Andere Produkt &amp; Packungsgr\u00f6\u00dfen: <a href=\"https:\/\/www.loewen-apotheke24.com\/de\/shop\/angebot\/voltaren-schmerzgel-150g\/\">Voltaren Schmerzgel 120g<\/a><br \/>\n<a href=\"https:\/\/www.voltaren.de\/voltaren-produkte\/voltaren-schmerzgel-forte\/\" target=\"_blank\" rel=\"noopener noreferrer\">Hier<\/a> finden Sie weitere Informationen zum Produkt Voltaren Dolo 25 mg.<\/p>\n<\/div>\n<\/div>\n<p>Zu Risiken und Nebenwirkungen lesen Sie die Packungsbeilage und fragen Sie Ihren Arzt oder Apotheker.<\/p>\n","protected":false},"excerpt":{"rendered":"<h2>Voltaren Dolo 25mg Tabletten 20 St.<\/h2>\n<div class=\"rating__wrap\">\n<div class=\"content content--productDescription\">\n<div class=\"content content--productDescription\">\n<p>Voltaren Dolo 25mg Tabletten 20 St.. F\u00fcr alle, die viel unterwegs sind und die im Alltag jede Menge Stress und Hektik haben, gibt es eine geeignete Alternative zur \u00e4u\u00dferlichen Anwendung eines Schmerzgels: die Einnahme von Voltaren Dolo 25 mg \u00fcberzogene Tabletten.<\/p>\n<\/div>\n<\/div>\n<p><strong>PZN<\/strong>: 00927263 (Pharmazentralnummer)<\/p>\n<p><strong>Darreichungsform<\/strong>: Filmtabletten &#8211; 20 St\u00fcck<\/p>\n<p><strong>Verordnungsart<\/strong>: Rezeptfrei<\/p>\n<p><strong>Darreichungsform<\/strong>: Tabletten<\/p>\n<p><strong>Verordnungsart<\/strong>: Rezeptfrei<\/p>\n<p><strong>Marke<\/strong>: Voltaren<\/p>\n<p><strong>Hersteller<\/strong>: GlaxoSmithKline Consumer Healthcare GmbH &amp; Co. KG<\/p>\n<\/div>\n","protected":false},"featured_media":23249,"template":"","meta":[],"product_cat":[13,1014,89,43],"product_tag":[266,374,473,214,170,360,371,375],"yoast_head":"<!-- This site is optimized with the Yoast SEO Premium plugin v21.0 (Yoast SEO v21.0) - https:\/\/yoast.com\/wordpress\/plugins\/seo\/ -->\n<title>Voltaren Dolo 25mg Tabletten 20 St. g\u00fcnstig kaufen - L\u00f6wen Apotheke24<\/title>\n<meta name=\"description\" content=\"Ihr Spezialist f\u00fcr Naturheilkunde. Weltweiter Versand, kurze Lieferzeit 6 gratis Lieferung ab 30 \u20ac. Voltaren Dolo 25mg Tabletten g\u00fcnstig kaufen\" \/>\n<meta name=\"robots\" content=\"index, follow, max-snippet:-1, max-image-preview:large, max-video-preview:-1\" \/>\n<link rel=\"canonical\" href=\"https:\/\/www.loewen-apotheke24.com\/de\/shop\/angebot\/voltaren-dolo-25mg-tabletten-20-st\/\" \/>\n<meta property=\"og:locale\" content=\"de_DE\" \/>\n<meta property=\"og:type\" content=\"article\" \/>\n<meta property=\"og:title\" content=\"Voltaren Dolo 25mg Tabletten 20 St. g\u00fcnstig kaufen - L\u00f6wen Apotheke24\" \/>\n<meta property=\"og:description\" content=\"Ihr Spezialist f\u00fcr Naturheilkunde. Weltweiter Versand, kurze Lieferzeit 6 gratis Lieferung ab 30 \u20ac. Voltaren Dolo 25mg Tabletten g\u00fcnstig kaufen\" \/>\n<meta property=\"og:url\" content=\"https:\/\/www.loewen-apotheke24.com\/de\/shop\/angebot\/voltaren-dolo-25mg-tabletten-20-st\/\" \/>\n<meta property=\"og:site_name\" content=\"L\u00f6wen Apotheke24\" \/>\n<meta property=\"article:modified_time\" content=\"2025-02-10T19:47:08+00:00\" \/>\n<meta property=\"og:image\" content=\"https:\/\/www.loewen-apotheke24.com\/wp-content\/uploads\/2020\/11\/00927263-voltaren-dolo-25-mg-20St.jpg\" \/>\n\t<meta property=\"og:image:width\" content=\"500\" \/>\n\t<meta property=\"og:image:height\" content=\"500\" \/>\n\t<meta property=\"og:image:type\" content=\"image\/jpeg\" \/>\n<meta name=\"twitter:card\" content=\"summary_large_image\" \/>\n<meta name=\"twitter:label1\" content=\"Gesch\u00e4tzte Lesezeit\" \/>\n\t<meta name=\"twitter:data1\" content=\"1\u00a0Minute\" \/>\n<script type=\"application\/ld+json\" class=\"yoast-schema-graph\">{\"@context\":\"https:\/\/schema.org\",\"@graph\":[{\"@type\":\"WebPage\",\"@id\":\"https:\/\/www.loewen-apotheke24.com\/de\/shop\/angebot\/voltaren-dolo-25mg-tabletten-20-st\/\",\"url\":\"https:\/\/www.loewen-apotheke24.com\/de\/shop\/angebot\/voltaren-dolo-25mg-tabletten-20-st\/\",\"name\":\"Voltaren Dolo 25mg Tabletten 20 St. g\u00fcnstig kaufen - L\u00f6wen Apotheke24\",\"isPartOf\":{\"@id\":\"https:\/\/www.loewen-apotheke24.com\/de\/#website\"},\"datePublished\":\"2020-11-11T16:05:39+00:00\",\"dateModified\":\"2025-02-10T19:47:08+00:00\",\"description\":\"Ihr Spezialist f\u00fcr Naturheilkunde. Weltweiter Versand, kurze Lieferzeit 6 gratis Lieferung ab 30 \u20ac. Voltaren Dolo 25mg Tabletten g\u00fcnstig kaufen\",\"breadcrumb\":{\"@id\":\"https:\/\/www.loewen-apotheke24.com\/de\/shop\/angebot\/voltaren-dolo-25mg-tabletten-20-st\/#breadcrumb\"},\"inLanguage\":\"de\",\"potentialAction\":[{\"@type\":\"ReadAction\",\"target\":[\"https:\/\/www.loewen-apotheke24.com\/de\/shop\/angebot\/voltaren-dolo-25mg-tabletten-20-st\/\"]}]},{\"@type\":\"BreadcrumbList\",\"@id\":\"https:\/\/www.loewen-apotheke24.com\/de\/shop\/angebot\/voltaren-dolo-25mg-tabletten-20-st\/#breadcrumb\",\"itemListElement\":[{\"@type\":\"ListItem\",\"position\":1,\"name\":\"Shop\",\"item\":\"https:\/\/www.loewen-apotheke24.com\/de\/shop\/\"},{\"@type\":\"ListItem\",\"position\":2,\"name\":\"Voltaren Dolo 25mg Tabletten 20 St.\"}]},{\"@type\":\"WebSite\",\"@id\":\"https:\/\/www.loewen-apotheke24.com\/de\/#website\",\"url\":\"https:\/\/www.loewen-apotheke24.com\/de\/\",\"name\":\"L\u00f6wen Apotheke24\",\"description\":\"Spezialist f\u00fcr Naturmedizin - Versandapotheke Baden-Baden\",\"publisher\":{\"@id\":\"https:\/\/www.loewen-apotheke24.com\/de\/#organization\"},\"potentialAction\":[{\"@type\":\"SearchAction\",\"target\":{\"@type\":\"EntryPoint\",\"urlTemplate\":\"https:\/\/www.loewen-apotheke24.com\/de\/?s={search_term_string}\"},\"query-input\":\"required name=search_term_string\"}],\"inLanguage\":\"de\"},{\"@type\":\"Organization\",\"@id\":\"https:\/\/www.loewen-apotheke24.com\/de\/#organization\",\"name\":\"L\u00f6wen Apotheke\",\"alternateName\":\"L\u00f6wen Apotheke\",\"url\":\"https:\/\/www.loewen-apotheke24.com\/de\/\",\"logo\":{\"@type\":\"ImageObject\",\"inLanguage\":\"de\",\"@id\":\"https:\/\/www.loewen-apotheke24.com\/de\/#\/schema\/logo\/image\/\",\"url\":\"https:\/\/www.loewen-apotheke24.com\/wp-content\/uploads\/2024\/02\/Logo-Loewen-Apotheke-700x700-1.png\",\"contentUrl\":\"https:\/\/www.loewen-apotheke24.com\/wp-content\/uploads\/2024\/02\/Logo-Loewen-Apotheke-700x700-1.png\",\"width\":700,\"height\":700,\"caption\":\"L\u00f6wen Apotheke\"},\"image\":{\"@id\":\"https:\/\/www.loewen-apotheke24.com\/de\/#\/schema\/logo\/image\/\"}}]}<\/script>\n<!-- \/ Yoast SEO Premium plugin. -->","yoast_head_json":{"title":"Voltaren Dolo 25mg Tabletten 20 St. g\u00fcnstig kaufen - L\u00f6wen Apotheke24","description":"Ihr Spezialist f\u00fcr Naturheilkunde. Weltweiter Versand, kurze Lieferzeit 6 gratis Lieferung ab 30 \u20ac. Voltaren Dolo 25mg Tabletten g\u00fcnstig kaufen","robots":{"index":"index","follow":"follow","max-snippet":"max-snippet:-1","max-image-preview":"max-image-preview:large","max-video-preview":"max-video-preview:-1"},"canonical":"https:\/\/www.loewen-apotheke24.com\/de\/shop\/angebot\/voltaren-dolo-25mg-tabletten-20-st\/","og_locale":"de_DE","og_type":"article","og_title":"Voltaren Dolo 25mg Tabletten 20 St. g\u00fcnstig kaufen - L\u00f6wen Apotheke24","og_description":"Ihr Spezialist f\u00fcr Naturheilkunde. Weltweiter Versand, kurze Lieferzeit 6 gratis Lieferung ab 30 \u20ac. Voltaren Dolo 25mg Tabletten g\u00fcnstig kaufen","og_url":"https:\/\/www.loewen-apotheke24.com\/de\/shop\/angebot\/voltaren-dolo-25mg-tabletten-20-st\/","og_site_name":"L\u00f6wen Apotheke24","article_modified_time":"2025-02-10T19:47:08+00:00","og_image":[{"width":500,"height":500,"url":"https:\/\/www.loewen-apotheke24.com\/wp-content\/uploads\/2020\/11\/00927263-voltaren-dolo-25-mg-20St.jpg","type":"image\/jpeg"}],"twitter_card":"summary_large_image","twitter_misc":{"Gesch\u00e4tzte Lesezeit":"1\u00a0Minute"},"schema":{"@context":"https:\/\/schema.org","@graph":[{"@type":"WebPage","@id":"https:\/\/www.loewen-apotheke24.com\/de\/shop\/angebot\/voltaren-dolo-25mg-tabletten-20-st\/","url":"https:\/\/www.loewen-apotheke24.com\/de\/shop\/angebot\/voltaren-dolo-25mg-tabletten-20-st\/","name":"Voltaren Dolo 25mg Tabletten 20 St. g\u00fcnstig kaufen - L\u00f6wen Apotheke24","isPartOf":{"@id":"https:\/\/www.loewen-apotheke24.com\/de\/#website"},"datePublished":"2020-11-11T16:05:39+00:00","dateModified":"2025-02-10T19:47:08+00:00","description":"Ihr Spezialist f\u00fcr Naturheilkunde. Weltweiter Versand, kurze Lieferzeit 6 gratis Lieferung ab 30 \u20ac. Voltaren Dolo 25mg Tabletten g\u00fcnstig kaufen","breadcrumb":{"@id":"https:\/\/www.loewen-apotheke24.com\/de\/shop\/angebot\/voltaren-dolo-25mg-tabletten-20-st\/#breadcrumb"},"inLanguage":"de","potentialAction":[{"@type":"ReadAction","target":["https:\/\/www.loewen-apotheke24.com\/de\/shop\/angebot\/voltaren-dolo-25mg-tabletten-20-st\/"]}]},{"@type":"BreadcrumbList","@id":"https:\/\/www.loewen-apotheke24.com\/de\/shop\/angebot\/voltaren-dolo-25mg-tabletten-20-st\/#breadcrumb","itemListElement":[{"@type":"ListItem","position":1,"name":"Shop","item":"https:\/\/www.loewen-apotheke24.com\/de\/shop\/"},{"@type":"ListItem","position":2,"name":"Voltaren Dolo 25mg Tabletten 20 St."}]},{"@type":"WebSite","@id":"https:\/\/www.loewen-apotheke24.com\/de\/#website","url":"https:\/\/www.loewen-apotheke24.com\/de\/","name":"L\u00f6wen Apotheke24","description":"Spezialist f\u00fcr Naturmedizin - Versandapotheke Baden-Baden","publisher":{"@id":"https:\/\/www.loewen-apotheke24.com\/de\/#organization"},"potentialAction":[{"@type":"SearchAction","target":{"@type":"EntryPoint","urlTemplate":"https:\/\/www.loewen-apotheke24.com\/de\/?s={search_term_string}"},"query-input":"required name=search_term_string"}],"inLanguage":"de"},{"@type":"Organization","@id":"https:\/\/www.loewen-apotheke24.com\/de\/#organization","name":"L\u00f6wen Apotheke","alternateName":"L\u00f6wen Apotheke","url":"https:\/\/www.loewen-apotheke24.com\/de\/","logo":{"@type":"ImageObject","inLanguage":"de","@id":"https:\/\/www.loewen-apotheke24.com\/de\/#\/schema\/logo\/image\/","url":"https:\/\/www.loewen-apotheke24.com\/wp-content\/uploads\/2024\/02\/Logo-Loewen-Apotheke-700x700-1.png","contentUrl":"https:\/\/www.loewen-apotheke24.com\/wp-content\/uploads\/2024\/02\/Logo-Loewen-Apotheke-700x700-1.png","width":700,"height":700,"caption":"L\u00f6wen Apotheke"},"image":{"@id":"https:\/\/www.loewen-apotheke24.com\/de\/#\/schema\/logo\/image\/"}}]}},"_links":{"self":[{"href":"https:\/\/www.loewen-apotheke24.com\/de\/wp-json\/wp\/v2\/product\/23266"}],"collection":[{"href":"https:\/\/www.loewen-apotheke24.com\/de\/wp-json\/wp\/v2\/product"}],"about":[{"href":"https:\/\/www.loewen-apotheke24.com\/de\/wp-json\/wp\/v2\/types\/product"}],"wp:featuredmedia":[{"embeddable":true,"href":"https:\/\/www.loewen-apotheke24.com\/de\/wp-json\/wp\/v2\/media\/23249"}],"wp:attachment":[{"href":"https:\/\/www.loewen-apotheke24.com\/de\/wp-json\/wp\/v2\/media?parent=23266"}],"wp:term":[{"taxonomy":"product_cat","embeddable":true,"href":"https:\/\/www.loewen-apotheke24.com\/de\/wp-json\/wp\/v2\/product_cat?post=23266"},{"taxonomy":"product_tag","embeddable":true,"href":"https:\/\/www.loewen-apotheke24.com\/de\/wp-json\/wp\/v2\/product_tag?post=23266"}],"curies":[{"name":"wp","href":"https:\/\/api.w.org\/{rel}","templated":true}]}}