{"id":29071,"date":"2021-03-30T11:46:32","date_gmt":"2021-03-30T10:46:32","guid":{"rendered":"https:\/\/www.loewen-apotheke24.com\/?post_type=product&#038;p=29071"},"modified":"2026-02-24T14:23:18","modified_gmt":"2026-02-24T13:23:18","slug":"hotgen-antigen-schnelltest-fuer-laien-coronavirus-sars-cov-2-10","status":"publish","type":"product","link":"https:\/\/www.loewen-apotheke24.com\/de\/shop\/marke\/hotgen-antigen-schnelltest-fuer-laien-coronavirus-sars-cov-2-10\/","title":{"rendered":"Hotgen Antigen Schnelltest f\u00fcr Laien &#8211; Coronavirus (SARS-CoV-2) 10 Stk"},"content":{"rendered":"<h3 style=\"text-align: left;\">Hotgen Antigen Schnelltest f\u00fcr Laien (SARS-CoV-2)<\/h3>\n<p style=\"text-align: left;\">Hotgen Antigen Schnelltest f\u00fcr Laien. Zugelassen f\u00fcr die eigene Probenentnahme unter Aufsicht aus dem vorderen Nasenbereich. Der Antigen Schnelltest (SARS COV2) bietet eine schnelle und zuverl\u00e4ssige Antwort sowohl f\u00fcr symptomatische als auch f\u00fcr asymptomatische Patienten im Hinblick auf eine SARS-CoV-2 Infektion. So kann zum Beispiel ein genaues Screening von Personen mit bekanntem Kontakt zu SARS-CoV-2-Infizierten durchgef\u00fchrt werden und der Infektionsstatus ermittelt werden. Das Hotgen Antigen Schnelltest Kit enth\u00e4lt alle ben\u00f6tigten Materialien und ist einzeln verpackt.<\/p>\n<p>Die Vorteile des Hotgen Antigen-Schnelltest auf einen Blick:<\/p>\n<ul>\n<li>Zugelassen f\u00fcr die eigene Probenentnahme unter Aufsicht aus dem vorderen Nasenbereich<\/li>\n<li>Testergebnis in 15 Minuten<\/li>\n<li>Detektiert auch bei Mutationen<\/li>\n<li>Spezifit\u00e4t: ~95,4 %<\/li>\n<li>Gebrauchsanweisung<\/li>\n<li>Einzeln verpackt<\/li>\n<\/ul>\n<p>Nach heutigem Erkenntnisstand besteht kein Einfluss auf die Performance durch Mutanten z. B. aus England und Su\u0308dafrika.\u00a0Es handelt sich um Herstellerangaben.\u00a0Zugelassener Tests zur Eigenanwendung durch Laien\u00a0<a href=\"https:\/\/www.bfarm.de\/DE\/Medizinprodukte\/Antigentests\/_node.html\" target=\"_blank\" rel=\"noopener noreferrer\">der BfArM<\/a> AT282\/21.<\/p>\n<h3 style=\"text-align: left;\"><span style=\"color: #ff0000;\">Hinweise:\u00a0Selbstanwendung f\u00fcr Jedermann \u2013 Laientest<\/span><\/h3>\n<p><a href=\"https:\/\/www.loewen-apotheke24.com\/de\/?attachment_id=28303\" target=\"_blank\" rel=\"noopener noreferrer\">Gebrauchsanweisung<\/a>\u00a0(PDF Reader)<\/p>\n<p>Nasen-Abstrichproben von Personen unter 18 Jahren sollten unter Aufsicht von Erwachsenen durchgef\u00fchrt werden. Personen \u00fcber 70 Jahren sollten sich bei der Entnahme ihres Nasen-Abstrichs unterst\u00fctzen lassen. Dieser Test soll bei der schnellen Diagnose von Coronavirus-Infektionen helfen. Sollten Symptome trotz negativer Testergebnisse fortbestehen, wird empfohlen, eine medizinische Fachkraft aufzusuchen, um eine kl\u00e4rende Behandlung zu erhalten.<\/p>\n<p>Zu Risiken und Nebenwirkungen lesen Sie die Packungsbeilage und fragen Sie Ihren Arzt oder Apotheker.<\/p>\n<p>Die Apothekerin empfiehlt ihren Kunden bei viraler Infektion: <a href=\"https:\/\/www.loewen-apotheke24.com\/de\/shop\/labo-life\/labo-life-2l-eid-kapseln-30-st\/\">Labo Life 2L EID<\/a>\u00a0| Omni-Biotic<\/p>\n<p>Weitere Arzneien bei Fieber, Grippe oder\u00a0<a href=\"https:\/\/www.loewen-apotheke24.com\/de\/product_tag\/erkaeltung\/\">Erk\u00e4ltungen<\/a>\u00a0sowie Corona.<\/p>\n","protected":false},"excerpt":{"rendered":"<h2>Hotgen Antigen Schnelltest f\u00fcr Laien (SARS-CoV-2)<\/h2>\n<p>SARS-CoV-2 Infektion Schnelltest.\u00a0 Zugelassen f\u00fcr die eigene Probenentnahme unter Aufsicht aus dem vorderen Nasenbereich. Hotgen Antigen Selbsttest bietet eine schnelle und zuverl\u00e4ssige Antwort sowohl f\u00fcr symptomatische als auch f\u00fcr asymptomatische Patienten im Hinblick auf eine SARS-CoV-2 Infektion.<\/p>\n<p><strong>PZN<\/strong>:\u00a0 17364491 (Pharmazentralnummer)<\/p>\n<p><strong>Marke<\/strong>: Hotgen<\/p>\n<p><strong>Hersteller<\/strong>: Beijing Hotgen Biotech Co., Ltd<\/p>\n<p><strong>Packungsgr\u00f6\u00dfe<\/strong>: 10 St\u00fcck<\/p>\n","protected":false},"featured_media":29072,"template":"","meta":[],"product_cat":[43],"product_tag":[28,417,346,433,431,428,424],"yoast_head":"<!-- This site is optimized with the Yoast SEO Premium plugin v21.0 (Yoast SEO v21.0) - https:\/\/yoast.com\/wordpress\/plugins\/seo\/ -->\n<title>Hotgen Antigen Schnelltest - 10 St\u00fcck kaufen<\/title>\n<meta name=\"description\" content=\"L\u00f6wen Apotheke24 - Spezialist f\u00fcr Naturheilkunde - kurze Lieferzeit - gratis Lieferung ab 30 \u20ac - Hotgen Antigen Schnelltest (SARS-CoV-2) 10x\" \/>\n<meta name=\"robots\" content=\"index, follow, max-snippet:-1, max-image-preview:large, max-video-preview:-1\" \/>\n<link rel=\"canonical\" href=\"https:\/\/www.loewen-apotheke24.com\/de\/shop\/marke\/hotgen-antigen-schnelltest-fuer-laien-coronavirus-sars-cov-2-10\/\" \/>\n<meta property=\"og:locale\" content=\"de_DE\" \/>\n<meta property=\"og:type\" content=\"article\" \/>\n<meta property=\"og:title\" content=\"Hotgen Antigen Schnelltest - 10 St\u00fcck kaufen\" \/>\n<meta property=\"og:description\" content=\"L\u00f6wen Apotheke24 - Spezialist f\u00fcr Naturheilkunde - kurze Lieferzeit - gratis Lieferung ab 30 \u20ac - Hotgen Antigen Schnelltest (SARS-CoV-2) 10x\" \/>\n<meta property=\"og:url\" content=\"https:\/\/www.loewen-apotheke24.com\/de\/shop\/marke\/hotgen-antigen-schnelltest-fuer-laien-coronavirus-sars-cov-2-10\/\" \/>\n<meta property=\"og:site_name\" content=\"L\u00f6wen Apotheke24\" \/>\n<meta property=\"article:modified_time\" content=\"2026-02-24T13:23:18+00:00\" \/>\n<meta property=\"og:image\" content=\"https:\/\/www.loewen-apotheke24.com\/wp-content\/uploads\/2021\/03\/Hotgen-Antigen-Schnelltest-SARS-Covid-19-Laientest-10-St\u00fcck-Set.jpg\" \/>\n\t<meta property=\"og:image:width\" content=\"600\" \/>\n\t<meta property=\"og:image:height\" content=\"600\" \/>\n\t<meta property=\"og:image:type\" content=\"image\/jpeg\" \/>\n<meta name=\"twitter:card\" content=\"summary_large_image\" \/>\n<meta name=\"twitter:label1\" content=\"Gesch\u00e4tzte Lesezeit\" \/>\n\t<meta name=\"twitter:data1\" content=\"2\u00a0Minuten\" \/>\n<script type=\"application\/ld+json\" class=\"yoast-schema-graph\">{\"@context\":\"https:\/\/schema.org\",\"@graph\":[{\"@type\":\"WebPage\",\"@id\":\"https:\/\/www.loewen-apotheke24.com\/de\/shop\/marke\/hotgen-antigen-schnelltest-fuer-laien-coronavirus-sars-cov-2-10\/\",\"url\":\"https:\/\/www.loewen-apotheke24.com\/de\/shop\/marke\/hotgen-antigen-schnelltest-fuer-laien-coronavirus-sars-cov-2-10\/\",\"name\":\"Hotgen Antigen Schnelltest - 10 St\u00fcck kaufen\",\"isPartOf\":{\"@id\":\"https:\/\/www.loewen-apotheke24.com\/de\/#website\"},\"datePublished\":\"2021-03-30T10:46:32+00:00\",\"dateModified\":\"2026-02-24T13:23:18+00:00\",\"description\":\"L\u00f6wen Apotheke24 - Spezialist f\u00fcr Naturheilkunde - kurze Lieferzeit - gratis Lieferung ab 30 \u20ac - Hotgen Antigen Schnelltest (SARS-CoV-2) 10x\",\"breadcrumb\":{\"@id\":\"https:\/\/www.loewen-apotheke24.com\/de\/shop\/marke\/hotgen-antigen-schnelltest-fuer-laien-coronavirus-sars-cov-2-10\/#breadcrumb\"},\"inLanguage\":\"de\",\"potentialAction\":[{\"@type\":\"ReadAction\",\"target\":[\"https:\/\/www.loewen-apotheke24.com\/de\/shop\/marke\/hotgen-antigen-schnelltest-fuer-laien-coronavirus-sars-cov-2-10\/\"]}]},{\"@type\":\"BreadcrumbList\",\"@id\":\"https:\/\/www.loewen-apotheke24.com\/de\/shop\/marke\/hotgen-antigen-schnelltest-fuer-laien-coronavirus-sars-cov-2-10\/#breadcrumb\",\"itemListElement\":[{\"@type\":\"ListItem\",\"position\":1,\"name\":\"Shop\",\"item\":\"https:\/\/www.loewen-apotheke24.com\/de\/shop\/\"},{\"@type\":\"ListItem\",\"position\":2,\"name\":\"Hotgen Antigen Schnelltest f\u00fcr Laien &#8211; Coronavirus (SARS-CoV-2) 10 Stk\"}]},{\"@type\":\"WebSite\",\"@id\":\"https:\/\/www.loewen-apotheke24.com\/de\/#website\",\"url\":\"https:\/\/www.loewen-apotheke24.com\/de\/\",\"name\":\"L\u00f6wen Apotheke24\",\"description\":\"Spezialist f\u00fcr Naturmedizin - Versandapotheke Baden-Baden\",\"publisher\":{\"@id\":\"https:\/\/www.loewen-apotheke24.com\/de\/#organization\"},\"potentialAction\":[{\"@type\":\"SearchAction\",\"target\":{\"@type\":\"EntryPoint\",\"urlTemplate\":\"https:\/\/www.loewen-apotheke24.com\/de\/?s={search_term_string}\"},\"query-input\":\"required name=search_term_string\"}],\"inLanguage\":\"de\"},{\"@type\":\"Organization\",\"@id\":\"https:\/\/www.loewen-apotheke24.com\/de\/#organization\",\"name\":\"L\u00f6wen Apotheke\",\"alternateName\":\"L\u00f6wen Apotheke\",\"url\":\"https:\/\/www.loewen-apotheke24.com\/de\/\",\"logo\":{\"@type\":\"ImageObject\",\"inLanguage\":\"de\",\"@id\":\"https:\/\/www.loewen-apotheke24.com\/de\/#\/schema\/logo\/image\/\",\"url\":\"https:\/\/www.loewen-apotheke24.com\/wp-content\/uploads\/2024\/02\/Logo-Loewen-Apotheke-700x700-1.png\",\"contentUrl\":\"https:\/\/www.loewen-apotheke24.com\/wp-content\/uploads\/2024\/02\/Logo-Loewen-Apotheke-700x700-1.png\",\"width\":700,\"height\":700,\"caption\":\"L\u00f6wen Apotheke\"},\"image\":{\"@id\":\"https:\/\/www.loewen-apotheke24.com\/de\/#\/schema\/logo\/image\/\"}}]}<\/script>\n<!-- \/ Yoast SEO Premium plugin. -->","yoast_head_json":{"title":"Hotgen Antigen Schnelltest - 10 St\u00fcck kaufen","description":"L\u00f6wen Apotheke24 - Spezialist f\u00fcr Naturheilkunde - kurze Lieferzeit - gratis Lieferung ab 30 \u20ac - Hotgen Antigen Schnelltest (SARS-CoV-2) 10x","robots":{"index":"index","follow":"follow","max-snippet":"max-snippet:-1","max-image-preview":"max-image-preview:large","max-video-preview":"max-video-preview:-1"},"canonical":"https:\/\/www.loewen-apotheke24.com\/de\/shop\/marke\/hotgen-antigen-schnelltest-fuer-laien-coronavirus-sars-cov-2-10\/","og_locale":"de_DE","og_type":"article","og_title":"Hotgen Antigen Schnelltest - 10 St\u00fcck kaufen","og_description":"L\u00f6wen Apotheke24 - Spezialist f\u00fcr Naturheilkunde - kurze Lieferzeit - gratis Lieferung ab 30 \u20ac - Hotgen Antigen Schnelltest (SARS-CoV-2) 10x","og_url":"https:\/\/www.loewen-apotheke24.com\/de\/shop\/marke\/hotgen-antigen-schnelltest-fuer-laien-coronavirus-sars-cov-2-10\/","og_site_name":"L\u00f6wen Apotheke24","article_modified_time":"2026-02-24T13:23:18+00:00","og_image":[{"width":600,"height":600,"url":"https:\/\/www.loewen-apotheke24.com\/wp-content\/uploads\/2021\/03\/Hotgen-Antigen-Schnelltest-SARS-Covid-19-Laientest-10-St\u00fcck-Set.jpg","type":"image\/jpeg"}],"twitter_card":"summary_large_image","twitter_misc":{"Gesch\u00e4tzte Lesezeit":"2\u00a0Minuten"},"schema":{"@context":"https:\/\/schema.org","@graph":[{"@type":"WebPage","@id":"https:\/\/www.loewen-apotheke24.com\/de\/shop\/marke\/hotgen-antigen-schnelltest-fuer-laien-coronavirus-sars-cov-2-10\/","url":"https:\/\/www.loewen-apotheke24.com\/de\/shop\/marke\/hotgen-antigen-schnelltest-fuer-laien-coronavirus-sars-cov-2-10\/","name":"Hotgen Antigen Schnelltest - 10 St\u00fcck kaufen","isPartOf":{"@id":"https:\/\/www.loewen-apotheke24.com\/de\/#website"},"datePublished":"2021-03-30T10:46:32+00:00","dateModified":"2026-02-24T13:23:18+00:00","description":"L\u00f6wen Apotheke24 - Spezialist f\u00fcr Naturheilkunde - kurze Lieferzeit - gratis Lieferung ab 30 \u20ac - Hotgen Antigen Schnelltest (SARS-CoV-2) 10x","breadcrumb":{"@id":"https:\/\/www.loewen-apotheke24.com\/de\/shop\/marke\/hotgen-antigen-schnelltest-fuer-laien-coronavirus-sars-cov-2-10\/#breadcrumb"},"inLanguage":"de","potentialAction":[{"@type":"ReadAction","target":["https:\/\/www.loewen-apotheke24.com\/de\/shop\/marke\/hotgen-antigen-schnelltest-fuer-laien-coronavirus-sars-cov-2-10\/"]}]},{"@type":"BreadcrumbList","@id":"https:\/\/www.loewen-apotheke24.com\/de\/shop\/marke\/hotgen-antigen-schnelltest-fuer-laien-coronavirus-sars-cov-2-10\/#breadcrumb","itemListElement":[{"@type":"ListItem","position":1,"name":"Shop","item":"https:\/\/www.loewen-apotheke24.com\/de\/shop\/"},{"@type":"ListItem","position":2,"name":"Hotgen Antigen Schnelltest f\u00fcr Laien &#8211; Coronavirus (SARS-CoV-2) 10 Stk"}]},{"@type":"WebSite","@id":"https:\/\/www.loewen-apotheke24.com\/de\/#website","url":"https:\/\/www.loewen-apotheke24.com\/de\/","name":"L\u00f6wen Apotheke24","description":"Spezialist f\u00fcr Naturmedizin - Versandapotheke Baden-Baden","publisher":{"@id":"https:\/\/www.loewen-apotheke24.com\/de\/#organization"},"potentialAction":[{"@type":"SearchAction","target":{"@type":"EntryPoint","urlTemplate":"https:\/\/www.loewen-apotheke24.com\/de\/?s={search_term_string}"},"query-input":"required name=search_term_string"}],"inLanguage":"de"},{"@type":"Organization","@id":"https:\/\/www.loewen-apotheke24.com\/de\/#organization","name":"L\u00f6wen Apotheke","alternateName":"L\u00f6wen Apotheke","url":"https:\/\/www.loewen-apotheke24.com\/de\/","logo":{"@type":"ImageObject","inLanguage":"de","@id":"https:\/\/www.loewen-apotheke24.com\/de\/#\/schema\/logo\/image\/","url":"https:\/\/www.loewen-apotheke24.com\/wp-content\/uploads\/2024\/02\/Logo-Loewen-Apotheke-700x700-1.png","contentUrl":"https:\/\/www.loewen-apotheke24.com\/wp-content\/uploads\/2024\/02\/Logo-Loewen-Apotheke-700x700-1.png","width":700,"height":700,"caption":"L\u00f6wen Apotheke"},"image":{"@id":"https:\/\/www.loewen-apotheke24.com\/de\/#\/schema\/logo\/image\/"}}]}},"_links":{"self":[{"href":"https:\/\/www.loewen-apotheke24.com\/de\/wp-json\/wp\/v2\/product\/29071"}],"collection":[{"href":"https:\/\/www.loewen-apotheke24.com\/de\/wp-json\/wp\/v2\/product"}],"about":[{"href":"https:\/\/www.loewen-apotheke24.com\/de\/wp-json\/wp\/v2\/types\/product"}],"wp:featuredmedia":[{"embeddable":true,"href":"https:\/\/www.loewen-apotheke24.com\/de\/wp-json\/wp\/v2\/media\/29072"}],"wp:attachment":[{"href":"https:\/\/www.loewen-apotheke24.com\/de\/wp-json\/wp\/v2\/media?parent=29071"}],"wp:term":[{"taxonomy":"product_cat","embeddable":true,"href":"https:\/\/www.loewen-apotheke24.com\/de\/wp-json\/wp\/v2\/product_cat?post=29071"},{"taxonomy":"product_tag","embeddable":true,"href":"https:\/\/www.loewen-apotheke24.com\/de\/wp-json\/wp\/v2\/product_tag?post=29071"}],"curies":[{"name":"wp","href":"https:\/\/api.w.org\/{rel}","templated":true}]}}