{"id":32875,"date":"2021-07-11T06:57:20","date_gmt":"2021-07-11T05:57:20","guid":{"rendered":"https:\/\/www.loewen-apotheke24.com\/?post_type=product&#038;p=32875"},"modified":"2025-12-10T20:40:20","modified_gmt":"2025-12-10T19:40:20","slug":"labo-life-2l-arth-kapseln-90-st-3x-pack","status":"publish","type":"product","link":"https:\/\/www.loewen-apotheke24.com\/de\/shop\/labo-life\/labo-life-2l-arth-kapseln-90-st-3x-pack\/","title":{"rendered":"Labo Life 2L ARTH Kapseln 3x 30 St."},"content":{"rendered":"<h3 style=\"text-align: left;\">Labo Life 2L ARTH Kapseln 3x 30 St.<\/h3>\n<p>Labo Life 2L ARTH Kapseln 3x 30 St. Die L\u00f6wen Apotheke importiert f\u00fcr Sie alle Pr\u00e4parate der Firma Labo Life Belgium auf Ihren Wunsch.<\/p>\n<p>Die Mikroimmuntherapie ist eine immunmodulierende Behandlung, die mit denselben Botenstoffen arbeitet wie das Immunsystem (z.B. Zytokine, Hormone, Wachstumsfaktoren, Nukleins\u00e4uren), um Informationen an den Organismus zu senden und die Immunantwort wieder korrekt \u201eeinzustellen\u201c. Das hei\u00dft, ihr Ziel ist die Wiederherstellung der korrekten Kommunikation zwischen den Zellen des Immunsystems. Sie will diesen Zellen helfen, ihre urspr\u00fcngliche F\u00e4higkeit, uns gegen Angreifer zu verteidigen, wiederzugewinnen bzw. ihre Reaktion zu bremsen, wenn diese \u00fcbertrieben ist.<\/p>\n<p>Im Unterschied zu der klassischen Immuntherapie werden in den Pr\u00e4paraten der Mikroimmuntherapie eine Vielzahl von Immunsubstanzen (sogenannte \u201eBotenstoffe\u201c) eingesetzt. Diese werden in niedrigen Konzentrationen (Mikrodosen) in einem Verd\u00fcnnungs-\/Dynamisierungsprozess zubereitet, was ihre gute Vertr\u00e4glichkeit gew\u00e4hrleistet. Au\u00dferdem k\u00f6nnen sich die verwendeten Konzentrationen auch im selben Pr\u00e4parat unterscheiden, je nachdem, ob die Substanzen auf den Organismus eine stimulierende, modulierende oder hemmende Wirkung aus\u00fcben sollen. Analog zu den nat\u00fcrlichen Vorg\u00e4ngen im Organismus werden die Substanzen in einer bestimmten Sequenz, einer pr\u00e4zisen Reihenfolge, verabreicht.<\/p>\n<p>Die Mikroimmuntherapie kann ein starker Partner bei der Behandlung von akuten wie chronischen Krankheiten sein, bei denen das Immunsystem aus dem Gleichgewicht ger\u00e4t. So sind in diesem Rahmen Infektionskrankheiten, onkologische Erkrankungen und Autoimmunerkrankungen zu nennen.<\/p>\n<p>Weitere Produkt Bezeichnung: Labo Life 2LARTH, 2L-Arth oder Arth<\/p>\n<p>Zum Hersteller:\u00a0<a href=\"https:\/\/www.labolife.com\/de\" target=\"_blank\" rel=\"noopener noreferrer\">Labo Life<\/a><br \/>\nAndere Produkte von Labo Life finden Sie\u00a0<a href=\"https:\/\/www.loewen-apotheke24.com\/de\/product_cat\/labo-life\/\">hier<\/a>.<\/p>\n<p>Zu Risiken und Nebenwirkungen lesen Sie die Packungsbeilage und fragen Sie Ihren Arzt oder Apotheker.<\/p>\n<h5><strong><span style=\"color: #ff0000;\">Unser Umweltbonus:<\/span> <\/strong><span style=\"color: #ff0000;\">Einige Euro gespart<\/span><\/h5>\n<p>Denn nicht jede Verpackung und jeder Einzelversendung ist unbedingt notwendig. Sammelbestellungen schonen die Umwelt, reduzieren Aufw\u00e4nde, Lieferkosten, Co2 Aussto\u00df, Verpackungen und Abfall. Beim Kauf von diesem Labo Life Sparpack geben wir unseren Vorteil direkt an Sie weiter. Im reduzierten Angebotspreis enthalten. Als Preisvorteil.<\/p>\n<h3 style=\"text-align: left;\">Fragen zum Produkt? Wir sind f\u00fcr Sie da!<\/h3>\n<p>Unsere verantwortliche Apothekerin\u00a0Dr. Sandra Hoff\u00a0und ihr Team beraten Sie gerne pers\u00f6nlich \u2013 telefonisch oder per E-Mail. Als\u00a0<a href=\"https:\/\/www.loewen-apotheke24.com\/de\/loewen-apotheke\/\">echte Apotheke vor Ort<\/a>\u00a0und\u00a0<a href=\"https:\/\/versandhandel.dimdi.de\/websearch\/servlet\/Gate;jsessionid=0D29D15655BE1174E9178A340E8FE6BC?accessid=dimdi_var&amp;term=3c387956690121ccc8763184f052b93f\" target=\"_blank\" rel=\"noopener\">zugelassene Versandapotheke<\/a>\u00a0bieten wir Ihnen kompetente Unterst\u00fctzung, besonders in den Bereichen\u00a0<a href=\"https:\/\/www.loewen-apotheke24.com\/de\/product_tag\/naturheilmittel\/\">Naturheilkunde\u00a0<\/a>und\u00a0<a href=\"https:\/\/www.loewen-apotheke24.com\/de\/product_tag\/vitamine-mineralien-nahrungsergaenzung\/\">Nahrungserg\u00e4nzungsmittel<\/a>, hier Produkte von\u00a0<a href=\"https:\/\/www.loewen-apotheke24.com\/de\/product_cat\/vitorgan\/\">vitOrgan Arzneimittel<\/a>\u00a0und\u00a0<a href=\"https:\/\/www.loewen-apotheke24.com\/de\/product_cat\/labo-life\/\">Labo Life.<\/a><\/p>\n","protected":false},"excerpt":{"rendered":"<h3 style=\"text-align: left;\">Labo Life 2L ARTH Kapseln<\/h3>\n<p>Labo Life 2L ARTH Kapseln 3x 30 St. Die L\u00f6wen Apotheke importiert f\u00fcr Sie alle Pr\u00e4parate der Firma Labo Life Belgium auf Ihren Wunsch.<\/p>\n<p><strong>PZN<\/strong>:\u00a0 \u2013\u00a0 (Pharmazentralnummer)<\/p>\n<p><strong>Darreichungsform<\/strong>: Kapseln \u2013 3x 30 St\u00fcck (90 St\u00fcck)<\/p>\n<p><strong>Verordnungsart<\/strong>: Rezeptfrei<\/p>\n<p><strong>Marke<\/strong>: Labo Life<\/p>\n<p><strong>Hersteller<\/strong>:\u00a0<a href=\"https:\/\/www.labolife.com\/de\" target=\"_blank\" rel=\"noopener noreferrer\">Labo Life<\/a><\/p>\n","protected":false},"featured_media":149424,"template":"","meta":[],"product_cat":[90],"product_tag":[1023,131,133,132],"yoast_head":"<!-- This site is optimized with the Yoast SEO Premium plugin v21.0 (Yoast SEO v21.0) - https:\/\/yoast.com\/wordpress\/plugins\/seo\/ -->\n<title>Labo Life 2L ARTH Kapseln 3x Vorteilspack<\/title>\n<meta name=\"description\" content=\"L\u00f6wen Apotheke24 - Spezialist f\u00fcr Naturheilkunde - kurze Lieferzeit - gratis Lieferung ab 30 \u20ac - Immuntherapie - Labo Life 2L ARTH Kapseln | 2LARTH\" \/>\n<meta name=\"robots\" content=\"index, follow, max-snippet:-1, max-image-preview:large, max-video-preview:-1\" \/>\n<link rel=\"canonical\" href=\"https:\/\/www.loewen-apotheke24.com\/de\/shop\/labo-life\/labo-life-2l-arth-kapseln-90-st-3x-pack\/\" \/>\n<meta property=\"og:locale\" content=\"de_DE\" \/>\n<meta property=\"og:type\" content=\"article\" \/>\n<meta property=\"og:title\" content=\"Labo Life 2L ARTH Kapseln 3x Vorteilspack\" \/>\n<meta property=\"og:description\" content=\"L\u00f6wen Apotheke24 - Spezialist f\u00fcr Naturheilkunde - kurze Lieferzeit - gratis Lieferung ab 30 \u20ac - Immuntherapie - Labo Life 2L ARTH Kapseln | 2LARTH\" \/>\n<meta property=\"og:url\" content=\"https:\/\/www.loewen-apotheke24.com\/de\/shop\/labo-life\/labo-life-2l-arth-kapseln-90-st-3x-pack\/\" \/>\n<meta property=\"og:site_name\" content=\"L\u00f6wen Apotheke24\" \/>\n<meta property=\"article:modified_time\" content=\"2025-12-10T19:40:20+00:00\" \/>\n<meta property=\"og:image\" content=\"https:\/\/www.loewen-apotheke24.com\/wp-content\/uploads\/2021\/07\/Labo-Life-2LARTH-Loewen-Apotheke.webp\" \/>\n\t<meta property=\"og:image:width\" content=\"600\" \/>\n\t<meta property=\"og:image:height\" content=\"600\" \/>\n\t<meta property=\"og:image:type\" content=\"image\/webp\" \/>\n<meta name=\"twitter:card\" content=\"summary_large_image\" \/>\n<meta name=\"twitter:label1\" content=\"Gesch\u00e4tzte Lesezeit\" \/>\n\t<meta name=\"twitter:data1\" content=\"2\u00a0Minuten\" \/>\n<script type=\"application\/ld+json\" class=\"yoast-schema-graph\">{\"@context\":\"https:\/\/schema.org\",\"@graph\":[{\"@type\":\"WebPage\",\"@id\":\"https:\/\/www.loewen-apotheke24.com\/de\/shop\/labo-life\/labo-life-2l-arth-kapseln-90-st-3x-pack\/\",\"url\":\"https:\/\/www.loewen-apotheke24.com\/de\/shop\/labo-life\/labo-life-2l-arth-kapseln-90-st-3x-pack\/\",\"name\":\"Labo Life 2L ARTH Kapseln 3x Vorteilspack\",\"isPartOf\":{\"@id\":\"https:\/\/www.loewen-apotheke24.com\/de\/#website\"},\"datePublished\":\"2021-07-11T05:57:20+00:00\",\"dateModified\":\"2025-12-10T19:40:20+00:00\",\"description\":\"L\u00f6wen Apotheke24 - Spezialist f\u00fcr Naturheilkunde - kurze Lieferzeit - gratis Lieferung ab 30 \u20ac - Immuntherapie - Labo Life 2L ARTH Kapseln | 2LARTH\",\"breadcrumb\":{\"@id\":\"https:\/\/www.loewen-apotheke24.com\/de\/shop\/labo-life\/labo-life-2l-arth-kapseln-90-st-3x-pack\/#breadcrumb\"},\"inLanguage\":\"de\",\"potentialAction\":[{\"@type\":\"ReadAction\",\"target\":[\"https:\/\/www.loewen-apotheke24.com\/de\/shop\/labo-life\/labo-life-2l-arth-kapseln-90-st-3x-pack\/\"]}]},{\"@type\":\"BreadcrumbList\",\"@id\":\"https:\/\/www.loewen-apotheke24.com\/de\/shop\/labo-life\/labo-life-2l-arth-kapseln-90-st-3x-pack\/#breadcrumb\",\"itemListElement\":[{\"@type\":\"ListItem\",\"position\":1,\"name\":\"Shop\",\"item\":\"https:\/\/www.loewen-apotheke24.com\/de\/shop\/\"},{\"@type\":\"ListItem\",\"position\":2,\"name\":\"Labo Life 2L ARTH Kapseln 3x 30 St.\"}]},{\"@type\":\"WebSite\",\"@id\":\"https:\/\/www.loewen-apotheke24.com\/de\/#website\",\"url\":\"https:\/\/www.loewen-apotheke24.com\/de\/\",\"name\":\"L\u00f6wen Apotheke24\",\"description\":\"Spezialist f\u00fcr Naturmedizin - Versandapotheke Baden-Baden\",\"publisher\":{\"@id\":\"https:\/\/www.loewen-apotheke24.com\/de\/#organization\"},\"potentialAction\":[{\"@type\":\"SearchAction\",\"target\":{\"@type\":\"EntryPoint\",\"urlTemplate\":\"https:\/\/www.loewen-apotheke24.com\/de\/?s={search_term_string}\"},\"query-input\":\"required name=search_term_string\"}],\"inLanguage\":\"de\"},{\"@type\":\"Organization\",\"@id\":\"https:\/\/www.loewen-apotheke24.com\/de\/#organization\",\"name\":\"L\u00f6wen Apotheke\",\"alternateName\":\"L\u00f6wen Apotheke\",\"url\":\"https:\/\/www.loewen-apotheke24.com\/de\/\",\"logo\":{\"@type\":\"ImageObject\",\"inLanguage\":\"de\",\"@id\":\"https:\/\/www.loewen-apotheke24.com\/de\/#\/schema\/logo\/image\/\",\"url\":\"https:\/\/www.loewen-apotheke24.com\/wp-content\/uploads\/2024\/02\/Logo-Loewen-Apotheke-700x700-1.png\",\"contentUrl\":\"https:\/\/www.loewen-apotheke24.com\/wp-content\/uploads\/2024\/02\/Logo-Loewen-Apotheke-700x700-1.png\",\"width\":700,\"height\":700,\"caption\":\"L\u00f6wen Apotheke\"},\"image\":{\"@id\":\"https:\/\/www.loewen-apotheke24.com\/de\/#\/schema\/logo\/image\/\"}}]}<\/script>\n<!-- \/ Yoast SEO Premium plugin. -->","yoast_head_json":{"title":"Labo Life 2L ARTH Kapseln 3x Vorteilspack","description":"L\u00f6wen Apotheke24 - Spezialist f\u00fcr Naturheilkunde - kurze Lieferzeit - gratis Lieferung ab 30 \u20ac - Immuntherapie - Labo Life 2L ARTH Kapseln | 2LARTH","robots":{"index":"index","follow":"follow","max-snippet":"max-snippet:-1","max-image-preview":"max-image-preview:large","max-video-preview":"max-video-preview:-1"},"canonical":"https:\/\/www.loewen-apotheke24.com\/de\/shop\/labo-life\/labo-life-2l-arth-kapseln-90-st-3x-pack\/","og_locale":"de_DE","og_type":"article","og_title":"Labo Life 2L ARTH Kapseln 3x Vorteilspack","og_description":"L\u00f6wen Apotheke24 - Spezialist f\u00fcr Naturheilkunde - kurze Lieferzeit - gratis Lieferung ab 30 \u20ac - Immuntherapie - Labo Life 2L ARTH Kapseln | 2LARTH","og_url":"https:\/\/www.loewen-apotheke24.com\/de\/shop\/labo-life\/labo-life-2l-arth-kapseln-90-st-3x-pack\/","og_site_name":"L\u00f6wen Apotheke24","article_modified_time":"2025-12-10T19:40:20+00:00","og_image":[{"width":600,"height":600,"url":"https:\/\/www.loewen-apotheke24.com\/wp-content\/uploads\/2021\/07\/Labo-Life-2LARTH-Loewen-Apotheke.webp","type":"image\/webp"}],"twitter_card":"summary_large_image","twitter_misc":{"Gesch\u00e4tzte Lesezeit":"2\u00a0Minuten"},"schema":{"@context":"https:\/\/schema.org","@graph":[{"@type":"WebPage","@id":"https:\/\/www.loewen-apotheke24.com\/de\/shop\/labo-life\/labo-life-2l-arth-kapseln-90-st-3x-pack\/","url":"https:\/\/www.loewen-apotheke24.com\/de\/shop\/labo-life\/labo-life-2l-arth-kapseln-90-st-3x-pack\/","name":"Labo Life 2L ARTH Kapseln 3x Vorteilspack","isPartOf":{"@id":"https:\/\/www.loewen-apotheke24.com\/de\/#website"},"datePublished":"2021-07-11T05:57:20+00:00","dateModified":"2025-12-10T19:40:20+00:00","description":"L\u00f6wen Apotheke24 - Spezialist f\u00fcr Naturheilkunde - kurze Lieferzeit - gratis Lieferung ab 30 \u20ac - Immuntherapie - Labo Life 2L ARTH Kapseln | 2LARTH","breadcrumb":{"@id":"https:\/\/www.loewen-apotheke24.com\/de\/shop\/labo-life\/labo-life-2l-arth-kapseln-90-st-3x-pack\/#breadcrumb"},"inLanguage":"de","potentialAction":[{"@type":"ReadAction","target":["https:\/\/www.loewen-apotheke24.com\/de\/shop\/labo-life\/labo-life-2l-arth-kapseln-90-st-3x-pack\/"]}]},{"@type":"BreadcrumbList","@id":"https:\/\/www.loewen-apotheke24.com\/de\/shop\/labo-life\/labo-life-2l-arth-kapseln-90-st-3x-pack\/#breadcrumb","itemListElement":[{"@type":"ListItem","position":1,"name":"Shop","item":"https:\/\/www.loewen-apotheke24.com\/de\/shop\/"},{"@type":"ListItem","position":2,"name":"Labo Life 2L ARTH Kapseln 3x 30 St."}]},{"@type":"WebSite","@id":"https:\/\/www.loewen-apotheke24.com\/de\/#website","url":"https:\/\/www.loewen-apotheke24.com\/de\/","name":"L\u00f6wen Apotheke24","description":"Spezialist f\u00fcr Naturmedizin - Versandapotheke Baden-Baden","publisher":{"@id":"https:\/\/www.loewen-apotheke24.com\/de\/#organization"},"potentialAction":[{"@type":"SearchAction","target":{"@type":"EntryPoint","urlTemplate":"https:\/\/www.loewen-apotheke24.com\/de\/?s={search_term_string}"},"query-input":"required name=search_term_string"}],"inLanguage":"de"},{"@type":"Organization","@id":"https:\/\/www.loewen-apotheke24.com\/de\/#organization","name":"L\u00f6wen Apotheke","alternateName":"L\u00f6wen Apotheke","url":"https:\/\/www.loewen-apotheke24.com\/de\/","logo":{"@type":"ImageObject","inLanguage":"de","@id":"https:\/\/www.loewen-apotheke24.com\/de\/#\/schema\/logo\/image\/","url":"https:\/\/www.loewen-apotheke24.com\/wp-content\/uploads\/2024\/02\/Logo-Loewen-Apotheke-700x700-1.png","contentUrl":"https:\/\/www.loewen-apotheke24.com\/wp-content\/uploads\/2024\/02\/Logo-Loewen-Apotheke-700x700-1.png","width":700,"height":700,"caption":"L\u00f6wen Apotheke"},"image":{"@id":"https:\/\/www.loewen-apotheke24.com\/de\/#\/schema\/logo\/image\/"}}]}},"_links":{"self":[{"href":"https:\/\/www.loewen-apotheke24.com\/de\/wp-json\/wp\/v2\/product\/32875"}],"collection":[{"href":"https:\/\/www.loewen-apotheke24.com\/de\/wp-json\/wp\/v2\/product"}],"about":[{"href":"https:\/\/www.loewen-apotheke24.com\/de\/wp-json\/wp\/v2\/types\/product"}],"wp:featuredmedia":[{"embeddable":true,"href":"https:\/\/www.loewen-apotheke24.com\/de\/wp-json\/wp\/v2\/media\/149424"}],"wp:attachment":[{"href":"https:\/\/www.loewen-apotheke24.com\/de\/wp-json\/wp\/v2\/media?parent=32875"}],"wp:term":[{"taxonomy":"product_cat","embeddable":true,"href":"https:\/\/www.loewen-apotheke24.com\/de\/wp-json\/wp\/v2\/product_cat?post=32875"},{"taxonomy":"product_tag","embeddable":true,"href":"https:\/\/www.loewen-apotheke24.com\/de\/wp-json\/wp\/v2\/product_tag?post=32875"}],"curies":[{"name":"wp","href":"https:\/\/api.w.org\/{rel}","templated":true}]}}