{"id":34951,"date":"2021-09-22T07:48:02","date_gmt":"2021-09-22T06:48:02","guid":{"rendered":"https:\/\/www.loewen-apotheke24.com\/?post_type=product&#038;p=34951"},"modified":"2026-02-27T20:00:58","modified_gmt":"2026-02-27T19:00:58","slug":"pascorbin-7-5g-50ml-10-st-injektionsflaschen","status":"publish","type":"product","link":"https:\/\/www.loewen-apotheke24.com\/de\/shop\/angebot\/pascorbin-7-5g-50ml-10-st-injektionsflaschen\/","title":{"rendered":"PASCORBIN 7.5g 50ml Injektionsflaschen &#8211; 10x Sparpack"},"content":{"rendered":"<h3>PASCORBIN 7.5g 50ml Injektionsflaschen<\/h3>\n<p>PASCORBIN 7.5G &#8211; Diese einzig zugelassene Vitamin-C-Hochdosis-Infusion in Deutschland und anderen europ\u00e4ischen L\u00e4ndern. Es gelangt direkt in die Blutbahn und versorgt umgehend mit Vitamin C<br \/>\nZur Therapie von klinischen Vitamin-C-Mangelzust\u00e4nden, die ern\u00e4hrungsm\u00e4\u00dfig nicht behoben oder oral substituiert werden k\u00f6nnen.<\/p>\n<ul style=\"list-style-type: square;\">\n<li>Therapie von klinischen Vitamin-C-Mangelzust\u00e4nden<\/li>\n<li>Versorgt Sie umgehend mit Vitamin C<\/li>\n<li>Laktose-, gluten- und zuckerfrei<\/li>\n<\/ul>\n<p><strong>Wirkstoff<\/strong>: Ascorbins\u00e4ure 150 mg pro ml Injektionsl\u00f6sung.<\/p>\n<p>Weitere Produktinformationen finden Sie beim Hersteller: <a href=\"https:\/\/www.pascoe.de\/produkte\/detail\/pascorbin.html\" target=\"_blank\" rel=\"noopener\">Pascoe<\/a>.<\/p>\n<p>Mehr Auswahl an Produkte &amp; Packungsgr\u00f6\u00dfen: <a href=\"https:\/\/www.loewen-apotheke24.com\/de\/?s=PASCORBIN&amp;post_type=product&amp;dgwt_wcas=1&amp;lang=de\">Pascoe pharmazeutische Pr\u00e4parate GmbH<\/a><\/p>\n<p>Zu Risiken und Nebenwirkungen lesen Sie die Packungsbeilage und fragen Sie Ihren Arzt oder Apotheker. Beachten Sie die Informationen im Beipackzettel.<\/p>\n","protected":false},"excerpt":{"rendered":"<h2>PASCORBIN 7.5g 50ml Injektionsflaschen &#8211; 10x Sparpack<\/h2>\n<p>Ascorbins\u00e4ure als Injektionsl\u00f6sung &#8211; Zur Anwendung bei Erwachsenen und Kindern.<\/p>\n<p><strong>PZN<\/strong>:\u00a0 00581310 (Pharmazentralnummer)<\/p>\n<p><strong>Darreichung:<\/strong> Injektionsl\u00f6sung<\/p>\n<p><strong>Marke<\/strong>: Pascorbin<\/p>\n<p><strong>Hersteller<\/strong>: Pascoe pharmazeutische Pr\u00e4parate GmbH<\/p>\n<p><strong>Packungsgr\u00f6\u00dfe<\/strong>: 10 Packungen a 50ml\u00a0 &#8211; <span style=\"color: #ff0000;\">Sparpack<\/span><\/p>\n","protected":false},"featured_media":115646,"template":"","meta":[],"product_cat":[13,965,413],"product_tag":[28,433,449,448,447],"yoast_head":"<!-- This site is optimized with the Yoast SEO Premium plugin v21.0 (Yoast SEO v21.0) - https:\/\/yoast.com\/wordpress\/plugins\/seo\/ -->\n<title>Pascorbin 7.5g Injektionsflasche 50ml | 10x Sparpack<\/title>\n<meta name=\"description\" content=\"L\u00f6wen Apotheke24 - Spezialist f\u00fcr Naturheilkunde - kurze Lieferzeit. Sparpack: Pascorbin 7.5g Injektionsflaschen 50ml, Ascorbins\u00e4ure, Vitamin C\" \/>\n<meta name=\"robots\" content=\"index, follow, max-snippet:-1, max-image-preview:large, max-video-preview:-1\" \/>\n<link rel=\"canonical\" href=\"https:\/\/www.loewen-apotheke24.com\/de\/shop\/angebot\/pascorbin-7-5g-50ml-10-st-injektionsflaschen\/\" \/>\n<meta property=\"og:locale\" content=\"de_DE\" \/>\n<meta property=\"og:type\" content=\"article\" \/>\n<meta property=\"og:title\" content=\"Pascorbin 7.5g Injektionsflasche 50ml | 10x Sparpack\" \/>\n<meta property=\"og:description\" content=\"L\u00f6wen Apotheke24 - Spezialist f\u00fcr Naturheilkunde - kurze Lieferzeit. Sparpack: Pascorbin 7.5g Injektionsflaschen 50ml, Ascorbins\u00e4ure, Vitamin C\" \/>\n<meta property=\"og:url\" content=\"https:\/\/www.loewen-apotheke24.com\/de\/shop\/angebot\/pascorbin-7-5g-50ml-10-st-injektionsflaschen\/\" \/>\n<meta property=\"og:site_name\" content=\"L\u00f6wen Apotheke24\" \/>\n<meta property=\"article:modified_time\" content=\"2026-02-27T19:00:58+00:00\" \/>\n<meta property=\"og:image\" content=\"https:\/\/www.loewen-apotheke24.com\/wp-content\/uploads\/2021\/09\/Pascorbin-7.5g-Injektionsflaschen-10-Stueck.-Loewen-Apotheke.-Natuerliche-Heilmittel.webp\" \/>\n\t<meta property=\"og:image:width\" content=\"600\" \/>\n\t<meta property=\"og:image:height\" content=\"600\" \/>\n\t<meta property=\"og:image:type\" content=\"image\/webp\" \/>\n<meta name=\"twitter:card\" content=\"summary_large_image\" \/>\n<meta name=\"twitter:label1\" content=\"Gesch\u00e4tzte Lesezeit\" \/>\n\t<meta name=\"twitter:data1\" content=\"1\u00a0Minute\" \/>\n<script type=\"application\/ld+json\" class=\"yoast-schema-graph\">{\"@context\":\"https:\/\/schema.org\",\"@graph\":[{\"@type\":\"WebPage\",\"@id\":\"https:\/\/www.loewen-apotheke24.com\/de\/shop\/angebot\/pascorbin-7-5g-50ml-10-st-injektionsflaschen\/\",\"url\":\"https:\/\/www.loewen-apotheke24.com\/de\/shop\/angebot\/pascorbin-7-5g-50ml-10-st-injektionsflaschen\/\",\"name\":\"Pascorbin 7.5g Injektionsflasche 50ml | 10x Sparpack\",\"isPartOf\":{\"@id\":\"https:\/\/www.loewen-apotheke24.com\/de\/#website\"},\"datePublished\":\"2021-09-22T06:48:02+00:00\",\"dateModified\":\"2026-02-27T19:00:58+00:00\",\"description\":\"L\u00f6wen Apotheke24 - Spezialist f\u00fcr Naturheilkunde - kurze Lieferzeit. Sparpack: Pascorbin 7.5g Injektionsflaschen 50ml, Ascorbins\u00e4ure, Vitamin C\",\"breadcrumb\":{\"@id\":\"https:\/\/www.loewen-apotheke24.com\/de\/shop\/angebot\/pascorbin-7-5g-50ml-10-st-injektionsflaschen\/#breadcrumb\"},\"inLanguage\":\"de\",\"potentialAction\":[{\"@type\":\"ReadAction\",\"target\":[\"https:\/\/www.loewen-apotheke24.com\/de\/shop\/angebot\/pascorbin-7-5g-50ml-10-st-injektionsflaschen\/\"]}]},{\"@type\":\"BreadcrumbList\",\"@id\":\"https:\/\/www.loewen-apotheke24.com\/de\/shop\/angebot\/pascorbin-7-5g-50ml-10-st-injektionsflaschen\/#breadcrumb\",\"itemListElement\":[{\"@type\":\"ListItem\",\"position\":1,\"name\":\"Shop\",\"item\":\"https:\/\/www.loewen-apotheke24.com\/de\/shop\/\"},{\"@type\":\"ListItem\",\"position\":2,\"name\":\"PASCORBIN 7.5g 50ml Injektionsflaschen &#8211; 10x Sparpack\"}]},{\"@type\":\"WebSite\",\"@id\":\"https:\/\/www.loewen-apotheke24.com\/de\/#website\",\"url\":\"https:\/\/www.loewen-apotheke24.com\/de\/\",\"name\":\"L\u00f6wen Apotheke24\",\"description\":\"Spezialist f\u00fcr Naturmedizin - Versandapotheke Baden-Baden\",\"publisher\":{\"@id\":\"https:\/\/www.loewen-apotheke24.com\/de\/#organization\"},\"potentialAction\":[{\"@type\":\"SearchAction\",\"target\":{\"@type\":\"EntryPoint\",\"urlTemplate\":\"https:\/\/www.loewen-apotheke24.com\/de\/?s={search_term_string}\"},\"query-input\":\"required name=search_term_string\"}],\"inLanguage\":\"de\"},{\"@type\":\"Organization\",\"@id\":\"https:\/\/www.loewen-apotheke24.com\/de\/#organization\",\"name\":\"L\u00f6wen Apotheke\",\"alternateName\":\"L\u00f6wen Apotheke\",\"url\":\"https:\/\/www.loewen-apotheke24.com\/de\/\",\"logo\":{\"@type\":\"ImageObject\",\"inLanguage\":\"de\",\"@id\":\"https:\/\/www.loewen-apotheke24.com\/de\/#\/schema\/logo\/image\/\",\"url\":\"https:\/\/www.loewen-apotheke24.com\/wp-content\/uploads\/2024\/02\/Logo-Loewen-Apotheke-700x700-1.png\",\"contentUrl\":\"https:\/\/www.loewen-apotheke24.com\/wp-content\/uploads\/2024\/02\/Logo-Loewen-Apotheke-700x700-1.png\",\"width\":700,\"height\":700,\"caption\":\"L\u00f6wen Apotheke\"},\"image\":{\"@id\":\"https:\/\/www.loewen-apotheke24.com\/de\/#\/schema\/logo\/image\/\"}}]}<\/script>\n<!-- \/ Yoast SEO Premium plugin. -->","yoast_head_json":{"title":"Pascorbin 7.5g Injektionsflasche 50ml | 10x Sparpack","description":"L\u00f6wen Apotheke24 - Spezialist f\u00fcr Naturheilkunde - kurze Lieferzeit. Sparpack: Pascorbin 7.5g Injektionsflaschen 50ml, Ascorbins\u00e4ure, Vitamin C","robots":{"index":"index","follow":"follow","max-snippet":"max-snippet:-1","max-image-preview":"max-image-preview:large","max-video-preview":"max-video-preview:-1"},"canonical":"https:\/\/www.loewen-apotheke24.com\/de\/shop\/angebot\/pascorbin-7-5g-50ml-10-st-injektionsflaschen\/","og_locale":"de_DE","og_type":"article","og_title":"Pascorbin 7.5g Injektionsflasche 50ml | 10x Sparpack","og_description":"L\u00f6wen Apotheke24 - Spezialist f\u00fcr Naturheilkunde - kurze Lieferzeit. Sparpack: Pascorbin 7.5g Injektionsflaschen 50ml, Ascorbins\u00e4ure, Vitamin C","og_url":"https:\/\/www.loewen-apotheke24.com\/de\/shop\/angebot\/pascorbin-7-5g-50ml-10-st-injektionsflaschen\/","og_site_name":"L\u00f6wen Apotheke24","article_modified_time":"2026-02-27T19:00:58+00:00","og_image":[{"width":600,"height":600,"url":"https:\/\/www.loewen-apotheke24.com\/wp-content\/uploads\/2021\/09\/Pascorbin-7.5g-Injektionsflaschen-10-Stueck.-Loewen-Apotheke.-Natuerliche-Heilmittel.webp","type":"image\/webp"}],"twitter_card":"summary_large_image","twitter_misc":{"Gesch\u00e4tzte Lesezeit":"1\u00a0Minute"},"schema":{"@context":"https:\/\/schema.org","@graph":[{"@type":"WebPage","@id":"https:\/\/www.loewen-apotheke24.com\/de\/shop\/angebot\/pascorbin-7-5g-50ml-10-st-injektionsflaschen\/","url":"https:\/\/www.loewen-apotheke24.com\/de\/shop\/angebot\/pascorbin-7-5g-50ml-10-st-injektionsflaschen\/","name":"Pascorbin 7.5g Injektionsflasche 50ml | 10x Sparpack","isPartOf":{"@id":"https:\/\/www.loewen-apotheke24.com\/de\/#website"},"datePublished":"2021-09-22T06:48:02+00:00","dateModified":"2026-02-27T19:00:58+00:00","description":"L\u00f6wen Apotheke24 - Spezialist f\u00fcr Naturheilkunde - kurze Lieferzeit. Sparpack: Pascorbin 7.5g Injektionsflaschen 50ml, Ascorbins\u00e4ure, Vitamin C","breadcrumb":{"@id":"https:\/\/www.loewen-apotheke24.com\/de\/shop\/angebot\/pascorbin-7-5g-50ml-10-st-injektionsflaschen\/#breadcrumb"},"inLanguage":"de","potentialAction":[{"@type":"ReadAction","target":["https:\/\/www.loewen-apotheke24.com\/de\/shop\/angebot\/pascorbin-7-5g-50ml-10-st-injektionsflaschen\/"]}]},{"@type":"BreadcrumbList","@id":"https:\/\/www.loewen-apotheke24.com\/de\/shop\/angebot\/pascorbin-7-5g-50ml-10-st-injektionsflaschen\/#breadcrumb","itemListElement":[{"@type":"ListItem","position":1,"name":"Shop","item":"https:\/\/www.loewen-apotheke24.com\/de\/shop\/"},{"@type":"ListItem","position":2,"name":"PASCORBIN 7.5g 50ml Injektionsflaschen &#8211; 10x Sparpack"}]},{"@type":"WebSite","@id":"https:\/\/www.loewen-apotheke24.com\/de\/#website","url":"https:\/\/www.loewen-apotheke24.com\/de\/","name":"L\u00f6wen Apotheke24","description":"Spezialist f\u00fcr Naturmedizin - Versandapotheke Baden-Baden","publisher":{"@id":"https:\/\/www.loewen-apotheke24.com\/de\/#organization"},"potentialAction":[{"@type":"SearchAction","target":{"@type":"EntryPoint","urlTemplate":"https:\/\/www.loewen-apotheke24.com\/de\/?s={search_term_string}"},"query-input":"required name=search_term_string"}],"inLanguage":"de"},{"@type":"Organization","@id":"https:\/\/www.loewen-apotheke24.com\/de\/#organization","name":"L\u00f6wen Apotheke","alternateName":"L\u00f6wen Apotheke","url":"https:\/\/www.loewen-apotheke24.com\/de\/","logo":{"@type":"ImageObject","inLanguage":"de","@id":"https:\/\/www.loewen-apotheke24.com\/de\/#\/schema\/logo\/image\/","url":"https:\/\/www.loewen-apotheke24.com\/wp-content\/uploads\/2024\/02\/Logo-Loewen-Apotheke-700x700-1.png","contentUrl":"https:\/\/www.loewen-apotheke24.com\/wp-content\/uploads\/2024\/02\/Logo-Loewen-Apotheke-700x700-1.png","width":700,"height":700,"caption":"L\u00f6wen Apotheke"},"image":{"@id":"https:\/\/www.loewen-apotheke24.com\/de\/#\/schema\/logo\/image\/"}}]}},"_links":{"self":[{"href":"https:\/\/www.loewen-apotheke24.com\/de\/wp-json\/wp\/v2\/product\/34951"}],"collection":[{"href":"https:\/\/www.loewen-apotheke24.com\/de\/wp-json\/wp\/v2\/product"}],"about":[{"href":"https:\/\/www.loewen-apotheke24.com\/de\/wp-json\/wp\/v2\/types\/product"}],"wp:featuredmedia":[{"embeddable":true,"href":"https:\/\/www.loewen-apotheke24.com\/de\/wp-json\/wp\/v2\/media\/115646"}],"wp:attachment":[{"href":"https:\/\/www.loewen-apotheke24.com\/de\/wp-json\/wp\/v2\/media?parent=34951"}],"wp:term":[{"taxonomy":"product_cat","embeddable":true,"href":"https:\/\/www.loewen-apotheke24.com\/de\/wp-json\/wp\/v2\/product_cat?post=34951"},{"taxonomy":"product_tag","embeddable":true,"href":"https:\/\/www.loewen-apotheke24.com\/de\/wp-json\/wp\/v2\/product_tag?post=34951"}],"curies":[{"name":"wp","href":"https:\/\/api.w.org\/{rel}","templated":true}]}}