{"id":36484,"date":"2021-11-16T08:16:28","date_gmt":"2021-11-16T07:16:28","guid":{"rendered":"https:\/\/www.loewen-apotheke24.com\/?post_type=product&#038;p=36484"},"modified":"2026-01-20T11:59:02","modified_gmt":"2026-01-20T10:59:02","slug":"sildaristo-50-mg-20-stueck-sildenafil","status":"publish","type":"product","link":"https:\/\/www.loewen-apotheke24.com\/de\/shop\/marke\/sildaristo-50-mg-20-stueck-sildenafil\/","title":{"rendered":"SILDARISTO 50 mg 20 St\u00fcck &#8211; Sildenafil"},"content":{"rendered":"<h3 style=\"text-align: left;\">SILDARISTO 50 mg 20 St\u00fcck &#8211; Wirkstoff: Sildenafil<\/h3>\n<p>SILDARISTO\u00ae (Sildenafil) 50 mg zur oralen Anwendung, zur Behandlung von Erektionsst\u00f6rungen. Das Arzneimittel enth\u00e4lt den Wirkstoff Sildenafil, der zu einer Gruppe von Arzneimitteln mit der Bezeichnung Phosphodiesterase-Typ-5 (PDE5)-Hemmer geh\u00f6rt. Es wirkt, indem es bei sexueller Erregung die Entspannung der Blutgef\u00e4\u00dfe in Ihrem Penis unterst\u00fctzt. Dadurch kann Blut leichter in den Penis flie\u00dfen. Das Arzneimittel wird Ihnen nur dann zu einer Erektion verhelfen, wenn Sie sexuell stimuliert werden.<br \/>\nDas Pr\u00e4parat dient zur Behandlung der erektilen Dysfunktion beim erwachsenen Mann, die manchmal auch als Impotenz bezeichnet wird. Diese liegt vor, wenn ein Mann keinen f\u00fcr die sexuelle Aktivit\u00e4t ausreichend harten, aufgerichteten Penis bekommen oder beibehalten kann.<\/p>\n<p>Die Marke Sildaristo\u00ae wird vom Hersteller\u00a0 <a href=\"https:\/\/www.aristo-pharma.de\/de\" target=\"_blank\" rel=\"noopener\">Aristo Pharma GmbH<\/a> hergestellt. Bitte beachten Sie die <a href=\"https:\/\/www.loewen-apotheke24.com\/wp-content\/uploads\/2021\/11\/sildaristo-sildenafil.pdf\">Gebrauchsanweisung (PDF) inkl. Beschreibung<\/a> f\u00fcr Heimanwendung.<\/p>\n<p>Der Wirkstoff Sildenafil ist derzeit noch rezeptpflichtig, demn\u00e4chst m\u00f6glicherweise \u00fcber Apotheken freiverk\u00e4uflich. <a href=\"https:\/\/www.bfarm.de\/DE\/Arzneimittel\/Zulassung\/Zulassungsrelevante-Themen\/Zugelassene-Arzneimittel\/_node.html\">Zur Zulassung der BfArM<\/a>.<\/p>\n<p><span style=\"color: #ff0000;\">Rezeptpflichtiges Medikament<\/span><\/p>\n<p>Zu Risiken und Nebenwirkungen lesen Sie die Packungsbeilage und fragen Sie Ihren Arzt oder Apotheker.<\/p>\n","protected":false},"excerpt":{"rendered":"<h2>SILDARISTO 50 mg 20 St\u00fcck &#8211; Sildenafil<\/h2>\n<p>SILDARISTO (Sildenafil) 50 mg zur oralen Anwendung zur Behandlung von Erektionsst\u00f6rungen. Wirkstoff: Sildenafil<\/p>\n<p><strong>PZN<\/strong>:\u00a0 05599496 (Pharmazentralnummer)<\/p>\n<p><strong>Darreichung:<\/strong> Filmtabletten<\/p>\n<p><strong>Wirkstoff<\/strong>: Sildenafil citrat<\/p>\n<p><strong>Marke<\/strong>: SILDARISTO\u00ae<\/p>\n<p><strong>Hersteller<\/strong>: Aristo Pharma GmbH<\/p>\n<p><strong>Packungsgr\u00f6\u00dfe<\/strong>: 20 St\u00fcck<\/p>\n<p><span style=\"color: #ff0000;\">Rezeptpflichtiges Medikament auf Anfrage mit Rezept.\u00a0<\/span><\/p>\n","protected":false},"featured_media":36696,"template":"","meta":[],"product_cat":[43],"product_tag":[69,451],"yoast_head":"<!-- This site is optimized with the Yoast SEO Premium plugin v21.0 (Yoast SEO v21.0) - https:\/\/yoast.com\/wordpress\/plugins\/seo\/ -->\n<title>SILDARISTO 50 mg 20 St\u00fcck - Sildenafil<\/title>\n<meta name=\"description\" content=\"L\u00f6wen Apotheke24 - Deutsche Versandapotheke - Internationaler Versand - gratis Lieferung ab 30 \u20ac - SILDARISTO 50 mg 20 Stk. - Wirkstoff: Sildenafil\" \/>\n<meta name=\"robots\" content=\"index, follow, max-snippet:-1, max-image-preview:large, max-video-preview:-1\" \/>\n<link rel=\"canonical\" href=\"https:\/\/www.loewen-apotheke24.com\/de\/shop\/marke\/sildaristo-50-mg-20-stueck-sildenafil\/\" \/>\n<meta property=\"og:locale\" content=\"de_DE\" \/>\n<meta property=\"og:type\" content=\"article\" \/>\n<meta property=\"og:title\" content=\"SILDARISTO 50 mg 20 St\u00fcck - Sildenafil\" \/>\n<meta property=\"og:description\" content=\"L\u00f6wen Apotheke24 - Deutsche Versandapotheke - Internationaler Versand - gratis Lieferung ab 30 \u20ac - SILDARISTO 50 mg 20 Stk. - Wirkstoff: Sildenafil\" \/>\n<meta property=\"og:url\" content=\"https:\/\/www.loewen-apotheke24.com\/de\/shop\/marke\/sildaristo-50-mg-20-stueck-sildenafil\/\" \/>\n<meta property=\"og:site_name\" content=\"L\u00f6wen Apotheke24\" \/>\n<meta property=\"article:modified_time\" content=\"2026-01-20T10:59:02+00:00\" \/>\n<meta property=\"og:image\" content=\"https:\/\/www.loewen-apotheke24.com\/wp-content\/uploads\/2021\/11\/sildenafil-SILDARISTO\u00ae-50-mg-20-stueck.jpg\" \/>\n\t<meta property=\"og:image:width\" content=\"600\" \/>\n\t<meta property=\"og:image:height\" content=\"600\" \/>\n\t<meta property=\"og:image:type\" content=\"image\/jpeg\" \/>\n<meta name=\"twitter:card\" content=\"summary_large_image\" \/>\n<meta name=\"twitter:label1\" content=\"Gesch\u00e4tzte Lesezeit\" \/>\n\t<meta name=\"twitter:data1\" content=\"1\u00a0Minute\" \/>\n<script type=\"application\/ld+json\" class=\"yoast-schema-graph\">{\"@context\":\"https:\/\/schema.org\",\"@graph\":[{\"@type\":\"WebPage\",\"@id\":\"https:\/\/www.loewen-apotheke24.com\/de\/shop\/marke\/sildaristo-50-mg-20-stueck-sildenafil\/\",\"url\":\"https:\/\/www.loewen-apotheke24.com\/de\/shop\/marke\/sildaristo-50-mg-20-stueck-sildenafil\/\",\"name\":\"SILDARISTO 50 mg 20 St\u00fcck - Sildenafil\",\"isPartOf\":{\"@id\":\"https:\/\/www.loewen-apotheke24.com\/de\/#website\"},\"datePublished\":\"2021-11-16T07:16:28+00:00\",\"dateModified\":\"2026-01-20T10:59:02+00:00\",\"description\":\"L\u00f6wen Apotheke24 - Deutsche Versandapotheke - Internationaler Versand - gratis Lieferung ab 30 \u20ac - SILDARISTO 50 mg 20 Stk. - Wirkstoff: Sildenafil\",\"breadcrumb\":{\"@id\":\"https:\/\/www.loewen-apotheke24.com\/de\/shop\/marke\/sildaristo-50-mg-20-stueck-sildenafil\/#breadcrumb\"},\"inLanguage\":\"de\",\"potentialAction\":[{\"@type\":\"ReadAction\",\"target\":[\"https:\/\/www.loewen-apotheke24.com\/de\/shop\/marke\/sildaristo-50-mg-20-stueck-sildenafil\/\"]}]},{\"@type\":\"BreadcrumbList\",\"@id\":\"https:\/\/www.loewen-apotheke24.com\/de\/shop\/marke\/sildaristo-50-mg-20-stueck-sildenafil\/#breadcrumb\",\"itemListElement\":[{\"@type\":\"ListItem\",\"position\":1,\"name\":\"Shop\",\"item\":\"https:\/\/www.loewen-apotheke24.com\/de\/shop\/\"},{\"@type\":\"ListItem\",\"position\":2,\"name\":\"SILDARISTO 50 mg 20 St\u00fcck &#8211; Sildenafil\"}]},{\"@type\":\"WebSite\",\"@id\":\"https:\/\/www.loewen-apotheke24.com\/de\/#website\",\"url\":\"https:\/\/www.loewen-apotheke24.com\/de\/\",\"name\":\"L\u00f6wen Apotheke24\",\"description\":\"Spezialist f\u00fcr Naturmedizin - Versandapotheke Baden-Baden\",\"publisher\":{\"@id\":\"https:\/\/www.loewen-apotheke24.com\/de\/#organization\"},\"potentialAction\":[{\"@type\":\"SearchAction\",\"target\":{\"@type\":\"EntryPoint\",\"urlTemplate\":\"https:\/\/www.loewen-apotheke24.com\/de\/?s={search_term_string}\"},\"query-input\":\"required name=search_term_string\"}],\"inLanguage\":\"de\"},{\"@type\":\"Organization\",\"@id\":\"https:\/\/www.loewen-apotheke24.com\/de\/#organization\",\"name\":\"L\u00f6wen Apotheke\",\"alternateName\":\"L\u00f6wen Apotheke\",\"url\":\"https:\/\/www.loewen-apotheke24.com\/de\/\",\"logo\":{\"@type\":\"ImageObject\",\"inLanguage\":\"de\",\"@id\":\"https:\/\/www.loewen-apotheke24.com\/de\/#\/schema\/logo\/image\/\",\"url\":\"https:\/\/www.loewen-apotheke24.com\/wp-content\/uploads\/2024\/02\/Logo-Loewen-Apotheke-700x700-1.png\",\"contentUrl\":\"https:\/\/www.loewen-apotheke24.com\/wp-content\/uploads\/2024\/02\/Logo-Loewen-Apotheke-700x700-1.png\",\"width\":700,\"height\":700,\"caption\":\"L\u00f6wen Apotheke\"},\"image\":{\"@id\":\"https:\/\/www.loewen-apotheke24.com\/de\/#\/schema\/logo\/image\/\"}}]}<\/script>\n<!-- \/ Yoast SEO Premium plugin. -->","yoast_head_json":{"title":"SILDARISTO 50 mg 20 St\u00fcck - Sildenafil","description":"L\u00f6wen Apotheke24 - Deutsche Versandapotheke - Internationaler Versand - gratis Lieferung ab 30 \u20ac - SILDARISTO 50 mg 20 Stk. - Wirkstoff: Sildenafil","robots":{"index":"index","follow":"follow","max-snippet":"max-snippet:-1","max-image-preview":"max-image-preview:large","max-video-preview":"max-video-preview:-1"},"canonical":"https:\/\/www.loewen-apotheke24.com\/de\/shop\/marke\/sildaristo-50-mg-20-stueck-sildenafil\/","og_locale":"de_DE","og_type":"article","og_title":"SILDARISTO 50 mg 20 St\u00fcck - Sildenafil","og_description":"L\u00f6wen Apotheke24 - Deutsche Versandapotheke - Internationaler Versand - gratis Lieferung ab 30 \u20ac - SILDARISTO 50 mg 20 Stk. - Wirkstoff: Sildenafil","og_url":"https:\/\/www.loewen-apotheke24.com\/de\/shop\/marke\/sildaristo-50-mg-20-stueck-sildenafil\/","og_site_name":"L\u00f6wen Apotheke24","article_modified_time":"2026-01-20T10:59:02+00:00","og_image":[{"width":600,"height":600,"url":"https:\/\/www.loewen-apotheke24.com\/wp-content\/uploads\/2021\/11\/sildenafil-SILDARISTO\u00ae-50-mg-20-stueck.jpg","type":"image\/jpeg"}],"twitter_card":"summary_large_image","twitter_misc":{"Gesch\u00e4tzte Lesezeit":"1\u00a0Minute"},"schema":{"@context":"https:\/\/schema.org","@graph":[{"@type":"WebPage","@id":"https:\/\/www.loewen-apotheke24.com\/de\/shop\/marke\/sildaristo-50-mg-20-stueck-sildenafil\/","url":"https:\/\/www.loewen-apotheke24.com\/de\/shop\/marke\/sildaristo-50-mg-20-stueck-sildenafil\/","name":"SILDARISTO 50 mg 20 St\u00fcck - Sildenafil","isPartOf":{"@id":"https:\/\/www.loewen-apotheke24.com\/de\/#website"},"datePublished":"2021-11-16T07:16:28+00:00","dateModified":"2026-01-20T10:59:02+00:00","description":"L\u00f6wen Apotheke24 - Deutsche Versandapotheke - Internationaler Versand - gratis Lieferung ab 30 \u20ac - SILDARISTO 50 mg 20 Stk. - Wirkstoff: Sildenafil","breadcrumb":{"@id":"https:\/\/www.loewen-apotheke24.com\/de\/shop\/marke\/sildaristo-50-mg-20-stueck-sildenafil\/#breadcrumb"},"inLanguage":"de","potentialAction":[{"@type":"ReadAction","target":["https:\/\/www.loewen-apotheke24.com\/de\/shop\/marke\/sildaristo-50-mg-20-stueck-sildenafil\/"]}]},{"@type":"BreadcrumbList","@id":"https:\/\/www.loewen-apotheke24.com\/de\/shop\/marke\/sildaristo-50-mg-20-stueck-sildenafil\/#breadcrumb","itemListElement":[{"@type":"ListItem","position":1,"name":"Shop","item":"https:\/\/www.loewen-apotheke24.com\/de\/shop\/"},{"@type":"ListItem","position":2,"name":"SILDARISTO 50 mg 20 St\u00fcck &#8211; Sildenafil"}]},{"@type":"WebSite","@id":"https:\/\/www.loewen-apotheke24.com\/de\/#website","url":"https:\/\/www.loewen-apotheke24.com\/de\/","name":"L\u00f6wen Apotheke24","description":"Spezialist f\u00fcr Naturmedizin - Versandapotheke Baden-Baden","publisher":{"@id":"https:\/\/www.loewen-apotheke24.com\/de\/#organization"},"potentialAction":[{"@type":"SearchAction","target":{"@type":"EntryPoint","urlTemplate":"https:\/\/www.loewen-apotheke24.com\/de\/?s={search_term_string}"},"query-input":"required name=search_term_string"}],"inLanguage":"de"},{"@type":"Organization","@id":"https:\/\/www.loewen-apotheke24.com\/de\/#organization","name":"L\u00f6wen Apotheke","alternateName":"L\u00f6wen Apotheke","url":"https:\/\/www.loewen-apotheke24.com\/de\/","logo":{"@type":"ImageObject","inLanguage":"de","@id":"https:\/\/www.loewen-apotheke24.com\/de\/#\/schema\/logo\/image\/","url":"https:\/\/www.loewen-apotheke24.com\/wp-content\/uploads\/2024\/02\/Logo-Loewen-Apotheke-700x700-1.png","contentUrl":"https:\/\/www.loewen-apotheke24.com\/wp-content\/uploads\/2024\/02\/Logo-Loewen-Apotheke-700x700-1.png","width":700,"height":700,"caption":"L\u00f6wen Apotheke"},"image":{"@id":"https:\/\/www.loewen-apotheke24.com\/de\/#\/schema\/logo\/image\/"}}]}},"_links":{"self":[{"href":"https:\/\/www.loewen-apotheke24.com\/de\/wp-json\/wp\/v2\/product\/36484"}],"collection":[{"href":"https:\/\/www.loewen-apotheke24.com\/de\/wp-json\/wp\/v2\/product"}],"about":[{"href":"https:\/\/www.loewen-apotheke24.com\/de\/wp-json\/wp\/v2\/types\/product"}],"wp:featuredmedia":[{"embeddable":true,"href":"https:\/\/www.loewen-apotheke24.com\/de\/wp-json\/wp\/v2\/media\/36696"}],"wp:attachment":[{"href":"https:\/\/www.loewen-apotheke24.com\/de\/wp-json\/wp\/v2\/media?parent=36484"}],"wp:term":[{"taxonomy":"product_cat","embeddable":true,"href":"https:\/\/www.loewen-apotheke24.com\/de\/wp-json\/wp\/v2\/product_cat?post=36484"},{"taxonomy":"product_tag","embeddable":true,"href":"https:\/\/www.loewen-apotheke24.com\/de\/wp-json\/wp\/v2\/product_tag?post=36484"}],"curies":[{"name":"wp","href":"https:\/\/api.w.org\/{rel}","templated":true}]}}