{"id":40876,"date":"2022-02-19T07:35:24","date_gmt":"2022-02-19T06:35:24","guid":{"rendered":"https:\/\/www.loewen-apotheke24.com\/?post_type=product&#038;p=40876"},"modified":"2026-03-02T06:55:53","modified_gmt":"2026-03-02T05:55:53","slug":"wobenzym-tabletten-360-st","status":"publish","type":"product","link":"https:\/\/www.loewen-apotheke24.com\/de\/shop\/angebot\/wobenzym-tabletten-360-st\/","title":{"rendered":"Wobenzym Tabletten 360 St"},"content":{"rendered":"<h3 style=\"text-align: left;\">WOBENZYM Tabletten 360 St<\/h3>\n<p>Wobenzym Tabletten bei Gelenk- und Muskelbeschwerden durch Verletzungen oder Arthrose. Die spezielle Enzymkombination in Wobenzym bei Beschwerden, deren Ursache auf einen entz\u00fcndlichen Prozess zur\u00fcckzuf\u00fchren ist. Im Gegensatz zu herk\u00f6mmlichen antirheumatischen und entz\u00fcndungshemmenden Mitteln beschleunigt Wobenzym den Selbstheilungsprozess des K\u00f6rpers, statt die Entz\u00fcndung einfach nur zu unterdr\u00fccken.<\/p>\n<p>Die besondere Enzymkraft des Arzneimittels geht an die Entz\u00fcndung als Ursache der Schmerzen und f\u00f6rdert die Heilung auf nat\u00fcrliche Weise. Es hilft Ihnen, das Leben auf nat\u00fcrliche Weise aktiv zu gestalten und zu genie\u00dfen. Nahrungserg\u00e4nzungsmittel sind kein Ersatz f\u00fcr eine abwechslungsreiche und ausgewogene Ern\u00e4hrung oder eine gesunde Lebensweise. \u00dcberschreiten Sie nicht die empfohlene Tagesdosis.<\/p>\n<p>Weitere Produktdetails beim <a href=\"https:\/\/www.wobenzym.de\/\" target=\"_blank\" rel=\"noopener\">Hersteller<\/a>.<\/p>\n<p>Andere Produkte der Kategorie <a href=\"https:\/\/www.loewen-apotheke24.com\/de\/product_tag\/entzuendung\/\">hier.<\/a><\/p>\n<p>Zu Risiken und Nebenwirkungen lesen Sie die Packungsbeilage und fragen Sie Ihren Arzt oder Apotheker.<\/p>\n","protected":false},"excerpt":{"rendered":"<h2>WOBENZYM Tabletten 360 St<\/h2>\n<p>WOBENZYM magensaftresistente Tabletten zur unterst\u00fctzenden Behandlung von Erwachsenen bei Schwellungen, Entz\u00fcndungen oder Schmerzen.<\/p>\n<p><strong>PZN<\/strong>: 13751854 (Pharmazentralnummer)<\/p>\n<p><strong>Darreichungsform<\/strong>: Tabletten<\/p>\n<p><strong>Verordnungsart<\/strong>: Rezeptfrei<\/p>\n<p><strong>Marke<\/strong>: WOBENZYM<\/p>\n<p><strong>Hersteller<\/strong>:\u00a0 MUCOS Pharma GmbH &amp; Co. KG<\/p>\n<p><strong>Packungsgr\u00f6\u00dfe<\/strong>: 360 St\u00fcck<\/p>\n","protected":false},"featured_media":103643,"template":"","meta":[],"product_cat":[13,43,1011],"product_tag":[433,254,215,426,473,214,469],"yoast_head":"<!-- This site is optimized with the Yoast SEO Premium plugin v21.0 (Yoast SEO v21.0) - https:\/\/yoast.com\/wordpress\/plugins\/seo\/ -->\n<title>Wobenzym Tabletten 360 St - sofort lieferbar.<\/title>\n<meta name=\"description\" content=\"Wobenzym Tabletten 360 St. bei Ihrer deutschen Online-Apotheke g\u00fcnstig bestellen. Verf\u00fcgbarkeit: sofort lieferbar. Schneller Versand und sichere Bestellung.\" \/>\n<meta name=\"robots\" content=\"index, follow, max-snippet:-1, max-image-preview:large, max-video-preview:-1\" \/>\n<link rel=\"canonical\" href=\"https:\/\/www.loewen-apotheke24.com\/de\/shop\/angebot\/wobenzym-tabletten-360-st\/\" \/>\n<meta property=\"og:locale\" content=\"de_DE\" \/>\n<meta property=\"og:type\" content=\"article\" \/>\n<meta property=\"og:title\" content=\"Wobenzym Tabletten 360 St - sofort lieferbar.\" \/>\n<meta property=\"og:description\" content=\"Wobenzym Tabletten 360 St. bei Ihrer deutschen Online-Apotheke g\u00fcnstig bestellen. Verf\u00fcgbarkeit: sofort lieferbar. Schneller Versand und sichere Bestellung.\" \/>\n<meta property=\"og:url\" content=\"https:\/\/www.loewen-apotheke24.com\/de\/shop\/angebot\/wobenzym-tabletten-360-st\/\" \/>\n<meta property=\"og:site_name\" content=\"L\u00f6wen Apotheke24\" \/>\n<meta property=\"article:modified_time\" content=\"2026-03-02T05:55:53+00:00\" \/>\n<meta property=\"og:image\" content=\"https:\/\/www.loewen-apotheke24.com\/wp-content\/uploads\/2022\/02\/WOBENZYM-Tabletten-360-St-13751854.webp\" \/>\n\t<meta property=\"og:image:width\" content=\"600\" \/>\n\t<meta property=\"og:image:height\" content=\"600\" \/>\n\t<meta property=\"og:image:type\" content=\"image\/webp\" \/>\n<meta name=\"twitter:card\" content=\"summary_large_image\" \/>\n<meta name=\"twitter:label1\" content=\"Gesch\u00e4tzte Lesezeit\" \/>\n\t<meta name=\"twitter:data1\" content=\"1\u00a0Minute\" \/>\n<script type=\"application\/ld+json\" class=\"yoast-schema-graph\">{\"@context\":\"https:\/\/schema.org\",\"@graph\":[{\"@type\":\"WebPage\",\"@id\":\"https:\/\/www.loewen-apotheke24.com\/de\/shop\/angebot\/wobenzym-tabletten-360-st\/\",\"url\":\"https:\/\/www.loewen-apotheke24.com\/de\/shop\/angebot\/wobenzym-tabletten-360-st\/\",\"name\":\"Wobenzym Tabletten 360 St - sofort lieferbar.\",\"isPartOf\":{\"@id\":\"https:\/\/www.loewen-apotheke24.com\/de\/#website\"},\"datePublished\":\"2022-02-19T06:35:24+00:00\",\"dateModified\":\"2026-03-02T05:55:53+00:00\",\"description\":\"Wobenzym Tabletten 360 St. bei Ihrer deutschen Online-Apotheke g\u00fcnstig bestellen. Verf\u00fcgbarkeit: sofort lieferbar. Schneller Versand und sichere Bestellung.\",\"breadcrumb\":{\"@id\":\"https:\/\/www.loewen-apotheke24.com\/de\/shop\/angebot\/wobenzym-tabletten-360-st\/#breadcrumb\"},\"inLanguage\":\"de\",\"potentialAction\":[{\"@type\":\"ReadAction\",\"target\":[\"https:\/\/www.loewen-apotheke24.com\/de\/shop\/angebot\/wobenzym-tabletten-360-st\/\"]}]},{\"@type\":\"BreadcrumbList\",\"@id\":\"https:\/\/www.loewen-apotheke24.com\/de\/shop\/angebot\/wobenzym-tabletten-360-st\/#breadcrumb\",\"itemListElement\":[{\"@type\":\"ListItem\",\"position\":1,\"name\":\"Shop\",\"item\":\"https:\/\/www.loewen-apotheke24.com\/de\/shop\/\"},{\"@type\":\"ListItem\",\"position\":2,\"name\":\"Wobenzym Tabletten 360 St\"}]},{\"@type\":\"WebSite\",\"@id\":\"https:\/\/www.loewen-apotheke24.com\/de\/#website\",\"url\":\"https:\/\/www.loewen-apotheke24.com\/de\/\",\"name\":\"L\u00f6wen Apotheke24\",\"description\":\"Spezialist f\u00fcr Naturmedizin - Versandapotheke Baden-Baden\",\"publisher\":{\"@id\":\"https:\/\/www.loewen-apotheke24.com\/de\/#organization\"},\"potentialAction\":[{\"@type\":\"SearchAction\",\"target\":{\"@type\":\"EntryPoint\",\"urlTemplate\":\"https:\/\/www.loewen-apotheke24.com\/de\/?s={search_term_string}\"},\"query-input\":\"required name=search_term_string\"}],\"inLanguage\":\"de\"},{\"@type\":\"Organization\",\"@id\":\"https:\/\/www.loewen-apotheke24.com\/de\/#organization\",\"name\":\"L\u00f6wen Apotheke\",\"alternateName\":\"L\u00f6wen Apotheke\",\"url\":\"https:\/\/www.loewen-apotheke24.com\/de\/\",\"logo\":{\"@type\":\"ImageObject\",\"inLanguage\":\"de\",\"@id\":\"https:\/\/www.loewen-apotheke24.com\/de\/#\/schema\/logo\/image\/\",\"url\":\"https:\/\/www.loewen-apotheke24.com\/wp-content\/uploads\/2024\/02\/Logo-Loewen-Apotheke-700x700-1.png\",\"contentUrl\":\"https:\/\/www.loewen-apotheke24.com\/wp-content\/uploads\/2024\/02\/Logo-Loewen-Apotheke-700x700-1.png\",\"width\":700,\"height\":700,\"caption\":\"L\u00f6wen Apotheke\"},\"image\":{\"@id\":\"https:\/\/www.loewen-apotheke24.com\/de\/#\/schema\/logo\/image\/\"}}]}<\/script>\n<!-- \/ Yoast SEO Premium plugin. -->","yoast_head_json":{"title":"Wobenzym Tabletten 360 St - sofort lieferbar.","description":"Wobenzym Tabletten 360 St. bei Ihrer deutschen Online-Apotheke g\u00fcnstig bestellen. Verf\u00fcgbarkeit: sofort lieferbar. Schneller Versand und sichere Bestellung.","robots":{"index":"index","follow":"follow","max-snippet":"max-snippet:-1","max-image-preview":"max-image-preview:large","max-video-preview":"max-video-preview:-1"},"canonical":"https:\/\/www.loewen-apotheke24.com\/de\/shop\/angebot\/wobenzym-tabletten-360-st\/","og_locale":"de_DE","og_type":"article","og_title":"Wobenzym Tabletten 360 St - sofort lieferbar.","og_description":"Wobenzym Tabletten 360 St. bei Ihrer deutschen Online-Apotheke g\u00fcnstig bestellen. Verf\u00fcgbarkeit: sofort lieferbar. Schneller Versand und sichere Bestellung.","og_url":"https:\/\/www.loewen-apotheke24.com\/de\/shop\/angebot\/wobenzym-tabletten-360-st\/","og_site_name":"L\u00f6wen Apotheke24","article_modified_time":"2026-03-02T05:55:53+00:00","og_image":[{"width":600,"height":600,"url":"https:\/\/www.loewen-apotheke24.com\/wp-content\/uploads\/2022\/02\/WOBENZYM-Tabletten-360-St-13751854.webp","type":"image\/webp"}],"twitter_card":"summary_large_image","twitter_misc":{"Gesch\u00e4tzte Lesezeit":"1\u00a0Minute"},"schema":{"@context":"https:\/\/schema.org","@graph":[{"@type":"WebPage","@id":"https:\/\/www.loewen-apotheke24.com\/de\/shop\/angebot\/wobenzym-tabletten-360-st\/","url":"https:\/\/www.loewen-apotheke24.com\/de\/shop\/angebot\/wobenzym-tabletten-360-st\/","name":"Wobenzym Tabletten 360 St - sofort lieferbar.","isPartOf":{"@id":"https:\/\/www.loewen-apotheke24.com\/de\/#website"},"datePublished":"2022-02-19T06:35:24+00:00","dateModified":"2026-03-02T05:55:53+00:00","description":"Wobenzym Tabletten 360 St. bei Ihrer deutschen Online-Apotheke g\u00fcnstig bestellen. Verf\u00fcgbarkeit: sofort lieferbar. Schneller Versand und sichere Bestellung.","breadcrumb":{"@id":"https:\/\/www.loewen-apotheke24.com\/de\/shop\/angebot\/wobenzym-tabletten-360-st\/#breadcrumb"},"inLanguage":"de","potentialAction":[{"@type":"ReadAction","target":["https:\/\/www.loewen-apotheke24.com\/de\/shop\/angebot\/wobenzym-tabletten-360-st\/"]}]},{"@type":"BreadcrumbList","@id":"https:\/\/www.loewen-apotheke24.com\/de\/shop\/angebot\/wobenzym-tabletten-360-st\/#breadcrumb","itemListElement":[{"@type":"ListItem","position":1,"name":"Shop","item":"https:\/\/www.loewen-apotheke24.com\/de\/shop\/"},{"@type":"ListItem","position":2,"name":"Wobenzym Tabletten 360 St"}]},{"@type":"WebSite","@id":"https:\/\/www.loewen-apotheke24.com\/de\/#website","url":"https:\/\/www.loewen-apotheke24.com\/de\/","name":"L\u00f6wen Apotheke24","description":"Spezialist f\u00fcr Naturmedizin - Versandapotheke Baden-Baden","publisher":{"@id":"https:\/\/www.loewen-apotheke24.com\/de\/#organization"},"potentialAction":[{"@type":"SearchAction","target":{"@type":"EntryPoint","urlTemplate":"https:\/\/www.loewen-apotheke24.com\/de\/?s={search_term_string}"},"query-input":"required name=search_term_string"}],"inLanguage":"de"},{"@type":"Organization","@id":"https:\/\/www.loewen-apotheke24.com\/de\/#organization","name":"L\u00f6wen Apotheke","alternateName":"L\u00f6wen Apotheke","url":"https:\/\/www.loewen-apotheke24.com\/de\/","logo":{"@type":"ImageObject","inLanguage":"de","@id":"https:\/\/www.loewen-apotheke24.com\/de\/#\/schema\/logo\/image\/","url":"https:\/\/www.loewen-apotheke24.com\/wp-content\/uploads\/2024\/02\/Logo-Loewen-Apotheke-700x700-1.png","contentUrl":"https:\/\/www.loewen-apotheke24.com\/wp-content\/uploads\/2024\/02\/Logo-Loewen-Apotheke-700x700-1.png","width":700,"height":700,"caption":"L\u00f6wen Apotheke"},"image":{"@id":"https:\/\/www.loewen-apotheke24.com\/de\/#\/schema\/logo\/image\/"}}]}},"_links":{"self":[{"href":"https:\/\/www.loewen-apotheke24.com\/de\/wp-json\/wp\/v2\/product\/40876"}],"collection":[{"href":"https:\/\/www.loewen-apotheke24.com\/de\/wp-json\/wp\/v2\/product"}],"about":[{"href":"https:\/\/www.loewen-apotheke24.com\/de\/wp-json\/wp\/v2\/types\/product"}],"wp:featuredmedia":[{"embeddable":true,"href":"https:\/\/www.loewen-apotheke24.com\/de\/wp-json\/wp\/v2\/media\/103643"}],"wp:attachment":[{"href":"https:\/\/www.loewen-apotheke24.com\/de\/wp-json\/wp\/v2\/media?parent=40876"}],"wp:term":[{"taxonomy":"product_cat","embeddable":true,"href":"https:\/\/www.loewen-apotheke24.com\/de\/wp-json\/wp\/v2\/product_cat?post=40876"},{"taxonomy":"product_tag","embeddable":true,"href":"https:\/\/www.loewen-apotheke24.com\/de\/wp-json\/wp\/v2\/product_tag?post=40876"}],"curies":[{"name":"wp","href":"https:\/\/api.w.org\/{rel}","templated":true}]}}