{"id":40878,"date":"2022-02-19T07:20:45","date_gmt":"2022-02-19T06:20:45","guid":{"rendered":"https:\/\/www.loewen-apotheke24.com\/?post_type=product&#038;p=40878"},"modified":"2025-09-15T13:12:54","modified_gmt":"2025-09-15T12:12:54","slug":"bepanthen-wund-und-heilsalbe-100g-01578847","status":"publish","type":"product","link":"https:\/\/www.loewen-apotheke24.com\/de\/shop\/angebot\/bepanthen-wund-und-heilsalbe-100g-01578847\/","title":{"rendered":"Bepanthen Wund- und Heilsalbe 100g"},"content":{"rendered":"<h3 style=\"text-align: left;\">Bepanthen Wund- und Heilsalbe 100g<\/h3>\n<p>Bepanthen Wund- und Heilsalbe &#8211; Die Wund- und Heilsalbe unterst\u00fctzt die Heilung Windeldermatitis, bei rissigen Hautstellen, bei kleinen Wunden und als Tattoo Nachsorge. Der Wirkstoff Dexpanthenol unterst\u00fctzt die nat\u00fcrliche Wundheilung unterst\u00fctzt die Bildung von neuem, gesundem Hautgewebe.<\/p>\n<p>Inhaltsstoffe<br \/>\nWirkstoff: Dexpanthenol. 1g Salbe enth\u00e4lt 50mg Dexpanthenol.<\/p>\n<p>Die sonstigen Bestandteile sind: Gebleichtes Wachs, Dickfl\u00fcssiges Paraffin, D\u00fcnnfl\u00fcssiges Paraffin-Wei\u00dfes Vaselin-Ceresin-Glycerolmonooleate (veg.)-Wollwachsalkohole-Gemisch (Protegin X), gereinigtes Wasser, Cetylalkohol (Ph.Eur.), Mandel\u00f6l, Stearylalkohol (Ph.Eur.), Wei\u00dfes Vaselin, Wollwachs.<\/p>\n<p>Weitere Produktdetails beim <a href=\"https:\/\/www.bepanthen.de\/wund-und-heilsalbe\" target=\"_blank\" rel=\"noopener\">Hersteller<\/a>.<\/p>\n<p>Andere Kunden interessierten sich auch f\u00fcr Produkte zum Thema: <a href=\"https:\/\/www.loewen-apotheke24.com\/de\/product_tag\/reiseapotheke\/\">Reiseapotheke\u00a0<\/a><\/p>\n<p>Zu Risiken und Nebenwirkungen lesen Sie die Packungsbeilage und fragen Sie Ihren Arzt oder Apotheker.<\/p>\n","protected":false},"excerpt":{"rendered":"<h2>Bepanthen Wund- und Heilsalbe 100g<\/h2>\n<p>Bepanthen Wund- und Heilsalbe bei oberfl\u00e4chlichen Hautverletzungen wie kleinen Wunden und schuppig-rissigen Hautstellen.<\/p>\n<p><strong>PZN<\/strong>: 01578847 (Pharmazentralnummer)<\/p>\n<p><strong>Darreichungsform<\/strong>: Creme, Salbe<\/p>\n<p><strong>Verordnungsart<\/strong>: Rezeptfrei<\/p>\n<p><strong>Marke<\/strong>: Bepanthen<\/p>\n<p><strong>Hersteller<\/strong>: Bayer Vital GmbH<\/p>\n<p><strong>Packungsgr\u00f6\u00dfe<\/strong>: 100 g<\/p>\n","protected":false},"featured_media":103784,"template":"","meta":[],"product_cat":[13,1015,43],"product_tag":[458,406,470,459],"yoast_head":"<!-- This site is optimized with the Yoast SEO Premium plugin v21.0 (Yoast SEO v21.0) - https:\/\/yoast.com\/wordpress\/plugins\/seo\/ -->\n<title>Bepanthen Wund- und Heilsalbe 100g - L\u00f6wen Apotheke24<\/title>\n<meta name=\"description\" content=\"L\u00f6wen Apotheke24 - Spezialist f\u00fcr Naturheilkunde - kurze Lieferzeit - gratis Lieferung ab 30 \u20ac - Bepanthen Wund- und Heilsalbe 100g\" \/>\n<meta name=\"robots\" content=\"index, follow, max-snippet:-1, max-image-preview:large, max-video-preview:-1\" \/>\n<link rel=\"canonical\" href=\"https:\/\/www.loewen-apotheke24.com\/de\/shop\/angebot\/bepanthen-wund-und-heilsalbe-100g-01578847\/\" \/>\n<meta property=\"og:locale\" content=\"de_DE\" \/>\n<meta property=\"og:type\" content=\"article\" \/>\n<meta property=\"og:title\" content=\"Bepanthen Wund- und Heilsalbe 100g - L\u00f6wen Apotheke24\" \/>\n<meta property=\"og:description\" content=\"L\u00f6wen Apotheke24 - Spezialist f\u00fcr Naturheilkunde - kurze Lieferzeit - gratis Lieferung ab 30 \u20ac - Bepanthen Wund- und Heilsalbe 100g\" \/>\n<meta property=\"og:url\" content=\"https:\/\/www.loewen-apotheke24.com\/de\/shop\/angebot\/bepanthen-wund-und-heilsalbe-100g-01578847\/\" \/>\n<meta property=\"og:site_name\" content=\"L\u00f6wen Apotheke24\" \/>\n<meta property=\"article:modified_time\" content=\"2025-09-15T12:12:54+00:00\" \/>\n<meta property=\"og:image\" content=\"https:\/\/www.loewen-apotheke24.com\/wp-content\/uploads\/2022\/02\/Bepanthen-Wund-und-Heilsalbe-100g-PZN-01578847.webp\" \/>\n\t<meta property=\"og:image:width\" content=\"600\" \/>\n\t<meta property=\"og:image:height\" content=\"600\" \/>\n\t<meta property=\"og:image:type\" content=\"image\/webp\" \/>\n<meta name=\"twitter:card\" content=\"summary_large_image\" \/>\n<meta name=\"twitter:label1\" content=\"Gesch\u00e4tzte Lesezeit\" \/>\n\t<meta name=\"twitter:data1\" content=\"1\u00a0Minute\" \/>\n<script type=\"application\/ld+json\" class=\"yoast-schema-graph\">{\"@context\":\"https:\/\/schema.org\",\"@graph\":[{\"@type\":\"WebPage\",\"@id\":\"https:\/\/www.loewen-apotheke24.com\/de\/shop\/angebot\/bepanthen-wund-und-heilsalbe-100g-01578847\/\",\"url\":\"https:\/\/www.loewen-apotheke24.com\/de\/shop\/angebot\/bepanthen-wund-und-heilsalbe-100g-01578847\/\",\"name\":\"Bepanthen Wund- und Heilsalbe 100g - L\u00f6wen Apotheke24\",\"isPartOf\":{\"@id\":\"https:\/\/www.loewen-apotheke24.com\/de\/#website\"},\"datePublished\":\"2022-02-19T06:20:45+00:00\",\"dateModified\":\"2025-09-15T12:12:54+00:00\",\"description\":\"L\u00f6wen Apotheke24 - Spezialist f\u00fcr Naturheilkunde - kurze Lieferzeit - gratis Lieferung ab 30 \u20ac - Bepanthen Wund- und Heilsalbe 100g\",\"breadcrumb\":{\"@id\":\"https:\/\/www.loewen-apotheke24.com\/de\/shop\/angebot\/bepanthen-wund-und-heilsalbe-100g-01578847\/#breadcrumb\"},\"inLanguage\":\"de\",\"potentialAction\":[{\"@type\":\"ReadAction\",\"target\":[\"https:\/\/www.loewen-apotheke24.com\/de\/shop\/angebot\/bepanthen-wund-und-heilsalbe-100g-01578847\/\"]}]},{\"@type\":\"BreadcrumbList\",\"@id\":\"https:\/\/www.loewen-apotheke24.com\/de\/shop\/angebot\/bepanthen-wund-und-heilsalbe-100g-01578847\/#breadcrumb\",\"itemListElement\":[{\"@type\":\"ListItem\",\"position\":1,\"name\":\"Shop\",\"item\":\"https:\/\/www.loewen-apotheke24.com\/de\/shop\/\"},{\"@type\":\"ListItem\",\"position\":2,\"name\":\"Bepanthen Wund- und Heilsalbe 100g\"}]},{\"@type\":\"WebSite\",\"@id\":\"https:\/\/www.loewen-apotheke24.com\/de\/#website\",\"url\":\"https:\/\/www.loewen-apotheke24.com\/de\/\",\"name\":\"L\u00f6wen Apotheke24\",\"description\":\"Spezialist f\u00fcr Naturmedizin - Versandapotheke Baden-Baden\",\"publisher\":{\"@id\":\"https:\/\/www.loewen-apotheke24.com\/de\/#organization\"},\"potentialAction\":[{\"@type\":\"SearchAction\",\"target\":{\"@type\":\"EntryPoint\",\"urlTemplate\":\"https:\/\/www.loewen-apotheke24.com\/de\/?s={search_term_string}\"},\"query-input\":\"required name=search_term_string\"}],\"inLanguage\":\"de\"},{\"@type\":\"Organization\",\"@id\":\"https:\/\/www.loewen-apotheke24.com\/de\/#organization\",\"name\":\"L\u00f6wen Apotheke\",\"alternateName\":\"L\u00f6wen Apotheke\",\"url\":\"https:\/\/www.loewen-apotheke24.com\/de\/\",\"logo\":{\"@type\":\"ImageObject\",\"inLanguage\":\"de\",\"@id\":\"https:\/\/www.loewen-apotheke24.com\/de\/#\/schema\/logo\/image\/\",\"url\":\"https:\/\/www.loewen-apotheke24.com\/wp-content\/uploads\/2024\/02\/Logo-Loewen-Apotheke-700x700-1.png\",\"contentUrl\":\"https:\/\/www.loewen-apotheke24.com\/wp-content\/uploads\/2024\/02\/Logo-Loewen-Apotheke-700x700-1.png\",\"width\":700,\"height\":700,\"caption\":\"L\u00f6wen Apotheke\"},\"image\":{\"@id\":\"https:\/\/www.loewen-apotheke24.com\/de\/#\/schema\/logo\/image\/\"}}]}<\/script>\n<!-- \/ Yoast SEO Premium plugin. -->","yoast_head_json":{"title":"Bepanthen Wund- und Heilsalbe 100g - L\u00f6wen Apotheke24","description":"L\u00f6wen Apotheke24 - Spezialist f\u00fcr Naturheilkunde - kurze Lieferzeit - gratis Lieferung ab 30 \u20ac - Bepanthen Wund- und Heilsalbe 100g","robots":{"index":"index","follow":"follow","max-snippet":"max-snippet:-1","max-image-preview":"max-image-preview:large","max-video-preview":"max-video-preview:-1"},"canonical":"https:\/\/www.loewen-apotheke24.com\/de\/shop\/angebot\/bepanthen-wund-und-heilsalbe-100g-01578847\/","og_locale":"de_DE","og_type":"article","og_title":"Bepanthen Wund- und Heilsalbe 100g - L\u00f6wen Apotheke24","og_description":"L\u00f6wen Apotheke24 - Spezialist f\u00fcr Naturheilkunde - kurze Lieferzeit - gratis Lieferung ab 30 \u20ac - Bepanthen Wund- und Heilsalbe 100g","og_url":"https:\/\/www.loewen-apotheke24.com\/de\/shop\/angebot\/bepanthen-wund-und-heilsalbe-100g-01578847\/","og_site_name":"L\u00f6wen Apotheke24","article_modified_time":"2025-09-15T12:12:54+00:00","og_image":[{"width":600,"height":600,"url":"https:\/\/www.loewen-apotheke24.com\/wp-content\/uploads\/2022\/02\/Bepanthen-Wund-und-Heilsalbe-100g-PZN-01578847.webp","type":"image\/webp"}],"twitter_card":"summary_large_image","twitter_misc":{"Gesch\u00e4tzte Lesezeit":"1\u00a0Minute"},"schema":{"@context":"https:\/\/schema.org","@graph":[{"@type":"WebPage","@id":"https:\/\/www.loewen-apotheke24.com\/de\/shop\/angebot\/bepanthen-wund-und-heilsalbe-100g-01578847\/","url":"https:\/\/www.loewen-apotheke24.com\/de\/shop\/angebot\/bepanthen-wund-und-heilsalbe-100g-01578847\/","name":"Bepanthen Wund- und Heilsalbe 100g - L\u00f6wen Apotheke24","isPartOf":{"@id":"https:\/\/www.loewen-apotheke24.com\/de\/#website"},"datePublished":"2022-02-19T06:20:45+00:00","dateModified":"2025-09-15T12:12:54+00:00","description":"L\u00f6wen Apotheke24 - Spezialist f\u00fcr Naturheilkunde - kurze Lieferzeit - gratis Lieferung ab 30 \u20ac - Bepanthen Wund- und Heilsalbe 100g","breadcrumb":{"@id":"https:\/\/www.loewen-apotheke24.com\/de\/shop\/angebot\/bepanthen-wund-und-heilsalbe-100g-01578847\/#breadcrumb"},"inLanguage":"de","potentialAction":[{"@type":"ReadAction","target":["https:\/\/www.loewen-apotheke24.com\/de\/shop\/angebot\/bepanthen-wund-und-heilsalbe-100g-01578847\/"]}]},{"@type":"BreadcrumbList","@id":"https:\/\/www.loewen-apotheke24.com\/de\/shop\/angebot\/bepanthen-wund-und-heilsalbe-100g-01578847\/#breadcrumb","itemListElement":[{"@type":"ListItem","position":1,"name":"Shop","item":"https:\/\/www.loewen-apotheke24.com\/de\/shop\/"},{"@type":"ListItem","position":2,"name":"Bepanthen Wund- und Heilsalbe 100g"}]},{"@type":"WebSite","@id":"https:\/\/www.loewen-apotheke24.com\/de\/#website","url":"https:\/\/www.loewen-apotheke24.com\/de\/","name":"L\u00f6wen Apotheke24","description":"Spezialist f\u00fcr Naturmedizin - Versandapotheke Baden-Baden","publisher":{"@id":"https:\/\/www.loewen-apotheke24.com\/de\/#organization"},"potentialAction":[{"@type":"SearchAction","target":{"@type":"EntryPoint","urlTemplate":"https:\/\/www.loewen-apotheke24.com\/de\/?s={search_term_string}"},"query-input":"required name=search_term_string"}],"inLanguage":"de"},{"@type":"Organization","@id":"https:\/\/www.loewen-apotheke24.com\/de\/#organization","name":"L\u00f6wen Apotheke","alternateName":"L\u00f6wen Apotheke","url":"https:\/\/www.loewen-apotheke24.com\/de\/","logo":{"@type":"ImageObject","inLanguage":"de","@id":"https:\/\/www.loewen-apotheke24.com\/de\/#\/schema\/logo\/image\/","url":"https:\/\/www.loewen-apotheke24.com\/wp-content\/uploads\/2024\/02\/Logo-Loewen-Apotheke-700x700-1.png","contentUrl":"https:\/\/www.loewen-apotheke24.com\/wp-content\/uploads\/2024\/02\/Logo-Loewen-Apotheke-700x700-1.png","width":700,"height":700,"caption":"L\u00f6wen Apotheke"},"image":{"@id":"https:\/\/www.loewen-apotheke24.com\/de\/#\/schema\/logo\/image\/"}}]}},"_links":{"self":[{"href":"https:\/\/www.loewen-apotheke24.com\/de\/wp-json\/wp\/v2\/product\/40878"}],"collection":[{"href":"https:\/\/www.loewen-apotheke24.com\/de\/wp-json\/wp\/v2\/product"}],"about":[{"href":"https:\/\/www.loewen-apotheke24.com\/de\/wp-json\/wp\/v2\/types\/product"}],"wp:featuredmedia":[{"embeddable":true,"href":"https:\/\/www.loewen-apotheke24.com\/de\/wp-json\/wp\/v2\/media\/103784"}],"wp:attachment":[{"href":"https:\/\/www.loewen-apotheke24.com\/de\/wp-json\/wp\/v2\/media?parent=40878"}],"wp:term":[{"taxonomy":"product_cat","embeddable":true,"href":"https:\/\/www.loewen-apotheke24.com\/de\/wp-json\/wp\/v2\/product_cat?post=40878"},{"taxonomy":"product_tag","embeddable":true,"href":"https:\/\/www.loewen-apotheke24.com\/de\/wp-json\/wp\/v2\/product_tag?post=40878"}],"curies":[{"name":"wp","href":"https:\/\/api.w.org\/{rel}","templated":true}]}}