{"id":40885,"date":"2022-02-17T16:09:29","date_gmt":"2022-02-17T15:09:29","guid":{"rendered":"https:\/\/www.loewen-apotheke24.com\/?post_type=product&#038;p=40885"},"modified":"2026-04-01T11:16:57","modified_gmt":"2026-04-01T10:16:57","slug":"ibu-ratiopharm-ibuprofen-400-mg-akut-schmerztabletten-10019621","status":"publish","type":"product","link":"https:\/\/www.loewen-apotheke24.com\/de\/shop\/marke\/ibu-ratiopharm-ibuprofen-400-mg-akut-schmerztabletten-10019621\/","title":{"rendered":"IBU ratiopharm 400 mg akut Schmerztabletten"},"content":{"rendered":"<h3 style=\"text-align: left;\">Ibuprofen 400mg &#8211; IBU ratiopharm 400 mg akut Schmerztabletten<\/h3>\n<p>Akute Hilfe bei akuten Schmerzen &#8211; Ibu ratiopharm.<\/p>\n<p>F\u00fcr leichte bis m\u00e4\u00dfig starke Schmerzen<br \/>\n-Bei Kopf-, Zahn- und Regelschmerzen<br \/>\n-Bek\u00e4mpft Entz\u00fcndungen und Fieber<\/p>\n<p>Teilbare Tablette f\u00fcr eine einfache Dosierung. Frei von Laktose, Gluten &amp; tierischen Bestandteilen<\/p>\n<p>Weitere Produktdetails finden Sie beim <a href=\"https:\/\/www.ratiopharm.de\/produkte\/details\/praeparate\/praeparatedaten\/detail\/pzn-266011.html\" target=\"_blank\" rel=\"noopener\">Hersteller<\/a>.<\/p>\n<p>Diese <a href=\"https:\/\/www.loewen-apotheke24.com\/de\/product_tag\/schmerzen\/\">Produkte<\/a> helfen bei \u00e4hnlichen Symptomen.<\/p>\n<p>Zu Risiken und Nebenwirkungen lesen Sie die Packungsbeilage und fragen Sie Ihren Arzt oder Apotheker.<\/p>\n","protected":false},"excerpt":{"rendered":"<h2>IBU ratiopharm 400 mg akut Schmerztabletten<\/h2>\n<p>Ibuprofen 400mg zur Anwendung bei leichten bis m\u00e4\u00dfig starken Schmerzen wie Kopfschmerzen, Zahnschmerzen, Regelschmerzen und Fieber.<\/p>\n<p><strong>PZN<\/strong>: 10019621 (Pharmazentralnummer)<\/p>\n<p><strong>Darreichungsform<\/strong>: Filmtabletten<\/p>\n<p><strong>Verordnungsart<\/strong>: Rezeptfrei<\/p>\n<p><strong>Marke<\/strong>: ratiopharm<\/p>\n<p><strong>Hersteller<\/strong>: ratiopharm GmbH<\/p>\n<p><strong>Packungsgr\u00f6\u00dfe<\/strong>: 50 St.<\/p>\n","protected":false},"featured_media":108373,"template":"","meta":[],"product_cat":[43,1013],"product_tag":[426,372,473,214,457,470,371,456],"yoast_head":"<!-- This site is optimized with the Yoast SEO Premium plugin v21.0 (Yoast SEO v21.0) - https:\/\/yoast.com\/wordpress\/plugins\/seo\/ -->\n<title>IBU ratiopharm 400 mg akut Schmerztabletten - L\u00f6wen Apotheke24<\/title>\n<meta name=\"description\" content=\"L\u00f6wen Apotheke24 - Spezialist f\u00fcr Naturheilkunde - kurze Lieferzeit - gratis Lieferung ab 30 \u20ac - Ibuprofen 400mg - IBU ratiopharm 400 mg akut\" \/>\n<meta name=\"robots\" content=\"index, follow, max-snippet:-1, max-image-preview:large, max-video-preview:-1\" \/>\n<link rel=\"canonical\" href=\"https:\/\/www.loewen-apotheke24.com\/de\/shop\/marke\/ibu-ratiopharm-ibuprofen-400-mg-akut-schmerztabletten-10019621\/\" \/>\n<meta property=\"og:locale\" content=\"de_DE\" \/>\n<meta property=\"og:type\" content=\"article\" \/>\n<meta property=\"og:title\" content=\"IBU ratiopharm 400 mg akut Schmerztabletten - L\u00f6wen Apotheke24\" \/>\n<meta property=\"og:description\" content=\"L\u00f6wen Apotheke24 - Spezialist f\u00fcr Naturheilkunde - kurze Lieferzeit - gratis Lieferung ab 30 \u20ac - Ibuprofen 400mg - IBU ratiopharm 400 mg akut\" \/>\n<meta property=\"og:url\" content=\"https:\/\/www.loewen-apotheke24.com\/de\/shop\/marke\/ibu-ratiopharm-ibuprofen-400-mg-akut-schmerztabletten-10019621\/\" \/>\n<meta property=\"og:site_name\" content=\"L\u00f6wen Apotheke24\" \/>\n<meta property=\"article:modified_time\" content=\"2026-04-01T10:16:57+00:00\" \/>\n<meta property=\"og:image\" content=\"https:\/\/www.loewen-apotheke24.com\/wp-content\/uploads\/2022\/02\/D00266040-p1-IBU.webp\" \/>\n\t<meta property=\"og:image:width\" content=\"400\" \/>\n\t<meta property=\"og:image:height\" content=\"400\" \/>\n\t<meta property=\"og:image:type\" content=\"image\/webp\" \/>\n<meta name=\"twitter:card\" content=\"summary_large_image\" \/>\n<meta name=\"twitter:label1\" content=\"Gesch\u00e4tzte Lesezeit\" \/>\n\t<meta name=\"twitter:data1\" content=\"1\u00a0Minute\" \/>\n<script type=\"application\/ld+json\" class=\"yoast-schema-graph\">{\"@context\":\"https:\/\/schema.org\",\"@graph\":[{\"@type\":\"WebPage\",\"@id\":\"https:\/\/www.loewen-apotheke24.com\/de\/shop\/marke\/ibu-ratiopharm-ibuprofen-400-mg-akut-schmerztabletten-10019621\/\",\"url\":\"https:\/\/www.loewen-apotheke24.com\/de\/shop\/marke\/ibu-ratiopharm-ibuprofen-400-mg-akut-schmerztabletten-10019621\/\",\"name\":\"IBU ratiopharm 400 mg akut Schmerztabletten - L\u00f6wen Apotheke24\",\"isPartOf\":{\"@id\":\"https:\/\/www.loewen-apotheke24.com\/de\/#website\"},\"datePublished\":\"2022-02-17T15:09:29+00:00\",\"dateModified\":\"2026-04-01T10:16:57+00:00\",\"description\":\"L\u00f6wen Apotheke24 - Spezialist f\u00fcr Naturheilkunde - kurze Lieferzeit - gratis Lieferung ab 30 \u20ac - Ibuprofen 400mg - IBU ratiopharm 400 mg akut\",\"breadcrumb\":{\"@id\":\"https:\/\/www.loewen-apotheke24.com\/de\/shop\/marke\/ibu-ratiopharm-ibuprofen-400-mg-akut-schmerztabletten-10019621\/#breadcrumb\"},\"inLanguage\":\"de\",\"potentialAction\":[{\"@type\":\"ReadAction\",\"target\":[\"https:\/\/www.loewen-apotheke24.com\/de\/shop\/marke\/ibu-ratiopharm-ibuprofen-400-mg-akut-schmerztabletten-10019621\/\"]}]},{\"@type\":\"BreadcrumbList\",\"@id\":\"https:\/\/www.loewen-apotheke24.com\/de\/shop\/marke\/ibu-ratiopharm-ibuprofen-400-mg-akut-schmerztabletten-10019621\/#breadcrumb\",\"itemListElement\":[{\"@type\":\"ListItem\",\"position\":1,\"name\":\"Shop\",\"item\":\"https:\/\/www.loewen-apotheke24.com\/de\/shop\/\"},{\"@type\":\"ListItem\",\"position\":2,\"name\":\"IBU ratiopharm 400 mg akut Schmerztabletten\"}]},{\"@type\":\"WebSite\",\"@id\":\"https:\/\/www.loewen-apotheke24.com\/de\/#website\",\"url\":\"https:\/\/www.loewen-apotheke24.com\/de\/\",\"name\":\"L\u00f6wen Apotheke24\",\"description\":\"Spezialist f\u00fcr Naturmedizin - Versandapotheke Baden-Baden\",\"publisher\":{\"@id\":\"https:\/\/www.loewen-apotheke24.com\/de\/#organization\"},\"potentialAction\":[{\"@type\":\"SearchAction\",\"target\":{\"@type\":\"EntryPoint\",\"urlTemplate\":\"https:\/\/www.loewen-apotheke24.com\/de\/?s={search_term_string}\"},\"query-input\":\"required name=search_term_string\"}],\"inLanguage\":\"de\"},{\"@type\":\"Organization\",\"@id\":\"https:\/\/www.loewen-apotheke24.com\/de\/#organization\",\"name\":\"L\u00f6wen Apotheke\",\"alternateName\":\"L\u00f6wen Apotheke\",\"url\":\"https:\/\/www.loewen-apotheke24.com\/de\/\",\"logo\":{\"@type\":\"ImageObject\",\"inLanguage\":\"de\",\"@id\":\"https:\/\/www.loewen-apotheke24.com\/de\/#\/schema\/logo\/image\/\",\"url\":\"https:\/\/www.loewen-apotheke24.com\/wp-content\/uploads\/2024\/02\/Logo-Loewen-Apotheke-700x700-1.png\",\"contentUrl\":\"https:\/\/www.loewen-apotheke24.com\/wp-content\/uploads\/2024\/02\/Logo-Loewen-Apotheke-700x700-1.png\",\"width\":700,\"height\":700,\"caption\":\"L\u00f6wen Apotheke\"},\"image\":{\"@id\":\"https:\/\/www.loewen-apotheke24.com\/de\/#\/schema\/logo\/image\/\"}}]}<\/script>\n<!-- \/ Yoast SEO Premium plugin. -->","yoast_head_json":{"title":"IBU ratiopharm 400 mg akut Schmerztabletten - L\u00f6wen Apotheke24","description":"L\u00f6wen Apotheke24 - Spezialist f\u00fcr Naturheilkunde - kurze Lieferzeit - gratis Lieferung ab 30 \u20ac - Ibuprofen 400mg - IBU ratiopharm 400 mg akut","robots":{"index":"index","follow":"follow","max-snippet":"max-snippet:-1","max-image-preview":"max-image-preview:large","max-video-preview":"max-video-preview:-1"},"canonical":"https:\/\/www.loewen-apotheke24.com\/de\/shop\/marke\/ibu-ratiopharm-ibuprofen-400-mg-akut-schmerztabletten-10019621\/","og_locale":"de_DE","og_type":"article","og_title":"IBU ratiopharm 400 mg akut Schmerztabletten - L\u00f6wen Apotheke24","og_description":"L\u00f6wen Apotheke24 - Spezialist f\u00fcr Naturheilkunde - kurze Lieferzeit - gratis Lieferung ab 30 \u20ac - Ibuprofen 400mg - IBU ratiopharm 400 mg akut","og_url":"https:\/\/www.loewen-apotheke24.com\/de\/shop\/marke\/ibu-ratiopharm-ibuprofen-400-mg-akut-schmerztabletten-10019621\/","og_site_name":"L\u00f6wen Apotheke24","article_modified_time":"2026-04-01T10:16:57+00:00","og_image":[{"width":400,"height":400,"url":"https:\/\/www.loewen-apotheke24.com\/wp-content\/uploads\/2022\/02\/D00266040-p1-IBU.webp","type":"image\/webp"}],"twitter_card":"summary_large_image","twitter_misc":{"Gesch\u00e4tzte Lesezeit":"1\u00a0Minute"},"schema":{"@context":"https:\/\/schema.org","@graph":[{"@type":"WebPage","@id":"https:\/\/www.loewen-apotheke24.com\/de\/shop\/marke\/ibu-ratiopharm-ibuprofen-400-mg-akut-schmerztabletten-10019621\/","url":"https:\/\/www.loewen-apotheke24.com\/de\/shop\/marke\/ibu-ratiopharm-ibuprofen-400-mg-akut-schmerztabletten-10019621\/","name":"IBU ratiopharm 400 mg akut Schmerztabletten - L\u00f6wen Apotheke24","isPartOf":{"@id":"https:\/\/www.loewen-apotheke24.com\/de\/#website"},"datePublished":"2022-02-17T15:09:29+00:00","dateModified":"2026-04-01T10:16:57+00:00","description":"L\u00f6wen Apotheke24 - Spezialist f\u00fcr Naturheilkunde - kurze Lieferzeit - gratis Lieferung ab 30 \u20ac - Ibuprofen 400mg - IBU ratiopharm 400 mg akut","breadcrumb":{"@id":"https:\/\/www.loewen-apotheke24.com\/de\/shop\/marke\/ibu-ratiopharm-ibuprofen-400-mg-akut-schmerztabletten-10019621\/#breadcrumb"},"inLanguage":"de","potentialAction":[{"@type":"ReadAction","target":["https:\/\/www.loewen-apotheke24.com\/de\/shop\/marke\/ibu-ratiopharm-ibuprofen-400-mg-akut-schmerztabletten-10019621\/"]}]},{"@type":"BreadcrumbList","@id":"https:\/\/www.loewen-apotheke24.com\/de\/shop\/marke\/ibu-ratiopharm-ibuprofen-400-mg-akut-schmerztabletten-10019621\/#breadcrumb","itemListElement":[{"@type":"ListItem","position":1,"name":"Shop","item":"https:\/\/www.loewen-apotheke24.com\/de\/shop\/"},{"@type":"ListItem","position":2,"name":"IBU ratiopharm 400 mg akut Schmerztabletten"}]},{"@type":"WebSite","@id":"https:\/\/www.loewen-apotheke24.com\/de\/#website","url":"https:\/\/www.loewen-apotheke24.com\/de\/","name":"L\u00f6wen Apotheke24","description":"Spezialist f\u00fcr Naturmedizin - Versandapotheke Baden-Baden","publisher":{"@id":"https:\/\/www.loewen-apotheke24.com\/de\/#organization"},"potentialAction":[{"@type":"SearchAction","target":{"@type":"EntryPoint","urlTemplate":"https:\/\/www.loewen-apotheke24.com\/de\/?s={search_term_string}"},"query-input":"required name=search_term_string"}],"inLanguage":"de"},{"@type":"Organization","@id":"https:\/\/www.loewen-apotheke24.com\/de\/#organization","name":"L\u00f6wen Apotheke","alternateName":"L\u00f6wen Apotheke","url":"https:\/\/www.loewen-apotheke24.com\/de\/","logo":{"@type":"ImageObject","inLanguage":"de","@id":"https:\/\/www.loewen-apotheke24.com\/de\/#\/schema\/logo\/image\/","url":"https:\/\/www.loewen-apotheke24.com\/wp-content\/uploads\/2024\/02\/Logo-Loewen-Apotheke-700x700-1.png","contentUrl":"https:\/\/www.loewen-apotheke24.com\/wp-content\/uploads\/2024\/02\/Logo-Loewen-Apotheke-700x700-1.png","width":700,"height":700,"caption":"L\u00f6wen Apotheke"},"image":{"@id":"https:\/\/www.loewen-apotheke24.com\/de\/#\/schema\/logo\/image\/"}}]}},"_links":{"self":[{"href":"https:\/\/www.loewen-apotheke24.com\/de\/wp-json\/wp\/v2\/product\/40885"}],"collection":[{"href":"https:\/\/www.loewen-apotheke24.com\/de\/wp-json\/wp\/v2\/product"}],"about":[{"href":"https:\/\/www.loewen-apotheke24.com\/de\/wp-json\/wp\/v2\/types\/product"}],"wp:featuredmedia":[{"embeddable":true,"href":"https:\/\/www.loewen-apotheke24.com\/de\/wp-json\/wp\/v2\/media\/108373"}],"wp:attachment":[{"href":"https:\/\/www.loewen-apotheke24.com\/de\/wp-json\/wp\/v2\/media?parent=40885"}],"wp:term":[{"taxonomy":"product_cat","embeddable":true,"href":"https:\/\/www.loewen-apotheke24.com\/de\/wp-json\/wp\/v2\/product_cat?post=40885"},{"taxonomy":"product_tag","embeddable":true,"href":"https:\/\/www.loewen-apotheke24.com\/de\/wp-json\/wp\/v2\/product_tag?post=40885"}],"curies":[{"name":"wp","href":"https:\/\/api.w.org\/{rel}","templated":true}]}}