{"id":41114,"date":"2022-02-21T16:05:20","date_gmt":"2022-02-21T15:05:20","guid":{"rendered":"https:\/\/www.loewen-apotheke24.com\/?post_type=product&#038;p=41114"},"modified":"2024-12-14T06:26:52","modified_gmt":"2024-12-14T05:26:52","slug":"tebonin-intens-120-mg-filmtabletten-60-st","status":"publish","type":"product","link":"https:\/\/www.loewen-apotheke24.com\/de\/shop\/schwabe\/tebonin-intens-120-mg-filmtabletten-60-st\/","title":{"rendered":"Tebonin intens 120 mg Filmtabletten 60 St."},"content":{"rendered":"<h2 style=\"text-align: left;\">Tebonin intens 120 mg Filmtabletten 60 St.<\/h2>\n<p>Tebonin intens 120 mg Filmtabletten ist ein hochwertiges pflanzliches Arzneimittel, das zur Behandlung von Vergesslichkeit und Konzentrationsschw\u00e4che im Alter, bestimmten Formen von Schwindel sowie Ohrger\u00e4uschen und Tinnitus eingesetzt wird.<\/p>\n<p>Andere Produkt &amp; Packungsgr\u00f6\u00dfen: <a href=\"https:\/\/www.loewen-apotheke24.com\/de\/shop\/schwabe\/tebonin-intens-120-mg\/\">Tebonin<\/a><\/p>\n<p><a href=\"https:\/\/tebonin.de\/ueber-tebonin.html\" target=\"_blank\" rel=\"noopener noreferrer\">Hier <\/a>finden Sie weitere Informationen zum Produkt.<\/p>\n<p>Die Dr. Willmar Schwabe GmbH &amp; Co. KG ist das Mutterunternehmen der Schwabe-Gruppe und wird auch als Unternehmensgruppe Schwabe oder Schwabe-Konzern bezeichnet. Das Pharmaunternehmen wurde 1865 in Leipzig gegr\u00fcndet. Der Hauptsitz wurde 1946 nach Karlsruhe verlegt. Schwerpunkt des Konzerns ist die Gesundheits- und die pharmazeutische Industrie mit einer Spezialisierung auf Heilpflanzenkunde und Hom\u00f6opathie beruhende Fertigarzneimittel, den Phytopharmaka bzw. Hom\u00f6opathika, Nahrungserg\u00e4nzungsmittel heilpflanzlichen Ursprungs sowie Zusatzleistungen f\u00fcr eine ganzheitliche Gesundheitsvorsorge und Selbsthilfe, wie z. B. Trainingsprogramme f\u00fcr mentale und k\u00f6rperliche Fitness. Dazu geh\u00f6ren u.a. die Marken Tebonin, Umckaloabo.<\/p>\n<p>Das Heilen mithilfe von Pflanzen bzw. Pflanzenteilen hat in vielen Kulturen auf der ganzen Welt eine lange Tradition. Bei Dr. Willmar Schwabe ist von den nat\u00fcrlichen Heilkr\u00e4ften der Pflanzen fasziniert und davon \u00fcberzeugt, dass die Natur viele wichtige Wirkstoffe f\u00fcr uns bereith\u00e4lt.<\/p>\n<p>Andere Produkte von\u00a0<a href=\"https:\/\/www.loewen-apotheke24.com\/de\/product_cat\/schwabe\/\">Dr. Schwabe in unserem Sortiment.<\/a><\/p>\n<p>Zu Risiken und Nebenwirkungen lesen Sie die Packungsbeilage und fragen Sie Ihren Arzt oder Apotheker.<\/p>\n<h3 style=\"text-align: left;\">Rezept | E-Rezept vorhanden?<\/h3>\n<p>Reichen Sie jetzt Ihr E-Rezept ein. Nutzen Sie unsere <a href=\"https:\/\/e-rezept-app.de\/shop-rezept\" target=\"_blank\" rel=\"noopener\">E-Rezept<\/a> App. Und wir schenken Ihnen die Versandkosten!<\/p>\n","protected":false},"excerpt":{"rendered":"<div class=\"rating__wrap\">\n<h2 style=\"text-align: left;\">Tebonin intens 120 mg Filmtabletten<\/h2>\n<p>Tebonin intens 120 mg. Bei Schwindelbeschwerden durchblutungs- oder altersbedingter Ursache.<\/p>\n<p><strong>PZN<\/strong>: 07682356 (Pharmazentralnummer)<\/p>\n<p><strong>Darreichungsform<\/strong>: Filmtabletten &#8211; 60 St\u00fcck<\/p>\n<p><strong>Verordnungsart<\/strong>: Rezeptfrei<\/p>\n<p><strong>Marke<\/strong>: Tebonin intens<\/p>\n<p><strong>Hersteller<\/strong>: Dr.Willmar Schwabe GmbH &amp; Co.KG<\/p>\n<p><strong>Andere Produkt &amp; Packungsgr\u00f6\u00dfen<\/strong>: <a href=\"https:\/\/www.loewen-apotheke24.com\/de\/shop\/schwabe\/tebonin-intens-120-mg\/\">Tebonin<\/a><\/p>\n<\/div>\n","protected":false},"featured_media":41116,"template":"","meta":[],"product_cat":[358],"product_tag":[266,359,364,170,360,362,363,361],"yoast_head":"<!-- This site is optimized with the Yoast SEO Premium plugin v21.0 (Yoast SEO v21.0) - https:\/\/yoast.com\/wordpress\/plugins\/seo\/ -->\n<title>Tebonin intens 120 mg Filmtabletten 200 St. | g\u00fcnstig kaufen<\/title>\n<meta name=\"description\" content=\"Bei Schwindelbeschwerden durchblutungs- oder altersbedingter Ursache. Tebonin intens 120 mg Filmtabletten 60 St. Dr.W. Schwabe. Verf\u00fcgbarkeit: auf Lager.\" \/>\n<meta name=\"robots\" content=\"index, follow, max-snippet:-1, max-image-preview:large, max-video-preview:-1\" \/>\n<link rel=\"canonical\" href=\"https:\/\/www.loewen-apotheke24.com\/de\/shop\/schwabe\/tebonin-intens-120-mg-filmtabletten-60-st\/\" \/>\n<meta property=\"og:locale\" content=\"de_DE\" \/>\n<meta property=\"og:type\" content=\"article\" \/>\n<meta property=\"og:title\" content=\"Tebonin intens 120 mg Filmtabletten 200 St. | g\u00fcnstig kaufen\" \/>\n<meta property=\"og:description\" content=\"Bei Schwindelbeschwerden durchblutungs- oder altersbedingter Ursache. Tebonin intens 120 mg Filmtabletten 60 St. Dr.W. Schwabe. Verf\u00fcgbarkeit: auf Lager.\" \/>\n<meta property=\"og:url\" content=\"https:\/\/www.loewen-apotheke24.com\/de\/shop\/schwabe\/tebonin-intens-120-mg-filmtabletten-60-st\/\" \/>\n<meta property=\"og:site_name\" content=\"L\u00f6wen Apotheke24\" \/>\n<meta property=\"article:modified_time\" content=\"2024-12-14T05:26:52+00:00\" \/>\n<meta property=\"og:image\" content=\"https:\/\/www.loewen-apotheke24.com\/wp-content\/uploads\/2022\/02\/tebonin-intens-120-mg-60-stueck-dr.-schwabe-loewen-apotheke.jpg\" \/>\n\t<meta property=\"og:image:width\" content=\"600\" \/>\n\t<meta property=\"og:image:height\" content=\"600\" \/>\n\t<meta property=\"og:image:type\" content=\"image\/jpeg\" \/>\n<meta name=\"twitter:card\" content=\"summary_large_image\" \/>\n<meta name=\"twitter:label1\" content=\"Gesch\u00e4tzte Lesezeit\" \/>\n\t<meta name=\"twitter:data1\" content=\"2\u00a0Minuten\" \/>\n<script type=\"application\/ld+json\" class=\"yoast-schema-graph\">{\"@context\":\"https:\/\/schema.org\",\"@graph\":[{\"@type\":\"WebPage\",\"@id\":\"https:\/\/www.loewen-apotheke24.com\/de\/shop\/schwabe\/tebonin-intens-120-mg-filmtabletten-60-st\/\",\"url\":\"https:\/\/www.loewen-apotheke24.com\/de\/shop\/schwabe\/tebonin-intens-120-mg-filmtabletten-60-st\/\",\"name\":\"Tebonin intens 120 mg Filmtabletten 200 St. | g\u00fcnstig kaufen\",\"isPartOf\":{\"@id\":\"https:\/\/www.loewen-apotheke24.com\/de\/#website\"},\"datePublished\":\"2022-02-21T15:05:20+00:00\",\"dateModified\":\"2024-12-14T05:26:52+00:00\",\"description\":\"Bei Schwindelbeschwerden durchblutungs- oder altersbedingter Ursache. Tebonin intens 120 mg Filmtabletten 60 St. Dr.W. Schwabe. Verf\u00fcgbarkeit: auf Lager.\",\"breadcrumb\":{\"@id\":\"https:\/\/www.loewen-apotheke24.com\/de\/shop\/schwabe\/tebonin-intens-120-mg-filmtabletten-60-st\/#breadcrumb\"},\"inLanguage\":\"de\",\"potentialAction\":[{\"@type\":\"ReadAction\",\"target\":[\"https:\/\/www.loewen-apotheke24.com\/de\/shop\/schwabe\/tebonin-intens-120-mg-filmtabletten-60-st\/\"]}]},{\"@type\":\"BreadcrumbList\",\"@id\":\"https:\/\/www.loewen-apotheke24.com\/de\/shop\/schwabe\/tebonin-intens-120-mg-filmtabletten-60-st\/#breadcrumb\",\"itemListElement\":[{\"@type\":\"ListItem\",\"position\":1,\"name\":\"Shop\",\"item\":\"https:\/\/www.loewen-apotheke24.com\/de\/shop\/\"},{\"@type\":\"ListItem\",\"position\":2,\"name\":\"Tebonin intens 120 mg Filmtabletten 60 St.\"}]},{\"@type\":\"WebSite\",\"@id\":\"https:\/\/www.loewen-apotheke24.com\/de\/#website\",\"url\":\"https:\/\/www.loewen-apotheke24.com\/de\/\",\"name\":\"L\u00f6wen Apotheke24\",\"description\":\"Spezialist f\u00fcr Naturmedizin - Versandapotheke Baden-Baden\",\"publisher\":{\"@id\":\"https:\/\/www.loewen-apotheke24.com\/de\/#organization\"},\"potentialAction\":[{\"@type\":\"SearchAction\",\"target\":{\"@type\":\"EntryPoint\",\"urlTemplate\":\"https:\/\/www.loewen-apotheke24.com\/de\/?s={search_term_string}\"},\"query-input\":\"required name=search_term_string\"}],\"inLanguage\":\"de\"},{\"@type\":\"Organization\",\"@id\":\"https:\/\/www.loewen-apotheke24.com\/de\/#organization\",\"name\":\"L\u00f6wen Apotheke\",\"alternateName\":\"L\u00f6wen Apotheke\",\"url\":\"https:\/\/www.loewen-apotheke24.com\/de\/\",\"logo\":{\"@type\":\"ImageObject\",\"inLanguage\":\"de\",\"@id\":\"https:\/\/www.loewen-apotheke24.com\/de\/#\/schema\/logo\/image\/\",\"url\":\"https:\/\/www.loewen-apotheke24.com\/wp-content\/uploads\/2024\/02\/Logo-Loewen-Apotheke-700x700-1.png\",\"contentUrl\":\"https:\/\/www.loewen-apotheke24.com\/wp-content\/uploads\/2024\/02\/Logo-Loewen-Apotheke-700x700-1.png\",\"width\":700,\"height\":700,\"caption\":\"L\u00f6wen Apotheke\"},\"image\":{\"@id\":\"https:\/\/www.loewen-apotheke24.com\/de\/#\/schema\/logo\/image\/\"}}]}<\/script>\n<!-- \/ Yoast SEO Premium plugin. -->","yoast_head_json":{"title":"Tebonin intens 120 mg Filmtabletten 200 St. | g\u00fcnstig kaufen","description":"Bei Schwindelbeschwerden durchblutungs- oder altersbedingter Ursache. Tebonin intens 120 mg Filmtabletten 60 St. Dr.W. Schwabe. Verf\u00fcgbarkeit: auf Lager.","robots":{"index":"index","follow":"follow","max-snippet":"max-snippet:-1","max-image-preview":"max-image-preview:large","max-video-preview":"max-video-preview:-1"},"canonical":"https:\/\/www.loewen-apotheke24.com\/de\/shop\/schwabe\/tebonin-intens-120-mg-filmtabletten-60-st\/","og_locale":"de_DE","og_type":"article","og_title":"Tebonin intens 120 mg Filmtabletten 200 St. | g\u00fcnstig kaufen","og_description":"Bei Schwindelbeschwerden durchblutungs- oder altersbedingter Ursache. Tebonin intens 120 mg Filmtabletten 60 St. Dr.W. Schwabe. Verf\u00fcgbarkeit: auf Lager.","og_url":"https:\/\/www.loewen-apotheke24.com\/de\/shop\/schwabe\/tebonin-intens-120-mg-filmtabletten-60-st\/","og_site_name":"L\u00f6wen Apotheke24","article_modified_time":"2024-12-14T05:26:52+00:00","og_image":[{"width":600,"height":600,"url":"https:\/\/www.loewen-apotheke24.com\/wp-content\/uploads\/2022\/02\/tebonin-intens-120-mg-60-stueck-dr.-schwabe-loewen-apotheke.jpg","type":"image\/jpeg"}],"twitter_card":"summary_large_image","twitter_misc":{"Gesch\u00e4tzte Lesezeit":"2\u00a0Minuten"},"schema":{"@context":"https:\/\/schema.org","@graph":[{"@type":"WebPage","@id":"https:\/\/www.loewen-apotheke24.com\/de\/shop\/schwabe\/tebonin-intens-120-mg-filmtabletten-60-st\/","url":"https:\/\/www.loewen-apotheke24.com\/de\/shop\/schwabe\/tebonin-intens-120-mg-filmtabletten-60-st\/","name":"Tebonin intens 120 mg Filmtabletten 200 St. | g\u00fcnstig kaufen","isPartOf":{"@id":"https:\/\/www.loewen-apotheke24.com\/de\/#website"},"datePublished":"2022-02-21T15:05:20+00:00","dateModified":"2024-12-14T05:26:52+00:00","description":"Bei Schwindelbeschwerden durchblutungs- oder altersbedingter Ursache. Tebonin intens 120 mg Filmtabletten 60 St. Dr.W. Schwabe. Verf\u00fcgbarkeit: auf Lager.","breadcrumb":{"@id":"https:\/\/www.loewen-apotheke24.com\/de\/shop\/schwabe\/tebonin-intens-120-mg-filmtabletten-60-st\/#breadcrumb"},"inLanguage":"de","potentialAction":[{"@type":"ReadAction","target":["https:\/\/www.loewen-apotheke24.com\/de\/shop\/schwabe\/tebonin-intens-120-mg-filmtabletten-60-st\/"]}]},{"@type":"BreadcrumbList","@id":"https:\/\/www.loewen-apotheke24.com\/de\/shop\/schwabe\/tebonin-intens-120-mg-filmtabletten-60-st\/#breadcrumb","itemListElement":[{"@type":"ListItem","position":1,"name":"Shop","item":"https:\/\/www.loewen-apotheke24.com\/de\/shop\/"},{"@type":"ListItem","position":2,"name":"Tebonin intens 120 mg Filmtabletten 60 St."}]},{"@type":"WebSite","@id":"https:\/\/www.loewen-apotheke24.com\/de\/#website","url":"https:\/\/www.loewen-apotheke24.com\/de\/","name":"L\u00f6wen Apotheke24","description":"Spezialist f\u00fcr Naturmedizin - Versandapotheke Baden-Baden","publisher":{"@id":"https:\/\/www.loewen-apotheke24.com\/de\/#organization"},"potentialAction":[{"@type":"SearchAction","target":{"@type":"EntryPoint","urlTemplate":"https:\/\/www.loewen-apotheke24.com\/de\/?s={search_term_string}"},"query-input":"required name=search_term_string"}],"inLanguage":"de"},{"@type":"Organization","@id":"https:\/\/www.loewen-apotheke24.com\/de\/#organization","name":"L\u00f6wen Apotheke","alternateName":"L\u00f6wen Apotheke","url":"https:\/\/www.loewen-apotheke24.com\/de\/","logo":{"@type":"ImageObject","inLanguage":"de","@id":"https:\/\/www.loewen-apotheke24.com\/de\/#\/schema\/logo\/image\/","url":"https:\/\/www.loewen-apotheke24.com\/wp-content\/uploads\/2024\/02\/Logo-Loewen-Apotheke-700x700-1.png","contentUrl":"https:\/\/www.loewen-apotheke24.com\/wp-content\/uploads\/2024\/02\/Logo-Loewen-Apotheke-700x700-1.png","width":700,"height":700,"caption":"L\u00f6wen Apotheke"},"image":{"@id":"https:\/\/www.loewen-apotheke24.com\/de\/#\/schema\/logo\/image\/"}}]}},"_links":{"self":[{"href":"https:\/\/www.loewen-apotheke24.com\/de\/wp-json\/wp\/v2\/product\/41114"}],"collection":[{"href":"https:\/\/www.loewen-apotheke24.com\/de\/wp-json\/wp\/v2\/product"}],"about":[{"href":"https:\/\/www.loewen-apotheke24.com\/de\/wp-json\/wp\/v2\/types\/product"}],"wp:featuredmedia":[{"embeddable":true,"href":"https:\/\/www.loewen-apotheke24.com\/de\/wp-json\/wp\/v2\/media\/41116"}],"wp:attachment":[{"href":"https:\/\/www.loewen-apotheke24.com\/de\/wp-json\/wp\/v2\/media?parent=41114"}],"wp:term":[{"taxonomy":"product_cat","embeddable":true,"href":"https:\/\/www.loewen-apotheke24.com\/de\/wp-json\/wp\/v2\/product_cat?post=41114"},{"taxonomy":"product_tag","embeddable":true,"href":"https:\/\/www.loewen-apotheke24.com\/de\/wp-json\/wp\/v2\/product_tag?post=41114"}],"curies":[{"name":"wp","href":"https:\/\/api.w.org\/{rel}","templated":true}]}}