{"id":41117,"date":"2022-02-21T16:45:46","date_gmt":"2022-02-21T15:45:46","guid":{"rendered":"https:\/\/www.loewen-apotheke24.com\/?post_type=product&#038;p=41117"},"modified":"2026-01-24T10:28:38","modified_gmt":"2026-01-24T09:28:38","slug":"prostagutt-duo-160-120mg-kapseln-120-pzn-016151764","status":"publish","type":"product","link":"https:\/\/www.loewen-apotheke24.com\/de\/shop\/schwabe\/prostagutt-duo-160-120mg-kapseln-120-pzn-016151764\/","title":{"rendered":"Prostagutt duo 160\/120mg Kapseln (120 St\u00fcck)"},"content":{"rendered":"<h3 style=\"text-align: left;\">Prostagutt duo 160\/120mg Kapseln<\/h3>\n<p>Prostagutt duo 160\/120mg Kapseln. Bei St\u00f6rungen beim Wasserlassen, bei gutartig vergr\u00f6\u00dferter Prostata.<\/p>\n<p>Gegen BPS-Beschwerden in den Anfangsstadien, wie h\u00e4ufigem und n\u00e4chtlichem Harndrang, hilft das pflanzliche Arzneimittel Prostagutt duo 160 mg | 120 mg. Es enth\u00e4lt eine wirksame und gut vertr\u00e4gliche Extrakt-Kombination aus S\u00e4gepalmenfr\u00fcchten (Sabal) und Brennnesselwurzeln (Urtica).<\/p>\n<p>Weitere Produktdetails zu Prostagutt duo 160\/120mg Kapseln beim <a href=\"https:\/\/www.schwabe.de\/produkte\/\">Hersteller<\/a>. Dr. Willmar Schwabe.<br \/>\nAndere Produkte der Firma <a href=\"https:\/\/www.loewen-apotheke24.com\/de\/product_tag\/dr-schwabe\/\">Dr. Willmar Schwabe<\/a><\/p>\n<p>Die Dr. Willmar Schwabe GmbH &amp; Co. KG ist das Mutterunternehmen der Schwabe-Gruppe und wird auch als Unternehmensgruppe Schwabe oder Schwabe-Konzern bezeichnet. Das Pharmaunternehmen wurde 1865 in Leipzig gegr\u00fcndet. Der Hauptsitz wurde 1946 nach Karlsruhe verlegt. Schwerpunkt des Konzerns ist die Gesundheits- und die pharmazeutische Industrie mit einer Spezialisierung auf Heilpflanzenkunde und Hom\u00f6opathie beruhende Fertigarzneimittel, den Phytopharmaka bzw. Hom\u00f6opathika, Nahrungserg\u00e4nzungsmittel heilpflanzlichen Ursprungs sowie Zusatzleistungen f\u00fcr eine ganzheitliche Gesundheitsvorsorge und Selbsthilfe, wie z. B. Trainingsprogramme f\u00fcr mentale und k\u00f6rperliche Fitness. Dazu geh\u00f6ren u.a. die Marken Tebonin, Umckaloabo.<\/p>\n<p>Das Heilen mithilfe von Pflanzen bzw. Pflanzenteilen hat in vielen Kulturen auf der ganzen Welt eine lange Tradition. Bei Dr. Willmar Schwabe ist von den nat\u00fcrlichen Heilkr\u00e4ften der Pflanzen fasziniert und davon \u00fcberzeugt, dass die Natur viele wichtige Wirkstoffe f\u00fcr uns bereith\u00e4lt.<\/p>\n<p>Andere Kunden interessierten sich auch f\u00fcr Produkte zum Thema:\u00a0<a href=\"https:\/\/www.loewen-apotheke24.com\/de\/product_tag\/durchfall\/\">Magen, Darm, Durchfall<\/a><\/p>\n<p>Informationen auf dieser Website werden ausschlie\u00dflich f\u00fcr informative Zwecke zur Verf\u00fcgung gestellt. Sie ersetzen keinesfalls die Untersuchung und Behandlung durch einen Arzt. Bitte beachten Sie, dass hierdurch weder Diagnosen gestellt noch Therapien eingeleitet werden k\u00f6nnen.<\/p>\n<p>Zu Risiken und Nebenwirkungen lesen Sie die Packungsbeilage und fragen Sie Ihren Arzt oder Apotheker.<\/p>\n<h3>Rezept | E-Rezept vorhanden?<\/h3>\n<p>Reichen Sie jetzt Ihr E-Rezept ein. Nutzen Sie unsere <a href=\"https:\/\/e-rezept-app.de\/shop-rezept\" target=\"_blank\" rel=\"noopener\">E-Rezept<\/a> App. Und wir schenken Ihnen die Versandkosten!<\/p>\n","protected":false},"excerpt":{"rendered":"<h2 style=\"text-align: left;\">Prostagutt duo 160\/120mg Kapseln<\/h2>\n<p>Prostagutt duo 160\/120mg Kapseln. Bei St\u00f6rungen beim Wasserlassen, bei gutartig vergr\u00f6\u00dferter Prostata.<\/p>\n<p><strong>PZN<\/strong>: 16151764 (Pharmazentralnummer)<\/p>\n<p><strong>Darreichungsform<\/strong>: Kapseln \u2013 120 St\u00fcck<\/p>\n<p><strong>Verordnungsart<\/strong>: Rezeptfrei<\/p>\n<p><strong>Marke<\/strong>: Prostagutt<\/p>\n<p><strong>Hersteller<\/strong>: Dr.Willmar Schwabe GmbH &amp; Co.KG<\/p>\n","protected":false},"featured_media":103005,"template":"","meta":[],"product_cat":[358],"product_tag":[471,359,472],"yoast_head":"<!-- This site is optimized with the Yoast SEO Premium plugin v21.0 (Yoast SEO v21.0) - https:\/\/yoast.com\/wordpress\/plugins\/seo\/ -->\n<title>Prostagutt duo 160\/120mg Kapseln (120 St\u00fcck) | g\u00fcnstig kaufen<\/title>\n<meta name=\"description\" content=\"Prostagutt duo 160\/120mg Kapseln (120 St\u00fcck) bei Ihrer deutschen Online-Apotheke bestellen. Hersteller: Dr. Schwabe. Verf\u00fcgbarkeit: sofort lieferbar.\" \/>\n<meta name=\"robots\" content=\"index, follow, max-snippet:-1, max-image-preview:large, max-video-preview:-1\" \/>\n<link rel=\"canonical\" href=\"https:\/\/www.loewen-apotheke24.com\/de\/shop\/schwabe\/prostagutt-duo-160-120mg-kapseln-120-pzn-016151764\/\" \/>\n<meta property=\"og:locale\" content=\"de_DE\" \/>\n<meta property=\"og:type\" content=\"article\" \/>\n<meta property=\"og:title\" content=\"Prostagutt duo 160\/120mg Kapseln (120 St\u00fcck) | g\u00fcnstig kaufen\" \/>\n<meta property=\"og:description\" content=\"Prostagutt duo 160\/120mg Kapseln (120 St\u00fcck) bei Ihrer deutschen Online-Apotheke bestellen. Hersteller: Dr. Schwabe. Verf\u00fcgbarkeit: sofort lieferbar.\" \/>\n<meta property=\"og:url\" content=\"https:\/\/www.loewen-apotheke24.com\/de\/shop\/schwabe\/prostagutt-duo-160-120mg-kapseln-120-pzn-016151764\/\" \/>\n<meta property=\"og:site_name\" content=\"L\u00f6wen Apotheke24\" \/>\n<meta property=\"article:modified_time\" content=\"2026-01-24T09:28:38+00:00\" \/>\n<meta property=\"og:image\" content=\"https:\/\/www.loewen-apotheke24.com\/wp-content\/uploads\/2022\/02\/Prostagutt-Duo-160mg-120mg-Weichkapseln-120-Stk.-Dr.-W.-Schwabe-PZN-16151764-Loewen-Apotheke24.webp\" \/>\n\t<meta property=\"og:image:width\" content=\"600\" \/>\n\t<meta property=\"og:image:height\" content=\"600\" \/>\n\t<meta property=\"og:image:type\" content=\"image\/webp\" \/>\n<meta name=\"twitter:card\" content=\"summary_large_image\" \/>\n<meta name=\"twitter:label1\" content=\"Gesch\u00e4tzte Lesezeit\" \/>\n\t<meta name=\"twitter:data1\" content=\"2\u00a0Minuten\" \/>\n<script type=\"application\/ld+json\" class=\"yoast-schema-graph\">{\"@context\":\"https:\/\/schema.org\",\"@graph\":[{\"@type\":\"WebPage\",\"@id\":\"https:\/\/www.loewen-apotheke24.com\/de\/shop\/schwabe\/prostagutt-duo-160-120mg-kapseln-120-pzn-016151764\/\",\"url\":\"https:\/\/www.loewen-apotheke24.com\/de\/shop\/schwabe\/prostagutt-duo-160-120mg-kapseln-120-pzn-016151764\/\",\"name\":\"Prostagutt duo 160\/120mg Kapseln (120 St\u00fcck) | g\u00fcnstig kaufen\",\"isPartOf\":{\"@id\":\"https:\/\/www.loewen-apotheke24.com\/de\/#website\"},\"datePublished\":\"2022-02-21T15:45:46+00:00\",\"dateModified\":\"2026-01-24T09:28:38+00:00\",\"description\":\"Prostagutt duo 160\/120mg Kapseln (120 St\u00fcck) bei Ihrer deutschen Online-Apotheke bestellen. Hersteller: Dr. Schwabe. Verf\u00fcgbarkeit: sofort lieferbar.\",\"breadcrumb\":{\"@id\":\"https:\/\/www.loewen-apotheke24.com\/de\/shop\/schwabe\/prostagutt-duo-160-120mg-kapseln-120-pzn-016151764\/#breadcrumb\"},\"inLanguage\":\"de\",\"potentialAction\":[{\"@type\":\"ReadAction\",\"target\":[\"https:\/\/www.loewen-apotheke24.com\/de\/shop\/schwabe\/prostagutt-duo-160-120mg-kapseln-120-pzn-016151764\/\"]}]},{\"@type\":\"BreadcrumbList\",\"@id\":\"https:\/\/www.loewen-apotheke24.com\/de\/shop\/schwabe\/prostagutt-duo-160-120mg-kapseln-120-pzn-016151764\/#breadcrumb\",\"itemListElement\":[{\"@type\":\"ListItem\",\"position\":1,\"name\":\"Shop\",\"item\":\"https:\/\/www.loewen-apotheke24.com\/de\/shop\/\"},{\"@type\":\"ListItem\",\"position\":2,\"name\":\"Prostagutt duo 160\/120mg Kapseln (120 St\u00fcck)\"}]},{\"@type\":\"WebSite\",\"@id\":\"https:\/\/www.loewen-apotheke24.com\/de\/#website\",\"url\":\"https:\/\/www.loewen-apotheke24.com\/de\/\",\"name\":\"L\u00f6wen Apotheke24\",\"description\":\"Spezialist f\u00fcr Naturmedizin - Versandapotheke Baden-Baden\",\"publisher\":{\"@id\":\"https:\/\/www.loewen-apotheke24.com\/de\/#organization\"},\"potentialAction\":[{\"@type\":\"SearchAction\",\"target\":{\"@type\":\"EntryPoint\",\"urlTemplate\":\"https:\/\/www.loewen-apotheke24.com\/de\/?s={search_term_string}\"},\"query-input\":\"required name=search_term_string\"}],\"inLanguage\":\"de\"},{\"@type\":\"Organization\",\"@id\":\"https:\/\/www.loewen-apotheke24.com\/de\/#organization\",\"name\":\"L\u00f6wen Apotheke\",\"alternateName\":\"L\u00f6wen Apotheke\",\"url\":\"https:\/\/www.loewen-apotheke24.com\/de\/\",\"logo\":{\"@type\":\"ImageObject\",\"inLanguage\":\"de\",\"@id\":\"https:\/\/www.loewen-apotheke24.com\/de\/#\/schema\/logo\/image\/\",\"url\":\"https:\/\/www.loewen-apotheke24.com\/wp-content\/uploads\/2024\/02\/Logo-Loewen-Apotheke-700x700-1.png\",\"contentUrl\":\"https:\/\/www.loewen-apotheke24.com\/wp-content\/uploads\/2024\/02\/Logo-Loewen-Apotheke-700x700-1.png\",\"width\":700,\"height\":700,\"caption\":\"L\u00f6wen Apotheke\"},\"image\":{\"@id\":\"https:\/\/www.loewen-apotheke24.com\/de\/#\/schema\/logo\/image\/\"}}]}<\/script>\n<!-- \/ Yoast SEO Premium plugin. -->","yoast_head_json":{"title":"Prostagutt duo 160\/120mg Kapseln (120 St\u00fcck) | g\u00fcnstig kaufen","description":"Prostagutt duo 160\/120mg Kapseln (120 St\u00fcck) bei Ihrer deutschen Online-Apotheke bestellen. Hersteller: Dr. Schwabe. Verf\u00fcgbarkeit: sofort lieferbar.","robots":{"index":"index","follow":"follow","max-snippet":"max-snippet:-1","max-image-preview":"max-image-preview:large","max-video-preview":"max-video-preview:-1"},"canonical":"https:\/\/www.loewen-apotheke24.com\/de\/shop\/schwabe\/prostagutt-duo-160-120mg-kapseln-120-pzn-016151764\/","og_locale":"de_DE","og_type":"article","og_title":"Prostagutt duo 160\/120mg Kapseln (120 St\u00fcck) | g\u00fcnstig kaufen","og_description":"Prostagutt duo 160\/120mg Kapseln (120 St\u00fcck) bei Ihrer deutschen Online-Apotheke bestellen. Hersteller: Dr. Schwabe. Verf\u00fcgbarkeit: sofort lieferbar.","og_url":"https:\/\/www.loewen-apotheke24.com\/de\/shop\/schwabe\/prostagutt-duo-160-120mg-kapseln-120-pzn-016151764\/","og_site_name":"L\u00f6wen Apotheke24","article_modified_time":"2026-01-24T09:28:38+00:00","og_image":[{"width":600,"height":600,"url":"https:\/\/www.loewen-apotheke24.com\/wp-content\/uploads\/2022\/02\/Prostagutt-Duo-160mg-120mg-Weichkapseln-120-Stk.-Dr.-W.-Schwabe-PZN-16151764-Loewen-Apotheke24.webp","type":"image\/webp"}],"twitter_card":"summary_large_image","twitter_misc":{"Gesch\u00e4tzte Lesezeit":"2\u00a0Minuten"},"schema":{"@context":"https:\/\/schema.org","@graph":[{"@type":"WebPage","@id":"https:\/\/www.loewen-apotheke24.com\/de\/shop\/schwabe\/prostagutt-duo-160-120mg-kapseln-120-pzn-016151764\/","url":"https:\/\/www.loewen-apotheke24.com\/de\/shop\/schwabe\/prostagutt-duo-160-120mg-kapseln-120-pzn-016151764\/","name":"Prostagutt duo 160\/120mg Kapseln (120 St\u00fcck) | g\u00fcnstig kaufen","isPartOf":{"@id":"https:\/\/www.loewen-apotheke24.com\/de\/#website"},"datePublished":"2022-02-21T15:45:46+00:00","dateModified":"2026-01-24T09:28:38+00:00","description":"Prostagutt duo 160\/120mg Kapseln (120 St\u00fcck) bei Ihrer deutschen Online-Apotheke bestellen. Hersteller: Dr. Schwabe. Verf\u00fcgbarkeit: sofort lieferbar.","breadcrumb":{"@id":"https:\/\/www.loewen-apotheke24.com\/de\/shop\/schwabe\/prostagutt-duo-160-120mg-kapseln-120-pzn-016151764\/#breadcrumb"},"inLanguage":"de","potentialAction":[{"@type":"ReadAction","target":["https:\/\/www.loewen-apotheke24.com\/de\/shop\/schwabe\/prostagutt-duo-160-120mg-kapseln-120-pzn-016151764\/"]}]},{"@type":"BreadcrumbList","@id":"https:\/\/www.loewen-apotheke24.com\/de\/shop\/schwabe\/prostagutt-duo-160-120mg-kapseln-120-pzn-016151764\/#breadcrumb","itemListElement":[{"@type":"ListItem","position":1,"name":"Shop","item":"https:\/\/www.loewen-apotheke24.com\/de\/shop\/"},{"@type":"ListItem","position":2,"name":"Prostagutt duo 160\/120mg Kapseln (120 St\u00fcck)"}]},{"@type":"WebSite","@id":"https:\/\/www.loewen-apotheke24.com\/de\/#website","url":"https:\/\/www.loewen-apotheke24.com\/de\/","name":"L\u00f6wen Apotheke24","description":"Spezialist f\u00fcr Naturmedizin - Versandapotheke Baden-Baden","publisher":{"@id":"https:\/\/www.loewen-apotheke24.com\/de\/#organization"},"potentialAction":[{"@type":"SearchAction","target":{"@type":"EntryPoint","urlTemplate":"https:\/\/www.loewen-apotheke24.com\/de\/?s={search_term_string}"},"query-input":"required name=search_term_string"}],"inLanguage":"de"},{"@type":"Organization","@id":"https:\/\/www.loewen-apotheke24.com\/de\/#organization","name":"L\u00f6wen Apotheke","alternateName":"L\u00f6wen Apotheke","url":"https:\/\/www.loewen-apotheke24.com\/de\/","logo":{"@type":"ImageObject","inLanguage":"de","@id":"https:\/\/www.loewen-apotheke24.com\/de\/#\/schema\/logo\/image\/","url":"https:\/\/www.loewen-apotheke24.com\/wp-content\/uploads\/2024\/02\/Logo-Loewen-Apotheke-700x700-1.png","contentUrl":"https:\/\/www.loewen-apotheke24.com\/wp-content\/uploads\/2024\/02\/Logo-Loewen-Apotheke-700x700-1.png","width":700,"height":700,"caption":"L\u00f6wen Apotheke"},"image":{"@id":"https:\/\/www.loewen-apotheke24.com\/de\/#\/schema\/logo\/image\/"}}]}},"_links":{"self":[{"href":"https:\/\/www.loewen-apotheke24.com\/de\/wp-json\/wp\/v2\/product\/41117"}],"collection":[{"href":"https:\/\/www.loewen-apotheke24.com\/de\/wp-json\/wp\/v2\/product"}],"about":[{"href":"https:\/\/www.loewen-apotheke24.com\/de\/wp-json\/wp\/v2\/types\/product"}],"wp:featuredmedia":[{"embeddable":true,"href":"https:\/\/www.loewen-apotheke24.com\/de\/wp-json\/wp\/v2\/media\/103005"}],"wp:attachment":[{"href":"https:\/\/www.loewen-apotheke24.com\/de\/wp-json\/wp\/v2\/media?parent=41117"}],"wp:term":[{"taxonomy":"product_cat","embeddable":true,"href":"https:\/\/www.loewen-apotheke24.com\/de\/wp-json\/wp\/v2\/product_cat?post=41117"},{"taxonomy":"product_tag","embeddable":true,"href":"https:\/\/www.loewen-apotheke24.com\/de\/wp-json\/wp\/v2\/product_tag?post=41117"}],"curies":[{"name":"wp","href":"https:\/\/api.w.org\/{rel}","templated":true}]}}