{"id":41840,"date":"2022-03-10T15:53:10","date_gmt":"2022-03-10T14:53:10","guid":{"rendered":"https:\/\/www.loewen-apotheke24.com\/?post_type=product&#038;p=41840"},"modified":"2025-12-23T06:36:35","modified_gmt":"2025-12-23T05:36:35","slug":"blue-m-zahnpflegekaugummi-10-stueck","status":"publish","type":"product","link":"https:\/\/www.loewen-apotheke24.com\/de\/shop\/angebot\/blue-m-zahnpflegekaugummi-10-stueck\/","title":{"rendered":"blue m Zahnpflegekaugummi (10 St\u00fcck)"},"content":{"rendered":"<h2 style=\"text-align: left;\">Blue m Zahnpflegekaugummi (10 St\u00fcck)<\/h2>\n<p>blue m Zahnpflegekaugummi. Hochwertige Inhaltsstoffe und lang anhaltender Geschmack f\u00f6rdern die Mundgesundheit<\/p>\n<p>Die blue m Zahnpflegekaugummis erleichtern die t\u00e4gliche Mundhygiene optimal, indem sie z. B. die Speichelproduktion stimulieren und somit Mundtrockenheit reduzieren.<\/p>\n<p>Nach dem Essen f\u00fcr etwa drei\u00dfig Minuten gekaut, entfernen sie nicht nur Nahrungsreste, sondern neutralisieren S\u00e4uren und Bakterien und st\u00e4rken dar\u00fcber hinaus den Zahnschmelz. Die spezielle blue\u00aem Formel basiert auf hochqualitativen Wirkstoffen wie z. B. dem aus Manuka-Honig gewonnenen aktiven Sauerstoff sowie \u00e4therischem Manuka-\u00d6l. Die seit Jahrhunderten von den Maoris in Neuseeland als Naturheilmittel genutzte Manuka-Pflanze ist u. a. f\u00fcr ihre desinfizierenden, antibakteriellen Eigenschaften bekannt. Gegen dutzende Arten von Keimen und Bakterien sind die \u00e4therischen Manuka-\u00d6le nachweislich wirksam und agieren damit effektiv gegen Karies und dentale Plaque. Auch das enthaltene Xylitol verf\u00fcgt \u00fcber einen antikariogenen Effekt. Zudem sind Natriumbikarbonat, das u. a. zur Reduzierung von Gingivitis beitr\u00e4gt, sowie Lactoferrin Bestandteile der einzigartigen Wirkformel. Bei Lactoferrin handelt es sich um eine Art nat\u00fcrliches Antibiotikum, das sich im Speichel sowie in Kuhmilch oder Muttermilch findet und vor Pilzen, Bakterien und Viren sch\u00fctzt.<\/p>\n<p>blue m hat aus Manukahonig einen Kaugummi mit Aktivsauerstoff entwickelt. Neben Natriumbicarbonat (Backpulver) und Xylitol enth\u00e4lt dieser Kaugummi speziell ausgew\u00e4hlte, hochwertige Inhaltsstoffe wie \u00e4therisches Manuka\u00f6l und Lactoferrin. blue m Zahnpflegekaugummi ist nicht nur ideal f\u00fcr Menschen, die etwas f\u00fcr ihre Mundhygiene tun m\u00f6chten, sondern auch f\u00fcr Menschen mit Zahnproblemen und trockenem Mund. F\u00fcr Menschen mit eingeschr\u00e4nkten motorischen F\u00e4higkeiten, f\u00fcr (\u00e4ltere) Kinder, die keine Zahnb\u00fcrste im Mund vertragen, und f\u00fcr Sportler, die einen trockenen Mund vermeiden m\u00f6chten.<\/p>\n<p>Untersuchungen haben gezeigt, dass ein Kaugummi nach einer Mahlzeit zu saubereren Z\u00e4hnen beitr\u00e4gt.\u00a0Dieser Kaugummi neutralisiert die S\u00e4uren im Zahnbelag, h\u00e4lt die Z\u00e4hne sauber und hilft u.a. wirksam gegen Mundtrockenheit.<br \/>\nVerwenden Sie zwischen dem Z\u00e4hneputzen ein- oder dreimal t\u00e4glich einen Zahnpflegekaugummi. Der Geschmack ist so stark, dass Sie leicht eine halbe Stunde lang kauen k\u00f6nnen, w\u00e4hrend Sie den frischen Atem bewahren. Diese spezielle langlebige Geschmackstechnologie wurde in Italien entwickelt.<\/p>\n<p>Weitere Produktdetails finden Sie beim\u00a0<a href=\"https:\/\/bluemcare.com\/de\/bluem-fur-mundprobleme\/\" target=\"_blank\" rel=\"noopener\">Hersteller Blue M<\/a> (link zur Webseite).<\/p>\n<p>Andere Kunden interessierten sich auch f\u00fcr Produkte zum Thema:\u00a0<a href=\"https:\/\/www.loewen-apotheke24.com\/de\/product_tag\/entzuendung\/\">Entz\u00fcndung<\/a>\u00a0|\u00a0<a href=\"https:\/\/www.loewen-apotheke24.com\/de\/product_tag\/das-immunsystem\/\" rel=\"tag\">Immunsystem<\/a>\u00a0|\u00a0<a href=\"https:\/\/www.loewen-apotheke24.com\/de\/product_tag\/vitamine-mineralien-nahrungsergaenzung\/\" rel=\"tag\">Vitamine &amp; Mineralien; Nahrungserg\u00e4nzung<\/a><\/p>\n<div class=\"TypographyPresentation TypographyPresentation--medium RichText3-paragraph--withVSpacingNormal RichText3-paragraph HighlightSol HighlightSol--buildingBlock\"><strong>Expertentipp aus der Apotheke:<\/strong><\/div>\n<div class=\"TypographyPresentation TypographyPresentation--medium RichText3-paragraph--withVSpacingNormal RichText3-paragraph HighlightSol HighlightSol--buildingBlock\">Unsere Apothekerin empfiehlt bei Infekten: <a href=\"https:\/\/www.loewen-apotheke24.com\/de\/shop\/angebot\/orthomol-immun-trinflaeschchen-30\/\">Orthomol Immun Trinkfl\u00e4schchen 30 St<\/a>. \u2013 bew\u00e4hrt und gezielt wirksam.<\/div>\n<div class=\"TypographyPresentation TypographyPresentation--medium RichText3-paragraph--withVSpacingNormal RichText3-paragraph HighlightSol HighlightSol--buildingBlock\"><\/div>\n<div class=\"TypographyPresentation TypographyPresentation--medium RichText3-paragraph--withVSpacingNormal RichText3-paragraph HighlightSol HighlightSol--buildingBlock\">Zu Risiken und Nebenwirkungen lesen Sie die Packungsbeilage und fragen Sie Ihren Arzt oder Apotheker.<\/div>\n<div><\/div>\n<div class=\"TypographyPresentation TypographyPresentation--medium RichText3-paragraph--withVSpacingNormal RichText3-paragraph HighlightSol HighlightSol--buildingBlock\"><strong>Rezept | E\u2011Rezept vorhanden?<\/strong><\/div>\n<div class=\"TypographyPresentation TypographyPresentation--medium RichText3-paragraph--withVSpacingNormal RichText3-paragraph HighlightSol HighlightSol--buildingBlock\">Reichen Sie jetzt Ihr E\u2011Rezept ein. Nutzen Sie unsere <a class=\"PrimaryLink HighlightSol HighlightSol--core LinkBase\" href=\"https:\/\/e-rezept-app.de\/shop-rezept\" target=\"_blank\" rel=\"noreferrer noopener\">E\u2011Rezept App<\/a>.<\/div>\n","protected":false},"excerpt":{"rendered":"<h2 style=\"text-align: left;\">blue m Zahnpflegekaugummi<\/h2>\n<p>blue m Zahnpflegekaugummi. Dieser Kaugummi neutralisiert die S\u00e4uren im Zahnbelag, h\u00e4lt die Z\u00e4hne sauber und hilft u.a. wirksam gegen Mundtrockenheit.<\/p>\n<p><strong>PZN<\/strong>: 17232559 \u00a0(Pharmazentralnummer)<\/p>\n<p><strong>Darreichungsform<\/strong>: Kaugummi<\/p>\n<p><strong>Verordnungsart<\/strong>: Rezeptfrei<\/p>\n<p><strong>Marke<\/strong>: Blue M<\/p>\n<p><strong>Hersteller<\/strong>: dentalline GmbH &amp; Co. KG<\/p>\n<p><span style=\"color: #ff0000;\">Restposten &#8211; nur solange der Vorrat reicht.<\/span><\/p>\n","protected":false},"featured_media":103780,"template":"","meta":[],"product_cat":[13,89,43],"product_tag":[335,406,339,338,336],"yoast_head":"<!-- This site is optimized with the Yoast SEO Premium plugin v21.0 (Yoast SEO v21.0) - https:\/\/yoast.com\/wordpress\/plugins\/seo\/ -->\n<title>Blue m Zahncreme mit Fluorid 75ml kaufen<\/title>\n<meta name=\"description\" content=\"L\u00f6wen Apotheke24 - Spezialist f\u00fcr Naturheilkunde - kurze Lieferzeit - gratis Lieferung m\u00f6glich - Blue M Zahnpflegekaugummi 10 St.\" \/>\n<meta name=\"robots\" content=\"index, follow, max-snippet:-1, max-image-preview:large, max-video-preview:-1\" \/>\n<link rel=\"canonical\" href=\"https:\/\/www.loewen-apotheke24.com\/de\/shop\/angebot\/blue-m-zahnpflegekaugummi-10-stueck\/\" \/>\n<meta property=\"og:locale\" content=\"de_DE\" \/>\n<meta property=\"og:type\" content=\"article\" \/>\n<meta property=\"og:title\" content=\"Blue m Zahncreme mit Fluorid 75ml kaufen\" \/>\n<meta property=\"og:description\" content=\"L\u00f6wen Apotheke24 - Spezialist f\u00fcr Naturheilkunde - kurze Lieferzeit - gratis Lieferung m\u00f6glich - Blue M Zahnpflegekaugummi 10 St.\" \/>\n<meta property=\"og:url\" content=\"https:\/\/www.loewen-apotheke24.com\/de\/shop\/angebot\/blue-m-zahnpflegekaugummi-10-stueck\/\" \/>\n<meta property=\"og:site_name\" content=\"L\u00f6wen Apotheke24\" \/>\n<meta property=\"article:modified_time\" content=\"2025-12-23T05:36:35+00:00\" \/>\n<meta property=\"og:image\" content=\"https:\/\/www.loewen-apotheke24.com\/wp-content\/uploads\/2022\/03\/blue-m-zahnpflegekaugummi.webp\" \/>\n\t<meta property=\"og:image:width\" content=\"600\" \/>\n\t<meta property=\"og:image:height\" content=\"600\" \/>\n\t<meta property=\"og:image:type\" content=\"image\/webp\" \/>\n<meta name=\"twitter:card\" content=\"summary_large_image\" \/>\n<meta name=\"twitter:label1\" content=\"Gesch\u00e4tzte Lesezeit\" \/>\n\t<meta name=\"twitter:data1\" content=\"3\u00a0Minuten\" \/>\n<script type=\"application\/ld+json\" class=\"yoast-schema-graph\">{\"@context\":\"https:\/\/schema.org\",\"@graph\":[{\"@type\":\"WebPage\",\"@id\":\"https:\/\/www.loewen-apotheke24.com\/de\/shop\/angebot\/blue-m-zahnpflegekaugummi-10-stueck\/\",\"url\":\"https:\/\/www.loewen-apotheke24.com\/de\/shop\/angebot\/blue-m-zahnpflegekaugummi-10-stueck\/\",\"name\":\"Blue m Zahncreme mit Fluorid 75ml kaufen\",\"isPartOf\":{\"@id\":\"https:\/\/www.loewen-apotheke24.com\/de\/#website\"},\"datePublished\":\"2022-03-10T14:53:10+00:00\",\"dateModified\":\"2025-12-23T05:36:35+00:00\",\"description\":\"L\u00f6wen Apotheke24 - Spezialist f\u00fcr Naturheilkunde - kurze Lieferzeit - gratis Lieferung m\u00f6glich - Blue M Zahnpflegekaugummi 10 St.\",\"breadcrumb\":{\"@id\":\"https:\/\/www.loewen-apotheke24.com\/de\/shop\/angebot\/blue-m-zahnpflegekaugummi-10-stueck\/#breadcrumb\"},\"inLanguage\":\"de\",\"potentialAction\":[{\"@type\":\"ReadAction\",\"target\":[\"https:\/\/www.loewen-apotheke24.com\/de\/shop\/angebot\/blue-m-zahnpflegekaugummi-10-stueck\/\"]}]},{\"@type\":\"BreadcrumbList\",\"@id\":\"https:\/\/www.loewen-apotheke24.com\/de\/shop\/angebot\/blue-m-zahnpflegekaugummi-10-stueck\/#breadcrumb\",\"itemListElement\":[{\"@type\":\"ListItem\",\"position\":1,\"name\":\"Shop\",\"item\":\"https:\/\/www.loewen-apotheke24.com\/de\/shop\/\"},{\"@type\":\"ListItem\",\"position\":2,\"name\":\"blue m Zahnpflegekaugummi (10 St\u00fcck)\"}]},{\"@type\":\"WebSite\",\"@id\":\"https:\/\/www.loewen-apotheke24.com\/de\/#website\",\"url\":\"https:\/\/www.loewen-apotheke24.com\/de\/\",\"name\":\"L\u00f6wen Apotheke24\",\"description\":\"Spezialist f\u00fcr Naturmedizin - Versandapotheke Baden-Baden\",\"publisher\":{\"@id\":\"https:\/\/www.loewen-apotheke24.com\/de\/#organization\"},\"potentialAction\":[{\"@type\":\"SearchAction\",\"target\":{\"@type\":\"EntryPoint\",\"urlTemplate\":\"https:\/\/www.loewen-apotheke24.com\/de\/?s={search_term_string}\"},\"query-input\":\"required name=search_term_string\"}],\"inLanguage\":\"de\"},{\"@type\":\"Organization\",\"@id\":\"https:\/\/www.loewen-apotheke24.com\/de\/#organization\",\"name\":\"L\u00f6wen Apotheke\",\"alternateName\":\"L\u00f6wen Apotheke\",\"url\":\"https:\/\/www.loewen-apotheke24.com\/de\/\",\"logo\":{\"@type\":\"ImageObject\",\"inLanguage\":\"de\",\"@id\":\"https:\/\/www.loewen-apotheke24.com\/de\/#\/schema\/logo\/image\/\",\"url\":\"https:\/\/www.loewen-apotheke24.com\/wp-content\/uploads\/2024\/02\/Logo-Loewen-Apotheke-700x700-1.png\",\"contentUrl\":\"https:\/\/www.loewen-apotheke24.com\/wp-content\/uploads\/2024\/02\/Logo-Loewen-Apotheke-700x700-1.png\",\"width\":700,\"height\":700,\"caption\":\"L\u00f6wen Apotheke\"},\"image\":{\"@id\":\"https:\/\/www.loewen-apotheke24.com\/de\/#\/schema\/logo\/image\/\"}}]}<\/script>\n<!-- \/ Yoast SEO Premium plugin. -->","yoast_head_json":{"title":"Blue m Zahncreme mit Fluorid 75ml kaufen","description":"L\u00f6wen Apotheke24 - Spezialist f\u00fcr Naturheilkunde - kurze Lieferzeit - gratis Lieferung m\u00f6glich - Blue M Zahnpflegekaugummi 10 St.","robots":{"index":"index","follow":"follow","max-snippet":"max-snippet:-1","max-image-preview":"max-image-preview:large","max-video-preview":"max-video-preview:-1"},"canonical":"https:\/\/www.loewen-apotheke24.com\/de\/shop\/angebot\/blue-m-zahnpflegekaugummi-10-stueck\/","og_locale":"de_DE","og_type":"article","og_title":"Blue m Zahncreme mit Fluorid 75ml kaufen","og_description":"L\u00f6wen Apotheke24 - Spezialist f\u00fcr Naturheilkunde - kurze Lieferzeit - gratis Lieferung m\u00f6glich - Blue M Zahnpflegekaugummi 10 St.","og_url":"https:\/\/www.loewen-apotheke24.com\/de\/shop\/angebot\/blue-m-zahnpflegekaugummi-10-stueck\/","og_site_name":"L\u00f6wen Apotheke24","article_modified_time":"2025-12-23T05:36:35+00:00","og_image":[{"width":600,"height":600,"url":"https:\/\/www.loewen-apotheke24.com\/wp-content\/uploads\/2022\/03\/blue-m-zahnpflegekaugummi.webp","type":"image\/webp"}],"twitter_card":"summary_large_image","twitter_misc":{"Gesch\u00e4tzte Lesezeit":"3\u00a0Minuten"},"schema":{"@context":"https:\/\/schema.org","@graph":[{"@type":"WebPage","@id":"https:\/\/www.loewen-apotheke24.com\/de\/shop\/angebot\/blue-m-zahnpflegekaugummi-10-stueck\/","url":"https:\/\/www.loewen-apotheke24.com\/de\/shop\/angebot\/blue-m-zahnpflegekaugummi-10-stueck\/","name":"Blue m Zahncreme mit Fluorid 75ml kaufen","isPartOf":{"@id":"https:\/\/www.loewen-apotheke24.com\/de\/#website"},"datePublished":"2022-03-10T14:53:10+00:00","dateModified":"2025-12-23T05:36:35+00:00","description":"L\u00f6wen Apotheke24 - Spezialist f\u00fcr Naturheilkunde - kurze Lieferzeit - gratis Lieferung m\u00f6glich - Blue M Zahnpflegekaugummi 10 St.","breadcrumb":{"@id":"https:\/\/www.loewen-apotheke24.com\/de\/shop\/angebot\/blue-m-zahnpflegekaugummi-10-stueck\/#breadcrumb"},"inLanguage":"de","potentialAction":[{"@type":"ReadAction","target":["https:\/\/www.loewen-apotheke24.com\/de\/shop\/angebot\/blue-m-zahnpflegekaugummi-10-stueck\/"]}]},{"@type":"BreadcrumbList","@id":"https:\/\/www.loewen-apotheke24.com\/de\/shop\/angebot\/blue-m-zahnpflegekaugummi-10-stueck\/#breadcrumb","itemListElement":[{"@type":"ListItem","position":1,"name":"Shop","item":"https:\/\/www.loewen-apotheke24.com\/de\/shop\/"},{"@type":"ListItem","position":2,"name":"blue m Zahnpflegekaugummi (10 St\u00fcck)"}]},{"@type":"WebSite","@id":"https:\/\/www.loewen-apotheke24.com\/de\/#website","url":"https:\/\/www.loewen-apotheke24.com\/de\/","name":"L\u00f6wen Apotheke24","description":"Spezialist f\u00fcr Naturmedizin - Versandapotheke Baden-Baden","publisher":{"@id":"https:\/\/www.loewen-apotheke24.com\/de\/#organization"},"potentialAction":[{"@type":"SearchAction","target":{"@type":"EntryPoint","urlTemplate":"https:\/\/www.loewen-apotheke24.com\/de\/?s={search_term_string}"},"query-input":"required name=search_term_string"}],"inLanguage":"de"},{"@type":"Organization","@id":"https:\/\/www.loewen-apotheke24.com\/de\/#organization","name":"L\u00f6wen Apotheke","alternateName":"L\u00f6wen Apotheke","url":"https:\/\/www.loewen-apotheke24.com\/de\/","logo":{"@type":"ImageObject","inLanguage":"de","@id":"https:\/\/www.loewen-apotheke24.com\/de\/#\/schema\/logo\/image\/","url":"https:\/\/www.loewen-apotheke24.com\/wp-content\/uploads\/2024\/02\/Logo-Loewen-Apotheke-700x700-1.png","contentUrl":"https:\/\/www.loewen-apotheke24.com\/wp-content\/uploads\/2024\/02\/Logo-Loewen-Apotheke-700x700-1.png","width":700,"height":700,"caption":"L\u00f6wen Apotheke"},"image":{"@id":"https:\/\/www.loewen-apotheke24.com\/de\/#\/schema\/logo\/image\/"}}]}},"_links":{"self":[{"href":"https:\/\/www.loewen-apotheke24.com\/de\/wp-json\/wp\/v2\/product\/41840"}],"collection":[{"href":"https:\/\/www.loewen-apotheke24.com\/de\/wp-json\/wp\/v2\/product"}],"about":[{"href":"https:\/\/www.loewen-apotheke24.com\/de\/wp-json\/wp\/v2\/types\/product"}],"wp:featuredmedia":[{"embeddable":true,"href":"https:\/\/www.loewen-apotheke24.com\/de\/wp-json\/wp\/v2\/media\/103780"}],"wp:attachment":[{"href":"https:\/\/www.loewen-apotheke24.com\/de\/wp-json\/wp\/v2\/media?parent=41840"}],"wp:term":[{"taxonomy":"product_cat","embeddable":true,"href":"https:\/\/www.loewen-apotheke24.com\/de\/wp-json\/wp\/v2\/product_cat?post=41840"},{"taxonomy":"product_tag","embeddable":true,"href":"https:\/\/www.loewen-apotheke24.com\/de\/wp-json\/wp\/v2\/product_tag?post=41840"}],"curies":[{"name":"wp","href":"https:\/\/api.w.org\/{rel}","templated":true}]}}