{"id":41857,"date":"2022-03-10T20:09:13","date_gmt":"2022-03-10T19:09:13","guid":{"rendered":"https:\/\/www.loewen-apotheke24.com\/?post_type=product&#038;p=41857"},"modified":"2025-12-23T06:36:19","modified_gmt":"2025-12-23T05:36:19","slug":"blue-m-mundspuelung-implant-care","status":"publish","type":"product","link":"https:\/\/www.loewen-apotheke24.com\/de\/shop\/angebot\/blue-m-mundspuelung-implant-care\/","title":{"rendered":"Blue m Mundsp\u00fclung \/ Implant Care"},"content":{"rendered":"<h3 style=\"text-align: left;\">Blue m Mundsp\u00fclung\/Implant Care<\/h3>\n<p>blue m Mundsp\u00fclung \/ fluoridfrei 500ml<\/p>\n<p>Die Mundsp\u00fclung sorgt daf\u00fcr, dass Ihre Z\u00e4hne und Implantate gesund bleiben. Es wurde von einem Team von Implantologen, Kieferchirurgen und Zahn\u00e4rzten speziell entwickelt. Die einzigartige Formel der Mundsp\u00fclung dringt tief in Ihr Mundgewebe ein und entfernt alle sch\u00e4dlichen Bakterien. Die t\u00e4gliche Anwendung von blue m Mundsp\u00fclung sorgt daf\u00fcr, dass Ihr Zahnfleisch sowie Ihre Z\u00e4hne und Implantate gesund bleiben.<\/p>\n<p>Eine innovative und wirksame L\u00f6sung:<\/p>\n<ul style=\"list-style-type: square;\">\n<li>F\u00f6rdert das Wachstum neuer Blutgef\u00e4\u00dfe.<\/li>\n<li>Hilft dabei, die Zellstrukturen um Implantate herum neu aufzubauen, und verhindert somit das Zur\u00fcckgehen des Zahnfleisches. Durch die Kr\u00e4ftigung des Kieferknochens wird sichergestellt, dass die Implantate fest verankert bleiben.<\/li>\n<li>Sorgt daf\u00fcr, dass Ihre Z\u00e4hne wei\u00df bleiben und beugt Farbunterschieden zwischen nat\u00fcrlichen Z\u00e4hnen, Verblendungen und Kronen vor, die durch Kaffee-, Tee-, Tabak- und Rotweinkonsum entstehen k\u00f6nnen.<\/li>\n<li>Verhindert die Verbreitung von Bakterien und das Entstehen von Infektionen im Zahnfleisch.<\/li>\n<li>Enth\u00e4lt kein Fluorid &#8211; somit verringert sich das Risiko, dass Implantate locker werden.<\/li>\n<li>Hohe Fluorid-Konzentrationen, wie man sie in herk\u00f6mmlichen Zahncremes findet, greifen die Titanschicht des Implantats an und machen sie br\u00fcchig.<\/li>\n<li>Besitzt einen neutralen pH-Wert und enth\u00e4lt keine scheuernden Elemente. Dadurch kann die Oberfl\u00e4che von Z\u00e4hnen oder Implantaten nicht gesch\u00e4digt werden.<\/li>\n<\/ul>\n<p>Weitere Produktdetails finden Sie beim\u00a0<a href=\"https:\/\/bluemcare.com\/de\/bluem-fur-mundprobleme\/\" target=\"_blank\" rel=\"noopener\">Hersteller Blue M<\/a> (link zur Webseite).<\/p>\n<p>Andere Produkt &amp; Packungsgr\u00f6\u00dfen: <a href=\"https:\/\/www.loewen-apotheke24.com\/de\/product_tag\/bluem\/\">Blue M<\/a><\/p>\n<p>Andere Kunden interessierten sich auch f\u00fcr Produkte zum Thema:\u00a0<a href=\"https:\/\/www.loewen-apotheke24.com\/de\/product_tag\/entzuendung\/\">Entz\u00fcndung<\/a>\u00a0|\u00a0<a href=\"https:\/\/www.loewen-apotheke24.com\/de\/product_tag\/das-immunsystem\/\" rel=\"tag\">Immunsystem<\/a>\u00a0|\u00a0<a href=\"https:\/\/www.loewen-apotheke24.com\/de\/product_tag\/vitamine-mineralien-nahrungsergaenzung\/\" rel=\"tag\">Vitamine &amp; Mineralien; Nahrungserg\u00e4nzung<\/a><\/p>\n<div class=\"TypographyPresentation TypographyPresentation--medium RichText3-paragraph--withVSpacingNormal RichText3-paragraph HighlightSol HighlightSol--buildingBlock\"><strong>Expertentipp aus der Apotheke:<\/strong><\/div>\n<div class=\"TypographyPresentation TypographyPresentation--medium RichText3-paragraph--withVSpacingNormal RichText3-paragraph HighlightSol HighlightSol--buildingBlock\">Unsere Apothekerin empfiehlt bei Infekten: <a href=\"https:\/\/www.loewen-apotheke24.com\/de\/shop\/angebot\/orthomol-immun-trinflaeschchen-30\/\">Orthomol Immun Trinkfl\u00e4schchen 30 St<\/a>. \u2013 bew\u00e4hrt und gezielt wirksam.<\/div>\n<div class=\"TypographyPresentation TypographyPresentation--medium RichText3-paragraph--withVSpacingNormal RichText3-paragraph HighlightSol HighlightSol--buildingBlock\"><\/div>\n<div class=\"TypographyPresentation TypographyPresentation--medium RichText3-paragraph--withVSpacingNormal RichText3-paragraph HighlightSol HighlightSol--buildingBlock\">Zu Risiken und Nebenwirkungen lesen Sie die Packungsbeilage und fragen Sie Ihren Arzt oder Apotheker.<\/div>\n<div><\/div>\n<div class=\"TypographyPresentation TypographyPresentation--medium RichText3-paragraph--withVSpacingNormal RichText3-paragraph HighlightSol HighlightSol--buildingBlock\"><strong>Rezept | E\u2011Rezept vorhanden?<\/strong><\/div>\n<div class=\"TypographyPresentation TypographyPresentation--medium RichText3-paragraph--withVSpacingNormal RichText3-paragraph HighlightSol HighlightSol--buildingBlock\">Reichen Sie jetzt Ihr E\u2011Rezept ein. Nutzen Sie unsere <a class=\"PrimaryLink HighlightSol HighlightSol--core LinkBase\" href=\"https:\/\/e-rezept-app.de\/shop-rezept\" target=\"_blank\" rel=\"noreferrer noopener\">E\u2011Rezept App<\/a>.<\/div>\n","protected":false},"excerpt":{"rendered":"<h2 style=\"text-align: left;\">Blue m Mundsp\u00fclung\/Implant Care<\/h2>\n<p>Blue m Mundsp\u00fclung\/Implant Care.\u00a0 Fluoridfrei 500ml<\/p>\n<p><strong>PZN<\/strong>:\u00a0 12485942 (Pharmazentralnummer)<\/p>\n<p><strong>Darreichungsform<\/strong>: Fluid<\/p>\n<p><strong>Verordnungsart<\/strong>: Rezeptfrei<\/p>\n<p><strong>Marke<\/strong>: Blue M<\/p>\n<p><strong>Hersteller<\/strong>: dentalline GmbH &amp; Co. KG<\/p>\n","protected":false},"featured_media":106297,"template":"","meta":[],"product_cat":[13,89,43],"product_tag":[335,339,338,336],"yoast_head":"<!-- This site is optimized with the Yoast SEO Premium plugin v21.0 (Yoast SEO v21.0) - https:\/\/yoast.com\/wordpress\/plugins\/seo\/ -->\n<title>Blue m Mundsp\u00fclung 500ml kaufen<\/title>\n<meta name=\"description\" content=\"L\u00f6wen Apotheke24 - Spezialist f\u00fcr Naturheilkunde - Weltweiter Versand - kurze Lieferzeit - gratis Lieferung ab 30 \u20ac - Blue m Mundsp\u00fclung - Fluid 500ml\" \/>\n<meta name=\"robots\" content=\"index, follow, max-snippet:-1, max-image-preview:large, max-video-preview:-1\" \/>\n<link rel=\"canonical\" href=\"https:\/\/www.loewen-apotheke24.com\/de\/shop\/angebot\/blue-m-mundspuelung-implant-care\/\" \/>\n<meta property=\"og:locale\" content=\"de_DE\" \/>\n<meta property=\"og:type\" content=\"article\" \/>\n<meta property=\"og:title\" content=\"Blue m Mundsp\u00fclung 500ml kaufen\" \/>\n<meta property=\"og:description\" content=\"L\u00f6wen Apotheke24 - Spezialist f\u00fcr Naturheilkunde - Weltweiter Versand - kurze Lieferzeit - gratis Lieferung ab 30 \u20ac - Blue m Mundsp\u00fclung - Fluid 500ml\" \/>\n<meta property=\"og:url\" content=\"https:\/\/www.loewen-apotheke24.com\/de\/shop\/angebot\/blue-m-mundspuelung-implant-care\/\" \/>\n<meta property=\"og:site_name\" content=\"L\u00f6wen Apotheke24\" \/>\n<meta property=\"article:modified_time\" content=\"2025-12-23T05:36:19+00:00\" \/>\n<meta property=\"og:image\" content=\"https:\/\/www.loewen-apotheke24.com\/wp-content\/uploads\/2022\/03\/Blue-m-mouthwash.webp\" \/>\n\t<meta property=\"og:image:width\" content=\"600\" \/>\n\t<meta property=\"og:image:height\" content=\"600\" \/>\n\t<meta property=\"og:image:type\" content=\"image\/webp\" \/>\n<meta name=\"twitter:card\" content=\"summary_large_image\" \/>\n<meta name=\"twitter:label1\" content=\"Gesch\u00e4tzte Lesezeit\" \/>\n\t<meta name=\"twitter:data1\" content=\"2\u00a0Minuten\" \/>\n<script type=\"application\/ld+json\" class=\"yoast-schema-graph\">{\"@context\":\"https:\/\/schema.org\",\"@graph\":[{\"@type\":\"WebPage\",\"@id\":\"https:\/\/www.loewen-apotheke24.com\/de\/shop\/angebot\/blue-m-mundspuelung-implant-care\/\",\"url\":\"https:\/\/www.loewen-apotheke24.com\/de\/shop\/angebot\/blue-m-mundspuelung-implant-care\/\",\"name\":\"Blue m Mundsp\u00fclung 500ml kaufen\",\"isPartOf\":{\"@id\":\"https:\/\/www.loewen-apotheke24.com\/de\/#website\"},\"datePublished\":\"2022-03-10T19:09:13+00:00\",\"dateModified\":\"2025-12-23T05:36:19+00:00\",\"description\":\"L\u00f6wen Apotheke24 - Spezialist f\u00fcr Naturheilkunde - Weltweiter Versand - kurze Lieferzeit - gratis Lieferung ab 30 \u20ac - Blue m Mundsp\u00fclung - Fluid 500ml\",\"breadcrumb\":{\"@id\":\"https:\/\/www.loewen-apotheke24.com\/de\/shop\/angebot\/blue-m-mundspuelung-implant-care\/#breadcrumb\"},\"inLanguage\":\"de\",\"potentialAction\":[{\"@type\":\"ReadAction\",\"target\":[\"https:\/\/www.loewen-apotheke24.com\/de\/shop\/angebot\/blue-m-mundspuelung-implant-care\/\"]}]},{\"@type\":\"BreadcrumbList\",\"@id\":\"https:\/\/www.loewen-apotheke24.com\/de\/shop\/angebot\/blue-m-mundspuelung-implant-care\/#breadcrumb\",\"itemListElement\":[{\"@type\":\"ListItem\",\"position\":1,\"name\":\"Shop\",\"item\":\"https:\/\/www.loewen-apotheke24.com\/de\/shop\/\"},{\"@type\":\"ListItem\",\"position\":2,\"name\":\"Blue m Mundsp\u00fclung \/ Implant Care\"}]},{\"@type\":\"WebSite\",\"@id\":\"https:\/\/www.loewen-apotheke24.com\/de\/#website\",\"url\":\"https:\/\/www.loewen-apotheke24.com\/de\/\",\"name\":\"L\u00f6wen Apotheke24\",\"description\":\"Spezialist f\u00fcr Naturmedizin - Versandapotheke Baden-Baden\",\"publisher\":{\"@id\":\"https:\/\/www.loewen-apotheke24.com\/de\/#organization\"},\"potentialAction\":[{\"@type\":\"SearchAction\",\"target\":{\"@type\":\"EntryPoint\",\"urlTemplate\":\"https:\/\/www.loewen-apotheke24.com\/de\/?s={search_term_string}\"},\"query-input\":\"required name=search_term_string\"}],\"inLanguage\":\"de\"},{\"@type\":\"Organization\",\"@id\":\"https:\/\/www.loewen-apotheke24.com\/de\/#organization\",\"name\":\"L\u00f6wen Apotheke\",\"alternateName\":\"L\u00f6wen Apotheke\",\"url\":\"https:\/\/www.loewen-apotheke24.com\/de\/\",\"logo\":{\"@type\":\"ImageObject\",\"inLanguage\":\"de\",\"@id\":\"https:\/\/www.loewen-apotheke24.com\/de\/#\/schema\/logo\/image\/\",\"url\":\"https:\/\/www.loewen-apotheke24.com\/wp-content\/uploads\/2024\/02\/Logo-Loewen-Apotheke-700x700-1.png\",\"contentUrl\":\"https:\/\/www.loewen-apotheke24.com\/wp-content\/uploads\/2024\/02\/Logo-Loewen-Apotheke-700x700-1.png\",\"width\":700,\"height\":700,\"caption\":\"L\u00f6wen Apotheke\"},\"image\":{\"@id\":\"https:\/\/www.loewen-apotheke24.com\/de\/#\/schema\/logo\/image\/\"}}]}<\/script>\n<!-- \/ Yoast SEO Premium plugin. -->","yoast_head_json":{"title":"Blue m Mundsp\u00fclung 500ml kaufen","description":"L\u00f6wen Apotheke24 - Spezialist f\u00fcr Naturheilkunde - Weltweiter Versand - kurze Lieferzeit - gratis Lieferung ab 30 \u20ac - Blue m Mundsp\u00fclung - Fluid 500ml","robots":{"index":"index","follow":"follow","max-snippet":"max-snippet:-1","max-image-preview":"max-image-preview:large","max-video-preview":"max-video-preview:-1"},"canonical":"https:\/\/www.loewen-apotheke24.com\/de\/shop\/angebot\/blue-m-mundspuelung-implant-care\/","og_locale":"de_DE","og_type":"article","og_title":"Blue m Mundsp\u00fclung 500ml kaufen","og_description":"L\u00f6wen Apotheke24 - Spezialist f\u00fcr Naturheilkunde - Weltweiter Versand - kurze Lieferzeit - gratis Lieferung ab 30 \u20ac - Blue m Mundsp\u00fclung - Fluid 500ml","og_url":"https:\/\/www.loewen-apotheke24.com\/de\/shop\/angebot\/blue-m-mundspuelung-implant-care\/","og_site_name":"L\u00f6wen Apotheke24","article_modified_time":"2025-12-23T05:36:19+00:00","og_image":[{"width":600,"height":600,"url":"https:\/\/www.loewen-apotheke24.com\/wp-content\/uploads\/2022\/03\/Blue-m-mouthwash.webp","type":"image\/webp"}],"twitter_card":"summary_large_image","twitter_misc":{"Gesch\u00e4tzte Lesezeit":"2\u00a0Minuten"},"schema":{"@context":"https:\/\/schema.org","@graph":[{"@type":"WebPage","@id":"https:\/\/www.loewen-apotheke24.com\/de\/shop\/angebot\/blue-m-mundspuelung-implant-care\/","url":"https:\/\/www.loewen-apotheke24.com\/de\/shop\/angebot\/blue-m-mundspuelung-implant-care\/","name":"Blue m Mundsp\u00fclung 500ml kaufen","isPartOf":{"@id":"https:\/\/www.loewen-apotheke24.com\/de\/#website"},"datePublished":"2022-03-10T19:09:13+00:00","dateModified":"2025-12-23T05:36:19+00:00","description":"L\u00f6wen Apotheke24 - Spezialist f\u00fcr Naturheilkunde - Weltweiter Versand - kurze Lieferzeit - gratis Lieferung ab 30 \u20ac - Blue m Mundsp\u00fclung - Fluid 500ml","breadcrumb":{"@id":"https:\/\/www.loewen-apotheke24.com\/de\/shop\/angebot\/blue-m-mundspuelung-implant-care\/#breadcrumb"},"inLanguage":"de","potentialAction":[{"@type":"ReadAction","target":["https:\/\/www.loewen-apotheke24.com\/de\/shop\/angebot\/blue-m-mundspuelung-implant-care\/"]}]},{"@type":"BreadcrumbList","@id":"https:\/\/www.loewen-apotheke24.com\/de\/shop\/angebot\/blue-m-mundspuelung-implant-care\/#breadcrumb","itemListElement":[{"@type":"ListItem","position":1,"name":"Shop","item":"https:\/\/www.loewen-apotheke24.com\/de\/shop\/"},{"@type":"ListItem","position":2,"name":"Blue m Mundsp\u00fclung \/ Implant Care"}]},{"@type":"WebSite","@id":"https:\/\/www.loewen-apotheke24.com\/de\/#website","url":"https:\/\/www.loewen-apotheke24.com\/de\/","name":"L\u00f6wen Apotheke24","description":"Spezialist f\u00fcr Naturmedizin - Versandapotheke Baden-Baden","publisher":{"@id":"https:\/\/www.loewen-apotheke24.com\/de\/#organization"},"potentialAction":[{"@type":"SearchAction","target":{"@type":"EntryPoint","urlTemplate":"https:\/\/www.loewen-apotheke24.com\/de\/?s={search_term_string}"},"query-input":"required name=search_term_string"}],"inLanguage":"de"},{"@type":"Organization","@id":"https:\/\/www.loewen-apotheke24.com\/de\/#organization","name":"L\u00f6wen Apotheke","alternateName":"L\u00f6wen Apotheke","url":"https:\/\/www.loewen-apotheke24.com\/de\/","logo":{"@type":"ImageObject","inLanguage":"de","@id":"https:\/\/www.loewen-apotheke24.com\/de\/#\/schema\/logo\/image\/","url":"https:\/\/www.loewen-apotheke24.com\/wp-content\/uploads\/2024\/02\/Logo-Loewen-Apotheke-700x700-1.png","contentUrl":"https:\/\/www.loewen-apotheke24.com\/wp-content\/uploads\/2024\/02\/Logo-Loewen-Apotheke-700x700-1.png","width":700,"height":700,"caption":"L\u00f6wen Apotheke"},"image":{"@id":"https:\/\/www.loewen-apotheke24.com\/de\/#\/schema\/logo\/image\/"}}]}},"_links":{"self":[{"href":"https:\/\/www.loewen-apotheke24.com\/de\/wp-json\/wp\/v2\/product\/41857"}],"collection":[{"href":"https:\/\/www.loewen-apotheke24.com\/de\/wp-json\/wp\/v2\/product"}],"about":[{"href":"https:\/\/www.loewen-apotheke24.com\/de\/wp-json\/wp\/v2\/types\/product"}],"wp:featuredmedia":[{"embeddable":true,"href":"https:\/\/www.loewen-apotheke24.com\/de\/wp-json\/wp\/v2\/media\/106297"}],"wp:attachment":[{"href":"https:\/\/www.loewen-apotheke24.com\/de\/wp-json\/wp\/v2\/media?parent=41857"}],"wp:term":[{"taxonomy":"product_cat","embeddable":true,"href":"https:\/\/www.loewen-apotheke24.com\/de\/wp-json\/wp\/v2\/product_cat?post=41857"},{"taxonomy":"product_tag","embeddable":true,"href":"https:\/\/www.loewen-apotheke24.com\/de\/wp-json\/wp\/v2\/product_tag?post=41857"}],"curies":[{"name":"wp","href":"https:\/\/api.w.org\/{rel}","templated":true}]}}