{"id":45215,"date":"2022-06-04T08:27:24","date_gmt":"2022-06-04T07:27:24","guid":{"rendered":"https:\/\/www.loewen-apotheke24.com\/?post_type=product&#038;p=45215"},"modified":"2026-01-24T10:27:46","modified_gmt":"2026-01-24T09:27:46","slug":"umckaloabo-20-mg-filmtabletten-60-st","status":"publish","type":"product","link":"https:\/\/www.loewen-apotheke24.com\/de\/shop\/schwabe\/umckaloabo-20-mg-filmtabletten-60-st\/","title":{"rendered":"Umckaloabo 20 mg Filmtabletten 60 St"},"content":{"rendered":"<h2 style=\"text-align: left;\">Umckaloabo 20 mg Filmtabletten 60 St.<\/h2>\n<p>Umckaloabo 20 mg Filmtabletten: Zur symptomatischen Behandlung der akuten Bronchitis. Wirkstoff: 20 mg Pelargonium sidoides-Wurzel-Trockenextrakt (6,25-11,11:1); Auszugsmittel: Ethanol 11% (m\/m)<\/p>\n<ul style=\"list-style-type: square;\">\n<li>Mit anti-infektivem Trockenextrakt EPs\u00ae 7630 aus Pelargonium sidoides-Wurzeln<\/li>\n<li>Lindern die belastenden Symptome einer akuten Bronchitis<\/li>\n<li>Beschleunigen die Heilung<\/li>\n<li>Sind praktisch f\u00fcr unterwegs<\/li>\n<li>Sind alkoholfrei<\/li>\n<\/ul>\n<p>Hier finden Sie weitere Informationen zum Produkt Umckaloabo 20 mg Filmtabletten und <a href=\"https:\/\/www.schwabe.de\/produkte\/umckaloabo\/\" target=\"_blank\" rel=\"noopener\">dem Hersteller Dr. Schwabe<\/a><\/p>\n<p>Die Dr. Willmar Schwabe GmbH &amp; Co. KG ist das Mutterunternehmen der Schwabe-Gruppe und wird auch als Unternehmensgruppe Schwabe oder Schwabe-Konzern bezeichnet. Das Pharmaunternehmen wurde 1865 in Leipzig gegr\u00fcndet. Der Hauptsitz wurde 1946 nach Karlsruhe verlegt. Schwerpunkt des Konzerns ist die Gesundheits- und die pharmazeutische Industrie mit einer Spezialisierung auf Heilpflanzenkunde und Hom\u00f6opathie beruhende Fertigarzneimittel, den Phytopharmaka bzw. Hom\u00f6opathika, Nahrungserg\u00e4nzungsmittel heilpflanzlichen Ursprungs sowie Zusatzleistungen f\u00fcr eine ganzheitliche Gesundheitsvorsorge und Selbsthilfe, wie z. B. Trainingsprogramme f\u00fcr mentale und k\u00f6rperliche Fitness. Dazu geh\u00f6ren u.a. die Marken Tebonin, Umckaloabo.<\/p>\n<p>Das Heilen mithilfe von Pflanzen bzw. Pflanzenteilen hat in vielen Kulturen auf der ganzen Welt eine lange Tradition. Bei Dr. Willmar Schwabe ist von den nat\u00fcrlichen Heilkr\u00e4ften der Pflanzen fasziniert und davon \u00fcberzeugt, dass die Natur viele wichtige Wirkstoffe f\u00fcr uns bereith\u00e4lt.<\/p>\n<p>Andere Produkte von <a href=\"https:\/\/www.loewen-apotheke24.com\/de\/product_cat\/schwabe\/\">Dr. Schwabe in unserem Sortiment.<\/a><\/p>\n<p>Zu Risiken und Nebenwirkungen lesen Sie die Packungsbeilage und fragen Sie Ihren Arzt oder Apotheker.<\/p>\n<h3 style=\"text-align: left;\">Rezept | E-Rezept vorhanden?<\/h3>\n<p>Reichen Sie jetzt Ihr E-Rezept ein. Nutzen Sie unsere\u00a0<a href=\"https:\/\/e-rezept-app.de\/shop-rezept\" target=\"_blank\" rel=\"noopener\">E-Rezept<\/a>\u00a0App. Und wir schenken Ihnen die Versandkosten!<\/p>\n","protected":false},"excerpt":{"rendered":"<h2 style=\"text-align: left;\">Umckaloabo 20 mg Filmtabletten 60 St.<\/h2>\n<div class=\"rating__wrap\">\n<p>Umckaloabo Filmtabletten 60 St. Zur symptomatischen Behandlung der akuten Bronchitis.<\/p>\n<p><strong>PZN<\/strong>: 00148843 (Pharmazentralnummer)<\/p>\n<p><strong>Darreichungsform<\/strong>: Filmtabletten &#8211; 60 St\u00fcck<\/p>\n<p><strong>Verordnungsart<\/strong>: Rezeptfrei<\/p>\n<p><strong>Marke<\/strong>: <a href=\"https:\/\/www.umckaloabo.de\/de\" target=\"_blank\" rel=\"noopener\">Umckaloabo\u00a0<\/a>\u00ae<\/p>\n<p><strong>Hersteller<\/strong>: <a href=\"https:\/\/www.loewen-apotheke24.com\/de\/product_cat\/schwabe\/\">Dr.Willmar Schwabe GmbH &amp; Co.KG<\/a><\/p>\n<\/div>\n","protected":false},"featured_media":103635,"template":"","meta":[],"product_cat":[358],"product_tag":[266,433,359,426,170,360,467],"yoast_head":"<!-- This site is optimized with the Yoast SEO Premium plugin v21.0 (Yoast SEO v21.0) - https:\/\/yoast.com\/wordpress\/plugins\/seo\/ -->\n<title>Umckaloabo 20 mg Filmtabletten 60 St - g\u00fcnstig bei L\u00f6wen Apotheke24 kaufen<\/title>\n<meta name=\"description\" content=\"Ihr Spezialist f\u00fcr Naturheilkunde. Kurze Lieferzeit und gratis Lieferung ab 30 \u20ac. Umckaloabo 20 mg Filmtabletten 60 St bei Behandlung der akuten Bronchitis.\" \/>\n<meta name=\"robots\" content=\"index, follow, max-snippet:-1, max-image-preview:large, max-video-preview:-1\" \/>\n<link rel=\"canonical\" href=\"https:\/\/www.loewen-apotheke24.com\/de\/shop\/schwabe\/umckaloabo-20-mg-filmtabletten-60-st\/\" \/>\n<meta property=\"og:locale\" content=\"de_DE\" \/>\n<meta property=\"og:type\" content=\"article\" \/>\n<meta property=\"og:title\" content=\"Umckaloabo 20 mg Filmtabletten 60 St - g\u00fcnstig bei L\u00f6wen Apotheke24 kaufen\" \/>\n<meta property=\"og:description\" content=\"Ihr Spezialist f\u00fcr Naturheilkunde. Kurze Lieferzeit und gratis Lieferung ab 30 \u20ac. Umckaloabo 20 mg Filmtabletten 60 St bei Behandlung der akuten Bronchitis.\" \/>\n<meta property=\"og:url\" content=\"https:\/\/www.loewen-apotheke24.com\/de\/shop\/schwabe\/umckaloabo-20-mg-filmtabletten-60-st\/\" \/>\n<meta property=\"og:site_name\" content=\"L\u00f6wen Apotheke24\" \/>\n<meta property=\"article:modified_time\" content=\"2026-01-24T09:27:46+00:00\" \/>\n<meta property=\"og:image\" content=\"https:\/\/www.loewen-apotheke24.com\/wp-content\/uploads\/2022\/06\/Umckaloabo-filmtabletten-dr-schwabe.webp\" \/>\n\t<meta property=\"og:image:width\" content=\"600\" \/>\n\t<meta property=\"og:image:height\" content=\"600\" \/>\n\t<meta property=\"og:image:type\" content=\"image\/webp\" \/>\n<meta name=\"twitter:card\" content=\"summary_large_image\" \/>\n<meta name=\"twitter:label1\" content=\"Gesch\u00e4tzte Lesezeit\" \/>\n\t<meta name=\"twitter:data1\" content=\"2\u00a0Minuten\" \/>\n<script type=\"application\/ld+json\" class=\"yoast-schema-graph\">{\"@context\":\"https:\/\/schema.org\",\"@graph\":[{\"@type\":\"WebPage\",\"@id\":\"https:\/\/www.loewen-apotheke24.com\/de\/shop\/schwabe\/umckaloabo-20-mg-filmtabletten-60-st\/\",\"url\":\"https:\/\/www.loewen-apotheke24.com\/de\/shop\/schwabe\/umckaloabo-20-mg-filmtabletten-60-st\/\",\"name\":\"Umckaloabo 20 mg Filmtabletten 60 St - g\u00fcnstig bei L\u00f6wen Apotheke24 kaufen\",\"isPartOf\":{\"@id\":\"https:\/\/www.loewen-apotheke24.com\/de\/#website\"},\"datePublished\":\"2022-06-04T07:27:24+00:00\",\"dateModified\":\"2026-01-24T09:27:46+00:00\",\"description\":\"Ihr Spezialist f\u00fcr Naturheilkunde. Kurze Lieferzeit und gratis Lieferung ab 30 \u20ac. Umckaloabo 20 mg Filmtabletten 60 St bei Behandlung der akuten Bronchitis.\",\"breadcrumb\":{\"@id\":\"https:\/\/www.loewen-apotheke24.com\/de\/shop\/schwabe\/umckaloabo-20-mg-filmtabletten-60-st\/#breadcrumb\"},\"inLanguage\":\"de\",\"potentialAction\":[{\"@type\":\"ReadAction\",\"target\":[\"https:\/\/www.loewen-apotheke24.com\/de\/shop\/schwabe\/umckaloabo-20-mg-filmtabletten-60-st\/\"]}]},{\"@type\":\"BreadcrumbList\",\"@id\":\"https:\/\/www.loewen-apotheke24.com\/de\/shop\/schwabe\/umckaloabo-20-mg-filmtabletten-60-st\/#breadcrumb\",\"itemListElement\":[{\"@type\":\"ListItem\",\"position\":1,\"name\":\"Shop\",\"item\":\"https:\/\/www.loewen-apotheke24.com\/de\/shop\/\"},{\"@type\":\"ListItem\",\"position\":2,\"name\":\"Umckaloabo 20 mg Filmtabletten 60 St\"}]},{\"@type\":\"WebSite\",\"@id\":\"https:\/\/www.loewen-apotheke24.com\/de\/#website\",\"url\":\"https:\/\/www.loewen-apotheke24.com\/de\/\",\"name\":\"L\u00f6wen Apotheke24\",\"description\":\"Spezialist f\u00fcr Naturmedizin - Versandapotheke Baden-Baden\",\"publisher\":{\"@id\":\"https:\/\/www.loewen-apotheke24.com\/de\/#organization\"},\"potentialAction\":[{\"@type\":\"SearchAction\",\"target\":{\"@type\":\"EntryPoint\",\"urlTemplate\":\"https:\/\/www.loewen-apotheke24.com\/de\/?s={search_term_string}\"},\"query-input\":\"required name=search_term_string\"}],\"inLanguage\":\"de\"},{\"@type\":\"Organization\",\"@id\":\"https:\/\/www.loewen-apotheke24.com\/de\/#organization\",\"name\":\"L\u00f6wen Apotheke\",\"alternateName\":\"L\u00f6wen Apotheke\",\"url\":\"https:\/\/www.loewen-apotheke24.com\/de\/\",\"logo\":{\"@type\":\"ImageObject\",\"inLanguage\":\"de\",\"@id\":\"https:\/\/www.loewen-apotheke24.com\/de\/#\/schema\/logo\/image\/\",\"url\":\"https:\/\/www.loewen-apotheke24.com\/wp-content\/uploads\/2024\/02\/Logo-Loewen-Apotheke-700x700-1.png\",\"contentUrl\":\"https:\/\/www.loewen-apotheke24.com\/wp-content\/uploads\/2024\/02\/Logo-Loewen-Apotheke-700x700-1.png\",\"width\":700,\"height\":700,\"caption\":\"L\u00f6wen Apotheke\"},\"image\":{\"@id\":\"https:\/\/www.loewen-apotheke24.com\/de\/#\/schema\/logo\/image\/\"}}]}<\/script>\n<!-- \/ Yoast SEO Premium plugin. -->","yoast_head_json":{"title":"Umckaloabo 20 mg Filmtabletten 60 St - g\u00fcnstig bei L\u00f6wen Apotheke24 kaufen","description":"Ihr Spezialist f\u00fcr Naturheilkunde. Kurze Lieferzeit und gratis Lieferung ab 30 \u20ac. Umckaloabo 20 mg Filmtabletten 60 St bei Behandlung der akuten Bronchitis.","robots":{"index":"index","follow":"follow","max-snippet":"max-snippet:-1","max-image-preview":"max-image-preview:large","max-video-preview":"max-video-preview:-1"},"canonical":"https:\/\/www.loewen-apotheke24.com\/de\/shop\/schwabe\/umckaloabo-20-mg-filmtabletten-60-st\/","og_locale":"de_DE","og_type":"article","og_title":"Umckaloabo 20 mg Filmtabletten 60 St - g\u00fcnstig bei L\u00f6wen Apotheke24 kaufen","og_description":"Ihr Spezialist f\u00fcr Naturheilkunde. Kurze Lieferzeit und gratis Lieferung ab 30 \u20ac. Umckaloabo 20 mg Filmtabletten 60 St bei Behandlung der akuten Bronchitis.","og_url":"https:\/\/www.loewen-apotheke24.com\/de\/shop\/schwabe\/umckaloabo-20-mg-filmtabletten-60-st\/","og_site_name":"L\u00f6wen Apotheke24","article_modified_time":"2026-01-24T09:27:46+00:00","og_image":[{"width":600,"height":600,"url":"https:\/\/www.loewen-apotheke24.com\/wp-content\/uploads\/2022\/06\/Umckaloabo-filmtabletten-dr-schwabe.webp","type":"image\/webp"}],"twitter_card":"summary_large_image","twitter_misc":{"Gesch\u00e4tzte Lesezeit":"2\u00a0Minuten"},"schema":{"@context":"https:\/\/schema.org","@graph":[{"@type":"WebPage","@id":"https:\/\/www.loewen-apotheke24.com\/de\/shop\/schwabe\/umckaloabo-20-mg-filmtabletten-60-st\/","url":"https:\/\/www.loewen-apotheke24.com\/de\/shop\/schwabe\/umckaloabo-20-mg-filmtabletten-60-st\/","name":"Umckaloabo 20 mg Filmtabletten 60 St - g\u00fcnstig bei L\u00f6wen Apotheke24 kaufen","isPartOf":{"@id":"https:\/\/www.loewen-apotheke24.com\/de\/#website"},"datePublished":"2022-06-04T07:27:24+00:00","dateModified":"2026-01-24T09:27:46+00:00","description":"Ihr Spezialist f\u00fcr Naturheilkunde. Kurze Lieferzeit und gratis Lieferung ab 30 \u20ac. Umckaloabo 20 mg Filmtabletten 60 St bei Behandlung der akuten Bronchitis.","breadcrumb":{"@id":"https:\/\/www.loewen-apotheke24.com\/de\/shop\/schwabe\/umckaloabo-20-mg-filmtabletten-60-st\/#breadcrumb"},"inLanguage":"de","potentialAction":[{"@type":"ReadAction","target":["https:\/\/www.loewen-apotheke24.com\/de\/shop\/schwabe\/umckaloabo-20-mg-filmtabletten-60-st\/"]}]},{"@type":"BreadcrumbList","@id":"https:\/\/www.loewen-apotheke24.com\/de\/shop\/schwabe\/umckaloabo-20-mg-filmtabletten-60-st\/#breadcrumb","itemListElement":[{"@type":"ListItem","position":1,"name":"Shop","item":"https:\/\/www.loewen-apotheke24.com\/de\/shop\/"},{"@type":"ListItem","position":2,"name":"Umckaloabo 20 mg Filmtabletten 60 St"}]},{"@type":"WebSite","@id":"https:\/\/www.loewen-apotheke24.com\/de\/#website","url":"https:\/\/www.loewen-apotheke24.com\/de\/","name":"L\u00f6wen Apotheke24","description":"Spezialist f\u00fcr Naturmedizin - Versandapotheke Baden-Baden","publisher":{"@id":"https:\/\/www.loewen-apotheke24.com\/de\/#organization"},"potentialAction":[{"@type":"SearchAction","target":{"@type":"EntryPoint","urlTemplate":"https:\/\/www.loewen-apotheke24.com\/de\/?s={search_term_string}"},"query-input":"required name=search_term_string"}],"inLanguage":"de"},{"@type":"Organization","@id":"https:\/\/www.loewen-apotheke24.com\/de\/#organization","name":"L\u00f6wen Apotheke","alternateName":"L\u00f6wen Apotheke","url":"https:\/\/www.loewen-apotheke24.com\/de\/","logo":{"@type":"ImageObject","inLanguage":"de","@id":"https:\/\/www.loewen-apotheke24.com\/de\/#\/schema\/logo\/image\/","url":"https:\/\/www.loewen-apotheke24.com\/wp-content\/uploads\/2024\/02\/Logo-Loewen-Apotheke-700x700-1.png","contentUrl":"https:\/\/www.loewen-apotheke24.com\/wp-content\/uploads\/2024\/02\/Logo-Loewen-Apotheke-700x700-1.png","width":700,"height":700,"caption":"L\u00f6wen Apotheke"},"image":{"@id":"https:\/\/www.loewen-apotheke24.com\/de\/#\/schema\/logo\/image\/"}}]}},"_links":{"self":[{"href":"https:\/\/www.loewen-apotheke24.com\/de\/wp-json\/wp\/v2\/product\/45215"}],"collection":[{"href":"https:\/\/www.loewen-apotheke24.com\/de\/wp-json\/wp\/v2\/product"}],"about":[{"href":"https:\/\/www.loewen-apotheke24.com\/de\/wp-json\/wp\/v2\/types\/product"}],"wp:featuredmedia":[{"embeddable":true,"href":"https:\/\/www.loewen-apotheke24.com\/de\/wp-json\/wp\/v2\/media\/103635"}],"wp:attachment":[{"href":"https:\/\/www.loewen-apotheke24.com\/de\/wp-json\/wp\/v2\/media?parent=45215"}],"wp:term":[{"taxonomy":"product_cat","embeddable":true,"href":"https:\/\/www.loewen-apotheke24.com\/de\/wp-json\/wp\/v2\/product_cat?post=45215"},{"taxonomy":"product_tag","embeddable":true,"href":"https:\/\/www.loewen-apotheke24.com\/de\/wp-json\/wp\/v2\/product_tag?post=45215"}],"curies":[{"name":"wp","href":"https:\/\/api.w.org\/{rel}","templated":true}]}}