{"id":46197,"date":"2022-06-27T15:20:08","date_gmt":"2022-06-27T14:20:08","guid":{"rendered":"https:\/\/www.loewen-apotheke24.com\/?post_type=product&#038;p=46197"},"modified":"2025-12-11T07:07:02","modified_gmt":"2025-12-11T06:07:02","slug":"ginkobil-ratiopharm-240-mg-filmtabletten-120-st","status":"publish","type":"product","link":"https:\/\/www.loewen-apotheke24.com\/de\/shop\/marke\/ginkobil-ratiopharm-240-mg-filmtabletten-120-st\/","title":{"rendered":"GINKOBIL ratiopharm 240 mg Filmtabletten 120 St"},"content":{"rendered":"<h3 style=\"text-align: left;\">GINKOBIL ratiopharm 240 mg Filmtabletten 120 St<\/h3>\n<p>GINKOBIL ratiopharm 240 mg &#8211; Ged\u00e4chtnis-, Konzentrationsst\u00f6rungen, Pflanzliches Arzneimittel, Durchblutungsst\u00f6rungen, Hirnleistungsst\u00f6rungen im Alter. Leistungsst\u00f6rungen durch Ver\u00e4nderungen im Gehirn (Demenz), wie: Konzentrationsschw\u00e4che, Ged\u00e4chtnisst\u00f6rungen, leichte Demenz (altersbedingt)<\/p>\n<p>Weitere Produktdetails zu GINKOBIL ratiopharm Filmtabletten finden Sie beim <a href=\"https:\/\/www.ratiopharm.de\/produkte\/details\/praeparate\/praeparatedaten\/detail\/pzn-8863752.html\" target=\"_blank\" rel=\"noopener\">Hersteller<\/a>.<br \/>\nAndere Arzneimittel vom Hersteller: <a href=\"https:\/\/www.loewen-apotheke24.com\/de\/?s=ratiopharm&amp;post_type=product&amp;dgwt_wcas=1&amp;lang=de\">ratiopharm<\/a><\/p>\n<p>Andere Kunden interessierten sich auch f\u00fcr Produkte zum Thema:\u00a0<a href=\"https:\/\/www.loewen-apotheke24.com\/de\/product_tag\/unruhe\/\">Schlafst\u00f6rungen, Unruhe<\/a>\u00a0|\u00a0\u00a0<a href=\"https:\/\/www.loewen-apotheke24.com\/de\/product_tag\/reiseapotheke\/\">Reiseapotheke\u00a0<\/a><\/p>\n<p>Informationen auf dieser Website werden ausschlie\u00dflich f\u00fcr informative Zwecke zur Verf\u00fcgung gestellt. Sie ersetzen keinesfalls die Untersuchung und Behandlung durch einen Arzt. Bitte beachten Sie, dass hierdurch weder Diagnosen gestellt noch Therapien eingeleitet werden k\u00f6nnen.<\/p>\n<p>Zu Risiken und Nebenwirkungen lesen Sie die Packungsbeilage und fragen Sie Ihre \u00c4rztin, Ihren Arzt oder in Ihrer Apotheke.<\/p>\n<p><strong>Rezept | E-Rezept vorhanden?<\/strong><\/p>\n<p>Reichen Sie jetzt Ihr E-Rezept bei uns ein. Nutzen Sie dazu unsere\u00a0<a class=\"ProsemirrorEditor-link\" href=\"https:\/\/e-rezept-app.de\/shop-rezept\">E-Rezept<\/a>\u00a0App. Und wir schenken Ihnen die Versandkosten innerhalb Deutschlands!<\/p>\n<p class=\"TypographyPresentation TypographyPresentation--medium RichText3-paragraph--withVSpacingNormal RichText3-paragraph HighlightSol HighlightSol--buildingBlock\"><strong>Fragen zum Produkt? Wir sind f\u00fcr Sie da!<\/strong><\/p>\n<p class=\"TypographyPresentation TypographyPresentation--medium RichText3-paragraph--withVSpacingNormal RichText3-paragraph HighlightSol HighlightSol--buildingBlock\">Unsere verantwortliche Apothekerin\u00a0<strong>Dr. Sandra Hoff<\/strong>\u00a0und ihr Team beraten Sie gerne pers\u00f6nlich \u2013 telefonisch oder per E-Mail. Als\u00a0<strong>echte Apotheke vor Ort<\/strong>\u00a0und\u00a0<strong>zugelassene Versandapotheke<\/strong>\u00a0bieten wir Ihnen kompetente Unterst\u00fctzung, besonders in den Bereichen\u00a0<a href=\"https:\/\/www.loewen-apotheke24.com\/de\/product_tag\/naturheilmittel\/\"><strong>Naturheilkunde<\/strong><\/a>\u00a0und\u00a0<a href=\"https:\/\/www.loewen-apotheke24.com\/de\/product_tag\/vitamine-mineralien-nahrungsergaenzung\/\"><strong>Nahrungserg\u00e4nzungsmittel<\/strong><\/a>, hier Produkte von <a href=\"https:\/\/www.loewen-apotheke24.com\/de\/product_cat\/vitorgan\/\">vitOrgan Arzneimittel<\/a> und <a href=\"https:\/\/www.loewen-apotheke24.com\/de\/product_cat\/labo-life\/\">Labo Life<\/a>.<br \/>\n<a href=\"https:\/\/versandhandel.dimdi.de\/websearch\/servlet\/Gate;jsessionid=0D29D15655BE1174E9178A340E8FE6BC?accessid=dimdi_var&amp;term=3c387956690121ccc8763184f052b93f\" target=\"_blank\" rel=\"noopener\">Eintrag im Versandhandelsregister<\/a><\/p>\n","protected":false},"excerpt":{"rendered":"<h2>GINKOBIL ratiopharm 240 mg Filmtabletten 120 St<\/h2>\n<p>GINKOBIL ratiopharm 240 mg Filmtabletten 120 St.\u00a0 Leistungsst\u00f6rungen durch Ver\u00e4nderungen im Gehirn (Demenz).<\/p>\n<p><strong>PZN<\/strong>: 08864415 (Pharmazentralnummer)<\/p>\n<p><strong>Darreichungsform<\/strong>: Tabletten<\/p>\n<p><strong>Verordnungsart<\/strong>: Rezeptfrei<\/p>\n<p><strong>Hersteller<\/strong>: ratiopharm GmbH<\/p>\n<p><strong>Packungsgr\u00f6\u00dfe<\/strong>: 120 St\u00fcck<\/p>\n<p>&nbsp;<\/p>\n","protected":false},"featured_media":46199,"template":"","meta":[],"product_cat":[43,1013],"product_tag":[461,457],"yoast_head":"<!-- This site is optimized with the Yoast SEO Premium plugin v21.0 (Yoast SEO v21.0) - https:\/\/yoast.com\/wordpress\/plugins\/seo\/ -->\n<title>GINKOBIL ratiopharm 240 mg Filmtabletten 120 St<\/title>\n<meta name=\"description\" content=\"L\u00f6wen Apotheke24 - Spezialist f\u00fcr Naturheilkunde - kurze Lieferzeit - gratis Lieferung ab 30 \u20ac - GINKOBIL ratiopharm 240 mg 120 St.\" \/>\n<meta name=\"robots\" content=\"index, follow, max-snippet:-1, max-image-preview:large, max-video-preview:-1\" \/>\n<link rel=\"canonical\" href=\"https:\/\/www.loewen-apotheke24.com\/de\/shop\/marke\/ginkobil-ratiopharm-240-mg-filmtabletten-120-st\/\" \/>\n<meta property=\"og:locale\" content=\"de_DE\" \/>\n<meta property=\"og:type\" content=\"article\" \/>\n<meta property=\"og:title\" content=\"GINKOBIL ratiopharm 240 mg Filmtabletten 120 St\" \/>\n<meta property=\"og:description\" content=\"L\u00f6wen Apotheke24 - Spezialist f\u00fcr Naturheilkunde - kurze Lieferzeit - gratis Lieferung ab 30 \u20ac - GINKOBIL ratiopharm 240 mg 120 St.\" \/>\n<meta property=\"og:url\" content=\"https:\/\/www.loewen-apotheke24.com\/de\/shop\/marke\/ginkobil-ratiopharm-240-mg-filmtabletten-120-st\/\" \/>\n<meta property=\"og:site_name\" content=\"L\u00f6wen Apotheke24\" \/>\n<meta property=\"article:modified_time\" content=\"2025-12-11T06:07:02+00:00\" \/>\n<meta property=\"og:image\" content=\"https:\/\/www.loewen-apotheke24.com\/wp-content\/uploads\/2022\/06\/GINKOBIL-ratiopharm-240-mg-Filmtabletten-120-St.jpg\" \/>\n\t<meta property=\"og:image:width\" content=\"600\" \/>\n\t<meta property=\"og:image:height\" content=\"600\" \/>\n\t<meta property=\"og:image:type\" content=\"image\/jpeg\" \/>\n<meta name=\"twitter:card\" content=\"summary_large_image\" \/>\n<meta name=\"twitter:label1\" content=\"Gesch\u00e4tzte Lesezeit\" \/>\n\t<meta name=\"twitter:data1\" content=\"2\u00a0Minuten\" \/>\n<script type=\"application\/ld+json\" class=\"yoast-schema-graph\">{\"@context\":\"https:\/\/schema.org\",\"@graph\":[{\"@type\":\"WebPage\",\"@id\":\"https:\/\/www.loewen-apotheke24.com\/de\/shop\/marke\/ginkobil-ratiopharm-240-mg-filmtabletten-120-st\/\",\"url\":\"https:\/\/www.loewen-apotheke24.com\/de\/shop\/marke\/ginkobil-ratiopharm-240-mg-filmtabletten-120-st\/\",\"name\":\"GINKOBIL ratiopharm 240 mg Filmtabletten 120 St\",\"isPartOf\":{\"@id\":\"https:\/\/www.loewen-apotheke24.com\/de\/#website\"},\"datePublished\":\"2022-06-27T14:20:08+00:00\",\"dateModified\":\"2025-12-11T06:07:02+00:00\",\"description\":\"L\u00f6wen Apotheke24 - Spezialist f\u00fcr Naturheilkunde - kurze Lieferzeit - gratis Lieferung ab 30 \u20ac - GINKOBIL ratiopharm 240 mg 120 St.\",\"breadcrumb\":{\"@id\":\"https:\/\/www.loewen-apotheke24.com\/de\/shop\/marke\/ginkobil-ratiopharm-240-mg-filmtabletten-120-st\/#breadcrumb\"},\"inLanguage\":\"de\",\"potentialAction\":[{\"@type\":\"ReadAction\",\"target\":[\"https:\/\/www.loewen-apotheke24.com\/de\/shop\/marke\/ginkobil-ratiopharm-240-mg-filmtabletten-120-st\/\"]}]},{\"@type\":\"BreadcrumbList\",\"@id\":\"https:\/\/www.loewen-apotheke24.com\/de\/shop\/marke\/ginkobil-ratiopharm-240-mg-filmtabletten-120-st\/#breadcrumb\",\"itemListElement\":[{\"@type\":\"ListItem\",\"position\":1,\"name\":\"Shop\",\"item\":\"https:\/\/www.loewen-apotheke24.com\/de\/shop\/\"},{\"@type\":\"ListItem\",\"position\":2,\"name\":\"GINKOBIL ratiopharm 240 mg Filmtabletten 120 St\"}]},{\"@type\":\"WebSite\",\"@id\":\"https:\/\/www.loewen-apotheke24.com\/de\/#website\",\"url\":\"https:\/\/www.loewen-apotheke24.com\/de\/\",\"name\":\"L\u00f6wen Apotheke24\",\"description\":\"Spezialist f\u00fcr Naturmedizin - Versandapotheke Baden-Baden\",\"publisher\":{\"@id\":\"https:\/\/www.loewen-apotheke24.com\/de\/#organization\"},\"potentialAction\":[{\"@type\":\"SearchAction\",\"target\":{\"@type\":\"EntryPoint\",\"urlTemplate\":\"https:\/\/www.loewen-apotheke24.com\/de\/?s={search_term_string}\"},\"query-input\":\"required name=search_term_string\"}],\"inLanguage\":\"de\"},{\"@type\":\"Organization\",\"@id\":\"https:\/\/www.loewen-apotheke24.com\/de\/#organization\",\"name\":\"L\u00f6wen Apotheke\",\"alternateName\":\"L\u00f6wen Apotheke\",\"url\":\"https:\/\/www.loewen-apotheke24.com\/de\/\",\"logo\":{\"@type\":\"ImageObject\",\"inLanguage\":\"de\",\"@id\":\"https:\/\/www.loewen-apotheke24.com\/de\/#\/schema\/logo\/image\/\",\"url\":\"https:\/\/www.loewen-apotheke24.com\/wp-content\/uploads\/2024\/02\/Logo-Loewen-Apotheke-700x700-1.png\",\"contentUrl\":\"https:\/\/www.loewen-apotheke24.com\/wp-content\/uploads\/2024\/02\/Logo-Loewen-Apotheke-700x700-1.png\",\"width\":700,\"height\":700,\"caption\":\"L\u00f6wen Apotheke\"},\"image\":{\"@id\":\"https:\/\/www.loewen-apotheke24.com\/de\/#\/schema\/logo\/image\/\"}}]}<\/script>\n<!-- \/ Yoast SEO Premium plugin. -->","yoast_head_json":{"title":"GINKOBIL ratiopharm 240 mg Filmtabletten 120 St","description":"L\u00f6wen Apotheke24 - Spezialist f\u00fcr Naturheilkunde - kurze Lieferzeit - gratis Lieferung ab 30 \u20ac - GINKOBIL ratiopharm 240 mg 120 St.","robots":{"index":"index","follow":"follow","max-snippet":"max-snippet:-1","max-image-preview":"max-image-preview:large","max-video-preview":"max-video-preview:-1"},"canonical":"https:\/\/www.loewen-apotheke24.com\/de\/shop\/marke\/ginkobil-ratiopharm-240-mg-filmtabletten-120-st\/","og_locale":"de_DE","og_type":"article","og_title":"GINKOBIL ratiopharm 240 mg Filmtabletten 120 St","og_description":"L\u00f6wen Apotheke24 - Spezialist f\u00fcr Naturheilkunde - kurze Lieferzeit - gratis Lieferung ab 30 \u20ac - GINKOBIL ratiopharm 240 mg 120 St.","og_url":"https:\/\/www.loewen-apotheke24.com\/de\/shop\/marke\/ginkobil-ratiopharm-240-mg-filmtabletten-120-st\/","og_site_name":"L\u00f6wen Apotheke24","article_modified_time":"2025-12-11T06:07:02+00:00","og_image":[{"width":600,"height":600,"url":"https:\/\/www.loewen-apotheke24.com\/wp-content\/uploads\/2022\/06\/GINKOBIL-ratiopharm-240-mg-Filmtabletten-120-St.jpg","type":"image\/jpeg"}],"twitter_card":"summary_large_image","twitter_misc":{"Gesch\u00e4tzte Lesezeit":"2\u00a0Minuten"},"schema":{"@context":"https:\/\/schema.org","@graph":[{"@type":"WebPage","@id":"https:\/\/www.loewen-apotheke24.com\/de\/shop\/marke\/ginkobil-ratiopharm-240-mg-filmtabletten-120-st\/","url":"https:\/\/www.loewen-apotheke24.com\/de\/shop\/marke\/ginkobil-ratiopharm-240-mg-filmtabletten-120-st\/","name":"GINKOBIL ratiopharm 240 mg Filmtabletten 120 St","isPartOf":{"@id":"https:\/\/www.loewen-apotheke24.com\/de\/#website"},"datePublished":"2022-06-27T14:20:08+00:00","dateModified":"2025-12-11T06:07:02+00:00","description":"L\u00f6wen Apotheke24 - Spezialist f\u00fcr Naturheilkunde - kurze Lieferzeit - gratis Lieferung ab 30 \u20ac - GINKOBIL ratiopharm 240 mg 120 St.","breadcrumb":{"@id":"https:\/\/www.loewen-apotheke24.com\/de\/shop\/marke\/ginkobil-ratiopharm-240-mg-filmtabletten-120-st\/#breadcrumb"},"inLanguage":"de","potentialAction":[{"@type":"ReadAction","target":["https:\/\/www.loewen-apotheke24.com\/de\/shop\/marke\/ginkobil-ratiopharm-240-mg-filmtabletten-120-st\/"]}]},{"@type":"BreadcrumbList","@id":"https:\/\/www.loewen-apotheke24.com\/de\/shop\/marke\/ginkobil-ratiopharm-240-mg-filmtabletten-120-st\/#breadcrumb","itemListElement":[{"@type":"ListItem","position":1,"name":"Shop","item":"https:\/\/www.loewen-apotheke24.com\/de\/shop\/"},{"@type":"ListItem","position":2,"name":"GINKOBIL ratiopharm 240 mg Filmtabletten 120 St"}]},{"@type":"WebSite","@id":"https:\/\/www.loewen-apotheke24.com\/de\/#website","url":"https:\/\/www.loewen-apotheke24.com\/de\/","name":"L\u00f6wen Apotheke24","description":"Spezialist f\u00fcr Naturmedizin - Versandapotheke Baden-Baden","publisher":{"@id":"https:\/\/www.loewen-apotheke24.com\/de\/#organization"},"potentialAction":[{"@type":"SearchAction","target":{"@type":"EntryPoint","urlTemplate":"https:\/\/www.loewen-apotheke24.com\/de\/?s={search_term_string}"},"query-input":"required name=search_term_string"}],"inLanguage":"de"},{"@type":"Organization","@id":"https:\/\/www.loewen-apotheke24.com\/de\/#organization","name":"L\u00f6wen Apotheke","alternateName":"L\u00f6wen Apotheke","url":"https:\/\/www.loewen-apotheke24.com\/de\/","logo":{"@type":"ImageObject","inLanguage":"de","@id":"https:\/\/www.loewen-apotheke24.com\/de\/#\/schema\/logo\/image\/","url":"https:\/\/www.loewen-apotheke24.com\/wp-content\/uploads\/2024\/02\/Logo-Loewen-Apotheke-700x700-1.png","contentUrl":"https:\/\/www.loewen-apotheke24.com\/wp-content\/uploads\/2024\/02\/Logo-Loewen-Apotheke-700x700-1.png","width":700,"height":700,"caption":"L\u00f6wen Apotheke"},"image":{"@id":"https:\/\/www.loewen-apotheke24.com\/de\/#\/schema\/logo\/image\/"}}]}},"_links":{"self":[{"href":"https:\/\/www.loewen-apotheke24.com\/de\/wp-json\/wp\/v2\/product\/46197"}],"collection":[{"href":"https:\/\/www.loewen-apotheke24.com\/de\/wp-json\/wp\/v2\/product"}],"about":[{"href":"https:\/\/www.loewen-apotheke24.com\/de\/wp-json\/wp\/v2\/types\/product"}],"wp:featuredmedia":[{"embeddable":true,"href":"https:\/\/www.loewen-apotheke24.com\/de\/wp-json\/wp\/v2\/media\/46199"}],"wp:attachment":[{"href":"https:\/\/www.loewen-apotheke24.com\/de\/wp-json\/wp\/v2\/media?parent=46197"}],"wp:term":[{"taxonomy":"product_cat","embeddable":true,"href":"https:\/\/www.loewen-apotheke24.com\/de\/wp-json\/wp\/v2\/product_cat?post=46197"},{"taxonomy":"product_tag","embeddable":true,"href":"https:\/\/www.loewen-apotheke24.com\/de\/wp-json\/wp\/v2\/product_tag?post=46197"}],"curies":[{"name":"wp","href":"https:\/\/api.w.org\/{rel}","templated":true}]}}