{"id":46225,"date":"2022-06-27T19:47:43","date_gmt":"2022-06-27T18:47:43","guid":{"rendered":"https:\/\/www.loewen-apotheke24.com\/?post_type=product&#038;p=46225"},"modified":"2025-12-11T07:14:43","modified_gmt":"2025-12-11T06:14:43","slug":"grippostad-c-hartkapseln","status":"publish","type":"product","link":"https:\/\/www.loewen-apotheke24.com\/de\/shop\/stada\/grippostad-c-hartkapseln\/","title":{"rendered":"Grippostad C Hartkapseln"},"content":{"rendered":"<h3 style=\"text-align: left;\">Grippostad C Hartkapseln<\/h3>\n<p>Grippostad C ist leicht zu schlucken und praktisch zum Mitnehmen: So ist die Grippostad Einnahme besonders unkompliziert. Mit Grippostad\u00aeC k\u00f6nnen Sie auch unterwegs ganz einfach etwas gegen Ihre Erk\u00e4ltungssymptome tun.<\/p>\n<p>Vier Wirkstoffe f\u00fcr den Alltag zur Behandlung gemeinsam auftretender Erk\u00e4ltungsbeschwerden:<\/p>\n<ul style=\"list-style-type: square;\">\n<li><span style=\"font-size: 12pt;\">Paracetamol kann helfen Kopf-und Gliederschmerzen zu lindern und Fieber zu senken<\/span><\/li>\n<li><span style=\"font-size: 12pt;\">Coffein kann die schmerzlindernde Wirkung von Paracetamol verst\u00e4rken<\/span><\/li>\n<li><span style=\"font-size: 12pt;\">Chlorphenamin kann zur Abschwellung der Nasenschleimhaut beitragen und Reizhusten lindern<\/span><\/li>\n<li><span style=\"font-size: 12pt;\">Die im Grippostad\u00ae C Granulat enthaltene Ascorbins\u00e4ure (Vitamin C) unterst\u00fctzt das Immunsystem<\/span><\/li>\n<\/ul>\n<p>Grippale Infekte beginnen h\u00e4ufig im Nasen-Rachenbereich. Ihre Ursache sind Viren, die \u00fcber die Atemwege in unseren K\u00f6rper eindringen. Die \u00dcbertragung erfolgt im Allgemeinen durch winzig kleine Tr\u00f6pfchen, die ein bereits erk\u00e4lteter Mensch beim Husten oder Niesen in gro\u00dfen Mengen in der Luft verteilt. Bereits 1 bis 2 Tage nach der Ansteckung treten die ersten Anzeichen der Krankheit auf. Schon w\u00e4hrend der Inkubationszeit und bis zu einer Woche nach Ausbruch der Krankheit k\u00f6nnen Infizierte weitere Personen anstecken. Typische erste Anzeichen sind Halskratzen, Niesen und die &#8222;laufende Nase&#8220;, aber auch Husten, Heiserkeit, Kopf- und Gliederschmerzen. Da Viren nicht direkt bek\u00e4mpft werden k\u00f6nnen, konzentriert man sich auf die Behandlung der Symptome.<\/p>\n<p>In Grippostad<sup>\u00ae<\/sup>\u00a0C Hartkapseln, Deutschlands meistverwendetes Mittel bei Erk\u00e4ltungskrankheiten*, werden vier gutaufeinander abgestimmte Wirkstoffe vereint. Diese gut vertr\u00e4gliche Wirkstoffkombination wird angewendet zur Behandlung von gemeinsam auftretenden Beschwerden wie Kopf- und Gliederschmerzen, Schnupfen und Reizhusten im Rahmen einer einfachen Erk\u00e4ltungskrankheit. So f\u00fchlt man sich mit Grippostad<sup>\u00ae<\/sup>\u00a0C Kapseln schnell fit. Paracetamol hilft Kopf- und Gliederschmerzen zu lindern und das Fieber zu senken. Chlorphenamin geh\u00f6rt zur Gruppe der Antihistaminika, es tr\u00e4gt zu einer Verminderung der Nasenschleimproduktion bei und erleichtert dadurch das Durchatmen. Gleichzeitig lindert es den Reizhusten. Zudem hemmt es die \u00fcberm\u00e4\u00dfige Schleimsekretion. Das in den Grippostad<sup>\u00ae<\/sup>\u00a0Hartkapseln enthaltene Coffein verst\u00e4rkt die schmerzlindernde Wirkung des Paracetamols. Es erm\u00f6glicht eine Verminderung der Paracetamol-Dosis und entlastet somit den K\u00f6rper durch eine geringere Schmerzmittelmenge. Grippostad<sup>\u00ae<\/sup>\u00a0C Hartkapseln enthalten Ascorbins\u00e4ure, besser bekannt als Vitamin C.<\/p>\n<p>Weitere Produktdetails finden Sie beim Hersteller\u00a0<a href=\"https:\/\/www.grippostad.de\/erkaeltungsmittel\/grippostad-c-stickpack-trinkgranulat\">Stada &#8211; Grippostad.<\/a><\/p>\n<p>Zur Gebrauchsanweisung <a href=\"https:\/\/www.loewen-apotheke24.com\/wp-content\/uploads\/2022\/06\/grippostad_c_gra_sd_de_webgi_9262902_1711.pdf\" target=\"_blank\" rel=\"noopener\">Grippostad\u00ae C Stickpack<\/a><\/p>\n<p>Zu Risiken und Nebenwirkungen lesen Sie die Packungsbeilage und fragen Sie Ihren Arzt oder Apotheker.<\/p>\n","protected":false},"excerpt":{"rendered":"<h2>Grippostad C Hartkapseln<\/h2>\n<p>Grippostad C Hartkapseln.\u00a0Bei grippalen Infekten und Erk\u00e4ltungskrankheiten.<\/p>\n<p><strong>PZN<\/strong>: 00571748 (Pharmazentralnummer)<\/p>\n<p><strong>Darreichungsform<\/strong>: Kapseln<\/p>\n<p><strong>Verordnungsart<\/strong>: Rezeptfrei<\/p>\n<p><strong>Hersteller<\/strong>:\u00a0<a href=\"https:\/\/www.loewen-apotheke24.com\/de\/product_tag\/stada\/\">STADA Arzneimittel AG<\/a> \/ EurimPharm Arzneimittel GmbH<\/p>\n<p><strong>Marke:<\/strong> <a href=\"https:\/\/www.loewen-apotheke24.com\/de\/product_tag\/grippostad\/\">Grippostad\u00ae<\/a><\/p>\n<p><strong>Packungsgr\u00f6\u00dfe<\/strong>: 24 St\u00fcck<\/p>\n","protected":false},"featured_media":103652,"template":"","meta":[],"product_cat":[476],"product_tag":[426,475,461,474,469],"yoast_head":"<!-- This site is optimized with the Yoast SEO Premium plugin v21.0 (Yoast SEO v21.0) - https:\/\/yoast.com\/wordpress\/plugins\/seo\/ -->\n<title>Grippostad C Hartkapseln - L\u00f6wen Apotheke24<\/title>\n<meta name=\"description\" content=\"L\u00f6wen Apotheke24 - Spezialist f\u00fcr Naturheilkunde - kurze Lieferzeit - gratis Lieferung ab 30 \u20ac - Grippostad C Hartkapseln 24 St.\" \/>\n<meta name=\"robots\" content=\"index, follow, max-snippet:-1, max-image-preview:large, max-video-preview:-1\" \/>\n<link rel=\"canonical\" href=\"https:\/\/www.loewen-apotheke24.com\/de\/shop\/stada\/grippostad-c-hartkapseln\/\" \/>\n<meta property=\"og:locale\" content=\"de_DE\" \/>\n<meta property=\"og:type\" content=\"article\" \/>\n<meta property=\"og:title\" content=\"Grippostad C Hartkapseln - L\u00f6wen Apotheke24\" \/>\n<meta property=\"og:description\" content=\"L\u00f6wen Apotheke24 - Spezialist f\u00fcr Naturheilkunde - kurze Lieferzeit - gratis Lieferung ab 30 \u20ac - Grippostad C Hartkapseln 24 St.\" \/>\n<meta property=\"og:url\" content=\"https:\/\/www.loewen-apotheke24.com\/de\/shop\/stada\/grippostad-c-hartkapseln\/\" \/>\n<meta property=\"og:site_name\" content=\"L\u00f6wen Apotheke24\" \/>\n<meta property=\"article:modified_time\" content=\"2025-12-11T06:14:43+00:00\" \/>\n<meta property=\"og:image\" content=\"https:\/\/www.loewen-apotheke24.com\/wp-content\/uploads\/2022\/06\/Grippostad-hartkapseln-stada-1-1.webp\" \/>\n\t<meta property=\"og:image:width\" content=\"600\" \/>\n\t<meta property=\"og:image:height\" content=\"600\" \/>\n\t<meta property=\"og:image:type\" content=\"image\/webp\" \/>\n<meta name=\"twitter:card\" content=\"summary_large_image\" \/>\n<meta name=\"twitter:label1\" content=\"Gesch\u00e4tzte Lesezeit\" \/>\n\t<meta name=\"twitter:data1\" content=\"2\u00a0Minuten\" \/>\n<script type=\"application\/ld+json\" class=\"yoast-schema-graph\">{\"@context\":\"https:\/\/schema.org\",\"@graph\":[{\"@type\":\"WebPage\",\"@id\":\"https:\/\/www.loewen-apotheke24.com\/de\/shop\/stada\/grippostad-c-hartkapseln\/\",\"url\":\"https:\/\/www.loewen-apotheke24.com\/de\/shop\/stada\/grippostad-c-hartkapseln\/\",\"name\":\"Grippostad C Hartkapseln - L\u00f6wen Apotheke24\",\"isPartOf\":{\"@id\":\"https:\/\/www.loewen-apotheke24.com\/de\/#website\"},\"datePublished\":\"2022-06-27T18:47:43+00:00\",\"dateModified\":\"2025-12-11T06:14:43+00:00\",\"description\":\"L\u00f6wen Apotheke24 - Spezialist f\u00fcr Naturheilkunde - kurze Lieferzeit - gratis Lieferung ab 30 \u20ac - Grippostad C Hartkapseln 24 St.\",\"breadcrumb\":{\"@id\":\"https:\/\/www.loewen-apotheke24.com\/de\/shop\/stada\/grippostad-c-hartkapseln\/#breadcrumb\"},\"inLanguage\":\"de\",\"potentialAction\":[{\"@type\":\"ReadAction\",\"target\":[\"https:\/\/www.loewen-apotheke24.com\/de\/shop\/stada\/grippostad-c-hartkapseln\/\"]}]},{\"@type\":\"BreadcrumbList\",\"@id\":\"https:\/\/www.loewen-apotheke24.com\/de\/shop\/stada\/grippostad-c-hartkapseln\/#breadcrumb\",\"itemListElement\":[{\"@type\":\"ListItem\",\"position\":1,\"name\":\"Shop\",\"item\":\"https:\/\/www.loewen-apotheke24.com\/de\/shop\/\"},{\"@type\":\"ListItem\",\"position\":2,\"name\":\"Grippostad C Hartkapseln\"}]},{\"@type\":\"WebSite\",\"@id\":\"https:\/\/www.loewen-apotheke24.com\/de\/#website\",\"url\":\"https:\/\/www.loewen-apotheke24.com\/de\/\",\"name\":\"L\u00f6wen Apotheke24\",\"description\":\"Spezialist f\u00fcr Naturmedizin - Versandapotheke Baden-Baden\",\"publisher\":{\"@id\":\"https:\/\/www.loewen-apotheke24.com\/de\/#organization\"},\"potentialAction\":[{\"@type\":\"SearchAction\",\"target\":{\"@type\":\"EntryPoint\",\"urlTemplate\":\"https:\/\/www.loewen-apotheke24.com\/de\/?s={search_term_string}\"},\"query-input\":\"required name=search_term_string\"}],\"inLanguage\":\"de\"},{\"@type\":\"Organization\",\"@id\":\"https:\/\/www.loewen-apotheke24.com\/de\/#organization\",\"name\":\"L\u00f6wen Apotheke\",\"alternateName\":\"L\u00f6wen Apotheke\",\"url\":\"https:\/\/www.loewen-apotheke24.com\/de\/\",\"logo\":{\"@type\":\"ImageObject\",\"inLanguage\":\"de\",\"@id\":\"https:\/\/www.loewen-apotheke24.com\/de\/#\/schema\/logo\/image\/\",\"url\":\"https:\/\/www.loewen-apotheke24.com\/wp-content\/uploads\/2024\/02\/Logo-Loewen-Apotheke-700x700-1.png\",\"contentUrl\":\"https:\/\/www.loewen-apotheke24.com\/wp-content\/uploads\/2024\/02\/Logo-Loewen-Apotheke-700x700-1.png\",\"width\":700,\"height\":700,\"caption\":\"L\u00f6wen Apotheke\"},\"image\":{\"@id\":\"https:\/\/www.loewen-apotheke24.com\/de\/#\/schema\/logo\/image\/\"}}]}<\/script>\n<!-- \/ Yoast SEO Premium plugin. -->","yoast_head_json":{"title":"Grippostad C Hartkapseln - L\u00f6wen Apotheke24","description":"L\u00f6wen Apotheke24 - Spezialist f\u00fcr Naturheilkunde - kurze Lieferzeit - gratis Lieferung ab 30 \u20ac - Grippostad C Hartkapseln 24 St.","robots":{"index":"index","follow":"follow","max-snippet":"max-snippet:-1","max-image-preview":"max-image-preview:large","max-video-preview":"max-video-preview:-1"},"canonical":"https:\/\/www.loewen-apotheke24.com\/de\/shop\/stada\/grippostad-c-hartkapseln\/","og_locale":"de_DE","og_type":"article","og_title":"Grippostad C Hartkapseln - L\u00f6wen Apotheke24","og_description":"L\u00f6wen Apotheke24 - Spezialist f\u00fcr Naturheilkunde - kurze Lieferzeit - gratis Lieferung ab 30 \u20ac - Grippostad C Hartkapseln 24 St.","og_url":"https:\/\/www.loewen-apotheke24.com\/de\/shop\/stada\/grippostad-c-hartkapseln\/","og_site_name":"L\u00f6wen Apotheke24","article_modified_time":"2025-12-11T06:14:43+00:00","og_image":[{"width":600,"height":600,"url":"https:\/\/www.loewen-apotheke24.com\/wp-content\/uploads\/2022\/06\/Grippostad-hartkapseln-stada-1-1.webp","type":"image\/webp"}],"twitter_card":"summary_large_image","twitter_misc":{"Gesch\u00e4tzte Lesezeit":"2\u00a0Minuten"},"schema":{"@context":"https:\/\/schema.org","@graph":[{"@type":"WebPage","@id":"https:\/\/www.loewen-apotheke24.com\/de\/shop\/stada\/grippostad-c-hartkapseln\/","url":"https:\/\/www.loewen-apotheke24.com\/de\/shop\/stada\/grippostad-c-hartkapseln\/","name":"Grippostad C Hartkapseln - L\u00f6wen Apotheke24","isPartOf":{"@id":"https:\/\/www.loewen-apotheke24.com\/de\/#website"},"datePublished":"2022-06-27T18:47:43+00:00","dateModified":"2025-12-11T06:14:43+00:00","description":"L\u00f6wen Apotheke24 - Spezialist f\u00fcr Naturheilkunde - kurze Lieferzeit - gratis Lieferung ab 30 \u20ac - Grippostad C Hartkapseln 24 St.","breadcrumb":{"@id":"https:\/\/www.loewen-apotheke24.com\/de\/shop\/stada\/grippostad-c-hartkapseln\/#breadcrumb"},"inLanguage":"de","potentialAction":[{"@type":"ReadAction","target":["https:\/\/www.loewen-apotheke24.com\/de\/shop\/stada\/grippostad-c-hartkapseln\/"]}]},{"@type":"BreadcrumbList","@id":"https:\/\/www.loewen-apotheke24.com\/de\/shop\/stada\/grippostad-c-hartkapseln\/#breadcrumb","itemListElement":[{"@type":"ListItem","position":1,"name":"Shop","item":"https:\/\/www.loewen-apotheke24.com\/de\/shop\/"},{"@type":"ListItem","position":2,"name":"Grippostad C Hartkapseln"}]},{"@type":"WebSite","@id":"https:\/\/www.loewen-apotheke24.com\/de\/#website","url":"https:\/\/www.loewen-apotheke24.com\/de\/","name":"L\u00f6wen Apotheke24","description":"Spezialist f\u00fcr Naturmedizin - Versandapotheke Baden-Baden","publisher":{"@id":"https:\/\/www.loewen-apotheke24.com\/de\/#organization"},"potentialAction":[{"@type":"SearchAction","target":{"@type":"EntryPoint","urlTemplate":"https:\/\/www.loewen-apotheke24.com\/de\/?s={search_term_string}"},"query-input":"required name=search_term_string"}],"inLanguage":"de"},{"@type":"Organization","@id":"https:\/\/www.loewen-apotheke24.com\/de\/#organization","name":"L\u00f6wen Apotheke","alternateName":"L\u00f6wen Apotheke","url":"https:\/\/www.loewen-apotheke24.com\/de\/","logo":{"@type":"ImageObject","inLanguage":"de","@id":"https:\/\/www.loewen-apotheke24.com\/de\/#\/schema\/logo\/image\/","url":"https:\/\/www.loewen-apotheke24.com\/wp-content\/uploads\/2024\/02\/Logo-Loewen-Apotheke-700x700-1.png","contentUrl":"https:\/\/www.loewen-apotheke24.com\/wp-content\/uploads\/2024\/02\/Logo-Loewen-Apotheke-700x700-1.png","width":700,"height":700,"caption":"L\u00f6wen Apotheke"},"image":{"@id":"https:\/\/www.loewen-apotheke24.com\/de\/#\/schema\/logo\/image\/"}}]}},"_links":{"self":[{"href":"https:\/\/www.loewen-apotheke24.com\/de\/wp-json\/wp\/v2\/product\/46225"}],"collection":[{"href":"https:\/\/www.loewen-apotheke24.com\/de\/wp-json\/wp\/v2\/product"}],"about":[{"href":"https:\/\/www.loewen-apotheke24.com\/de\/wp-json\/wp\/v2\/types\/product"}],"wp:featuredmedia":[{"embeddable":true,"href":"https:\/\/www.loewen-apotheke24.com\/de\/wp-json\/wp\/v2\/media\/103652"}],"wp:attachment":[{"href":"https:\/\/www.loewen-apotheke24.com\/de\/wp-json\/wp\/v2\/media?parent=46225"}],"wp:term":[{"taxonomy":"product_cat","embeddable":true,"href":"https:\/\/www.loewen-apotheke24.com\/de\/wp-json\/wp\/v2\/product_cat?post=46225"},{"taxonomy":"product_tag","embeddable":true,"href":"https:\/\/www.loewen-apotheke24.com\/de\/wp-json\/wp\/v2\/product_tag?post=46225"}],"curies":[{"name":"wp","href":"https:\/\/api.w.org\/{rel}","templated":true}]}}