{"id":46230,"date":"2022-06-27T20:32:38","date_gmt":"2022-06-27T19:32:38","guid":{"rendered":"https:\/\/www.loewen-apotheke24.com\/?post_type=product&#038;p=46230"},"modified":"2025-09-15T14:30:12","modified_gmt":"2025-09-15T13:30:12","slug":"grippostad-heissgetraenk","status":"publish","type":"product","link":"https:\/\/www.loewen-apotheke24.com\/de\/shop\/stada\/grippostad-heissgetraenk\/","title":{"rendered":"Grippostad Hei\u00dfgetr\u00e4nk"},"content":{"rendered":"<h3 style=\"text-align: left;\">Grippostad Hei\u00dfgetr\u00e4nk<\/h3>\n<p>Grippostad Hei\u00dfgetr\u00e4nk zur symptomatischen Behandlung von leichten bis m\u00e4\u00dfig starken Schmerzen, wie Kopfschmerzen, Zahnschmerzen, Regelschmerzen und\/oder von Fieber.<\/p>\n<p>Erk\u00e4ltungen beginnen h\u00e4ufig im Nasen-Rachenbereich. Die Verantwortlichen der verschiedenen Erk\u00e4ltungssymptome sind Viren, die \u00fcber die Atemwege in unseren K\u00f6rper gelangen. Die \u00dcbertragung erfolgt im Allgemeinen durch winzig kleine Fl\u00fcssigkeitstr\u00f6pfchen, die ein bereits erk\u00e4lteter Mensch beim Husten, Niesen oder Sprechen in gro\u00dfen Mengen in der Luft verteilt. Haben die Erk\u00e4ltungsviren erst einmal ihren Weg in den Organismus gefunden, lassen sie sich vor allem in den oberen Atemwegen nieder. Dort finden sie ideale Bedingungen, um sich schnell und millionenfach zu vermehren. Bereits 1 bis 2 Tage nach der Ansteckung treten die ersten Anzeichen der Krankheit auf. Da Viren nicht direkt bek\u00e4mpft werden k\u00f6nnen, konzentriert man sich auf die Behandlung der Symptome. Die meisten Erk\u00e4ltungen verlaufen ohne gr\u00f6\u00dfere Nachwirkungen, doch wenn sie verharmlost werden, k\u00f6nnen sie ernsthafte Folgeerkrankungen nach sich ziehen. Das Grippostad\u00ae Hei\u00dfgetr\u00e4nk eignet sich besonders in den ersten Tagen einer Erk\u00e4ltung. Paracetamol hilft Schmerzen zu lindern und das Fieber zu senken. Grippostad\u00ae Hei\u00dfgetr\u00e4nk enth\u00e4lt Vitamin C.<\/p>\n<h3 style=\"text-align: left;\">Anwendung:<\/h3>\n<p>&#8211;<\/p>\n<h3 style=\"text-align: left;\">Wirkstoffe:<\/h3>\n<p>600.0 mg Paracetamol.\u00a050.0 mg Ascorbins\u00e4ure 95.0 mg Aspartam Citronens\u00e4ure, wasserfrei Ethyl cellulose 3.8 g Saccharose Silicium dioxid, hochdispers 3.8 g Gesamt Kohlenhydrate Zitronen Aroma<\/p>\n<h3 style=\"text-align: left;\">Beipackzettel:<\/h3>\n<p><a href=\"https:\/\/www.loewen-apotheke24.com\/wp-content\/uploads\/2022\/07\/Grippstad-Heissgetraenk-Beipackzettel.pdf\">Grippstad Hei\u00dfgetr\u00e4nk Beipackzettel<\/a><\/p>\n<h3 style=\"text-align: left;\">Hinweise:<\/h3>\n<p>Weitere Produktdetails zum Grippostad Hei\u00dfgetr\u00e4nk finden Sie beim Hersteller<a href=\"https:\/\/www.grippostad.de\/erkaeltungsmittel\/grippostad-c-stickpack-trinkgranulat\"> Stada &#8211; Grippostad.<\/a><\/p>\n<p>Zu Risiken und Nebenwirkungen lesen Sie die Packungsbeilage und fragen Sie Ihren Arzt oder Apotheker.<\/p>\n","protected":false},"excerpt":{"rendered":"<h2>Grippostad Hei\u00dfgetr\u00e4nk<\/h2>\n<p>Grippostad Hei\u00dfgetr\u00e4nk. Das Grippostad\u00ae Hei\u00dfgetr\u00e4nk zur symptomatischen Behandlung von leichten bis m\u00e4\u00dfig starken Schmerzen wie Kopfschmerzen und\/oder Fieber.<\/p>\n<p><strong>PZN<\/strong>: 04548551 (Pharmazentralnummer)<\/p>\n<p><strong>Darreichungsform<\/strong>: 10 Beutel Pulver<\/p>\n<p><strong>Verordnungsart<\/strong>: Rezeptfrei<\/p>\n<p><strong>Hersteller<\/strong>:\u00a0<a href=\"https:\/\/www.loewen-apotheke24.com\/de\/product_tag\/stada\/\">STADA Arzneimittel AG<\/a> \/ EurimPharm Arzneimittel GmbH<\/p>\n<p><strong>Marke:<\/strong> <a href=\"https:\/\/www.loewen-apotheke24.com\/de\/product_tag\/grippostad\/\">Grippostad\u00ae<\/a><\/p>\n<p><strong>Inhalt\/Packungsgr\u00f6\u00dfe<\/strong>: 10 St\u00fcck<\/p>\n","protected":false},"featured_media":46221,"template":"","meta":[],"product_cat":[476],"product_tag":[426,475,461,474,469],"yoast_head":"<!-- This site is optimized with the Yoast SEO Premium plugin v21.0 (Yoast SEO v21.0) - https:\/\/yoast.com\/wordpress\/plugins\/seo\/ -->\n<title>Grippostad Hei\u00dfgetr\u00e4nk - L\u00f6wen Apotheke24<\/title>\n<meta name=\"description\" content=\"L\u00f6wen Apotheke24 - Spezialist f\u00fcr Naturheilkunde - kurze Lieferzeit - gratis Lieferung ab 30 \u20ac - Grippostad Hei\u00dfgetr\u00e4nk von Stada.\" \/>\n<meta name=\"robots\" content=\"index, follow, max-snippet:-1, max-image-preview:large, max-video-preview:-1\" \/>\n<link rel=\"canonical\" href=\"https:\/\/www.loewen-apotheke24.com\/de\/shop\/stada\/grippostad-heissgetraenk\/\" \/>\n<meta property=\"og:locale\" content=\"de_DE\" \/>\n<meta property=\"og:type\" content=\"article\" \/>\n<meta property=\"og:title\" content=\"Grippostad Hei\u00dfgetr\u00e4nk - L\u00f6wen Apotheke24\" \/>\n<meta property=\"og:description\" content=\"L\u00f6wen Apotheke24 - Spezialist f\u00fcr Naturheilkunde - kurze Lieferzeit - gratis Lieferung ab 30 \u20ac - Grippostad Hei\u00dfgetr\u00e4nk von Stada.\" \/>\n<meta property=\"og:url\" content=\"https:\/\/www.loewen-apotheke24.com\/de\/shop\/stada\/grippostad-heissgetraenk\/\" \/>\n<meta property=\"og:site_name\" content=\"L\u00f6wen Apotheke24\" \/>\n<meta property=\"article:modified_time\" content=\"2025-09-15T13:30:12+00:00\" \/>\n<meta property=\"og:image\" content=\"https:\/\/www.loewen-apotheke24.com\/wp-content\/uploads\/2022\/06\/Grippostad-Heissgetraenk-stada.jpg\" \/>\n\t<meta property=\"og:image:width\" content=\"600\" \/>\n\t<meta property=\"og:image:height\" content=\"600\" \/>\n\t<meta property=\"og:image:type\" content=\"image\/jpeg\" \/>\n<meta name=\"twitter:card\" content=\"summary_large_image\" \/>\n<meta name=\"twitter:label1\" content=\"Gesch\u00e4tzte Lesezeit\" \/>\n\t<meta name=\"twitter:data1\" content=\"2\u00a0Minuten\" \/>\n<script type=\"application\/ld+json\" class=\"yoast-schema-graph\">{\"@context\":\"https:\/\/schema.org\",\"@graph\":[{\"@type\":\"WebPage\",\"@id\":\"https:\/\/www.loewen-apotheke24.com\/de\/shop\/stada\/grippostad-heissgetraenk\/\",\"url\":\"https:\/\/www.loewen-apotheke24.com\/de\/shop\/stada\/grippostad-heissgetraenk\/\",\"name\":\"Grippostad Hei\u00dfgetr\u00e4nk - L\u00f6wen Apotheke24\",\"isPartOf\":{\"@id\":\"https:\/\/www.loewen-apotheke24.com\/de\/#website\"},\"datePublished\":\"2022-06-27T19:32:38+00:00\",\"dateModified\":\"2025-09-15T13:30:12+00:00\",\"description\":\"L\u00f6wen Apotheke24 - Spezialist f\u00fcr Naturheilkunde - kurze Lieferzeit - gratis Lieferung ab 30 \u20ac - Grippostad Hei\u00dfgetr\u00e4nk von Stada.\",\"breadcrumb\":{\"@id\":\"https:\/\/www.loewen-apotheke24.com\/de\/shop\/stada\/grippostad-heissgetraenk\/#breadcrumb\"},\"inLanguage\":\"de\",\"potentialAction\":[{\"@type\":\"ReadAction\",\"target\":[\"https:\/\/www.loewen-apotheke24.com\/de\/shop\/stada\/grippostad-heissgetraenk\/\"]}]},{\"@type\":\"BreadcrumbList\",\"@id\":\"https:\/\/www.loewen-apotheke24.com\/de\/shop\/stada\/grippostad-heissgetraenk\/#breadcrumb\",\"itemListElement\":[{\"@type\":\"ListItem\",\"position\":1,\"name\":\"Shop\",\"item\":\"https:\/\/www.loewen-apotheke24.com\/de\/shop\/\"},{\"@type\":\"ListItem\",\"position\":2,\"name\":\"Grippostad Hei\u00dfgetr\u00e4nk\"}]},{\"@type\":\"WebSite\",\"@id\":\"https:\/\/www.loewen-apotheke24.com\/de\/#website\",\"url\":\"https:\/\/www.loewen-apotheke24.com\/de\/\",\"name\":\"L\u00f6wen Apotheke24\",\"description\":\"Spezialist f\u00fcr Naturmedizin - Versandapotheke Baden-Baden\",\"publisher\":{\"@id\":\"https:\/\/www.loewen-apotheke24.com\/de\/#organization\"},\"potentialAction\":[{\"@type\":\"SearchAction\",\"target\":{\"@type\":\"EntryPoint\",\"urlTemplate\":\"https:\/\/www.loewen-apotheke24.com\/de\/?s={search_term_string}\"},\"query-input\":\"required name=search_term_string\"}],\"inLanguage\":\"de\"},{\"@type\":\"Organization\",\"@id\":\"https:\/\/www.loewen-apotheke24.com\/de\/#organization\",\"name\":\"L\u00f6wen Apotheke\",\"alternateName\":\"L\u00f6wen Apotheke\",\"url\":\"https:\/\/www.loewen-apotheke24.com\/de\/\",\"logo\":{\"@type\":\"ImageObject\",\"inLanguage\":\"de\",\"@id\":\"https:\/\/www.loewen-apotheke24.com\/de\/#\/schema\/logo\/image\/\",\"url\":\"https:\/\/www.loewen-apotheke24.com\/wp-content\/uploads\/2024\/02\/Logo-Loewen-Apotheke-700x700-1.png\",\"contentUrl\":\"https:\/\/www.loewen-apotheke24.com\/wp-content\/uploads\/2024\/02\/Logo-Loewen-Apotheke-700x700-1.png\",\"width\":700,\"height\":700,\"caption\":\"L\u00f6wen Apotheke\"},\"image\":{\"@id\":\"https:\/\/www.loewen-apotheke24.com\/de\/#\/schema\/logo\/image\/\"}}]}<\/script>\n<!-- \/ Yoast SEO Premium plugin. -->","yoast_head_json":{"title":"Grippostad Hei\u00dfgetr\u00e4nk - L\u00f6wen Apotheke24","description":"L\u00f6wen Apotheke24 - Spezialist f\u00fcr Naturheilkunde - kurze Lieferzeit - gratis Lieferung ab 30 \u20ac - Grippostad Hei\u00dfgetr\u00e4nk von Stada.","robots":{"index":"index","follow":"follow","max-snippet":"max-snippet:-1","max-image-preview":"max-image-preview:large","max-video-preview":"max-video-preview:-1"},"canonical":"https:\/\/www.loewen-apotheke24.com\/de\/shop\/stada\/grippostad-heissgetraenk\/","og_locale":"de_DE","og_type":"article","og_title":"Grippostad Hei\u00dfgetr\u00e4nk - L\u00f6wen Apotheke24","og_description":"L\u00f6wen Apotheke24 - Spezialist f\u00fcr Naturheilkunde - kurze Lieferzeit - gratis Lieferung ab 30 \u20ac - Grippostad Hei\u00dfgetr\u00e4nk von Stada.","og_url":"https:\/\/www.loewen-apotheke24.com\/de\/shop\/stada\/grippostad-heissgetraenk\/","og_site_name":"L\u00f6wen Apotheke24","article_modified_time":"2025-09-15T13:30:12+00:00","og_image":[{"width":600,"height":600,"url":"https:\/\/www.loewen-apotheke24.com\/wp-content\/uploads\/2022\/06\/Grippostad-Heissgetraenk-stada.jpg","type":"image\/jpeg"}],"twitter_card":"summary_large_image","twitter_misc":{"Gesch\u00e4tzte Lesezeit":"2\u00a0Minuten"},"schema":{"@context":"https:\/\/schema.org","@graph":[{"@type":"WebPage","@id":"https:\/\/www.loewen-apotheke24.com\/de\/shop\/stada\/grippostad-heissgetraenk\/","url":"https:\/\/www.loewen-apotheke24.com\/de\/shop\/stada\/grippostad-heissgetraenk\/","name":"Grippostad Hei\u00dfgetr\u00e4nk - L\u00f6wen Apotheke24","isPartOf":{"@id":"https:\/\/www.loewen-apotheke24.com\/de\/#website"},"datePublished":"2022-06-27T19:32:38+00:00","dateModified":"2025-09-15T13:30:12+00:00","description":"L\u00f6wen Apotheke24 - Spezialist f\u00fcr Naturheilkunde - kurze Lieferzeit - gratis Lieferung ab 30 \u20ac - Grippostad Hei\u00dfgetr\u00e4nk von Stada.","breadcrumb":{"@id":"https:\/\/www.loewen-apotheke24.com\/de\/shop\/stada\/grippostad-heissgetraenk\/#breadcrumb"},"inLanguage":"de","potentialAction":[{"@type":"ReadAction","target":["https:\/\/www.loewen-apotheke24.com\/de\/shop\/stada\/grippostad-heissgetraenk\/"]}]},{"@type":"BreadcrumbList","@id":"https:\/\/www.loewen-apotheke24.com\/de\/shop\/stada\/grippostad-heissgetraenk\/#breadcrumb","itemListElement":[{"@type":"ListItem","position":1,"name":"Shop","item":"https:\/\/www.loewen-apotheke24.com\/de\/shop\/"},{"@type":"ListItem","position":2,"name":"Grippostad Hei\u00dfgetr\u00e4nk"}]},{"@type":"WebSite","@id":"https:\/\/www.loewen-apotheke24.com\/de\/#website","url":"https:\/\/www.loewen-apotheke24.com\/de\/","name":"L\u00f6wen Apotheke24","description":"Spezialist f\u00fcr Naturmedizin - Versandapotheke Baden-Baden","publisher":{"@id":"https:\/\/www.loewen-apotheke24.com\/de\/#organization"},"potentialAction":[{"@type":"SearchAction","target":{"@type":"EntryPoint","urlTemplate":"https:\/\/www.loewen-apotheke24.com\/de\/?s={search_term_string}"},"query-input":"required name=search_term_string"}],"inLanguage":"de"},{"@type":"Organization","@id":"https:\/\/www.loewen-apotheke24.com\/de\/#organization","name":"L\u00f6wen Apotheke","alternateName":"L\u00f6wen Apotheke","url":"https:\/\/www.loewen-apotheke24.com\/de\/","logo":{"@type":"ImageObject","inLanguage":"de","@id":"https:\/\/www.loewen-apotheke24.com\/de\/#\/schema\/logo\/image\/","url":"https:\/\/www.loewen-apotheke24.com\/wp-content\/uploads\/2024\/02\/Logo-Loewen-Apotheke-700x700-1.png","contentUrl":"https:\/\/www.loewen-apotheke24.com\/wp-content\/uploads\/2024\/02\/Logo-Loewen-Apotheke-700x700-1.png","width":700,"height":700,"caption":"L\u00f6wen Apotheke"},"image":{"@id":"https:\/\/www.loewen-apotheke24.com\/de\/#\/schema\/logo\/image\/"}}]}},"_links":{"self":[{"href":"https:\/\/www.loewen-apotheke24.com\/de\/wp-json\/wp\/v2\/product\/46230"}],"collection":[{"href":"https:\/\/www.loewen-apotheke24.com\/de\/wp-json\/wp\/v2\/product"}],"about":[{"href":"https:\/\/www.loewen-apotheke24.com\/de\/wp-json\/wp\/v2\/types\/product"}],"wp:featuredmedia":[{"embeddable":true,"href":"https:\/\/www.loewen-apotheke24.com\/de\/wp-json\/wp\/v2\/media\/46221"}],"wp:attachment":[{"href":"https:\/\/www.loewen-apotheke24.com\/de\/wp-json\/wp\/v2\/media?parent=46230"}],"wp:term":[{"taxonomy":"product_cat","embeddable":true,"href":"https:\/\/www.loewen-apotheke24.com\/de\/wp-json\/wp\/v2\/product_cat?post=46230"},{"taxonomy":"product_tag","embeddable":true,"href":"https:\/\/www.loewen-apotheke24.com\/de\/wp-json\/wp\/v2\/product_tag?post=46230"}],"curies":[{"name":"wp","href":"https:\/\/api.w.org\/{rel}","templated":true}]}}